{"id":9641,"date":"2024-11-11T14:35:05","date_gmt":"2024-11-11T13:35:05","guid":{"rendered":"https:\/\/hi-nd.com\/product\/takfaste-for-vajerlosning\/"},"modified":"2024-11-11T14:35:05","modified_gmt":"2024-11-11T13:35:05","slug":"takfaste-for-vajerlosning","status":"publish","type":"product","link":"https:\/\/hi-nd.com\/sv\/produkt\/takfaste-for-vajerlosning\/","title":{"rendered":"Takf\u00e4ste f\u00f6r vajerl\u00f6sning"},"content":{"rendered":"<table style=\"height: 100px;\" width=\"773\">\n<tbody>\n<tr>\n<td width=\"150\">Part number<\/td>\n<td width=\"230 \">Description<\/td>\n<td width=\"330 \">Compatible screens<\/td>\n<td width=\"73\">Color<\/td>\n<\/tr>\n<tr>\n<td> VF0011-0101-01<\/td>\n<td> Takf\u00e4ste f\u00f6r vajerl\u00f6sning<\/td>\n<td> 43&#8243;-75&#8243;<\/td>\n<td> Vit<\/td>\n<\/tr>\n<tr>\n<td> VF0011-0101-02<\/td>\n<td> Takf\u00e4ste f\u00f6r vajerl\u00f6sning<\/td>\n<td> 43&#8243;-75&#8243;<\/td>\n<td> Svart<\/td>\n<\/tr>\n<\/tbody>\n<\/table>\n","protected":false},"excerpt":{"rendered":"<p>Detta takf\u00e4ste f\u00f6r vajerl\u00f6sning kan anv\u00e4ndas med <a href=\"https:\/\/hi-nd.com\/product\/wire-for-ceiling-casing\/\">HI-ND vajerkit<\/a>. Det kan anv\u00e4ndas med 43&#8243;-75&#8243; (max 100 kg) sk\u00e4rmar och finns i svart och vitt. Den \u00e4r 90 cm bred och v\u00e4ger 3 kg.  <\/p>\n","protected":false},"featured_media":7938,"template":"","meta":[],"product_brand":[],"product_cat":[96,98],"product_tag":[],"class_list":{"0":"post-9641","1":"product","2":"type-product","3":"status-publish","4":"has-post-thumbnail","6":"product_cat-tak-sv","7":"product_cat-takmontering","9":"first","10":"instock","11":"shipping-taxable","12":"product-type-simple"},"yoast_head":"<!-- This site is optimized with the Yoast SEO plugin v27.3 - https:\/\/yoast.com\/product\/yoast-seo-wordpress\/ -->\n<title>Takf\u00e4ste f\u00f6r vajerl\u00f6sning - HI-ND<\/title>\n<meta name=\"robots\" content=\"index, follow, max-snippet:-1, max-image-preview:large, max-video-preview:-1\" \/>\n<link rel=\"canonical\" href=\"https:\/\/hi-nd.com\/sv\/produkt\/takfaste-for-vajerlosning\/\" \/>\n<meta property=\"og:locale\" content=\"sv_SE\" \/>\n<meta property=\"og:type\" content=\"article\" \/>\n<meta property=\"og:title\" content=\"Takf\u00e4ste f\u00f6r vajerl\u00f6sning - HI-ND\" \/>\n<meta property=\"og:description\" content=\"Detta takf\u00e4ste f\u00f6r vajerl\u00f6sning kan anv\u00e4ndas med HI-ND vajerkit. Det kan anv\u00e4ndas med 43&quot;-75&quot; (max 100 kg) sk\u00e4rmar och finns i svart och vitt. Den \u00e4r 90 cm bred och v\u00e4ger 3 kg.\" \/>\n<meta property=\"og:url\" content=\"https:\/\/hi-nd.com\/sv\/produkt\/takfaste-for-vajerlosning\/\" \/>\n<meta property=\"og:site_name\" content=\"HI-ND\" \/>\n<meta property=\"og:image\" content=\"https:\/\/hi-nd.com\/wp-content\/uploads\/2024\/11\/VF0011-0101-01-750x750-1.png\" \/>\n\t<meta property=\"og:image:width\" content=\"2160\" \/>\n\t<meta property=\"og:image:height\" content=\"2160\" \/>\n\t<meta property=\"og:image:type\" content=\"image\/png\" \/>\n<meta name=\"twitter:card\" content=\"summary_large_image\" \/>\n<script type=\"application\/ld+json\" class=\"yoast-schema-graph\">{\"@context\":\"https:\\\/\\\/schema.org\",\"@graph\":[{\"@type\":\"WebPage\",\"@id\":\"https:\\\/\\\/hi-nd.com\\\/sv\\\/produkt\\\/takfaste-for-vajerlosning\\\/\",\"url\":\"https:\\\/\\\/hi-nd.com\\\/sv\\\/produkt\\\/takfaste-for-vajerlosning\\\/\",\"name\":\"Takf\u00e4ste f\u00f6r vajerl\u00f6sning - HI-ND\",\"isPartOf\":{\"@id\":\"https:\\\/\\\/hi-nd.com\\\/#website\"},\"primaryImageOfPage\":{\"@id\":\"https:\\\/\\\/hi-nd.com\\\/sv\\\/produkt\\\/takfaste-for-vajerlosning\\\/#primaryimage\"},\"image\":{\"@id\":\"https:\\\/\\\/hi-nd.com\\\/sv\\\/produkt\\\/takfaste-for-vajerlosning\\\/#primaryimage\"},\"thumbnailUrl\":\"https:\\\/\\\/hi-nd.com\\\/wp-content\\\/uploads\\\/2024\\\/11\\\/VF0011-0101-01-750x750-1.png\",\"datePublished\":\"2024-11-11T13:35:05+00:00\",\"breadcrumb\":{\"@id\":\"https:\\\/\\\/hi-nd.com\\\/sv\\\/produkt\\\/takfaste-for-vajerlosning\\\/#breadcrumb\"},\"inLanguage\":\"sv-SE\",\"potentialAction\":[{\"@type\":\"ReadAction\",\"target\":[\"https:\\\/\\\/hi-nd.com\\\/sv\\\/produkt\\\/takfaste-for-vajerlosning\\\/\"]}]},{\"@type\":\"ImageObject\",\"inLanguage\":\"sv-SE\",\"@id\":\"https:\\\/\\\/hi-nd.com\\\/sv\\\/produkt\\\/takfaste-for-vajerlosning\\\/#primaryimage\",\"url\":\"https:\\\/\\\/hi-nd.com\\\/wp-content\\\/uploads\\\/2024\\\/11\\\/VF0011-0101-01-750x750-1.png\",\"contentUrl\":\"https:\\\/\\\/hi-nd.com\\\/wp-content\\\/uploads\\\/2024\\\/11\\\/VF0011-0101-01-750x750-1.png\",\"width\":2160,\"height\":2160,\"caption\":\"takf\u00e4ste f\u00f6r kabel\"},{\"@type\":\"BreadcrumbList\",\"@id\":\"https:\\\/\\\/hi-nd.com\\\/sv\\\/produkt\\\/takfaste-for-vajerlosning\\\/#breadcrumb\",\"itemListElement\":[{\"@type\":\"ListItem\",\"position\":1,\"name\":\"Home\",\"item\":\"https:\\\/\\\/hi-nd.com\\\/sv\\\/\"},{\"@type\":\"ListItem\",\"position\":2,\"name\":\"Butik\",\"item\":\"https:\\\/\\\/hi-nd.com\\\/sv\\\/butik\\\/\"},{\"@type\":\"ListItem\",\"position\":3,\"name\":\"Takf\u00e4ste f\u00f6r vajerl\u00f6sning\"}]},{\"@type\":\"WebSite\",\"@id\":\"https:\\\/\\\/hi-nd.com\\\/#website\",\"url\":\"https:\\\/\\\/hi-nd.com\\\/\",\"name\":\"HI-ND\",\"description\":\"Mounting Solutions\",\"potentialAction\":[{\"@type\":\"SearchAction\",\"target\":{\"@type\":\"EntryPoint\",\"urlTemplate\":\"https:\\\/\\\/hi-nd.com\\\/?s={search_term_string}\"},\"query-input\":{\"@type\":\"PropertyValueSpecification\",\"valueRequired\":true,\"valueName\":\"search_term_string\"}}],\"inLanguage\":\"sv-SE\"}]}<\/script>\n<!-- \/ Yoast SEO plugin. -->","yoast_head_json":{"title":"Takf\u00e4ste f\u00f6r vajerl\u00f6sning - HI-ND","robots":{"index":"index","follow":"follow","max-snippet":"max-snippet:-1","max-image-preview":"max-image-preview:large","max-video-preview":"max-video-preview:-1"},"canonical":"https:\/\/hi-nd.com\/sv\/produkt\/takfaste-for-vajerlosning\/","og_locale":"sv_SE","og_type":"article","og_title":"Takf\u00e4ste f\u00f6r vajerl\u00f6sning - HI-ND","og_description":"Detta takf\u00e4ste f\u00f6r vajerl\u00f6sning kan anv\u00e4ndas med HI-ND vajerkit. Det kan anv\u00e4ndas med 43\"-75\" (max 100 kg) sk\u00e4rmar och finns i svart och vitt. Den \u00e4r 90 cm bred och v\u00e4ger 3 kg.","og_url":"https:\/\/hi-nd.com\/sv\/produkt\/takfaste-for-vajerlosning\/","og_site_name":"HI-ND","og_image":[{"width":2160,"height":2160,"url":"https:\/\/hi-nd.com\/wp-content\/uploads\/2024\/11\/VF0011-0101-01-750x750-1.png","type":"image\/png"}],"twitter_card":"summary_large_image","schema":{"@context":"https:\/\/schema.org","@graph":[{"@type":"WebPage","@id":"https:\/\/hi-nd.com\/sv\/produkt\/takfaste-for-vajerlosning\/","url":"https:\/\/hi-nd.com\/sv\/produkt\/takfaste-for-vajerlosning\/","name":"Takf\u00e4ste f\u00f6r vajerl\u00f6sning - HI-ND","isPartOf":{"@id":"https:\/\/hi-nd.com\/#website"},"primaryImageOfPage":{"@id":"https:\/\/hi-nd.com\/sv\/produkt\/takfaste-for-vajerlosning\/#primaryimage"},"image":{"@id":"https:\/\/hi-nd.com\/sv\/produkt\/takfaste-for-vajerlosning\/#primaryimage"},"thumbnailUrl":"https:\/\/hi-nd.com\/wp-content\/uploads\/2024\/11\/VF0011-0101-01-750x750-1.png","datePublished":"2024-11-11T13:35:05+00:00","breadcrumb":{"@id":"https:\/\/hi-nd.com\/sv\/produkt\/takfaste-for-vajerlosning\/#breadcrumb"},"inLanguage":"sv-SE","potentialAction":[{"@type":"ReadAction","target":["https:\/\/hi-nd.com\/sv\/produkt\/takfaste-for-vajerlosning\/"]}]},{"@type":"ImageObject","inLanguage":"sv-SE","@id":"https:\/\/hi-nd.com\/sv\/produkt\/takfaste-for-vajerlosning\/#primaryimage","url":"https:\/\/hi-nd.com\/wp-content\/uploads\/2024\/11\/VF0011-0101-01-750x750-1.png","contentUrl":"https:\/\/hi-nd.com\/wp-content\/uploads\/2024\/11\/VF0011-0101-01-750x750-1.png","width":2160,"height":2160,"caption":"takf\u00e4ste f\u00f6r kabel"},{"@type":"BreadcrumbList","@id":"https:\/\/hi-nd.com\/sv\/produkt\/takfaste-for-vajerlosning\/#breadcrumb","itemListElement":[{"@type":"ListItem","position":1,"name":"Home","item":"https:\/\/hi-nd.com\/sv\/"},{"@type":"ListItem","position":2,"name":"Butik","item":"https:\/\/hi-nd.com\/sv\/butik\/"},{"@type":"ListItem","position":3,"name":"Takf\u00e4ste f\u00f6r vajerl\u00f6sning"}]},{"@type":"WebSite","@id":"https:\/\/hi-nd.com\/#website","url":"https:\/\/hi-nd.com\/","name":"HI-ND","description":"Mounting Solutions","potentialAction":[{"@type":"SearchAction","target":{"@type":"EntryPoint","urlTemplate":"https:\/\/hi-nd.com\/?s={search_term_string}"},"query-input":{"@type":"PropertyValueSpecification","valueRequired":true,"valueName":"search_term_string"}}],"inLanguage":"sv-SE"}]}},"_links":{"self":[{"href":"https:\/\/hi-nd.com\/sv\/wp-json\/wp\/v2\/product\/9641","targetHints":{"allow":["GET"]}}],"collection":[{"href":"https:\/\/hi-nd.com\/sv\/wp-json\/wp\/v2\/product"}],"about":[{"href":"https:\/\/hi-nd.com\/sv\/wp-json\/wp\/v2\/types\/product"}],"wp:featuredmedia":[{"embeddable":true,"href":"https:\/\/hi-nd.com\/sv\/wp-json\/wp\/v2\/media\/7938"}],"wp:attachment":[{"href":"https:\/\/hi-nd.com\/sv\/wp-json\/wp\/v2\/media?parent=9641"}],"wp:term":[{"taxonomy":"product_brand","embeddable":true,"href":"https:\/\/hi-nd.com\/sv\/wp-json\/wp\/v2\/product_brand?post=9641"},{"taxonomy":"product_cat","embeddable":true,"href":"https:\/\/hi-nd.com\/sv\/wp-json\/wp\/v2\/product_cat?post=9641"},{"taxonomy":"product_tag","embeddable":true,"href":"https:\/\/hi-nd.com\/sv\/wp-json\/wp\/v2\/product_tag?post=9641"}],"curies":[{"name":"wp","href":"https:\/\/api.w.org\/{rel}","templated":true}]}}