{"id":9469,"date":"2026-01-16T09:02:34","date_gmt":"2026-01-16T08:02:34","guid":{"rendered":"https:\/\/hi-nd.com\/?post_type=product&#038;p=9469"},"modified":"2026-01-23T13:42:50","modified_gmt":"2026-01-23T12:42:50","slug":"enkel-totem-exklusiv-copy","status":"publish","type":"product","link":"https:\/\/hi-nd.com\/sv\/produkt\/enkel-totem-exklusiv-copy\/","title":{"rendered":"Singeltotem Edge"},"content":{"rendered":"<table style=\"font-size: 14.4px;\" width=\"800\">\n<tbody>\n<tr>\n<td width=\"150\">Artikelnummer<\/td>\n<td width=\"600\">Beskrivning<\/td>\n<td width=\"85\">F\u00e4rg<\/td>\n<\/tr>\n<tr>\n<td>ST5500-7501-01<\/td>\n<td> Enkel Totem Edge<\/td>\n<td> vit<\/td>\n<\/tr>\n<tr>\n<td>ST5500-7501-02<\/td>\n<td> Enkel totem Edge<\/td>\n<td> Svart<\/td>\n<\/tr>\n<\/tbody>\n<\/table>\n","protected":false},"excerpt":{"rendered":"<p>V\u00e5r Singeltotem Edge f\u00f6r inomhusbruk \u00e4r den perfekta l\u00f6sningen f\u00f6r lobbyer, restauranger, butiker och offentliga utrymmen. Standardf\u00e4rgerna \u00e4r svart och vitt men kan best\u00e4llas i andra f\u00e4rger. Fotplattan m\u00e5ste vara inkopplad.  <\/p>\n<ul>\n<li>Displaystorlekar: 55&#8243;<\/li>\n<li>Utformad f\u00f6r Samsung QMC och LG UH5N<\/li>\n<li>Front\u00e5tkomst<\/li>\n<li>Plats f\u00f6r dator och router p\u00e5 insidan<\/li>\n<li>Anpassade alternativ<em> <\/em>\n<ul>\n<li><em>Olika pulverlackeringar<\/em><\/li>\n<\/ul>\n<\/li>\n<\/ul>\n","protected":false},"featured_media":9511,"template":"","meta":[],"product_brand":[],"product_cat":[67,70],"product_tag":[73],"class_list":{"0":"post-9469","1":"product","2":"type-product","3":"status-publish","4":"has-post-thumbnail","6":"product_cat-golv-sv","7":"product_cat-totem-sv","8":"product_tag-digital-skyltning-pa-golv","10":"first","11":"instock","12":"shipping-taxable","13":"product-type-simple"},"yoast_head":"<!-- This site is optimized with the Yoast SEO plugin v27.3 - https:\/\/yoast.com\/product\/yoast-seo-wordpress\/ -->\n<title>Singeltotem Edge - HI-ND<\/title>\n<meta name=\"description\" content=\"HI-ND Singeltotem Edge f\u00f6r inomhusbruk \u00e4r utformad f\u00f6r att ge kunderna frihet att utforma en totem med ett unikt utseende. Finns i olika f\u00e4rger.\" \/>\n<meta name=\"robots\" content=\"index, follow, max-snippet:-1, max-image-preview:large, max-video-preview:-1\" \/>\n<link rel=\"canonical\" href=\"https:\/\/hi-nd.com\/sv\/produkt\/enkel-totem-exklusiv-copy\/\" \/>\n<meta property=\"og:locale\" content=\"sv_SE\" \/>\n<meta property=\"og:type\" content=\"article\" \/>\n<meta property=\"og:title\" content=\"Singeltotem Edge - HI-ND\" \/>\n<meta property=\"og:description\" content=\"HI-ND Singeltotem Edge f\u00f6r inomhusbruk \u00e4r utformad f\u00f6r att ge kunderna frihet att utforma en totem med ett unikt utseende. Finns i olika f\u00e4rger.\" \/>\n<meta property=\"og:url\" content=\"https:\/\/hi-nd.com\/sv\/produkt\/enkel-totem-exklusiv-copy\/\" \/>\n<meta property=\"og:site_name\" content=\"HI-ND\" \/>\n<meta property=\"article:modified_time\" content=\"2026-01-23T12:42:50+00:00\" \/>\n<meta property=\"og:image\" content=\"https:\/\/hi-nd.com\/wp-content\/uploads\/2026\/01\/ST5500-7501_01-750x750-1.jpg\" \/>\n\t<meta property=\"og:image:width\" content=\"750\" \/>\n\t<meta property=\"og:image:height\" content=\"750\" \/>\n\t<meta property=\"og:image:type\" content=\"image\/jpeg\" \/>\n<meta name=\"twitter:card\" content=\"summary_large_image\" \/>\n<script type=\"application\/ld+json\" class=\"yoast-schema-graph\">{\"@context\":\"https:\\\/\\\/schema.org\",\"@graph\":[{\"@type\":\"WebPage\",\"@id\":\"https:\\\/\\\/hi-nd.com\\\/sv\\\/produkt\\\/enkel-totem-exklusiv-copy\\\/\",\"url\":\"https:\\\/\\\/hi-nd.com\\\/sv\\\/produkt\\\/enkel-totem-exklusiv-copy\\\/\",\"name\":\"Singeltotem Edge - HI-ND\",\"isPartOf\":{\"@id\":\"https:\\\/\\\/hi-nd.com\\\/#website\"},\"primaryImageOfPage\":{\"@id\":\"https:\\\/\\\/hi-nd.com\\\/sv\\\/produkt\\\/enkel-totem-exklusiv-copy\\\/#primaryimage\"},\"image\":{\"@id\":\"https:\\\/\\\/hi-nd.com\\\/sv\\\/produkt\\\/enkel-totem-exklusiv-copy\\\/#primaryimage\"},\"thumbnailUrl\":\"https:\\\/\\\/hi-nd.com\\\/wp-content\\\/uploads\\\/2026\\\/01\\\/ST5500-7501_01-750x750-1.jpg\",\"datePublished\":\"2026-01-16T08:02:34+00:00\",\"dateModified\":\"2026-01-23T12:42:50+00:00\",\"description\":\"HI-ND Singeltotem Edge f\u00f6r inomhusbruk \u00e4r utformad f\u00f6r att ge kunderna frihet att utforma en totem med ett unikt utseende. Finns i olika f\u00e4rger.\",\"breadcrumb\":{\"@id\":\"https:\\\/\\\/hi-nd.com\\\/sv\\\/produkt\\\/enkel-totem-exklusiv-copy\\\/#breadcrumb\"},\"inLanguage\":\"sv-SE\",\"potentialAction\":[{\"@type\":\"ReadAction\",\"target\":[\"https:\\\/\\\/hi-nd.com\\\/sv\\\/produkt\\\/enkel-totem-exklusiv-copy\\\/\"]}]},{\"@type\":\"ImageObject\",\"inLanguage\":\"sv-SE\",\"@id\":\"https:\\\/\\\/hi-nd.com\\\/sv\\\/produkt\\\/enkel-totem-exklusiv-copy\\\/#primaryimage\",\"url\":\"https:\\\/\\\/hi-nd.com\\\/wp-content\\\/uploads\\\/2026\\\/01\\\/ST5500-7501_01-750x750-1.jpg\",\"contentUrl\":\"https:\\\/\\\/hi-nd.com\\\/wp-content\\\/uploads\\\/2026\\\/01\\\/ST5500-7501_01-750x750-1.jpg\",\"width\":750,\"height\":750,\"caption\":\"ST5500-7501-02\"},{\"@type\":\"BreadcrumbList\",\"@id\":\"https:\\\/\\\/hi-nd.com\\\/sv\\\/produkt\\\/enkel-totem-exklusiv-copy\\\/#breadcrumb\",\"itemListElement\":[{\"@type\":\"ListItem\",\"position\":1,\"name\":\"Home\",\"item\":\"https:\\\/\\\/hi-nd.com\\\/sv\\\/\"},{\"@type\":\"ListItem\",\"position\":2,\"name\":\"Butik\",\"item\":\"https:\\\/\\\/hi-nd.com\\\/sv\\\/butik\\\/\"},{\"@type\":\"ListItem\",\"position\":3,\"name\":\"Singeltotem Edge\"}]},{\"@type\":\"WebSite\",\"@id\":\"https:\\\/\\\/hi-nd.com\\\/#website\",\"url\":\"https:\\\/\\\/hi-nd.com\\\/\",\"name\":\"HI-ND\",\"description\":\"Mounting Solutions\",\"potentialAction\":[{\"@type\":\"SearchAction\",\"target\":{\"@type\":\"EntryPoint\",\"urlTemplate\":\"https:\\\/\\\/hi-nd.com\\\/?s={search_term_string}\"},\"query-input\":{\"@type\":\"PropertyValueSpecification\",\"valueRequired\":true,\"valueName\":\"search_term_string\"}}],\"inLanguage\":\"sv-SE\"}]}<\/script>\n<!-- \/ Yoast SEO plugin. -->","yoast_head_json":{"title":"Singeltotem Edge - HI-ND","description":"HI-ND Singeltotem Edge f\u00f6r inomhusbruk \u00e4r utformad f\u00f6r att ge kunderna frihet att utforma en totem med ett unikt utseende. Finns i olika f\u00e4rger.","robots":{"index":"index","follow":"follow","max-snippet":"max-snippet:-1","max-image-preview":"max-image-preview:large","max-video-preview":"max-video-preview:-1"},"canonical":"https:\/\/hi-nd.com\/sv\/produkt\/enkel-totem-exklusiv-copy\/","og_locale":"sv_SE","og_type":"article","og_title":"Singeltotem Edge - HI-ND","og_description":"HI-ND Singeltotem Edge f\u00f6r inomhusbruk \u00e4r utformad f\u00f6r att ge kunderna frihet att utforma en totem med ett unikt utseende. Finns i olika f\u00e4rger.","og_url":"https:\/\/hi-nd.com\/sv\/produkt\/enkel-totem-exklusiv-copy\/","og_site_name":"HI-ND","article_modified_time":"2026-01-23T12:42:50+00:00","og_image":[{"width":750,"height":750,"url":"https:\/\/hi-nd.com\/wp-content\/uploads\/2026\/01\/ST5500-7501_01-750x750-1.jpg","type":"image\/jpeg"}],"twitter_card":"summary_large_image","schema":{"@context":"https:\/\/schema.org","@graph":[{"@type":"WebPage","@id":"https:\/\/hi-nd.com\/sv\/produkt\/enkel-totem-exklusiv-copy\/","url":"https:\/\/hi-nd.com\/sv\/produkt\/enkel-totem-exklusiv-copy\/","name":"Singeltotem Edge - HI-ND","isPartOf":{"@id":"https:\/\/hi-nd.com\/#website"},"primaryImageOfPage":{"@id":"https:\/\/hi-nd.com\/sv\/produkt\/enkel-totem-exklusiv-copy\/#primaryimage"},"image":{"@id":"https:\/\/hi-nd.com\/sv\/produkt\/enkel-totem-exklusiv-copy\/#primaryimage"},"thumbnailUrl":"https:\/\/hi-nd.com\/wp-content\/uploads\/2026\/01\/ST5500-7501_01-750x750-1.jpg","datePublished":"2026-01-16T08:02:34+00:00","dateModified":"2026-01-23T12:42:50+00:00","description":"HI-ND Singeltotem Edge f\u00f6r inomhusbruk \u00e4r utformad f\u00f6r att ge kunderna frihet att utforma en totem med ett unikt utseende. Finns i olika f\u00e4rger.","breadcrumb":{"@id":"https:\/\/hi-nd.com\/sv\/produkt\/enkel-totem-exklusiv-copy\/#breadcrumb"},"inLanguage":"sv-SE","potentialAction":[{"@type":"ReadAction","target":["https:\/\/hi-nd.com\/sv\/produkt\/enkel-totem-exklusiv-copy\/"]}]},{"@type":"ImageObject","inLanguage":"sv-SE","@id":"https:\/\/hi-nd.com\/sv\/produkt\/enkel-totem-exklusiv-copy\/#primaryimage","url":"https:\/\/hi-nd.com\/wp-content\/uploads\/2026\/01\/ST5500-7501_01-750x750-1.jpg","contentUrl":"https:\/\/hi-nd.com\/wp-content\/uploads\/2026\/01\/ST5500-7501_01-750x750-1.jpg","width":750,"height":750,"caption":"ST5500-7501-02"},{"@type":"BreadcrumbList","@id":"https:\/\/hi-nd.com\/sv\/produkt\/enkel-totem-exklusiv-copy\/#breadcrumb","itemListElement":[{"@type":"ListItem","position":1,"name":"Home","item":"https:\/\/hi-nd.com\/sv\/"},{"@type":"ListItem","position":2,"name":"Butik","item":"https:\/\/hi-nd.com\/sv\/butik\/"},{"@type":"ListItem","position":3,"name":"Singeltotem Edge"}]},{"@type":"WebSite","@id":"https:\/\/hi-nd.com\/#website","url":"https:\/\/hi-nd.com\/","name":"HI-ND","description":"Mounting Solutions","potentialAction":[{"@type":"SearchAction","target":{"@type":"EntryPoint","urlTemplate":"https:\/\/hi-nd.com\/?s={search_term_string}"},"query-input":{"@type":"PropertyValueSpecification","valueRequired":true,"valueName":"search_term_string"}}],"inLanguage":"sv-SE"}]}},"_links":{"self":[{"href":"https:\/\/hi-nd.com\/sv\/wp-json\/wp\/v2\/product\/9469","targetHints":{"allow":["GET"]}}],"collection":[{"href":"https:\/\/hi-nd.com\/sv\/wp-json\/wp\/v2\/product"}],"about":[{"href":"https:\/\/hi-nd.com\/sv\/wp-json\/wp\/v2\/types\/product"}],"wp:featuredmedia":[{"embeddable":true,"href":"https:\/\/hi-nd.com\/sv\/wp-json\/wp\/v2\/media\/9511"}],"wp:attachment":[{"href":"https:\/\/hi-nd.com\/sv\/wp-json\/wp\/v2\/media?parent=9469"}],"wp:term":[{"taxonomy":"product_brand","embeddable":true,"href":"https:\/\/hi-nd.com\/sv\/wp-json\/wp\/v2\/product_brand?post=9469"},{"taxonomy":"product_cat","embeddable":true,"href":"https:\/\/hi-nd.com\/sv\/wp-json\/wp\/v2\/product_cat?post=9469"},{"taxonomy":"product_tag","embeddable":true,"href":"https:\/\/hi-nd.com\/sv\/wp-json\/wp\/v2\/product_tag?post=9469"}],"curies":[{"name":"wp","href":"https:\/\/api.w.org\/{rel}","templated":true}]}}