{"id":9389,"date":"2025-12-08T13:00:08","date_gmt":"2025-12-08T12:00:08","guid":{"rendered":"https:\/\/hi-nd.com\/?post_type=product&#038;p=9389"},"modified":"2026-01-23T13:43:58","modified_gmt":"2026-01-23T12:43:58","slug":"takmontering-for-takholje-copy-copy-2","status":"publish","type":"product","link":"https:\/\/hi-nd.com\/sv\/produkt\/takmontering-for-takholje-copy-copy-2\/","title":{"rendered":"F\u00f6rl\u00e4ngningsr\u00f6r f\u00f6r takmontering"},"content":{"rendered":"<table style=\"height: 150px;\" width=\"648\">\n<tbody>\n<tr>\n<td width=\"149\">Artikelnummer<\/td>\n<td width=\"391\"> Beskrivning<\/td>\n<td width=\"127\">F\u00e4rg<\/td>\n<\/tr>\n<tr>\n<td>CM5000-5135-01<\/td>\n<td> F\u00f6rl\u00e4ngningsr\u00f6r, 100 cm<\/td>\n<td> Vit<\/td>\n<\/tr>\n<tr>\n<td>CM5000-5135-02<\/td>\n<td> F\u00f6rl\u00e4ngningsr\u00f6r, 100 cm<\/td>\n<td> Svart<\/td>\n<\/tr>\n<\/tbody>\n<\/table>\n<p>&nbsp;<\/p>\n","protected":false},"excerpt":{"rendered":"<p>De 100 cm l\u00e5nga f\u00f6rl\u00e4ngningsr\u00f6ren finns i b\u00e5de svart och vitt. F\u00e4sten eller h\u00f6ljen ing\u00e5r inte. <\/p>\n","protected":false},"featured_media":9394,"template":"","meta":[],"product_brand":[],"product_cat":[96,98],"product_tag":[],"class_list":{"0":"post-9389","1":"product","2":"type-product","3":"status-publish","4":"has-post-thumbnail","6":"product_cat-tak-sv","7":"product_cat-takmontering","9":"first","10":"instock","11":"shipping-taxable","12":"product-type-simple"},"yoast_head":"<!-- This site is optimized with the Yoast SEO plugin v27.3 - https:\/\/yoast.com\/product\/yoast-seo-wordpress\/ -->\n<title>F\u00f6rl\u00e4ngningsr\u00f6r f\u00f6r takmontering - HI-ND<\/title>\n<meta name=\"description\" content=\"V\u00e5ra takh\u00f6ljen \u00e4r utformade f\u00f6r att anv\u00e4ndas med v\u00e5ra specialtillverkade teleskopr\u00f6r eller teleskopvajrar. Teleskopr\u00f6ret \u00e4r justerbart.\" \/>\n<meta name=\"robots\" content=\"index, follow, max-snippet:-1, max-image-preview:large, max-video-preview:-1\" \/>\n<link rel=\"canonical\" href=\"https:\/\/hi-nd.com\/sv\/produkt\/takmontering-for-takholje-copy-copy-2\/\" \/>\n<meta property=\"og:locale\" content=\"sv_SE\" \/>\n<meta property=\"og:type\" content=\"article\" \/>\n<meta property=\"og:title\" content=\"F\u00f6rl\u00e4ngningsr\u00f6r f\u00f6r takmontering - HI-ND\" \/>\n<meta property=\"og:description\" content=\"V\u00e5ra takh\u00f6ljen \u00e4r utformade f\u00f6r att anv\u00e4ndas med v\u00e5ra specialtillverkade teleskopr\u00f6r eller teleskopvajrar. Teleskopr\u00f6ret \u00e4r justerbart.\" \/>\n<meta property=\"og:url\" content=\"https:\/\/hi-nd.com\/sv\/produkt\/takmontering-for-takholje-copy-copy-2\/\" \/>\n<meta property=\"og:site_name\" content=\"HI-ND\" \/>\n<meta property=\"article:modified_time\" content=\"2026-01-23T12:43:58+00:00\" \/>\n<meta property=\"og:image\" content=\"https:\/\/hi-nd.com\/wp-content\/uploads\/2025\/12\/TOP-CASING_RENDERS_5-750x750-1.jpg\" \/>\n\t<meta property=\"og:image:width\" content=\"750\" \/>\n\t<meta property=\"og:image:height\" content=\"750\" \/>\n\t<meta property=\"og:image:type\" content=\"image\/jpeg\" \/>\n<meta name=\"twitter:card\" content=\"summary_large_image\" \/>\n<script type=\"application\/ld+json\" class=\"yoast-schema-graph\">{\"@context\":\"https:\\\/\\\/schema.org\",\"@graph\":[{\"@type\":\"WebPage\",\"@id\":\"https:\\\/\\\/hi-nd.com\\\/sv\\\/produkt\\\/takmontering-for-takholje-copy-copy-2\\\/\",\"url\":\"https:\\\/\\\/hi-nd.com\\\/sv\\\/produkt\\\/takmontering-for-takholje-copy-copy-2\\\/\",\"name\":\"F\u00f6rl\u00e4ngningsr\u00f6r f\u00f6r takmontering - HI-ND\",\"isPartOf\":{\"@id\":\"https:\\\/\\\/hi-nd.com\\\/#website\"},\"primaryImageOfPage\":{\"@id\":\"https:\\\/\\\/hi-nd.com\\\/sv\\\/produkt\\\/takmontering-for-takholje-copy-copy-2\\\/#primaryimage\"},\"image\":{\"@id\":\"https:\\\/\\\/hi-nd.com\\\/sv\\\/produkt\\\/takmontering-for-takholje-copy-copy-2\\\/#primaryimage\"},\"thumbnailUrl\":\"https:\\\/\\\/hi-nd.com\\\/wp-content\\\/uploads\\\/2025\\\/12\\\/TOP-CASING_RENDERS_5-750x750-1.jpg\",\"datePublished\":\"2025-12-08T12:00:08+00:00\",\"dateModified\":\"2026-01-23T12:43:58+00:00\",\"description\":\"V\u00e5ra takh\u00f6ljen \u00e4r utformade f\u00f6r att anv\u00e4ndas med v\u00e5ra specialtillverkade teleskopr\u00f6r eller teleskopvajrar. Teleskopr\u00f6ret \u00e4r justerbart.\",\"breadcrumb\":{\"@id\":\"https:\\\/\\\/hi-nd.com\\\/sv\\\/produkt\\\/takmontering-for-takholje-copy-copy-2\\\/#breadcrumb\"},\"inLanguage\":\"sv-SE\",\"potentialAction\":[{\"@type\":\"ReadAction\",\"target\":[\"https:\\\/\\\/hi-nd.com\\\/sv\\\/produkt\\\/takmontering-for-takholje-copy-copy-2\\\/\"]}]},{\"@type\":\"ImageObject\",\"inLanguage\":\"sv-SE\",\"@id\":\"https:\\\/\\\/hi-nd.com\\\/sv\\\/produkt\\\/takmontering-for-takholje-copy-copy-2\\\/#primaryimage\",\"url\":\"https:\\\/\\\/hi-nd.com\\\/wp-content\\\/uploads\\\/2025\\\/12\\\/TOP-CASING_RENDERS_5-750x750-1.jpg\",\"contentUrl\":\"https:\\\/\\\/hi-nd.com\\\/wp-content\\\/uploads\\\/2025\\\/12\\\/TOP-CASING_RENDERS_5-750x750-1.jpg\",\"width\":750,\"height\":750,\"caption\":\"f\u00f6rl\u00e4ngningsr\u00f6r\"},{\"@type\":\"BreadcrumbList\",\"@id\":\"https:\\\/\\\/hi-nd.com\\\/sv\\\/produkt\\\/takmontering-for-takholje-copy-copy-2\\\/#breadcrumb\",\"itemListElement\":[{\"@type\":\"ListItem\",\"position\":1,\"name\":\"Home\",\"item\":\"https:\\\/\\\/hi-nd.com\\\/sv\\\/\"},{\"@type\":\"ListItem\",\"position\":2,\"name\":\"Butik\",\"item\":\"https:\\\/\\\/hi-nd.com\\\/sv\\\/butik\\\/\"},{\"@type\":\"ListItem\",\"position\":3,\"name\":\"F\u00f6rl\u00e4ngningsr\u00f6r f\u00f6r takmontering\"}]},{\"@type\":\"WebSite\",\"@id\":\"https:\\\/\\\/hi-nd.com\\\/#website\",\"url\":\"https:\\\/\\\/hi-nd.com\\\/\",\"name\":\"HI-ND\",\"description\":\"Mounting Solutions\",\"potentialAction\":[{\"@type\":\"SearchAction\",\"target\":{\"@type\":\"EntryPoint\",\"urlTemplate\":\"https:\\\/\\\/hi-nd.com\\\/?s={search_term_string}\"},\"query-input\":{\"@type\":\"PropertyValueSpecification\",\"valueRequired\":true,\"valueName\":\"search_term_string\"}}],\"inLanguage\":\"sv-SE\"}]}<\/script>\n<!-- \/ Yoast SEO plugin. -->","yoast_head_json":{"title":"F\u00f6rl\u00e4ngningsr\u00f6r f\u00f6r takmontering - HI-ND","description":"V\u00e5ra takh\u00f6ljen \u00e4r utformade f\u00f6r att anv\u00e4ndas med v\u00e5ra specialtillverkade teleskopr\u00f6r eller teleskopvajrar. Teleskopr\u00f6ret \u00e4r justerbart.","robots":{"index":"index","follow":"follow","max-snippet":"max-snippet:-1","max-image-preview":"max-image-preview:large","max-video-preview":"max-video-preview:-1"},"canonical":"https:\/\/hi-nd.com\/sv\/produkt\/takmontering-for-takholje-copy-copy-2\/","og_locale":"sv_SE","og_type":"article","og_title":"F\u00f6rl\u00e4ngningsr\u00f6r f\u00f6r takmontering - HI-ND","og_description":"V\u00e5ra takh\u00f6ljen \u00e4r utformade f\u00f6r att anv\u00e4ndas med v\u00e5ra specialtillverkade teleskopr\u00f6r eller teleskopvajrar. Teleskopr\u00f6ret \u00e4r justerbart.","og_url":"https:\/\/hi-nd.com\/sv\/produkt\/takmontering-for-takholje-copy-copy-2\/","og_site_name":"HI-ND","article_modified_time":"2026-01-23T12:43:58+00:00","og_image":[{"width":750,"height":750,"url":"https:\/\/hi-nd.com\/wp-content\/uploads\/2025\/12\/TOP-CASING_RENDERS_5-750x750-1.jpg","type":"image\/jpeg"}],"twitter_card":"summary_large_image","schema":{"@context":"https:\/\/schema.org","@graph":[{"@type":"WebPage","@id":"https:\/\/hi-nd.com\/sv\/produkt\/takmontering-for-takholje-copy-copy-2\/","url":"https:\/\/hi-nd.com\/sv\/produkt\/takmontering-for-takholje-copy-copy-2\/","name":"F\u00f6rl\u00e4ngningsr\u00f6r f\u00f6r takmontering - HI-ND","isPartOf":{"@id":"https:\/\/hi-nd.com\/#website"},"primaryImageOfPage":{"@id":"https:\/\/hi-nd.com\/sv\/produkt\/takmontering-for-takholje-copy-copy-2\/#primaryimage"},"image":{"@id":"https:\/\/hi-nd.com\/sv\/produkt\/takmontering-for-takholje-copy-copy-2\/#primaryimage"},"thumbnailUrl":"https:\/\/hi-nd.com\/wp-content\/uploads\/2025\/12\/TOP-CASING_RENDERS_5-750x750-1.jpg","datePublished":"2025-12-08T12:00:08+00:00","dateModified":"2026-01-23T12:43:58+00:00","description":"V\u00e5ra takh\u00f6ljen \u00e4r utformade f\u00f6r att anv\u00e4ndas med v\u00e5ra specialtillverkade teleskopr\u00f6r eller teleskopvajrar. Teleskopr\u00f6ret \u00e4r justerbart.","breadcrumb":{"@id":"https:\/\/hi-nd.com\/sv\/produkt\/takmontering-for-takholje-copy-copy-2\/#breadcrumb"},"inLanguage":"sv-SE","potentialAction":[{"@type":"ReadAction","target":["https:\/\/hi-nd.com\/sv\/produkt\/takmontering-for-takholje-copy-copy-2\/"]}]},{"@type":"ImageObject","inLanguage":"sv-SE","@id":"https:\/\/hi-nd.com\/sv\/produkt\/takmontering-for-takholje-copy-copy-2\/#primaryimage","url":"https:\/\/hi-nd.com\/wp-content\/uploads\/2025\/12\/TOP-CASING_RENDERS_5-750x750-1.jpg","contentUrl":"https:\/\/hi-nd.com\/wp-content\/uploads\/2025\/12\/TOP-CASING_RENDERS_5-750x750-1.jpg","width":750,"height":750,"caption":"f\u00f6rl\u00e4ngningsr\u00f6r"},{"@type":"BreadcrumbList","@id":"https:\/\/hi-nd.com\/sv\/produkt\/takmontering-for-takholje-copy-copy-2\/#breadcrumb","itemListElement":[{"@type":"ListItem","position":1,"name":"Home","item":"https:\/\/hi-nd.com\/sv\/"},{"@type":"ListItem","position":2,"name":"Butik","item":"https:\/\/hi-nd.com\/sv\/butik\/"},{"@type":"ListItem","position":3,"name":"F\u00f6rl\u00e4ngningsr\u00f6r f\u00f6r takmontering"}]},{"@type":"WebSite","@id":"https:\/\/hi-nd.com\/#website","url":"https:\/\/hi-nd.com\/","name":"HI-ND","description":"Mounting Solutions","potentialAction":[{"@type":"SearchAction","target":{"@type":"EntryPoint","urlTemplate":"https:\/\/hi-nd.com\/?s={search_term_string}"},"query-input":{"@type":"PropertyValueSpecification","valueRequired":true,"valueName":"search_term_string"}}],"inLanguage":"sv-SE"}]}},"_links":{"self":[{"href":"https:\/\/hi-nd.com\/sv\/wp-json\/wp\/v2\/product\/9389","targetHints":{"allow":["GET"]}}],"collection":[{"href":"https:\/\/hi-nd.com\/sv\/wp-json\/wp\/v2\/product"}],"about":[{"href":"https:\/\/hi-nd.com\/sv\/wp-json\/wp\/v2\/types\/product"}],"wp:featuredmedia":[{"embeddable":true,"href":"https:\/\/hi-nd.com\/sv\/wp-json\/wp\/v2\/media\/9394"}],"wp:attachment":[{"href":"https:\/\/hi-nd.com\/sv\/wp-json\/wp\/v2\/media?parent=9389"}],"wp:term":[{"taxonomy":"product_brand","embeddable":true,"href":"https:\/\/hi-nd.com\/sv\/wp-json\/wp\/v2\/product_brand?post=9389"},{"taxonomy":"product_cat","embeddable":true,"href":"https:\/\/hi-nd.com\/sv\/wp-json\/wp\/v2\/product_cat?post=9389"},{"taxonomy":"product_tag","embeddable":true,"href":"https:\/\/hi-nd.com\/sv\/wp-json\/wp\/v2\/product_tag?post=9389"}],"curies":[{"name":"wp","href":"https:\/\/api.w.org\/{rel}","templated":true}]}}