{"id":9375,"date":"2025-12-02T12:57:43","date_gmt":"2025-12-02T11:57:43","guid":{"rendered":"https:\/\/hi-nd.com\/?post_type=product&#038;p=9375"},"modified":"2026-01-23T13:47:01","modified_gmt":"2026-01-23T12:47:01","slug":"vaggfaste-xl-copy","status":"publish","type":"product","link":"https:\/\/hi-nd.com\/sv\/produkt\/vaggfaste-xl-copy\/","title":{"rendered":"Standard v\u00e4ggf\u00e4ste"},"content":{"rendered":"<table style=\"height: 80px;\" width=\"500\">\n<tbody>\n<tr>\n<td width=\"200\">Artikelnummer<\/td>\n<td width=\"500\">Beskrivning<\/td>\n<\/tr>\n<tr>\n<td>WM1200-0101-02<\/td>\n<td>Standard v\u00e4ggf\u00e4ste <\/td>\n<\/tr>\n<\/tbody>\n<\/table>\n","protected":false},"excerpt":{"rendered":"<p>V\u00e5rt Standard V\u00e4ggf\u00e4ste kan h\u00e5lla upp till 50 kg. Den \u00e4r byggd av massivt, kraftigt st\u00e5l och erbjuder exceptionell styrka och h\u00e5llbarhet. <\/p>\n<p>Med det s\u00e4kra glidl\u00e5set \u00e4r det b\u00e5de snabbt och enkelt att f\u00e4sta sk\u00e4rmen p\u00e5 v\u00e4ggen.<\/p>\n<p><strong>VESA:<\/strong><br \/>\n200\u00d7200 &#8211; 400\u00d7400<br \/>\n<strong>Tjocklek:<\/strong><br \/>\n36 mm<br \/>\n<strong>M\u00e5tt:<\/strong><br \/>\n36x520x440 mm<br \/>\n<strong>Sk\u00e4rmstorlek:<\/strong><br \/>\n43\u2033 &#8211; 55\u2033<\/p>\n","protected":false},"featured_media":9379,"template":"","meta":[],"product_brand":[],"product_cat":[89,90],"product_tag":[],"class_list":{"0":"post-9375","1":"product","2":"type-product","3":"status-publish","4":"has-post-thumbnail","6":"product_cat-wall-sv","7":"product_cat-vaggmontering","9":"first","10":"instock","11":"shipping-taxable","12":"product-type-simple"},"yoast_head":"<!-- This site is optimized with the Yoast SEO plugin v27.4 - https:\/\/yoast.com\/product\/yoast-seo-wordpress\/ -->\n<title>Standard v\u00e4ggf\u00e4ste - HI-ND<\/title>\n<meta name=\"description\" content=\"V\u00e5rt Standard V\u00e4ggf\u00e4ste kan h\u00e5lla upp till 50 kg med sin st\u00e5lkonstruktion. Den \u00e4r avsedd f\u00f6r bildsk\u00e4rmar fr\u00e5n 43\u2033 till 55\u2033.\" \/>\n<meta name=\"robots\" content=\"index, follow, max-snippet:-1, max-image-preview:large, max-video-preview:-1\" \/>\n<link rel=\"canonical\" href=\"http:\/\/hi-nd.com\/product\/wall-mount-standard\/\" \/>\n<meta property=\"og:locale\" content=\"sv_SE\" \/>\n<meta property=\"og:type\" content=\"article\" \/>\n<meta property=\"og:title\" content=\"Standard v\u00e4ggf\u00e4ste - HI-ND\" \/>\n<meta property=\"og:description\" content=\"V\u00e5rt Standard V\u00e4ggf\u00e4ste kan h\u00e5lla upp till 50 kg med sin st\u00e5lkonstruktion. Den \u00e4r avsedd f\u00f6r bildsk\u00e4rmar fr\u00e5n 43\u2033 till 55\u2033.\" \/>\n<meta property=\"og:url\" content=\"http:\/\/hi-nd.com\/product\/wall-mount-standard\/\" \/>\n<meta property=\"og:site_name\" content=\"HI-ND\" \/>\n<meta property=\"article:modified_time\" content=\"2026-01-23T12:47:01+00:00\" \/>\n<meta property=\"og:image\" content=\"http:\/\/hi-nd.com\/wp-content\/uploads\/2025\/12\/Svart-h-scaled.png\" \/>\n\t<meta property=\"og:image:width\" content=\"2560\" \/>\n\t<meta property=\"og:image:height\" content=\"1601\" \/>\n\t<meta property=\"og:image:type\" content=\"image\/png\" \/>\n<meta name=\"twitter:card\" content=\"summary_large_image\" \/>\n<script type=\"application\/ld+json\" class=\"yoast-schema-graph\">{\"@context\":\"https:\\\/\\\/schema.org\",\"@graph\":[{\"@type\":\"WebPage\",\"@id\":\"http:\\\/\\\/hi-nd.com\\\/product\\\/wall-mount-standard\\\/\",\"url\":\"http:\\\/\\\/hi-nd.com\\\/product\\\/wall-mount-standard\\\/\",\"name\":\"Standard v\u00e4ggf\u00e4ste - HI-ND\",\"isPartOf\":{\"@id\":\"https:\\\/\\\/hi-nd.com\\\/#website\"},\"primaryImageOfPage\":{\"@id\":\"http:\\\/\\\/hi-nd.com\\\/product\\\/wall-mount-standard\\\/#primaryimage\"},\"image\":{\"@id\":\"http:\\\/\\\/hi-nd.com\\\/product\\\/wall-mount-standard\\\/#primaryimage\"},\"thumbnailUrl\":\"https:\\\/\\\/hi-nd.com\\\/wp-content\\\/uploads\\\/2025\\\/12\\\/Svart-h-scaled.png\",\"datePublished\":\"2025-12-02T11:57:43+00:00\",\"dateModified\":\"2026-01-23T12:47:01+00:00\",\"description\":\"V\u00e5rt Standard V\u00e4ggf\u00e4ste kan h\u00e5lla upp till 50 kg med sin st\u00e5lkonstruktion. Den \u00e4r avsedd f\u00f6r bildsk\u00e4rmar fr\u00e5n 43\u2033 till 55\u2033.\",\"breadcrumb\":{\"@id\":\"http:\\\/\\\/hi-nd.com\\\/product\\\/wall-mount-standard\\\/#breadcrumb\"},\"inLanguage\":\"sv-SE\",\"potentialAction\":[{\"@type\":\"ReadAction\",\"target\":[\"http:\\\/\\\/hi-nd.com\\\/product\\\/wall-mount-standard\\\/\"]}]},{\"@type\":\"ImageObject\",\"inLanguage\":\"sv-SE\",\"@id\":\"http:\\\/\\\/hi-nd.com\\\/product\\\/wall-mount-standard\\\/#primaryimage\",\"url\":\"https:\\\/\\\/hi-nd.com\\\/wp-content\\\/uploads\\\/2025\\\/12\\\/Svart-h-scaled.png\",\"contentUrl\":\"https:\\\/\\\/hi-nd.com\\\/wp-content\\\/uploads\\\/2025\\\/12\\\/Svart-h-scaled.png\",\"width\":2560,\"height\":1601},{\"@type\":\"BreadcrumbList\",\"@id\":\"http:\\\/\\\/hi-nd.com\\\/product\\\/wall-mount-standard\\\/#breadcrumb\",\"itemListElement\":[{\"@type\":\"ListItem\",\"position\":1,\"name\":\"Home\",\"item\":\"https:\\\/\\\/hi-nd.com\\\/hi-nd-digital-skyltning\\\/\"},{\"@type\":\"ListItem\",\"position\":2,\"name\":\"Butik\",\"item\":\"https:\\\/\\\/hi-nd.com\\\/butik\\\/\"},{\"@type\":\"ListItem\",\"position\":3,\"name\":\"Standard v\u00e4ggf\u00e4ste\"}]},{\"@type\":\"WebSite\",\"@id\":\"https:\\\/\\\/hi-nd.com\\\/#website\",\"url\":\"https:\\\/\\\/hi-nd.com\\\/\",\"name\":\"HI-ND\",\"description\":\"Mounting Solutions\",\"potentialAction\":[{\"@type\":\"SearchAction\",\"target\":{\"@type\":\"EntryPoint\",\"urlTemplate\":\"https:\\\/\\\/hi-nd.com\\\/?s={search_term_string}\"},\"query-input\":{\"@type\":\"PropertyValueSpecification\",\"valueRequired\":true,\"valueName\":\"search_term_string\"}}],\"inLanguage\":\"sv-SE\"}]}<\/script>\n<!-- \/ Yoast SEO plugin. -->","yoast_head_json":{"title":"Standard v\u00e4ggf\u00e4ste - HI-ND","description":"V\u00e5rt Standard V\u00e4ggf\u00e4ste kan h\u00e5lla upp till 50 kg med sin st\u00e5lkonstruktion. Den \u00e4r avsedd f\u00f6r bildsk\u00e4rmar fr\u00e5n 43\u2033 till 55\u2033.","robots":{"index":"index","follow":"follow","max-snippet":"max-snippet:-1","max-image-preview":"max-image-preview:large","max-video-preview":"max-video-preview:-1"},"canonical":"http:\/\/hi-nd.com\/product\/wall-mount-standard\/","og_locale":"sv_SE","og_type":"article","og_title":"Standard v\u00e4ggf\u00e4ste - HI-ND","og_description":"V\u00e5rt Standard V\u00e4ggf\u00e4ste kan h\u00e5lla upp till 50 kg med sin st\u00e5lkonstruktion. Den \u00e4r avsedd f\u00f6r bildsk\u00e4rmar fr\u00e5n 43\u2033 till 55\u2033.","og_url":"http:\/\/hi-nd.com\/product\/wall-mount-standard\/","og_site_name":"HI-ND","article_modified_time":"2026-01-23T12:47:01+00:00","og_image":[{"width":2560,"height":1601,"url":"http:\/\/hi-nd.com\/wp-content\/uploads\/2025\/12\/Svart-h-scaled.png","type":"image\/png"}],"twitter_card":"summary_large_image","schema":{"@context":"https:\/\/schema.org","@graph":[{"@type":"WebPage","@id":"http:\/\/hi-nd.com\/product\/wall-mount-standard\/","url":"http:\/\/hi-nd.com\/product\/wall-mount-standard\/","name":"Standard v\u00e4ggf\u00e4ste - HI-ND","isPartOf":{"@id":"https:\/\/hi-nd.com\/#website"},"primaryImageOfPage":{"@id":"http:\/\/hi-nd.com\/product\/wall-mount-standard\/#primaryimage"},"image":{"@id":"http:\/\/hi-nd.com\/product\/wall-mount-standard\/#primaryimage"},"thumbnailUrl":"https:\/\/hi-nd.com\/wp-content\/uploads\/2025\/12\/Svart-h-scaled.png","datePublished":"2025-12-02T11:57:43+00:00","dateModified":"2026-01-23T12:47:01+00:00","description":"V\u00e5rt Standard V\u00e4ggf\u00e4ste kan h\u00e5lla upp till 50 kg med sin st\u00e5lkonstruktion. Den \u00e4r avsedd f\u00f6r bildsk\u00e4rmar fr\u00e5n 43\u2033 till 55\u2033.","breadcrumb":{"@id":"http:\/\/hi-nd.com\/product\/wall-mount-standard\/#breadcrumb"},"inLanguage":"sv-SE","potentialAction":[{"@type":"ReadAction","target":["http:\/\/hi-nd.com\/product\/wall-mount-standard\/"]}]},{"@type":"ImageObject","inLanguage":"sv-SE","@id":"http:\/\/hi-nd.com\/product\/wall-mount-standard\/#primaryimage","url":"https:\/\/hi-nd.com\/wp-content\/uploads\/2025\/12\/Svart-h-scaled.png","contentUrl":"https:\/\/hi-nd.com\/wp-content\/uploads\/2025\/12\/Svart-h-scaled.png","width":2560,"height":1601},{"@type":"BreadcrumbList","@id":"http:\/\/hi-nd.com\/product\/wall-mount-standard\/#breadcrumb","itemListElement":[{"@type":"ListItem","position":1,"name":"Home","item":"https:\/\/hi-nd.com\/hi-nd-digital-skyltning\/"},{"@type":"ListItem","position":2,"name":"Butik","item":"https:\/\/hi-nd.com\/butik\/"},{"@type":"ListItem","position":3,"name":"Standard v\u00e4ggf\u00e4ste"}]},{"@type":"WebSite","@id":"https:\/\/hi-nd.com\/#website","url":"https:\/\/hi-nd.com\/","name":"HI-ND","description":"Mounting Solutions","potentialAction":[{"@type":"SearchAction","target":{"@type":"EntryPoint","urlTemplate":"https:\/\/hi-nd.com\/?s={search_term_string}"},"query-input":{"@type":"PropertyValueSpecification","valueRequired":true,"valueName":"search_term_string"}}],"inLanguage":"sv-SE"}]}},"_links":{"self":[{"href":"https:\/\/hi-nd.com\/sv\/wp-json\/wp\/v2\/product\/9375","targetHints":{"allow":["GET"]}}],"collection":[{"href":"https:\/\/hi-nd.com\/sv\/wp-json\/wp\/v2\/product"}],"about":[{"href":"https:\/\/hi-nd.com\/sv\/wp-json\/wp\/v2\/types\/product"}],"wp:featuredmedia":[{"embeddable":true,"href":"https:\/\/hi-nd.com\/sv\/wp-json\/wp\/v2\/media\/9379"}],"wp:attachment":[{"href":"https:\/\/hi-nd.com\/sv\/wp-json\/wp\/v2\/media?parent=9375"}],"wp:term":[{"taxonomy":"product_brand","embeddable":true,"href":"https:\/\/hi-nd.com\/sv\/wp-json\/wp\/v2\/product_brand?post=9375"},{"taxonomy":"product_cat","embeddable":true,"href":"https:\/\/hi-nd.com\/sv\/wp-json\/wp\/v2\/product_cat?post=9375"},{"taxonomy":"product_tag","embeddable":true,"href":"https:\/\/hi-nd.com\/sv\/wp-json\/wp\/v2\/product_tag?post=9375"}],"curies":[{"name":"wp","href":"https:\/\/api.w.org\/{rel}","templated":true}]}}