{"id":9363,"date":"2025-12-02T12:50:02","date_gmt":"2025-12-02T11:50:02","guid":{"rendered":"https:\/\/hi-nd.com\/?post_type=product&#038;p=9363"},"modified":"2026-01-23T13:52:11","modified_gmt":"2026-01-23T12:52:11","slug":"takmontering-for-takholje-copy-copy","status":"publish","type":"product","link":"https:\/\/hi-nd.com\/sv\/produkt\/takmontering-for-takholje-copy-copy\/","title":{"rendered":"V\u00e4ggh\u00f6lje f\u00f6r Samsung E-paper"},"content":{"rendered":"<table style=\"height: 153px;\" width=\"648\">\n<tbody>\n<tr>\n<td width=\"149\">Artikelnummer<\/td>\n<td width=\"391\">Beskrivning<\/td>\n<td width=\"127\">F\u00e4rg<\/td>\n<\/tr>\n<tr>\n<td>WC3215-5201-01<\/td>\n<td>V\u00e4ggh\u00f6lje E-papper<\/td>\n<td>Vit<\/td>\n<\/tr>\n<tr>\n<td>WC3215-5201-02<\/td>\n<td>V\u00e4ggh\u00f6lje E-papper<\/td>\n<td>Svart<\/td>\n<\/tr>\n<tr>\n<td>WC3215-5201-12<\/td>\n<td>V\u00e4ggh\u00f6lje E-papper<\/td>\n<td>Rostfritt st\u00e5l<\/td>\n<\/tr>\n<\/tbody>\n<\/table>\n<p>&nbsp;<\/p>\n","protected":false},"excerpt":{"rendered":"<p>Detta anpassade v\u00e4ggh\u00f6lje \u00e4r exklusivt utformat f\u00f6r Samsung E-Paper Display EM32D-X.<br \/>\nDet kombinerar h\u00e5llbarhet, korrosionsbest\u00e4ndighet och en elegant premiumfinish som perfekt kompletterar displayens ultratunna design och energieffektiva teknik.<\/p>\n<p>Den \u00e4r idealisk f\u00f6r offentliga milj\u00f6er, digital skyltning och smarta kontorsapplikationer och ger en s\u00f6ml\u00f6s och professionell installationsl\u00f6sning.<\/p>\n<p><strong>Displaystorlek:<\/strong><br \/>\n32&#8243;<\/p>\n<p><strong>M\u00e5tt:<\/strong><br \/>\n746 x 441 x 35 mm<\/p>\n<p><strong>Vikt inklusive display:<\/strong><br \/>\n5,2 kg<\/p>\n<p><strong>VESA:<\/strong><br \/>\n100\u00d7100 &#8211; 400\u00d7400<\/p>\n<p><strong>Maxvikt:<\/strong><br \/>\nUpp till 50 kg<\/p>\n","protected":false},"featured_media":9368,"template":"","meta":[],"product_brand":[],"product_cat":[108,89],"product_tag":[],"class_list":{"0":"post-9363","1":"product","2":"type-product","3":"status-publish","4":"has-post-thumbnail","6":"product_cat-holje-sv","7":"product_cat-wall-sv","9":"first","10":"instock","11":"shipping-taxable","12":"product-type-simple"},"yoast_head":"<!-- This site is optimized with the Yoast SEO plugin v27.3 - https:\/\/yoast.com\/product\/yoast-seo-wordpress\/ -->\n<title>V\u00e4ggh\u00f6lje f\u00f6r Samsung E-paper - HI-ND<\/title>\n<meta name=\"description\" content=\"Detta anpassade v\u00e4ggh\u00f6lje \u00e4r exklusivt utformat f\u00f6r Samsung E-Paper Display EM32D-X. Displaystorlek:32&quot;\" \/>\n<meta name=\"robots\" content=\"index, follow, max-snippet:-1, max-image-preview:large, max-video-preview:-1\" \/>\n<link rel=\"canonical\" href=\"https:\/\/hi-nd.com\/sv\/produkt\/takmontering-for-takholje-copy-copy\/\" \/>\n<meta property=\"og:locale\" content=\"sv_SE\" \/>\n<meta property=\"og:type\" content=\"article\" \/>\n<meta property=\"og:title\" content=\"V\u00e4ggh\u00f6lje f\u00f6r Samsung E-paper - HI-ND\" \/>\n<meta property=\"og:description\" content=\"Detta anpassade v\u00e4ggh\u00f6lje \u00e4r exklusivt utformat f\u00f6r Samsung E-Paper Display EM32D-X. Displaystorlek:32&quot;\" \/>\n<meta property=\"og:url\" content=\"https:\/\/hi-nd.com\/sv\/produkt\/takmontering-for-takholje-copy-copy\/\" \/>\n<meta property=\"og:site_name\" content=\"HI-ND\" \/>\n<meta property=\"article:modified_time\" content=\"2026-01-23T12:52:11+00:00\" \/>\n<meta property=\"og:image\" content=\"https:\/\/hi-nd.com\/wp-content\/uploads\/2025\/12\/Svart-H-med-bild-scaled.png\" \/>\n\t<meta property=\"og:image:width\" content=\"2560\" \/>\n\t<meta property=\"og:image:height\" content=\"1711\" \/>\n\t<meta property=\"og:image:type\" content=\"image\/png\" \/>\n<meta name=\"twitter:card\" content=\"summary_large_image\" \/>\n<script type=\"application\/ld+json\" class=\"yoast-schema-graph\">{\"@context\":\"https:\\\/\\\/schema.org\",\"@graph\":[{\"@type\":\"WebPage\",\"@id\":\"https:\\\/\\\/hi-nd.com\\\/sv\\\/produkt\\\/takmontering-for-takholje-copy-copy\\\/\",\"url\":\"https:\\\/\\\/hi-nd.com\\\/sv\\\/produkt\\\/takmontering-for-takholje-copy-copy\\\/\",\"name\":\"V\u00e4ggh\u00f6lje f\u00f6r Samsung E-paper - HI-ND\",\"isPartOf\":{\"@id\":\"https:\\\/\\\/hi-nd.com\\\/#website\"},\"primaryImageOfPage\":{\"@id\":\"https:\\\/\\\/hi-nd.com\\\/sv\\\/produkt\\\/takmontering-for-takholje-copy-copy\\\/#primaryimage\"},\"image\":{\"@id\":\"https:\\\/\\\/hi-nd.com\\\/sv\\\/produkt\\\/takmontering-for-takholje-copy-copy\\\/#primaryimage\"},\"thumbnailUrl\":\"https:\\\/\\\/hi-nd.com\\\/wp-content\\\/uploads\\\/2025\\\/12\\\/Svart-H-med-bild-scaled.png\",\"datePublished\":\"2025-12-02T11:50:02+00:00\",\"dateModified\":\"2026-01-23T12:52:11+00:00\",\"description\":\"Detta anpassade v\u00e4ggh\u00f6lje \u00e4r exklusivt utformat f\u00f6r Samsung E-Paper Display EM32D-X. Displaystorlek:32\\\"\",\"breadcrumb\":{\"@id\":\"https:\\\/\\\/hi-nd.com\\\/sv\\\/produkt\\\/takmontering-for-takholje-copy-copy\\\/#breadcrumb\"},\"inLanguage\":\"sv-SE\",\"potentialAction\":[{\"@type\":\"ReadAction\",\"target\":[\"https:\\\/\\\/hi-nd.com\\\/sv\\\/produkt\\\/takmontering-for-takholje-copy-copy\\\/\"]}]},{\"@type\":\"ImageObject\",\"inLanguage\":\"sv-SE\",\"@id\":\"https:\\\/\\\/hi-nd.com\\\/sv\\\/produkt\\\/takmontering-for-takholje-copy-copy\\\/#primaryimage\",\"url\":\"https:\\\/\\\/hi-nd.com\\\/wp-content\\\/uploads\\\/2025\\\/12\\\/Svart-H-med-bild-scaled.png\",\"contentUrl\":\"https:\\\/\\\/hi-nd.com\\\/wp-content\\\/uploads\\\/2025\\\/12\\\/Svart-H-med-bild-scaled.png\",\"width\":2560,\"height\":1711},{\"@type\":\"BreadcrumbList\",\"@id\":\"https:\\\/\\\/hi-nd.com\\\/sv\\\/produkt\\\/takmontering-for-takholje-copy-copy\\\/#breadcrumb\",\"itemListElement\":[{\"@type\":\"ListItem\",\"position\":1,\"name\":\"Home\",\"item\":\"https:\\\/\\\/hi-nd.com\\\/sv\\\/\"},{\"@type\":\"ListItem\",\"position\":2,\"name\":\"Butik\",\"item\":\"https:\\\/\\\/hi-nd.com\\\/sv\\\/butik\\\/\"},{\"@type\":\"ListItem\",\"position\":3,\"name\":\"V\u00e4ggh\u00f6lje f\u00f6r Samsung E-paper\"}]},{\"@type\":\"WebSite\",\"@id\":\"https:\\\/\\\/hi-nd.com\\\/#website\",\"url\":\"https:\\\/\\\/hi-nd.com\\\/\",\"name\":\"HI-ND\",\"description\":\"Mounting Solutions\",\"potentialAction\":[{\"@type\":\"SearchAction\",\"target\":{\"@type\":\"EntryPoint\",\"urlTemplate\":\"https:\\\/\\\/hi-nd.com\\\/?s={search_term_string}\"},\"query-input\":{\"@type\":\"PropertyValueSpecification\",\"valueRequired\":true,\"valueName\":\"search_term_string\"}}],\"inLanguage\":\"sv-SE\"}]}<\/script>\n<!-- \/ Yoast SEO plugin. -->","yoast_head_json":{"title":"V\u00e4ggh\u00f6lje f\u00f6r Samsung E-paper - HI-ND","description":"Detta anpassade v\u00e4ggh\u00f6lje \u00e4r exklusivt utformat f\u00f6r Samsung E-Paper Display EM32D-X. Displaystorlek:32\"","robots":{"index":"index","follow":"follow","max-snippet":"max-snippet:-1","max-image-preview":"max-image-preview:large","max-video-preview":"max-video-preview:-1"},"canonical":"https:\/\/hi-nd.com\/sv\/produkt\/takmontering-for-takholje-copy-copy\/","og_locale":"sv_SE","og_type":"article","og_title":"V\u00e4ggh\u00f6lje f\u00f6r Samsung E-paper - HI-ND","og_description":"Detta anpassade v\u00e4ggh\u00f6lje \u00e4r exklusivt utformat f\u00f6r Samsung E-Paper Display EM32D-X. Displaystorlek:32\"","og_url":"https:\/\/hi-nd.com\/sv\/produkt\/takmontering-for-takholje-copy-copy\/","og_site_name":"HI-ND","article_modified_time":"2026-01-23T12:52:11+00:00","og_image":[{"width":2560,"height":1711,"url":"https:\/\/hi-nd.com\/wp-content\/uploads\/2025\/12\/Svart-H-med-bild-scaled.png","type":"image\/png"}],"twitter_card":"summary_large_image","schema":{"@context":"https:\/\/schema.org","@graph":[{"@type":"WebPage","@id":"https:\/\/hi-nd.com\/sv\/produkt\/takmontering-for-takholje-copy-copy\/","url":"https:\/\/hi-nd.com\/sv\/produkt\/takmontering-for-takholje-copy-copy\/","name":"V\u00e4ggh\u00f6lje f\u00f6r Samsung E-paper - HI-ND","isPartOf":{"@id":"https:\/\/hi-nd.com\/#website"},"primaryImageOfPage":{"@id":"https:\/\/hi-nd.com\/sv\/produkt\/takmontering-for-takholje-copy-copy\/#primaryimage"},"image":{"@id":"https:\/\/hi-nd.com\/sv\/produkt\/takmontering-for-takholje-copy-copy\/#primaryimage"},"thumbnailUrl":"https:\/\/hi-nd.com\/wp-content\/uploads\/2025\/12\/Svart-H-med-bild-scaled.png","datePublished":"2025-12-02T11:50:02+00:00","dateModified":"2026-01-23T12:52:11+00:00","description":"Detta anpassade v\u00e4ggh\u00f6lje \u00e4r exklusivt utformat f\u00f6r Samsung E-Paper Display EM32D-X. Displaystorlek:32\"","breadcrumb":{"@id":"https:\/\/hi-nd.com\/sv\/produkt\/takmontering-for-takholje-copy-copy\/#breadcrumb"},"inLanguage":"sv-SE","potentialAction":[{"@type":"ReadAction","target":["https:\/\/hi-nd.com\/sv\/produkt\/takmontering-for-takholje-copy-copy\/"]}]},{"@type":"ImageObject","inLanguage":"sv-SE","@id":"https:\/\/hi-nd.com\/sv\/produkt\/takmontering-for-takholje-copy-copy\/#primaryimage","url":"https:\/\/hi-nd.com\/wp-content\/uploads\/2025\/12\/Svart-H-med-bild-scaled.png","contentUrl":"https:\/\/hi-nd.com\/wp-content\/uploads\/2025\/12\/Svart-H-med-bild-scaled.png","width":2560,"height":1711},{"@type":"BreadcrumbList","@id":"https:\/\/hi-nd.com\/sv\/produkt\/takmontering-for-takholje-copy-copy\/#breadcrumb","itemListElement":[{"@type":"ListItem","position":1,"name":"Home","item":"https:\/\/hi-nd.com\/sv\/"},{"@type":"ListItem","position":2,"name":"Butik","item":"https:\/\/hi-nd.com\/sv\/butik\/"},{"@type":"ListItem","position":3,"name":"V\u00e4ggh\u00f6lje f\u00f6r Samsung E-paper"}]},{"@type":"WebSite","@id":"https:\/\/hi-nd.com\/#website","url":"https:\/\/hi-nd.com\/","name":"HI-ND","description":"Mounting Solutions","potentialAction":[{"@type":"SearchAction","target":{"@type":"EntryPoint","urlTemplate":"https:\/\/hi-nd.com\/?s={search_term_string}"},"query-input":{"@type":"PropertyValueSpecification","valueRequired":true,"valueName":"search_term_string"}}],"inLanguage":"sv-SE"}]}},"_links":{"self":[{"href":"https:\/\/hi-nd.com\/sv\/wp-json\/wp\/v2\/product\/9363","targetHints":{"allow":["GET"]}}],"collection":[{"href":"https:\/\/hi-nd.com\/sv\/wp-json\/wp\/v2\/product"}],"about":[{"href":"https:\/\/hi-nd.com\/sv\/wp-json\/wp\/v2\/types\/product"}],"wp:featuredmedia":[{"embeddable":true,"href":"https:\/\/hi-nd.com\/sv\/wp-json\/wp\/v2\/media\/9368"}],"wp:attachment":[{"href":"https:\/\/hi-nd.com\/sv\/wp-json\/wp\/v2\/media?parent=9363"}],"wp:term":[{"taxonomy":"product_brand","embeddable":true,"href":"https:\/\/hi-nd.com\/sv\/wp-json\/wp\/v2\/product_brand?post=9363"},{"taxonomy":"product_cat","embeddable":true,"href":"https:\/\/hi-nd.com\/sv\/wp-json\/wp\/v2\/product_cat?post=9363"},{"taxonomy":"product_tag","embeddable":true,"href":"https:\/\/hi-nd.com\/sv\/wp-json\/wp\/v2\/product_tag?post=9363"}],"curies":[{"name":"wp","href":"https:\/\/api.w.org\/{rel}","templated":true}]}}