{"id":9354,"date":"2025-12-02T12:28:12","date_gmt":"2025-12-02T11:28:12","guid":{"rendered":"https:\/\/hi-nd.com\/?post_type=product&#038;p=9354"},"modified":"2026-01-23T14:03:42","modified_gmt":"2026-01-23T13:03:42","slug":"takmontering-for-takholje-copy","status":"publish","type":"product","link":"https:\/\/hi-nd.com\/sv\/produkt\/takmontering-for-takholje-copy\/","title":{"rendered":"Takf\u00e4ste f\u00f6r takh\u00f6lje (bakmonterat)"},"content":{"rendered":"<p>&nbsp;<\/p>\n<table style=\"height: 203px;\" width=\"648\">\n<tbody>\n<tr>\n<td width=\"149\">Artikelnummer<\/td>\n<td width=\"391\">Beskrivning<\/td>\n<td width=\"127\">F\u00e4rg<\/td>\n<\/tr>\n<tr>\n<td>CM5000-5110-01<\/td>\n<td>Takf\u00e4ste med lutning f\u00f6r h\u00f6lje (bakmonterat)<\/td>\n<td>Vit<\/td>\n<\/tr>\n<tr>\n<td>CM5000-5110-02<\/td>\n<td>Takf\u00e4ste med lutning f\u00f6r h\u00f6lje (bakmonterat)<\/td>\n<td>Svart<\/td>\n<\/tr>\n<tr>\n<td>CM5000-5135-01<\/td>\n<td>F\u00f6rl\u00e4ngningsr\u00f6r, 100 cm<\/td>\n<td>Vit<\/td>\n<\/tr>\n<tr>\n<td>CM5000-5135-02<\/td>\n<td>F\u00f6rl\u00e4ngningsr\u00f6r, 100 cm<\/td>\n<td>Svart<\/td>\n<\/tr>\n<\/tbody>\n<\/table>\n<p>&nbsp;<\/p>\n","protected":false},"excerpt":{"rendered":"<p>HI-ND Ceiling Mount Tilt (inget h\u00f6lje ing\u00e5r) \u00e4r ett m\u00e5ngsidigt takf\u00e4ste med full r\u00f6relse som \u00e4r utformat f\u00f6r att passa 32&#8243;-65&#8243; h\u00f6ljen. F\u00e4stet g\u00f6r att sk\u00e4rmen kan lutas ned\u00e5t f\u00f6r optimala betraktningsvinklar och har justerbar h\u00f6jd f\u00f6r perfekt positionering. Den integrerade kabelhanteringen h\u00e5ller installationen ren och organiserad. Vi erbjuder \u00e4ven <a href=\"https:\/\/hi-nd.com\/product\/extension-pipes\/\">100 cm f\u00f6rl\u00e4ngningsr\u00f6r<\/a>.   <\/p>\n<p><strong>Teleskopisk h\u00f6jdjustering:<\/strong><br \/>\nFr\u00e5n 68-88 cm<\/p>\n<p><strong>Tilt:<\/strong><br \/>\nTiltar upp till 15\u00b0.<\/p>\n<p><strong>VESA:<\/strong><br \/>\n100\u00d7100 &#8211; 400\u00d7400<\/p>\n<p><strong>Maxvikt:<\/strong><br \/>\nUpp till 50 kg<\/p>\n","protected":false},"featured_media":9671,"template":"","meta":[],"product_brand":[],"product_cat":[96,98],"product_tag":[],"class_list":{"0":"post-9354","1":"product","2":"type-product","3":"status-publish","4":"has-post-thumbnail","6":"product_cat-tak-sv","7":"product_cat-takmontering","9":"first","10":"instock","11":"shipping-taxable","12":"product-type-simple"},"yoast_head":"<!-- This site is optimized with the Yoast SEO plugin v27.3 - https:\/\/yoast.com\/product\/yoast-seo-wordpress\/ -->\n<title>Takf\u00e4ste f\u00f6r takh\u00f6lje (bakmonterat) - HI-ND<\/title>\n<meta name=\"description\" content=\"HI-ND Ceiling Mount Tilt (inget h\u00f6lje ing\u00e5r) \u00e4r ett m\u00e5ngsidigt takf\u00e4ste med full r\u00f6relse som \u00e4r utformat f\u00f6r att passa 32&quot;-65&quot; h\u00f6ljen. Displaystorlek:32&quot;-65&quot;\" \/>\n<meta name=\"robots\" content=\"index, follow, max-snippet:-1, max-image-preview:large, max-video-preview:-1\" \/>\n<link rel=\"canonical\" href=\"https:\/\/hi-nd.com\/sv\/produkt\/takmontering-for-takholje-copy\/\" \/>\n<meta property=\"og:locale\" content=\"sv_SE\" \/>\n<meta property=\"og:type\" content=\"article\" \/>\n<meta property=\"og:title\" content=\"Takf\u00e4ste f\u00f6r takh\u00f6lje (bakmonterat) - HI-ND\" \/>\n<meta property=\"og:description\" content=\"HI-ND Ceiling Mount Tilt (inget h\u00f6lje ing\u00e5r) \u00e4r ett m\u00e5ngsidigt takf\u00e4ste med full r\u00f6relse som \u00e4r utformat f\u00f6r att passa 32&quot;-65&quot; h\u00f6ljen. Displaystorlek:32&quot;-65&quot;\" \/>\n<meta property=\"og:url\" content=\"https:\/\/hi-nd.com\/sv\/produkt\/takmontering-for-takholje-copy\/\" \/>\n<meta property=\"og:site_name\" content=\"HI-ND\" \/>\n<meta property=\"article:modified_time\" content=\"2026-01-23T13:03:42+00:00\" \/>\n<meta property=\"og:image\" content=\"https:\/\/hi-nd.com\/wp-content\/uploads\/2025\/12\/CM5000-5110-1_01-750x750-1.jpg\" \/>\n\t<meta property=\"og:image:width\" content=\"750\" \/>\n\t<meta property=\"og:image:height\" content=\"750\" \/>\n\t<meta property=\"og:image:type\" content=\"image\/jpeg\" \/>\n<meta name=\"twitter:card\" content=\"summary_large_image\" \/>\n<script type=\"application\/ld+json\" class=\"yoast-schema-graph\">{\"@context\":\"https:\\\/\\\/schema.org\",\"@graph\":[{\"@type\":\"WebPage\",\"@id\":\"https:\\\/\\\/hi-nd.com\\\/sv\\\/produkt\\\/takmontering-for-takholje-copy\\\/\",\"url\":\"https:\\\/\\\/hi-nd.com\\\/sv\\\/produkt\\\/takmontering-for-takholje-copy\\\/\",\"name\":\"Takf\u00e4ste f\u00f6r takh\u00f6lje (bakmonterat) - HI-ND\",\"isPartOf\":{\"@id\":\"https:\\\/\\\/hi-nd.com\\\/#website\"},\"primaryImageOfPage\":{\"@id\":\"https:\\\/\\\/hi-nd.com\\\/sv\\\/produkt\\\/takmontering-for-takholje-copy\\\/#primaryimage\"},\"image\":{\"@id\":\"https:\\\/\\\/hi-nd.com\\\/sv\\\/produkt\\\/takmontering-for-takholje-copy\\\/#primaryimage\"},\"thumbnailUrl\":\"https:\\\/\\\/hi-nd.com\\\/wp-content\\\/uploads\\\/2025\\\/12\\\/CM5000-5110-1_01-750x750-1.jpg\",\"datePublished\":\"2025-12-02T11:28:12+00:00\",\"dateModified\":\"2026-01-23T13:03:42+00:00\",\"description\":\"HI-ND Ceiling Mount Tilt (inget h\u00f6lje ing\u00e5r) \u00e4r ett m\u00e5ngsidigt takf\u00e4ste med full r\u00f6relse som \u00e4r utformat f\u00f6r att passa 32\\\"-65\\\" h\u00f6ljen. Displaystorlek:32\\\"-65\\\"\",\"breadcrumb\":{\"@id\":\"https:\\\/\\\/hi-nd.com\\\/sv\\\/produkt\\\/takmontering-for-takholje-copy\\\/#breadcrumb\"},\"inLanguage\":\"sv-SE\",\"potentialAction\":[{\"@type\":\"ReadAction\",\"target\":[\"https:\\\/\\\/hi-nd.com\\\/sv\\\/produkt\\\/takmontering-for-takholje-copy\\\/\"]}]},{\"@type\":\"ImageObject\",\"inLanguage\":\"sv-SE\",\"@id\":\"https:\\\/\\\/hi-nd.com\\\/sv\\\/produkt\\\/takmontering-for-takholje-copy\\\/#primaryimage\",\"url\":\"https:\\\/\\\/hi-nd.com\\\/wp-content\\\/uploads\\\/2025\\\/12\\\/CM5000-5110-1_01-750x750-1.jpg\",\"contentUrl\":\"https:\\\/\\\/hi-nd.com\\\/wp-content\\\/uploads\\\/2025\\\/12\\\/CM5000-5110-1_01-750x750-1.jpg\",\"width\":750,\"height\":750,\"caption\":\"back mounted ceiling mount\"},{\"@type\":\"BreadcrumbList\",\"@id\":\"https:\\\/\\\/hi-nd.com\\\/sv\\\/produkt\\\/takmontering-for-takholje-copy\\\/#breadcrumb\",\"itemListElement\":[{\"@type\":\"ListItem\",\"position\":1,\"name\":\"Home\",\"item\":\"https:\\\/\\\/hi-nd.com\\\/sv\\\/\"},{\"@type\":\"ListItem\",\"position\":2,\"name\":\"Butik\",\"item\":\"https:\\\/\\\/hi-nd.com\\\/sv\\\/butik\\\/\"},{\"@type\":\"ListItem\",\"position\":3,\"name\":\"Takf\u00e4ste f\u00f6r takh\u00f6lje (bakmonterat)\"}]},{\"@type\":\"WebSite\",\"@id\":\"https:\\\/\\\/hi-nd.com\\\/#website\",\"url\":\"https:\\\/\\\/hi-nd.com\\\/\",\"name\":\"HI-ND\",\"description\":\"Mounting Solutions\",\"potentialAction\":[{\"@type\":\"SearchAction\",\"target\":{\"@type\":\"EntryPoint\",\"urlTemplate\":\"https:\\\/\\\/hi-nd.com\\\/?s={search_term_string}\"},\"query-input\":{\"@type\":\"PropertyValueSpecification\",\"valueRequired\":true,\"valueName\":\"search_term_string\"}}],\"inLanguage\":\"sv-SE\"}]}<\/script>\n<!-- \/ Yoast SEO plugin. -->","yoast_head_json":{"title":"Takf\u00e4ste f\u00f6r takh\u00f6lje (bakmonterat) - HI-ND","description":"HI-ND Ceiling Mount Tilt (inget h\u00f6lje ing\u00e5r) \u00e4r ett m\u00e5ngsidigt takf\u00e4ste med full r\u00f6relse som \u00e4r utformat f\u00f6r att passa 32\"-65\" h\u00f6ljen. Displaystorlek:32\"-65\"","robots":{"index":"index","follow":"follow","max-snippet":"max-snippet:-1","max-image-preview":"max-image-preview:large","max-video-preview":"max-video-preview:-1"},"canonical":"https:\/\/hi-nd.com\/sv\/produkt\/takmontering-for-takholje-copy\/","og_locale":"sv_SE","og_type":"article","og_title":"Takf\u00e4ste f\u00f6r takh\u00f6lje (bakmonterat) - HI-ND","og_description":"HI-ND Ceiling Mount Tilt (inget h\u00f6lje ing\u00e5r) \u00e4r ett m\u00e5ngsidigt takf\u00e4ste med full r\u00f6relse som \u00e4r utformat f\u00f6r att passa 32\"-65\" h\u00f6ljen. Displaystorlek:32\"-65\"","og_url":"https:\/\/hi-nd.com\/sv\/produkt\/takmontering-for-takholje-copy\/","og_site_name":"HI-ND","article_modified_time":"2026-01-23T13:03:42+00:00","og_image":[{"width":750,"height":750,"url":"https:\/\/hi-nd.com\/wp-content\/uploads\/2025\/12\/CM5000-5110-1_01-750x750-1.jpg","type":"image\/jpeg"}],"twitter_card":"summary_large_image","schema":{"@context":"https:\/\/schema.org","@graph":[{"@type":"WebPage","@id":"https:\/\/hi-nd.com\/sv\/produkt\/takmontering-for-takholje-copy\/","url":"https:\/\/hi-nd.com\/sv\/produkt\/takmontering-for-takholje-copy\/","name":"Takf\u00e4ste f\u00f6r takh\u00f6lje (bakmonterat) - HI-ND","isPartOf":{"@id":"https:\/\/hi-nd.com\/#website"},"primaryImageOfPage":{"@id":"https:\/\/hi-nd.com\/sv\/produkt\/takmontering-for-takholje-copy\/#primaryimage"},"image":{"@id":"https:\/\/hi-nd.com\/sv\/produkt\/takmontering-for-takholje-copy\/#primaryimage"},"thumbnailUrl":"https:\/\/hi-nd.com\/wp-content\/uploads\/2025\/12\/CM5000-5110-1_01-750x750-1.jpg","datePublished":"2025-12-02T11:28:12+00:00","dateModified":"2026-01-23T13:03:42+00:00","description":"HI-ND Ceiling Mount Tilt (inget h\u00f6lje ing\u00e5r) \u00e4r ett m\u00e5ngsidigt takf\u00e4ste med full r\u00f6relse som \u00e4r utformat f\u00f6r att passa 32\"-65\" h\u00f6ljen. Displaystorlek:32\"-65\"","breadcrumb":{"@id":"https:\/\/hi-nd.com\/sv\/produkt\/takmontering-for-takholje-copy\/#breadcrumb"},"inLanguage":"sv-SE","potentialAction":[{"@type":"ReadAction","target":["https:\/\/hi-nd.com\/sv\/produkt\/takmontering-for-takholje-copy\/"]}]},{"@type":"ImageObject","inLanguage":"sv-SE","@id":"https:\/\/hi-nd.com\/sv\/produkt\/takmontering-for-takholje-copy\/#primaryimage","url":"https:\/\/hi-nd.com\/wp-content\/uploads\/2025\/12\/CM5000-5110-1_01-750x750-1.jpg","contentUrl":"https:\/\/hi-nd.com\/wp-content\/uploads\/2025\/12\/CM5000-5110-1_01-750x750-1.jpg","width":750,"height":750,"caption":"back mounted ceiling mount"},{"@type":"BreadcrumbList","@id":"https:\/\/hi-nd.com\/sv\/produkt\/takmontering-for-takholje-copy\/#breadcrumb","itemListElement":[{"@type":"ListItem","position":1,"name":"Home","item":"https:\/\/hi-nd.com\/sv\/"},{"@type":"ListItem","position":2,"name":"Butik","item":"https:\/\/hi-nd.com\/sv\/butik\/"},{"@type":"ListItem","position":3,"name":"Takf\u00e4ste f\u00f6r takh\u00f6lje (bakmonterat)"}]},{"@type":"WebSite","@id":"https:\/\/hi-nd.com\/#website","url":"https:\/\/hi-nd.com\/","name":"HI-ND","description":"Mounting Solutions","potentialAction":[{"@type":"SearchAction","target":{"@type":"EntryPoint","urlTemplate":"https:\/\/hi-nd.com\/?s={search_term_string}"},"query-input":{"@type":"PropertyValueSpecification","valueRequired":true,"valueName":"search_term_string"}}],"inLanguage":"sv-SE"}]}},"_links":{"self":[{"href":"https:\/\/hi-nd.com\/sv\/wp-json\/wp\/v2\/product\/9354","targetHints":{"allow":["GET"]}}],"collection":[{"href":"https:\/\/hi-nd.com\/sv\/wp-json\/wp\/v2\/product"}],"about":[{"href":"https:\/\/hi-nd.com\/sv\/wp-json\/wp\/v2\/types\/product"}],"wp:featuredmedia":[{"embeddable":true,"href":"https:\/\/hi-nd.com\/sv\/wp-json\/wp\/v2\/media\/9671"}],"wp:attachment":[{"href":"https:\/\/hi-nd.com\/sv\/wp-json\/wp\/v2\/media?parent=9354"}],"wp:term":[{"taxonomy":"product_brand","embeddable":true,"href":"https:\/\/hi-nd.com\/sv\/wp-json\/wp\/v2\/product_brand?post=9354"},{"taxonomy":"product_cat","embeddable":true,"href":"https:\/\/hi-nd.com\/sv\/wp-json\/wp\/v2\/product_cat?post=9354"},{"taxonomy":"product_tag","embeddable":true,"href":"https:\/\/hi-nd.com\/sv\/wp-json\/wp\/v2\/product_tag?post=9354"}],"curies":[{"name":"wp","href":"https:\/\/api.w.org\/{rel}","templated":true}]}}