{"id":8765,"date":"2025-04-02T15:50:34","date_gmt":"2025-04-02T13:50:34","guid":{"rendered":"https:\/\/hi-nd.com\/?post_type=product&#038;p=8765"},"modified":"2026-01-23T14:47:05","modified_gmt":"2026-01-23T13:47:05","slug":"vaggmonterad-led-copy-copy","status":"publish","type":"product","link":"https:\/\/hi-nd.com\/sv\/produkt\/vaggmonterad-led-copy-copy\/","title":{"rendered":"Motoriserat golvstativ f\u00f6r Samsung The Wall"},"content":{"rendered":"<table width=\"692\">\n<tbody>\n<tr>\n<td width=\"103\"><strong> Artikelnummer<\/strong><\/td>\n<td width=\"338\"><strong> Beskrivning<\/strong><\/td>\n<td width=\"83\"><strong> F\u00e4rg<\/strong><\/td>\n<\/tr>\n<tr>\n<td><\/td>\n<td><\/td>\n<td><\/td>\n<\/tr>\n<tr>\n<td><\/td>\n<td><\/td>\n<td><\/td>\n<\/tr>\n<\/tbody>\n<\/table>\n","protected":false},"excerpt":{"rendered":"<p>Skapa en imponerande och flexibel visuell upplevelse! Vi lanserar nu v\u00e5rt f\u00f6rsta motoriserade golvstativ f\u00f6r Samsung The Wall All-in-one IAB 110&#8243; och The Wall All-in-one MMF-A 136&#8243;. <\/p>\n<p>Golvstativet kombinerar robust funktionalitet med en elegant och snygg design, perfekt l\u00e4mpad f\u00f6r att ge b\u00e5de stabilitet och ett professionellt utseende f\u00f6r din installation.<\/p>\n<p>\u2705 M\u00f6jlighet att l\u00e4gga till hjul f\u00f6r enkel f\u00f6rflyttning<\/p>\n<p>\u00c4r du intresserad av en Flight case f\u00f6r bekv\u00e4m transport? Kontakta oss p\u00e5 <a href=\"mailto:info@hi-nd.se\">info@hi-nd.com<\/a> f\u00f6r mer information. <\/p>\n","protected":false},"featured_media":8769,"template":"","meta":[],"product_brand":[],"product_cat":[95,67,115],"product_tag":[],"class_list":{"0":"post-8765","1":"product","2":"type-product","3":"status-publish","4":"has-post-thumbnail","6":"product_cat-golvstallning","7":"product_cat-golv-sv","8":"product_cat-led-sv","10":"first","11":"instock","12":"shipping-taxable","13":"product-type-simple"},"yoast_head":"<!-- This site is optimized with the Yoast SEO plugin v27.3 - https:\/\/yoast.com\/product\/yoast-seo-wordpress\/ -->\n<title>Motoriserat golvstativ f\u00f6r Samsung The Wall - HI-ND<\/title>\n<meta name=\"description\" content=\"Golvstativet kombinerar robust funktionalitet med en elegant och snygg design, perfekt l\u00e4mpad f\u00f6r att ge b\u00e5de stabilitet och ett professionellt utseende f\u00f6r din installation. \u2705 M\u00f6jlighet att l\u00e4gga till hjul f\u00f6r enkel f\u00f6rflyttning\" \/>\n<meta name=\"robots\" content=\"index, follow, max-snippet:-1, max-image-preview:large, max-video-preview:-1\" \/>\n<link rel=\"canonical\" href=\"https:\/\/hi-nd.com\/sv\/produkt\/vaggmonterad-led-copy-copy\/\" \/>\n<meta property=\"og:locale\" content=\"sv_SE\" \/>\n<meta property=\"og:type\" content=\"article\" \/>\n<meta property=\"og:title\" content=\"Motoriserat golvstativ f\u00f6r Samsung The Wall - HI-ND\" \/>\n<meta property=\"og:description\" content=\"Golvstativet kombinerar robust funktionalitet med en elegant och snygg design, perfekt l\u00e4mpad f\u00f6r att ge b\u00e5de stabilitet och ett professionellt utseende f\u00f6r din installation. \u2705 M\u00f6jlighet att l\u00e4gga till hjul f\u00f6r enkel f\u00f6rflyttning\" \/>\n<meta property=\"og:url\" content=\"https:\/\/hi-nd.com\/sv\/produkt\/vaggmonterad-led-copy-copy\/\" \/>\n<meta property=\"og:site_name\" content=\"HI-ND\" \/>\n<meta property=\"article:modified_time\" content=\"2026-01-23T13:47:05+00:00\" \/>\n<meta property=\"og:image\" content=\"https:\/\/hi-nd.com\/wp-content\/uploads\/2025\/04\/The-wall-110-750x750-1.jpg\" \/>\n\t<meta property=\"og:image:width\" content=\"750\" \/>\n\t<meta property=\"og:image:height\" content=\"750\" \/>\n\t<meta property=\"og:image:type\" content=\"image\/jpeg\" \/>\n<meta name=\"twitter:card\" content=\"summary_large_image\" \/>\n<script type=\"application\/ld+json\" class=\"yoast-schema-graph\">{\"@context\":\"https:\\\/\\\/schema.org\",\"@graph\":[{\"@type\":\"WebPage\",\"@id\":\"https:\\\/\\\/hi-nd.com\\\/sv\\\/produkt\\\/vaggmonterad-led-copy-copy\\\/\",\"url\":\"https:\\\/\\\/hi-nd.com\\\/sv\\\/produkt\\\/vaggmonterad-led-copy-copy\\\/\",\"name\":\"Motoriserat golvstativ f\u00f6r Samsung The Wall - HI-ND\",\"isPartOf\":{\"@id\":\"https:\\\/\\\/hi-nd.com\\\/#website\"},\"primaryImageOfPage\":{\"@id\":\"https:\\\/\\\/hi-nd.com\\\/sv\\\/produkt\\\/vaggmonterad-led-copy-copy\\\/#primaryimage\"},\"image\":{\"@id\":\"https:\\\/\\\/hi-nd.com\\\/sv\\\/produkt\\\/vaggmonterad-led-copy-copy\\\/#primaryimage\"},\"thumbnailUrl\":\"https:\\\/\\\/hi-nd.com\\\/wp-content\\\/uploads\\\/2025\\\/04\\\/The-wall-110-750x750-1.jpg\",\"datePublished\":\"2025-04-02T13:50:34+00:00\",\"dateModified\":\"2026-01-23T13:47:05+00:00\",\"description\":\"Golvstativet kombinerar robust funktionalitet med en elegant och snygg design, perfekt l\u00e4mpad f\u00f6r att ge b\u00e5de stabilitet och ett professionellt utseende f\u00f6r din installation. \u2705 M\u00f6jlighet att l\u00e4gga till hjul f\u00f6r enkel f\u00f6rflyttning\",\"breadcrumb\":{\"@id\":\"https:\\\/\\\/hi-nd.com\\\/sv\\\/produkt\\\/vaggmonterad-led-copy-copy\\\/#breadcrumb\"},\"inLanguage\":\"sv-SE\",\"potentialAction\":[{\"@type\":\"ReadAction\",\"target\":[\"https:\\\/\\\/hi-nd.com\\\/sv\\\/produkt\\\/vaggmonterad-led-copy-copy\\\/\"]}]},{\"@type\":\"ImageObject\",\"inLanguage\":\"sv-SE\",\"@id\":\"https:\\\/\\\/hi-nd.com\\\/sv\\\/produkt\\\/vaggmonterad-led-copy-copy\\\/#primaryimage\",\"url\":\"https:\\\/\\\/hi-nd.com\\\/wp-content\\\/uploads\\\/2025\\\/04\\\/The-wall-110-750x750-1.jpg\",\"contentUrl\":\"https:\\\/\\\/hi-nd.com\\\/wp-content\\\/uploads\\\/2025\\\/04\\\/The-wall-110-750x750-1.jpg\",\"width\":750,\"height\":750,\"caption\":\"Golvst\u00e4lf\u00f6r \\\"The Wall\\\"\"},{\"@type\":\"BreadcrumbList\",\"@id\":\"https:\\\/\\\/hi-nd.com\\\/sv\\\/produkt\\\/vaggmonterad-led-copy-copy\\\/#breadcrumb\",\"itemListElement\":[{\"@type\":\"ListItem\",\"position\":1,\"name\":\"Home\",\"item\":\"https:\\\/\\\/hi-nd.com\\\/sv\\\/\"},{\"@type\":\"ListItem\",\"position\":2,\"name\":\"Butik\",\"item\":\"https:\\\/\\\/hi-nd.com\\\/sv\\\/butik\\\/\"},{\"@type\":\"ListItem\",\"position\":3,\"name\":\"Motoriserat golvstativ f\u00f6r Samsung The Wall\"}]},{\"@type\":\"WebSite\",\"@id\":\"https:\\\/\\\/hi-nd.com\\\/#website\",\"url\":\"https:\\\/\\\/hi-nd.com\\\/\",\"name\":\"HI-ND\",\"description\":\"Mounting Solutions\",\"potentialAction\":[{\"@type\":\"SearchAction\",\"target\":{\"@type\":\"EntryPoint\",\"urlTemplate\":\"https:\\\/\\\/hi-nd.com\\\/?s={search_term_string}\"},\"query-input\":{\"@type\":\"PropertyValueSpecification\",\"valueRequired\":true,\"valueName\":\"search_term_string\"}}],\"inLanguage\":\"sv-SE\"}]}<\/script>\n<!-- \/ Yoast SEO plugin. -->","yoast_head_json":{"title":"Motoriserat golvstativ f\u00f6r Samsung The Wall - HI-ND","description":"Golvstativet kombinerar robust funktionalitet med en elegant och snygg design, perfekt l\u00e4mpad f\u00f6r att ge b\u00e5de stabilitet och ett professionellt utseende f\u00f6r din installation. \u2705 M\u00f6jlighet att l\u00e4gga till hjul f\u00f6r enkel f\u00f6rflyttning","robots":{"index":"index","follow":"follow","max-snippet":"max-snippet:-1","max-image-preview":"max-image-preview:large","max-video-preview":"max-video-preview:-1"},"canonical":"https:\/\/hi-nd.com\/sv\/produkt\/vaggmonterad-led-copy-copy\/","og_locale":"sv_SE","og_type":"article","og_title":"Motoriserat golvstativ f\u00f6r Samsung The Wall - HI-ND","og_description":"Golvstativet kombinerar robust funktionalitet med en elegant och snygg design, perfekt l\u00e4mpad f\u00f6r att ge b\u00e5de stabilitet och ett professionellt utseende f\u00f6r din installation. \u2705 M\u00f6jlighet att l\u00e4gga till hjul f\u00f6r enkel f\u00f6rflyttning","og_url":"https:\/\/hi-nd.com\/sv\/produkt\/vaggmonterad-led-copy-copy\/","og_site_name":"HI-ND","article_modified_time":"2026-01-23T13:47:05+00:00","og_image":[{"width":750,"height":750,"url":"https:\/\/hi-nd.com\/wp-content\/uploads\/2025\/04\/The-wall-110-750x750-1.jpg","type":"image\/jpeg"}],"twitter_card":"summary_large_image","schema":{"@context":"https:\/\/schema.org","@graph":[{"@type":"WebPage","@id":"https:\/\/hi-nd.com\/sv\/produkt\/vaggmonterad-led-copy-copy\/","url":"https:\/\/hi-nd.com\/sv\/produkt\/vaggmonterad-led-copy-copy\/","name":"Motoriserat golvstativ f\u00f6r Samsung The Wall - HI-ND","isPartOf":{"@id":"https:\/\/hi-nd.com\/#website"},"primaryImageOfPage":{"@id":"https:\/\/hi-nd.com\/sv\/produkt\/vaggmonterad-led-copy-copy\/#primaryimage"},"image":{"@id":"https:\/\/hi-nd.com\/sv\/produkt\/vaggmonterad-led-copy-copy\/#primaryimage"},"thumbnailUrl":"https:\/\/hi-nd.com\/wp-content\/uploads\/2025\/04\/The-wall-110-750x750-1.jpg","datePublished":"2025-04-02T13:50:34+00:00","dateModified":"2026-01-23T13:47:05+00:00","description":"Golvstativet kombinerar robust funktionalitet med en elegant och snygg design, perfekt l\u00e4mpad f\u00f6r att ge b\u00e5de stabilitet och ett professionellt utseende f\u00f6r din installation. \u2705 M\u00f6jlighet att l\u00e4gga till hjul f\u00f6r enkel f\u00f6rflyttning","breadcrumb":{"@id":"https:\/\/hi-nd.com\/sv\/produkt\/vaggmonterad-led-copy-copy\/#breadcrumb"},"inLanguage":"sv-SE","potentialAction":[{"@type":"ReadAction","target":["https:\/\/hi-nd.com\/sv\/produkt\/vaggmonterad-led-copy-copy\/"]}]},{"@type":"ImageObject","inLanguage":"sv-SE","@id":"https:\/\/hi-nd.com\/sv\/produkt\/vaggmonterad-led-copy-copy\/#primaryimage","url":"https:\/\/hi-nd.com\/wp-content\/uploads\/2025\/04\/The-wall-110-750x750-1.jpg","contentUrl":"https:\/\/hi-nd.com\/wp-content\/uploads\/2025\/04\/The-wall-110-750x750-1.jpg","width":750,"height":750,"caption":"Golvst\u00e4lf\u00f6r \"The Wall\""},{"@type":"BreadcrumbList","@id":"https:\/\/hi-nd.com\/sv\/produkt\/vaggmonterad-led-copy-copy\/#breadcrumb","itemListElement":[{"@type":"ListItem","position":1,"name":"Home","item":"https:\/\/hi-nd.com\/sv\/"},{"@type":"ListItem","position":2,"name":"Butik","item":"https:\/\/hi-nd.com\/sv\/butik\/"},{"@type":"ListItem","position":3,"name":"Motoriserat golvstativ f\u00f6r Samsung The Wall"}]},{"@type":"WebSite","@id":"https:\/\/hi-nd.com\/#website","url":"https:\/\/hi-nd.com\/","name":"HI-ND","description":"Mounting Solutions","potentialAction":[{"@type":"SearchAction","target":{"@type":"EntryPoint","urlTemplate":"https:\/\/hi-nd.com\/?s={search_term_string}"},"query-input":{"@type":"PropertyValueSpecification","valueRequired":true,"valueName":"search_term_string"}}],"inLanguage":"sv-SE"}]}},"_links":{"self":[{"href":"https:\/\/hi-nd.com\/sv\/wp-json\/wp\/v2\/product\/8765","targetHints":{"allow":["GET"]}}],"collection":[{"href":"https:\/\/hi-nd.com\/sv\/wp-json\/wp\/v2\/product"}],"about":[{"href":"https:\/\/hi-nd.com\/sv\/wp-json\/wp\/v2\/types\/product"}],"wp:featuredmedia":[{"embeddable":true,"href":"https:\/\/hi-nd.com\/sv\/wp-json\/wp\/v2\/media\/8769"}],"wp:attachment":[{"href":"https:\/\/hi-nd.com\/sv\/wp-json\/wp\/v2\/media?parent=8765"}],"wp:term":[{"taxonomy":"product_brand","embeddable":true,"href":"https:\/\/hi-nd.com\/sv\/wp-json\/wp\/v2\/product_brand?post=8765"},{"taxonomy":"product_cat","embeddable":true,"href":"https:\/\/hi-nd.com\/sv\/wp-json\/wp\/v2\/product_cat?post=8765"},{"taxonomy":"product_tag","embeddable":true,"href":"https:\/\/hi-nd.com\/sv\/wp-json\/wp\/v2\/product_tag?post=8765"}],"curies":[{"name":"wp","href":"https:\/\/api.w.org\/{rel}","templated":true}]}}