{"id":8746,"date":"2025-04-01T09:42:42","date_gmt":"2025-04-01T07:42:42","guid":{"rendered":"https:\/\/hi-nd.com\/?post_type=product&#038;p=8746"},"modified":"2026-01-23T14:49:25","modified_gmt":"2026-01-23T13:49:25","slug":"vaggmonterad-led-copy","status":"publish","type":"product","link":"https:\/\/hi-nd.com\/sv\/produkt\/vaggmonterad-led-copy\/","title":{"rendered":"LED Totem"},"content":{"rendered":"<table width=\"692\">\n<tbody>\n<tr>\n<td width=\"103\"><strong> Artikelnummer<\/strong><\/td>\n<td width=\"338\"><strong> Beskrivning<\/strong><\/td>\n<td width=\"83\"><strong> F\u00e4rg<\/strong><\/td>\n<\/tr>\n<tr>\n<td> LT2100-5001-01<\/td>\n<td> LED Totem<\/td>\n<td> vit<\/td>\n<\/tr>\n<tr>\n<td> LT2100-5001-02<\/td>\n<td> LED Totem<\/td>\n<td> Svart<\/td>\n<\/tr>\n<\/tbody>\n<\/table>\n","protected":false},"excerpt":{"rendered":"<p>Vi erbjuder nu en 2x1m HI-ND LED totem f\u00f6r LG LED.<\/p>\n<p>Kontakta oss p\u00e5 <a href=\"mailto:info@hi-nd.se\">info@hi-nd.se<\/a> f\u00f6r mer information.<\/p>\n","protected":false},"featured_media":8751,"template":"","meta":[],"product_brand":[],"product_cat":[115],"product_tag":[],"class_list":{"0":"post-8746","1":"product","2":"type-product","3":"status-publish","4":"has-post-thumbnail","6":"product_cat-led-sv","8":"first","9":"instock","10":"shipping-taxable","11":"product-type-simple"},"yoast_head":"<!-- This site is optimized with the Yoast SEO plugin v27.3 - https:\/\/yoast.com\/product\/yoast-seo-wordpress\/ -->\n<title>LED Totem - HI-ND<\/title>\n<meta name=\"description\" content=\"Golvstativet kombinerar robust funktionalitet med en elegant och snygg design, perfekt l\u00e4mpad f\u00f6r att ge b\u00e5de stabilitet och ett professionellt utseende f\u00f6r din installation. \u2705 M\u00f6jlighet att l\u00e4gga till hjul f\u00f6r enkel f\u00f6rflyttning\" \/>\n<meta name=\"robots\" content=\"index, follow, max-snippet:-1, max-image-preview:large, max-video-preview:-1\" \/>\n<link rel=\"canonical\" href=\"https:\/\/hi-nd.com\/sv\/produkt\/vaggmonterad-led-copy\/\" \/>\n<meta property=\"og:locale\" content=\"sv_SE\" \/>\n<meta property=\"og:type\" content=\"article\" \/>\n<meta property=\"og:title\" content=\"LED Totem - HI-ND\" \/>\n<meta property=\"og:description\" content=\"Golvstativet kombinerar robust funktionalitet med en elegant och snygg design, perfekt l\u00e4mpad f\u00f6r att ge b\u00e5de stabilitet och ett professionellt utseende f\u00f6r din installation. \u2705 M\u00f6jlighet att l\u00e4gga till hjul f\u00f6r enkel f\u00f6rflyttning\" \/>\n<meta property=\"og:url\" content=\"https:\/\/hi-nd.com\/sv\/produkt\/vaggmonterad-led-copy\/\" \/>\n<meta property=\"og:site_name\" content=\"HI-ND\" \/>\n<meta property=\"article:modified_time\" content=\"2026-01-23T13:49:25+00:00\" \/>\n<meta property=\"og:image\" content=\"https:\/\/hi-nd.com\/wp-content\/uploads\/2025\/04\/Kappahl-LED-totem-750x750-1.jpg\" \/>\n\t<meta property=\"og:image:width\" content=\"750\" \/>\n\t<meta property=\"og:image:height\" content=\"750\" \/>\n\t<meta property=\"og:image:type\" content=\"image\/jpeg\" \/>\n<meta name=\"twitter:card\" content=\"summary_large_image\" \/>\n<script type=\"application\/ld+json\" class=\"yoast-schema-graph\">{\"@context\":\"https:\\\/\\\/schema.org\",\"@graph\":[{\"@type\":\"WebPage\",\"@id\":\"https:\\\/\\\/hi-nd.com\\\/sv\\\/produkt\\\/vaggmonterad-led-copy\\\/\",\"url\":\"https:\\\/\\\/hi-nd.com\\\/sv\\\/produkt\\\/vaggmonterad-led-copy\\\/\",\"name\":\"LED Totem - HI-ND\",\"isPartOf\":{\"@id\":\"https:\\\/\\\/hi-nd.com\\\/#website\"},\"primaryImageOfPage\":{\"@id\":\"https:\\\/\\\/hi-nd.com\\\/sv\\\/produkt\\\/vaggmonterad-led-copy\\\/#primaryimage\"},\"image\":{\"@id\":\"https:\\\/\\\/hi-nd.com\\\/sv\\\/produkt\\\/vaggmonterad-led-copy\\\/#primaryimage\"},\"thumbnailUrl\":\"https:\\\/\\\/hi-nd.com\\\/wp-content\\\/uploads\\\/2025\\\/04\\\/Kappahl-LED-totem-750x750-1.jpg\",\"datePublished\":\"2025-04-01T07:42:42+00:00\",\"dateModified\":\"2026-01-23T13:49:25+00:00\",\"description\":\"Golvstativet kombinerar robust funktionalitet med en elegant och snygg design, perfekt l\u00e4mpad f\u00f6r att ge b\u00e5de stabilitet och ett professionellt utseende f\u00f6r din installation. \u2705 M\u00f6jlighet att l\u00e4gga till hjul f\u00f6r enkel f\u00f6rflyttning\",\"breadcrumb\":{\"@id\":\"https:\\\/\\\/hi-nd.com\\\/sv\\\/produkt\\\/vaggmonterad-led-copy\\\/#breadcrumb\"},\"inLanguage\":\"sv-SE\",\"potentialAction\":[{\"@type\":\"ReadAction\",\"target\":[\"https:\\\/\\\/hi-nd.com\\\/sv\\\/produkt\\\/vaggmonterad-led-copy\\\/\"]}]},{\"@type\":\"ImageObject\",\"inLanguage\":\"sv-SE\",\"@id\":\"https:\\\/\\\/hi-nd.com\\\/sv\\\/produkt\\\/vaggmonterad-led-copy\\\/#primaryimage\",\"url\":\"https:\\\/\\\/hi-nd.com\\\/wp-content\\\/uploads\\\/2025\\\/04\\\/Kappahl-LED-totem-750x750-1.jpg\",\"contentUrl\":\"https:\\\/\\\/hi-nd.com\\\/wp-content\\\/uploads\\\/2025\\\/04\\\/Kappahl-LED-totem-750x750-1.jpg\",\"width\":750,\"height\":750,\"caption\":\"LED Totem\"},{\"@type\":\"BreadcrumbList\",\"@id\":\"https:\\\/\\\/hi-nd.com\\\/sv\\\/produkt\\\/vaggmonterad-led-copy\\\/#breadcrumb\",\"itemListElement\":[{\"@type\":\"ListItem\",\"position\":1,\"name\":\"Home\",\"item\":\"https:\\\/\\\/hi-nd.com\\\/sv\\\/\"},{\"@type\":\"ListItem\",\"position\":2,\"name\":\"Butik\",\"item\":\"https:\\\/\\\/hi-nd.com\\\/sv\\\/butik\\\/\"},{\"@type\":\"ListItem\",\"position\":3,\"name\":\"LED Totem\"}]},{\"@type\":\"WebSite\",\"@id\":\"https:\\\/\\\/hi-nd.com\\\/#website\",\"url\":\"https:\\\/\\\/hi-nd.com\\\/\",\"name\":\"HI-ND\",\"description\":\"Mounting Solutions\",\"potentialAction\":[{\"@type\":\"SearchAction\",\"target\":{\"@type\":\"EntryPoint\",\"urlTemplate\":\"https:\\\/\\\/hi-nd.com\\\/?s={search_term_string}\"},\"query-input\":{\"@type\":\"PropertyValueSpecification\",\"valueRequired\":true,\"valueName\":\"search_term_string\"}}],\"inLanguage\":\"sv-SE\"}]}<\/script>\n<!-- \/ Yoast SEO plugin. -->","yoast_head_json":{"title":"LED Totem - HI-ND","description":"Golvstativet kombinerar robust funktionalitet med en elegant och snygg design, perfekt l\u00e4mpad f\u00f6r att ge b\u00e5de stabilitet och ett professionellt utseende f\u00f6r din installation. \u2705 M\u00f6jlighet att l\u00e4gga till hjul f\u00f6r enkel f\u00f6rflyttning","robots":{"index":"index","follow":"follow","max-snippet":"max-snippet:-1","max-image-preview":"max-image-preview:large","max-video-preview":"max-video-preview:-1"},"canonical":"https:\/\/hi-nd.com\/sv\/produkt\/vaggmonterad-led-copy\/","og_locale":"sv_SE","og_type":"article","og_title":"LED Totem - HI-ND","og_description":"Golvstativet kombinerar robust funktionalitet med en elegant och snygg design, perfekt l\u00e4mpad f\u00f6r att ge b\u00e5de stabilitet och ett professionellt utseende f\u00f6r din installation. \u2705 M\u00f6jlighet att l\u00e4gga till hjul f\u00f6r enkel f\u00f6rflyttning","og_url":"https:\/\/hi-nd.com\/sv\/produkt\/vaggmonterad-led-copy\/","og_site_name":"HI-ND","article_modified_time":"2026-01-23T13:49:25+00:00","og_image":[{"width":750,"height":750,"url":"https:\/\/hi-nd.com\/wp-content\/uploads\/2025\/04\/Kappahl-LED-totem-750x750-1.jpg","type":"image\/jpeg"}],"twitter_card":"summary_large_image","schema":{"@context":"https:\/\/schema.org","@graph":[{"@type":"WebPage","@id":"https:\/\/hi-nd.com\/sv\/produkt\/vaggmonterad-led-copy\/","url":"https:\/\/hi-nd.com\/sv\/produkt\/vaggmonterad-led-copy\/","name":"LED Totem - HI-ND","isPartOf":{"@id":"https:\/\/hi-nd.com\/#website"},"primaryImageOfPage":{"@id":"https:\/\/hi-nd.com\/sv\/produkt\/vaggmonterad-led-copy\/#primaryimage"},"image":{"@id":"https:\/\/hi-nd.com\/sv\/produkt\/vaggmonterad-led-copy\/#primaryimage"},"thumbnailUrl":"https:\/\/hi-nd.com\/wp-content\/uploads\/2025\/04\/Kappahl-LED-totem-750x750-1.jpg","datePublished":"2025-04-01T07:42:42+00:00","dateModified":"2026-01-23T13:49:25+00:00","description":"Golvstativet kombinerar robust funktionalitet med en elegant och snygg design, perfekt l\u00e4mpad f\u00f6r att ge b\u00e5de stabilitet och ett professionellt utseende f\u00f6r din installation. \u2705 M\u00f6jlighet att l\u00e4gga till hjul f\u00f6r enkel f\u00f6rflyttning","breadcrumb":{"@id":"https:\/\/hi-nd.com\/sv\/produkt\/vaggmonterad-led-copy\/#breadcrumb"},"inLanguage":"sv-SE","potentialAction":[{"@type":"ReadAction","target":["https:\/\/hi-nd.com\/sv\/produkt\/vaggmonterad-led-copy\/"]}]},{"@type":"ImageObject","inLanguage":"sv-SE","@id":"https:\/\/hi-nd.com\/sv\/produkt\/vaggmonterad-led-copy\/#primaryimage","url":"https:\/\/hi-nd.com\/wp-content\/uploads\/2025\/04\/Kappahl-LED-totem-750x750-1.jpg","contentUrl":"https:\/\/hi-nd.com\/wp-content\/uploads\/2025\/04\/Kappahl-LED-totem-750x750-1.jpg","width":750,"height":750,"caption":"LED Totem"},{"@type":"BreadcrumbList","@id":"https:\/\/hi-nd.com\/sv\/produkt\/vaggmonterad-led-copy\/#breadcrumb","itemListElement":[{"@type":"ListItem","position":1,"name":"Home","item":"https:\/\/hi-nd.com\/sv\/"},{"@type":"ListItem","position":2,"name":"Butik","item":"https:\/\/hi-nd.com\/sv\/butik\/"},{"@type":"ListItem","position":3,"name":"LED Totem"}]},{"@type":"WebSite","@id":"https:\/\/hi-nd.com\/#website","url":"https:\/\/hi-nd.com\/","name":"HI-ND","description":"Mounting Solutions","potentialAction":[{"@type":"SearchAction","target":{"@type":"EntryPoint","urlTemplate":"https:\/\/hi-nd.com\/?s={search_term_string}"},"query-input":{"@type":"PropertyValueSpecification","valueRequired":true,"valueName":"search_term_string"}}],"inLanguage":"sv-SE"}]}},"_links":{"self":[{"href":"https:\/\/hi-nd.com\/sv\/wp-json\/wp\/v2\/product\/8746","targetHints":{"allow":["GET"]}}],"collection":[{"href":"https:\/\/hi-nd.com\/sv\/wp-json\/wp\/v2\/product"}],"about":[{"href":"https:\/\/hi-nd.com\/sv\/wp-json\/wp\/v2\/types\/product"}],"wp:featuredmedia":[{"embeddable":true,"href":"https:\/\/hi-nd.com\/sv\/wp-json\/wp\/v2\/media\/8751"}],"wp:attachment":[{"href":"https:\/\/hi-nd.com\/sv\/wp-json\/wp\/v2\/media?parent=8746"}],"wp:term":[{"taxonomy":"product_brand","embeddable":true,"href":"https:\/\/hi-nd.com\/sv\/wp-json\/wp\/v2\/product_brand?post=8746"},{"taxonomy":"product_cat","embeddable":true,"href":"https:\/\/hi-nd.com\/sv\/wp-json\/wp\/v2\/product_cat?post=8746"},{"taxonomy":"product_tag","embeddable":true,"href":"https:\/\/hi-nd.com\/sv\/wp-json\/wp\/v2\/product_tag?post=8746"}],"curies":[{"name":"wp","href":"https:\/\/api.w.org\/{rel}","templated":true}]}}