{"id":7429,"date":"2024-09-02T15:53:10","date_gmt":"2024-09-02T13:53:10","guid":{"rendered":"https:\/\/hi-nd.com\/?post_type=product&#038;p=7429"},"modified":"2026-01-26T09:42:36","modified_gmt":"2026-01-26T08:42:36","slug":"videorad-portratt-copy","status":"publish","type":"product","link":"https:\/\/hi-nd.com\/sv\/produkt\/videorad-portratt-copy\/","title":{"rendered":"Menytavla med tilt"},"content":{"rendered":"<table style=\"font-size: 14.4px;\" width=\"800\">\n<tbody>\n<tr>\n<td width=\"109\">Artikelnummer<\/td>\n<td width=\"220\">Beskrivning<\/td>\n<td width=\"481\">Sk\u00e4rmar som st\u00f6ds<\/td>\n<\/tr>\n<tr>\n<td>VR3222-0101<\/td>\n<td> Menytavla, liggande, 1&#215;32&#8243;<\/td>\n<td> Alla displayer<\/td>\n<\/tr>\n<tr>\n<td>VR3222-0201<\/td>\n<td> Menytavla, liggande, 2&#215;32&#8243;<\/td>\n<td> Alla displayer<\/td>\n<\/tr>\n<tr>\n<td>VR3222-0301<\/td>\n<td> Menytavla, liggande, 3&#215;32&#8243;<\/td>\n<td> Alla displayer<\/td>\n<\/tr>\n<tr>\n<td>VR3222-0401<\/td>\n<td> Menytavla, liggande, 4&#215;32&#8243;<\/td>\n<td> Alla displayer<\/td>\n<\/tr>\n<tr>\n<td>VR3222-0501<\/td>\n<td> Menytavla, liggande, 5&#215;32&#8243;<\/td>\n<td> Alla displayer<\/td>\n<\/tr>\n<tr>\n<td>VR3222-0601<\/td>\n<td> Menytavla, liggande, 6&#215;32&#8243;<\/td>\n<td> Alla displayer<\/td>\n<\/tr>\n<tr>\n<td>VR4322-0101<\/td>\n<td> Menytavla, liggande, 1&#215;43&#8243;<\/td>\n<td> Alla displayer<\/td>\n<\/tr>\n<tr>\n<td>VR4322-0201<\/td>\n<td> Menytavla, liggande, 2&#215;43&#8243;<\/td>\n<td> Alla displayer<\/td>\n<\/tr>\n<tr>\n<td>VR4322-0301<\/td>\n<td> Menytavla, liggande, 3&#215;43&#8243;<\/td>\n<td> Alla displayer<\/td>\n<\/tr>\n<tr>\n<td>VR4322-0401<\/td>\n<td> Menytavla, liggande, 4&#215;43&#8243;<\/td>\n<td> Alla displayer<\/td>\n<\/tr>\n<tr>\n<td>VR4322-0501<\/td>\n<td> Menytavla, liggande, 5&#215;43&#8243;<\/td>\n<td> Alla displayer<\/td>\n<\/tr>\n<tr>\n<td>VR4322-0601<\/td>\n<td> Menytavla, liggande, 6&#215;43&#8243;<\/td>\n<td> Alla displayer<\/td>\n<\/tr>\n<tr>\n<td>VR5022-0101<\/td>\n<td> Menytavla, liggande, 1&#215;50&#8243;<\/td>\n<td> Alla sk\u00e4rmar<\/td>\n<\/tr>\n<tr>\n<td>VR5022-0201<\/td>\n<td> Menytavla, liggande, 2&#215;50&#8243;<\/td>\n<td> Alla displayer<\/td>\n<\/tr>\n<tr>\n<td>VR5022-0301<\/td>\n<td> Menytavla, liggande, 3&#215;50&#8243;<\/td>\n<td> Alla sk\u00e4rmar<\/td>\n<\/tr>\n<tr>\n<td>VR5022-0401<\/td>\n<td> Menytavla, liggande, 4&#215;50&#8243;<\/td>\n<td> Alla displayer<\/td>\n<\/tr>\n<tr>\n<td>VR5022-0501<\/td>\n<td> Menytavla, liggande, 5&#215;50&#8243;<\/td>\n<td> Alla displayer<\/td>\n<\/tr>\n<tr>\n<td>VR5022-0601<\/td>\n<td> Menytavla, liggande, 6&#215;50&#8243;<\/td>\n<td> Alla displayer<\/td>\n<\/tr>\n<tr>\n<td>VR5522-0101<\/td>\n<td> Menytavla, liggande, 1&#215;55&#8243;<\/td>\n<td> Alla sk\u00e4rmar<\/td>\n<\/tr>\n<tr>\n<td>VR5522-0201<\/td>\n<td> Menytavla, liggande, 2&#215;55&#8243;<\/td>\n<td> Alla displayer<\/td>\n<\/tr>\n<tr>\n<td>VR5522-0301<\/td>\n<td> Menytavla, liggande, 3&#215;55&#8243;<\/td>\n<td> Alla sk\u00e4rmar<\/td>\n<\/tr>\n<tr>\n<td>VR5522-0401<\/td>\n<td> Menytavla, liggande, 4&#215;55&#8243;<\/td>\n<td> Alla displayer<\/td>\n<\/tr>\n<tr>\n<td>VR5522-0501<\/td>\n<td> Menytavla, liggande, 5&#215;55&#8243;<\/td>\n<td> Alla displayer<\/td>\n<\/tr>\n<tr>\n<td>VR5522-0601<\/td>\n<td> Menytavla, liggande, 6&#215;55&#8243;<\/td>\n<td> Alla displayer<\/td>\n<\/tr>\n<tr>\n<td><\/td>\n<td><\/td>\n<td><\/td>\n<\/tr>\n<tr>\n<td>VR3222-5101<\/td>\n<td> Menytavla, st\u00e5ende, 1&#215;32&#8243;<\/td>\n<td> Alla sk\u00e4rmar<\/td>\n<\/tr>\n<tr>\n<td>VR3222-5201<\/td>\n<td> Menytavla, st\u00e5ende, 2&#215;32&#8243;<\/td>\n<td> Alla sk\u00e4rmar<\/td>\n<\/tr>\n<tr>\n<td>VR3222-5301<\/td>\n<td> Menytavla, st\u00e5ende, 3&#215;32&#8243;<\/td>\n<td> Alla sk\u00e4rmar<\/td>\n<\/tr>\n<tr>\n<td>VR3222-5401<\/td>\n<td> Menytavla, st\u00e5ende, 4&#215;32&#8243;<\/td>\n<td> Alla displayer<\/td>\n<\/tr>\n<tr>\n<td>VR3222-5501<\/td>\n<td> Menytavla, st\u00e5ende, 5&#215;32&#8243;<\/td>\n<td> Alla displayer<\/td>\n<\/tr>\n<tr>\n<td>VR3222-5601<\/td>\n<td> Menytavla, st\u00e5ende, 6&#215;32&#8243;<\/td>\n<td> Alla sk\u00e4rmar<\/td>\n<\/tr>\n<tr>\n<td>VR4322-5101<\/td>\n<td> Menytavla, portr\u00e4tt, 1&#215;43&#8243;<\/td>\n<td> Alla sk\u00e4rmar<\/td>\n<\/tr>\n<tr>\n<td>VR4322-5201<\/td>\n<td> Menytavla, portr\u00e4tt, 2&#215;43&#8243;<\/td>\n<td> Alla sk\u00e4rmar<\/td>\n<\/tr>\n<tr>\n<td>VR4322-5301<\/td>\n<td> Menytavla, portr\u00e4tt, 3&#215;43&#8243;<\/td>\n<td> Alla sk\u00e4rmar<\/td>\n<\/tr>\n<tr>\n<td>VR4322-5401<\/td>\n<td> Menytavla, st\u00e5ende, 4&#215;43&#8243;<\/td>\n<td> Alla displayer<\/td>\n<\/tr>\n<tr>\n<td>VR4322-5501<\/td>\n<td> Menytavla, st\u00e5ende, 5&#215;43&#8243;<\/td>\n<td> Alla displayer<\/td>\n<\/tr>\n<tr>\n<td>VR4322-5601<\/td>\n<td> Menytavla, st\u00e5ende, 6&#215;43&#8243;<\/td>\n<td> Alla displayer<\/td>\n<\/tr>\n<tr>\n<td>VR5022-5101<\/td>\n<td> Menytavla, st\u00e5ende, 1&#215;50&#8243;<\/td>\n<td> Alla sk\u00e4rmar<\/td>\n<\/tr>\n<tr>\n<td>VR5022-5201<\/td>\n<td> Menytavla, st\u00e5ende, 2&#215;50&#8243;<\/td>\n<td> Alla sk\u00e4rmar<\/td>\n<\/tr>\n<tr>\n<td>VR5022-5301<\/td>\n<td> Menytavla, st\u00e5ende, 3&#215;50&#8243;<\/td>\n<td> Alla sk\u00e4rmar<\/td>\n<\/tr>\n<tr>\n<td>VR5022-5401<\/td>\n<td> Menytavla, st\u00e5ende, 4&#215;50&#8243;<\/td>\n<td> Alla sk\u00e4rmar<\/td>\n<\/tr>\n<tr>\n<td>VR5022-5501<\/td>\n<td> Menytavla, st\u00e5ende, 5&#215;50&#8243;<\/td>\n<td> Alla sk\u00e4rmar<\/td>\n<\/tr>\n<tr>\n<td>VR5022-5601<\/td>\n<td> Menytavla, st\u00e5ende, 6&#215;50&#8243;<\/td>\n<td> Alla sk\u00e4rmar<\/td>\n<\/tr>\n<tr>\n<td>VR5522-5101<\/td>\n<td> Menytavla, st\u00e5ende, 1&#215;55&#8243;<\/td>\n<td>Alla sk\u00e4rmar<\/td>\n<\/tr>\n<tr>\n<td>VR5522-5201<\/td>\n<td> Menytavla, st\u00e5ende, 2&#215;55&#8243;<\/td>\n<td>Alla sk\u00e4rmar<\/td>\n<\/tr>\n<tr>\n<td>VR5522-5301<\/td>\n<td> Menytavla, st\u00e5ende, 3&#215;55&#8243;<\/td>\n<td>Alla sk\u00e4rmar<\/td>\n<\/tr>\n<tr>\n<td>VR5522-5401<\/td>\n<td> Menytavla, st\u00e5ende, 4&#215;55&#8243;<\/td>\n<td>Alla sk\u00e4rmar<\/td>\n<\/tr>\n<tr>\n<td>VR5522-5501<\/td>\n<td> Menytavla, st\u00e5ende, 5&#215;55&#8243;<\/td>\n<td>Alla displayer<\/td>\n<\/tr>\n<tr>\n<td>VR5522-5601<\/td>\n<td> Menytavla, st\u00e5ende, 6&#215;55&#8243;<\/td>\n<td>Alla displayer<\/td>\n<\/tr>\n<\/tbody>\n<\/table>\n","protected":false},"excerpt":{"rendered":"<p>V\u00e5r menytavla med tilt \u00e4r ett enkelt och mycket kostnadseffektivt s\u00e4tt att bygga en menytavla med flera sk\u00e4rmar p\u00e5 rad. F\u00e4stet g\u00f6r det enkelt att placera valfritt antal sk\u00e4rmar exakt i linje och \u00e4r den perfekta l\u00f6sningen f\u00f6r restauranger. Rekommenderad sk\u00e4rmstorlek \u00e4r 32\u2033 till 55\u2033.  <\/p>\n<ul>\n<li>Enkelt och mycket kostnadseffektivt<\/li>\n<li>VESA: 200&#215;200, 300&#215;300, 400&#215;400 och 600&#215;400<\/li>\n<li>Enkel kabelhantering<\/li>\n<li>L\u00f6sningar f\u00f6r menytavlor eller videov\u00e4ggar<\/li>\n<li>Installation fr\u00e5n kant till kant<\/li>\n<li>Utformad f\u00f6r alla sk\u00e4rmar<\/li>\n<li>Portr\u00e4tt och landskap tillg\u00e4ngligt<\/li>\n<li>Kontakta oss f\u00f6r att f\u00e5 en skr\u00e4ddarsydd l\u00f6sning f\u00f6r ett specifikt projekt<\/li>\n<\/ul>\n","protected":false},"featured_media":7461,"template":"","meta":[],"product_brand":[],"product_cat":[89,122],"product_tag":[],"class_list":{"0":"post-7429","1":"product","2":"type-product","3":"status-publish","4":"has-post-thumbnail","6":"product_cat-wall-sv","7":"product_cat-video-row-sv","9":"first","10":"instock","11":"shipping-taxable","12":"product-type-simple"},"yoast_head":"<!-- This site is optimized with the Yoast SEO plugin v27.3 - https:\/\/yoast.com\/product\/yoast-seo-wordpress\/ -->\n<title>Menytavla med tilt - HI-ND<\/title>\n<meta name=\"description\" content=\"Ett enkelt och mycket kostnadseffektivt s\u00e4tt att bygga en menyrad med flera sk\u00e4rmar i rad. Rekommenderad displaystorlek 22\u2033 till 55\u2033.\" \/>\n<meta name=\"robots\" content=\"index, follow, max-snippet:-1, max-image-preview:large, max-video-preview:-1\" \/>\n<link rel=\"canonical\" href=\"https:\/\/hi-nd.com\/sv\/produkt\/videorad-portratt-copy\/\" \/>\n<meta property=\"og:locale\" content=\"sv_SE\" \/>\n<meta property=\"og:type\" content=\"article\" \/>\n<meta property=\"og:title\" content=\"Menytavla med tilt - HI-ND\" \/>\n<meta property=\"og:description\" content=\"Ett enkelt och mycket kostnadseffektivt s\u00e4tt att bygga en menyrad med flera sk\u00e4rmar i rad. Rekommenderad displaystorlek 22\u2033 till 55\u2033.\" \/>\n<meta property=\"og:url\" content=\"https:\/\/hi-nd.com\/sv\/produkt\/videorad-portratt-copy\/\" \/>\n<meta property=\"og:site_name\" content=\"HI-ND\" \/>\n<meta property=\"article:modified_time\" content=\"2026-01-26T08:42:36+00:00\" \/>\n<meta property=\"og:image\" content=\"https:\/\/hi-nd.com\/wp-content\/uploads\/2024\/09\/VR0022-01-750x750-1.png\" \/>\n\t<meta property=\"og:image:width\" content=\"750\" \/>\n\t<meta property=\"og:image:height\" content=\"750\" \/>\n\t<meta property=\"og:image:type\" content=\"image\/png\" \/>\n<meta name=\"twitter:card\" content=\"summary_large_image\" \/>\n<meta name=\"twitter:label1\" content=\"Ber\u00e4knad l\u00e4stid\" \/>\n\t<meta name=\"twitter:data1\" content=\"2 minuter\" \/>\n<script type=\"application\/ld+json\" class=\"yoast-schema-graph\">{\"@context\":\"https:\\\/\\\/schema.org\",\"@graph\":[{\"@type\":\"WebPage\",\"@id\":\"https:\\\/\\\/hi-nd.com\\\/sv\\\/produkt\\\/videorad-portratt-copy\\\/\",\"url\":\"https:\\\/\\\/hi-nd.com\\\/sv\\\/produkt\\\/videorad-portratt-copy\\\/\",\"name\":\"Menytavla med tilt - HI-ND\",\"isPartOf\":{\"@id\":\"https:\\\/\\\/hi-nd.com\\\/#website\"},\"primaryImageOfPage\":{\"@id\":\"https:\\\/\\\/hi-nd.com\\\/sv\\\/produkt\\\/videorad-portratt-copy\\\/#primaryimage\"},\"image\":{\"@id\":\"https:\\\/\\\/hi-nd.com\\\/sv\\\/produkt\\\/videorad-portratt-copy\\\/#primaryimage\"},\"thumbnailUrl\":\"https:\\\/\\\/hi-nd.com\\\/wp-content\\\/uploads\\\/2024\\\/09\\\/VR0022-01-750x750-1.png\",\"datePublished\":\"2024-09-02T13:53:10+00:00\",\"dateModified\":\"2026-01-26T08:42:36+00:00\",\"description\":\"Ett enkelt och mycket kostnadseffektivt s\u00e4tt att bygga en menyrad med flera sk\u00e4rmar i rad. Rekommenderad displaystorlek 22\u2033 till 55\u2033.\",\"breadcrumb\":{\"@id\":\"https:\\\/\\\/hi-nd.com\\\/sv\\\/produkt\\\/videorad-portratt-copy\\\/#breadcrumb\"},\"inLanguage\":\"sv-SE\",\"potentialAction\":[{\"@type\":\"ReadAction\",\"target\":[\"https:\\\/\\\/hi-nd.com\\\/sv\\\/produkt\\\/videorad-portratt-copy\\\/\"]}]},{\"@type\":\"ImageObject\",\"inLanguage\":\"sv-SE\",\"@id\":\"https:\\\/\\\/hi-nd.com\\\/sv\\\/produkt\\\/videorad-portratt-copy\\\/#primaryimage\",\"url\":\"https:\\\/\\\/hi-nd.com\\\/wp-content\\\/uploads\\\/2024\\\/09\\\/VR0022-01-750x750-1.png\",\"contentUrl\":\"https:\\\/\\\/hi-nd.com\\\/wp-content\\\/uploads\\\/2024\\\/09\\\/VR0022-01-750x750-1.png\",\"width\":750,\"height\":750,\"caption\":\"Videorow Tilt\"},{\"@type\":\"BreadcrumbList\",\"@id\":\"https:\\\/\\\/hi-nd.com\\\/sv\\\/produkt\\\/videorad-portratt-copy\\\/#breadcrumb\",\"itemListElement\":[{\"@type\":\"ListItem\",\"position\":1,\"name\":\"Home\",\"item\":\"https:\\\/\\\/hi-nd.com\\\/sv\\\/\"},{\"@type\":\"ListItem\",\"position\":2,\"name\":\"Butik\",\"item\":\"https:\\\/\\\/hi-nd.com\\\/sv\\\/butik\\\/\"},{\"@type\":\"ListItem\",\"position\":3,\"name\":\"Menytavla med tilt\"}]},{\"@type\":\"WebSite\",\"@id\":\"https:\\\/\\\/hi-nd.com\\\/#website\",\"url\":\"https:\\\/\\\/hi-nd.com\\\/\",\"name\":\"HI-ND\",\"description\":\"Mounting Solutions\",\"potentialAction\":[{\"@type\":\"SearchAction\",\"target\":{\"@type\":\"EntryPoint\",\"urlTemplate\":\"https:\\\/\\\/hi-nd.com\\\/?s={search_term_string}\"},\"query-input\":{\"@type\":\"PropertyValueSpecification\",\"valueRequired\":true,\"valueName\":\"search_term_string\"}}],\"inLanguage\":\"sv-SE\"}]}<\/script>\n<!-- \/ Yoast SEO plugin. -->","yoast_head_json":{"title":"Menytavla med tilt - HI-ND","description":"Ett enkelt och mycket kostnadseffektivt s\u00e4tt att bygga en menyrad med flera sk\u00e4rmar i rad. Rekommenderad displaystorlek 22\u2033 till 55\u2033.","robots":{"index":"index","follow":"follow","max-snippet":"max-snippet:-1","max-image-preview":"max-image-preview:large","max-video-preview":"max-video-preview:-1"},"canonical":"https:\/\/hi-nd.com\/sv\/produkt\/videorad-portratt-copy\/","og_locale":"sv_SE","og_type":"article","og_title":"Menytavla med tilt - HI-ND","og_description":"Ett enkelt och mycket kostnadseffektivt s\u00e4tt att bygga en menyrad med flera sk\u00e4rmar i rad. Rekommenderad displaystorlek 22\u2033 till 55\u2033.","og_url":"https:\/\/hi-nd.com\/sv\/produkt\/videorad-portratt-copy\/","og_site_name":"HI-ND","article_modified_time":"2026-01-26T08:42:36+00:00","og_image":[{"width":750,"height":750,"url":"https:\/\/hi-nd.com\/wp-content\/uploads\/2024\/09\/VR0022-01-750x750-1.png","type":"image\/png"}],"twitter_card":"summary_large_image","twitter_misc":{"Ber\u00e4knad l\u00e4stid":"2 minuter"},"schema":{"@context":"https:\/\/schema.org","@graph":[{"@type":"WebPage","@id":"https:\/\/hi-nd.com\/sv\/produkt\/videorad-portratt-copy\/","url":"https:\/\/hi-nd.com\/sv\/produkt\/videorad-portratt-copy\/","name":"Menytavla med tilt - HI-ND","isPartOf":{"@id":"https:\/\/hi-nd.com\/#website"},"primaryImageOfPage":{"@id":"https:\/\/hi-nd.com\/sv\/produkt\/videorad-portratt-copy\/#primaryimage"},"image":{"@id":"https:\/\/hi-nd.com\/sv\/produkt\/videorad-portratt-copy\/#primaryimage"},"thumbnailUrl":"https:\/\/hi-nd.com\/wp-content\/uploads\/2024\/09\/VR0022-01-750x750-1.png","datePublished":"2024-09-02T13:53:10+00:00","dateModified":"2026-01-26T08:42:36+00:00","description":"Ett enkelt och mycket kostnadseffektivt s\u00e4tt att bygga en menyrad med flera sk\u00e4rmar i rad. Rekommenderad displaystorlek 22\u2033 till 55\u2033.","breadcrumb":{"@id":"https:\/\/hi-nd.com\/sv\/produkt\/videorad-portratt-copy\/#breadcrumb"},"inLanguage":"sv-SE","potentialAction":[{"@type":"ReadAction","target":["https:\/\/hi-nd.com\/sv\/produkt\/videorad-portratt-copy\/"]}]},{"@type":"ImageObject","inLanguage":"sv-SE","@id":"https:\/\/hi-nd.com\/sv\/produkt\/videorad-portratt-copy\/#primaryimage","url":"https:\/\/hi-nd.com\/wp-content\/uploads\/2024\/09\/VR0022-01-750x750-1.png","contentUrl":"https:\/\/hi-nd.com\/wp-content\/uploads\/2024\/09\/VR0022-01-750x750-1.png","width":750,"height":750,"caption":"Videorow Tilt"},{"@type":"BreadcrumbList","@id":"https:\/\/hi-nd.com\/sv\/produkt\/videorad-portratt-copy\/#breadcrumb","itemListElement":[{"@type":"ListItem","position":1,"name":"Home","item":"https:\/\/hi-nd.com\/sv\/"},{"@type":"ListItem","position":2,"name":"Butik","item":"https:\/\/hi-nd.com\/sv\/butik\/"},{"@type":"ListItem","position":3,"name":"Menytavla med tilt"}]},{"@type":"WebSite","@id":"https:\/\/hi-nd.com\/#website","url":"https:\/\/hi-nd.com\/","name":"HI-ND","description":"Mounting Solutions","potentialAction":[{"@type":"SearchAction","target":{"@type":"EntryPoint","urlTemplate":"https:\/\/hi-nd.com\/?s={search_term_string}"},"query-input":{"@type":"PropertyValueSpecification","valueRequired":true,"valueName":"search_term_string"}}],"inLanguage":"sv-SE"}]}},"_links":{"self":[{"href":"https:\/\/hi-nd.com\/sv\/wp-json\/wp\/v2\/product\/7429","targetHints":{"allow":["GET"]}}],"collection":[{"href":"https:\/\/hi-nd.com\/sv\/wp-json\/wp\/v2\/product"}],"about":[{"href":"https:\/\/hi-nd.com\/sv\/wp-json\/wp\/v2\/types\/product"}],"wp:featuredmedia":[{"embeddable":true,"href":"https:\/\/hi-nd.com\/sv\/wp-json\/wp\/v2\/media\/7461"}],"wp:attachment":[{"href":"https:\/\/hi-nd.com\/sv\/wp-json\/wp\/v2\/media?parent=7429"}],"wp:term":[{"taxonomy":"product_brand","embeddable":true,"href":"https:\/\/hi-nd.com\/sv\/wp-json\/wp\/v2\/product_brand?post=7429"},{"taxonomy":"product_cat","embeddable":true,"href":"https:\/\/hi-nd.com\/sv\/wp-json\/wp\/v2\/product_cat?post=7429"},{"taxonomy":"product_tag","embeddable":true,"href":"https:\/\/hi-nd.com\/sv\/wp-json\/wp\/v2\/product_tag?post=7429"}],"curies":[{"name":"wp","href":"https:\/\/api.w.org\/{rel}","templated":true}]}}