{"id":7198,"date":"2024-05-24T13:48:03","date_gmt":"2024-05-24T11:48:03","guid":{"rendered":"https:\/\/hi-nd.com\/?post_type=product&#038;p=7198"},"modified":"2026-01-26T14:27:31","modified_gmt":"2026-01-26T13:27:31","slug":"nytt-takholje-fonster-for-samsung-om55-copy","status":"publish","type":"product","link":"https:\/\/hi-nd.com\/sv\/produkt\/nytt-takholje-fonster-for-samsung-om55-copy\/","title":{"rendered":"Totem 55&#8243; f\u00f6r utomhusbruk sida vid sida f\u00f6r LG"},"content":{"rendered":"<table style=\"height: 100px;\" width=\"773\">\n<tbody>\n<tr>\n<td width=\"170\">Part number<\/td>\n<td width=\"230 \">Description<\/td>\n<td width=\"330 \">Compatible screens<\/td>\n<td width=\"73\">Color<\/td>\n<\/tr>\n<tr>\n<td>MD5519-6101-01<\/td>\n<td> Sida-vid-sida Utomhus Totem 55&#8243;<\/td>\n<td><\/td>\n<td> Vit<\/td>\n<\/tr>\n<tr>\n<td>MD5519-6101-02<\/td>\n<td> Side-by-side Utomhus Totem 55&#8243;<\/td>\n<td><\/td>\n<td> Svart<\/td>\n<\/tr>\n<\/tbody>\n<\/table>\n","protected":false},"excerpt":{"rendered":"<p>Den h\u00e4r nya produkten \u00e4r en Side-by-side Totem f\u00f6r utomhusbruk. Den \u00e4r avsedd f\u00f6r LG 55&#8243; och finns i f\u00e4rgerna vit och svart.<\/p>\n<p>&nbsp;<\/p>\n<p>F\u00f6r att kunna f\u00e4sta totemet p\u00e5 ett s\u00e4kert s\u00e4tt m\u00e5ste ett gediget grundarbete utf\u00f6ras. HI-ND-Project har l\u00e5ng erfarenhet av att skapa grundf\u00f6ruts\u00e4ttningar. <a href=\"https:\/\/hi-nd-project.com\/groundwork\/\">  L\u00e4s mer och boka dem h\u00e4r.<\/a><\/p>\n","protected":false},"featured_media":7206,"template":"","meta":[],"product_brand":[],"product_cat":[69],"product_tag":[],"class_list":{"0":"post-7198","1":"product","2":"type-product","3":"status-publish","4":"has-post-thumbnail","6":"product_cat-outdoor-sv","8":"first","9":"instock","10":"shipping-taxable","11":"product-type-simple"},"yoast_head":"<!-- This site is optimized with the Yoast SEO plugin v27.3 - https:\/\/yoast.com\/product\/yoast-seo-wordpress\/ -->\n<title>Totem 55&quot; f\u00f6r utomhusbruk sida vid sida f\u00f6r LG - HI-ND<\/title>\n<meta name=\"robots\" content=\"index, follow, max-snippet:-1, max-image-preview:large, max-video-preview:-1\" \/>\n<link rel=\"canonical\" href=\"https:\/\/hi-nd.com\/sv\/produkt\/nytt-takholje-fonster-for-samsung-om55-copy\/\" \/>\n<meta property=\"og:locale\" content=\"sv_SE\" \/>\n<meta property=\"og:type\" content=\"article\" \/>\n<meta property=\"og:title\" content=\"Totem 55&quot; f\u00f6r utomhusbruk sida vid sida f\u00f6r LG - HI-ND\" \/>\n<meta property=\"og:description\" content=\"Den h\u00e4r nya produkten \u00e4r en Side-by-side Totem f\u00f6r utomhusbruk. Den \u00e4r avsedd f\u00f6r LG 55&quot; och finns i f\u00e4rgerna vit och svart. &nbsp; F\u00f6r att kunna f\u00e4sta totemet p\u00e5 ett s\u00e4kert s\u00e4tt m\u00e5ste ett gediget grundarbete utf\u00f6ras. HI-ND-Project har l\u00e5ng erfarenhet av att skapa grundf\u00f6ruts\u00e4ttningar.  L\u00e4s mer och boka dem h\u00e4r.\" \/>\n<meta property=\"og:url\" content=\"https:\/\/hi-nd.com\/sv\/produkt\/nytt-takholje-fonster-for-samsung-om55-copy\/\" \/>\n<meta property=\"og:site_name\" content=\"HI-ND\" \/>\n<meta property=\"article:modified_time\" content=\"2026-01-26T13:27:31+00:00\" \/>\n<meta property=\"og:image\" content=\"https:\/\/hi-nd.com\/wp-content\/uploads\/2024\/05\/Max-Sidebyside-totem-pic2-750x750-1.jpg\" \/>\n\t<meta property=\"og:image:width\" content=\"750\" \/>\n\t<meta property=\"og:image:height\" content=\"750\" \/>\n\t<meta property=\"og:image:type\" content=\"image\/jpeg\" \/>\n<meta name=\"twitter:card\" content=\"summary_large_image\" \/>\n<script type=\"application\/ld+json\" class=\"yoast-schema-graph\">{\"@context\":\"https:\\\/\\\/schema.org\",\"@graph\":[{\"@type\":\"WebPage\",\"@id\":\"https:\\\/\\\/hi-nd.com\\\/sv\\\/produkt\\\/nytt-takholje-fonster-for-samsung-om55-copy\\\/\",\"url\":\"https:\\\/\\\/hi-nd.com\\\/sv\\\/produkt\\\/nytt-takholje-fonster-for-samsung-om55-copy\\\/\",\"name\":\"Totem 55\\\" f\u00f6r utomhusbruk sida vid sida f\u00f6r LG - HI-ND\",\"isPartOf\":{\"@id\":\"https:\\\/\\\/hi-nd.com\\\/#website\"},\"primaryImageOfPage\":{\"@id\":\"https:\\\/\\\/hi-nd.com\\\/sv\\\/produkt\\\/nytt-takholje-fonster-for-samsung-om55-copy\\\/#primaryimage\"},\"image\":{\"@id\":\"https:\\\/\\\/hi-nd.com\\\/sv\\\/produkt\\\/nytt-takholje-fonster-for-samsung-om55-copy\\\/#primaryimage\"},\"thumbnailUrl\":\"https:\\\/\\\/hi-nd.com\\\/wp-content\\\/uploads\\\/2024\\\/05\\\/Max-Sidebyside-totem-pic2-750x750-1.jpg\",\"datePublished\":\"2024-05-24T11:48:03+00:00\",\"dateModified\":\"2026-01-26T13:27:31+00:00\",\"breadcrumb\":{\"@id\":\"https:\\\/\\\/hi-nd.com\\\/sv\\\/produkt\\\/nytt-takholje-fonster-for-samsung-om55-copy\\\/#breadcrumb\"},\"inLanguage\":\"sv-SE\",\"potentialAction\":[{\"@type\":\"ReadAction\",\"target\":[\"https:\\\/\\\/hi-nd.com\\\/sv\\\/produkt\\\/nytt-takholje-fonster-for-samsung-om55-copy\\\/\"]}]},{\"@type\":\"ImageObject\",\"inLanguage\":\"sv-SE\",\"@id\":\"https:\\\/\\\/hi-nd.com\\\/sv\\\/produkt\\\/nytt-takholje-fonster-for-samsung-om55-copy\\\/#primaryimage\",\"url\":\"https:\\\/\\\/hi-nd.com\\\/wp-content\\\/uploads\\\/2024\\\/05\\\/Max-Sidebyside-totem-pic2-750x750-1.jpg\",\"contentUrl\":\"https:\\\/\\\/hi-nd.com\\\/wp-content\\\/uploads\\\/2024\\\/05\\\/Max-Sidebyside-totem-pic2-750x750-1.jpg\",\"width\":750,\"height\":750,\"caption\":\"Totem f\u00f6r utomhusbruk 55\\\" sida vid sida f\u00f6r LG\"},{\"@type\":\"BreadcrumbList\",\"@id\":\"https:\\\/\\\/hi-nd.com\\\/sv\\\/produkt\\\/nytt-takholje-fonster-for-samsung-om55-copy\\\/#breadcrumb\",\"itemListElement\":[{\"@type\":\"ListItem\",\"position\":1,\"name\":\"Home\",\"item\":\"https:\\\/\\\/hi-nd.com\\\/sv\\\/\"},{\"@type\":\"ListItem\",\"position\":2,\"name\":\"Butik\",\"item\":\"https:\\\/\\\/hi-nd.com\\\/sv\\\/butik\\\/\"},{\"@type\":\"ListItem\",\"position\":3,\"name\":\"Totem 55&#8243; f\u00f6r utomhusbruk sida vid sida f\u00f6r LG\"}]},{\"@type\":\"WebSite\",\"@id\":\"https:\\\/\\\/hi-nd.com\\\/#website\",\"url\":\"https:\\\/\\\/hi-nd.com\\\/\",\"name\":\"HI-ND\",\"description\":\"Mounting Solutions\",\"potentialAction\":[{\"@type\":\"SearchAction\",\"target\":{\"@type\":\"EntryPoint\",\"urlTemplate\":\"https:\\\/\\\/hi-nd.com\\\/?s={search_term_string}\"},\"query-input\":{\"@type\":\"PropertyValueSpecification\",\"valueRequired\":true,\"valueName\":\"search_term_string\"}}],\"inLanguage\":\"sv-SE\"}]}<\/script>\n<!-- \/ Yoast SEO plugin. -->","yoast_head_json":{"title":"Totem 55\" f\u00f6r utomhusbruk sida vid sida f\u00f6r LG - HI-ND","robots":{"index":"index","follow":"follow","max-snippet":"max-snippet:-1","max-image-preview":"max-image-preview:large","max-video-preview":"max-video-preview:-1"},"canonical":"https:\/\/hi-nd.com\/sv\/produkt\/nytt-takholje-fonster-for-samsung-om55-copy\/","og_locale":"sv_SE","og_type":"article","og_title":"Totem 55\" f\u00f6r utomhusbruk sida vid sida f\u00f6r LG - HI-ND","og_description":"Den h\u00e4r nya produkten \u00e4r en Side-by-side Totem f\u00f6r utomhusbruk. Den \u00e4r avsedd f\u00f6r LG 55\" och finns i f\u00e4rgerna vit och svart. &nbsp; F\u00f6r att kunna f\u00e4sta totemet p\u00e5 ett s\u00e4kert s\u00e4tt m\u00e5ste ett gediget grundarbete utf\u00f6ras. HI-ND-Project har l\u00e5ng erfarenhet av att skapa grundf\u00f6ruts\u00e4ttningar.  L\u00e4s mer och boka dem h\u00e4r.","og_url":"https:\/\/hi-nd.com\/sv\/produkt\/nytt-takholje-fonster-for-samsung-om55-copy\/","og_site_name":"HI-ND","article_modified_time":"2026-01-26T13:27:31+00:00","og_image":[{"width":750,"height":750,"url":"https:\/\/hi-nd.com\/wp-content\/uploads\/2024\/05\/Max-Sidebyside-totem-pic2-750x750-1.jpg","type":"image\/jpeg"}],"twitter_card":"summary_large_image","schema":{"@context":"https:\/\/schema.org","@graph":[{"@type":"WebPage","@id":"https:\/\/hi-nd.com\/sv\/produkt\/nytt-takholje-fonster-for-samsung-om55-copy\/","url":"https:\/\/hi-nd.com\/sv\/produkt\/nytt-takholje-fonster-for-samsung-om55-copy\/","name":"Totem 55\" f\u00f6r utomhusbruk sida vid sida f\u00f6r LG - HI-ND","isPartOf":{"@id":"https:\/\/hi-nd.com\/#website"},"primaryImageOfPage":{"@id":"https:\/\/hi-nd.com\/sv\/produkt\/nytt-takholje-fonster-for-samsung-om55-copy\/#primaryimage"},"image":{"@id":"https:\/\/hi-nd.com\/sv\/produkt\/nytt-takholje-fonster-for-samsung-om55-copy\/#primaryimage"},"thumbnailUrl":"https:\/\/hi-nd.com\/wp-content\/uploads\/2024\/05\/Max-Sidebyside-totem-pic2-750x750-1.jpg","datePublished":"2024-05-24T11:48:03+00:00","dateModified":"2026-01-26T13:27:31+00:00","breadcrumb":{"@id":"https:\/\/hi-nd.com\/sv\/produkt\/nytt-takholje-fonster-for-samsung-om55-copy\/#breadcrumb"},"inLanguage":"sv-SE","potentialAction":[{"@type":"ReadAction","target":["https:\/\/hi-nd.com\/sv\/produkt\/nytt-takholje-fonster-for-samsung-om55-copy\/"]}]},{"@type":"ImageObject","inLanguage":"sv-SE","@id":"https:\/\/hi-nd.com\/sv\/produkt\/nytt-takholje-fonster-for-samsung-om55-copy\/#primaryimage","url":"https:\/\/hi-nd.com\/wp-content\/uploads\/2024\/05\/Max-Sidebyside-totem-pic2-750x750-1.jpg","contentUrl":"https:\/\/hi-nd.com\/wp-content\/uploads\/2024\/05\/Max-Sidebyside-totem-pic2-750x750-1.jpg","width":750,"height":750,"caption":"Totem f\u00f6r utomhusbruk 55\" sida vid sida f\u00f6r LG"},{"@type":"BreadcrumbList","@id":"https:\/\/hi-nd.com\/sv\/produkt\/nytt-takholje-fonster-for-samsung-om55-copy\/#breadcrumb","itemListElement":[{"@type":"ListItem","position":1,"name":"Home","item":"https:\/\/hi-nd.com\/sv\/"},{"@type":"ListItem","position":2,"name":"Butik","item":"https:\/\/hi-nd.com\/sv\/butik\/"},{"@type":"ListItem","position":3,"name":"Totem 55&#8243; f\u00f6r utomhusbruk sida vid sida f\u00f6r LG"}]},{"@type":"WebSite","@id":"https:\/\/hi-nd.com\/#website","url":"https:\/\/hi-nd.com\/","name":"HI-ND","description":"Mounting Solutions","potentialAction":[{"@type":"SearchAction","target":{"@type":"EntryPoint","urlTemplate":"https:\/\/hi-nd.com\/?s={search_term_string}"},"query-input":{"@type":"PropertyValueSpecification","valueRequired":true,"valueName":"search_term_string"}}],"inLanguage":"sv-SE"}]}},"_links":{"self":[{"href":"https:\/\/hi-nd.com\/sv\/wp-json\/wp\/v2\/product\/7198","targetHints":{"allow":["GET"]}}],"collection":[{"href":"https:\/\/hi-nd.com\/sv\/wp-json\/wp\/v2\/product"}],"about":[{"href":"https:\/\/hi-nd.com\/sv\/wp-json\/wp\/v2\/types\/product"}],"wp:featuredmedia":[{"embeddable":true,"href":"https:\/\/hi-nd.com\/sv\/wp-json\/wp\/v2\/media\/7206"}],"wp:attachment":[{"href":"https:\/\/hi-nd.com\/sv\/wp-json\/wp\/v2\/media?parent=7198"}],"wp:term":[{"taxonomy":"product_brand","embeddable":true,"href":"https:\/\/hi-nd.com\/sv\/wp-json\/wp\/v2\/product_brand?post=7198"},{"taxonomy":"product_cat","embeddable":true,"href":"https:\/\/hi-nd.com\/sv\/wp-json\/wp\/v2\/product_cat?post=7198"},{"taxonomy":"product_tag","embeddable":true,"href":"https:\/\/hi-nd.com\/sv\/wp-json\/wp\/v2\/product_tag?post=7198"}],"curies":[{"name":"wp","href":"https:\/\/api.w.org\/{rel}","templated":true}]}}