{"id":7169,"date":"2024-05-06T15:24:09","date_gmt":"2024-05-06T13:24:09","guid":{"rendered":"https:\/\/hi-nd.com\/?post_type=product&#038;p=7169"},"modified":"2024-05-06T15:39:07","modified_gmt":"2024-05-06T13:39:07","slug":"universalmontering-pa-pelare-copy","status":"publish","type":"product","link":"https:\/\/hi-nd.com\/sv\/produkt\/universalmontering-pa-pelare-copy\/","title":{"rendered":"Annons f\u00f6r pelarmontering"},"content":{"rendered":"<table style=\"font-size: 14.4px;\" width=\"753\">\n<tbody>\n<tr>\n<td width=\"125\">Artikelnummer<\/td>\n<td width=\"581\">Beskrivning<\/td>\n<td width=\"47\">F\u00e4rg<\/td>\n<\/tr>\n<tr>\n<td>PB0011-5108-01<\/td>\n<td>F\u00f6rl\u00e4ngningsband &#8211; Upp till 70 cm i diameter<\/td>\n<td>Vit<\/td>\n<\/tr>\n<tr>\n<td>PB0011-5107-01<\/td>\n<td>F\u00f6rl\u00e4ngningsband &#8211; Upp till 70 cm i diameter<\/td>\n<td>Svart<\/td>\n<\/tr>\n<\/tbody>\n<\/table>\n","protected":false},"excerpt":{"rendered":"<p>HI-ND Pillar Mount Advert, 70 cm, kan anv\u00e4ndas f\u00f6r <a href=\"https:\/\/hi-nd.com\/product\/wall-casing-advert\/\" target=\"_blank\" rel=\"noopener\">Wall Casing Advert<\/a>. Pelarf\u00e4stet \u00e4r utformat f\u00f6r sk\u00e4rmar mellan 55&#8243;-85&#8243; och finns i b\u00e5de svart och vitt.<\/p>\n<ul>\n<li>Utformad f\u00f6r 55\u2033 &#8211; 85\u2033 sk\u00e4rmar<\/li>\n<li>Levereras i svart eller vit f\u00e4rg<\/li>\n<\/ul>\n","protected":false},"featured_media":7173,"template":"","meta":[],"product_brand":[],"product_cat":[118],"product_tag":[],"class_list":{"0":"post-7169","1":"product","2":"type-product","3":"status-publish","4":"has-post-thumbnail","6":"product_cat-pelare","8":"first","9":"instock","10":"shipping-taxable","11":"product-type-simple"},"yoast_head":"<!-- This site is optimized with the Yoast SEO plugin v27.4 - https:\/\/yoast.com\/product\/yoast-seo-wordpress\/ -->\n<title>Annons f\u00f6r pelarmontering - HI-ND<\/title>\n<meta name=\"description\" content=\"HI-ND pelarf\u00e4ste kan anv\u00e4ndas f\u00f6r alla cirkul\u00e4ra pelare. Den fungerar med VESA 200\u00d7200, 300\u00d7300, 400\u00d7400. Den kan lutas upp till 15 grader.\" \/>\n<meta name=\"robots\" content=\"index, follow, max-snippet:-1, max-image-preview:large, max-video-preview:-1\" \/>\n<link rel=\"canonical\" href=\"https:\/\/hi-nd.com\/sv\/produkt\/universalmontering-pa-pelare-copy\/\" \/>\n<meta property=\"og:locale\" content=\"sv_SE\" \/>\n<meta property=\"og:type\" content=\"article\" \/>\n<meta property=\"og:title\" content=\"Annons f\u00f6r pelarmontering - HI-ND\" \/>\n<meta property=\"og:description\" content=\"HI-ND pelarf\u00e4ste kan anv\u00e4ndas f\u00f6r alla cirkul\u00e4ra pelare. Den fungerar med VESA 200\u00d7200, 300\u00d7300, 400\u00d7400. Den kan lutas upp till 15 grader.\" \/>\n<meta property=\"og:url\" content=\"https:\/\/hi-nd.com\/sv\/produkt\/universalmontering-pa-pelare-copy\/\" \/>\n<meta property=\"og:site_name\" content=\"HI-ND\" \/>\n<meta property=\"article:modified_time\" content=\"2024-05-06T13:39:07+00:00\" \/>\n<meta property=\"og:image\" content=\"https:\/\/hi-nd.com\/wp-content\/uploads\/2024\/05\/MG_8910-dualiso-ny-scaled.jpg\" \/>\n\t<meta property=\"og:image:width\" content=\"2104\" \/>\n\t<meta property=\"og:image:height\" content=\"2560\" \/>\n\t<meta property=\"og:image:type\" content=\"image\/jpeg\" \/>\n<meta name=\"twitter:card\" content=\"summary_large_image\" \/>\n<script type=\"application\/ld+json\" class=\"yoast-schema-graph\">{\"@context\":\"https:\\\/\\\/schema.org\",\"@graph\":[{\"@type\":\"WebPage\",\"@id\":\"https:\\\/\\\/hi-nd.com\\\/sv\\\/produkt\\\/universalmontering-pa-pelare-copy\\\/\",\"url\":\"https:\\\/\\\/hi-nd.com\\\/sv\\\/produkt\\\/universalmontering-pa-pelare-copy\\\/\",\"name\":\"Annons f\u00f6r pelarmontering - HI-ND\",\"isPartOf\":{\"@id\":\"https:\\\/\\\/hi-nd.com\\\/#website\"},\"primaryImageOfPage\":{\"@id\":\"https:\\\/\\\/hi-nd.com\\\/sv\\\/produkt\\\/universalmontering-pa-pelare-copy\\\/#primaryimage\"},\"image\":{\"@id\":\"https:\\\/\\\/hi-nd.com\\\/sv\\\/produkt\\\/universalmontering-pa-pelare-copy\\\/#primaryimage\"},\"thumbnailUrl\":\"https:\\\/\\\/hi-nd.com\\\/wp-content\\\/uploads\\\/2024\\\/05\\\/MG_8910-dualiso-ny-scaled.jpg\",\"datePublished\":\"2024-05-06T13:24:09+00:00\",\"dateModified\":\"2024-05-06T13:39:07+00:00\",\"description\":\"HI-ND pelarf\u00e4ste kan anv\u00e4ndas f\u00f6r alla cirkul\u00e4ra pelare. Den fungerar med VESA 200\u00d7200, 300\u00d7300, 400\u00d7400. Den kan lutas upp till 15 grader.\",\"breadcrumb\":{\"@id\":\"https:\\\/\\\/hi-nd.com\\\/sv\\\/produkt\\\/universalmontering-pa-pelare-copy\\\/#breadcrumb\"},\"inLanguage\":\"sv-SE\",\"potentialAction\":[{\"@type\":\"ReadAction\",\"target\":[\"https:\\\/\\\/hi-nd.com\\\/sv\\\/produkt\\\/universalmontering-pa-pelare-copy\\\/\"]}]},{\"@type\":\"ImageObject\",\"inLanguage\":\"sv-SE\",\"@id\":\"https:\\\/\\\/hi-nd.com\\\/sv\\\/produkt\\\/universalmontering-pa-pelare-copy\\\/#primaryimage\",\"url\":\"https:\\\/\\\/hi-nd.com\\\/wp-content\\\/uploads\\\/2024\\\/05\\\/MG_8910-dualiso-ny-scaled.jpg\",\"contentUrl\":\"https:\\\/\\\/hi-nd.com\\\/wp-content\\\/uploads\\\/2024\\\/05\\\/MG_8910-dualiso-ny-scaled.jpg\",\"width\":2104,\"height\":2560,\"caption\":\"Pillar Mount Advert\"},{\"@type\":\"BreadcrumbList\",\"@id\":\"https:\\\/\\\/hi-nd.com\\\/sv\\\/produkt\\\/universalmontering-pa-pelare-copy\\\/#breadcrumb\",\"itemListElement\":[{\"@type\":\"ListItem\",\"position\":1,\"name\":\"Home\",\"item\":\"https:\\\/\\\/hi-nd.com\\\/sv\\\/\"},{\"@type\":\"ListItem\",\"position\":2,\"name\":\"Butik\",\"item\":\"https:\\\/\\\/hi-nd.com\\\/sv\\\/butik\\\/\"},{\"@type\":\"ListItem\",\"position\":3,\"name\":\"Annons f\u00f6r pelarmontering\"}]},{\"@type\":\"WebSite\",\"@id\":\"https:\\\/\\\/hi-nd.com\\\/#website\",\"url\":\"https:\\\/\\\/hi-nd.com\\\/\",\"name\":\"HI-ND\",\"description\":\"Mounting Solutions\",\"potentialAction\":[{\"@type\":\"SearchAction\",\"target\":{\"@type\":\"EntryPoint\",\"urlTemplate\":\"https:\\\/\\\/hi-nd.com\\\/?s={search_term_string}\"},\"query-input\":{\"@type\":\"PropertyValueSpecification\",\"valueRequired\":true,\"valueName\":\"search_term_string\"}}],\"inLanguage\":\"sv-SE\"}]}<\/script>\n<!-- \/ Yoast SEO plugin. -->","yoast_head_json":{"title":"Annons f\u00f6r pelarmontering - HI-ND","description":"HI-ND pelarf\u00e4ste kan anv\u00e4ndas f\u00f6r alla cirkul\u00e4ra pelare. Den fungerar med VESA 200\u00d7200, 300\u00d7300, 400\u00d7400. Den kan lutas upp till 15 grader.","robots":{"index":"index","follow":"follow","max-snippet":"max-snippet:-1","max-image-preview":"max-image-preview:large","max-video-preview":"max-video-preview:-1"},"canonical":"https:\/\/hi-nd.com\/sv\/produkt\/universalmontering-pa-pelare-copy\/","og_locale":"sv_SE","og_type":"article","og_title":"Annons f\u00f6r pelarmontering - HI-ND","og_description":"HI-ND pelarf\u00e4ste kan anv\u00e4ndas f\u00f6r alla cirkul\u00e4ra pelare. Den fungerar med VESA 200\u00d7200, 300\u00d7300, 400\u00d7400. Den kan lutas upp till 15 grader.","og_url":"https:\/\/hi-nd.com\/sv\/produkt\/universalmontering-pa-pelare-copy\/","og_site_name":"HI-ND","article_modified_time":"2024-05-06T13:39:07+00:00","og_image":[{"width":2104,"height":2560,"url":"https:\/\/hi-nd.com\/wp-content\/uploads\/2024\/05\/MG_8910-dualiso-ny-scaled.jpg","type":"image\/jpeg"}],"twitter_card":"summary_large_image","schema":{"@context":"https:\/\/schema.org","@graph":[{"@type":"WebPage","@id":"https:\/\/hi-nd.com\/sv\/produkt\/universalmontering-pa-pelare-copy\/","url":"https:\/\/hi-nd.com\/sv\/produkt\/universalmontering-pa-pelare-copy\/","name":"Annons f\u00f6r pelarmontering - HI-ND","isPartOf":{"@id":"https:\/\/hi-nd.com\/#website"},"primaryImageOfPage":{"@id":"https:\/\/hi-nd.com\/sv\/produkt\/universalmontering-pa-pelare-copy\/#primaryimage"},"image":{"@id":"https:\/\/hi-nd.com\/sv\/produkt\/universalmontering-pa-pelare-copy\/#primaryimage"},"thumbnailUrl":"https:\/\/hi-nd.com\/wp-content\/uploads\/2024\/05\/MG_8910-dualiso-ny-scaled.jpg","datePublished":"2024-05-06T13:24:09+00:00","dateModified":"2024-05-06T13:39:07+00:00","description":"HI-ND pelarf\u00e4ste kan anv\u00e4ndas f\u00f6r alla cirkul\u00e4ra pelare. Den fungerar med VESA 200\u00d7200, 300\u00d7300, 400\u00d7400. Den kan lutas upp till 15 grader.","breadcrumb":{"@id":"https:\/\/hi-nd.com\/sv\/produkt\/universalmontering-pa-pelare-copy\/#breadcrumb"},"inLanguage":"sv-SE","potentialAction":[{"@type":"ReadAction","target":["https:\/\/hi-nd.com\/sv\/produkt\/universalmontering-pa-pelare-copy\/"]}]},{"@type":"ImageObject","inLanguage":"sv-SE","@id":"https:\/\/hi-nd.com\/sv\/produkt\/universalmontering-pa-pelare-copy\/#primaryimage","url":"https:\/\/hi-nd.com\/wp-content\/uploads\/2024\/05\/MG_8910-dualiso-ny-scaled.jpg","contentUrl":"https:\/\/hi-nd.com\/wp-content\/uploads\/2024\/05\/MG_8910-dualiso-ny-scaled.jpg","width":2104,"height":2560,"caption":"Pillar Mount Advert"},{"@type":"BreadcrumbList","@id":"https:\/\/hi-nd.com\/sv\/produkt\/universalmontering-pa-pelare-copy\/#breadcrumb","itemListElement":[{"@type":"ListItem","position":1,"name":"Home","item":"https:\/\/hi-nd.com\/sv\/"},{"@type":"ListItem","position":2,"name":"Butik","item":"https:\/\/hi-nd.com\/sv\/butik\/"},{"@type":"ListItem","position":3,"name":"Annons f\u00f6r pelarmontering"}]},{"@type":"WebSite","@id":"https:\/\/hi-nd.com\/#website","url":"https:\/\/hi-nd.com\/","name":"HI-ND","description":"Mounting Solutions","potentialAction":[{"@type":"SearchAction","target":{"@type":"EntryPoint","urlTemplate":"https:\/\/hi-nd.com\/?s={search_term_string}"},"query-input":{"@type":"PropertyValueSpecification","valueRequired":true,"valueName":"search_term_string"}}],"inLanguage":"sv-SE"}]}},"_links":{"self":[{"href":"https:\/\/hi-nd.com\/sv\/wp-json\/wp\/v2\/product\/7169","targetHints":{"allow":["GET"]}}],"collection":[{"href":"https:\/\/hi-nd.com\/sv\/wp-json\/wp\/v2\/product"}],"about":[{"href":"https:\/\/hi-nd.com\/sv\/wp-json\/wp\/v2\/types\/product"}],"wp:featuredmedia":[{"embeddable":true,"href":"https:\/\/hi-nd.com\/sv\/wp-json\/wp\/v2\/media\/7173"}],"wp:attachment":[{"href":"https:\/\/hi-nd.com\/sv\/wp-json\/wp\/v2\/media?parent=7169"}],"wp:term":[{"taxonomy":"product_brand","embeddable":true,"href":"https:\/\/hi-nd.com\/sv\/wp-json\/wp\/v2\/product_brand?post=7169"},{"taxonomy":"product_cat","embeddable":true,"href":"https:\/\/hi-nd.com\/sv\/wp-json\/wp\/v2\/product_cat?post=7169"},{"taxonomy":"product_tag","embeddable":true,"href":"https:\/\/hi-nd.com\/sv\/wp-json\/wp\/v2\/product_tag?post=7169"}],"curies":[{"name":"wp","href":"https:\/\/api.w.org\/{rel}","templated":true}]}}