{"id":6973,"date":"2024-03-20T09:19:03","date_gmt":"2024-03-20T08:19:03","guid":{"rendered":"https:\/\/hi-nd.com\/product\/nytt-takholje-fonster-for-samsung-om55\/"},"modified":"2026-01-26T14:45:01","modified_gmt":"2026-01-26T13:45:01","slug":"nytt-takholje-fonster-for-samsung-om55","status":"publish","type":"product","link":"https:\/\/hi-nd.com\/sv\/produkt\/nytt-takholje-fonster-for-samsung-om55\/","title":{"rendered":"Takh\u00f6lje Window f\u00f6r Samsung OM46B, OM55B och OMN-S"},"content":{"rendered":"<table style=\"height: 100px;\" width=\"773\">\n<tbody>\n<tr>\n<td width=\"150\">Part number<\/td>\n<td width=\"230 \">Description<\/td>\n<td width=\"330 \">Compatible screens<\/td>\n<td width=\"73\">Color<\/td>\n<\/tr>\n<tr>\n<td> CC4615-5201-01<\/td>\n<td> Takh\u00f6lje 46&#8243;, st\u00e5ende<\/td>\n<td> Samsung OM46B<\/td>\n<td> Vit<\/td>\n<\/tr>\n<tr>\n<td> CC4615-5201-02<\/td>\n<td> Takh\u00f6lje 46&#8243;, st\u00e5ende<\/td>\n<td> Samsung OM46B<\/td>\n<td> Svart<\/td>\n<\/tr>\n<tr>\n<td> CC5515-5301-01<\/td>\n<td> Takh\u00f6lje 55, st\u00e5ende<\/td>\n<td> OM55B\/OMN-S<\/td>\n<td> Vit<\/td>\n<\/tr>\n<tr>\n<td> CC5515-5301-02<\/td>\n<td> Takh\u00f6lje 55, st\u00e5ende<\/td>\n<td> OM55B\/OMN-S<\/td>\n<td> Svart<\/td>\n<\/tr>\n<\/tbody>\n<\/table>\n","protected":false},"excerpt":{"rendered":"<p>Detta uppdaterade HI-ND takf\u00f6nster \u00e4r utformat f\u00f6r att anv\u00e4ndas p\u00e5 sk\u00e4rmar med h\u00f6g ljusstyrka. Vi har flyttat luftventilationen fr\u00e5n baksidan till sidan, vilket ger en renare design och m\u00f6jligg\u00f6r ett analogt tryck p\u00e5 baksidan. Installation av sk\u00e4rmar och service\u00e5tkomst g\u00f6rs fr\u00e5n baksidan f\u00f6r att s\u00e4kerst\u00e4lla att sk\u00e4rmarna kan installeras n\u00e4ra ett f\u00f6nster. Anv\u00e4nd v\u00e5r <a href=\"https:\/\/hi-nd.com\/product\/wire-for-ceiling-casing\/\">kabelkit<\/a> och v\u00e5rt <a href=\"https:\/\/hi-nd.com\/product\/ceiling-mount-for-wire\/\">takf\u00e4ste f\u00f6r kabell\u00f6sningen<\/a> f\u00f6r enkel installation.<\/p>\n<p>Svart och vit f\u00e4rg som standard<br \/>\nAlla kablar \u00e4r dolda<br \/>\nService\u00e5tkomst fr\u00e5n baksidan<br \/>\nWire eller teleskopr\u00f6r ing\u00e5r inte<br \/>\nUtformad f\u00f6r OM46B och OM55B\/OMN-S<\/p>\n","protected":false},"featured_media":6946,"template":"","meta":[],"product_brand":[],"product_cat":[97,96],"product_tag":[],"class_list":{"0":"post-6973","1":"product","2":"type-product","3":"status-publish","4":"has-post-thumbnail","6":"product_cat-holje","7":"product_cat-tak-sv","9":"first","10":"instock","11":"shipping-taxable","12":"product-type-simple"},"yoast_head":"<!-- This site is optimized with the Yoast SEO plugin v27.3 - https:\/\/yoast.com\/product\/yoast-seo-wordpress\/ -->\n<title>Takh\u00f6lje Window f\u00f6r Samsung OM46B, OM55B och OMN-S - HI-ND<\/title>\n<meta name=\"robots\" content=\"index, follow, max-snippet:-1, max-image-preview:large, max-video-preview:-1\" \/>\n<link rel=\"canonical\" href=\"https:\/\/hi-nd.com\/sv\/produkt\/nytt-takholje-fonster-for-samsung-om55\/\" \/>\n<meta property=\"og:locale\" content=\"sv_SE\" \/>\n<meta property=\"og:type\" content=\"article\" \/>\n<meta property=\"og:title\" content=\"Takh\u00f6lje Window f\u00f6r Samsung OM46B, OM55B och OMN-S - HI-ND\" \/>\n<meta property=\"og:description\" content=\"Detta uppdaterade HI-ND takf\u00f6nster \u00e4r utformat f\u00f6r att anv\u00e4ndas p\u00e5 sk\u00e4rmar med h\u00f6g ljusstyrka. Vi har flyttat luftventilationen fr\u00e5n baksidan till sidan, vilket ger en renare design och m\u00f6jligg\u00f6r ett analogt tryck p\u00e5 baksidan. Installation av sk\u00e4rmar och service\u00e5tkomst g\u00f6rs fr\u00e5n baksidan f\u00f6r att s\u00e4kerst\u00e4lla att sk\u00e4rmarna kan installeras n\u00e4ra ett f\u00f6nster. Anv\u00e4nd v\u00e5r kabelkit och v\u00e5rt takf\u00e4ste f\u00f6r kabell\u00f6sningen f\u00f6r enkel installation. Svart och vit f\u00e4rg som standard Alla kablar \u00e4r dolda Service\u00e5tkomst fr\u00e5n baksidan Wire eller teleskopr\u00f6r ing\u00e5r inte Utformad f\u00f6r OM46B och OM55B\/OMN-S\" \/>\n<meta property=\"og:url\" content=\"https:\/\/hi-nd.com\/sv\/produkt\/nytt-takholje-fonster-for-samsung-om55\/\" \/>\n<meta property=\"og:site_name\" content=\"HI-ND\" \/>\n<meta property=\"article:modified_time\" content=\"2026-01-26T13:45:01+00:00\" \/>\n<meta property=\"og:image\" content=\"https:\/\/hi-nd.com\/wp-content\/uploads\/2024\/03\/CC5515-5201-04.jpg\" \/>\n\t<meta property=\"og:image:width\" content=\"1581\" \/>\n\t<meta property=\"og:image:height\" content=\"1221\" \/>\n\t<meta property=\"og:image:type\" content=\"image\/jpeg\" \/>\n<meta name=\"twitter:card\" content=\"summary_large_image\" \/>\n<script type=\"application\/ld+json\" class=\"yoast-schema-graph\">{\"@context\":\"https:\\\/\\\/schema.org\",\"@graph\":[{\"@type\":\"WebPage\",\"@id\":\"https:\\\/\\\/hi-nd.com\\\/sv\\\/produkt\\\/nytt-takholje-fonster-for-samsung-om55\\\/\",\"url\":\"https:\\\/\\\/hi-nd.com\\\/sv\\\/produkt\\\/nytt-takholje-fonster-for-samsung-om55\\\/\",\"name\":\"Takh\u00f6lje Window f\u00f6r Samsung OM46B, OM55B och OMN-S - HI-ND\",\"isPartOf\":{\"@id\":\"https:\\\/\\\/hi-nd.com\\\/#website\"},\"primaryImageOfPage\":{\"@id\":\"https:\\\/\\\/hi-nd.com\\\/sv\\\/produkt\\\/nytt-takholje-fonster-for-samsung-om55\\\/#primaryimage\"},\"image\":{\"@id\":\"https:\\\/\\\/hi-nd.com\\\/sv\\\/produkt\\\/nytt-takholje-fonster-for-samsung-om55\\\/#primaryimage\"},\"thumbnailUrl\":\"https:\\\/\\\/hi-nd.com\\\/wp-content\\\/uploads\\\/2024\\\/03\\\/CC5515-5201-04.jpg\",\"datePublished\":\"2024-03-20T08:19:03+00:00\",\"dateModified\":\"2026-01-26T13:45:01+00:00\",\"breadcrumb\":{\"@id\":\"https:\\\/\\\/hi-nd.com\\\/sv\\\/produkt\\\/nytt-takholje-fonster-for-samsung-om55\\\/#breadcrumb\"},\"inLanguage\":\"sv-SE\",\"potentialAction\":[{\"@type\":\"ReadAction\",\"target\":[\"https:\\\/\\\/hi-nd.com\\\/sv\\\/produkt\\\/nytt-takholje-fonster-for-samsung-om55\\\/\"]}]},{\"@type\":\"ImageObject\",\"inLanguage\":\"sv-SE\",\"@id\":\"https:\\\/\\\/hi-nd.com\\\/sv\\\/produkt\\\/nytt-takholje-fonster-for-samsung-om55\\\/#primaryimage\",\"url\":\"https:\\\/\\\/hi-nd.com\\\/wp-content\\\/uploads\\\/2024\\\/03\\\/CC5515-5201-04.jpg\",\"contentUrl\":\"https:\\\/\\\/hi-nd.com\\\/wp-content\\\/uploads\\\/2024\\\/03\\\/CC5515-5201-04.jpg\",\"width\":1581,\"height\":1221,\"caption\":\"Takinkl\u00e4dnad F\u00f6nster\"},{\"@type\":\"BreadcrumbList\",\"@id\":\"https:\\\/\\\/hi-nd.com\\\/sv\\\/produkt\\\/nytt-takholje-fonster-for-samsung-om55\\\/#breadcrumb\",\"itemListElement\":[{\"@type\":\"ListItem\",\"position\":1,\"name\":\"Home\",\"item\":\"https:\\\/\\\/hi-nd.com\\\/sv\\\/\"},{\"@type\":\"ListItem\",\"position\":2,\"name\":\"Butik\",\"item\":\"https:\\\/\\\/hi-nd.com\\\/sv\\\/butik\\\/\"},{\"@type\":\"ListItem\",\"position\":3,\"name\":\"Takh\u00f6lje Window f\u00f6r Samsung OM46B, OM55B och OMN-S\"}]},{\"@type\":\"WebSite\",\"@id\":\"https:\\\/\\\/hi-nd.com\\\/#website\",\"url\":\"https:\\\/\\\/hi-nd.com\\\/\",\"name\":\"HI-ND\",\"description\":\"Mounting Solutions\",\"potentialAction\":[{\"@type\":\"SearchAction\",\"target\":{\"@type\":\"EntryPoint\",\"urlTemplate\":\"https:\\\/\\\/hi-nd.com\\\/?s={search_term_string}\"},\"query-input\":{\"@type\":\"PropertyValueSpecification\",\"valueRequired\":true,\"valueName\":\"search_term_string\"}}],\"inLanguage\":\"sv-SE\"}]}<\/script>\n<!-- \/ Yoast SEO plugin. -->","yoast_head_json":{"title":"Takh\u00f6lje Window f\u00f6r Samsung OM46B, OM55B och OMN-S - HI-ND","robots":{"index":"index","follow":"follow","max-snippet":"max-snippet:-1","max-image-preview":"max-image-preview:large","max-video-preview":"max-video-preview:-1"},"canonical":"https:\/\/hi-nd.com\/sv\/produkt\/nytt-takholje-fonster-for-samsung-om55\/","og_locale":"sv_SE","og_type":"article","og_title":"Takh\u00f6lje Window f\u00f6r Samsung OM46B, OM55B och OMN-S - HI-ND","og_description":"Detta uppdaterade HI-ND takf\u00f6nster \u00e4r utformat f\u00f6r att anv\u00e4ndas p\u00e5 sk\u00e4rmar med h\u00f6g ljusstyrka. Vi har flyttat luftventilationen fr\u00e5n baksidan till sidan, vilket ger en renare design och m\u00f6jligg\u00f6r ett analogt tryck p\u00e5 baksidan. Installation av sk\u00e4rmar och service\u00e5tkomst g\u00f6rs fr\u00e5n baksidan f\u00f6r att s\u00e4kerst\u00e4lla att sk\u00e4rmarna kan installeras n\u00e4ra ett f\u00f6nster. Anv\u00e4nd v\u00e5r kabelkit och v\u00e5rt takf\u00e4ste f\u00f6r kabell\u00f6sningen f\u00f6r enkel installation. Svart och vit f\u00e4rg som standard Alla kablar \u00e4r dolda Service\u00e5tkomst fr\u00e5n baksidan Wire eller teleskopr\u00f6r ing\u00e5r inte Utformad f\u00f6r OM46B och OM55B\/OMN-S","og_url":"https:\/\/hi-nd.com\/sv\/produkt\/nytt-takholje-fonster-for-samsung-om55\/","og_site_name":"HI-ND","article_modified_time":"2026-01-26T13:45:01+00:00","og_image":[{"width":1581,"height":1221,"url":"https:\/\/hi-nd.com\/wp-content\/uploads\/2024\/03\/CC5515-5201-04.jpg","type":"image\/jpeg"}],"twitter_card":"summary_large_image","schema":{"@context":"https:\/\/schema.org","@graph":[{"@type":"WebPage","@id":"https:\/\/hi-nd.com\/sv\/produkt\/nytt-takholje-fonster-for-samsung-om55\/","url":"https:\/\/hi-nd.com\/sv\/produkt\/nytt-takholje-fonster-for-samsung-om55\/","name":"Takh\u00f6lje Window f\u00f6r Samsung OM46B, OM55B och OMN-S - HI-ND","isPartOf":{"@id":"https:\/\/hi-nd.com\/#website"},"primaryImageOfPage":{"@id":"https:\/\/hi-nd.com\/sv\/produkt\/nytt-takholje-fonster-for-samsung-om55\/#primaryimage"},"image":{"@id":"https:\/\/hi-nd.com\/sv\/produkt\/nytt-takholje-fonster-for-samsung-om55\/#primaryimage"},"thumbnailUrl":"https:\/\/hi-nd.com\/wp-content\/uploads\/2024\/03\/CC5515-5201-04.jpg","datePublished":"2024-03-20T08:19:03+00:00","dateModified":"2026-01-26T13:45:01+00:00","breadcrumb":{"@id":"https:\/\/hi-nd.com\/sv\/produkt\/nytt-takholje-fonster-for-samsung-om55\/#breadcrumb"},"inLanguage":"sv-SE","potentialAction":[{"@type":"ReadAction","target":["https:\/\/hi-nd.com\/sv\/produkt\/nytt-takholje-fonster-for-samsung-om55\/"]}]},{"@type":"ImageObject","inLanguage":"sv-SE","@id":"https:\/\/hi-nd.com\/sv\/produkt\/nytt-takholje-fonster-for-samsung-om55\/#primaryimage","url":"https:\/\/hi-nd.com\/wp-content\/uploads\/2024\/03\/CC5515-5201-04.jpg","contentUrl":"https:\/\/hi-nd.com\/wp-content\/uploads\/2024\/03\/CC5515-5201-04.jpg","width":1581,"height":1221,"caption":"Takinkl\u00e4dnad F\u00f6nster"},{"@type":"BreadcrumbList","@id":"https:\/\/hi-nd.com\/sv\/produkt\/nytt-takholje-fonster-for-samsung-om55\/#breadcrumb","itemListElement":[{"@type":"ListItem","position":1,"name":"Home","item":"https:\/\/hi-nd.com\/sv\/"},{"@type":"ListItem","position":2,"name":"Butik","item":"https:\/\/hi-nd.com\/sv\/butik\/"},{"@type":"ListItem","position":3,"name":"Takh\u00f6lje Window f\u00f6r Samsung OM46B, OM55B och OMN-S"}]},{"@type":"WebSite","@id":"https:\/\/hi-nd.com\/#website","url":"https:\/\/hi-nd.com\/","name":"HI-ND","description":"Mounting Solutions","potentialAction":[{"@type":"SearchAction","target":{"@type":"EntryPoint","urlTemplate":"https:\/\/hi-nd.com\/?s={search_term_string}"},"query-input":{"@type":"PropertyValueSpecification","valueRequired":true,"valueName":"search_term_string"}}],"inLanguage":"sv-SE"}]}},"_links":{"self":[{"href":"https:\/\/hi-nd.com\/sv\/wp-json\/wp\/v2\/product\/6973","targetHints":{"allow":["GET"]}}],"collection":[{"href":"https:\/\/hi-nd.com\/sv\/wp-json\/wp\/v2\/product"}],"about":[{"href":"https:\/\/hi-nd.com\/sv\/wp-json\/wp\/v2\/types\/product"}],"wp:featuredmedia":[{"embeddable":true,"href":"https:\/\/hi-nd.com\/sv\/wp-json\/wp\/v2\/media\/6946"}],"wp:attachment":[{"href":"https:\/\/hi-nd.com\/sv\/wp-json\/wp\/v2\/media?parent=6973"}],"wp:term":[{"taxonomy":"product_brand","embeddable":true,"href":"https:\/\/hi-nd.com\/sv\/wp-json\/wp\/v2\/product_brand?post=6973"},{"taxonomy":"product_cat","embeddable":true,"href":"https:\/\/hi-nd.com\/sv\/wp-json\/wp\/v2\/product_cat?post=6973"},{"taxonomy":"product_tag","embeddable":true,"href":"https:\/\/hi-nd.com\/sv\/wp-json\/wp\/v2\/product_tag?post=6973"}],"curies":[{"name":"wp","href":"https:\/\/api.w.org\/{rel}","templated":true}]}}