{"id":5915,"date":"2023-04-27T10:03:10","date_gmt":"2023-04-27T08:03:10","guid":{"rendered":"https:\/\/hi-nd.com\/product\/vridbart-vaggfaste\/"},"modified":"2024-02-22T21:21:29","modified_gmt":"2024-02-22T20:21:29","slug":"vridbart-vaggfaste","status":"publish","type":"product","link":"https:\/\/hi-nd.com\/sv\/produkt\/vridbart-vaggfaste\/","title":{"rendered":"Vridbart v\u00e4ggf\u00e4ste"},"content":{"rendered":"<table style=\"height: 81px;\" width=\"701\">\n<tbody>\n<tr>\n<td width=\"99\"><strong>Artikelnummer<\/strong><\/td>\n<td width=\"560\"><strong>Beskrivning<\/strong><\/td>\n<\/tr>\n<tr>\n<td>RM0022-0101<\/td>\n<td>Vridbart v\u00e4ggf\u00e4ste, vridbart 90\u00b0, VESA: 200\u00d7200<\/td>\n<\/tr>\n<\/tbody>\n<\/table>\n","protected":false},"excerpt":{"rendered":"<p>HI-ND Vridbart v\u00e4ggf\u00e4ste f\u00f6r bildsk\u00e4rmar upp till 55&#8243;, b\u00e4r upp till 20 kg.<\/p>\n<ul>\n<li>VESA: 200\u00d7200<\/li>\n<li>Sv\u00e4ngomr\u00e5de: 90\u00b0<\/li>\n<li>Max vikt: 20 kg<\/li>\n<li>M\u00e5tt: 310x300x53,5 mm<\/li>\n<\/ul>\n","protected":false},"featured_media":5234,"template":"","meta":[],"product_brand":[],"product_cat":[89,90],"product_tag":[],"class_list":{"0":"post-5915","1":"product","2":"type-product","3":"status-publish","4":"has-post-thumbnail","6":"product_cat-wall-sv","7":"product_cat-vaggmontering","9":"first","10":"instock","11":"shipping-taxable","12":"product-type-simple"},"yoast_head":"<!-- This site is optimized with the Yoast SEO plugin v27.3 - https:\/\/yoast.com\/product\/yoast-seo-wordpress\/ -->\n<title>Vridbart v\u00e4ggf\u00e4ste - HI-ND<\/title>\n<meta name=\"robots\" content=\"index, follow, max-snippet:-1, max-image-preview:large, max-video-preview:-1\" \/>\n<link rel=\"canonical\" href=\"https:\/\/hi-nd.com\/sv\/produkt\/vridbart-vaggfaste\/\" \/>\n<meta property=\"og:locale\" content=\"sv_SE\" \/>\n<meta property=\"og:type\" content=\"article\" \/>\n<meta property=\"og:title\" content=\"Vridbart v\u00e4ggf\u00e4ste - HI-ND\" \/>\n<meta property=\"og:description\" content=\"HI-ND Vridbart v\u00e4ggf\u00e4ste f\u00f6r bildsk\u00e4rmar upp till 55&quot;, b\u00e4r upp till 20 kg.  VESA: 200\u00d7200  Sv\u00e4ngomr\u00e5de: 90\u00b0  Max vikt: 20 kg  M\u00e5tt: 310x300x53,5 mm\" \/>\n<meta property=\"og:url\" content=\"https:\/\/hi-nd.com\/sv\/produkt\/vridbart-vaggfaste\/\" \/>\n<meta property=\"og:site_name\" content=\"HI-ND\" \/>\n<meta property=\"article:modified_time\" content=\"2024-02-22T20:21:29+00:00\" \/>\n<meta property=\"og:image\" content=\"https:\/\/hi-nd.com\/wp-content\/uploads\/2023\/04\/RM0022-0101-750x750-1.jpg\" \/>\n\t<meta property=\"og:image:width\" content=\"750\" \/>\n\t<meta property=\"og:image:height\" content=\"750\" \/>\n\t<meta property=\"og:image:type\" content=\"image\/jpeg\" \/>\n<meta name=\"twitter:card\" content=\"summary_large_image\" \/>\n<script type=\"application\/ld+json\" class=\"yoast-schema-graph\">{\"@context\":\"https:\\\/\\\/schema.org\",\"@graph\":[{\"@type\":\"WebPage\",\"@id\":\"https:\\\/\\\/hi-nd.com\\\/sv\\\/produkt\\\/vridbart-vaggfaste\\\/\",\"url\":\"https:\\\/\\\/hi-nd.com\\\/sv\\\/produkt\\\/vridbart-vaggfaste\\\/\",\"name\":\"Vridbart v\u00e4ggf\u00e4ste - HI-ND\",\"isPartOf\":{\"@id\":\"https:\\\/\\\/hi-nd.com\\\/#website\"},\"primaryImageOfPage\":{\"@id\":\"https:\\\/\\\/hi-nd.com\\\/sv\\\/produkt\\\/vridbart-vaggfaste\\\/#primaryimage\"},\"image\":{\"@id\":\"https:\\\/\\\/hi-nd.com\\\/sv\\\/produkt\\\/vridbart-vaggfaste\\\/#primaryimage\"},\"thumbnailUrl\":\"https:\\\/\\\/hi-nd.com\\\/wp-content\\\/uploads\\\/2023\\\/04\\\/RM0022-0101-750x750-1.jpg\",\"datePublished\":\"2023-04-27T08:03:10+00:00\",\"dateModified\":\"2024-02-22T20:21:29+00:00\",\"breadcrumb\":{\"@id\":\"https:\\\/\\\/hi-nd.com\\\/sv\\\/produkt\\\/vridbart-vaggfaste\\\/#breadcrumb\"},\"inLanguage\":\"sv-SE\",\"potentialAction\":[{\"@type\":\"ReadAction\",\"target\":[\"https:\\\/\\\/hi-nd.com\\\/sv\\\/produkt\\\/vridbart-vaggfaste\\\/\"]}]},{\"@type\":\"ImageObject\",\"inLanguage\":\"sv-SE\",\"@id\":\"https:\\\/\\\/hi-nd.com\\\/sv\\\/produkt\\\/vridbart-vaggfaste\\\/#primaryimage\",\"url\":\"https:\\\/\\\/hi-nd.com\\\/wp-content\\\/uploads\\\/2023\\\/04\\\/RM0022-0101-750x750-1.jpg\",\"contentUrl\":\"https:\\\/\\\/hi-nd.com\\\/wp-content\\\/uploads\\\/2023\\\/04\\\/RM0022-0101-750x750-1.jpg\",\"width\":750,\"height\":750},{\"@type\":\"BreadcrumbList\",\"@id\":\"https:\\\/\\\/hi-nd.com\\\/sv\\\/produkt\\\/vridbart-vaggfaste\\\/#breadcrumb\",\"itemListElement\":[{\"@type\":\"ListItem\",\"position\":1,\"name\":\"Home\",\"item\":\"https:\\\/\\\/hi-nd.com\\\/sv\\\/\"},{\"@type\":\"ListItem\",\"position\":2,\"name\":\"Butik\",\"item\":\"https:\\\/\\\/hi-nd.com\\\/sv\\\/butik\\\/\"},{\"@type\":\"ListItem\",\"position\":3,\"name\":\"Vridbart v\u00e4ggf\u00e4ste\"}]},{\"@type\":\"WebSite\",\"@id\":\"https:\\\/\\\/hi-nd.com\\\/#website\",\"url\":\"https:\\\/\\\/hi-nd.com\\\/\",\"name\":\"HI-ND\",\"description\":\"Mounting Solutions\",\"potentialAction\":[{\"@type\":\"SearchAction\",\"target\":{\"@type\":\"EntryPoint\",\"urlTemplate\":\"https:\\\/\\\/hi-nd.com\\\/?s={search_term_string}\"},\"query-input\":{\"@type\":\"PropertyValueSpecification\",\"valueRequired\":true,\"valueName\":\"search_term_string\"}}],\"inLanguage\":\"sv-SE\"}]}<\/script>\n<!-- \/ Yoast SEO plugin. -->","yoast_head_json":{"title":"Vridbart v\u00e4ggf\u00e4ste - HI-ND","robots":{"index":"index","follow":"follow","max-snippet":"max-snippet:-1","max-image-preview":"max-image-preview:large","max-video-preview":"max-video-preview:-1"},"canonical":"https:\/\/hi-nd.com\/sv\/produkt\/vridbart-vaggfaste\/","og_locale":"sv_SE","og_type":"article","og_title":"Vridbart v\u00e4ggf\u00e4ste - HI-ND","og_description":"HI-ND Vridbart v\u00e4ggf\u00e4ste f\u00f6r bildsk\u00e4rmar upp till 55\", b\u00e4r upp till 20 kg.  VESA: 200\u00d7200  Sv\u00e4ngomr\u00e5de: 90\u00b0  Max vikt: 20 kg  M\u00e5tt: 310x300x53,5 mm","og_url":"https:\/\/hi-nd.com\/sv\/produkt\/vridbart-vaggfaste\/","og_site_name":"HI-ND","article_modified_time":"2024-02-22T20:21:29+00:00","og_image":[{"width":750,"height":750,"url":"https:\/\/hi-nd.com\/wp-content\/uploads\/2023\/04\/RM0022-0101-750x750-1.jpg","type":"image\/jpeg"}],"twitter_card":"summary_large_image","schema":{"@context":"https:\/\/schema.org","@graph":[{"@type":"WebPage","@id":"https:\/\/hi-nd.com\/sv\/produkt\/vridbart-vaggfaste\/","url":"https:\/\/hi-nd.com\/sv\/produkt\/vridbart-vaggfaste\/","name":"Vridbart v\u00e4ggf\u00e4ste - HI-ND","isPartOf":{"@id":"https:\/\/hi-nd.com\/#website"},"primaryImageOfPage":{"@id":"https:\/\/hi-nd.com\/sv\/produkt\/vridbart-vaggfaste\/#primaryimage"},"image":{"@id":"https:\/\/hi-nd.com\/sv\/produkt\/vridbart-vaggfaste\/#primaryimage"},"thumbnailUrl":"https:\/\/hi-nd.com\/wp-content\/uploads\/2023\/04\/RM0022-0101-750x750-1.jpg","datePublished":"2023-04-27T08:03:10+00:00","dateModified":"2024-02-22T20:21:29+00:00","breadcrumb":{"@id":"https:\/\/hi-nd.com\/sv\/produkt\/vridbart-vaggfaste\/#breadcrumb"},"inLanguage":"sv-SE","potentialAction":[{"@type":"ReadAction","target":["https:\/\/hi-nd.com\/sv\/produkt\/vridbart-vaggfaste\/"]}]},{"@type":"ImageObject","inLanguage":"sv-SE","@id":"https:\/\/hi-nd.com\/sv\/produkt\/vridbart-vaggfaste\/#primaryimage","url":"https:\/\/hi-nd.com\/wp-content\/uploads\/2023\/04\/RM0022-0101-750x750-1.jpg","contentUrl":"https:\/\/hi-nd.com\/wp-content\/uploads\/2023\/04\/RM0022-0101-750x750-1.jpg","width":750,"height":750},{"@type":"BreadcrumbList","@id":"https:\/\/hi-nd.com\/sv\/produkt\/vridbart-vaggfaste\/#breadcrumb","itemListElement":[{"@type":"ListItem","position":1,"name":"Home","item":"https:\/\/hi-nd.com\/sv\/"},{"@type":"ListItem","position":2,"name":"Butik","item":"https:\/\/hi-nd.com\/sv\/butik\/"},{"@type":"ListItem","position":3,"name":"Vridbart v\u00e4ggf\u00e4ste"}]},{"@type":"WebSite","@id":"https:\/\/hi-nd.com\/#website","url":"https:\/\/hi-nd.com\/","name":"HI-ND","description":"Mounting Solutions","potentialAction":[{"@type":"SearchAction","target":{"@type":"EntryPoint","urlTemplate":"https:\/\/hi-nd.com\/?s={search_term_string}"},"query-input":{"@type":"PropertyValueSpecification","valueRequired":true,"valueName":"search_term_string"}}],"inLanguage":"sv-SE"}]}},"_links":{"self":[{"href":"https:\/\/hi-nd.com\/sv\/wp-json\/wp\/v2\/product\/5915","targetHints":{"allow":["GET"]}}],"collection":[{"href":"https:\/\/hi-nd.com\/sv\/wp-json\/wp\/v2\/product"}],"about":[{"href":"https:\/\/hi-nd.com\/sv\/wp-json\/wp\/v2\/types\/product"}],"wp:featuredmedia":[{"embeddable":true,"href":"https:\/\/hi-nd.com\/sv\/wp-json\/wp\/v2\/media\/5234"}],"wp:attachment":[{"href":"https:\/\/hi-nd.com\/sv\/wp-json\/wp\/v2\/media?parent=5915"}],"wp:term":[{"taxonomy":"product_brand","embeddable":true,"href":"https:\/\/hi-nd.com\/sv\/wp-json\/wp\/v2\/product_brand?post=5915"},{"taxonomy":"product_cat","embeddable":true,"href":"https:\/\/hi-nd.com\/sv\/wp-json\/wp\/v2\/product_cat?post=5915"},{"taxonomy":"product_tag","embeddable":true,"href":"https:\/\/hi-nd.com\/sv\/wp-json\/wp\/v2\/product_tag?post=5915"}],"curies":[{"name":"wp","href":"https:\/\/api.w.org\/{rel}","templated":true}]}}