{"id":5914,"date":"2022-08-10T11:18:45","date_gmt":"2022-08-10T09:18:45","guid":{"rendered":"https:\/\/hi-nd.com\/product\/tak-fonster-55-landskap\/"},"modified":"2024-02-22T21:21:12","modified_gmt":"2024-02-22T20:21:12","slug":"tak-fonster-55-landskap","status":"publish","type":"product","link":"https:\/\/hi-nd.com\/sv\/produkt\/tak-fonster-55-landskap\/","title":{"rendered":"Ceiling Casing Window 55&#8243; Landskap"},"content":{"rendered":"<p><strong>Klicka p\u00e5 l\u00e4nkarna nedan f\u00f6r att se bilder p\u00e5 varje specifik modell <\/strong><\/p>\n<p>&nbsp;<\/p>\n<table style=\"height: 333px;\" width=\"773\">\n<tbody>\n<tr>\n<td width=\"150\"><em>Artikelnummer<\/em><\/td>\n<td width=\"230  \"><em>Beskrivning<\/em><\/td>\n<td width=\"330  \"><em>Kompatibla sk\u00e4rmar<\/em><\/td>\n<td width=\"73\"><em>F\u00e4rg<\/em><\/td>\n<\/tr>\n<tr>\n<td><a href=\"https:\/\/hi-nd.com\/product\/ceiling-casing-window75\">CC7515-6101-01<\/a><\/td>\n<td><a href=\"https:\/\/hi-nd.com\/product\/ceiling-casing-window75\">Ceiling Casing 75&#8243;, portr\u00e4tt<\/a><\/td>\n<td><a href=\"https:\/\/hi-nd.com\/product\/ceiling-casing-window75\">Samsung QM75B, QM75B-B<\/a><\/td>\n<td><a href=\"https:\/\/hi-nd.com\/product\/ceiling-casing-window75\">Vit<\/a><\/td>\n<\/tr>\n<tr>\n<td><a href=\"https:\/\/hi-nd.com\/product\/ceiling-casing-window75\">CC7515-6101-02<\/a><\/td>\n<td><a href=\"https:\/\/hi-nd.com\/product\/ceiling-casing-window75\">Ceiling Casing 75&#8243;, portr\u00e4tt<\/a><\/td>\n<td><a href=\"https:\/\/hi-nd.com\/product\/ceiling-casing-window75\">Samsung QM75B, QM75B-B<\/a><\/td>\n<td><a href=\"https:\/\/hi-nd.com\/product\/ceiling-casing-window75\">Svart<\/a><\/td>\n<\/tr>\n<tr>\n<td><a href=\"https:\/\/hi-nd.com\/product\/ceiling-casing-window75\">CC7515-6001-01<\/a><\/td>\n<td><a href=\"https:\/\/hi-nd.com\/product\/ceiling-casing-window75\">Ceiling Casing 75&#8243;, portr\u00e4tt<\/a><\/td>\n<td><a href=\"https:\/\/hi-nd.com\/product\/ceiling-casing-window75\">Samsung OM75A<\/a><\/td>\n<td><a href=\"https:\/\/hi-nd.com\/product\/ceiling-casing-window75\">Vit<\/a><\/td>\n<\/tr>\n<tr>\n<td><a href=\"https:\/\/hi-nd.com\/product\/ceiling-casing-window75\">CC7515-6001-02<\/a><\/td>\n<td><a href=\"https:\/\/hi-nd.com\/product\/ceiling-casing-window75\">Ceiling Casing 75&#8243;, portr\u00e4tt<\/a><\/td>\n<td><a href=\"https:\/\/hi-nd.com\/product\/ceiling-casing-window75\">Samsung OM75A<\/a><\/td>\n<td><a href=\"https:\/\/hi-nd.com\/product\/ceiling-casing-window75\">Svart<\/a><\/td>\n<\/tr>\n<tr>\n<td><a href=\"https:\/\/hi-nd.com\/product\/ceiling-casing-window55\">CC5550-5001-01<\/a><\/td>\n<td><a href=\"https:\/\/hi-nd.com\/product\/ceiling-casing-window55\">Ceiling Casing 55&#8243;, portr\u00e4tt<\/a><\/td>\n<td><a href=\"https:\/\/hi-nd.com\/product\/ceiling-casing-window55\">Samsung OM55N-S, LG55XS2E, LG55XS4J<\/a><\/td>\n<td><a href=\"https:\/\/hi-nd.com\/product\/ceiling-casing-window55\">Vit<\/a><\/td>\n<\/tr>\n<tr>\n<td><a href=\"https:\/\/hi-nd.com\/product\/ceiling-casing-window55\">CC5550-5001-02<\/a><\/td>\n<td><a href=\"https:\/\/hi-nd.com\/product\/ceiling-casing-window55\">Ceiling Casing 55&#8243;, portr\u00e4tt<\/a><\/td>\n<td><a href=\"https:\/\/hi-nd.com\/product\/ceiling-casing-window55\">Samsung OM55N-S, LG55XS2E, LG55XS4J<\/a><\/td>\n<td><a href=\"https:\/\/hi-nd.com\/product\/ceiling-casing-window55\">Svart<\/a><\/td>\n<\/tr>\n<tr>\n<td><a href=\"https:\/\/hi-nd.com\/product\/ceiling-casing-window-55-landscape\">CC5550-0101-01<\/a><\/td>\n<td><a href=\"https:\/\/hi-nd.com\/product\/ceiling-casing-window-55-landscape\">Ceiling Casing 55, landskap<\/a><\/td>\n<td><a href=\"https:\/\/hi-nd.com\/product\/ceiling-casing-window-55-landscape\">Samsung OM55N-S, LG55XS2E, LG55XS4J<\/a><\/td>\n<td><a href=\"https:\/\/hi-nd.com\/product\/ceiling-casing-window-55-landscape\">Vit<\/a><\/td>\n<\/tr>\n<tr>\n<td><a href=\"https:\/\/hi-nd.com\/product\/ceiling-casing-window-55-landscape\">CC5550-0101-02<\/a><\/td>\n<td><a href=\"https:\/\/hi-nd.com\/product\/ceiling-casing-window-55-landscape\">Ceiling Casing 55, landskap<\/a><\/td>\n<td><a href=\"https:\/\/hi-nd.com\/product\/ceiling-casing-window-55-landscape\">Samsung OM55N-S, LG55XS2E, LG55XS4J<\/a><\/td>\n<td><a href=\"https:\/\/hi-nd.com\/product\/ceiling-casing-window-55-landscape\">Svart<\/a><\/td>\n<\/tr>\n<tr>\n<td><a href=\"https:\/\/hi-nd.com\/product\/ceiling-casing-window-49\">CC4925-5001-01<\/a><\/td>\n<td><a href=\"https:\/\/hi-nd.com\/product\/ceiling-casing-window-49\">Ceiling Casing 49 f\u00f6r LG, portr\u00e4tt<\/a><\/td>\n<td><a href=\"https:\/\/hi-nd.com\/product\/ceiling-casing-window-49\">LG49XS4J-B, LG49XS2E-B<\/a><\/td>\n<td><a href=\"https:\/\/hi-nd.com\/product\/ceiling-casing-window-49\">Vit<\/a><\/td>\n<\/tr>\n<tr>\n<td><a href=\"https:\/\/hi-nd.com\/product\/ceiling-casing-window-49\">CC4925-5001-02<\/a><\/td>\n<td><a href=\"https:\/\/hi-nd.com\/product\/ceiling-casing-window-49\">Ceiling Casing 49 f\u00f6r LG, portr\u00e4tt<\/a><\/td>\n<td><a href=\"https:\/\/hi-nd.com\/product\/ceiling-casing-window-49\">LG49XS4J-B, LG49XS2E-B<\/a><\/td>\n<td><a href=\"https:\/\/hi-nd.com\/product\/ceiling-casing-window-49\">Svart<\/a><\/td>\n<\/tr>\n<tr>\n<td><a href=\"https:\/\/hi-nd.com\/product\/ceiling-casing-window-55-lg\">CC5525-5001-01<\/a><\/td>\n<td><a href=\"https:\/\/hi-nd.com\/product\/ceiling-casing-window-55-lg\">Ceiling Casing 55&#8243; f\u00f6r LG, portr\u00e4tt<\/a><\/td>\n<td><a href=\"https:\/\/hi-nd.com\/product\/ceiling-casing-window-55-lg\">LG55XS4J-B, LG55XS2E-B<\/a><\/td>\n<td><a href=\"https:\/\/hi-nd.com\/product\/ceiling-casing-window-55-lg\">Vit<\/a><\/td>\n<\/tr>\n<tr>\n<td><a href=\"https:\/\/hi-nd.com\/product\/ceiling-casing-window-55-lg\">CC5525-5001-02<\/a><\/td>\n<td><a href=\"https:\/\/hi-nd.com\/product\/ceiling-casing-window-55-lg\">Ceiling Casing 55&#8243; f\u00f6r LG, portr\u00e4tt<\/a><\/td>\n<td><a href=\"https:\/\/hi-nd.com\/product\/ceiling-casing-window-55-lg\">LG55XS4J-B, LG55XS2E-B<\/a><\/td>\n<td><a href=\"https:\/\/hi-nd.com\/product\/ceiling-casing-window-55-lg\">Svart<\/a><\/td>\n<\/tr>\n<tr>\n<td><a href=\"https:\/\/hi-nd.com\/product\/ceiling-casing-window55\/\">CC4615-5101-01<\/a><\/td>\n<td><a href=\"https:\/\/hi-nd.com\/product\/ceiling-casing-window55\/\">Ceiling Casing 46, portr\u00e4tt<\/a><\/td>\n<td><a href=\"https:\/\/hi-nd.com\/product\/ceiling-casing-window55\/\">Samsung OM46B<\/a><\/td>\n<td><a href=\"https:\/\/hi-nd.com\/product\/ceiling-casing-window55\/\">Vit<\/a><\/td>\n<\/tr>\n<tr>\n<td><a href=\"https:\/\/hi-nd.com\/product\/ceiling-casing-window55\/\">CC4615-5101-02<\/a><\/td>\n<td><a href=\"https:\/\/hi-nd.com\/product\/ceiling-casing-window55\/\">Ceiling Casing 46, portr\u00e4tt<\/a><\/td>\n<td><a href=\"https:\/\/hi-nd.com\/product\/ceiling-casing-window55\/\">Samsung OM46B<\/a><\/td>\n<td><a href=\"https:\/\/hi-nd.com\/product\/ceiling-casing-window55\/\">Svart<\/a><\/td>\n<\/tr>\n<\/tbody>\n<\/tbody>\n<\/table>\n","protected":false},"excerpt":{"rendered":"<p>Maximera ditt skyltf\u00f6nster<\/p>\n<p>HI-ND Ceiling Casing Window 55&#8243; \u00e4r utformat f\u00f6r sk\u00e4rmar med h\u00f6g ljusstyrka fr\u00e5n b\u00e5de LG och Samsung. Produkten \u00e4r utformad f\u00f6r att anv\u00e4ndas med v\u00e5rt standardteleskop eller vajer. Den finns i svart och vit som standard och \u00e4r endast tillg\u00e4nglig i portr\u00e4ttl\u00e4ge. Med endast 100 mm djup ger produkterna en mycket tunn och clean look. Alla produkter har godk\u00e4nts av Samsung och LG.<\/p>\n<ul>\n<li>Endast 100 mm djup<\/li>\n<li>Endast portr\u00e4ttl\u00e4ge<\/li>\n<li>Svart och vit f\u00e4rg som standard<\/li>\n<li>Alla kablar \u00e4r dolda<\/li>\n<li>Ren baksida<\/li>\n<li>Fasade kanter<\/li>\n<\/ul>\n","protected":false},"featured_media":4802,"template":"","meta":[],"product_brand":[],"product_cat":[97],"product_tag":[],"class_list":{"0":"post-5914","1":"product","2":"type-product","3":"status-publish","4":"has-post-thumbnail","6":"product_cat-holje","8":"first","9":"instock","10":"shipping-taxable","11":"product-type-simple"},"yoast_head":"<!-- This site is optimized with the Yoast SEO plugin v27.3 - https:\/\/yoast.com\/product\/yoast-seo-wordpress\/ -->\n<title>Ceiling Casing Window 55&quot; Landskap - HI-ND<\/title>\n<meta name=\"description\" content=\"HI-ND Ceiling Casing Window 55&quot; \u00e4r utformad f\u00f6r b\u00e5de LG- och Samsung-sk\u00e4rmar med h\u00f6g ljusstyrka. Den levereras i svart och vit som standard.\" \/>\n<meta name=\"robots\" content=\"index, follow, max-snippet:-1, max-image-preview:large, max-video-preview:-1\" \/>\n<link rel=\"canonical\" href=\"https:\/\/hi-nd.com\/sv\/produkt\/tak-fonster-55-landskap\/\" \/>\n<meta property=\"og:locale\" content=\"sv_SE\" \/>\n<meta property=\"og:type\" content=\"article\" \/>\n<meta property=\"og:title\" content=\"Ceiling Casing Window 55&quot; Landskap - HI-ND\" \/>\n<meta property=\"og:description\" content=\"HI-ND Ceiling Casing Window 55&quot; \u00e4r utformad f\u00f6r b\u00e5de LG- och Samsung-sk\u00e4rmar med h\u00f6g ljusstyrka. Den levereras i svart och vit som standard.\" \/>\n<meta property=\"og:url\" content=\"https:\/\/hi-nd.com\/sv\/produkt\/tak-fonster-55-landskap\/\" \/>\n<meta property=\"og:site_name\" content=\"HI-ND\" \/>\n<meta property=\"article:modified_time\" content=\"2024-02-22T20:21:12+00:00\" \/>\n<meta property=\"og:image\" content=\"https:\/\/hi-nd.com\/wp-content\/uploads\/2022\/08\/CC5500-0101-10-landskap-scaled.jpeg\" \/>\n\t<meta property=\"og:image:width\" content=\"2560\" \/>\n\t<meta property=\"og:image:height\" content=\"1440\" \/>\n\t<meta property=\"og:image:type\" content=\"image\/jpeg\" \/>\n<meta name=\"twitter:card\" content=\"summary_large_image\" \/>\n<meta name=\"twitter:label1\" content=\"Ber\u00e4knad l\u00e4stid\" \/>\n\t<meta name=\"twitter:data1\" content=\"1 minut\" \/>\n<script type=\"application\/ld+json\" class=\"yoast-schema-graph\">{\"@context\":\"https:\\\/\\\/schema.org\",\"@graph\":[{\"@type\":\"WebPage\",\"@id\":\"https:\\\/\\\/hi-nd.com\\\/sv\\\/produkt\\\/tak-fonster-55-landskap\\\/\",\"url\":\"https:\\\/\\\/hi-nd.com\\\/sv\\\/produkt\\\/tak-fonster-55-landskap\\\/\",\"name\":\"Ceiling Casing Window 55\\\" Landskap - HI-ND\",\"isPartOf\":{\"@id\":\"https:\\\/\\\/hi-nd.com\\\/#website\"},\"primaryImageOfPage\":{\"@id\":\"https:\\\/\\\/hi-nd.com\\\/sv\\\/produkt\\\/tak-fonster-55-landskap\\\/#primaryimage\"},\"image\":{\"@id\":\"https:\\\/\\\/hi-nd.com\\\/sv\\\/produkt\\\/tak-fonster-55-landskap\\\/#primaryimage\"},\"thumbnailUrl\":\"https:\\\/\\\/hi-nd.com\\\/wp-content\\\/uploads\\\/2022\\\/08\\\/CC5500-0101-10-landskap-scaled.jpeg\",\"datePublished\":\"2022-08-10T09:18:45+00:00\",\"dateModified\":\"2024-02-22T20:21:12+00:00\",\"description\":\"HI-ND Ceiling Casing Window 55\\\" \u00e4r utformad f\u00f6r b\u00e5de LG- och Samsung-sk\u00e4rmar med h\u00f6g ljusstyrka. Den levereras i svart och vit som standard.\",\"breadcrumb\":{\"@id\":\"https:\\\/\\\/hi-nd.com\\\/sv\\\/produkt\\\/tak-fonster-55-landskap\\\/#breadcrumb\"},\"inLanguage\":\"sv-SE\",\"potentialAction\":[{\"@type\":\"ReadAction\",\"target\":[\"https:\\\/\\\/hi-nd.com\\\/sv\\\/produkt\\\/tak-fonster-55-landskap\\\/\"]}]},{\"@type\":\"ImageObject\",\"inLanguage\":\"sv-SE\",\"@id\":\"https:\\\/\\\/hi-nd.com\\\/sv\\\/produkt\\\/tak-fonster-55-landskap\\\/#primaryimage\",\"url\":\"https:\\\/\\\/hi-nd.com\\\/wp-content\\\/uploads\\\/2022\\\/08\\\/CC5500-0101-10-landskap-scaled.jpeg\",\"contentUrl\":\"https:\\\/\\\/hi-nd.com\\\/wp-content\\\/uploads\\\/2022\\\/08\\\/CC5500-0101-10-landskap-scaled.jpeg\",\"width\":2560,\"height\":1440,\"caption\":\"Ceiling Casing 55\\\" landskap\"},{\"@type\":\"BreadcrumbList\",\"@id\":\"https:\\\/\\\/hi-nd.com\\\/sv\\\/produkt\\\/tak-fonster-55-landskap\\\/#breadcrumb\",\"itemListElement\":[{\"@type\":\"ListItem\",\"position\":1,\"name\":\"Home\",\"item\":\"https:\\\/\\\/hi-nd.com\\\/sv\\\/\"},{\"@type\":\"ListItem\",\"position\":2,\"name\":\"Butik\",\"item\":\"https:\\\/\\\/hi-nd.com\\\/sv\\\/butik\\\/\"},{\"@type\":\"ListItem\",\"position\":3,\"name\":\"Ceiling Casing Window 55&#8243; Landskap\"}]},{\"@type\":\"WebSite\",\"@id\":\"https:\\\/\\\/hi-nd.com\\\/#website\",\"url\":\"https:\\\/\\\/hi-nd.com\\\/\",\"name\":\"HI-ND\",\"description\":\"Mounting Solutions\",\"potentialAction\":[{\"@type\":\"SearchAction\",\"target\":{\"@type\":\"EntryPoint\",\"urlTemplate\":\"https:\\\/\\\/hi-nd.com\\\/?s={search_term_string}\"},\"query-input\":{\"@type\":\"PropertyValueSpecification\",\"valueRequired\":true,\"valueName\":\"search_term_string\"}}],\"inLanguage\":\"sv-SE\"}]}<\/script>\n<!-- \/ Yoast SEO plugin. -->","yoast_head_json":{"title":"Ceiling Casing Window 55\" Landskap - HI-ND","description":"HI-ND Ceiling Casing Window 55\" \u00e4r utformad f\u00f6r b\u00e5de LG- och Samsung-sk\u00e4rmar med h\u00f6g ljusstyrka. Den levereras i svart och vit som standard.","robots":{"index":"index","follow":"follow","max-snippet":"max-snippet:-1","max-image-preview":"max-image-preview:large","max-video-preview":"max-video-preview:-1"},"canonical":"https:\/\/hi-nd.com\/sv\/produkt\/tak-fonster-55-landskap\/","og_locale":"sv_SE","og_type":"article","og_title":"Ceiling Casing Window 55\" Landskap - HI-ND","og_description":"HI-ND Ceiling Casing Window 55\" \u00e4r utformad f\u00f6r b\u00e5de LG- och Samsung-sk\u00e4rmar med h\u00f6g ljusstyrka. Den levereras i svart och vit som standard.","og_url":"https:\/\/hi-nd.com\/sv\/produkt\/tak-fonster-55-landskap\/","og_site_name":"HI-ND","article_modified_time":"2024-02-22T20:21:12+00:00","og_image":[{"width":2560,"height":1440,"url":"https:\/\/hi-nd.com\/wp-content\/uploads\/2022\/08\/CC5500-0101-10-landskap-scaled.jpeg","type":"image\/jpeg"}],"twitter_card":"summary_large_image","twitter_misc":{"Ber\u00e4knad l\u00e4stid":"1 minut"},"schema":{"@context":"https:\/\/schema.org","@graph":[{"@type":"WebPage","@id":"https:\/\/hi-nd.com\/sv\/produkt\/tak-fonster-55-landskap\/","url":"https:\/\/hi-nd.com\/sv\/produkt\/tak-fonster-55-landskap\/","name":"Ceiling Casing Window 55\" Landskap - HI-ND","isPartOf":{"@id":"https:\/\/hi-nd.com\/#website"},"primaryImageOfPage":{"@id":"https:\/\/hi-nd.com\/sv\/produkt\/tak-fonster-55-landskap\/#primaryimage"},"image":{"@id":"https:\/\/hi-nd.com\/sv\/produkt\/tak-fonster-55-landskap\/#primaryimage"},"thumbnailUrl":"https:\/\/hi-nd.com\/wp-content\/uploads\/2022\/08\/CC5500-0101-10-landskap-scaled.jpeg","datePublished":"2022-08-10T09:18:45+00:00","dateModified":"2024-02-22T20:21:12+00:00","description":"HI-ND Ceiling Casing Window 55\" \u00e4r utformad f\u00f6r b\u00e5de LG- och Samsung-sk\u00e4rmar med h\u00f6g ljusstyrka. Den levereras i svart och vit som standard.","breadcrumb":{"@id":"https:\/\/hi-nd.com\/sv\/produkt\/tak-fonster-55-landskap\/#breadcrumb"},"inLanguage":"sv-SE","potentialAction":[{"@type":"ReadAction","target":["https:\/\/hi-nd.com\/sv\/produkt\/tak-fonster-55-landskap\/"]}]},{"@type":"ImageObject","inLanguage":"sv-SE","@id":"https:\/\/hi-nd.com\/sv\/produkt\/tak-fonster-55-landskap\/#primaryimage","url":"https:\/\/hi-nd.com\/wp-content\/uploads\/2022\/08\/CC5500-0101-10-landskap-scaled.jpeg","contentUrl":"https:\/\/hi-nd.com\/wp-content\/uploads\/2022\/08\/CC5500-0101-10-landskap-scaled.jpeg","width":2560,"height":1440,"caption":"Ceiling Casing 55\" landskap"},{"@type":"BreadcrumbList","@id":"https:\/\/hi-nd.com\/sv\/produkt\/tak-fonster-55-landskap\/#breadcrumb","itemListElement":[{"@type":"ListItem","position":1,"name":"Home","item":"https:\/\/hi-nd.com\/sv\/"},{"@type":"ListItem","position":2,"name":"Butik","item":"https:\/\/hi-nd.com\/sv\/butik\/"},{"@type":"ListItem","position":3,"name":"Ceiling Casing Window 55&#8243; Landskap"}]},{"@type":"WebSite","@id":"https:\/\/hi-nd.com\/#website","url":"https:\/\/hi-nd.com\/","name":"HI-ND","description":"Mounting Solutions","potentialAction":[{"@type":"SearchAction","target":{"@type":"EntryPoint","urlTemplate":"https:\/\/hi-nd.com\/?s={search_term_string}"},"query-input":{"@type":"PropertyValueSpecification","valueRequired":true,"valueName":"search_term_string"}}],"inLanguage":"sv-SE"}]}},"_links":{"self":[{"href":"https:\/\/hi-nd.com\/sv\/wp-json\/wp\/v2\/product\/5914","targetHints":{"allow":["GET"]}}],"collection":[{"href":"https:\/\/hi-nd.com\/sv\/wp-json\/wp\/v2\/product"}],"about":[{"href":"https:\/\/hi-nd.com\/sv\/wp-json\/wp\/v2\/types\/product"}],"wp:featuredmedia":[{"embeddable":true,"href":"https:\/\/hi-nd.com\/sv\/wp-json\/wp\/v2\/media\/4802"}],"wp:attachment":[{"href":"https:\/\/hi-nd.com\/sv\/wp-json\/wp\/v2\/media?parent=5914"}],"wp:term":[{"taxonomy":"product_brand","embeddable":true,"href":"https:\/\/hi-nd.com\/sv\/wp-json\/wp\/v2\/product_brand?post=5914"},{"taxonomy":"product_cat","embeddable":true,"href":"https:\/\/hi-nd.com\/sv\/wp-json\/wp\/v2\/product_cat?post=5914"},{"taxonomy":"product_tag","embeddable":true,"href":"https:\/\/hi-nd.com\/sv\/wp-json\/wp\/v2\/product_tag?post=5914"}],"curies":[{"name":"wp","href":"https:\/\/api.w.org\/{rel}","templated":true}]}}