{"id":5912,"date":"2022-04-05T15:06:45","date_gmt":"2022-04-05T13:06:45","guid":{"rendered":"https:\/\/hi-nd.com\/product\/vaggholje-touch\/"},"modified":"2024-02-22T21:20:57","modified_gmt":"2024-02-22T20:20:57","slug":"vaggholje-touch","status":"publish","type":"product","link":"https:\/\/hi-nd.com\/sv\/produkt\/vaggholje-touch\/","title":{"rendered":"Wall Casing TOUCH"},"content":{"rendered":"<table width=\"809\">\n<tbody>\n<tr>\n<td width=\"200\"><strong>Artikelnummer<\/strong><\/td>\n<td width=\"519\"><strong>Beskrivning<\/strong><\/td>\n<td width=\"175\"><strong>F\u00e4rg<\/strong><\/td>\n<\/tr>\n<tr>\n<td>WC4312T-0101-10<\/td>\n<td>Wall Casing Touch i Landskap f\u00f6r Samsung QM43B-T<\/td>\n<td>Vit<\/td>\n<\/tr>\n<tr>\n<td>WC4312T-0101-02<\/td>\n<td>Wall Casing Touch i Landskap f\u00f6r Samsung QM43B-T<\/td>\n<td>Svart<\/td>\n<\/tr>\n<tr>\n<td>WC4312T-5001-10<\/td>\n<td>Wall Casing Touch i portr\u00e4tt f\u00f6r Samsung QM43B-T<\/td>\n<td>Vit<\/td>\n<\/tr>\n<tr>\n<td>WC4312T-5001-02<\/td>\n<td>Wall Casing Touch i portr\u00e4tt f\u00f6r Samsung QM43B-T<\/td>\n<td>Svart<\/td>\n<\/tr>\n<tr>\n<td>WC5512T-0101-10<\/td>\n<td>Wall Casing Touch i Landskap f\u00f6r Samsung QM55B-T<\/td>\n<td>Vit<\/td>\n<\/tr>\n<tr>\n<td>WC5512T-0101-02<\/td>\n<td>Wall Casing Touch i Landskap f\u00f6r Samsung QM55B-T<\/td>\n<td>Svart<\/td>\n<\/tr>\n<tr>\n<td>WC5512T-5001-10<\/td>\n<td>Wall Casing Touch i portr\u00e4tt f\u00f6r Samsung QM55B-T<\/td>\n<td>Vit<\/td>\n<\/tr>\n<tr>\n<td>WC5512T-5001-02<\/td>\n<td>Wall Casing Touch i portr\u00e4tt f\u00f6r Samsung QM55B-T<\/td>\n<td>Svart<\/td>\n<\/tr>\n<\/tbody>\n<\/table>\n","protected":false},"excerpt":{"rendered":"<p><strong>Wall Casing Touch f\u00f6r Samsung-sk\u00e4rm<\/strong><\/p>\n<p>V\u00e5r Wall Casing TOUCH \u00e4r utformad f\u00f6r att ge en professionell skyltk\u00e4nsla. Utformad f\u00f6r Samsung 43&#8243; och 55&#8243; Touch-sk\u00e4rmar. Specialtillverkat displayf\u00e4ste f\u00f6r \u00f6kad stabilitet av touchfunktionen. Det finns tillr\u00e4ckligt med utrymme f\u00f6r str\u00f6mkontakten inuti. Finns i vit och svart, b\u00e5de som portr\u00e4tt och landskap.<\/p>\n<ul>\n<li>Designad f\u00f6r Samsung 43&#8243; och 55&#8243;<\/li>\n<li>Utrymme f\u00f6r elkontakter<\/li>\n<li>Integrerat displayf\u00e4ste<\/li>\n<\/ul>\n","protected":false},"featured_media":4646,"template":"","meta":[],"product_brand":[],"product_cat":[15],"product_tag":[],"class_list":{"0":"post-5912","1":"product","2":"type-product","3":"status-publish","4":"has-post-thumbnail","6":"product_cat-floor","8":"first","9":"instock","10":"shipping-taxable","11":"product-type-simple"},"yoast_head":"<!-- This site is optimized with the Yoast SEO plugin v27.3 - https:\/\/yoast.com\/product\/yoast-seo-wordpress\/ -->\n<title>Wall Casing TOUCH - HI-ND<\/title>\n<meta name=\"description\" content=\"HI-ND Wall Casing f\u00f6r Samsung touch-sk\u00e4rm. HI-NDs Wall Casing TOUCH \u00e4r utformad f\u00f6r att ge en professionell skyltk\u00e4nsla.\" \/>\n<meta name=\"robots\" content=\"index, follow, max-snippet:-1, max-image-preview:large, max-video-preview:-1\" \/>\n<link rel=\"canonical\" href=\"https:\/\/hi-nd.com\/sv\/produkt\/vaggholje-touch\/\" \/>\n<meta property=\"og:locale\" content=\"sv_SE\" \/>\n<meta property=\"og:type\" content=\"article\" \/>\n<meta property=\"og:title\" content=\"Wall Casing TOUCH - HI-ND\" \/>\n<meta property=\"og:description\" content=\"HI-ND Wall Casing f\u00f6r Samsung touch-sk\u00e4rm. HI-NDs Wall Casing TOUCH \u00e4r utformad f\u00f6r att ge en professionell skyltk\u00e4nsla.\" \/>\n<meta property=\"og:url\" content=\"https:\/\/hi-nd.com\/sv\/produkt\/vaggholje-touch\/\" \/>\n<meta property=\"og:site_name\" content=\"HI-ND\" \/>\n<meta property=\"article:modified_time\" content=\"2024-02-22T20:20:57+00:00\" \/>\n<meta property=\"og:image\" content=\"https:\/\/hi-nd.com\/wp-content\/uploads\/2022\/04\/WC5512T-0101-01.jpg\" \/>\n\t<meta property=\"og:image:width\" content=\"750\" \/>\n\t<meta property=\"og:image:height\" content=\"750\" \/>\n\t<meta property=\"og:image:type\" content=\"image\/jpeg\" \/>\n<meta name=\"twitter:card\" content=\"summary_large_image\" \/>\n<meta name=\"twitter:label1\" content=\"Ber\u00e4knad l\u00e4stid\" \/>\n\t<meta name=\"twitter:data1\" content=\"1 minut\" \/>\n<script type=\"application\/ld+json\" class=\"yoast-schema-graph\">{\"@context\":\"https:\\\/\\\/schema.org\",\"@graph\":[{\"@type\":\"WebPage\",\"@id\":\"https:\\\/\\\/hi-nd.com\\\/sv\\\/produkt\\\/vaggholje-touch\\\/\",\"url\":\"https:\\\/\\\/hi-nd.com\\\/sv\\\/produkt\\\/vaggholje-touch\\\/\",\"name\":\"Wall Casing TOUCH - HI-ND\",\"isPartOf\":{\"@id\":\"https:\\\/\\\/hi-nd.com\\\/#website\"},\"primaryImageOfPage\":{\"@id\":\"https:\\\/\\\/hi-nd.com\\\/sv\\\/produkt\\\/vaggholje-touch\\\/#primaryimage\"},\"image\":{\"@id\":\"https:\\\/\\\/hi-nd.com\\\/sv\\\/produkt\\\/vaggholje-touch\\\/#primaryimage\"},\"thumbnailUrl\":\"https:\\\/\\\/hi-nd.com\\\/wp-content\\\/uploads\\\/2022\\\/04\\\/WC5512T-0101-01.jpg\",\"datePublished\":\"2022-04-05T13:06:45+00:00\",\"dateModified\":\"2024-02-22T20:20:57+00:00\",\"description\":\"HI-ND Wall Casing f\u00f6r Samsung touch-sk\u00e4rm. HI-NDs Wall Casing TOUCH \u00e4r utformad f\u00f6r att ge en professionell skyltk\u00e4nsla.\",\"breadcrumb\":{\"@id\":\"https:\\\/\\\/hi-nd.com\\\/sv\\\/produkt\\\/vaggholje-touch\\\/#breadcrumb\"},\"inLanguage\":\"sv-SE\",\"potentialAction\":[{\"@type\":\"ReadAction\",\"target\":[\"https:\\\/\\\/hi-nd.com\\\/sv\\\/produkt\\\/vaggholje-touch\\\/\"]}]},{\"@type\":\"ImageObject\",\"inLanguage\":\"sv-SE\",\"@id\":\"https:\\\/\\\/hi-nd.com\\\/sv\\\/produkt\\\/vaggholje-touch\\\/#primaryimage\",\"url\":\"https:\\\/\\\/hi-nd.com\\\/wp-content\\\/uploads\\\/2022\\\/04\\\/WC5512T-0101-01.jpg\",\"contentUrl\":\"https:\\\/\\\/hi-nd.com\\\/wp-content\\\/uploads\\\/2022\\\/04\\\/WC5512T-0101-01.jpg\",\"width\":750,\"height\":750},{\"@type\":\"BreadcrumbList\",\"@id\":\"https:\\\/\\\/hi-nd.com\\\/sv\\\/produkt\\\/vaggholje-touch\\\/#breadcrumb\",\"itemListElement\":[{\"@type\":\"ListItem\",\"position\":1,\"name\":\"Home\",\"item\":\"https:\\\/\\\/hi-nd.com\\\/sv\\\/\"},{\"@type\":\"ListItem\",\"position\":2,\"name\":\"Butik\",\"item\":\"https:\\\/\\\/hi-nd.com\\\/sv\\\/butik\\\/\"},{\"@type\":\"ListItem\",\"position\":3,\"name\":\"Wall Casing TOUCH\"}]},{\"@type\":\"WebSite\",\"@id\":\"https:\\\/\\\/hi-nd.com\\\/#website\",\"url\":\"https:\\\/\\\/hi-nd.com\\\/\",\"name\":\"HI-ND\",\"description\":\"Mounting Solutions\",\"potentialAction\":[{\"@type\":\"SearchAction\",\"target\":{\"@type\":\"EntryPoint\",\"urlTemplate\":\"https:\\\/\\\/hi-nd.com\\\/?s={search_term_string}\"},\"query-input\":{\"@type\":\"PropertyValueSpecification\",\"valueRequired\":true,\"valueName\":\"search_term_string\"}}],\"inLanguage\":\"sv-SE\"}]}<\/script>\n<!-- \/ Yoast SEO plugin. -->","yoast_head_json":{"title":"Wall Casing TOUCH - HI-ND","description":"HI-ND Wall Casing f\u00f6r Samsung touch-sk\u00e4rm. HI-NDs Wall Casing TOUCH \u00e4r utformad f\u00f6r att ge en professionell skyltk\u00e4nsla.","robots":{"index":"index","follow":"follow","max-snippet":"max-snippet:-1","max-image-preview":"max-image-preview:large","max-video-preview":"max-video-preview:-1"},"canonical":"https:\/\/hi-nd.com\/sv\/produkt\/vaggholje-touch\/","og_locale":"sv_SE","og_type":"article","og_title":"Wall Casing TOUCH - HI-ND","og_description":"HI-ND Wall Casing f\u00f6r Samsung touch-sk\u00e4rm. HI-NDs Wall Casing TOUCH \u00e4r utformad f\u00f6r att ge en professionell skyltk\u00e4nsla.","og_url":"https:\/\/hi-nd.com\/sv\/produkt\/vaggholje-touch\/","og_site_name":"HI-ND","article_modified_time":"2024-02-22T20:20:57+00:00","og_image":[{"width":750,"height":750,"url":"https:\/\/hi-nd.com\/wp-content\/uploads\/2022\/04\/WC5512T-0101-01.jpg","type":"image\/jpeg"}],"twitter_card":"summary_large_image","twitter_misc":{"Ber\u00e4knad l\u00e4stid":"1 minut"},"schema":{"@context":"https:\/\/schema.org","@graph":[{"@type":"WebPage","@id":"https:\/\/hi-nd.com\/sv\/produkt\/vaggholje-touch\/","url":"https:\/\/hi-nd.com\/sv\/produkt\/vaggholje-touch\/","name":"Wall Casing TOUCH - HI-ND","isPartOf":{"@id":"https:\/\/hi-nd.com\/#website"},"primaryImageOfPage":{"@id":"https:\/\/hi-nd.com\/sv\/produkt\/vaggholje-touch\/#primaryimage"},"image":{"@id":"https:\/\/hi-nd.com\/sv\/produkt\/vaggholje-touch\/#primaryimage"},"thumbnailUrl":"https:\/\/hi-nd.com\/wp-content\/uploads\/2022\/04\/WC5512T-0101-01.jpg","datePublished":"2022-04-05T13:06:45+00:00","dateModified":"2024-02-22T20:20:57+00:00","description":"HI-ND Wall Casing f\u00f6r Samsung touch-sk\u00e4rm. HI-NDs Wall Casing TOUCH \u00e4r utformad f\u00f6r att ge en professionell skyltk\u00e4nsla.","breadcrumb":{"@id":"https:\/\/hi-nd.com\/sv\/produkt\/vaggholje-touch\/#breadcrumb"},"inLanguage":"sv-SE","potentialAction":[{"@type":"ReadAction","target":["https:\/\/hi-nd.com\/sv\/produkt\/vaggholje-touch\/"]}]},{"@type":"ImageObject","inLanguage":"sv-SE","@id":"https:\/\/hi-nd.com\/sv\/produkt\/vaggholje-touch\/#primaryimage","url":"https:\/\/hi-nd.com\/wp-content\/uploads\/2022\/04\/WC5512T-0101-01.jpg","contentUrl":"https:\/\/hi-nd.com\/wp-content\/uploads\/2022\/04\/WC5512T-0101-01.jpg","width":750,"height":750},{"@type":"BreadcrumbList","@id":"https:\/\/hi-nd.com\/sv\/produkt\/vaggholje-touch\/#breadcrumb","itemListElement":[{"@type":"ListItem","position":1,"name":"Home","item":"https:\/\/hi-nd.com\/sv\/"},{"@type":"ListItem","position":2,"name":"Butik","item":"https:\/\/hi-nd.com\/sv\/butik\/"},{"@type":"ListItem","position":3,"name":"Wall Casing TOUCH"}]},{"@type":"WebSite","@id":"https:\/\/hi-nd.com\/#website","url":"https:\/\/hi-nd.com\/","name":"HI-ND","description":"Mounting Solutions","potentialAction":[{"@type":"SearchAction","target":{"@type":"EntryPoint","urlTemplate":"https:\/\/hi-nd.com\/?s={search_term_string}"},"query-input":{"@type":"PropertyValueSpecification","valueRequired":true,"valueName":"search_term_string"}}],"inLanguage":"sv-SE"}]}},"_links":{"self":[{"href":"https:\/\/hi-nd.com\/sv\/wp-json\/wp\/v2\/product\/5912","targetHints":{"allow":["GET"]}}],"collection":[{"href":"https:\/\/hi-nd.com\/sv\/wp-json\/wp\/v2\/product"}],"about":[{"href":"https:\/\/hi-nd.com\/sv\/wp-json\/wp\/v2\/types\/product"}],"wp:featuredmedia":[{"embeddable":true,"href":"https:\/\/hi-nd.com\/sv\/wp-json\/wp\/v2\/media\/4646"}],"wp:attachment":[{"href":"https:\/\/hi-nd.com\/sv\/wp-json\/wp\/v2\/media?parent=5912"}],"wp:term":[{"taxonomy":"product_brand","embeddable":true,"href":"https:\/\/hi-nd.com\/sv\/wp-json\/wp\/v2\/product_brand?post=5912"},{"taxonomy":"product_cat","embeddable":true,"href":"https:\/\/hi-nd.com\/sv\/wp-json\/wp\/v2\/product_cat?post=5912"},{"taxonomy":"product_tag","embeddable":true,"href":"https:\/\/hi-nd.com\/sv\/wp-json\/wp\/v2\/product_tag?post=5912"}],"curies":[{"name":"wp","href":"https:\/\/api.w.org\/{rel}","templated":true}]}}