{"id":5911,"date":"2022-11-14T13:37:09","date_gmt":"2022-11-14T12:37:09","guid":{"rendered":"https:\/\/hi-nd.com\/product\/fullrorligt-vaggfaste\/"},"modified":"2024-02-22T21:21:14","modified_gmt":"2024-02-22T20:21:14","slug":"fullrorligt-vaggfaste","status":"publish","type":"product","link":"https:\/\/hi-nd.com\/sv\/produkt\/fullrorligt-vaggfaste\/","title":{"rendered":"Fullr\u00f6rligt v\u00e4ggf\u00e4ste"},"content":{"rendered":"<table style=\"height: 81px;\" width=\"701\">\n<tbody>\n<tr>\n<td width=\"99\"><strong>Artikelnummer<\/strong><\/td>\n<td width=\"560\"><strong>Beskrivning<\/strong><\/td>\n<\/tr>\n<tr>\n<td>C-FA02-02<\/td>\n<td>F\u00f6rl\u00e4ngs upp till 281 mm, 37\u2033 till 90\u2033, Tilt: 0\u00b0~-10\u00b0, VESA: 200\u00d7200 &#8211; 600&#215;400<\/td>\n<\/tr>\n<\/tbody>\n<\/table>\n","protected":false},"excerpt":{"rendered":"<p>HI-ND Full-Motion v\u00e4ggf\u00e4ste f\u00f6r bildsk\u00e4rmar fr\u00e5n 37\u2033 till 90\u2033, b\u00e4r upp till 50 kg. Detta f\u00e4ste str\u00e4cker sig upp till 281 mm fr\u00e5n v\u00e4ggen och till\u00e5ter en 30 graders sv\u00e4ngning \u00e5t v\u00e4nster eller h\u00f6ger. Niv\u00e5justering efter installationen g\u00f6r det m\u00f6jligt att &#8221;rulla&#8221; monitorn upp till 3 grader medurs och moturs f\u00f6r att s\u00e4kerst\u00e4lla att den \u00e4r perfekt justerad. Det integrerade kabelhanteringssystemet h\u00e5ller kablarna organiserade och skyddade.<\/p>\n<ul>\n<li>VESA: 200\u00d7200, 300\u00d7300, 400\u00d7200, 400\u00d7400, 600&#215;400<\/li>\n<li>Sv\u00e4ngbart omr\u00e5de: +30\u00b0~-30\u00b0<\/li>\n<li>Lutning: 0\u00b0~-10\u00b0<\/li>\n<li>Max vikt: 50 kg<\/li>\n<li>M\u00e5tt: 281x650x434 mm<\/li>\n<\/ul>\n","protected":false},"featured_media":4850,"template":"","meta":[],"product_brand":[],"product_cat":[90],"product_tag":[],"class_list":{"0":"post-5911","1":"product","2":"type-product","3":"status-publish","4":"has-post-thumbnail","6":"product_cat-vaggmontering","8":"first","9":"instock","10":"shipping-taxable","11":"product-type-simple"},"yoast_head":"<!-- This site is optimized with the Yoast SEO plugin v27.3 - https:\/\/yoast.com\/product\/yoast-seo-wordpress\/ -->\n<title>Fullr\u00f6rligt v\u00e4ggf\u00e4ste - HI-ND<\/title>\n<meta name=\"description\" content=\"HI-ND Full-Motion Wall Mount \u00e4r ett v\u00e4ggf\u00e4ste f\u00f6r bildsk\u00e4rmar 37\u2033 till 90\u2033. Den kan dras ut upp till 281 mm och till\u00e5ter 30 graders v\u00e4nster- eller h\u00f6gerrotering.\" \/>\n<meta name=\"robots\" content=\"index, follow, max-snippet:-1, max-image-preview:large, max-video-preview:-1\" \/>\n<link rel=\"canonical\" href=\"https:\/\/hi-nd.com\/sv\/produkt\/fullrorligt-vaggfaste\/\" \/>\n<meta property=\"og:locale\" content=\"sv_SE\" \/>\n<meta property=\"og:type\" content=\"article\" \/>\n<meta property=\"og:title\" content=\"Fullr\u00f6rligt v\u00e4ggf\u00e4ste - HI-ND\" \/>\n<meta property=\"og:description\" content=\"HI-ND Full-Motion Wall Mount \u00e4r ett v\u00e4ggf\u00e4ste f\u00f6r bildsk\u00e4rmar 37\u2033 till 90\u2033. Den kan dras ut upp till 281 mm och till\u00e5ter 30 graders v\u00e4nster- eller h\u00f6gerrotering.\" \/>\n<meta property=\"og:url\" content=\"https:\/\/hi-nd.com\/sv\/produkt\/fullrorligt-vaggfaste\/\" \/>\n<meta property=\"og:site_name\" content=\"HI-ND\" \/>\n<meta property=\"article:modified_time\" content=\"2024-02-22T20:21:14+00:00\" \/>\n<meta property=\"og:image\" content=\"https:\/\/hi-nd.com\/wp-content\/uploads\/2022\/11\/C-FA02-02-1-750x750-1.jpg\" \/>\n\t<meta property=\"og:image:width\" content=\"750\" \/>\n\t<meta property=\"og:image:height\" content=\"750\" \/>\n\t<meta property=\"og:image:type\" content=\"image\/jpeg\" \/>\n<meta name=\"twitter:card\" content=\"summary_large_image\" \/>\n<script type=\"application\/ld+json\" class=\"yoast-schema-graph\">{\"@context\":\"https:\\\/\\\/schema.org\",\"@graph\":[{\"@type\":\"WebPage\",\"@id\":\"https:\\\/\\\/hi-nd.com\\\/sv\\\/produkt\\\/fullrorligt-vaggfaste\\\/\",\"url\":\"https:\\\/\\\/hi-nd.com\\\/sv\\\/produkt\\\/fullrorligt-vaggfaste\\\/\",\"name\":\"Fullr\u00f6rligt v\u00e4ggf\u00e4ste - HI-ND\",\"isPartOf\":{\"@id\":\"https:\\\/\\\/hi-nd.com\\\/#website\"},\"primaryImageOfPage\":{\"@id\":\"https:\\\/\\\/hi-nd.com\\\/sv\\\/produkt\\\/fullrorligt-vaggfaste\\\/#primaryimage\"},\"image\":{\"@id\":\"https:\\\/\\\/hi-nd.com\\\/sv\\\/produkt\\\/fullrorligt-vaggfaste\\\/#primaryimage\"},\"thumbnailUrl\":\"https:\\\/\\\/hi-nd.com\\\/wp-content\\\/uploads\\\/2022\\\/11\\\/C-FA02-02-1-750x750-1.jpg\",\"datePublished\":\"2022-11-14T12:37:09+00:00\",\"dateModified\":\"2024-02-22T20:21:14+00:00\",\"description\":\"HI-ND Full-Motion Wall Mount \u00e4r ett v\u00e4ggf\u00e4ste f\u00f6r bildsk\u00e4rmar 37\u2033 till 90\u2033. Den kan dras ut upp till 281 mm och till\u00e5ter 30 graders v\u00e4nster- eller h\u00f6gerrotering.\",\"breadcrumb\":{\"@id\":\"https:\\\/\\\/hi-nd.com\\\/sv\\\/produkt\\\/fullrorligt-vaggfaste\\\/#breadcrumb\"},\"inLanguage\":\"sv-SE\",\"potentialAction\":[{\"@type\":\"ReadAction\",\"target\":[\"https:\\\/\\\/hi-nd.com\\\/sv\\\/produkt\\\/fullrorligt-vaggfaste\\\/\"]}]},{\"@type\":\"ImageObject\",\"inLanguage\":\"sv-SE\",\"@id\":\"https:\\\/\\\/hi-nd.com\\\/sv\\\/produkt\\\/fullrorligt-vaggfaste\\\/#primaryimage\",\"url\":\"https:\\\/\\\/hi-nd.com\\\/wp-content\\\/uploads\\\/2022\\\/11\\\/C-FA02-02-1-750x750-1.jpg\",\"contentUrl\":\"https:\\\/\\\/hi-nd.com\\\/wp-content\\\/uploads\\\/2022\\\/11\\\/C-FA02-02-1-750x750-1.jpg\",\"width\":750,\"height\":750,\"caption\":\"Fullr\u00f6rligt v\u00e4ggf\u00e4ste\"},{\"@type\":\"BreadcrumbList\",\"@id\":\"https:\\\/\\\/hi-nd.com\\\/sv\\\/produkt\\\/fullrorligt-vaggfaste\\\/#breadcrumb\",\"itemListElement\":[{\"@type\":\"ListItem\",\"position\":1,\"name\":\"Home\",\"item\":\"https:\\\/\\\/hi-nd.com\\\/sv\\\/\"},{\"@type\":\"ListItem\",\"position\":2,\"name\":\"Butik\",\"item\":\"https:\\\/\\\/hi-nd.com\\\/sv\\\/butik\\\/\"},{\"@type\":\"ListItem\",\"position\":3,\"name\":\"Fullr\u00f6rligt v\u00e4ggf\u00e4ste\"}]},{\"@type\":\"WebSite\",\"@id\":\"https:\\\/\\\/hi-nd.com\\\/#website\",\"url\":\"https:\\\/\\\/hi-nd.com\\\/\",\"name\":\"HI-ND\",\"description\":\"Mounting Solutions\",\"potentialAction\":[{\"@type\":\"SearchAction\",\"target\":{\"@type\":\"EntryPoint\",\"urlTemplate\":\"https:\\\/\\\/hi-nd.com\\\/?s={search_term_string}\"},\"query-input\":{\"@type\":\"PropertyValueSpecification\",\"valueRequired\":true,\"valueName\":\"search_term_string\"}}],\"inLanguage\":\"sv-SE\"}]}<\/script>\n<!-- \/ Yoast SEO plugin. -->","yoast_head_json":{"title":"Fullr\u00f6rligt v\u00e4ggf\u00e4ste - HI-ND","description":"HI-ND Full-Motion Wall Mount \u00e4r ett v\u00e4ggf\u00e4ste f\u00f6r bildsk\u00e4rmar 37\u2033 till 90\u2033. Den kan dras ut upp till 281 mm och till\u00e5ter 30 graders v\u00e4nster- eller h\u00f6gerrotering.","robots":{"index":"index","follow":"follow","max-snippet":"max-snippet:-1","max-image-preview":"max-image-preview:large","max-video-preview":"max-video-preview:-1"},"canonical":"https:\/\/hi-nd.com\/sv\/produkt\/fullrorligt-vaggfaste\/","og_locale":"sv_SE","og_type":"article","og_title":"Fullr\u00f6rligt v\u00e4ggf\u00e4ste - HI-ND","og_description":"HI-ND Full-Motion Wall Mount \u00e4r ett v\u00e4ggf\u00e4ste f\u00f6r bildsk\u00e4rmar 37\u2033 till 90\u2033. Den kan dras ut upp till 281 mm och till\u00e5ter 30 graders v\u00e4nster- eller h\u00f6gerrotering.","og_url":"https:\/\/hi-nd.com\/sv\/produkt\/fullrorligt-vaggfaste\/","og_site_name":"HI-ND","article_modified_time":"2024-02-22T20:21:14+00:00","og_image":[{"width":750,"height":750,"url":"https:\/\/hi-nd.com\/wp-content\/uploads\/2022\/11\/C-FA02-02-1-750x750-1.jpg","type":"image\/jpeg"}],"twitter_card":"summary_large_image","schema":{"@context":"https:\/\/schema.org","@graph":[{"@type":"WebPage","@id":"https:\/\/hi-nd.com\/sv\/produkt\/fullrorligt-vaggfaste\/","url":"https:\/\/hi-nd.com\/sv\/produkt\/fullrorligt-vaggfaste\/","name":"Fullr\u00f6rligt v\u00e4ggf\u00e4ste - HI-ND","isPartOf":{"@id":"https:\/\/hi-nd.com\/#website"},"primaryImageOfPage":{"@id":"https:\/\/hi-nd.com\/sv\/produkt\/fullrorligt-vaggfaste\/#primaryimage"},"image":{"@id":"https:\/\/hi-nd.com\/sv\/produkt\/fullrorligt-vaggfaste\/#primaryimage"},"thumbnailUrl":"https:\/\/hi-nd.com\/wp-content\/uploads\/2022\/11\/C-FA02-02-1-750x750-1.jpg","datePublished":"2022-11-14T12:37:09+00:00","dateModified":"2024-02-22T20:21:14+00:00","description":"HI-ND Full-Motion Wall Mount \u00e4r ett v\u00e4ggf\u00e4ste f\u00f6r bildsk\u00e4rmar 37\u2033 till 90\u2033. Den kan dras ut upp till 281 mm och till\u00e5ter 30 graders v\u00e4nster- eller h\u00f6gerrotering.","breadcrumb":{"@id":"https:\/\/hi-nd.com\/sv\/produkt\/fullrorligt-vaggfaste\/#breadcrumb"},"inLanguage":"sv-SE","potentialAction":[{"@type":"ReadAction","target":["https:\/\/hi-nd.com\/sv\/produkt\/fullrorligt-vaggfaste\/"]}]},{"@type":"ImageObject","inLanguage":"sv-SE","@id":"https:\/\/hi-nd.com\/sv\/produkt\/fullrorligt-vaggfaste\/#primaryimage","url":"https:\/\/hi-nd.com\/wp-content\/uploads\/2022\/11\/C-FA02-02-1-750x750-1.jpg","contentUrl":"https:\/\/hi-nd.com\/wp-content\/uploads\/2022\/11\/C-FA02-02-1-750x750-1.jpg","width":750,"height":750,"caption":"Fullr\u00f6rligt v\u00e4ggf\u00e4ste"},{"@type":"BreadcrumbList","@id":"https:\/\/hi-nd.com\/sv\/produkt\/fullrorligt-vaggfaste\/#breadcrumb","itemListElement":[{"@type":"ListItem","position":1,"name":"Home","item":"https:\/\/hi-nd.com\/sv\/"},{"@type":"ListItem","position":2,"name":"Butik","item":"https:\/\/hi-nd.com\/sv\/butik\/"},{"@type":"ListItem","position":3,"name":"Fullr\u00f6rligt v\u00e4ggf\u00e4ste"}]},{"@type":"WebSite","@id":"https:\/\/hi-nd.com\/#website","url":"https:\/\/hi-nd.com\/","name":"HI-ND","description":"Mounting Solutions","potentialAction":[{"@type":"SearchAction","target":{"@type":"EntryPoint","urlTemplate":"https:\/\/hi-nd.com\/?s={search_term_string}"},"query-input":{"@type":"PropertyValueSpecification","valueRequired":true,"valueName":"search_term_string"}}],"inLanguage":"sv-SE"}]}},"_links":{"self":[{"href":"https:\/\/hi-nd.com\/sv\/wp-json\/wp\/v2\/product\/5911","targetHints":{"allow":["GET"]}}],"collection":[{"href":"https:\/\/hi-nd.com\/sv\/wp-json\/wp\/v2\/product"}],"about":[{"href":"https:\/\/hi-nd.com\/sv\/wp-json\/wp\/v2\/types\/product"}],"wp:featuredmedia":[{"embeddable":true,"href":"https:\/\/hi-nd.com\/sv\/wp-json\/wp\/v2\/media\/4850"}],"wp:attachment":[{"href":"https:\/\/hi-nd.com\/sv\/wp-json\/wp\/v2\/media?parent=5911"}],"wp:term":[{"taxonomy":"product_brand","embeddable":true,"href":"https:\/\/hi-nd.com\/sv\/wp-json\/wp\/v2\/product_brand?post=5911"},{"taxonomy":"product_cat","embeddable":true,"href":"https:\/\/hi-nd.com\/sv\/wp-json\/wp\/v2\/product_cat?post=5911"},{"taxonomy":"product_tag","embeddable":true,"href":"https:\/\/hi-nd.com\/sv\/wp-json\/wp\/v2\/product_tag?post=5911"}],"curies":[{"name":"wp","href":"https:\/\/api.w.org\/{rel}","templated":true}]}}