{"id":5904,"date":"2023-07-05T16:00:07","date_gmt":"2023-07-05T14:00:07","guid":{"rendered":"https:\/\/hi-nd.com\/product\/bojd-led\/"},"modified":"2026-01-26T14:53:37","modified_gmt":"2026-01-26T13:53:37","slug":"bojd-led","status":"publish","type":"product","link":"https:\/\/hi-nd.com\/sv\/produkt\/bojd-led\/","title":{"rendered":"Kurvad LED"},"content":{"rendered":"<table border=\"0\" cellspacing=\"0\">\n<colgroup width=\"128\"><\/colgroup>\n<tbody>\n<tr>\n<td align=\"left\" height=\"26\"><b>Artikelnummer<\/b><\/td>\n<td align=\"left\"><b>Beskrivning<\/b><\/td>\n<td align=\"left\"><b>F\u00e4rg <\/b><\/td>\n<\/tr>\n<tr>\n<td align=\"left\" height=\"26\"><\/td>\n<td align=\"left\">B\u00f6jd LED<\/td>\n<td align=\"left\">Svart<\/td>\n<\/tr>\n<\/tbody>\n<\/table>\n","protected":false},"excerpt":{"rendered":"<p>HI-ND LED Wall \u00e4r ett f\u00f6rkonfigurerat v\u00e4ggf\u00e4ste f\u00f6r Samsung LED-sk\u00e4rmar. Vi erbjuder nu en komplett l\u00f6sning med v\u00e4ggf\u00e4sten och ram. Detta m\u00f6jligg\u00f6r \u00e4ven en l\u00f6sning f\u00f6r kurvade v\u00e4ggar.<\/p>\n<p>L\u00e4gg till LED-moduler f\u00f6r att skapa en sammanh\u00e4ngande videov\u00e4gg. Standardf\u00e4rgen p\u00e5 ramen \u00e4r svart, men andra f\u00e4rger kan erbjudas p\u00e5 beg\u00e4ran.<\/p>\n<p>Till\u00e4mplig med Samsung-serier: IEA, IER och IFR<\/p>\n","protected":false},"featured_media":5306,"template":"","meta":[],"product_brand":[],"product_cat":[115,130],"product_tag":[],"class_list":{"0":"post-5904","1":"product","2":"type-product","3":"status-publish","4":"has-post-thumbnail","6":"product_cat-led-sv","7":"product_cat-vagg","9":"first","10":"instock","11":"shipping-taxable","12":"product-type-simple"},"yoast_head":"<!-- This site is optimized with the Yoast SEO plugin v27.3 - https:\/\/yoast.com\/product\/yoast-seo-wordpress\/ -->\n<title>Kurvad LED - HI-ND<\/title>\n<meta name=\"robots\" content=\"index, follow, max-snippet:-1, max-image-preview:large, max-video-preview:-1\" \/>\n<link rel=\"canonical\" href=\"https:\/\/hi-nd.com\/sv\/produkt\/bojd-led\/\" \/>\n<meta property=\"og:locale\" content=\"sv_SE\" \/>\n<meta property=\"og:type\" content=\"article\" \/>\n<meta property=\"og:title\" content=\"Kurvad LED - HI-ND\" \/>\n<meta property=\"og:description\" content=\"HI-ND LED Wall \u00e4r ett f\u00f6rkonfigurerat v\u00e4ggf\u00e4ste f\u00f6r Samsung LED-sk\u00e4rmar. Vi erbjuder nu en komplett l\u00f6sning med v\u00e4ggf\u00e4sten och ram. Detta m\u00f6jligg\u00f6r \u00e4ven en l\u00f6sning f\u00f6r kurvade v\u00e4ggar. L\u00e4gg till LED-moduler f\u00f6r att skapa en sammanh\u00e4ngande videov\u00e4gg. Standardf\u00e4rgen p\u00e5 ramen \u00e4r svart, men andra f\u00e4rger kan erbjudas p\u00e5 beg\u00e4ran. Till\u00e4mplig med Samsung-serier: IEA, IER och IFR\" \/>\n<meta property=\"og:url\" content=\"https:\/\/hi-nd.com\/sv\/produkt\/bojd-led\/\" \/>\n<meta property=\"og:site_name\" content=\"HI-ND\" \/>\n<meta property=\"article:modified_time\" content=\"2026-01-26T13:53:37+00:00\" \/>\n<meta property=\"og:image\" content=\"https:\/\/hi-nd.com\/wp-content\/uploads\/2023\/07\/L1680597-1024x683.jpg\" \/>\n\t<meta property=\"og:image:width\" content=\"1024\" \/>\n\t<meta property=\"og:image:height\" content=\"683\" \/>\n\t<meta property=\"og:image:type\" content=\"image\/jpeg\" \/>\n<meta name=\"twitter:card\" content=\"summary_large_image\" \/>\n<meta name=\"twitter:label1\" content=\"Ber\u00e4knad l\u00e4stid\" \/>\n\t<meta name=\"twitter:data1\" content=\"1 minut\" \/>\n<script type=\"application\/ld+json\" class=\"yoast-schema-graph\">{\"@context\":\"https:\\\/\\\/schema.org\",\"@graph\":[{\"@type\":\"WebPage\",\"@id\":\"https:\\\/\\\/hi-nd.com\\\/sv\\\/produkt\\\/bojd-led\\\/\",\"url\":\"https:\\\/\\\/hi-nd.com\\\/sv\\\/produkt\\\/bojd-led\\\/\",\"name\":\"Kurvad LED - HI-ND\",\"isPartOf\":{\"@id\":\"https:\\\/\\\/hi-nd.com\\\/#website\"},\"primaryImageOfPage\":{\"@id\":\"https:\\\/\\\/hi-nd.com\\\/sv\\\/produkt\\\/bojd-led\\\/#primaryimage\"},\"image\":{\"@id\":\"https:\\\/\\\/hi-nd.com\\\/sv\\\/produkt\\\/bojd-led\\\/#primaryimage\"},\"thumbnailUrl\":\"https:\\\/\\\/hi-nd.com\\\/wp-content\\\/uploads\\\/2023\\\/07\\\/L1680597.jpg\",\"datePublished\":\"2023-07-05T14:00:07+00:00\",\"dateModified\":\"2026-01-26T13:53:37+00:00\",\"breadcrumb\":{\"@id\":\"https:\\\/\\\/hi-nd.com\\\/sv\\\/produkt\\\/bojd-led\\\/#breadcrumb\"},\"inLanguage\":\"sv-SE\",\"potentialAction\":[{\"@type\":\"ReadAction\",\"target\":[\"https:\\\/\\\/hi-nd.com\\\/sv\\\/produkt\\\/bojd-led\\\/\"]}]},{\"@type\":\"ImageObject\",\"inLanguage\":\"sv-SE\",\"@id\":\"https:\\\/\\\/hi-nd.com\\\/sv\\\/produkt\\\/bojd-led\\\/#primaryimage\",\"url\":\"https:\\\/\\\/hi-nd.com\\\/wp-content\\\/uploads\\\/2023\\\/07\\\/L1680597.jpg\",\"contentUrl\":\"https:\\\/\\\/hi-nd.com\\\/wp-content\\\/uploads\\\/2023\\\/07\\\/L1680597.jpg\",\"width\":2400,\"height\":1600},{\"@type\":\"BreadcrumbList\",\"@id\":\"https:\\\/\\\/hi-nd.com\\\/sv\\\/produkt\\\/bojd-led\\\/#breadcrumb\",\"itemListElement\":[{\"@type\":\"ListItem\",\"position\":1,\"name\":\"Home\",\"item\":\"https:\\\/\\\/hi-nd.com\\\/sv\\\/\"},{\"@type\":\"ListItem\",\"position\":2,\"name\":\"Butik\",\"item\":\"https:\\\/\\\/hi-nd.com\\\/sv\\\/butik\\\/\"},{\"@type\":\"ListItem\",\"position\":3,\"name\":\"Kurvad LED\"}]},{\"@type\":\"WebSite\",\"@id\":\"https:\\\/\\\/hi-nd.com\\\/#website\",\"url\":\"https:\\\/\\\/hi-nd.com\\\/\",\"name\":\"HI-ND\",\"description\":\"Mounting Solutions\",\"potentialAction\":[{\"@type\":\"SearchAction\",\"target\":{\"@type\":\"EntryPoint\",\"urlTemplate\":\"https:\\\/\\\/hi-nd.com\\\/?s={search_term_string}\"},\"query-input\":{\"@type\":\"PropertyValueSpecification\",\"valueRequired\":true,\"valueName\":\"search_term_string\"}}],\"inLanguage\":\"sv-SE\"}]}<\/script>\n<!-- \/ Yoast SEO plugin. -->","yoast_head_json":{"title":"Kurvad LED - HI-ND","robots":{"index":"index","follow":"follow","max-snippet":"max-snippet:-1","max-image-preview":"max-image-preview:large","max-video-preview":"max-video-preview:-1"},"canonical":"https:\/\/hi-nd.com\/sv\/produkt\/bojd-led\/","og_locale":"sv_SE","og_type":"article","og_title":"Kurvad LED - HI-ND","og_description":"HI-ND LED Wall \u00e4r ett f\u00f6rkonfigurerat v\u00e4ggf\u00e4ste f\u00f6r Samsung LED-sk\u00e4rmar. Vi erbjuder nu en komplett l\u00f6sning med v\u00e4ggf\u00e4sten och ram. Detta m\u00f6jligg\u00f6r \u00e4ven en l\u00f6sning f\u00f6r kurvade v\u00e4ggar. L\u00e4gg till LED-moduler f\u00f6r att skapa en sammanh\u00e4ngande videov\u00e4gg. Standardf\u00e4rgen p\u00e5 ramen \u00e4r svart, men andra f\u00e4rger kan erbjudas p\u00e5 beg\u00e4ran. Till\u00e4mplig med Samsung-serier: IEA, IER och IFR","og_url":"https:\/\/hi-nd.com\/sv\/produkt\/bojd-led\/","og_site_name":"HI-ND","article_modified_time":"2026-01-26T13:53:37+00:00","og_image":[{"width":1024,"height":683,"url":"https:\/\/hi-nd.com\/wp-content\/uploads\/2023\/07\/L1680597-1024x683.jpg","type":"image\/jpeg"}],"twitter_card":"summary_large_image","twitter_misc":{"Ber\u00e4knad l\u00e4stid":"1 minut"},"schema":{"@context":"https:\/\/schema.org","@graph":[{"@type":"WebPage","@id":"https:\/\/hi-nd.com\/sv\/produkt\/bojd-led\/","url":"https:\/\/hi-nd.com\/sv\/produkt\/bojd-led\/","name":"Kurvad LED - HI-ND","isPartOf":{"@id":"https:\/\/hi-nd.com\/#website"},"primaryImageOfPage":{"@id":"https:\/\/hi-nd.com\/sv\/produkt\/bojd-led\/#primaryimage"},"image":{"@id":"https:\/\/hi-nd.com\/sv\/produkt\/bojd-led\/#primaryimage"},"thumbnailUrl":"https:\/\/hi-nd.com\/wp-content\/uploads\/2023\/07\/L1680597.jpg","datePublished":"2023-07-05T14:00:07+00:00","dateModified":"2026-01-26T13:53:37+00:00","breadcrumb":{"@id":"https:\/\/hi-nd.com\/sv\/produkt\/bojd-led\/#breadcrumb"},"inLanguage":"sv-SE","potentialAction":[{"@type":"ReadAction","target":["https:\/\/hi-nd.com\/sv\/produkt\/bojd-led\/"]}]},{"@type":"ImageObject","inLanguage":"sv-SE","@id":"https:\/\/hi-nd.com\/sv\/produkt\/bojd-led\/#primaryimage","url":"https:\/\/hi-nd.com\/wp-content\/uploads\/2023\/07\/L1680597.jpg","contentUrl":"https:\/\/hi-nd.com\/wp-content\/uploads\/2023\/07\/L1680597.jpg","width":2400,"height":1600},{"@type":"BreadcrumbList","@id":"https:\/\/hi-nd.com\/sv\/produkt\/bojd-led\/#breadcrumb","itemListElement":[{"@type":"ListItem","position":1,"name":"Home","item":"https:\/\/hi-nd.com\/sv\/"},{"@type":"ListItem","position":2,"name":"Butik","item":"https:\/\/hi-nd.com\/sv\/butik\/"},{"@type":"ListItem","position":3,"name":"Kurvad LED"}]},{"@type":"WebSite","@id":"https:\/\/hi-nd.com\/#website","url":"https:\/\/hi-nd.com\/","name":"HI-ND","description":"Mounting Solutions","potentialAction":[{"@type":"SearchAction","target":{"@type":"EntryPoint","urlTemplate":"https:\/\/hi-nd.com\/?s={search_term_string}"},"query-input":{"@type":"PropertyValueSpecification","valueRequired":true,"valueName":"search_term_string"}}],"inLanguage":"sv-SE"}]}},"_links":{"self":[{"href":"https:\/\/hi-nd.com\/sv\/wp-json\/wp\/v2\/product\/5904","targetHints":{"allow":["GET"]}}],"collection":[{"href":"https:\/\/hi-nd.com\/sv\/wp-json\/wp\/v2\/product"}],"about":[{"href":"https:\/\/hi-nd.com\/sv\/wp-json\/wp\/v2\/types\/product"}],"wp:featuredmedia":[{"embeddable":true,"href":"https:\/\/hi-nd.com\/sv\/wp-json\/wp\/v2\/media\/5306"}],"wp:attachment":[{"href":"https:\/\/hi-nd.com\/sv\/wp-json\/wp\/v2\/media?parent=5904"}],"wp:term":[{"taxonomy":"product_brand","embeddable":true,"href":"https:\/\/hi-nd.com\/sv\/wp-json\/wp\/v2\/product_brand?post=5904"},{"taxonomy":"product_cat","embeddable":true,"href":"https:\/\/hi-nd.com\/sv\/wp-json\/wp\/v2\/product_cat?post=5904"},{"taxonomy":"product_tag","embeddable":true,"href":"https:\/\/hi-nd.com\/sv\/wp-json\/wp\/v2\/product_tag?post=5904"}],"curies":[{"name":"wp","href":"https:\/\/api.w.org\/{rel}","templated":true}]}}