{"id":5899,"date":"2023-03-01T10:46:49","date_gmt":"2023-03-01T09:46:49","guid":{"rendered":"https:\/\/hi-nd.com\/product\/hjul-for-standardtotem\/"},"modified":"2024-02-22T21:21:23","modified_gmt":"2024-02-22T20:21:23","slug":"hjul-for-standardtotem","status":"publish","type":"product","link":"https:\/\/hi-nd.com\/sv\/produkt\/hjul-for-standardtotem\/","title":{"rendered":"Hjul f\u00f6r standardtotem"},"content":{"rendered":"<table border=\"0\" cellspacing=\"0\">\n<colgroup width=\"184\"><\/colgroup>\n<colgroup width=\"709\"><\/colgroup>\n<colgroup width=\"128\"><\/colgroup>\n<tbody>\n<tr>\n<td align=\"left\" height=\"26\"><b>Artikelnummer<\/b><\/td>\n<td align=\"left\"><b>Beskrivning<\/b><\/td>\n<td align=\"left\"><b>F\u00e4rg<\/b><\/td>\n<\/tr>\n<tr>\n<td align=\"left\" height=\"26\">FS0000-W15<\/td>\n<td align=\"left\">4 hjul avsedda f\u00f6r Standard Totem 43&#8243; och 50&#8243;<\/td>\n<td align=\"left\">Svart<\/td>\n<\/tr>\n<\/tbody>\n<\/table>\n","protected":false},"excerpt":{"rendered":"<p>G\u00f6r din Standard Totem portabel!<\/p>\n<p>Vi erbjuder nu hjul f\u00f6r din Standard Totem f\u00f6r att g\u00f6ra den portabel. Hjulen \u00e4r avsedda f\u00f6r v\u00e5ra uppdaterade versioner av Standard Totem 43&#8243; och 50&#8243;.<\/p>\n","protected":false},"featured_media":5039,"template":"","meta":[],"product_brand":[],"product_cat":[95,67],"product_tag":[],"class_list":{"0":"post-5899","1":"product","2":"type-product","3":"status-publish","4":"has-post-thumbnail","6":"product_cat-golvstallning","7":"product_cat-golv-sv","9":"first","10":"instock","11":"shipping-taxable","12":"product-type-simple"},"yoast_head":"<!-- This site is optimized with the Yoast SEO plugin v27.4 - https:\/\/yoast.com\/product\/yoast-seo-wordpress\/ -->\n<title>Hjul f\u00f6r standardtotem - HI-ND<\/title>\n<meta name=\"robots\" content=\"index, follow, max-snippet:-1, max-image-preview:large, max-video-preview:-1\" \/>\n<link rel=\"canonical\" href=\"https:\/\/hi-nd.com\/sv\/produkt\/hjul-for-standardtotem\/\" \/>\n<meta property=\"og:locale\" content=\"sv_SE\" \/>\n<meta property=\"og:type\" content=\"article\" \/>\n<meta property=\"og:title\" content=\"Hjul f\u00f6r standardtotem - HI-ND\" \/>\n<meta property=\"og:description\" content=\"G\u00f6r din Standard Totem portabel! Vi erbjuder nu hjul f\u00f6r din Standard Totem f\u00f6r att g\u00f6ra den portabel. Hjulen \u00e4r avsedda f\u00f6r v\u00e5ra uppdaterade versioner av Standard Totem 43&quot; och 50&quot;.\" \/>\n<meta property=\"og:url\" content=\"https:\/\/hi-nd.com\/sv\/produkt\/hjul-for-standardtotem\/\" \/>\n<meta property=\"og:site_name\" content=\"HI-ND\" \/>\n<meta property=\"article:modified_time\" content=\"2024-02-22T20:21:23+00:00\" \/>\n<meta property=\"og:image\" content=\"https:\/\/hi-nd.com\/wp-content\/uploads\/2023\/02\/FS0000-W15-750x750-1.jpg\" \/>\n\t<meta property=\"og:image:width\" content=\"750\" \/>\n\t<meta property=\"og:image:height\" content=\"750\" \/>\n\t<meta property=\"og:image:type\" content=\"image\/jpeg\" \/>\n<meta name=\"twitter:card\" content=\"summary_large_image\" \/>\n<script type=\"application\/ld+json\" class=\"yoast-schema-graph\">{\"@context\":\"https:\\\/\\\/schema.org\",\"@graph\":[{\"@type\":\"WebPage\",\"@id\":\"https:\\\/\\\/hi-nd.com\\\/sv\\\/produkt\\\/hjul-for-standardtotem\\\/\",\"url\":\"https:\\\/\\\/hi-nd.com\\\/sv\\\/produkt\\\/hjul-for-standardtotem\\\/\",\"name\":\"Hjul f\u00f6r standardtotem - HI-ND\",\"isPartOf\":{\"@id\":\"https:\\\/\\\/hi-nd.com\\\/#website\"},\"primaryImageOfPage\":{\"@id\":\"https:\\\/\\\/hi-nd.com\\\/sv\\\/produkt\\\/hjul-for-standardtotem\\\/#primaryimage\"},\"image\":{\"@id\":\"https:\\\/\\\/hi-nd.com\\\/sv\\\/produkt\\\/hjul-for-standardtotem\\\/#primaryimage\"},\"thumbnailUrl\":\"https:\\\/\\\/hi-nd.com\\\/wp-content\\\/uploads\\\/2023\\\/02\\\/FS0000-W15-750x750-1.jpg\",\"datePublished\":\"2023-03-01T09:46:49+00:00\",\"dateModified\":\"2024-02-22T20:21:23+00:00\",\"breadcrumb\":{\"@id\":\"https:\\\/\\\/hi-nd.com\\\/sv\\\/produkt\\\/hjul-for-standardtotem\\\/#breadcrumb\"},\"inLanguage\":\"sv-SE\",\"potentialAction\":[{\"@type\":\"ReadAction\",\"target\":[\"https:\\\/\\\/hi-nd.com\\\/sv\\\/produkt\\\/hjul-for-standardtotem\\\/\"]}]},{\"@type\":\"ImageObject\",\"inLanguage\":\"sv-SE\",\"@id\":\"https:\\\/\\\/hi-nd.com\\\/sv\\\/produkt\\\/hjul-for-standardtotem\\\/#primaryimage\",\"url\":\"https:\\\/\\\/hi-nd.com\\\/wp-content\\\/uploads\\\/2023\\\/02\\\/FS0000-W15-750x750-1.jpg\",\"contentUrl\":\"https:\\\/\\\/hi-nd.com\\\/wp-content\\\/uploads\\\/2023\\\/02\\\/FS0000-W15-750x750-1.jpg\",\"width\":750,\"height\":750,\"caption\":\"hjul standard totem\"},{\"@type\":\"BreadcrumbList\",\"@id\":\"https:\\\/\\\/hi-nd.com\\\/sv\\\/produkt\\\/hjul-for-standardtotem\\\/#breadcrumb\",\"itemListElement\":[{\"@type\":\"ListItem\",\"position\":1,\"name\":\"Home\",\"item\":\"https:\\\/\\\/hi-nd.com\\\/sv\\\/\"},{\"@type\":\"ListItem\",\"position\":2,\"name\":\"Butik\",\"item\":\"https:\\\/\\\/hi-nd.com\\\/sv\\\/butik\\\/\"},{\"@type\":\"ListItem\",\"position\":3,\"name\":\"Hjul f\u00f6r standardtotem\"}]},{\"@type\":\"WebSite\",\"@id\":\"https:\\\/\\\/hi-nd.com\\\/#website\",\"url\":\"https:\\\/\\\/hi-nd.com\\\/\",\"name\":\"HI-ND\",\"description\":\"Mounting Solutions\",\"potentialAction\":[{\"@type\":\"SearchAction\",\"target\":{\"@type\":\"EntryPoint\",\"urlTemplate\":\"https:\\\/\\\/hi-nd.com\\\/?s={search_term_string}\"},\"query-input\":{\"@type\":\"PropertyValueSpecification\",\"valueRequired\":true,\"valueName\":\"search_term_string\"}}],\"inLanguage\":\"sv-SE\"}]}<\/script>\n<!-- \/ Yoast SEO plugin. -->","yoast_head_json":{"title":"Hjul f\u00f6r standardtotem - HI-ND","robots":{"index":"index","follow":"follow","max-snippet":"max-snippet:-1","max-image-preview":"max-image-preview:large","max-video-preview":"max-video-preview:-1"},"canonical":"https:\/\/hi-nd.com\/sv\/produkt\/hjul-for-standardtotem\/","og_locale":"sv_SE","og_type":"article","og_title":"Hjul f\u00f6r standardtotem - HI-ND","og_description":"G\u00f6r din Standard Totem portabel! Vi erbjuder nu hjul f\u00f6r din Standard Totem f\u00f6r att g\u00f6ra den portabel. Hjulen \u00e4r avsedda f\u00f6r v\u00e5ra uppdaterade versioner av Standard Totem 43\" och 50\".","og_url":"https:\/\/hi-nd.com\/sv\/produkt\/hjul-for-standardtotem\/","og_site_name":"HI-ND","article_modified_time":"2024-02-22T20:21:23+00:00","og_image":[{"width":750,"height":750,"url":"https:\/\/hi-nd.com\/wp-content\/uploads\/2023\/02\/FS0000-W15-750x750-1.jpg","type":"image\/jpeg"}],"twitter_card":"summary_large_image","schema":{"@context":"https:\/\/schema.org","@graph":[{"@type":"WebPage","@id":"https:\/\/hi-nd.com\/sv\/produkt\/hjul-for-standardtotem\/","url":"https:\/\/hi-nd.com\/sv\/produkt\/hjul-for-standardtotem\/","name":"Hjul f\u00f6r standardtotem - HI-ND","isPartOf":{"@id":"https:\/\/hi-nd.com\/#website"},"primaryImageOfPage":{"@id":"https:\/\/hi-nd.com\/sv\/produkt\/hjul-for-standardtotem\/#primaryimage"},"image":{"@id":"https:\/\/hi-nd.com\/sv\/produkt\/hjul-for-standardtotem\/#primaryimage"},"thumbnailUrl":"https:\/\/hi-nd.com\/wp-content\/uploads\/2023\/02\/FS0000-W15-750x750-1.jpg","datePublished":"2023-03-01T09:46:49+00:00","dateModified":"2024-02-22T20:21:23+00:00","breadcrumb":{"@id":"https:\/\/hi-nd.com\/sv\/produkt\/hjul-for-standardtotem\/#breadcrumb"},"inLanguage":"sv-SE","potentialAction":[{"@type":"ReadAction","target":["https:\/\/hi-nd.com\/sv\/produkt\/hjul-for-standardtotem\/"]}]},{"@type":"ImageObject","inLanguage":"sv-SE","@id":"https:\/\/hi-nd.com\/sv\/produkt\/hjul-for-standardtotem\/#primaryimage","url":"https:\/\/hi-nd.com\/wp-content\/uploads\/2023\/02\/FS0000-W15-750x750-1.jpg","contentUrl":"https:\/\/hi-nd.com\/wp-content\/uploads\/2023\/02\/FS0000-W15-750x750-1.jpg","width":750,"height":750,"caption":"hjul standard totem"},{"@type":"BreadcrumbList","@id":"https:\/\/hi-nd.com\/sv\/produkt\/hjul-for-standardtotem\/#breadcrumb","itemListElement":[{"@type":"ListItem","position":1,"name":"Home","item":"https:\/\/hi-nd.com\/sv\/"},{"@type":"ListItem","position":2,"name":"Butik","item":"https:\/\/hi-nd.com\/sv\/butik\/"},{"@type":"ListItem","position":3,"name":"Hjul f\u00f6r standardtotem"}]},{"@type":"WebSite","@id":"https:\/\/hi-nd.com\/#website","url":"https:\/\/hi-nd.com\/","name":"HI-ND","description":"Mounting Solutions","potentialAction":[{"@type":"SearchAction","target":{"@type":"EntryPoint","urlTemplate":"https:\/\/hi-nd.com\/?s={search_term_string}"},"query-input":{"@type":"PropertyValueSpecification","valueRequired":true,"valueName":"search_term_string"}}],"inLanguage":"sv-SE"}]}},"_links":{"self":[{"href":"https:\/\/hi-nd.com\/sv\/wp-json\/wp\/v2\/product\/5899","targetHints":{"allow":["GET"]}}],"collection":[{"href":"https:\/\/hi-nd.com\/sv\/wp-json\/wp\/v2\/product"}],"about":[{"href":"https:\/\/hi-nd.com\/sv\/wp-json\/wp\/v2\/types\/product"}],"wp:featuredmedia":[{"embeddable":true,"href":"https:\/\/hi-nd.com\/sv\/wp-json\/wp\/v2\/media\/5039"}],"wp:attachment":[{"href":"https:\/\/hi-nd.com\/sv\/wp-json\/wp\/v2\/media?parent=5899"}],"wp:term":[{"taxonomy":"product_brand","embeddable":true,"href":"https:\/\/hi-nd.com\/sv\/wp-json\/wp\/v2\/product_brand?post=5899"},{"taxonomy":"product_cat","embeddable":true,"href":"https:\/\/hi-nd.com\/sv\/wp-json\/wp\/v2\/product_cat?post=5899"},{"taxonomy":"product_tag","embeddable":true,"href":"https:\/\/hi-nd.com\/sv\/wp-json\/wp\/v2\/product_tag?post=5899"}],"curies":[{"name":"wp","href":"https:\/\/api.w.org\/{rel}","templated":true}]}}