{"id":5888,"date":"2023-04-12T09:38:38","date_gmt":"2023-04-12T07:38:38","guid":{"rendered":"https:\/\/hi-nd.com\/product\/dubbelsidig-totem-for-utomhusbruk-55\/"},"modified":"2024-02-22T21:21:26","modified_gmt":"2024-02-22T20:21:26","slug":"dubbelsidig-totem-for-utomhusbruk-55","status":"publish","type":"product","link":"https:\/\/hi-nd.com\/sv\/produkt\/dubbelsidig-totem-for-utomhusbruk-55\/","title":{"rendered":"Dubbelsidig totem f\u00f6r utomhusbruk 55&#8243;"},"content":{"rendered":"<table border=\"0\" cellspacing=\"0\">\n<colgroup width=\"184\"><\/colgroup>\n<colgroup width=\"709\"><\/colgroup>\n<colgroup width=\"128\"><\/colgroup>\n<tbody>\n<tr>\n<td align=\"left\" height=\"26\"><b>Artikelnummer<\/b><\/td>\n<td align=\"left\"><b>Beskrivning<\/b><\/td>\n<td align=\"left\"><b>F\u00e4rg<\/b><\/td>\n<\/tr>\n<tr>\n<td align=\"left\" height=\"26\">OD5517-7001-02<\/td>\n<td align=\"left\">Dubbelsidig totem f\u00f6r utomhusbruk, portr\u00e4tt<\/td>\n<td align=\"left\">Svart<\/td>\n<\/tr>\n<\/tbody>\n<\/table>\n","protected":false},"excerpt":{"rendered":"<p>HI-ND Dubbelsidig Outdoor Totem \u00e4r perfekt f\u00f6r marknadsf\u00f6ring och information utomhus. HI-ND kan st\u00f6tta med betongblock f\u00f6r godk\u00e4nd grundl\u00e4ggning. Standardf\u00e4rgen \u00e4r svart men andra f\u00e4rger kan best\u00e4llas.<\/p>\n","protected":false},"featured_media":5192,"template":"","meta":[],"product_brand":[],"product_cat":[69],"product_tag":[],"class_list":{"0":"post-5888","1":"product","2":"type-product","3":"status-publish","4":"has-post-thumbnail","6":"product_cat-outdoor-sv","8":"first","9":"instock","10":"shipping-taxable","11":"product-type-simple"},"yoast_head":"<!-- This site is optimized with the Yoast SEO plugin v27.3 - https:\/\/yoast.com\/product\/yoast-seo-wordpress\/ -->\n<title>Dubbelsidig totem f\u00f6r utomhusbruk 55&quot; - HI-ND<\/title>\n<meta name=\"robots\" content=\"index, follow, max-snippet:-1, max-image-preview:large, max-video-preview:-1\" \/>\n<link rel=\"canonical\" href=\"https:\/\/hi-nd.com\/sv\/produkt\/dubbelsidig-totem-for-utomhusbruk-55\/\" \/>\n<meta property=\"og:locale\" content=\"sv_SE\" \/>\n<meta property=\"og:type\" content=\"article\" \/>\n<meta property=\"og:title\" content=\"Dubbelsidig totem f\u00f6r utomhusbruk 55&quot; - HI-ND\" \/>\n<meta property=\"og:description\" content=\"HI-ND Dubbelsidig Outdoor Totem \u00e4r perfekt f\u00f6r marknadsf\u00f6ring och information utomhus. HI-ND kan st\u00f6tta med betongblock f\u00f6r godk\u00e4nd grundl\u00e4ggning. Standardf\u00e4rgen \u00e4r svart men andra f\u00e4rger kan best\u00e4llas.\" \/>\n<meta property=\"og:url\" content=\"https:\/\/hi-nd.com\/sv\/produkt\/dubbelsidig-totem-for-utomhusbruk-55\/\" \/>\n<meta property=\"og:site_name\" content=\"HI-ND\" \/>\n<meta property=\"article:modified_time\" content=\"2024-02-22T20:21:26+00:00\" \/>\n<meta property=\"og:image\" content=\"https:\/\/hi-nd.com\/wp-content\/uploads\/2023\/04\/outdoor-11.jpg\" \/>\n\t<meta property=\"og:image:width\" content=\"750\" \/>\n\t<meta property=\"og:image:height\" content=\"750\" \/>\n\t<meta property=\"og:image:type\" content=\"image\/jpeg\" \/>\n<meta name=\"twitter:card\" content=\"summary_large_image\" \/>\n<script type=\"application\/ld+json\" class=\"yoast-schema-graph\">{\"@context\":\"https:\\\/\\\/schema.org\",\"@graph\":[{\"@type\":\"WebPage\",\"@id\":\"https:\\\/\\\/hi-nd.com\\\/sv\\\/produkt\\\/dubbelsidig-totem-for-utomhusbruk-55\\\/\",\"url\":\"https:\\\/\\\/hi-nd.com\\\/sv\\\/produkt\\\/dubbelsidig-totem-for-utomhusbruk-55\\\/\",\"name\":\"Dubbelsidig totem f\u00f6r utomhusbruk 55\\\" - HI-ND\",\"isPartOf\":{\"@id\":\"https:\\\/\\\/hi-nd.com\\\/#website\"},\"primaryImageOfPage\":{\"@id\":\"https:\\\/\\\/hi-nd.com\\\/sv\\\/produkt\\\/dubbelsidig-totem-for-utomhusbruk-55\\\/#primaryimage\"},\"image\":{\"@id\":\"https:\\\/\\\/hi-nd.com\\\/sv\\\/produkt\\\/dubbelsidig-totem-for-utomhusbruk-55\\\/#primaryimage\"},\"thumbnailUrl\":\"https:\\\/\\\/hi-nd.com\\\/wp-content\\\/uploads\\\/2023\\\/04\\\/outdoor-11.jpg\",\"datePublished\":\"2023-04-12T07:38:38+00:00\",\"dateModified\":\"2024-02-22T20:21:26+00:00\",\"breadcrumb\":{\"@id\":\"https:\\\/\\\/hi-nd.com\\\/sv\\\/produkt\\\/dubbelsidig-totem-for-utomhusbruk-55\\\/#breadcrumb\"},\"inLanguage\":\"sv-SE\",\"potentialAction\":[{\"@type\":\"ReadAction\",\"target\":[\"https:\\\/\\\/hi-nd.com\\\/sv\\\/produkt\\\/dubbelsidig-totem-for-utomhusbruk-55\\\/\"]}]},{\"@type\":\"ImageObject\",\"inLanguage\":\"sv-SE\",\"@id\":\"https:\\\/\\\/hi-nd.com\\\/sv\\\/produkt\\\/dubbelsidig-totem-for-utomhusbruk-55\\\/#primaryimage\",\"url\":\"https:\\\/\\\/hi-nd.com\\\/wp-content\\\/uploads\\\/2023\\\/04\\\/outdoor-11.jpg\",\"contentUrl\":\"https:\\\/\\\/hi-nd.com\\\/wp-content\\\/uploads\\\/2023\\\/04\\\/outdoor-11.jpg\",\"width\":750,\"height\":750},{\"@type\":\"BreadcrumbList\",\"@id\":\"https:\\\/\\\/hi-nd.com\\\/sv\\\/produkt\\\/dubbelsidig-totem-for-utomhusbruk-55\\\/#breadcrumb\",\"itemListElement\":[{\"@type\":\"ListItem\",\"position\":1,\"name\":\"Home\",\"item\":\"https:\\\/\\\/hi-nd.com\\\/sv\\\/\"},{\"@type\":\"ListItem\",\"position\":2,\"name\":\"Butik\",\"item\":\"https:\\\/\\\/hi-nd.com\\\/sv\\\/butik\\\/\"},{\"@type\":\"ListItem\",\"position\":3,\"name\":\"Dubbelsidig totem f\u00f6r utomhusbruk 55&#8243;\"}]},{\"@type\":\"WebSite\",\"@id\":\"https:\\\/\\\/hi-nd.com\\\/#website\",\"url\":\"https:\\\/\\\/hi-nd.com\\\/\",\"name\":\"HI-ND\",\"description\":\"Mounting Solutions\",\"potentialAction\":[{\"@type\":\"SearchAction\",\"target\":{\"@type\":\"EntryPoint\",\"urlTemplate\":\"https:\\\/\\\/hi-nd.com\\\/?s={search_term_string}\"},\"query-input\":{\"@type\":\"PropertyValueSpecification\",\"valueRequired\":true,\"valueName\":\"search_term_string\"}}],\"inLanguage\":\"sv-SE\"}]}<\/script>\n<!-- \/ Yoast SEO plugin. -->","yoast_head_json":{"title":"Dubbelsidig totem f\u00f6r utomhusbruk 55\" - HI-ND","robots":{"index":"index","follow":"follow","max-snippet":"max-snippet:-1","max-image-preview":"max-image-preview:large","max-video-preview":"max-video-preview:-1"},"canonical":"https:\/\/hi-nd.com\/sv\/produkt\/dubbelsidig-totem-for-utomhusbruk-55\/","og_locale":"sv_SE","og_type":"article","og_title":"Dubbelsidig totem f\u00f6r utomhusbruk 55\" - HI-ND","og_description":"HI-ND Dubbelsidig Outdoor Totem \u00e4r perfekt f\u00f6r marknadsf\u00f6ring och information utomhus. HI-ND kan st\u00f6tta med betongblock f\u00f6r godk\u00e4nd grundl\u00e4ggning. Standardf\u00e4rgen \u00e4r svart men andra f\u00e4rger kan best\u00e4llas.","og_url":"https:\/\/hi-nd.com\/sv\/produkt\/dubbelsidig-totem-for-utomhusbruk-55\/","og_site_name":"HI-ND","article_modified_time":"2024-02-22T20:21:26+00:00","og_image":[{"width":750,"height":750,"url":"https:\/\/hi-nd.com\/wp-content\/uploads\/2023\/04\/outdoor-11.jpg","type":"image\/jpeg"}],"twitter_card":"summary_large_image","schema":{"@context":"https:\/\/schema.org","@graph":[{"@type":"WebPage","@id":"https:\/\/hi-nd.com\/sv\/produkt\/dubbelsidig-totem-for-utomhusbruk-55\/","url":"https:\/\/hi-nd.com\/sv\/produkt\/dubbelsidig-totem-for-utomhusbruk-55\/","name":"Dubbelsidig totem f\u00f6r utomhusbruk 55\" - HI-ND","isPartOf":{"@id":"https:\/\/hi-nd.com\/#website"},"primaryImageOfPage":{"@id":"https:\/\/hi-nd.com\/sv\/produkt\/dubbelsidig-totem-for-utomhusbruk-55\/#primaryimage"},"image":{"@id":"https:\/\/hi-nd.com\/sv\/produkt\/dubbelsidig-totem-for-utomhusbruk-55\/#primaryimage"},"thumbnailUrl":"https:\/\/hi-nd.com\/wp-content\/uploads\/2023\/04\/outdoor-11.jpg","datePublished":"2023-04-12T07:38:38+00:00","dateModified":"2024-02-22T20:21:26+00:00","breadcrumb":{"@id":"https:\/\/hi-nd.com\/sv\/produkt\/dubbelsidig-totem-for-utomhusbruk-55\/#breadcrumb"},"inLanguage":"sv-SE","potentialAction":[{"@type":"ReadAction","target":["https:\/\/hi-nd.com\/sv\/produkt\/dubbelsidig-totem-for-utomhusbruk-55\/"]}]},{"@type":"ImageObject","inLanguage":"sv-SE","@id":"https:\/\/hi-nd.com\/sv\/produkt\/dubbelsidig-totem-for-utomhusbruk-55\/#primaryimage","url":"https:\/\/hi-nd.com\/wp-content\/uploads\/2023\/04\/outdoor-11.jpg","contentUrl":"https:\/\/hi-nd.com\/wp-content\/uploads\/2023\/04\/outdoor-11.jpg","width":750,"height":750},{"@type":"BreadcrumbList","@id":"https:\/\/hi-nd.com\/sv\/produkt\/dubbelsidig-totem-for-utomhusbruk-55\/#breadcrumb","itemListElement":[{"@type":"ListItem","position":1,"name":"Home","item":"https:\/\/hi-nd.com\/sv\/"},{"@type":"ListItem","position":2,"name":"Butik","item":"https:\/\/hi-nd.com\/sv\/butik\/"},{"@type":"ListItem","position":3,"name":"Dubbelsidig totem f\u00f6r utomhusbruk 55&#8243;"}]},{"@type":"WebSite","@id":"https:\/\/hi-nd.com\/#website","url":"https:\/\/hi-nd.com\/","name":"HI-ND","description":"Mounting Solutions","potentialAction":[{"@type":"SearchAction","target":{"@type":"EntryPoint","urlTemplate":"https:\/\/hi-nd.com\/?s={search_term_string}"},"query-input":{"@type":"PropertyValueSpecification","valueRequired":true,"valueName":"search_term_string"}}],"inLanguage":"sv-SE"}]}},"_links":{"self":[{"href":"https:\/\/hi-nd.com\/sv\/wp-json\/wp\/v2\/product\/5888","targetHints":{"allow":["GET"]}}],"collection":[{"href":"https:\/\/hi-nd.com\/sv\/wp-json\/wp\/v2\/product"}],"about":[{"href":"https:\/\/hi-nd.com\/sv\/wp-json\/wp\/v2\/types\/product"}],"wp:featuredmedia":[{"embeddable":true,"href":"https:\/\/hi-nd.com\/sv\/wp-json\/wp\/v2\/media\/5192"}],"wp:attachment":[{"href":"https:\/\/hi-nd.com\/sv\/wp-json\/wp\/v2\/media?parent=5888"}],"wp:term":[{"taxonomy":"product_brand","embeddable":true,"href":"https:\/\/hi-nd.com\/sv\/wp-json\/wp\/v2\/product_brand?post=5888"},{"taxonomy":"product_cat","embeddable":true,"href":"https:\/\/hi-nd.com\/sv\/wp-json\/wp\/v2\/product_cat?post=5888"},{"taxonomy":"product_tag","embeddable":true,"href":"https:\/\/hi-nd.com\/sv\/wp-json\/wp\/v2\/product_tag?post=5888"}],"curies":[{"name":"wp","href":"https:\/\/api.w.org\/{rel}","templated":true}]}}