{"id":5885,"date":"2022-08-18T14:07:06","date_gmt":"2022-08-18T12:07:06","guid":{"rendered":"https:\/\/hi-nd.com\/product\/vaggmontering-xl\/"},"modified":"2024-02-22T21:21:11","modified_gmt":"2024-02-22T20:21:11","slug":"vaggmontering-xl","status":"publish","type":"product","link":"https:\/\/hi-nd.com\/sv\/produkt\/vaggmontering-xl\/","title":{"rendered":"V\u00e4ggf\u00e4ste XL"},"content":{"rendered":"<p>&nbsp;<\/p>\n<table style=\"height: 77px;\" width=\"1029\">\n<tbody>\n<tr>\n<td width=\"125\">Artikelnummer<\/td>\n<td width=\"829\">Beskrivning<\/td>\n<\/tr>\n<tr>\n<td>C-WM03-02<\/td>\n<td>V\u00e4ggf\u00e4ste XL, VESA 200&#215;200, 300x300x 400&#215;400, 600&#215;400, 800&#215;400, 800&#215;600, 900&#215;600, 60-100&#8243;, 32 mm tjocklek<\/td>\n<\/tr>\n<\/tbody>\n<\/table>\n","protected":false},"excerpt":{"rendered":"<p>HI-ND v\u00e4ggf\u00e4ste XL st\u00f6der vikter p\u00e5 max 100 kg. Den \u00e4r avsedd f\u00f6r bildsk\u00e4rmar p\u00e5 60\u2033-100\u2033. Den solida konstruktionen i kraftigt st\u00e5l ger styrka och h\u00e5llbarhet. M\u00f6jligheten till sidof\u00f6rskjutning s\u00e4kerst\u00e4ller perfekt placering. Det automatiskt klickande fj\u00e4derl\u00e5set med l\u00e4ttutl\u00f6sande sladd g\u00f6r att du enkelt och s\u00e4kert kan f\u00e4sta din sk\u00e4rm p\u00e5 v\u00e4ggen. Kompatibel med VESA-h\u00e5l upp till 900\u00d7600.<\/p>\n<ul>\n<li>VESA-kompatibel med 200&#215;200, 300x300x 400&#215;400, 600&#215;400, 800&#215;400, 800&#215;600, 900&#215;600.<\/li>\n<li>Tjocklek 32 mm<\/li>\n<li>Max dimension: 32x923x610 mm<\/li>\n<li>Max vikt: 100 kg<\/li>\n<li>Sk\u00e4rmstorlekar: 60&#8243; &#8211; 100&#8243;<\/li>\n<\/ul>\n","protected":false},"featured_media":4808,"template":"","meta":[],"product_brand":[],"product_cat":[89,90],"product_tag":[],"class_list":{"0":"post-5885","1":"product","2":"type-product","3":"status-publish","4":"has-post-thumbnail","6":"product_cat-wall-sv","7":"product_cat-vaggmontering","9":"first","10":"instock","11":"shipping-taxable","12":"product-type-simple"},"yoast_head":"<!-- This site is optimized with the Yoast SEO plugin v27.3 - https:\/\/yoast.com\/product\/yoast-seo-wordpress\/ -->\n<title>V\u00e4ggf\u00e4ste XL - HI-ND<\/title>\n<meta name=\"description\" content=\"HI-ND v\u00e4ggf\u00e4ste XL klarar vikter p\u00e5 upp till 100 kg med sin st\u00e5lkonstruktion. Den \u00e4r avsedd f\u00f6r bildsk\u00e4rmar fr\u00e5n 60\u2033 till 100\u2033.\" \/>\n<meta name=\"robots\" content=\"index, follow, max-snippet:-1, max-image-preview:large, max-video-preview:-1\" \/>\n<link rel=\"canonical\" href=\"https:\/\/hi-nd.com\/sv\/produkt\/vaggmontering-xl\/\" \/>\n<meta property=\"og:locale\" content=\"sv_SE\" \/>\n<meta property=\"og:type\" content=\"article\" \/>\n<meta property=\"og:title\" content=\"V\u00e4ggf\u00e4ste XL - HI-ND\" \/>\n<meta property=\"og:description\" content=\"HI-ND v\u00e4ggf\u00e4ste XL klarar vikter p\u00e5 upp till 100 kg med sin st\u00e5lkonstruktion. Den \u00e4r avsedd f\u00f6r bildsk\u00e4rmar fr\u00e5n 60\u2033 till 100\u2033.\" \/>\n<meta property=\"og:url\" content=\"https:\/\/hi-nd.com\/sv\/produkt\/vaggmontering-xl\/\" \/>\n<meta property=\"og:site_name\" content=\"HI-ND\" \/>\n<meta property=\"article:modified_time\" content=\"2024-02-22T20:21:11+00:00\" \/>\n<meta property=\"og:image\" content=\"https:\/\/hi-nd.com\/wp-content\/uploads\/2022\/08\/C-WM03-02.jpg\" \/>\n\t<meta property=\"og:image:width\" content=\"750\" \/>\n\t<meta property=\"og:image:height\" content=\"750\" \/>\n\t<meta property=\"og:image:type\" content=\"image\/jpeg\" \/>\n<meta name=\"twitter:card\" content=\"summary_large_image\" \/>\n<script type=\"application\/ld+json\" class=\"yoast-schema-graph\">{\"@context\":\"https:\\\/\\\/schema.org\",\"@graph\":[{\"@type\":\"WebPage\",\"@id\":\"https:\\\/\\\/hi-nd.com\\\/sv\\\/produkt\\\/vaggmontering-xl\\\/\",\"url\":\"https:\\\/\\\/hi-nd.com\\\/sv\\\/produkt\\\/vaggmontering-xl\\\/\",\"name\":\"V\u00e4ggf\u00e4ste XL - HI-ND\",\"isPartOf\":{\"@id\":\"https:\\\/\\\/hi-nd.com\\\/#website\"},\"primaryImageOfPage\":{\"@id\":\"https:\\\/\\\/hi-nd.com\\\/sv\\\/produkt\\\/vaggmontering-xl\\\/#primaryimage\"},\"image\":{\"@id\":\"https:\\\/\\\/hi-nd.com\\\/sv\\\/produkt\\\/vaggmontering-xl\\\/#primaryimage\"},\"thumbnailUrl\":\"https:\\\/\\\/hi-nd.com\\\/wp-content\\\/uploads\\\/2022\\\/08\\\/C-WM03-02.jpg\",\"datePublished\":\"2022-08-18T12:07:06+00:00\",\"dateModified\":\"2024-02-22T20:21:11+00:00\",\"description\":\"HI-ND v\u00e4ggf\u00e4ste XL klarar vikter p\u00e5 upp till 100 kg med sin st\u00e5lkonstruktion. Den \u00e4r avsedd f\u00f6r bildsk\u00e4rmar fr\u00e5n 60\u2033 till 100\u2033.\",\"breadcrumb\":{\"@id\":\"https:\\\/\\\/hi-nd.com\\\/sv\\\/produkt\\\/vaggmontering-xl\\\/#breadcrumb\"},\"inLanguage\":\"sv-SE\",\"potentialAction\":[{\"@type\":\"ReadAction\",\"target\":[\"https:\\\/\\\/hi-nd.com\\\/sv\\\/produkt\\\/vaggmontering-xl\\\/\"]}]},{\"@type\":\"ImageObject\",\"inLanguage\":\"sv-SE\",\"@id\":\"https:\\\/\\\/hi-nd.com\\\/sv\\\/produkt\\\/vaggmontering-xl\\\/#primaryimage\",\"url\":\"https:\\\/\\\/hi-nd.com\\\/wp-content\\\/uploads\\\/2022\\\/08\\\/C-WM03-02.jpg\",\"contentUrl\":\"https:\\\/\\\/hi-nd.com\\\/wp-content\\\/uploads\\\/2022\\\/08\\\/C-WM03-02.jpg\",\"width\":750,\"height\":750,\"caption\":\"Wall Mount XL\"},{\"@type\":\"BreadcrumbList\",\"@id\":\"https:\\\/\\\/hi-nd.com\\\/sv\\\/produkt\\\/vaggmontering-xl\\\/#breadcrumb\",\"itemListElement\":[{\"@type\":\"ListItem\",\"position\":1,\"name\":\"Home\",\"item\":\"https:\\\/\\\/hi-nd.com\\\/sv\\\/\"},{\"@type\":\"ListItem\",\"position\":2,\"name\":\"Butik\",\"item\":\"https:\\\/\\\/hi-nd.com\\\/sv\\\/butik\\\/\"},{\"@type\":\"ListItem\",\"position\":3,\"name\":\"V\u00e4ggf\u00e4ste XL\"}]},{\"@type\":\"WebSite\",\"@id\":\"https:\\\/\\\/hi-nd.com\\\/#website\",\"url\":\"https:\\\/\\\/hi-nd.com\\\/\",\"name\":\"HI-ND\",\"description\":\"Mounting Solutions\",\"potentialAction\":[{\"@type\":\"SearchAction\",\"target\":{\"@type\":\"EntryPoint\",\"urlTemplate\":\"https:\\\/\\\/hi-nd.com\\\/?s={search_term_string}\"},\"query-input\":{\"@type\":\"PropertyValueSpecification\",\"valueRequired\":true,\"valueName\":\"search_term_string\"}}],\"inLanguage\":\"sv-SE\"}]}<\/script>\n<!-- \/ Yoast SEO plugin. -->","yoast_head_json":{"title":"V\u00e4ggf\u00e4ste XL - HI-ND","description":"HI-ND v\u00e4ggf\u00e4ste XL klarar vikter p\u00e5 upp till 100 kg med sin st\u00e5lkonstruktion. Den \u00e4r avsedd f\u00f6r bildsk\u00e4rmar fr\u00e5n 60\u2033 till 100\u2033.","robots":{"index":"index","follow":"follow","max-snippet":"max-snippet:-1","max-image-preview":"max-image-preview:large","max-video-preview":"max-video-preview:-1"},"canonical":"https:\/\/hi-nd.com\/sv\/produkt\/vaggmontering-xl\/","og_locale":"sv_SE","og_type":"article","og_title":"V\u00e4ggf\u00e4ste XL - HI-ND","og_description":"HI-ND v\u00e4ggf\u00e4ste XL klarar vikter p\u00e5 upp till 100 kg med sin st\u00e5lkonstruktion. Den \u00e4r avsedd f\u00f6r bildsk\u00e4rmar fr\u00e5n 60\u2033 till 100\u2033.","og_url":"https:\/\/hi-nd.com\/sv\/produkt\/vaggmontering-xl\/","og_site_name":"HI-ND","article_modified_time":"2024-02-22T20:21:11+00:00","og_image":[{"width":750,"height":750,"url":"https:\/\/hi-nd.com\/wp-content\/uploads\/2022\/08\/C-WM03-02.jpg","type":"image\/jpeg"}],"twitter_card":"summary_large_image","schema":{"@context":"https:\/\/schema.org","@graph":[{"@type":"WebPage","@id":"https:\/\/hi-nd.com\/sv\/produkt\/vaggmontering-xl\/","url":"https:\/\/hi-nd.com\/sv\/produkt\/vaggmontering-xl\/","name":"V\u00e4ggf\u00e4ste XL - HI-ND","isPartOf":{"@id":"https:\/\/hi-nd.com\/#website"},"primaryImageOfPage":{"@id":"https:\/\/hi-nd.com\/sv\/produkt\/vaggmontering-xl\/#primaryimage"},"image":{"@id":"https:\/\/hi-nd.com\/sv\/produkt\/vaggmontering-xl\/#primaryimage"},"thumbnailUrl":"https:\/\/hi-nd.com\/wp-content\/uploads\/2022\/08\/C-WM03-02.jpg","datePublished":"2022-08-18T12:07:06+00:00","dateModified":"2024-02-22T20:21:11+00:00","description":"HI-ND v\u00e4ggf\u00e4ste XL klarar vikter p\u00e5 upp till 100 kg med sin st\u00e5lkonstruktion. Den \u00e4r avsedd f\u00f6r bildsk\u00e4rmar fr\u00e5n 60\u2033 till 100\u2033.","breadcrumb":{"@id":"https:\/\/hi-nd.com\/sv\/produkt\/vaggmontering-xl\/#breadcrumb"},"inLanguage":"sv-SE","potentialAction":[{"@type":"ReadAction","target":["https:\/\/hi-nd.com\/sv\/produkt\/vaggmontering-xl\/"]}]},{"@type":"ImageObject","inLanguage":"sv-SE","@id":"https:\/\/hi-nd.com\/sv\/produkt\/vaggmontering-xl\/#primaryimage","url":"https:\/\/hi-nd.com\/wp-content\/uploads\/2022\/08\/C-WM03-02.jpg","contentUrl":"https:\/\/hi-nd.com\/wp-content\/uploads\/2022\/08\/C-WM03-02.jpg","width":750,"height":750,"caption":"Wall Mount XL"},{"@type":"BreadcrumbList","@id":"https:\/\/hi-nd.com\/sv\/produkt\/vaggmontering-xl\/#breadcrumb","itemListElement":[{"@type":"ListItem","position":1,"name":"Home","item":"https:\/\/hi-nd.com\/sv\/"},{"@type":"ListItem","position":2,"name":"Butik","item":"https:\/\/hi-nd.com\/sv\/butik\/"},{"@type":"ListItem","position":3,"name":"V\u00e4ggf\u00e4ste XL"}]},{"@type":"WebSite","@id":"https:\/\/hi-nd.com\/#website","url":"https:\/\/hi-nd.com\/","name":"HI-ND","description":"Mounting Solutions","potentialAction":[{"@type":"SearchAction","target":{"@type":"EntryPoint","urlTemplate":"https:\/\/hi-nd.com\/?s={search_term_string}"},"query-input":{"@type":"PropertyValueSpecification","valueRequired":true,"valueName":"search_term_string"}}],"inLanguage":"sv-SE"}]}},"_links":{"self":[{"href":"https:\/\/hi-nd.com\/sv\/wp-json\/wp\/v2\/product\/5885","targetHints":{"allow":["GET"]}}],"collection":[{"href":"https:\/\/hi-nd.com\/sv\/wp-json\/wp\/v2\/product"}],"about":[{"href":"https:\/\/hi-nd.com\/sv\/wp-json\/wp\/v2\/types\/product"}],"wp:featuredmedia":[{"embeddable":true,"href":"https:\/\/hi-nd.com\/sv\/wp-json\/wp\/v2\/media\/4808"}],"wp:attachment":[{"href":"https:\/\/hi-nd.com\/sv\/wp-json\/wp\/v2\/media?parent=5885"}],"wp:term":[{"taxonomy":"product_brand","embeddable":true,"href":"https:\/\/hi-nd.com\/sv\/wp-json\/wp\/v2\/product_brand?post=5885"},{"taxonomy":"product_cat","embeddable":true,"href":"https:\/\/hi-nd.com\/sv\/wp-json\/wp\/v2\/product_cat?post=5885"},{"taxonomy":"product_tag","embeddable":true,"href":"https:\/\/hi-nd.com\/sv\/wp-json\/wp\/v2\/product_tag?post=5885"}],"curies":[{"name":"wp","href":"https:\/\/api.w.org\/{rel}","templated":true}]}}