{"id":5875,"date":"2023-05-31T14:44:27","date_gmt":"2023-05-31T12:44:27","guid":{"rendered":"https:\/\/hi-nd.com\/product\/dubbelsidig-totem-75-for-utomhusbruk-for-samsung-oh75a\/"},"modified":"2026-01-26T14:56:30","modified_gmt":"2026-01-26T13:56:30","slug":"dubbelsidig-totem-75-for-utomhusbruk-for-samsung-oh75a","status":"publish","type":"product","link":"https:\/\/hi-nd.com\/sv\/produkt\/dubbelsidig-totem-75-for-utomhusbruk-for-samsung-oh75a\/","title":{"rendered":"Dubbelsidig totem f\u00f6r utomhusbruk till Samsung OH75A"},"content":{"rendered":"<p>&nbsp;<\/p>\n<table border=\"0\" cellspacing=\"0\">\n<colgroup width=\"128\"><\/colgroup>\n<tbody>\n<tr>\n<td align=\"left\" height=\"26\">Artikelnummer <\/td>\n<td align=\"left\">Beskrivning<\/td>\n<td align=\"left\">F\u00e4rg<\/td>\n<\/tr>\n<tr>\n<td align=\"left\" height=\"26\">OD7517-7001-02<\/td>\n<td align=\"left\">Dubbelsidig totem f\u00f6r utomhusbruk 75&#8243;<\/td>\n<p>, portr\u00e4tt<\/p>\n<td align=\"left\"> Svart<\/td>\n<\/tr>\n<\/tbody>\n<\/table>\n","protected":false},"excerpt":{"rendered":"<p>HI-ND Dubbelsidig totem f\u00f6r utomhusbruk 75&#8243; \u00e4r designad f\u00f6r Samsung OH75A. Dubbelsidig inneb\u00e4r att det finns en sk\u00e4rm p\u00e5 vardera sidan av denna totem. Den \u00e4r perfekt f\u00f6r marknadsf\u00f6ring och information utomhus.   HI-ND kan st\u00f6tta med betongblock f\u00f6r godk\u00e4nd grundl\u00e4ggning. Standardf\u00e4rgen \u00e4r svart men andra f\u00e4rger kan best\u00e4llas.<\/p>\n<p>F\u00f6r att kunna f\u00e4sta totemet p\u00e5 ett s\u00e4kert s\u00e4tt m\u00e5ste ett gediget grundarbete utf\u00f6ras. HI-ND-Project har l\u00e5ng erfarenhet av att skapa grundf\u00f6ruts\u00e4ttningar. <a href=\"https:\/\/hi-nd-project.com\/groundwork\/\"> L\u00e4s mer och boka dem h\u00e4r.<\/a><\/p>\n<p>&nbsp;<\/p>\n","protected":false},"featured_media":6534,"template":"","meta":[],"product_brand":[],"product_cat":[69],"product_tag":[],"class_list":{"0":"post-5875","1":"product","2":"type-product","3":"status-publish","4":"has-post-thumbnail","6":"product_cat-outdoor-sv","8":"first","9":"instock","10":"shipping-taxable","11":"product-type-simple"},"yoast_head":"<!-- This site is optimized with the Yoast SEO plugin v27.4 - https:\/\/yoast.com\/product\/yoast-seo-wordpress\/ -->\n<title>Dubbelsidig totem f\u00f6r utomhusbruk till Samsung OH75A - HI-ND<\/title>\n<meta name=\"robots\" content=\"index, follow, max-snippet:-1, max-image-preview:large, max-video-preview:-1\" \/>\n<link rel=\"canonical\" href=\"https:\/\/hi-nd.com\/product\/dubbelsidig-totem-75-for-utomhusbruk-for-samsung-oh75a\/\" \/>\n<meta property=\"og:locale\" content=\"sv_SE\" \/>\n<meta property=\"og:type\" content=\"article\" \/>\n<meta property=\"og:title\" content=\"Dubbelsidig totem f\u00f6r utomhusbruk till Samsung OH75A - HI-ND\" \/>\n<meta property=\"og:description\" content=\"HI-ND Dubbelsidig totem f\u00f6r utomhusbruk 75&quot; \u00e4r designad f\u00f6r Samsung OH75A. Dubbelsidig inneb\u00e4r att det finns en sk\u00e4rm p\u00e5 vardera sidan av denna totem. Den \u00e4r perfekt f\u00f6r marknadsf\u00f6ring och information utomhus.  HI-ND kan st\u00f6tta med betongblock f\u00f6r godk\u00e4nd grundl\u00e4ggning. Standardf\u00e4rgen \u00e4r svart men andra f\u00e4rger kan best\u00e4llas. F\u00f6r att kunna f\u00e4sta totemet p\u00e5 ett s\u00e4kert s\u00e4tt m\u00e5ste ett gediget grundarbete utf\u00f6ras. HI-ND-Project har l\u00e5ng erfarenhet av att skapa grundf\u00f6ruts\u00e4ttningar. L\u00e4s mer och boka dem h\u00e4r. &nbsp;\" \/>\n<meta property=\"og:url\" content=\"https:\/\/hi-nd.com\/product\/dubbelsidig-totem-75-for-utomhusbruk-for-samsung-oh75a\/\" \/>\n<meta property=\"og:site_name\" content=\"HI-ND\" \/>\n<meta property=\"article:modified_time\" content=\"2026-01-26T13:56:30+00:00\" \/>\n<meta property=\"og:image\" content=\"https:\/\/hi-nd.com\/wp-content\/uploads\/2023\/05\/OD7500-8001-750x750-1.jpg\" \/>\n\t<meta property=\"og:image:width\" content=\"750\" \/>\n\t<meta property=\"og:image:height\" content=\"750\" \/>\n\t<meta property=\"og:image:type\" content=\"image\/jpeg\" \/>\n<meta name=\"twitter:card\" content=\"summary_large_image\" \/>\n<script type=\"application\/ld+json\" class=\"yoast-schema-graph\">{\"@context\":\"https:\\\/\\\/schema.org\",\"@graph\":[{\"@type\":\"WebPage\",\"@id\":\"https:\\\/\\\/hi-nd.com\\\/product\\\/dubbelsidig-totem-75-for-utomhusbruk-for-samsung-oh75a\\\/\",\"url\":\"https:\\\/\\\/hi-nd.com\\\/product\\\/dubbelsidig-totem-75-for-utomhusbruk-for-samsung-oh75a\\\/\",\"name\":\"Dubbelsidig totem f\u00f6r utomhusbruk till Samsung OH75A - HI-ND\",\"isPartOf\":{\"@id\":\"https:\\\/\\\/hi-nd.com\\\/#website\"},\"primaryImageOfPage\":{\"@id\":\"https:\\\/\\\/hi-nd.com\\\/product\\\/dubbelsidig-totem-75-for-utomhusbruk-for-samsung-oh75a\\\/#primaryimage\"},\"image\":{\"@id\":\"https:\\\/\\\/hi-nd.com\\\/product\\\/dubbelsidig-totem-75-for-utomhusbruk-for-samsung-oh75a\\\/#primaryimage\"},\"thumbnailUrl\":\"https:\\\/\\\/hi-nd.com\\\/wp-content\\\/uploads\\\/2023\\\/05\\\/OD7500-8001-750x750-1.jpg\",\"datePublished\":\"2023-05-31T12:44:27+00:00\",\"dateModified\":\"2026-01-26T13:56:30+00:00\",\"breadcrumb\":{\"@id\":\"https:\\\/\\\/hi-nd.com\\\/product\\\/dubbelsidig-totem-75-for-utomhusbruk-for-samsung-oh75a\\\/#breadcrumb\"},\"inLanguage\":\"sv-SE\",\"potentialAction\":[{\"@type\":\"ReadAction\",\"target\":[\"https:\\\/\\\/hi-nd.com\\\/product\\\/dubbelsidig-totem-75-for-utomhusbruk-for-samsung-oh75a\\\/\"]}]},{\"@type\":\"ImageObject\",\"inLanguage\":\"sv-SE\",\"@id\":\"https:\\\/\\\/hi-nd.com\\\/product\\\/dubbelsidig-totem-75-for-utomhusbruk-for-samsung-oh75a\\\/#primaryimage\",\"url\":\"https:\\\/\\\/hi-nd.com\\\/wp-content\\\/uploads\\\/2023\\\/05\\\/OD7500-8001-750x750-1.jpg\",\"contentUrl\":\"https:\\\/\\\/hi-nd.com\\\/wp-content\\\/uploads\\\/2023\\\/05\\\/OD7500-8001-750x750-1.jpg\",\"width\":750,\"height\":750,\"caption\":\"Dubbelsidig totem f\u00f6r utomhusbruk\"},{\"@type\":\"BreadcrumbList\",\"@id\":\"https:\\\/\\\/hi-nd.com\\\/product\\\/dubbelsidig-totem-75-for-utomhusbruk-for-samsung-oh75a\\\/#breadcrumb\",\"itemListElement\":[{\"@type\":\"ListItem\",\"position\":1,\"name\":\"Home\",\"item\":\"https:\\\/\\\/hi-nd.com\\\/hi-nd-digital-skyltning\\\/\"},{\"@type\":\"ListItem\",\"position\":2,\"name\":\"Butik\",\"item\":\"https:\\\/\\\/hi-nd.com\\\/butik\\\/\"},{\"@type\":\"ListItem\",\"position\":3,\"name\":\"Dubbelsidig totem f\u00f6r utomhusbruk till Samsung OH75A\"}]},{\"@type\":\"WebSite\",\"@id\":\"https:\\\/\\\/hi-nd.com\\\/#website\",\"url\":\"https:\\\/\\\/hi-nd.com\\\/\",\"name\":\"HI-ND\",\"description\":\"Mounting Solutions\",\"potentialAction\":[{\"@type\":\"SearchAction\",\"target\":{\"@type\":\"EntryPoint\",\"urlTemplate\":\"https:\\\/\\\/hi-nd.com\\\/?s={search_term_string}\"},\"query-input\":{\"@type\":\"PropertyValueSpecification\",\"valueRequired\":true,\"valueName\":\"search_term_string\"}}],\"inLanguage\":\"sv-SE\"}]}<\/script>\n<!-- \/ Yoast SEO plugin. -->","yoast_head_json":{"title":"Dubbelsidig totem f\u00f6r utomhusbruk till Samsung OH75A - HI-ND","robots":{"index":"index","follow":"follow","max-snippet":"max-snippet:-1","max-image-preview":"max-image-preview:large","max-video-preview":"max-video-preview:-1"},"canonical":"https:\/\/hi-nd.com\/product\/dubbelsidig-totem-75-for-utomhusbruk-for-samsung-oh75a\/","og_locale":"sv_SE","og_type":"article","og_title":"Dubbelsidig totem f\u00f6r utomhusbruk till Samsung OH75A - HI-ND","og_description":"HI-ND Dubbelsidig totem f\u00f6r utomhusbruk 75\" \u00e4r designad f\u00f6r Samsung OH75A. Dubbelsidig inneb\u00e4r att det finns en sk\u00e4rm p\u00e5 vardera sidan av denna totem. Den \u00e4r perfekt f\u00f6r marknadsf\u00f6ring och information utomhus.  HI-ND kan st\u00f6tta med betongblock f\u00f6r godk\u00e4nd grundl\u00e4ggning. Standardf\u00e4rgen \u00e4r svart men andra f\u00e4rger kan best\u00e4llas. F\u00f6r att kunna f\u00e4sta totemet p\u00e5 ett s\u00e4kert s\u00e4tt m\u00e5ste ett gediget grundarbete utf\u00f6ras. HI-ND-Project har l\u00e5ng erfarenhet av att skapa grundf\u00f6ruts\u00e4ttningar. L\u00e4s mer och boka dem h\u00e4r. &nbsp;","og_url":"https:\/\/hi-nd.com\/product\/dubbelsidig-totem-75-for-utomhusbruk-for-samsung-oh75a\/","og_site_name":"HI-ND","article_modified_time":"2026-01-26T13:56:30+00:00","og_image":[{"width":750,"height":750,"url":"https:\/\/hi-nd.com\/wp-content\/uploads\/2023\/05\/OD7500-8001-750x750-1.jpg","type":"image\/jpeg"}],"twitter_card":"summary_large_image","schema":{"@context":"https:\/\/schema.org","@graph":[{"@type":"WebPage","@id":"https:\/\/hi-nd.com\/product\/dubbelsidig-totem-75-for-utomhusbruk-for-samsung-oh75a\/","url":"https:\/\/hi-nd.com\/product\/dubbelsidig-totem-75-for-utomhusbruk-for-samsung-oh75a\/","name":"Dubbelsidig totem f\u00f6r utomhusbruk till Samsung OH75A - HI-ND","isPartOf":{"@id":"https:\/\/hi-nd.com\/#website"},"primaryImageOfPage":{"@id":"https:\/\/hi-nd.com\/product\/dubbelsidig-totem-75-for-utomhusbruk-for-samsung-oh75a\/#primaryimage"},"image":{"@id":"https:\/\/hi-nd.com\/product\/dubbelsidig-totem-75-for-utomhusbruk-for-samsung-oh75a\/#primaryimage"},"thumbnailUrl":"https:\/\/hi-nd.com\/wp-content\/uploads\/2023\/05\/OD7500-8001-750x750-1.jpg","datePublished":"2023-05-31T12:44:27+00:00","dateModified":"2026-01-26T13:56:30+00:00","breadcrumb":{"@id":"https:\/\/hi-nd.com\/product\/dubbelsidig-totem-75-for-utomhusbruk-for-samsung-oh75a\/#breadcrumb"},"inLanguage":"sv-SE","potentialAction":[{"@type":"ReadAction","target":["https:\/\/hi-nd.com\/product\/dubbelsidig-totem-75-for-utomhusbruk-for-samsung-oh75a\/"]}]},{"@type":"ImageObject","inLanguage":"sv-SE","@id":"https:\/\/hi-nd.com\/product\/dubbelsidig-totem-75-for-utomhusbruk-for-samsung-oh75a\/#primaryimage","url":"https:\/\/hi-nd.com\/wp-content\/uploads\/2023\/05\/OD7500-8001-750x750-1.jpg","contentUrl":"https:\/\/hi-nd.com\/wp-content\/uploads\/2023\/05\/OD7500-8001-750x750-1.jpg","width":750,"height":750,"caption":"Dubbelsidig totem f\u00f6r utomhusbruk"},{"@type":"BreadcrumbList","@id":"https:\/\/hi-nd.com\/product\/dubbelsidig-totem-75-for-utomhusbruk-for-samsung-oh75a\/#breadcrumb","itemListElement":[{"@type":"ListItem","position":1,"name":"Home","item":"https:\/\/hi-nd.com\/hi-nd-digital-skyltning\/"},{"@type":"ListItem","position":2,"name":"Butik","item":"https:\/\/hi-nd.com\/butik\/"},{"@type":"ListItem","position":3,"name":"Dubbelsidig totem f\u00f6r utomhusbruk till Samsung OH75A"}]},{"@type":"WebSite","@id":"https:\/\/hi-nd.com\/#website","url":"https:\/\/hi-nd.com\/","name":"HI-ND","description":"Mounting Solutions","potentialAction":[{"@type":"SearchAction","target":{"@type":"EntryPoint","urlTemplate":"https:\/\/hi-nd.com\/?s={search_term_string}"},"query-input":{"@type":"PropertyValueSpecification","valueRequired":true,"valueName":"search_term_string"}}],"inLanguage":"sv-SE"}]}},"_links":{"self":[{"href":"https:\/\/hi-nd.com\/sv\/wp-json\/wp\/v2\/product\/5875","targetHints":{"allow":["GET"]}}],"collection":[{"href":"https:\/\/hi-nd.com\/sv\/wp-json\/wp\/v2\/product"}],"about":[{"href":"https:\/\/hi-nd.com\/sv\/wp-json\/wp\/v2\/types\/product"}],"wp:featuredmedia":[{"embeddable":true,"href":"https:\/\/hi-nd.com\/sv\/wp-json\/wp\/v2\/media\/6534"}],"wp:attachment":[{"href":"https:\/\/hi-nd.com\/sv\/wp-json\/wp\/v2\/media?parent=5875"}],"wp:term":[{"taxonomy":"product_brand","embeddable":true,"href":"https:\/\/hi-nd.com\/sv\/wp-json\/wp\/v2\/product_brand?post=5875"},{"taxonomy":"product_cat","embeddable":true,"href":"https:\/\/hi-nd.com\/sv\/wp-json\/wp\/v2\/product_cat?post=5875"},{"taxonomy":"product_tag","embeddable":true,"href":"https:\/\/hi-nd.com\/sv\/wp-json\/wp\/v2\/product_tag?post=5875"}],"curies":[{"name":"wp","href":"https:\/\/api.w.org\/{rel}","templated":true}]}}