{"id":5869,"date":"2022-03-04T12:33:31","date_gmt":"2022-03-04T11:33:31","guid":{"rendered":"https:\/\/hi-nd.com\/product\/vaggmonterad-led\/"},"modified":"2024-09-02T14:08:18","modified_gmt":"2024-09-02T12:08:18","slug":"vaggmonterad-led","status":"publish","type":"product","link":"https:\/\/hi-nd.com\/sv\/produkt\/vaggmonterad-led\/","title":{"rendered":"V\u00e4ggmonterad LED"},"content":{"rendered":"<table style=\"height: 474px;\" width=\"692\">\n<tbody>\n<tr>\n<td width=\"103\"><strong>Artikelnummer<\/strong><\/td>\n<td width=\"338\"><strong>Beskrivning<\/strong><\/td>\n<td width=\"83\"><strong>F\u00e4rg<\/strong><\/td>\n<\/tr>\n<tr>\n<td>LW-3301-02<\/td>\n<td> LED v\u00e4ggf\u00e4ste 3X3 f\u00f6r Samsung<\/td>\n<td>Svart<\/td>\n<\/tr>\n<tr>\n<td>LW-3301-Ek<\/td>\n<td> LED-v\u00e4ggf\u00e4ste 3X3 f\u00f6r Samsung<\/td>\n<td>Ek<\/td>\n<\/tr>\n<tr>\n<td>LW-4401-02<\/td>\n<td> LED v\u00e4ggf\u00e4ste 4X4 f\u00f6r Samsung<\/td>\n<td>Svart<\/td>\n<\/tr>\n<tr>\n<td>LW-4401-Ek<\/td>\n<td> LED-v\u00e4ggf\u00e4ste 4X4 f\u00f6r Samsung<\/td>\n<td>Ek<\/td>\n<\/tr>\n<tr>\n<td>LW-5501-02<\/td>\n<td> LED v\u00e4ggf\u00e4ste 5X5 f\u00f6r Samsung<\/td>\n<td>Svart<\/td>\n<\/tr>\n<tr>\n<td>LW-5501-Ek<\/td>\n<td> LED v\u00e4ggf\u00e4ste 5X5 f\u00f6r Samsung<\/td>\n<td>Ek<\/td>\n<\/tr>\n<tr>\n<td>LW-6601-02<\/td>\n<td> LED v\u00e4ggf\u00e4ste 6X6 f\u00f6r Samsung<\/td>\n<td>Svart<\/td>\n<\/tr>\n<tr>\n<td>LW-6601-Ek<\/td>\n<td> LED-v\u00e4ggf\u00e4ste 6X6 f\u00f6r Samsung<\/td>\n<td>Ek<\/td>\n<\/tr>\n<tr>\n<td>LW-7701-02<\/td>\n<td> LED v\u00e4ggf\u00e4ste 7X7 f\u00f6r Samsung<\/td>\n<td>Svart<\/td>\n<\/tr>\n<tr>\n<td>LW-7701-Ek<\/td>\n<td> LED-v\u00e4ggf\u00e4ste 7X7 f\u00f6r Samsung<\/td>\n<td>Ek<\/td>\n<\/tr>\n<tr>\n<td>LW-8801-02<\/td>\n<td> LED v\u00e4ggf\u00e4ste 8X8 f\u00f6r Samsung<\/td>\n<td>Svart<\/td>\n<\/tr>\n<tr>\n<td>LW-8801-Ek<\/td>\n<td> LED-v\u00e4ggf\u00e4ste 8X8 f\u00f6r Samsung<\/td>\n<td>Ek<\/td>\n<\/tr>\n<tr>\n<td>LW-9901-02<\/td>\n<td> LED v\u00e4ggf\u00e4ste 9X9 f\u00f6r Samsung<\/td>\n<td>Svart<\/td>\n<\/tr>\n<tr>\n<td>LW-9901-Ek<\/td>\n<td> LED v\u00e4ggf\u00e4ste 9X9 f\u00f6r Samsung<\/td>\n<td>Ek<\/td>\n<\/tr>\n<tr>\n<td>LW-1001-02<\/td>\n<td> LED v\u00e4ggf\u00e4ste 10X10 f\u00f6r Samsung<\/td>\n<td>Svart<\/td>\n<\/tr>\n<tr>\n<td>LW-1001-Ek<\/td>\n<td> LED-v\u00e4ggf\u00e4ste 10X10 f\u00f6r Samsung<\/td>\n<td>Ek<\/td>\n<\/tr>\n<\/tbody>\n<\/table>\n","protected":false},"excerpt":{"rendered":"<p>HI-ND LED Wall \u00e4r ett f\u00f6rkonfigurerat v\u00e4ggf\u00e4ste f\u00f6r Samsung LED-sk\u00e4rmar. Vi erbjuder nu en komplett l\u00f6sning med v\u00e4ggf\u00e4sten och ram. F\u00e4stena \u00e4r till\u00e4mpliga p\u00e5 Samsung IEA-, IER- och IFR-serierna. Standardstorlekarna \u00e4r 3&#215;3, 4&#215;4, 5&#215;5, 6&#215;6, 7&#215;7, 8&#215;8, 9&#215;9 och 10&#215;10. F\u00f6rutom standardstorlekar kan du enkelt best\u00e4lla anpassade format och kurvade v\u00e4ggar. L\u00e4gg till LED-moduler f\u00f6r att skapa en sammanh\u00e4ngande videov\u00e4gg. F\u00e4stena \u00e4r enkla att installera och v\u00e5r unika justering m\u00f6jligg\u00f6r en perfekt positionering \u00e4ven om v\u00e4ggen inte \u00e4r helt plan. Ramen finns i metall eller tr\u00e4 (ek). Standardf\u00e4rgen f\u00f6r metall \u00e4r svart men andra f\u00e4rger kan v\u00e4ljas f\u00f6r att skapa ett unikt utseende. Till\u00e4mplig med:  <\/p>\n<ul>\n<li>IE015A, IE020A, IE025A, IE040A, IE015A-F, IE020A-F, IE025A-F, IE040A-F<\/li>\n<li>IF015R, IF020R, IF025R, IF040R, IF015R-F, IF020R-F, IF025R-F, IF040R-F<\/li>\n<\/ul>\n","protected":false},"featured_media":8261,"template":"","meta":[],"product_brand":[],"product_cat":[115,130],"product_tag":[],"class_list":{"0":"post-5869","1":"product","2":"type-product","3":"status-publish","4":"has-post-thumbnail","6":"product_cat-led-sv","7":"product_cat-vagg","9":"first","10":"instock","11":"shipping-taxable","12":"product-type-simple"},"yoast_head":"<!-- This site is optimized with the Yoast SEO plugin v27.4 - https:\/\/yoast.com\/product\/yoast-seo-wordpress\/ -->\n<title>V\u00e4ggmonterad LED - HI-ND<\/title>\n<meta name=\"description\" content=\"HI-ND LED wall \u00e4r ett f\u00f6rkonfigurerat v\u00e4ggf\u00e4ste f\u00f6r Samsung LED-sk\u00e4rmar. Addera LED-sk\u00e4rmar f\u00f6r att skapa en sammanh\u00e4ngande videov\u00e4gg.\" \/>\n<meta name=\"robots\" content=\"index, follow, max-snippet:-1, max-image-preview:large, max-video-preview:-1\" \/>\n<link rel=\"canonical\" href=\"https:\/\/hi-nd.com\/product\/hi-nd-wall-mount-led-video-wall\/\" \/>\n<meta property=\"og:locale\" content=\"sv_SE\" \/>\n<meta property=\"og:type\" content=\"article\" \/>\n<meta property=\"og:title\" content=\"V\u00e4ggmonterad LED - HI-ND\" \/>\n<meta property=\"og:description\" content=\"HI-ND LED wall \u00e4r ett f\u00f6rkonfigurerat v\u00e4ggf\u00e4ste f\u00f6r Samsung LED-sk\u00e4rmar. Addera LED-sk\u00e4rmar f\u00f6r att skapa en sammanh\u00e4ngande videov\u00e4gg.\" \/>\n<meta property=\"og:url\" content=\"https:\/\/hi-nd.com\/product\/hi-nd-wall-mount-led-video-wall\/\" \/>\n<meta property=\"og:site_name\" content=\"HI-ND\" \/>\n<meta property=\"article:modified_time\" content=\"2024-09-02T12:08:18+00:00\" \/>\n<meta property=\"og:image\" content=\"https:\/\/hi-nd.com\/wp-content\/uploads\/2022\/03\/LED-wall-mount-750x750-1.png\" \/>\n\t<meta property=\"og:image:width\" content=\"750\" \/>\n\t<meta property=\"og:image:height\" content=\"750\" \/>\n\t<meta property=\"og:image:type\" content=\"image\/png\" \/>\n<meta name=\"twitter:card\" content=\"summary_large_image\" \/>\n<meta name=\"twitter:label1\" content=\"Ber\u00e4knad l\u00e4stid\" \/>\n\t<meta name=\"twitter:data1\" content=\"1 minut\" \/>\n<script type=\"application\/ld+json\" class=\"yoast-schema-graph\">{\"@context\":\"https:\\\/\\\/schema.org\",\"@graph\":[{\"@type\":\"WebPage\",\"@id\":\"https:\\\/\\\/hi-nd.com\\\/product\\\/hi-nd-wall-mount-led-video-wall\\\/\",\"url\":\"https:\\\/\\\/hi-nd.com\\\/product\\\/hi-nd-wall-mount-led-video-wall\\\/\",\"name\":\"V\u00e4ggmonterad LED - HI-ND\",\"isPartOf\":{\"@id\":\"https:\\\/\\\/hi-nd.com\\\/es\\\/#website\"},\"primaryImageOfPage\":{\"@id\":\"https:\\\/\\\/hi-nd.com\\\/product\\\/hi-nd-wall-mount-led-video-wall\\\/#primaryimage\"},\"image\":{\"@id\":\"https:\\\/\\\/hi-nd.com\\\/product\\\/hi-nd-wall-mount-led-video-wall\\\/#primaryimage\"},\"thumbnailUrl\":\"https:\\\/\\\/hi-nd.com\\\/wp-content\\\/uploads\\\/2022\\\/03\\\/LED-wall-mount-750x750-1.png\",\"datePublished\":\"2022-03-04T11:33:31+00:00\",\"dateModified\":\"2024-09-02T12:08:18+00:00\",\"description\":\"HI-ND LED wall \u00e4r ett f\u00f6rkonfigurerat v\u00e4ggf\u00e4ste f\u00f6r Samsung LED-sk\u00e4rmar. Addera LED-sk\u00e4rmar f\u00f6r att skapa en sammanh\u00e4ngande videov\u00e4gg.\",\"breadcrumb\":{\"@id\":\"https:\\\/\\\/hi-nd.com\\\/product\\\/hi-nd-wall-mount-led-video-wall\\\/#breadcrumb\"},\"inLanguage\":\"sv-SE\",\"potentialAction\":[{\"@type\":\"ReadAction\",\"target\":[\"https:\\\/\\\/hi-nd.com\\\/product\\\/hi-nd-wall-mount-led-video-wall\\\/\"]}]},{\"@type\":\"ImageObject\",\"inLanguage\":\"sv-SE\",\"@id\":\"https:\\\/\\\/hi-nd.com\\\/product\\\/hi-nd-wall-mount-led-video-wall\\\/#primaryimage\",\"url\":\"https:\\\/\\\/hi-nd.com\\\/wp-content\\\/uploads\\\/2022\\\/03\\\/LED-wall-mount-750x750-1.png\",\"contentUrl\":\"https:\\\/\\\/hi-nd.com\\\/wp-content\\\/uploads\\\/2022\\\/03\\\/LED-wall-mount-750x750-1.png\",\"width\":750,\"height\":750,\"caption\":\"LED wall mount\"},{\"@type\":\"BreadcrumbList\",\"@id\":\"https:\\\/\\\/hi-nd.com\\\/product\\\/hi-nd-wall-mount-led-video-wall\\\/#breadcrumb\",\"itemListElement\":[{\"@type\":\"ListItem\",\"position\":1,\"name\":\"Home\",\"item\":\"https:\\\/\\\/hi-nd.com\\\/sv\\\/\"},{\"@type\":\"ListItem\",\"position\":2,\"name\":\"Butik\",\"item\":\"https:\\\/\\\/hi-nd.com\\\/sv\\\/butik\\\/\"},{\"@type\":\"ListItem\",\"position\":3,\"name\":\"V\u00e4ggmonterad LED\"}]},{\"@type\":\"WebSite\",\"@id\":\"https:\\\/\\\/hi-nd.com\\\/es\\\/#website\",\"url\":\"https:\\\/\\\/hi-nd.com\\\/es\\\/\",\"name\":\"HI-ND\",\"description\":\"Mounting Solutions\",\"potentialAction\":[{\"@type\":\"SearchAction\",\"target\":{\"@type\":\"EntryPoint\",\"urlTemplate\":\"https:\\\/\\\/hi-nd.com\\\/es\\\/?s={search_term_string}\"},\"query-input\":{\"@type\":\"PropertyValueSpecification\",\"valueRequired\":true,\"valueName\":\"search_term_string\"}}],\"inLanguage\":\"sv-SE\"}]}<\/script>\n<!-- \/ Yoast SEO plugin. -->","yoast_head_json":{"title":"V\u00e4ggmonterad LED - HI-ND","description":"HI-ND LED wall \u00e4r ett f\u00f6rkonfigurerat v\u00e4ggf\u00e4ste f\u00f6r Samsung LED-sk\u00e4rmar. Addera LED-sk\u00e4rmar f\u00f6r att skapa en sammanh\u00e4ngande videov\u00e4gg.","robots":{"index":"index","follow":"follow","max-snippet":"max-snippet:-1","max-image-preview":"max-image-preview:large","max-video-preview":"max-video-preview:-1"},"canonical":"https:\/\/hi-nd.com\/product\/hi-nd-wall-mount-led-video-wall\/","og_locale":"sv_SE","og_type":"article","og_title":"V\u00e4ggmonterad LED - HI-ND","og_description":"HI-ND LED wall \u00e4r ett f\u00f6rkonfigurerat v\u00e4ggf\u00e4ste f\u00f6r Samsung LED-sk\u00e4rmar. Addera LED-sk\u00e4rmar f\u00f6r att skapa en sammanh\u00e4ngande videov\u00e4gg.","og_url":"https:\/\/hi-nd.com\/product\/hi-nd-wall-mount-led-video-wall\/","og_site_name":"HI-ND","article_modified_time":"2024-09-02T12:08:18+00:00","og_image":[{"width":750,"height":750,"url":"https:\/\/hi-nd.com\/wp-content\/uploads\/2022\/03\/LED-wall-mount-750x750-1.png","type":"image\/png"}],"twitter_card":"summary_large_image","twitter_misc":{"Ber\u00e4knad l\u00e4stid":"1 minut"},"schema":{"@context":"https:\/\/schema.org","@graph":[{"@type":"WebPage","@id":"https:\/\/hi-nd.com\/product\/hi-nd-wall-mount-led-video-wall\/","url":"https:\/\/hi-nd.com\/product\/hi-nd-wall-mount-led-video-wall\/","name":"V\u00e4ggmonterad LED - HI-ND","isPartOf":{"@id":"https:\/\/hi-nd.com\/es\/#website"},"primaryImageOfPage":{"@id":"https:\/\/hi-nd.com\/product\/hi-nd-wall-mount-led-video-wall\/#primaryimage"},"image":{"@id":"https:\/\/hi-nd.com\/product\/hi-nd-wall-mount-led-video-wall\/#primaryimage"},"thumbnailUrl":"https:\/\/hi-nd.com\/wp-content\/uploads\/2022\/03\/LED-wall-mount-750x750-1.png","datePublished":"2022-03-04T11:33:31+00:00","dateModified":"2024-09-02T12:08:18+00:00","description":"HI-ND LED wall \u00e4r ett f\u00f6rkonfigurerat v\u00e4ggf\u00e4ste f\u00f6r Samsung LED-sk\u00e4rmar. Addera LED-sk\u00e4rmar f\u00f6r att skapa en sammanh\u00e4ngande videov\u00e4gg.","breadcrumb":{"@id":"https:\/\/hi-nd.com\/product\/hi-nd-wall-mount-led-video-wall\/#breadcrumb"},"inLanguage":"sv-SE","potentialAction":[{"@type":"ReadAction","target":["https:\/\/hi-nd.com\/product\/hi-nd-wall-mount-led-video-wall\/"]}]},{"@type":"ImageObject","inLanguage":"sv-SE","@id":"https:\/\/hi-nd.com\/product\/hi-nd-wall-mount-led-video-wall\/#primaryimage","url":"https:\/\/hi-nd.com\/wp-content\/uploads\/2022\/03\/LED-wall-mount-750x750-1.png","contentUrl":"https:\/\/hi-nd.com\/wp-content\/uploads\/2022\/03\/LED-wall-mount-750x750-1.png","width":750,"height":750,"caption":"LED wall mount"},{"@type":"BreadcrumbList","@id":"https:\/\/hi-nd.com\/product\/hi-nd-wall-mount-led-video-wall\/#breadcrumb","itemListElement":[{"@type":"ListItem","position":1,"name":"Home","item":"https:\/\/hi-nd.com\/sv\/"},{"@type":"ListItem","position":2,"name":"Butik","item":"https:\/\/hi-nd.com\/sv\/butik\/"},{"@type":"ListItem","position":3,"name":"V\u00e4ggmonterad LED"}]},{"@type":"WebSite","@id":"https:\/\/hi-nd.com\/es\/#website","url":"https:\/\/hi-nd.com\/es\/","name":"HI-ND","description":"Mounting Solutions","potentialAction":[{"@type":"SearchAction","target":{"@type":"EntryPoint","urlTemplate":"https:\/\/hi-nd.com\/es\/?s={search_term_string}"},"query-input":{"@type":"PropertyValueSpecification","valueRequired":true,"valueName":"search_term_string"}}],"inLanguage":"sv-SE"}]}},"_links":{"self":[{"href":"https:\/\/hi-nd.com\/sv\/wp-json\/wp\/v2\/product\/5869","targetHints":{"allow":["GET"]}}],"collection":[{"href":"https:\/\/hi-nd.com\/sv\/wp-json\/wp\/v2\/product"}],"about":[{"href":"https:\/\/hi-nd.com\/sv\/wp-json\/wp\/v2\/types\/product"}],"wp:featuredmedia":[{"embeddable":true,"href":"https:\/\/hi-nd.com\/sv\/wp-json\/wp\/v2\/media\/8261"}],"wp:attachment":[{"href":"https:\/\/hi-nd.com\/sv\/wp-json\/wp\/v2\/media?parent=5869"}],"wp:term":[{"taxonomy":"product_brand","embeddable":true,"href":"https:\/\/hi-nd.com\/sv\/wp-json\/wp\/v2\/product_brand?post=5869"},{"taxonomy":"product_cat","embeddable":true,"href":"https:\/\/hi-nd.com\/sv\/wp-json\/wp\/v2\/product_cat?post=5869"},{"taxonomy":"product_tag","embeddable":true,"href":"https:\/\/hi-nd.com\/sv\/wp-json\/wp\/v2\/product_tag?post=5869"}],"curies":[{"name":"wp","href":"https:\/\/api.w.org\/{rel}","templated":true}]}}