{"id":5865,"date":"2022-01-20T17:42:59","date_gmt":"2022-01-20T16:42:59","guid":{"rendered":"https:\/\/hi-nd.com\/product\/enstaka-totem-advert\/"},"modified":"2024-02-22T21:20:12","modified_gmt":"2024-02-22T20:20:12","slug":"enstaka-totem-advert","status":"publish","type":"product","link":"https:\/\/hi-nd.com\/sv\/produkt\/enstaka-totem-advert\/","title":{"rendered":"Singeltotem ADVERT"},"content":{"rendered":"<table width=\"859\">\n<tbody>\n<tr>\n<td width=\"115\">Artikelnummer<\/td>\n<td width=\"569\">Beskrivning<\/td>\n<td width=\"175\">F\u00e4rg<\/td>\n<\/tr>\n<tr>\n<td>ST5500-5201<\/td>\n<td>Singeltotem 55, tryckt h\u00e4rdat glas, access fr\u00e5n baksidan<\/td>\n<td>Specificeras f\u00f6r varje order<\/td>\n<\/tr>\n<tr>\n<td>ST6500-5101<\/td>\n<td>Singeltotem 65, tryckt h\u00e4rdat glas, access fr\u00e5n baksidan<\/td>\n<td>Specificeras f\u00f6r varje order<\/td>\n<\/tr>\n<tr>\n<td>ST7500-5201<\/td>\n<td>Singeltotem 75, tryckt h\u00e4rdat glas, \u00f6ppningsbar framsida med gasfj\u00e4drar<\/td>\n<td>Specificeras f\u00f6r varje order<\/td>\n<\/tr>\n<\/tbody>\n<\/table>\n","protected":false},"excerpt":{"rendered":"<p><strong>Skapa en h\u00e4rlig upplevelse p\u00e5 allm\u00e4nna platser och i entr\u00e9n till din lobby<\/strong><\/p>\n<p>V\u00e5r totem f\u00f6r inomhusbruk \u00e4r utformad f\u00f6r sm\u00e5 och stora displayer. Denna totem kan enkelt anpassas f\u00f6r att \u00e5terspegla kundens varum\u00e4rkesimage med olika bilder och logotyper. Vi anv\u00e4nder h\u00e4rdat glas eller plexiglas som frontskydd.<\/p>\n<ul>\n<li>Displaystorlekar 55&#8243;, 65&#8243;, 75&#8243;<\/li>\n<li>Avsedd f\u00f6r Samsung QMB, QMC och LG UH5F<\/li>\n<li>6 mm h\u00e4rdat glas<\/li>\n<li>Glaset \u00e4r tryckt p\u00e5 insidan<\/li>\n<li>Branding, anv\u00e4nd din egen upplysta logotyp och anpassad f\u00e4rg<\/li>\n<\/ul>\n","protected":false},"featured_media":3965,"template":"","meta":[],"product_brand":[],"product_cat":[67,70],"product_tag":[],"class_list":{"0":"post-5865","1":"product","2":"type-product","3":"status-publish","4":"has-post-thumbnail","6":"product_cat-golv-sv","7":"product_cat-totem-sv","9":"first","10":"instock","11":"shipping-taxable","12":"product-type-simple"},"yoast_head":"<!-- This site is optimized with the Yoast SEO plugin v27.3 - https:\/\/yoast.com\/product\/yoast-seo-wordpress\/ -->\n<title>Singeltotem ADVERT - HI-ND<\/title>\n<meta name=\"description\" content=\"HI-ND singeltotem \u00e4r utformad f\u00f6r sm\u00e5 och stora sk\u00e4rmar. Den kan anpassas med olika bilder och logotyper.\" \/>\n<meta name=\"robots\" content=\"index, follow, max-snippet:-1, max-image-preview:large, max-video-preview:-1\" \/>\n<link rel=\"canonical\" href=\"https:\/\/hi-nd.com\/sv\/produkt\/enstaka-totem-advert\/\" \/>\n<meta property=\"og:locale\" content=\"sv_SE\" \/>\n<meta property=\"og:type\" content=\"article\" \/>\n<meta property=\"og:title\" content=\"Singeltotem ADVERT - HI-ND\" \/>\n<meta property=\"og:description\" content=\"HI-ND singeltotem \u00e4r utformad f\u00f6r sm\u00e5 och stora sk\u00e4rmar. Den kan anpassas med olika bilder och logotyper.\" \/>\n<meta property=\"og:url\" content=\"https:\/\/hi-nd.com\/sv\/produkt\/enstaka-totem-advert\/\" \/>\n<meta property=\"og:site_name\" content=\"HI-ND\" \/>\n<meta property=\"article:modified_time\" content=\"2024-02-22T20:20:12+00:00\" \/>\n<meta property=\"og:image\" content=\"https:\/\/hi-nd.com\/wp-content\/uploads\/2022\/01\/single-web.png\" \/>\n\t<meta property=\"og:image:width\" content=\"750\" \/>\n\t<meta property=\"og:image:height\" content=\"750\" \/>\n\t<meta property=\"og:image:type\" content=\"image\/png\" \/>\n<meta name=\"twitter:card\" content=\"summary_large_image\" \/>\n<script type=\"application\/ld+json\" class=\"yoast-schema-graph\">{\"@context\":\"https:\\\/\\\/schema.org\",\"@graph\":[{\"@type\":\"WebPage\",\"@id\":\"https:\\\/\\\/hi-nd.com\\\/sv\\\/produkt\\\/enstaka-totem-advert\\\/\",\"url\":\"https:\\\/\\\/hi-nd.com\\\/sv\\\/produkt\\\/enstaka-totem-advert\\\/\",\"name\":\"Singeltotem ADVERT - HI-ND\",\"isPartOf\":{\"@id\":\"https:\\\/\\\/hi-nd.com\\\/#website\"},\"primaryImageOfPage\":{\"@id\":\"https:\\\/\\\/hi-nd.com\\\/sv\\\/produkt\\\/enstaka-totem-advert\\\/#primaryimage\"},\"image\":{\"@id\":\"https:\\\/\\\/hi-nd.com\\\/sv\\\/produkt\\\/enstaka-totem-advert\\\/#primaryimage\"},\"thumbnailUrl\":\"https:\\\/\\\/hi-nd.com\\\/wp-content\\\/uploads\\\/2022\\\/01\\\/single-web.png\",\"datePublished\":\"2022-01-20T16:42:59+00:00\",\"dateModified\":\"2024-02-22T20:20:12+00:00\",\"description\":\"HI-ND singeltotem \u00e4r utformad f\u00f6r sm\u00e5 och stora sk\u00e4rmar. Den kan anpassas med olika bilder och logotyper.\",\"breadcrumb\":{\"@id\":\"https:\\\/\\\/hi-nd.com\\\/sv\\\/produkt\\\/enstaka-totem-advert\\\/#breadcrumb\"},\"inLanguage\":\"sv-SE\",\"potentialAction\":[{\"@type\":\"ReadAction\",\"target\":[\"https:\\\/\\\/hi-nd.com\\\/sv\\\/produkt\\\/enstaka-totem-advert\\\/\"]}]},{\"@type\":\"ImageObject\",\"inLanguage\":\"sv-SE\",\"@id\":\"https:\\\/\\\/hi-nd.com\\\/sv\\\/produkt\\\/enstaka-totem-advert\\\/#primaryimage\",\"url\":\"https:\\\/\\\/hi-nd.com\\\/wp-content\\\/uploads\\\/2022\\\/01\\\/single-web.png\",\"contentUrl\":\"https:\\\/\\\/hi-nd.com\\\/wp-content\\\/uploads\\\/2022\\\/01\\\/single-web.png\",\"width\":750,\"height\":750},{\"@type\":\"BreadcrumbList\",\"@id\":\"https:\\\/\\\/hi-nd.com\\\/sv\\\/produkt\\\/enstaka-totem-advert\\\/#breadcrumb\",\"itemListElement\":[{\"@type\":\"ListItem\",\"position\":1,\"name\":\"Home\",\"item\":\"https:\\\/\\\/hi-nd.com\\\/sv\\\/\"},{\"@type\":\"ListItem\",\"position\":2,\"name\":\"Butik\",\"item\":\"https:\\\/\\\/hi-nd.com\\\/sv\\\/butik\\\/\"},{\"@type\":\"ListItem\",\"position\":3,\"name\":\"Singeltotem ADVERT\"}]},{\"@type\":\"WebSite\",\"@id\":\"https:\\\/\\\/hi-nd.com\\\/#website\",\"url\":\"https:\\\/\\\/hi-nd.com\\\/\",\"name\":\"HI-ND\",\"description\":\"Mounting Solutions\",\"potentialAction\":[{\"@type\":\"SearchAction\",\"target\":{\"@type\":\"EntryPoint\",\"urlTemplate\":\"https:\\\/\\\/hi-nd.com\\\/?s={search_term_string}\"},\"query-input\":{\"@type\":\"PropertyValueSpecification\",\"valueRequired\":true,\"valueName\":\"search_term_string\"}}],\"inLanguage\":\"sv-SE\"}]}<\/script>\n<!-- \/ Yoast SEO plugin. -->","yoast_head_json":{"title":"Singeltotem ADVERT - HI-ND","description":"HI-ND singeltotem \u00e4r utformad f\u00f6r sm\u00e5 och stora sk\u00e4rmar. Den kan anpassas med olika bilder och logotyper.","robots":{"index":"index","follow":"follow","max-snippet":"max-snippet:-1","max-image-preview":"max-image-preview:large","max-video-preview":"max-video-preview:-1"},"canonical":"https:\/\/hi-nd.com\/sv\/produkt\/enstaka-totem-advert\/","og_locale":"sv_SE","og_type":"article","og_title":"Singeltotem ADVERT - HI-ND","og_description":"HI-ND singeltotem \u00e4r utformad f\u00f6r sm\u00e5 och stora sk\u00e4rmar. Den kan anpassas med olika bilder och logotyper.","og_url":"https:\/\/hi-nd.com\/sv\/produkt\/enstaka-totem-advert\/","og_site_name":"HI-ND","article_modified_time":"2024-02-22T20:20:12+00:00","og_image":[{"width":750,"height":750,"url":"https:\/\/hi-nd.com\/wp-content\/uploads\/2022\/01\/single-web.png","type":"image\/png"}],"twitter_card":"summary_large_image","schema":{"@context":"https:\/\/schema.org","@graph":[{"@type":"WebPage","@id":"https:\/\/hi-nd.com\/sv\/produkt\/enstaka-totem-advert\/","url":"https:\/\/hi-nd.com\/sv\/produkt\/enstaka-totem-advert\/","name":"Singeltotem ADVERT - HI-ND","isPartOf":{"@id":"https:\/\/hi-nd.com\/#website"},"primaryImageOfPage":{"@id":"https:\/\/hi-nd.com\/sv\/produkt\/enstaka-totem-advert\/#primaryimage"},"image":{"@id":"https:\/\/hi-nd.com\/sv\/produkt\/enstaka-totem-advert\/#primaryimage"},"thumbnailUrl":"https:\/\/hi-nd.com\/wp-content\/uploads\/2022\/01\/single-web.png","datePublished":"2022-01-20T16:42:59+00:00","dateModified":"2024-02-22T20:20:12+00:00","description":"HI-ND singeltotem \u00e4r utformad f\u00f6r sm\u00e5 och stora sk\u00e4rmar. Den kan anpassas med olika bilder och logotyper.","breadcrumb":{"@id":"https:\/\/hi-nd.com\/sv\/produkt\/enstaka-totem-advert\/#breadcrumb"},"inLanguage":"sv-SE","potentialAction":[{"@type":"ReadAction","target":["https:\/\/hi-nd.com\/sv\/produkt\/enstaka-totem-advert\/"]}]},{"@type":"ImageObject","inLanguage":"sv-SE","@id":"https:\/\/hi-nd.com\/sv\/produkt\/enstaka-totem-advert\/#primaryimage","url":"https:\/\/hi-nd.com\/wp-content\/uploads\/2022\/01\/single-web.png","contentUrl":"https:\/\/hi-nd.com\/wp-content\/uploads\/2022\/01\/single-web.png","width":750,"height":750},{"@type":"BreadcrumbList","@id":"https:\/\/hi-nd.com\/sv\/produkt\/enstaka-totem-advert\/#breadcrumb","itemListElement":[{"@type":"ListItem","position":1,"name":"Home","item":"https:\/\/hi-nd.com\/sv\/"},{"@type":"ListItem","position":2,"name":"Butik","item":"https:\/\/hi-nd.com\/sv\/butik\/"},{"@type":"ListItem","position":3,"name":"Singeltotem ADVERT"}]},{"@type":"WebSite","@id":"https:\/\/hi-nd.com\/#website","url":"https:\/\/hi-nd.com\/","name":"HI-ND","description":"Mounting Solutions","potentialAction":[{"@type":"SearchAction","target":{"@type":"EntryPoint","urlTemplate":"https:\/\/hi-nd.com\/?s={search_term_string}"},"query-input":{"@type":"PropertyValueSpecification","valueRequired":true,"valueName":"search_term_string"}}],"inLanguage":"sv-SE"}]}},"_links":{"self":[{"href":"https:\/\/hi-nd.com\/sv\/wp-json\/wp\/v2\/product\/5865","targetHints":{"allow":["GET"]}}],"collection":[{"href":"https:\/\/hi-nd.com\/sv\/wp-json\/wp\/v2\/product"}],"about":[{"href":"https:\/\/hi-nd.com\/sv\/wp-json\/wp\/v2\/types\/product"}],"wp:featuredmedia":[{"embeddable":true,"href":"https:\/\/hi-nd.com\/sv\/wp-json\/wp\/v2\/media\/3965"}],"wp:attachment":[{"href":"https:\/\/hi-nd.com\/sv\/wp-json\/wp\/v2\/media?parent=5865"}],"wp:term":[{"taxonomy":"product_brand","embeddable":true,"href":"https:\/\/hi-nd.com\/sv\/wp-json\/wp\/v2\/product_brand?post=5865"},{"taxonomy":"product_cat","embeddable":true,"href":"https:\/\/hi-nd.com\/sv\/wp-json\/wp\/v2\/product_cat?post=5865"},{"taxonomy":"product_tag","embeddable":true,"href":"https:\/\/hi-nd.com\/sv\/wp-json\/wp\/v2\/product_tag?post=5865"}],"curies":[{"name":"wp","href":"https:\/\/api.w.org\/{rel}","templated":true}]}}