{"id":5862,"date":"2022-01-28T13:55:16","date_gmt":"2022-01-28T12:55:16","guid":{"rendered":"https:\/\/hi-nd.com\/product\/takmontering-for-menuboard\/"},"modified":"2024-03-01T09:55:32","modified_gmt":"2024-03-01T08:55:32","slug":"takmontering-for-menuboard","status":"publish","type":"product","link":"https:\/\/hi-nd.com\/sv\/produkt\/takmontering-for-menuboard\/","title":{"rendered":"Takmontering f\u00f6r Menuboard"},"content":{"rendered":"<table border=\"0\" cellspacing=\"0\">\n<colgroup width=\"172\"><\/colgroup>\n<colgroup width=\"709\"><\/colgroup>\n<colgroup width=\"128\"><\/colgroup>\n<tbody>\n<tr>\n<td align=\"left\" height=\"26\"><b> Artikelnummer<\/b><\/td>\n<td align=\"left\"><b> Beskrivning<\/b><\/td>\n<td align=\"left\"><b> F\u00e4rg<\/b><\/td>\n<\/tr>\n<tr>\n<td align=\"left\" height=\"26\">  C-VR01-02<\/td>\n<td align=\"left\">  Menuboard takmontering, liggande, 3&#215;46&#8243;, 3&#215;49&#8243;, 3&#215;50&#8243;<\/td>\n<td align=\"left\">  Gr\u00e5<\/td>\n<\/tr>\n<\/tbody>\n<\/table>\n","protected":false},"excerpt":{"rendered":"<p>HI-ND Menu Board \u00e4r designad f\u00f6r restauranger och offentliga milj\u00f6er. Produkten ger en trygg och s\u00e4ker metod f\u00f6r montering av 3 bildsk\u00e4rmar i liggande l\u00e4ge.<\/p>\n<p>Aluminiumkonstruktionen minskar den totala vikten. F\u00f6rb\u00e4ttrad kabelkanal med s\u00e4kerhetsbultar. Lutning fr\u00e5n 0 &#8211; 15\u00b0.<\/p>\n<ul style=\"font-weight: 400;\">\n<li>3 x 1 sk\u00e4rm i landskapsl\u00e4ge<\/li>\n<li>VESA: 200&#215;200, 400&#215;200, 300&#215;300, 400&#215;400, 600&#215;400<\/li>\n<li>Installation: Platt tak<\/li>\n<li>Sk\u00e4rmstorlek: 46&#8243; &#8211; 50&#8243;<\/li>\n<li>Lutning: 0\u00b0\/-5\u00b0\/-10\u00b0\/-15\u00b0\/-20\u00b0<\/li>\n<li>Vikt per sk\u00e4rm: Max 50 kg<\/li>\n<li>F\u00f6r portr\u00e4ttinstallation, v\u00e4nligen kontakta oss<\/li>\n<\/ul>\n","protected":false},"featured_media":4106,"template":"","meta":[],"product_brand":[],"product_cat":[96,98],"product_tag":[],"class_list":{"0":"post-5862","1":"product","2":"type-product","3":"status-publish","4":"has-post-thumbnail","6":"product_cat-tak-sv","7":"product_cat-takmontering","9":"first","10":"instock","11":"shipping-taxable","12":"product-type-simple"},"yoast_head":"<!-- This site is optimized with the Yoast SEO plugin v27.3 - https:\/\/yoast.com\/product\/yoast-seo-wordpress\/ -->\n<title>Takmontering f\u00f6r Menuboard - HI-ND<\/title>\n<meta name=\"description\" content=\"HI-ND Menu Board \u00e4r designad f\u00f6r restauranger och offentliga milj\u00f6er. Den ger en s\u00e4ker metod f\u00f6r montering av 3 bildsk\u00e4rmar i liggande l\u00e4ge.\" \/>\n<meta name=\"robots\" content=\"index, follow, max-snippet:-1, max-image-preview:large, max-video-preview:-1\" \/>\n<link rel=\"canonical\" href=\"https:\/\/hi-nd.com\/sv\/produkt\/takmontering-for-menuboard\/\" \/>\n<meta property=\"og:locale\" content=\"sv_SE\" \/>\n<meta property=\"og:type\" content=\"article\" \/>\n<meta property=\"og:title\" content=\"Takmontering f\u00f6r Menuboard - HI-ND\" \/>\n<meta property=\"og:description\" content=\"HI-ND Menu Board \u00e4r designad f\u00f6r restauranger och offentliga milj\u00f6er. Den ger en s\u00e4ker metod f\u00f6r montering av 3 bildsk\u00e4rmar i liggande l\u00e4ge.\" \/>\n<meta property=\"og:url\" content=\"https:\/\/hi-nd.com\/sv\/produkt\/takmontering-for-menuboard\/\" \/>\n<meta property=\"og:site_name\" content=\"HI-ND\" \/>\n<meta property=\"article:modified_time\" content=\"2024-03-01T08:55:32+00:00\" \/>\n<meta property=\"og:image\" content=\"https:\/\/hi-nd.com\/wp-content\/uploads\/2022\/01\/mount-for-menuboard.png\" \/>\n\t<meta property=\"og:image:width\" content=\"750\" \/>\n\t<meta property=\"og:image:height\" content=\"750\" \/>\n\t<meta property=\"og:image:type\" content=\"image\/png\" \/>\n<meta name=\"twitter:card\" content=\"summary_large_image\" \/>\n<script type=\"application\/ld+json\" class=\"yoast-schema-graph\">{\"@context\":\"https:\\\/\\\/schema.org\",\"@graph\":[{\"@type\":\"WebPage\",\"@id\":\"https:\\\/\\\/hi-nd.com\\\/sv\\\/produkt\\\/takmontering-for-menuboard\\\/\",\"url\":\"https:\\\/\\\/hi-nd.com\\\/sv\\\/produkt\\\/takmontering-for-menuboard\\\/\",\"name\":\"Takmontering f\u00f6r Menuboard - HI-ND\",\"isPartOf\":{\"@id\":\"https:\\\/\\\/hi-nd.com\\\/#website\"},\"primaryImageOfPage\":{\"@id\":\"https:\\\/\\\/hi-nd.com\\\/sv\\\/produkt\\\/takmontering-for-menuboard\\\/#primaryimage\"},\"image\":{\"@id\":\"https:\\\/\\\/hi-nd.com\\\/sv\\\/produkt\\\/takmontering-for-menuboard\\\/#primaryimage\"},\"thumbnailUrl\":\"https:\\\/\\\/hi-nd.com\\\/wp-content\\\/uploads\\\/2022\\\/01\\\/mount-for-menuboard.png\",\"datePublished\":\"2022-01-28T12:55:16+00:00\",\"dateModified\":\"2024-03-01T08:55:32+00:00\",\"description\":\"HI-ND Menu Board \u00e4r designad f\u00f6r restauranger och offentliga milj\u00f6er. Den ger en s\u00e4ker metod f\u00f6r montering av 3 bildsk\u00e4rmar i liggande l\u00e4ge.\",\"breadcrumb\":{\"@id\":\"https:\\\/\\\/hi-nd.com\\\/sv\\\/produkt\\\/takmontering-for-menuboard\\\/#breadcrumb\"},\"inLanguage\":\"sv-SE\",\"potentialAction\":[{\"@type\":\"ReadAction\",\"target\":[\"https:\\\/\\\/hi-nd.com\\\/sv\\\/produkt\\\/takmontering-for-menuboard\\\/\"]}]},{\"@type\":\"ImageObject\",\"inLanguage\":\"sv-SE\",\"@id\":\"https:\\\/\\\/hi-nd.com\\\/sv\\\/produkt\\\/takmontering-for-menuboard\\\/#primaryimage\",\"url\":\"https:\\\/\\\/hi-nd.com\\\/wp-content\\\/uploads\\\/2022\\\/01\\\/mount-for-menuboard.png\",\"contentUrl\":\"https:\\\/\\\/hi-nd.com\\\/wp-content\\\/uploads\\\/2022\\\/01\\\/mount-for-menuboard.png\",\"width\":750,\"height\":750},{\"@type\":\"BreadcrumbList\",\"@id\":\"https:\\\/\\\/hi-nd.com\\\/sv\\\/produkt\\\/takmontering-for-menuboard\\\/#breadcrumb\",\"itemListElement\":[{\"@type\":\"ListItem\",\"position\":1,\"name\":\"Home\",\"item\":\"https:\\\/\\\/hi-nd.com\\\/sv\\\/\"},{\"@type\":\"ListItem\",\"position\":2,\"name\":\"Butik\",\"item\":\"https:\\\/\\\/hi-nd.com\\\/sv\\\/butik\\\/\"},{\"@type\":\"ListItem\",\"position\":3,\"name\":\"Takmontering f\u00f6r Menuboard\"}]},{\"@type\":\"WebSite\",\"@id\":\"https:\\\/\\\/hi-nd.com\\\/#website\",\"url\":\"https:\\\/\\\/hi-nd.com\\\/\",\"name\":\"HI-ND\",\"description\":\"Mounting Solutions\",\"potentialAction\":[{\"@type\":\"SearchAction\",\"target\":{\"@type\":\"EntryPoint\",\"urlTemplate\":\"https:\\\/\\\/hi-nd.com\\\/?s={search_term_string}\"},\"query-input\":{\"@type\":\"PropertyValueSpecification\",\"valueRequired\":true,\"valueName\":\"search_term_string\"}}],\"inLanguage\":\"sv-SE\"}]}<\/script>\n<!-- \/ Yoast SEO plugin. -->","yoast_head_json":{"title":"Takmontering f\u00f6r Menuboard - HI-ND","description":"HI-ND Menu Board \u00e4r designad f\u00f6r restauranger och offentliga milj\u00f6er. Den ger en s\u00e4ker metod f\u00f6r montering av 3 bildsk\u00e4rmar i liggande l\u00e4ge.","robots":{"index":"index","follow":"follow","max-snippet":"max-snippet:-1","max-image-preview":"max-image-preview:large","max-video-preview":"max-video-preview:-1"},"canonical":"https:\/\/hi-nd.com\/sv\/produkt\/takmontering-for-menuboard\/","og_locale":"sv_SE","og_type":"article","og_title":"Takmontering f\u00f6r Menuboard - HI-ND","og_description":"HI-ND Menu Board \u00e4r designad f\u00f6r restauranger och offentliga milj\u00f6er. Den ger en s\u00e4ker metod f\u00f6r montering av 3 bildsk\u00e4rmar i liggande l\u00e4ge.","og_url":"https:\/\/hi-nd.com\/sv\/produkt\/takmontering-for-menuboard\/","og_site_name":"HI-ND","article_modified_time":"2024-03-01T08:55:32+00:00","og_image":[{"width":750,"height":750,"url":"https:\/\/hi-nd.com\/wp-content\/uploads\/2022\/01\/mount-for-menuboard.png","type":"image\/png"}],"twitter_card":"summary_large_image","schema":{"@context":"https:\/\/schema.org","@graph":[{"@type":"WebPage","@id":"https:\/\/hi-nd.com\/sv\/produkt\/takmontering-for-menuboard\/","url":"https:\/\/hi-nd.com\/sv\/produkt\/takmontering-for-menuboard\/","name":"Takmontering f\u00f6r Menuboard - HI-ND","isPartOf":{"@id":"https:\/\/hi-nd.com\/#website"},"primaryImageOfPage":{"@id":"https:\/\/hi-nd.com\/sv\/produkt\/takmontering-for-menuboard\/#primaryimage"},"image":{"@id":"https:\/\/hi-nd.com\/sv\/produkt\/takmontering-for-menuboard\/#primaryimage"},"thumbnailUrl":"https:\/\/hi-nd.com\/wp-content\/uploads\/2022\/01\/mount-for-menuboard.png","datePublished":"2022-01-28T12:55:16+00:00","dateModified":"2024-03-01T08:55:32+00:00","description":"HI-ND Menu Board \u00e4r designad f\u00f6r restauranger och offentliga milj\u00f6er. Den ger en s\u00e4ker metod f\u00f6r montering av 3 bildsk\u00e4rmar i liggande l\u00e4ge.","breadcrumb":{"@id":"https:\/\/hi-nd.com\/sv\/produkt\/takmontering-for-menuboard\/#breadcrumb"},"inLanguage":"sv-SE","potentialAction":[{"@type":"ReadAction","target":["https:\/\/hi-nd.com\/sv\/produkt\/takmontering-for-menuboard\/"]}]},{"@type":"ImageObject","inLanguage":"sv-SE","@id":"https:\/\/hi-nd.com\/sv\/produkt\/takmontering-for-menuboard\/#primaryimage","url":"https:\/\/hi-nd.com\/wp-content\/uploads\/2022\/01\/mount-for-menuboard.png","contentUrl":"https:\/\/hi-nd.com\/wp-content\/uploads\/2022\/01\/mount-for-menuboard.png","width":750,"height":750},{"@type":"BreadcrumbList","@id":"https:\/\/hi-nd.com\/sv\/produkt\/takmontering-for-menuboard\/#breadcrumb","itemListElement":[{"@type":"ListItem","position":1,"name":"Home","item":"https:\/\/hi-nd.com\/sv\/"},{"@type":"ListItem","position":2,"name":"Butik","item":"https:\/\/hi-nd.com\/sv\/butik\/"},{"@type":"ListItem","position":3,"name":"Takmontering f\u00f6r Menuboard"}]},{"@type":"WebSite","@id":"https:\/\/hi-nd.com\/#website","url":"https:\/\/hi-nd.com\/","name":"HI-ND","description":"Mounting Solutions","potentialAction":[{"@type":"SearchAction","target":{"@type":"EntryPoint","urlTemplate":"https:\/\/hi-nd.com\/?s={search_term_string}"},"query-input":{"@type":"PropertyValueSpecification","valueRequired":true,"valueName":"search_term_string"}}],"inLanguage":"sv-SE"}]}},"_links":{"self":[{"href":"https:\/\/hi-nd.com\/sv\/wp-json\/wp\/v2\/product\/5862","targetHints":{"allow":["GET"]}}],"collection":[{"href":"https:\/\/hi-nd.com\/sv\/wp-json\/wp\/v2\/product"}],"about":[{"href":"https:\/\/hi-nd.com\/sv\/wp-json\/wp\/v2\/types\/product"}],"wp:featuredmedia":[{"embeddable":true,"href":"https:\/\/hi-nd.com\/sv\/wp-json\/wp\/v2\/media\/4106"}],"wp:attachment":[{"href":"https:\/\/hi-nd.com\/sv\/wp-json\/wp\/v2\/media?parent=5862"}],"wp:term":[{"taxonomy":"product_brand","embeddable":true,"href":"https:\/\/hi-nd.com\/sv\/wp-json\/wp\/v2\/product_brand?post=5862"},{"taxonomy":"product_cat","embeddable":true,"href":"https:\/\/hi-nd.com\/sv\/wp-json\/wp\/v2\/product_cat?post=5862"},{"taxonomy":"product_tag","embeddable":true,"href":"https:\/\/hi-nd.com\/sv\/wp-json\/wp\/v2\/product_tag?post=5862"}],"curies":[{"name":"wp","href":"https:\/\/api.w.org\/{rel}","templated":true}]}}