{"id":5857,"date":"2022-01-20T17:34:50","date_gmt":"2022-01-20T16:34:50","guid":{"rendered":"https:\/\/hi-nd.com\/product\/golvstallning-touch\/"},"modified":"2024-03-11T15:12:41","modified_gmt":"2024-03-11T14:12:41","slug":"golvstallning-touch","status":"publish","type":"product","link":"https:\/\/hi-nd.com\/sv\/produkt\/golvstallning-touch\/","title":{"rendered":"Floorstand Touch"},"content":{"rendered":"<p>&nbsp;<\/p>\n<table style=\"font-size: 14.4px;\" width=\"664\">\n<tbody>\n<tr>\n<td width=\"143\"> Artikelnummer<\/td>\n<td width=\"457\"> Beskrivning<\/td>\n<td width=\"64\"> F\u00e4rg<\/td>\n<\/tr>\n<tr>\n<td>  FT3243-0101-01<\/td>\n<td>  Golvst\u00e4ll Touch 32&#8243;, Landscape f\u00f6r peksk\u00e4rm ELO 3203L<\/td>\n<td> Vit<\/td>\n<\/tr>\n<tr>\n<td>  FT3243-0101-02<\/td>\n<td>  Golvst\u00e4ll Touch 32&#8243;, Landscape f\u00f6r peksk\u00e4rm ELO 3203L<\/td>\n<td> Svart<\/td>\n<\/tr>\n<tr>\n<td>  FT3243-5001-02<\/td>\n<td>  Golvstativ Touch 32&#8243;, portr\u00e4tt f\u00f6r peksk\u00e4rm ELO 3203L<\/td>\n<td> Svart<\/td>\n<\/tr>\n<tr>\n<td>  FS4300-0101-01<\/td>\n<td>  Golvst\u00e4ll Touch 43&#8243;, Landscape f\u00f6r peksk\u00e4rm ELO 4363L<\/td>\n<td> Vit<\/td>\n<\/tr>\n<tr>\n<td>  FS4300-0101-02<\/td>\n<td>  Golvst\u00e4ll Touch 43&#8243;, Landscape f\u00f6r peksk\u00e4rm ELO 4363L<\/td>\n<td> Svart<\/td>\n<\/tr>\n<\/tbody>\n<\/table>\n","protected":false},"excerpt":{"rendered":"<p><strong>Ett vackert Floorstand f\u00f6r Touch-sk\u00e4rmar med tillr\u00e4ckligt utrymme f\u00f6r datorer<\/strong><\/p>\n<p>Den \u00e4r utformad f\u00f6r att vara robust och elegant. Perfekt f\u00f6r v\u00e4gvisning i k\u00f6pcentrum och produktorientering i butiker. Avsedd f\u00f6r ELO 3202L och ELO Touch Open Frame 4363L.<\/p>\n<ul>\n<li>Kylkanal f\u00f6r luftventilation av datorer inuti pelaren<\/li>\n<li>Utformad f\u00f6r landskap<\/li>\n<li>Finns \u00e4ven i portr\u00e4ttl\u00e4ge<\/li>\n<li>Enkel \u00e5tkomst bakifr\u00e5n f\u00f6r kabelhantering och extern dator<\/li>\n<li>Finns i svart eller vit<\/li>\n<li>Anpassad logotyp kan l\u00e4ggas till<\/li>\n<\/ul>\n","protected":false},"featured_media":4079,"template":"","meta":[],"product_brand":[],"product_cat":[],"product_tag":[],"class_list":{"0":"post-5857","1":"product","2":"type-product","3":"status-publish","4":"has-post-thumbnail","7":"first","8":"instock","9":"shipping-taxable","10":"product-type-simple"},"yoast_head":"<!-- This site is optimized with the Yoast SEO plugin v27.3 - https:\/\/yoast.com\/product\/yoast-seo-wordpress\/ -->\n<title>Floorstand Touch - HI-ND<\/title>\n<meta name=\"description\" content=\"Floorstand Touch \u00e4r utformad f\u00f6r att vara robust och elegant. Perfekt f\u00f6r v\u00e4gvisning i k\u00f6pcentrum och produktorientering i butiker.\" \/>\n<meta name=\"robots\" content=\"index, follow, max-snippet:-1, max-image-preview:large, max-video-preview:-1\" \/>\n<link rel=\"canonical\" href=\"https:\/\/hi-nd.com\/sv\/produkt\/golvstallning-touch\/\" \/>\n<meta property=\"og:locale\" content=\"sv_SE\" \/>\n<meta property=\"og:type\" content=\"article\" \/>\n<meta property=\"og:title\" content=\"Floorstand Touch - HI-ND\" \/>\n<meta property=\"og:description\" content=\"Floorstand Touch \u00e4r utformad f\u00f6r att vara robust och elegant. Perfekt f\u00f6r v\u00e4gvisning i k\u00f6pcentrum och produktorientering i butiker.\" \/>\n<meta property=\"og:url\" content=\"https:\/\/hi-nd.com\/sv\/produkt\/golvstallning-touch\/\" \/>\n<meta property=\"og:site_name\" content=\"HI-ND\" \/>\n<meta property=\"article:modified_time\" content=\"2024-03-11T14:12:41+00:00\" \/>\n<meta property=\"og:image\" content=\"https:\/\/hi-nd.com\/wp-content\/uploads\/2022\/01\/floorstand-touch-2.png\" \/>\n\t<meta property=\"og:image:width\" content=\"750\" \/>\n\t<meta property=\"og:image:height\" content=\"750\" \/>\n\t<meta property=\"og:image:type\" content=\"image\/png\" \/>\n<meta name=\"twitter:card\" content=\"summary_large_image\" \/>\n<script type=\"application\/ld+json\" class=\"yoast-schema-graph\">{\"@context\":\"https:\\\/\\\/schema.org\",\"@graph\":[{\"@type\":\"WebPage\",\"@id\":\"https:\\\/\\\/hi-nd.com\\\/sv\\\/produkt\\\/golvstallning-touch\\\/\",\"url\":\"https:\\\/\\\/hi-nd.com\\\/sv\\\/produkt\\\/golvstallning-touch\\\/\",\"name\":\"Floorstand Touch - HI-ND\",\"isPartOf\":{\"@id\":\"https:\\\/\\\/hi-nd.com\\\/#website\"},\"primaryImageOfPage\":{\"@id\":\"https:\\\/\\\/hi-nd.com\\\/sv\\\/produkt\\\/golvstallning-touch\\\/#primaryimage\"},\"image\":{\"@id\":\"https:\\\/\\\/hi-nd.com\\\/sv\\\/produkt\\\/golvstallning-touch\\\/#primaryimage\"},\"thumbnailUrl\":\"https:\\\/\\\/hi-nd.com\\\/wp-content\\\/uploads\\\/2022\\\/01\\\/floorstand-touch-2.png\",\"datePublished\":\"2022-01-20T16:34:50+00:00\",\"dateModified\":\"2024-03-11T14:12:41+00:00\",\"description\":\"Floorstand Touch \u00e4r utformad f\u00f6r att vara robust och elegant. Perfekt f\u00f6r v\u00e4gvisning i k\u00f6pcentrum och produktorientering i butiker.\",\"breadcrumb\":{\"@id\":\"https:\\\/\\\/hi-nd.com\\\/sv\\\/produkt\\\/golvstallning-touch\\\/#breadcrumb\"},\"inLanguage\":\"sv-SE\",\"potentialAction\":[{\"@type\":\"ReadAction\",\"target\":[\"https:\\\/\\\/hi-nd.com\\\/sv\\\/produkt\\\/golvstallning-touch\\\/\"]}]},{\"@type\":\"ImageObject\",\"inLanguage\":\"sv-SE\",\"@id\":\"https:\\\/\\\/hi-nd.com\\\/sv\\\/produkt\\\/golvstallning-touch\\\/#primaryimage\",\"url\":\"https:\\\/\\\/hi-nd.com\\\/wp-content\\\/uploads\\\/2022\\\/01\\\/floorstand-touch-2.png\",\"contentUrl\":\"https:\\\/\\\/hi-nd.com\\\/wp-content\\\/uploads\\\/2022\\\/01\\\/floorstand-touch-2.png\",\"width\":750,\"height\":750},{\"@type\":\"BreadcrumbList\",\"@id\":\"https:\\\/\\\/hi-nd.com\\\/sv\\\/produkt\\\/golvstallning-touch\\\/#breadcrumb\",\"itemListElement\":[{\"@type\":\"ListItem\",\"position\":1,\"name\":\"Home\",\"item\":\"https:\\\/\\\/hi-nd.com\\\/sv\\\/\"},{\"@type\":\"ListItem\",\"position\":2,\"name\":\"Butik\",\"item\":\"https:\\\/\\\/hi-nd.com\\\/sv\\\/butik\\\/\"},{\"@type\":\"ListItem\",\"position\":3,\"name\":\"Floorstand Touch\"}]},{\"@type\":\"WebSite\",\"@id\":\"https:\\\/\\\/hi-nd.com\\\/#website\",\"url\":\"https:\\\/\\\/hi-nd.com\\\/\",\"name\":\"HI-ND\",\"description\":\"Mounting Solutions\",\"potentialAction\":[{\"@type\":\"SearchAction\",\"target\":{\"@type\":\"EntryPoint\",\"urlTemplate\":\"https:\\\/\\\/hi-nd.com\\\/?s={search_term_string}\"},\"query-input\":{\"@type\":\"PropertyValueSpecification\",\"valueRequired\":true,\"valueName\":\"search_term_string\"}}],\"inLanguage\":\"sv-SE\"}]}<\/script>\n<!-- \/ Yoast SEO plugin. -->","yoast_head_json":{"title":"Floorstand Touch - HI-ND","description":"Floorstand Touch \u00e4r utformad f\u00f6r att vara robust och elegant. Perfekt f\u00f6r v\u00e4gvisning i k\u00f6pcentrum och produktorientering i butiker.","robots":{"index":"index","follow":"follow","max-snippet":"max-snippet:-1","max-image-preview":"max-image-preview:large","max-video-preview":"max-video-preview:-1"},"canonical":"https:\/\/hi-nd.com\/sv\/produkt\/golvstallning-touch\/","og_locale":"sv_SE","og_type":"article","og_title":"Floorstand Touch - HI-ND","og_description":"Floorstand Touch \u00e4r utformad f\u00f6r att vara robust och elegant. Perfekt f\u00f6r v\u00e4gvisning i k\u00f6pcentrum och produktorientering i butiker.","og_url":"https:\/\/hi-nd.com\/sv\/produkt\/golvstallning-touch\/","og_site_name":"HI-ND","article_modified_time":"2024-03-11T14:12:41+00:00","og_image":[{"width":750,"height":750,"url":"https:\/\/hi-nd.com\/wp-content\/uploads\/2022\/01\/floorstand-touch-2.png","type":"image\/png"}],"twitter_card":"summary_large_image","schema":{"@context":"https:\/\/schema.org","@graph":[{"@type":"WebPage","@id":"https:\/\/hi-nd.com\/sv\/produkt\/golvstallning-touch\/","url":"https:\/\/hi-nd.com\/sv\/produkt\/golvstallning-touch\/","name":"Floorstand Touch - HI-ND","isPartOf":{"@id":"https:\/\/hi-nd.com\/#website"},"primaryImageOfPage":{"@id":"https:\/\/hi-nd.com\/sv\/produkt\/golvstallning-touch\/#primaryimage"},"image":{"@id":"https:\/\/hi-nd.com\/sv\/produkt\/golvstallning-touch\/#primaryimage"},"thumbnailUrl":"https:\/\/hi-nd.com\/wp-content\/uploads\/2022\/01\/floorstand-touch-2.png","datePublished":"2022-01-20T16:34:50+00:00","dateModified":"2024-03-11T14:12:41+00:00","description":"Floorstand Touch \u00e4r utformad f\u00f6r att vara robust och elegant. Perfekt f\u00f6r v\u00e4gvisning i k\u00f6pcentrum och produktorientering i butiker.","breadcrumb":{"@id":"https:\/\/hi-nd.com\/sv\/produkt\/golvstallning-touch\/#breadcrumb"},"inLanguage":"sv-SE","potentialAction":[{"@type":"ReadAction","target":["https:\/\/hi-nd.com\/sv\/produkt\/golvstallning-touch\/"]}]},{"@type":"ImageObject","inLanguage":"sv-SE","@id":"https:\/\/hi-nd.com\/sv\/produkt\/golvstallning-touch\/#primaryimage","url":"https:\/\/hi-nd.com\/wp-content\/uploads\/2022\/01\/floorstand-touch-2.png","contentUrl":"https:\/\/hi-nd.com\/wp-content\/uploads\/2022\/01\/floorstand-touch-2.png","width":750,"height":750},{"@type":"BreadcrumbList","@id":"https:\/\/hi-nd.com\/sv\/produkt\/golvstallning-touch\/#breadcrumb","itemListElement":[{"@type":"ListItem","position":1,"name":"Home","item":"https:\/\/hi-nd.com\/sv\/"},{"@type":"ListItem","position":2,"name":"Butik","item":"https:\/\/hi-nd.com\/sv\/butik\/"},{"@type":"ListItem","position":3,"name":"Floorstand Touch"}]},{"@type":"WebSite","@id":"https:\/\/hi-nd.com\/#website","url":"https:\/\/hi-nd.com\/","name":"HI-ND","description":"Mounting Solutions","potentialAction":[{"@type":"SearchAction","target":{"@type":"EntryPoint","urlTemplate":"https:\/\/hi-nd.com\/?s={search_term_string}"},"query-input":{"@type":"PropertyValueSpecification","valueRequired":true,"valueName":"search_term_string"}}],"inLanguage":"sv-SE"}]}},"_links":{"self":[{"href":"https:\/\/hi-nd.com\/sv\/wp-json\/wp\/v2\/product\/5857","targetHints":{"allow":["GET"]}}],"collection":[{"href":"https:\/\/hi-nd.com\/sv\/wp-json\/wp\/v2\/product"}],"about":[{"href":"https:\/\/hi-nd.com\/sv\/wp-json\/wp\/v2\/types\/product"}],"wp:featuredmedia":[{"embeddable":true,"href":"https:\/\/hi-nd.com\/sv\/wp-json\/wp\/v2\/media\/4079"}],"wp:attachment":[{"href":"https:\/\/hi-nd.com\/sv\/wp-json\/wp\/v2\/media?parent=5857"}],"wp:term":[{"taxonomy":"product_brand","embeddable":true,"href":"https:\/\/hi-nd.com\/sv\/wp-json\/wp\/v2\/product_brand?post=5857"},{"taxonomy":"product_cat","embeddable":true,"href":"https:\/\/hi-nd.com\/sv\/wp-json\/wp\/v2\/product_cat?post=5857"},{"taxonomy":"product_tag","embeddable":true,"href":"https:\/\/hi-nd.com\/sv\/wp-json\/wp\/v2\/product_tag?post=5857"}],"curies":[{"name":"wp","href":"https:\/\/api.w.org\/{rel}","templated":true}]}}