{"id":5856,"date":"2022-01-22T20:35:55","date_gmt":"2022-01-22T19:35:55","guid":{"rendered":"https:\/\/hi-nd.com\/product\/vaggholje-for-utomhusbruk-till-lg-55\/"},"modified":"2024-02-22T21:20:22","modified_gmt":"2024-02-22T20:20:22","slug":"vaggholje-for-utomhusbruk-till-lg-55","status":"publish","type":"product","link":"https:\/\/hi-nd.com\/sv\/produkt\/vaggholje-for-utomhusbruk-till-lg-55\/","title":{"rendered":"Wall Casing f\u00f6r utomhusbruk till LG 55&#8243;"},"content":{"rendered":"<table width=\"861\">\n<tbody>\n<tr>\n<td width=\"325\">Artikelnummer<\/td>\n<td width=\"489\">Beskrivning<\/td>\n<td width=\"47\">F\u00e4rg<\/td>\n<\/tr>\n<tr>\n<td>OW5522-5201-01<\/td>\n<td>Wall Casing, LG 55XE4F, Landskap\/Portr\u00e4tt, inkl. l\u00e5sfunktion<\/td>\n<td>Svart<\/td>\n<\/tr>\n<tr>\n<td>OW5522-5201-02<\/td>\n<td>Wall Casing, LG 55XE4F, Landskap\/Portr\u00e4tt, inkl. l\u00e5sfunktion<\/td>\n<td>Vit<\/td>\n<\/tr>\n<\/tbody>\n<\/table>\n","protected":false},"excerpt":{"rendered":"<p>V\u00e5r wall casing f\u00f6r utomhusbruk \u00e4r perfekt f\u00f6r marknadsf\u00f6ring och information utomhus. Den \u00e4r konstruerad f\u00f6r alla v\u00e4derf\u00f6rh\u00e5llanden. Casingen har en smidig design utan synliga kablar f\u00f6r montering p\u00e5 v\u00e4gg. Det kompletta backchassit m\u00f6jligg\u00f6r installation p\u00e5 en pelare.<\/p>\n<ul>\n<li>Avsedd f\u00f6r LG 55XE4F<\/li>\n<li>Nyckell\u00e5s f\u00f6r att f\u00f6rhindra st\u00f6ld<\/li>\n<li>St\u00f6djer b\u00e5de portr\u00e4tt och landskap<\/li>\n<li>Inget frontglas ing\u00e5r<\/li>\n<li>Det \u00e4r inte m\u00f6jligt att installera tv\u00e5 casings n\u00e4rmare \u00e4n 10 cm fr\u00e5n varandra<\/li>\n<\/ul>\n","protected":false},"featured_media":3803,"template":"","meta":[],"product_brand":[],"product_cat":[69],"product_tag":[],"class_list":{"0":"post-5856","1":"product","2":"type-product","3":"status-publish","4":"has-post-thumbnail","6":"product_cat-outdoor-sv","8":"first","9":"instock","10":"shipping-taxable","11":"product-type-simple"},"yoast_head":"<!-- This site is optimized with the Yoast SEO plugin v27.3 - https:\/\/yoast.com\/product\/yoast-seo-wordpress\/ -->\n<title>Wall Casing f\u00f6r utomhusbruk till LG 55&quot; - HI-ND<\/title>\n<meta name=\"description\" content=\"HI-ND Outdoor Wall Casing \u00e4r perfekt f\u00f6r marknadsf\u00f6ring och information utomhus. Konstruerad f\u00f6r alla v\u00e4derf\u00f6rh\u00e5llanden.\" \/>\n<meta name=\"robots\" content=\"index, follow, max-snippet:-1, max-image-preview:large, max-video-preview:-1\" \/>\n<link rel=\"canonical\" href=\"https:\/\/hi-nd.com\/sv\/produkt\/vaggholje-for-utomhusbruk-till-lg-55\/\" \/>\n<meta property=\"og:locale\" content=\"sv_SE\" \/>\n<meta property=\"og:type\" content=\"article\" \/>\n<meta property=\"og:title\" content=\"Wall Casing f\u00f6r utomhusbruk till LG 55&quot; - HI-ND\" \/>\n<meta property=\"og:description\" content=\"HI-ND Outdoor Wall Casing \u00e4r perfekt f\u00f6r marknadsf\u00f6ring och information utomhus. Konstruerad f\u00f6r alla v\u00e4derf\u00f6rh\u00e5llanden.\" \/>\n<meta property=\"og:url\" content=\"https:\/\/hi-nd.com\/sv\/produkt\/vaggholje-for-utomhusbruk-till-lg-55\/\" \/>\n<meta property=\"og:site_name\" content=\"HI-ND\" \/>\n<meta property=\"article:modified_time\" content=\"2024-02-22T20:20:22+00:00\" \/>\n<meta property=\"og:image\" content=\"https:\/\/hi-nd.com\/wp-content\/uploads\/2022\/01\/LG-portrait-white-web-2.png\" \/>\n\t<meta property=\"og:image:width\" content=\"750\" \/>\n\t<meta property=\"og:image:height\" content=\"750\" \/>\n\t<meta property=\"og:image:type\" content=\"image\/png\" \/>\n<meta name=\"twitter:card\" content=\"summary_large_image\" \/>\n<script type=\"application\/ld+json\" class=\"yoast-schema-graph\">{\"@context\":\"https:\\\/\\\/schema.org\",\"@graph\":[{\"@type\":\"WebPage\",\"@id\":\"https:\\\/\\\/hi-nd.com\\\/sv\\\/produkt\\\/vaggholje-for-utomhusbruk-till-lg-55\\\/\",\"url\":\"https:\\\/\\\/hi-nd.com\\\/sv\\\/produkt\\\/vaggholje-for-utomhusbruk-till-lg-55\\\/\",\"name\":\"Wall Casing f\u00f6r utomhusbruk till LG 55\\\" - HI-ND\",\"isPartOf\":{\"@id\":\"https:\\\/\\\/hi-nd.com\\\/#website\"},\"primaryImageOfPage\":{\"@id\":\"https:\\\/\\\/hi-nd.com\\\/sv\\\/produkt\\\/vaggholje-for-utomhusbruk-till-lg-55\\\/#primaryimage\"},\"image\":{\"@id\":\"https:\\\/\\\/hi-nd.com\\\/sv\\\/produkt\\\/vaggholje-for-utomhusbruk-till-lg-55\\\/#primaryimage\"},\"thumbnailUrl\":\"https:\\\/\\\/hi-nd.com\\\/wp-content\\\/uploads\\\/2022\\\/01\\\/LG-portrait-white-web-2.png\",\"datePublished\":\"2022-01-22T19:35:55+00:00\",\"dateModified\":\"2024-02-22T20:20:22+00:00\",\"description\":\"HI-ND Outdoor Wall Casing \u00e4r perfekt f\u00f6r marknadsf\u00f6ring och information utomhus. Konstruerad f\u00f6r alla v\u00e4derf\u00f6rh\u00e5llanden.\",\"breadcrumb\":{\"@id\":\"https:\\\/\\\/hi-nd.com\\\/sv\\\/produkt\\\/vaggholje-for-utomhusbruk-till-lg-55\\\/#breadcrumb\"},\"inLanguage\":\"sv-SE\",\"potentialAction\":[{\"@type\":\"ReadAction\",\"target\":[\"https:\\\/\\\/hi-nd.com\\\/sv\\\/produkt\\\/vaggholje-for-utomhusbruk-till-lg-55\\\/\"]}]},{\"@type\":\"ImageObject\",\"inLanguage\":\"sv-SE\",\"@id\":\"https:\\\/\\\/hi-nd.com\\\/sv\\\/produkt\\\/vaggholje-for-utomhusbruk-till-lg-55\\\/#primaryimage\",\"url\":\"https:\\\/\\\/hi-nd.com\\\/wp-content\\\/uploads\\\/2022\\\/01\\\/LG-portrait-white-web-2.png\",\"contentUrl\":\"https:\\\/\\\/hi-nd.com\\\/wp-content\\\/uploads\\\/2022\\\/01\\\/LG-portrait-white-web-2.png\",\"width\":750,\"height\":750},{\"@type\":\"BreadcrumbList\",\"@id\":\"https:\\\/\\\/hi-nd.com\\\/sv\\\/produkt\\\/vaggholje-for-utomhusbruk-till-lg-55\\\/#breadcrumb\",\"itemListElement\":[{\"@type\":\"ListItem\",\"position\":1,\"name\":\"Home\",\"item\":\"https:\\\/\\\/hi-nd.com\\\/sv\\\/\"},{\"@type\":\"ListItem\",\"position\":2,\"name\":\"Butik\",\"item\":\"https:\\\/\\\/hi-nd.com\\\/sv\\\/butik\\\/\"},{\"@type\":\"ListItem\",\"position\":3,\"name\":\"Wall Casing f\u00f6r utomhusbruk till LG 55&#8243;\"}]},{\"@type\":\"WebSite\",\"@id\":\"https:\\\/\\\/hi-nd.com\\\/#website\",\"url\":\"https:\\\/\\\/hi-nd.com\\\/\",\"name\":\"HI-ND\",\"description\":\"Mounting Solutions\",\"potentialAction\":[{\"@type\":\"SearchAction\",\"target\":{\"@type\":\"EntryPoint\",\"urlTemplate\":\"https:\\\/\\\/hi-nd.com\\\/?s={search_term_string}\"},\"query-input\":{\"@type\":\"PropertyValueSpecification\",\"valueRequired\":true,\"valueName\":\"search_term_string\"}}],\"inLanguage\":\"sv-SE\"}]}<\/script>\n<!-- \/ Yoast SEO plugin. -->","yoast_head_json":{"title":"Wall Casing f\u00f6r utomhusbruk till LG 55\" - HI-ND","description":"HI-ND Outdoor Wall Casing \u00e4r perfekt f\u00f6r marknadsf\u00f6ring och information utomhus. Konstruerad f\u00f6r alla v\u00e4derf\u00f6rh\u00e5llanden.","robots":{"index":"index","follow":"follow","max-snippet":"max-snippet:-1","max-image-preview":"max-image-preview:large","max-video-preview":"max-video-preview:-1"},"canonical":"https:\/\/hi-nd.com\/sv\/produkt\/vaggholje-for-utomhusbruk-till-lg-55\/","og_locale":"sv_SE","og_type":"article","og_title":"Wall Casing f\u00f6r utomhusbruk till LG 55\" - HI-ND","og_description":"HI-ND Outdoor Wall Casing \u00e4r perfekt f\u00f6r marknadsf\u00f6ring och information utomhus. Konstruerad f\u00f6r alla v\u00e4derf\u00f6rh\u00e5llanden.","og_url":"https:\/\/hi-nd.com\/sv\/produkt\/vaggholje-for-utomhusbruk-till-lg-55\/","og_site_name":"HI-ND","article_modified_time":"2024-02-22T20:20:22+00:00","og_image":[{"width":750,"height":750,"url":"https:\/\/hi-nd.com\/wp-content\/uploads\/2022\/01\/LG-portrait-white-web-2.png","type":"image\/png"}],"twitter_card":"summary_large_image","schema":{"@context":"https:\/\/schema.org","@graph":[{"@type":"WebPage","@id":"https:\/\/hi-nd.com\/sv\/produkt\/vaggholje-for-utomhusbruk-till-lg-55\/","url":"https:\/\/hi-nd.com\/sv\/produkt\/vaggholje-for-utomhusbruk-till-lg-55\/","name":"Wall Casing f\u00f6r utomhusbruk till LG 55\" - HI-ND","isPartOf":{"@id":"https:\/\/hi-nd.com\/#website"},"primaryImageOfPage":{"@id":"https:\/\/hi-nd.com\/sv\/produkt\/vaggholje-for-utomhusbruk-till-lg-55\/#primaryimage"},"image":{"@id":"https:\/\/hi-nd.com\/sv\/produkt\/vaggholje-for-utomhusbruk-till-lg-55\/#primaryimage"},"thumbnailUrl":"https:\/\/hi-nd.com\/wp-content\/uploads\/2022\/01\/LG-portrait-white-web-2.png","datePublished":"2022-01-22T19:35:55+00:00","dateModified":"2024-02-22T20:20:22+00:00","description":"HI-ND Outdoor Wall Casing \u00e4r perfekt f\u00f6r marknadsf\u00f6ring och information utomhus. Konstruerad f\u00f6r alla v\u00e4derf\u00f6rh\u00e5llanden.","breadcrumb":{"@id":"https:\/\/hi-nd.com\/sv\/produkt\/vaggholje-for-utomhusbruk-till-lg-55\/#breadcrumb"},"inLanguage":"sv-SE","potentialAction":[{"@type":"ReadAction","target":["https:\/\/hi-nd.com\/sv\/produkt\/vaggholje-for-utomhusbruk-till-lg-55\/"]}]},{"@type":"ImageObject","inLanguage":"sv-SE","@id":"https:\/\/hi-nd.com\/sv\/produkt\/vaggholje-for-utomhusbruk-till-lg-55\/#primaryimage","url":"https:\/\/hi-nd.com\/wp-content\/uploads\/2022\/01\/LG-portrait-white-web-2.png","contentUrl":"https:\/\/hi-nd.com\/wp-content\/uploads\/2022\/01\/LG-portrait-white-web-2.png","width":750,"height":750},{"@type":"BreadcrumbList","@id":"https:\/\/hi-nd.com\/sv\/produkt\/vaggholje-for-utomhusbruk-till-lg-55\/#breadcrumb","itemListElement":[{"@type":"ListItem","position":1,"name":"Home","item":"https:\/\/hi-nd.com\/sv\/"},{"@type":"ListItem","position":2,"name":"Butik","item":"https:\/\/hi-nd.com\/sv\/butik\/"},{"@type":"ListItem","position":3,"name":"Wall Casing f\u00f6r utomhusbruk till LG 55&#8243;"}]},{"@type":"WebSite","@id":"https:\/\/hi-nd.com\/#website","url":"https:\/\/hi-nd.com\/","name":"HI-ND","description":"Mounting Solutions","potentialAction":[{"@type":"SearchAction","target":{"@type":"EntryPoint","urlTemplate":"https:\/\/hi-nd.com\/?s={search_term_string}"},"query-input":{"@type":"PropertyValueSpecification","valueRequired":true,"valueName":"search_term_string"}}],"inLanguage":"sv-SE"}]}},"_links":{"self":[{"href":"https:\/\/hi-nd.com\/sv\/wp-json\/wp\/v2\/product\/5856","targetHints":{"allow":["GET"]}}],"collection":[{"href":"https:\/\/hi-nd.com\/sv\/wp-json\/wp\/v2\/product"}],"about":[{"href":"https:\/\/hi-nd.com\/sv\/wp-json\/wp\/v2\/types\/product"}],"wp:featuredmedia":[{"embeddable":true,"href":"https:\/\/hi-nd.com\/sv\/wp-json\/wp\/v2\/media\/3803"}],"wp:attachment":[{"href":"https:\/\/hi-nd.com\/sv\/wp-json\/wp\/v2\/media?parent=5856"}],"wp:term":[{"taxonomy":"product_brand","embeddable":true,"href":"https:\/\/hi-nd.com\/sv\/wp-json\/wp\/v2\/product_brand?post=5856"},{"taxonomy":"product_cat","embeddable":true,"href":"https:\/\/hi-nd.com\/sv\/wp-json\/wp\/v2\/product_cat?post=5856"},{"taxonomy":"product_tag","embeddable":true,"href":"https:\/\/hi-nd.com\/sv\/wp-json\/wp\/v2\/product_tag?post=5856"}],"curies":[{"name":"wp","href":"https:\/\/api.w.org\/{rel}","templated":true}]}}