{"id":5846,"date":"2022-02-01T21:18:22","date_gmt":"2022-02-01T20:18:22","guid":{"rendered":"https:\/\/hi-nd.com\/product\/videorow-portratt\/"},"modified":"2024-02-22T21:20:37","modified_gmt":"2024-02-22T20:20:37","slug":"videorow-portratt","status":"publish","type":"product","link":"https:\/\/hi-nd.com\/sv\/produkt\/videorow-portratt\/","title":{"rendered":"Videorad Portr\u00e4tt"},"content":{"rendered":"<p>&nbsp;<\/p>\n<table width=\"610\">\n<tbody>\n<tr>\n<td width=\"109\">Artikelnummer<\/td>\n<td width=\"270\">Beskrivning<\/td>\n<td width=\"231\">Sk\u00e4rmar som st\u00f6ds<\/td>\n<\/tr>\n<tr>\n<td>VR5000-5001<\/td>\n<td>Videorad, portr\u00e4tt, 1&#215;50&#8243;<\/td>\n<td>Samsung, LG<\/td>\n<\/tr>\n<tr>\n<td>VR4300-5301<\/td>\n<td>Videorad, portr\u00e4tt, 3&#215;43&#8243;<\/td>\n<td>Samsung, LG<\/td>\n<\/tr>\n<tr>\n<td>VR5000-5301<\/td>\n<td>Videorad, portr\u00e4tt, 3&#215;50&#8243;<\/td>\n<td>Samsung, LG<\/td>\n<\/tr>\n<tr>\n<td>VR5500-5301<\/td>\n<td>Videorad, portr\u00e4tt, 3&#215;55&#8243;<\/td>\n<td>Samsung, LG<\/td>\n<\/tr>\n<tr>\n<td>VR3200-5401<\/td>\n<td>Videorad, portr\u00e4tt 4&#215;32&#8243;<\/td>\n<td>Samsung, LG<\/td>\n<\/tr>\n<tr>\n<td>VR4300-5401<\/td>\n<td>Videorad, portr\u00e4tt 4&#215;43&#8243;<\/td>\n<td>Samsung, LG<\/td>\n<\/tr>\n<tr>\n<td>VR5000-5401<\/td>\n<td>Videorad, portr\u00e4tt, 4&#215;50&#8243;<\/td>\n<td>Samsung, LG<\/td>\n<\/tr>\n<tr>\n<td>VR5500-5401<\/td>\n<td>Videorad, portr\u00e4tt, 4&#215;55&#8243;<\/td>\n<td>Samsung, LG<\/td>\n<\/tr>\n<tr>\n<td>VR3200-5501<\/td>\n<td>Videorad, portr\u00e4tt 5&#215;32&#8243;<\/td>\n<td>Samsung, LG<\/td>\n<\/tr>\n<tr>\n<td>VR4300-5501<\/td>\n<td>Videorad, portr\u00e4tt, 5&#215;43&#8243;<\/td>\n<td>Samsung, LG<\/td>\n<\/tr>\n<tr>\n<td>VR5000-5501<\/td>\n<td>Videorad, portr\u00e4tt, 5&#215;50&#8243;<\/td>\n<td>Samsung, LG<\/td>\n<\/tr>\n<tr>\n<td>VR5500-5501<\/td>\n<td>Videorad, portr\u00e4tt, 5&#215;55&#8243;<\/td>\n<td>Samsung, LG<\/td>\n<\/tr>\n<tr>\n<td>VR3200-5601<\/td>\n<td>Videorad, portr\u00e4tt, 6&#215;32&#8243;<\/td>\n<td>Samsung, LG<\/td>\n<\/tr>\n<tr>\n<td>VR4300-5601<\/td>\n<td>Videorad, portr\u00e4tt, 6&#215;43&#8243;<\/td>\n<td>Samsung, LG<\/td>\n<\/tr>\n<tr>\n<td>VR5500-5601<\/td>\n<td>Videorad, portr\u00e4tt, 6&#215;55&#8243;<\/td>\n<td>Samsung, LG<\/td>\n<\/tr>\n<\/tbody>\n<\/table>\n","protected":false},"excerpt":{"rendered":"<p>Ett enkelt och mycket kostnadseffektivt s\u00e4tt att bygga en menyrad med flera sk\u00e4rmar i rad. L\u00f6sningen g\u00f6r det enkelt att placera hur m\u00e5nga sk\u00e4rmar som helst exakt i linje. Rekommenderad displaystorlek 22\u2033 till 55\u2033.<\/p>\n<ul>\n<li>Enkelt och mycket kostnadseffektivt<\/li>\n<li>Enkel kabelhantering<\/li>\n<li>Menyrad- eller videov\u00e4ggs-l\u00f6sningar<\/li>\n<li>Installation fr\u00e5n kant till kant<\/li>\n<li>Designad f\u00f6r Samsung och LG<\/li>\n<li>Portr\u00e4ttinstallation<\/li>\n<li>Kontakta oss f\u00f6r att f\u00e5 en skr\u00e4ddarsydd l\u00f6sning f\u00f6r ett specifikt projekt<\/li>\n<\/ul>\n","protected":false},"featured_media":4121,"template":"","meta":[],"product_brand":[],"product_cat":[89,122],"product_tag":[],"class_list":{"0":"post-5846","1":"product","2":"type-product","3":"status-publish","4":"has-post-thumbnail","6":"product_cat-wall-sv","7":"product_cat-video-row-sv","9":"first","10":"instock","11":"shipping-taxable","12":"product-type-simple"},"yoast_head":"<!-- This site is optimized with the Yoast SEO plugin v27.3 - https:\/\/yoast.com\/product\/yoast-seo-wordpress\/ -->\n<title>Videorad Portr\u00e4tt - HI-ND<\/title>\n<meta name=\"description\" content=\"Ett enkelt och mycket kostnadseffektivt s\u00e4tt att bygga en menyrad med flera sk\u00e4rmar i rad. Rekommenderad displaystorlek 22\u2033 till 55\u2033.\" \/>\n<meta name=\"robots\" content=\"index, follow, max-snippet:-1, max-image-preview:large, max-video-preview:-1\" \/>\n<link rel=\"canonical\" href=\"https:\/\/hi-nd.com\/sv\/produkt\/videorow-portratt\/\" \/>\n<meta property=\"og:locale\" content=\"sv_SE\" \/>\n<meta property=\"og:type\" content=\"article\" \/>\n<meta property=\"og:title\" content=\"Videorad Portr\u00e4tt - HI-ND\" \/>\n<meta property=\"og:description\" content=\"Ett enkelt och mycket kostnadseffektivt s\u00e4tt att bygga en menyrad med flera sk\u00e4rmar i rad. Rekommenderad displaystorlek 22\u2033 till 55\u2033.\" \/>\n<meta property=\"og:url\" content=\"https:\/\/hi-nd.com\/sv\/produkt\/videorow-portratt\/\" \/>\n<meta property=\"og:site_name\" content=\"HI-ND\" \/>\n<meta property=\"article:modified_time\" content=\"2024-02-22T20:20:37+00:00\" \/>\n<meta property=\"og:image\" content=\"https:\/\/hi-nd.com\/wp-content\/uploads\/2022\/02\/VR43X5-5001-03.jpg\" \/>\n\t<meta property=\"og:image:width\" content=\"750\" \/>\n\t<meta property=\"og:image:height\" content=\"750\" \/>\n\t<meta property=\"og:image:type\" content=\"image\/jpeg\" \/>\n<meta name=\"twitter:card\" content=\"summary_large_image\" \/>\n<meta name=\"twitter:label1\" content=\"Ber\u00e4knad l\u00e4stid\" \/>\n\t<meta name=\"twitter:data1\" content=\"1 minut\" \/>\n<script type=\"application\/ld+json\" class=\"yoast-schema-graph\">{\"@context\":\"https:\\\/\\\/schema.org\",\"@graph\":[{\"@type\":\"WebPage\",\"@id\":\"https:\\\/\\\/hi-nd.com\\\/sv\\\/produkt\\\/videorow-portratt\\\/\",\"url\":\"https:\\\/\\\/hi-nd.com\\\/sv\\\/produkt\\\/videorow-portratt\\\/\",\"name\":\"Videorad Portr\u00e4tt - HI-ND\",\"isPartOf\":{\"@id\":\"https:\\\/\\\/hi-nd.com\\\/#website\"},\"primaryImageOfPage\":{\"@id\":\"https:\\\/\\\/hi-nd.com\\\/sv\\\/produkt\\\/videorow-portratt\\\/#primaryimage\"},\"image\":{\"@id\":\"https:\\\/\\\/hi-nd.com\\\/sv\\\/produkt\\\/videorow-portratt\\\/#primaryimage\"},\"thumbnailUrl\":\"https:\\\/\\\/hi-nd.com\\\/wp-content\\\/uploads\\\/2022\\\/02\\\/VR43X5-5001-03.jpg\",\"datePublished\":\"2022-02-01T20:18:22+00:00\",\"dateModified\":\"2024-02-22T20:20:37+00:00\",\"description\":\"Ett enkelt och mycket kostnadseffektivt s\u00e4tt att bygga en menyrad med flera sk\u00e4rmar i rad. Rekommenderad displaystorlek 22\u2033 till 55\u2033.\",\"breadcrumb\":{\"@id\":\"https:\\\/\\\/hi-nd.com\\\/sv\\\/produkt\\\/videorow-portratt\\\/#breadcrumb\"},\"inLanguage\":\"sv-SE\",\"potentialAction\":[{\"@type\":\"ReadAction\",\"target\":[\"https:\\\/\\\/hi-nd.com\\\/sv\\\/produkt\\\/videorow-portratt\\\/\"]}]},{\"@type\":\"ImageObject\",\"inLanguage\":\"sv-SE\",\"@id\":\"https:\\\/\\\/hi-nd.com\\\/sv\\\/produkt\\\/videorow-portratt\\\/#primaryimage\",\"url\":\"https:\\\/\\\/hi-nd.com\\\/wp-content\\\/uploads\\\/2022\\\/02\\\/VR43X5-5001-03.jpg\",\"contentUrl\":\"https:\\\/\\\/hi-nd.com\\\/wp-content\\\/uploads\\\/2022\\\/02\\\/VR43X5-5001-03.jpg\",\"width\":750,\"height\":750},{\"@type\":\"BreadcrumbList\",\"@id\":\"https:\\\/\\\/hi-nd.com\\\/sv\\\/produkt\\\/videorow-portratt\\\/#breadcrumb\",\"itemListElement\":[{\"@type\":\"ListItem\",\"position\":1,\"name\":\"Home\",\"item\":\"https:\\\/\\\/hi-nd.com\\\/sv\\\/\"},{\"@type\":\"ListItem\",\"position\":2,\"name\":\"Butik\",\"item\":\"https:\\\/\\\/hi-nd.com\\\/sv\\\/butik\\\/\"},{\"@type\":\"ListItem\",\"position\":3,\"name\":\"Videorad Portr\u00e4tt\"}]},{\"@type\":\"WebSite\",\"@id\":\"https:\\\/\\\/hi-nd.com\\\/#website\",\"url\":\"https:\\\/\\\/hi-nd.com\\\/\",\"name\":\"HI-ND\",\"description\":\"Mounting Solutions\",\"potentialAction\":[{\"@type\":\"SearchAction\",\"target\":{\"@type\":\"EntryPoint\",\"urlTemplate\":\"https:\\\/\\\/hi-nd.com\\\/?s={search_term_string}\"},\"query-input\":{\"@type\":\"PropertyValueSpecification\",\"valueRequired\":true,\"valueName\":\"search_term_string\"}}],\"inLanguage\":\"sv-SE\"}]}<\/script>\n<!-- \/ Yoast SEO plugin. -->","yoast_head_json":{"title":"Videorad Portr\u00e4tt - HI-ND","description":"Ett enkelt och mycket kostnadseffektivt s\u00e4tt att bygga en menyrad med flera sk\u00e4rmar i rad. Rekommenderad displaystorlek 22\u2033 till 55\u2033.","robots":{"index":"index","follow":"follow","max-snippet":"max-snippet:-1","max-image-preview":"max-image-preview:large","max-video-preview":"max-video-preview:-1"},"canonical":"https:\/\/hi-nd.com\/sv\/produkt\/videorow-portratt\/","og_locale":"sv_SE","og_type":"article","og_title":"Videorad Portr\u00e4tt - HI-ND","og_description":"Ett enkelt och mycket kostnadseffektivt s\u00e4tt att bygga en menyrad med flera sk\u00e4rmar i rad. Rekommenderad displaystorlek 22\u2033 till 55\u2033.","og_url":"https:\/\/hi-nd.com\/sv\/produkt\/videorow-portratt\/","og_site_name":"HI-ND","article_modified_time":"2024-02-22T20:20:37+00:00","og_image":[{"width":750,"height":750,"url":"https:\/\/hi-nd.com\/wp-content\/uploads\/2022\/02\/VR43X5-5001-03.jpg","type":"image\/jpeg"}],"twitter_card":"summary_large_image","twitter_misc":{"Ber\u00e4knad l\u00e4stid":"1 minut"},"schema":{"@context":"https:\/\/schema.org","@graph":[{"@type":"WebPage","@id":"https:\/\/hi-nd.com\/sv\/produkt\/videorow-portratt\/","url":"https:\/\/hi-nd.com\/sv\/produkt\/videorow-portratt\/","name":"Videorad Portr\u00e4tt - HI-ND","isPartOf":{"@id":"https:\/\/hi-nd.com\/#website"},"primaryImageOfPage":{"@id":"https:\/\/hi-nd.com\/sv\/produkt\/videorow-portratt\/#primaryimage"},"image":{"@id":"https:\/\/hi-nd.com\/sv\/produkt\/videorow-portratt\/#primaryimage"},"thumbnailUrl":"https:\/\/hi-nd.com\/wp-content\/uploads\/2022\/02\/VR43X5-5001-03.jpg","datePublished":"2022-02-01T20:18:22+00:00","dateModified":"2024-02-22T20:20:37+00:00","description":"Ett enkelt och mycket kostnadseffektivt s\u00e4tt att bygga en menyrad med flera sk\u00e4rmar i rad. Rekommenderad displaystorlek 22\u2033 till 55\u2033.","breadcrumb":{"@id":"https:\/\/hi-nd.com\/sv\/produkt\/videorow-portratt\/#breadcrumb"},"inLanguage":"sv-SE","potentialAction":[{"@type":"ReadAction","target":["https:\/\/hi-nd.com\/sv\/produkt\/videorow-portratt\/"]}]},{"@type":"ImageObject","inLanguage":"sv-SE","@id":"https:\/\/hi-nd.com\/sv\/produkt\/videorow-portratt\/#primaryimage","url":"https:\/\/hi-nd.com\/wp-content\/uploads\/2022\/02\/VR43X5-5001-03.jpg","contentUrl":"https:\/\/hi-nd.com\/wp-content\/uploads\/2022\/02\/VR43X5-5001-03.jpg","width":750,"height":750},{"@type":"BreadcrumbList","@id":"https:\/\/hi-nd.com\/sv\/produkt\/videorow-portratt\/#breadcrumb","itemListElement":[{"@type":"ListItem","position":1,"name":"Home","item":"https:\/\/hi-nd.com\/sv\/"},{"@type":"ListItem","position":2,"name":"Butik","item":"https:\/\/hi-nd.com\/sv\/butik\/"},{"@type":"ListItem","position":3,"name":"Videorad Portr\u00e4tt"}]},{"@type":"WebSite","@id":"https:\/\/hi-nd.com\/#website","url":"https:\/\/hi-nd.com\/","name":"HI-ND","description":"Mounting Solutions","potentialAction":[{"@type":"SearchAction","target":{"@type":"EntryPoint","urlTemplate":"https:\/\/hi-nd.com\/?s={search_term_string}"},"query-input":{"@type":"PropertyValueSpecification","valueRequired":true,"valueName":"search_term_string"}}],"inLanguage":"sv-SE"}]}},"_links":{"self":[{"href":"https:\/\/hi-nd.com\/sv\/wp-json\/wp\/v2\/product\/5846","targetHints":{"allow":["GET"]}}],"collection":[{"href":"https:\/\/hi-nd.com\/sv\/wp-json\/wp\/v2\/product"}],"about":[{"href":"https:\/\/hi-nd.com\/sv\/wp-json\/wp\/v2\/types\/product"}],"wp:featuredmedia":[{"embeddable":true,"href":"https:\/\/hi-nd.com\/sv\/wp-json\/wp\/v2\/media\/4121"}],"wp:attachment":[{"href":"https:\/\/hi-nd.com\/sv\/wp-json\/wp\/v2\/media?parent=5846"}],"wp:term":[{"taxonomy":"product_brand","embeddable":true,"href":"https:\/\/hi-nd.com\/sv\/wp-json\/wp\/v2\/product_brand?post=5846"},{"taxonomy":"product_cat","embeddable":true,"href":"https:\/\/hi-nd.com\/sv\/wp-json\/wp\/v2\/product_cat?post=5846"},{"taxonomy":"product_tag","embeddable":true,"href":"https:\/\/hi-nd.com\/sv\/wp-json\/wp\/v2\/product_tag?post=5846"}],"curies":[{"name":"wp","href":"https:\/\/api.w.org\/{rel}","templated":true}]}}