{"id":5843,"date":"2022-01-20T23:09:11","date_gmt":"2022-01-20T22:09:11","guid":{"rendered":"https:\/\/hi-nd.com\/product\/vaggbekladnad-advert\/"},"modified":"2024-02-22T21:20:45","modified_gmt":"2024-02-22T20:20:45","slug":"vaggbekladnad-advert","status":"publish","type":"product","link":"https:\/\/hi-nd.com\/sv\/produkt\/vaggbekladnad-advert\/","title":{"rendered":"Wall Casing ADVERT"},"content":{"rendered":"<p>&nbsp;<\/p>\n<table width=\"1234\">\n<tbody>\n<tr>\n<td width=\"103\">Artikelnummer<\/td>\n<td width=\"638\"> Beskrivning<\/td>\n<td width=\"603\">\u00d6vrigt<\/td>\n<\/tr>\n<tr>\n<td>WC5512-5201<\/td>\n<td>  V\u00e4ggh\u00f6lje 55&#8243;, portr\u00e4tt, plexi med h\u00e5rd bel\u00e4ggning och digitalt tryck<\/td>\n<td>Display, f\u00e4rg, dekormaterial, kundlogotyp m\u00e5ste specificeras f\u00f6r varje best\u00e4llning<\/td>\n<\/tr>\n<tr>\n<td>WC6512-5201<\/td>\n<td>  V\u00e4ggh\u00f6lje 65&#8243;, portr\u00e4tt, h\u00e5rdbelagd plexi med digitalt tryck<\/td>\n<td>Display, f\u00e4rg, dekormaterial, kundlogotyp m\u00e5ste specificeras f\u00f6r varje best\u00e4llning<\/td>\n<\/tr>\n<tr>\n<td>WC7512-5201<\/td>\n<td>  V\u00e4ggh\u00f6lje 75&#8243;, portr\u00e4tt, h\u00e4rdat glas med digitalt tryck<\/td>\n<td>Display, f\u00e4rg, dekormaterial, kundlogotyp m\u00e5ste specificeras f\u00f6r varje best\u00e4llning<\/td>\n<\/tr>\n<tr>\n<td>WC5512-0101<\/td>\n<td>  V\u00e4ggh\u00f6lje 55&#8243;, landskap, plexiglas med h\u00e5rd bel\u00e4ggning och digitalt tryck<\/td>\n<td>Display, f\u00e4rg, dekormaterial, kundlogotyp m\u00e5ste specificeras f\u00f6r varje best\u00e4llning<\/td>\n<\/tr>\n<tr>\n<td>WC6512-0101<\/td>\n<td>  V\u00e4ggh\u00f6lje 65&#8243;, landskap, plexiglas med h\u00e5rd bel\u00e4ggning och digitalt tryck<\/td>\n<td>Display, f\u00e4rg, dekormaterial, kundlogotyp m\u00e5ste specificeras f\u00f6r varje best\u00e4llning<\/td>\n<\/tr>\n<tr>\n<td>WC8512-0101<\/td>\n<td>  V\u00e4ggh\u00f6lje 85&#8243;, landskap, h\u00e4rdat glas med digitalt tryck<\/td>\n<td>Display, f\u00e4rg, dekormaterial, kundlogotyp m\u00e5ste specificeras f\u00f6r varje best\u00e4llning<\/td>\n<\/tr>\n<\/tbody>\n<\/table>\n","protected":false},"excerpt":{"rendered":"<p>Wall Casing ADvert \u00e4r utformat f\u00f6r reklam\u00e4ndam\u00e5l. Det finns m\u00f6jlighet att anv\u00e4nda antingen ett h\u00e4rdat glas eller h\u00e5rdbelagd plexi med digitalt tryck. Glaset kan anv\u00e4ndas med belyst logotyp b\u00e5de under och \u00f6ver sk\u00e4rmen. Fl\u00e4ktar anv\u00e4nds f\u00f6r aktiv kylning. Den \u00e4r utformad f\u00f6r att enkelt kunna l\u00e4gga till nya f\u00e4rger och material f\u00f6r dekorations\u00e4ndam\u00e5l. Material som m\u00e4ssing och tr\u00e4 anv\u00e4nds ofta. Utformad f\u00f6r att anv\u00e4ndas med Samsung QM55B, QMC och LG55UH5-F<\/p>\n","protected":false},"featured_media":3584,"template":"","meta":[],"product_brand":[],"product_cat":[108,89],"product_tag":[],"class_list":{"0":"post-5843","1":"product","2":"type-product","3":"status-publish","4":"has-post-thumbnail","6":"product_cat-holje-sv","7":"product_cat-wall-sv","9":"first","10":"instock","11":"shipping-taxable","12":"product-type-simple"},"yoast_head":"<!-- This site is optimized with the Yoast SEO plugin v27.3 - https:\/\/yoast.com\/product\/yoast-seo-wordpress\/ -->\n<title>Wall Casing ADVERT - HI-ND<\/title>\n<meta name=\"description\" content=\"Wall Casing ADvert \u00e4r utformat f\u00f6r reklam\u00e4ndam\u00e5l. M\u00f6jlighet att anv\u00e4nda ett h\u00e4rdat glas eller h\u00e5rdbelagd plexi med digitalt tryck.\" \/>\n<meta name=\"robots\" content=\"index, follow, max-snippet:-1, max-image-preview:large, max-video-preview:-1\" \/>\n<link rel=\"canonical\" href=\"https:\/\/hi-nd.com\/sv\/produkt\/vaggbekladnad-advert\/\" \/>\n<meta property=\"og:locale\" content=\"sv_SE\" \/>\n<meta property=\"og:type\" content=\"article\" \/>\n<meta property=\"og:title\" content=\"Wall Casing ADVERT - HI-ND\" \/>\n<meta property=\"og:description\" content=\"Wall Casing ADvert \u00e4r utformat f\u00f6r reklam\u00e4ndam\u00e5l. M\u00f6jlighet att anv\u00e4nda ett h\u00e4rdat glas eller h\u00e5rdbelagd plexi med digitalt tryck.\" \/>\n<meta property=\"og:url\" content=\"https:\/\/hi-nd.com\/sv\/produkt\/vaggbekladnad-advert\/\" \/>\n<meta property=\"og:site_name\" content=\"HI-ND\" \/>\n<meta property=\"article:modified_time\" content=\"2024-02-22T20:20:45+00:00\" \/>\n<meta property=\"og:image\" content=\"https:\/\/hi-nd.com\/wp-content\/uploads\/2022\/01\/1_Wall-casing-Advert-750x750-1.png\" \/>\n\t<meta property=\"og:image:width\" content=\"750\" \/>\n\t<meta property=\"og:image:height\" content=\"750\" \/>\n\t<meta property=\"og:image:type\" content=\"image\/png\" \/>\n<meta name=\"twitter:card\" content=\"summary_large_image\" \/>\n<meta name=\"twitter:label1\" content=\"Ber\u00e4knad l\u00e4stid\" \/>\n\t<meta name=\"twitter:data1\" content=\"1 minut\" \/>\n<script type=\"application\/ld+json\" class=\"yoast-schema-graph\">{\"@context\":\"https:\\\/\\\/schema.org\",\"@graph\":[{\"@type\":\"WebPage\",\"@id\":\"https:\\\/\\\/hi-nd.com\\\/sv\\\/produkt\\\/vaggbekladnad-advert\\\/\",\"url\":\"https:\\\/\\\/hi-nd.com\\\/sv\\\/produkt\\\/vaggbekladnad-advert\\\/\",\"name\":\"Wall Casing ADVERT - HI-ND\",\"isPartOf\":{\"@id\":\"https:\\\/\\\/hi-nd.com\\\/#website\"},\"primaryImageOfPage\":{\"@id\":\"https:\\\/\\\/hi-nd.com\\\/sv\\\/produkt\\\/vaggbekladnad-advert\\\/#primaryimage\"},\"image\":{\"@id\":\"https:\\\/\\\/hi-nd.com\\\/sv\\\/produkt\\\/vaggbekladnad-advert\\\/#primaryimage\"},\"thumbnailUrl\":\"https:\\\/\\\/hi-nd.com\\\/wp-content\\\/uploads\\\/2022\\\/01\\\/1_Wall-casing-Advert-750x750-1.png\",\"datePublished\":\"2022-01-20T22:09:11+00:00\",\"dateModified\":\"2024-02-22T20:20:45+00:00\",\"description\":\"Wall Casing ADvert \u00e4r utformat f\u00f6r reklam\u00e4ndam\u00e5l. M\u00f6jlighet att anv\u00e4nda ett h\u00e4rdat glas eller h\u00e5rdbelagd plexi med digitalt tryck.\",\"breadcrumb\":{\"@id\":\"https:\\\/\\\/hi-nd.com\\\/sv\\\/produkt\\\/vaggbekladnad-advert\\\/#breadcrumb\"},\"inLanguage\":\"sv-SE\",\"potentialAction\":[{\"@type\":\"ReadAction\",\"target\":[\"https:\\\/\\\/hi-nd.com\\\/sv\\\/produkt\\\/vaggbekladnad-advert\\\/\"]}]},{\"@type\":\"ImageObject\",\"inLanguage\":\"sv-SE\",\"@id\":\"https:\\\/\\\/hi-nd.com\\\/sv\\\/produkt\\\/vaggbekladnad-advert\\\/#primaryimage\",\"url\":\"https:\\\/\\\/hi-nd.com\\\/wp-content\\\/uploads\\\/2022\\\/01\\\/1_Wall-casing-Advert-750x750-1.png\",\"contentUrl\":\"https:\\\/\\\/hi-nd.com\\\/wp-content\\\/uploads\\\/2022\\\/01\\\/1_Wall-casing-Advert-750x750-1.png\",\"width\":750,\"height\":750},{\"@type\":\"BreadcrumbList\",\"@id\":\"https:\\\/\\\/hi-nd.com\\\/sv\\\/produkt\\\/vaggbekladnad-advert\\\/#breadcrumb\",\"itemListElement\":[{\"@type\":\"ListItem\",\"position\":1,\"name\":\"Home\",\"item\":\"https:\\\/\\\/hi-nd.com\\\/sv\\\/\"},{\"@type\":\"ListItem\",\"position\":2,\"name\":\"Butik\",\"item\":\"https:\\\/\\\/hi-nd.com\\\/sv\\\/butik\\\/\"},{\"@type\":\"ListItem\",\"position\":3,\"name\":\"Wall Casing ADVERT\"}]},{\"@type\":\"WebSite\",\"@id\":\"https:\\\/\\\/hi-nd.com\\\/#website\",\"url\":\"https:\\\/\\\/hi-nd.com\\\/\",\"name\":\"HI-ND\",\"description\":\"Mounting Solutions\",\"potentialAction\":[{\"@type\":\"SearchAction\",\"target\":{\"@type\":\"EntryPoint\",\"urlTemplate\":\"https:\\\/\\\/hi-nd.com\\\/?s={search_term_string}\"},\"query-input\":{\"@type\":\"PropertyValueSpecification\",\"valueRequired\":true,\"valueName\":\"search_term_string\"}}],\"inLanguage\":\"sv-SE\"}]}<\/script>\n<!-- \/ Yoast SEO plugin. -->","yoast_head_json":{"title":"Wall Casing ADVERT - HI-ND","description":"Wall Casing ADvert \u00e4r utformat f\u00f6r reklam\u00e4ndam\u00e5l. M\u00f6jlighet att anv\u00e4nda ett h\u00e4rdat glas eller h\u00e5rdbelagd plexi med digitalt tryck.","robots":{"index":"index","follow":"follow","max-snippet":"max-snippet:-1","max-image-preview":"max-image-preview:large","max-video-preview":"max-video-preview:-1"},"canonical":"https:\/\/hi-nd.com\/sv\/produkt\/vaggbekladnad-advert\/","og_locale":"sv_SE","og_type":"article","og_title":"Wall Casing ADVERT - HI-ND","og_description":"Wall Casing ADvert \u00e4r utformat f\u00f6r reklam\u00e4ndam\u00e5l. M\u00f6jlighet att anv\u00e4nda ett h\u00e4rdat glas eller h\u00e5rdbelagd plexi med digitalt tryck.","og_url":"https:\/\/hi-nd.com\/sv\/produkt\/vaggbekladnad-advert\/","og_site_name":"HI-ND","article_modified_time":"2024-02-22T20:20:45+00:00","og_image":[{"width":750,"height":750,"url":"https:\/\/hi-nd.com\/wp-content\/uploads\/2022\/01\/1_Wall-casing-Advert-750x750-1.png","type":"image\/png"}],"twitter_card":"summary_large_image","twitter_misc":{"Ber\u00e4knad l\u00e4stid":"1 minut"},"schema":{"@context":"https:\/\/schema.org","@graph":[{"@type":"WebPage","@id":"https:\/\/hi-nd.com\/sv\/produkt\/vaggbekladnad-advert\/","url":"https:\/\/hi-nd.com\/sv\/produkt\/vaggbekladnad-advert\/","name":"Wall Casing ADVERT - HI-ND","isPartOf":{"@id":"https:\/\/hi-nd.com\/#website"},"primaryImageOfPage":{"@id":"https:\/\/hi-nd.com\/sv\/produkt\/vaggbekladnad-advert\/#primaryimage"},"image":{"@id":"https:\/\/hi-nd.com\/sv\/produkt\/vaggbekladnad-advert\/#primaryimage"},"thumbnailUrl":"https:\/\/hi-nd.com\/wp-content\/uploads\/2022\/01\/1_Wall-casing-Advert-750x750-1.png","datePublished":"2022-01-20T22:09:11+00:00","dateModified":"2024-02-22T20:20:45+00:00","description":"Wall Casing ADvert \u00e4r utformat f\u00f6r reklam\u00e4ndam\u00e5l. M\u00f6jlighet att anv\u00e4nda ett h\u00e4rdat glas eller h\u00e5rdbelagd plexi med digitalt tryck.","breadcrumb":{"@id":"https:\/\/hi-nd.com\/sv\/produkt\/vaggbekladnad-advert\/#breadcrumb"},"inLanguage":"sv-SE","potentialAction":[{"@type":"ReadAction","target":["https:\/\/hi-nd.com\/sv\/produkt\/vaggbekladnad-advert\/"]}]},{"@type":"ImageObject","inLanguage":"sv-SE","@id":"https:\/\/hi-nd.com\/sv\/produkt\/vaggbekladnad-advert\/#primaryimage","url":"https:\/\/hi-nd.com\/wp-content\/uploads\/2022\/01\/1_Wall-casing-Advert-750x750-1.png","contentUrl":"https:\/\/hi-nd.com\/wp-content\/uploads\/2022\/01\/1_Wall-casing-Advert-750x750-1.png","width":750,"height":750},{"@type":"BreadcrumbList","@id":"https:\/\/hi-nd.com\/sv\/produkt\/vaggbekladnad-advert\/#breadcrumb","itemListElement":[{"@type":"ListItem","position":1,"name":"Home","item":"https:\/\/hi-nd.com\/sv\/"},{"@type":"ListItem","position":2,"name":"Butik","item":"https:\/\/hi-nd.com\/sv\/butik\/"},{"@type":"ListItem","position":3,"name":"Wall Casing ADVERT"}]},{"@type":"WebSite","@id":"https:\/\/hi-nd.com\/#website","url":"https:\/\/hi-nd.com\/","name":"HI-ND","description":"Mounting Solutions","potentialAction":[{"@type":"SearchAction","target":{"@type":"EntryPoint","urlTemplate":"https:\/\/hi-nd.com\/?s={search_term_string}"},"query-input":{"@type":"PropertyValueSpecification","valueRequired":true,"valueName":"search_term_string"}}],"inLanguage":"sv-SE"}]}},"_links":{"self":[{"href":"https:\/\/hi-nd.com\/sv\/wp-json\/wp\/v2\/product\/5843","targetHints":{"allow":["GET"]}}],"collection":[{"href":"https:\/\/hi-nd.com\/sv\/wp-json\/wp\/v2\/product"}],"about":[{"href":"https:\/\/hi-nd.com\/sv\/wp-json\/wp\/v2\/types\/product"}],"wp:featuredmedia":[{"embeddable":true,"href":"https:\/\/hi-nd.com\/sv\/wp-json\/wp\/v2\/media\/3584"}],"wp:attachment":[{"href":"https:\/\/hi-nd.com\/sv\/wp-json\/wp\/v2\/media?parent=5843"}],"wp:term":[{"taxonomy":"product_brand","embeddable":true,"href":"https:\/\/hi-nd.com\/sv\/wp-json\/wp\/v2\/product_brand?post=5843"},{"taxonomy":"product_cat","embeddable":true,"href":"https:\/\/hi-nd.com\/sv\/wp-json\/wp\/v2\/product_cat?post=5843"},{"taxonomy":"product_tag","embeddable":true,"href":"https:\/\/hi-nd.com\/sv\/wp-json\/wp\/v2\/product_tag?post=5843"}],"curies":[{"name":"wp","href":"https:\/\/api.w.org\/{rel}","templated":true}]}}