{"id":5832,"date":"2022-01-20T17:38:50","date_gmt":"2022-01-20T16:38:50","guid":{"rendered":"https:\/\/hi-nd.com\/product\/dubbelsidig-totem\/"},"modified":"2024-05-24T14:17:58","modified_gmt":"2024-05-24T12:17:58","slug":"dubbelsidig-totem","status":"publish","type":"product","link":"https:\/\/hi-nd.com\/sv\/produkt\/dubbelsidig-totem\/","title":{"rendered":"Dubbelsidig Totem"},"content":{"rendered":"","protected":false},"excerpt":{"rendered":"<p>V\u00e5r senaste dubbelsidiga totem f\u00f6r inomhusbruk. Utformad f\u00f6r reklam i k\u00f6pcentrum. Denna Totem kan anpassas f\u00f6r att \u00e5terspegla kundens varum\u00e4rkesimage med tryckt logotyp p\u00e5 glaset. Den fr\u00e4mre accessluckan har tr\u00e4dekor men kan \u00e4ven best\u00e4llas i andra material.<\/p>\n<ul>\n<li>Accessluckan med tr\u00e4bekl\u00e4dd dekor<\/li>\n<li>Utformad f\u00f6r 55&#8243;-, 65&#8243;- och 75&#8243;-sk\u00e4rmar fr\u00e5n LG och Samsung<\/li>\n<li>Access till sk\u00e4rmar fr\u00e5n framsidan<\/li>\n<li>Extra utrymme f\u00f6r extern dator och router inuti<\/li>\n<\/ul>\n","protected":false},"featured_media":7880,"template":"","meta":[],"product_brand":[],"product_cat":[67,70],"product_tag":[],"class_list":{"0":"post-5832","1":"product","2":"type-product","3":"status-publish","4":"has-post-thumbnail","6":"product_cat-golv-sv","7":"product_cat-totem-sv","9":"first","10":"instock","11":"shipping-taxable","12":"product-type-simple"},"yoast_head":"<!-- This site is optimized with the Yoast SEO plugin v27.4 - https:\/\/yoast.com\/product\/yoast-seo-wordpress\/ -->\n<title>Dubbelsidig Totem - HI-ND<\/title>\n<meta name=\"description\" content=\"HI-ND dubbelsidig totem f\u00f6r inomhusbruk \u00e4r utformad f\u00f6r reklam i k\u00f6pcentum. Kan anpassas med unik f\u00e4rg och logotyp.\" \/>\n<meta name=\"robots\" content=\"index, follow, max-snippet:-1, max-image-preview:large, max-video-preview:-1\" \/>\n<link rel=\"canonical\" href=\"https:\/\/hi-nd.com\/sv\/produkt\/dubbelsidig-totem\/\" \/>\n<meta property=\"og:locale\" content=\"sv_SE\" \/>\n<meta property=\"og:type\" content=\"article\" \/>\n<meta property=\"og:title\" content=\"Dubbelsidig Totem - HI-ND\" \/>\n<meta property=\"og:description\" content=\"HI-ND dubbelsidig totem f\u00f6r inomhusbruk \u00e4r utformad f\u00f6r reklam i k\u00f6pcentum. Kan anpassas med unik f\u00e4rg och logotyp.\" \/>\n<meta property=\"og:url\" content=\"https:\/\/hi-nd.com\/sv\/produkt\/dubbelsidig-totem\/\" \/>\n<meta property=\"og:site_name\" content=\"HI-ND\" \/>\n<meta property=\"article:modified_time\" content=\"2024-05-24T12:17:58+00:00\" \/>\n<meta property=\"og:image\" content=\"https:\/\/hi-nd.com\/wp-content\/uploads\/2022\/01\/DT6500-07-png.png\" \/>\n\t<meta property=\"og:image:width\" content=\"750\" \/>\n\t<meta property=\"og:image:height\" content=\"750\" \/>\n\t<meta property=\"og:image:type\" content=\"image\/png\" \/>\n<meta name=\"twitter:card\" content=\"summary_large_image\" \/>\n<script type=\"application\/ld+json\" class=\"yoast-schema-graph\">{\"@context\":\"https:\\\/\\\/schema.org\",\"@graph\":[{\"@type\":\"WebPage\",\"@id\":\"https:\\\/\\\/hi-nd.com\\\/sv\\\/produkt\\\/dubbelsidig-totem\\\/\",\"url\":\"https:\\\/\\\/hi-nd.com\\\/sv\\\/produkt\\\/dubbelsidig-totem\\\/\",\"name\":\"Dubbelsidig Totem - HI-ND\",\"isPartOf\":{\"@id\":\"https:\\\/\\\/hi-nd.com\\\/#website\"},\"primaryImageOfPage\":{\"@id\":\"https:\\\/\\\/hi-nd.com\\\/sv\\\/produkt\\\/dubbelsidig-totem\\\/#primaryimage\"},\"image\":{\"@id\":\"https:\\\/\\\/hi-nd.com\\\/sv\\\/produkt\\\/dubbelsidig-totem\\\/#primaryimage\"},\"thumbnailUrl\":\"https:\\\/\\\/hi-nd.com\\\/wp-content\\\/uploads\\\/2022\\\/01\\\/DT6500-07-png.png\",\"datePublished\":\"2022-01-20T16:38:50+00:00\",\"dateModified\":\"2024-05-24T12:17:58+00:00\",\"description\":\"HI-ND dubbelsidig totem f\u00f6r inomhusbruk \u00e4r utformad f\u00f6r reklam i k\u00f6pcentum. Kan anpassas med unik f\u00e4rg och logotyp.\",\"breadcrumb\":{\"@id\":\"https:\\\/\\\/hi-nd.com\\\/sv\\\/produkt\\\/dubbelsidig-totem\\\/#breadcrumb\"},\"inLanguage\":\"sv-SE\",\"potentialAction\":[{\"@type\":\"ReadAction\",\"target\":[\"https:\\\/\\\/hi-nd.com\\\/sv\\\/produkt\\\/dubbelsidig-totem\\\/\"]}]},{\"@type\":\"ImageObject\",\"inLanguage\":\"sv-SE\",\"@id\":\"https:\\\/\\\/hi-nd.com\\\/sv\\\/produkt\\\/dubbelsidig-totem\\\/#primaryimage\",\"url\":\"https:\\\/\\\/hi-nd.com\\\/wp-content\\\/uploads\\\/2022\\\/01\\\/DT6500-07-png.png\",\"contentUrl\":\"https:\\\/\\\/hi-nd.com\\\/wp-content\\\/uploads\\\/2022\\\/01\\\/DT6500-07-png.png\",\"width\":750,\"height\":750,\"caption\":\"Dual sided totem\"},{\"@type\":\"BreadcrumbList\",\"@id\":\"https:\\\/\\\/hi-nd.com\\\/sv\\\/produkt\\\/dubbelsidig-totem\\\/#breadcrumb\",\"itemListElement\":[{\"@type\":\"ListItem\",\"position\":1,\"name\":\"Home\",\"item\":\"https:\\\/\\\/hi-nd.com\\\/sv\\\/\"},{\"@type\":\"ListItem\",\"position\":2,\"name\":\"Butik\",\"item\":\"https:\\\/\\\/hi-nd.com\\\/sv\\\/butik\\\/\"},{\"@type\":\"ListItem\",\"position\":3,\"name\":\"Dubbelsidig Totem\"}]},{\"@type\":\"WebSite\",\"@id\":\"https:\\\/\\\/hi-nd.com\\\/#website\",\"url\":\"https:\\\/\\\/hi-nd.com\\\/\",\"name\":\"HI-ND\",\"description\":\"Mounting Solutions\",\"potentialAction\":[{\"@type\":\"SearchAction\",\"target\":{\"@type\":\"EntryPoint\",\"urlTemplate\":\"https:\\\/\\\/hi-nd.com\\\/?s={search_term_string}\"},\"query-input\":{\"@type\":\"PropertyValueSpecification\",\"valueRequired\":true,\"valueName\":\"search_term_string\"}}],\"inLanguage\":\"sv-SE\"}]}<\/script>\n<!-- \/ Yoast SEO plugin. -->","yoast_head_json":{"title":"Dubbelsidig Totem - HI-ND","description":"HI-ND dubbelsidig totem f\u00f6r inomhusbruk \u00e4r utformad f\u00f6r reklam i k\u00f6pcentum. Kan anpassas med unik f\u00e4rg och logotyp.","robots":{"index":"index","follow":"follow","max-snippet":"max-snippet:-1","max-image-preview":"max-image-preview:large","max-video-preview":"max-video-preview:-1"},"canonical":"https:\/\/hi-nd.com\/sv\/produkt\/dubbelsidig-totem\/","og_locale":"sv_SE","og_type":"article","og_title":"Dubbelsidig Totem - HI-ND","og_description":"HI-ND dubbelsidig totem f\u00f6r inomhusbruk \u00e4r utformad f\u00f6r reklam i k\u00f6pcentum. Kan anpassas med unik f\u00e4rg och logotyp.","og_url":"https:\/\/hi-nd.com\/sv\/produkt\/dubbelsidig-totem\/","og_site_name":"HI-ND","article_modified_time":"2024-05-24T12:17:58+00:00","og_image":[{"width":750,"height":750,"url":"https:\/\/hi-nd.com\/wp-content\/uploads\/2022\/01\/DT6500-07-png.png","type":"image\/png"}],"twitter_card":"summary_large_image","schema":{"@context":"https:\/\/schema.org","@graph":[{"@type":"WebPage","@id":"https:\/\/hi-nd.com\/sv\/produkt\/dubbelsidig-totem\/","url":"https:\/\/hi-nd.com\/sv\/produkt\/dubbelsidig-totem\/","name":"Dubbelsidig Totem - HI-ND","isPartOf":{"@id":"https:\/\/hi-nd.com\/#website"},"primaryImageOfPage":{"@id":"https:\/\/hi-nd.com\/sv\/produkt\/dubbelsidig-totem\/#primaryimage"},"image":{"@id":"https:\/\/hi-nd.com\/sv\/produkt\/dubbelsidig-totem\/#primaryimage"},"thumbnailUrl":"https:\/\/hi-nd.com\/wp-content\/uploads\/2022\/01\/DT6500-07-png.png","datePublished":"2022-01-20T16:38:50+00:00","dateModified":"2024-05-24T12:17:58+00:00","description":"HI-ND dubbelsidig totem f\u00f6r inomhusbruk \u00e4r utformad f\u00f6r reklam i k\u00f6pcentum. Kan anpassas med unik f\u00e4rg och logotyp.","breadcrumb":{"@id":"https:\/\/hi-nd.com\/sv\/produkt\/dubbelsidig-totem\/#breadcrumb"},"inLanguage":"sv-SE","potentialAction":[{"@type":"ReadAction","target":["https:\/\/hi-nd.com\/sv\/produkt\/dubbelsidig-totem\/"]}]},{"@type":"ImageObject","inLanguage":"sv-SE","@id":"https:\/\/hi-nd.com\/sv\/produkt\/dubbelsidig-totem\/#primaryimage","url":"https:\/\/hi-nd.com\/wp-content\/uploads\/2022\/01\/DT6500-07-png.png","contentUrl":"https:\/\/hi-nd.com\/wp-content\/uploads\/2022\/01\/DT6500-07-png.png","width":750,"height":750,"caption":"Dual sided totem"},{"@type":"BreadcrumbList","@id":"https:\/\/hi-nd.com\/sv\/produkt\/dubbelsidig-totem\/#breadcrumb","itemListElement":[{"@type":"ListItem","position":1,"name":"Home","item":"https:\/\/hi-nd.com\/sv\/"},{"@type":"ListItem","position":2,"name":"Butik","item":"https:\/\/hi-nd.com\/sv\/butik\/"},{"@type":"ListItem","position":3,"name":"Dubbelsidig Totem"}]},{"@type":"WebSite","@id":"https:\/\/hi-nd.com\/#website","url":"https:\/\/hi-nd.com\/","name":"HI-ND","description":"Mounting Solutions","potentialAction":[{"@type":"SearchAction","target":{"@type":"EntryPoint","urlTemplate":"https:\/\/hi-nd.com\/?s={search_term_string}"},"query-input":{"@type":"PropertyValueSpecification","valueRequired":true,"valueName":"search_term_string"}}],"inLanguage":"sv-SE"}]}},"_links":{"self":[{"href":"https:\/\/hi-nd.com\/sv\/wp-json\/wp\/v2\/product\/5832","targetHints":{"allow":["GET"]}}],"collection":[{"href":"https:\/\/hi-nd.com\/sv\/wp-json\/wp\/v2\/product"}],"about":[{"href":"https:\/\/hi-nd.com\/sv\/wp-json\/wp\/v2\/types\/product"}],"wp:featuredmedia":[{"embeddable":true,"href":"https:\/\/hi-nd.com\/sv\/wp-json\/wp\/v2\/media\/7880"}],"wp:attachment":[{"href":"https:\/\/hi-nd.com\/sv\/wp-json\/wp\/v2\/media?parent=5832"}],"wp:term":[{"taxonomy":"product_brand","embeddable":true,"href":"https:\/\/hi-nd.com\/sv\/wp-json\/wp\/v2\/product_brand?post=5832"},{"taxonomy":"product_cat","embeddable":true,"href":"https:\/\/hi-nd.com\/sv\/wp-json\/wp\/v2\/product_cat?post=5832"},{"taxonomy":"product_tag","embeddable":true,"href":"https:\/\/hi-nd.com\/sv\/wp-json\/wp\/v2\/product_tag?post=5832"}],"curies":[{"name":"wp","href":"https:\/\/api.w.org\/{rel}","templated":true}]}}