{"id":5831,"date":"2022-01-22T20:44:40","date_gmt":"2022-01-22T19:44:40","guid":{"rendered":"https:\/\/hi-nd.com\/product\/enkel-totem-touch-for-samsung-qm55b-t\/"},"modified":"2024-02-22T21:20:26","modified_gmt":"2024-02-22T20:20:26","slug":"enkel-totem-touch-for-samsung-qm55b-t","status":"publish","type":"product","link":"https:\/\/hi-nd.com\/sv\/produkt\/enkel-totem-touch-for-samsung-qm55b-t\/","title":{"rendered":"Singel Totem Touch f\u00f6r Samsung QM55B-T"},"content":{"rendered":"<table width=\"736\">\n<tbody>\n<tr>\n<td width=\"144\">Artikelnummer<\/td>\n<td width=\"472\">Beskrivning<\/td>\n<td width=\"120\">F\u00e4rg<\/td>\n<\/tr>\n<tr>\n<td>ST5551T-02<\/td>\n<td>Singel Totem Touch 55&#8243;, portr\u00e4tt, Samsung QM55B-T<\/td>\n<td>Svart<\/td>\n<\/tr>\n<tr>\n<td>ST5551T-01<\/td>\n<td>Singel Totem Touch 55&#8243;, portr\u00e4tt, Samsung QM55B-T<\/td>\n<td>Vit<\/td>\n<\/tr>\n<\/tbody>\n<\/table>\n<p>&nbsp;<\/p>\n<p>&nbsp;<\/p>\n<p>&nbsp;<\/p>\n","protected":false},"excerpt":{"rendered":"<p>V\u00e5r Totem Touch \u00e4r avsedd f\u00f6r Samsung QM55B-T. Produkten finns i svart och vit som standardf\u00e4rger. Andra f\u00e4rger kan produceras p\u00e5 best\u00e4llning. Tillg\u00e5ng till extern utrustning under displayen. M\u00f6jliga anv\u00e4ndningsomr\u00e5den \u00e4r produktnavigering, v\u00e4gvisning och f\u00f6retagspresentationer.<\/p>\n<ul>\n<li style=\"font-weight: 400;\">Samsung QM55B-T<\/li>\n<li style=\"font-weight: 400;\">Vit och svart \u00e4r standardf\u00e4rger<\/li>\n<li style=\"font-weight: 400;\">Anpassad f\u00e4rg kan produceras mot best\u00e4llning<\/li>\n<li style=\"font-weight: 400;\">Plats f\u00f6r extern router<\/li>\n<\/ul>\n","protected":false},"featured_media":4145,"template":"","meta":[],"product_brand":[],"product_cat":[15],"product_tag":[],"class_list":{"0":"post-5831","1":"product","2":"type-product","3":"status-publish","4":"has-post-thumbnail","6":"product_cat-floor","8":"first","9":"instock","10":"shipping-taxable","11":"product-type-external"},"yoast_head":"<!-- This site is optimized with the Yoast SEO plugin v27.3 - https:\/\/yoast.com\/product\/yoast-seo-wordpress\/ -->\n<title>Singel Totem Touch f\u00f6r Samsung QM55B-T - HI-ND<\/title>\n<meta name=\"description\" content=\"V\u00e5r Totem Touch \u00e4r avsedd f\u00f6r Samsung QM55R-T. M\u00f6jliga anv\u00e4ndningsomr\u00e5den \u00e4r produktnavigering, v\u00e4gvisning och f\u00f6retagspresentationer.\" \/>\n<meta name=\"robots\" content=\"index, follow, max-snippet:-1, max-image-preview:large, max-video-preview:-1\" \/>\n<link rel=\"canonical\" href=\"https:\/\/hi-nd.com\/sv\/produkt\/enkel-totem-touch-for-samsung-qm55b-t\/\" \/>\n<meta property=\"og:locale\" content=\"sv_SE\" \/>\n<meta property=\"og:type\" content=\"article\" \/>\n<meta property=\"og:title\" content=\"Singel Totem Touch f\u00f6r Samsung QM55B-T - HI-ND\" \/>\n<meta property=\"og:description\" content=\"V\u00e5r Totem Touch \u00e4r avsedd f\u00f6r Samsung QM55R-T. M\u00f6jliga anv\u00e4ndningsomr\u00e5den \u00e4r produktnavigering, v\u00e4gvisning och f\u00f6retagspresentationer.\" \/>\n<meta property=\"og:url\" content=\"https:\/\/hi-nd.com\/sv\/produkt\/enkel-totem-touch-for-samsung-qm55b-t\/\" \/>\n<meta property=\"og:site_name\" content=\"HI-ND\" \/>\n<meta property=\"article:modified_time\" content=\"2024-02-22T20:20:26+00:00\" \/>\n<meta property=\"og:image\" content=\"https:\/\/hi-nd.com\/wp-content\/uploads\/2022\/01\/single-totem-touch.png\" \/>\n\t<meta property=\"og:image:width\" content=\"750\" \/>\n\t<meta property=\"og:image:height\" content=\"750\" \/>\n\t<meta property=\"og:image:type\" content=\"image\/png\" \/>\n<meta name=\"twitter:card\" content=\"summary_large_image\" \/>\n<script type=\"application\/ld+json\" class=\"yoast-schema-graph\">{\"@context\":\"https:\\\/\\\/schema.org\",\"@graph\":[{\"@type\":\"WebPage\",\"@id\":\"https:\\\/\\\/hi-nd.com\\\/sv\\\/produkt\\\/enkel-totem-touch-for-samsung-qm55b-t\\\/\",\"url\":\"https:\\\/\\\/hi-nd.com\\\/sv\\\/produkt\\\/enkel-totem-touch-for-samsung-qm55b-t\\\/\",\"name\":\"Singel Totem Touch f\u00f6r Samsung QM55B-T - HI-ND\",\"isPartOf\":{\"@id\":\"https:\\\/\\\/hi-nd.com\\\/#website\"},\"primaryImageOfPage\":{\"@id\":\"https:\\\/\\\/hi-nd.com\\\/sv\\\/produkt\\\/enkel-totem-touch-for-samsung-qm55b-t\\\/#primaryimage\"},\"image\":{\"@id\":\"https:\\\/\\\/hi-nd.com\\\/sv\\\/produkt\\\/enkel-totem-touch-for-samsung-qm55b-t\\\/#primaryimage\"},\"thumbnailUrl\":\"https:\\\/\\\/hi-nd.com\\\/wp-content\\\/uploads\\\/2022\\\/01\\\/single-totem-touch.png\",\"datePublished\":\"2022-01-22T19:44:40+00:00\",\"dateModified\":\"2024-02-22T20:20:26+00:00\",\"description\":\"V\u00e5r Totem Touch \u00e4r avsedd f\u00f6r Samsung QM55R-T. M\u00f6jliga anv\u00e4ndningsomr\u00e5den \u00e4r produktnavigering, v\u00e4gvisning och f\u00f6retagspresentationer.\",\"breadcrumb\":{\"@id\":\"https:\\\/\\\/hi-nd.com\\\/sv\\\/produkt\\\/enkel-totem-touch-for-samsung-qm55b-t\\\/#breadcrumb\"},\"inLanguage\":\"sv-SE\",\"potentialAction\":[{\"@type\":\"ReadAction\",\"target\":[\"https:\\\/\\\/hi-nd.com\\\/sv\\\/produkt\\\/enkel-totem-touch-for-samsung-qm55b-t\\\/\"]}]},{\"@type\":\"ImageObject\",\"inLanguage\":\"sv-SE\",\"@id\":\"https:\\\/\\\/hi-nd.com\\\/sv\\\/produkt\\\/enkel-totem-touch-for-samsung-qm55b-t\\\/#primaryimage\",\"url\":\"https:\\\/\\\/hi-nd.com\\\/wp-content\\\/uploads\\\/2022\\\/01\\\/single-totem-touch.png\",\"contentUrl\":\"https:\\\/\\\/hi-nd.com\\\/wp-content\\\/uploads\\\/2022\\\/01\\\/single-totem-touch.png\",\"width\":750,\"height\":750},{\"@type\":\"BreadcrumbList\",\"@id\":\"https:\\\/\\\/hi-nd.com\\\/sv\\\/produkt\\\/enkel-totem-touch-for-samsung-qm55b-t\\\/#breadcrumb\",\"itemListElement\":[{\"@type\":\"ListItem\",\"position\":1,\"name\":\"Home\",\"item\":\"https:\\\/\\\/hi-nd.com\\\/sv\\\/\"},{\"@type\":\"ListItem\",\"position\":2,\"name\":\"Butik\",\"item\":\"https:\\\/\\\/hi-nd.com\\\/sv\\\/butik\\\/\"},{\"@type\":\"ListItem\",\"position\":3,\"name\":\"Singel Totem Touch f\u00f6r Samsung QM55B-T\"}]},{\"@type\":\"WebSite\",\"@id\":\"https:\\\/\\\/hi-nd.com\\\/#website\",\"url\":\"https:\\\/\\\/hi-nd.com\\\/\",\"name\":\"HI-ND\",\"description\":\"Mounting Solutions\",\"potentialAction\":[{\"@type\":\"SearchAction\",\"target\":{\"@type\":\"EntryPoint\",\"urlTemplate\":\"https:\\\/\\\/hi-nd.com\\\/?s={search_term_string}\"},\"query-input\":{\"@type\":\"PropertyValueSpecification\",\"valueRequired\":true,\"valueName\":\"search_term_string\"}}],\"inLanguage\":\"sv-SE\"}]}<\/script>\n<!-- \/ Yoast SEO plugin. -->","yoast_head_json":{"title":"Singel Totem Touch f\u00f6r Samsung QM55B-T - HI-ND","description":"V\u00e5r Totem Touch \u00e4r avsedd f\u00f6r Samsung QM55R-T. M\u00f6jliga anv\u00e4ndningsomr\u00e5den \u00e4r produktnavigering, v\u00e4gvisning och f\u00f6retagspresentationer.","robots":{"index":"index","follow":"follow","max-snippet":"max-snippet:-1","max-image-preview":"max-image-preview:large","max-video-preview":"max-video-preview:-1"},"canonical":"https:\/\/hi-nd.com\/sv\/produkt\/enkel-totem-touch-for-samsung-qm55b-t\/","og_locale":"sv_SE","og_type":"article","og_title":"Singel Totem Touch f\u00f6r Samsung QM55B-T - HI-ND","og_description":"V\u00e5r Totem Touch \u00e4r avsedd f\u00f6r Samsung QM55R-T. M\u00f6jliga anv\u00e4ndningsomr\u00e5den \u00e4r produktnavigering, v\u00e4gvisning och f\u00f6retagspresentationer.","og_url":"https:\/\/hi-nd.com\/sv\/produkt\/enkel-totem-touch-for-samsung-qm55b-t\/","og_site_name":"HI-ND","article_modified_time":"2024-02-22T20:20:26+00:00","og_image":[{"width":750,"height":750,"url":"https:\/\/hi-nd.com\/wp-content\/uploads\/2022\/01\/single-totem-touch.png","type":"image\/png"}],"twitter_card":"summary_large_image","schema":{"@context":"https:\/\/schema.org","@graph":[{"@type":"WebPage","@id":"https:\/\/hi-nd.com\/sv\/produkt\/enkel-totem-touch-for-samsung-qm55b-t\/","url":"https:\/\/hi-nd.com\/sv\/produkt\/enkel-totem-touch-for-samsung-qm55b-t\/","name":"Singel Totem Touch f\u00f6r Samsung QM55B-T - HI-ND","isPartOf":{"@id":"https:\/\/hi-nd.com\/#website"},"primaryImageOfPage":{"@id":"https:\/\/hi-nd.com\/sv\/produkt\/enkel-totem-touch-for-samsung-qm55b-t\/#primaryimage"},"image":{"@id":"https:\/\/hi-nd.com\/sv\/produkt\/enkel-totem-touch-for-samsung-qm55b-t\/#primaryimage"},"thumbnailUrl":"https:\/\/hi-nd.com\/wp-content\/uploads\/2022\/01\/single-totem-touch.png","datePublished":"2022-01-22T19:44:40+00:00","dateModified":"2024-02-22T20:20:26+00:00","description":"V\u00e5r Totem Touch \u00e4r avsedd f\u00f6r Samsung QM55R-T. M\u00f6jliga anv\u00e4ndningsomr\u00e5den \u00e4r produktnavigering, v\u00e4gvisning och f\u00f6retagspresentationer.","breadcrumb":{"@id":"https:\/\/hi-nd.com\/sv\/produkt\/enkel-totem-touch-for-samsung-qm55b-t\/#breadcrumb"},"inLanguage":"sv-SE","potentialAction":[{"@type":"ReadAction","target":["https:\/\/hi-nd.com\/sv\/produkt\/enkel-totem-touch-for-samsung-qm55b-t\/"]}]},{"@type":"ImageObject","inLanguage":"sv-SE","@id":"https:\/\/hi-nd.com\/sv\/produkt\/enkel-totem-touch-for-samsung-qm55b-t\/#primaryimage","url":"https:\/\/hi-nd.com\/wp-content\/uploads\/2022\/01\/single-totem-touch.png","contentUrl":"https:\/\/hi-nd.com\/wp-content\/uploads\/2022\/01\/single-totem-touch.png","width":750,"height":750},{"@type":"BreadcrumbList","@id":"https:\/\/hi-nd.com\/sv\/produkt\/enkel-totem-touch-for-samsung-qm55b-t\/#breadcrumb","itemListElement":[{"@type":"ListItem","position":1,"name":"Home","item":"https:\/\/hi-nd.com\/sv\/"},{"@type":"ListItem","position":2,"name":"Butik","item":"https:\/\/hi-nd.com\/sv\/butik\/"},{"@type":"ListItem","position":3,"name":"Singel Totem Touch f\u00f6r Samsung QM55B-T"}]},{"@type":"WebSite","@id":"https:\/\/hi-nd.com\/#website","url":"https:\/\/hi-nd.com\/","name":"HI-ND","description":"Mounting Solutions","potentialAction":[{"@type":"SearchAction","target":{"@type":"EntryPoint","urlTemplate":"https:\/\/hi-nd.com\/?s={search_term_string}"},"query-input":{"@type":"PropertyValueSpecification","valueRequired":true,"valueName":"search_term_string"}}],"inLanguage":"sv-SE"}]}},"_links":{"self":[{"href":"https:\/\/hi-nd.com\/sv\/wp-json\/wp\/v2\/product\/5831","targetHints":{"allow":["GET"]}}],"collection":[{"href":"https:\/\/hi-nd.com\/sv\/wp-json\/wp\/v2\/product"}],"about":[{"href":"https:\/\/hi-nd.com\/sv\/wp-json\/wp\/v2\/types\/product"}],"wp:featuredmedia":[{"embeddable":true,"href":"https:\/\/hi-nd.com\/sv\/wp-json\/wp\/v2\/media\/4145"}],"wp:attachment":[{"href":"https:\/\/hi-nd.com\/sv\/wp-json\/wp\/v2\/media?parent=5831"}],"wp:term":[{"taxonomy":"product_brand","embeddable":true,"href":"https:\/\/hi-nd.com\/sv\/wp-json\/wp\/v2\/product_brand?post=5831"},{"taxonomy":"product_cat","embeddable":true,"href":"https:\/\/hi-nd.com\/sv\/wp-json\/wp\/v2\/product_cat?post=5831"},{"taxonomy":"product_tag","embeddable":true,"href":"https:\/\/hi-nd.com\/sv\/wp-json\/wp\/v2\/product_tag?post=5831"}],"curies":[{"name":"wp","href":"https:\/\/api.w.org\/{rel}","templated":true}]}}