{"id":5830,"date":"2022-01-20T17:09:52","date_gmt":"2022-01-20T16:09:52","guid":{"rendered":"https:\/\/hi-nd.com\/product\/golvstall-glas-med-holje\/"},"modified":"2024-04-17T11:52:42","modified_gmt":"2024-04-17T09:52:42","slug":"golvstall-glas-med-holje","status":"publish","type":"product","link":"https:\/\/hi-nd.com\/sv\/produkt\/golvstall-glas-med-holje\/","title":{"rendered":"Floorstand Glass Exklusiv"},"content":{"rendered":"<table width=\"855\">\n<tbody>\n<tr>\n<td width=\"130\"> Artikelnummer<\/td>\n<td width=\"600\"> Beskrivning<\/td>\n<td width=\"60\"> F\u00e4rg<\/td>\n<\/tr>\n<tr>\n<td>  FS4300-5001-01<\/td>\n<td>  Golvbord glas portr\u00e4tt med h\u00f6lje, Justerbar h\u00f6jd 40 cm, Samsung QMC, LG UH + UM<\/td>\n<td> Vit<\/td>\n<\/tr>\n<tr>\n<td>  FS4300-5001-02<\/td>\n<td>  Golvbord glas portr\u00e4tt med h\u00f6lje, Justerbar h\u00f6jd 40 cm, Samsung QMC, LG UH + UM<\/td>\n<td> Svart<\/td>\n<\/tr>\n<tr>\n<td>  FS4615-5001-01<\/td>\n<td>  Golvbord glas portr\u00e4tt med h\u00f6lje, Justerbar h\u00f6jd 40 cm, Samsung OM46B<\/td>\n<td> Vit<\/td>\n<\/tr>\n<tr>\n<td>  FS4615-5001-02<\/td>\n<td>  Golvbord glas portr\u00e4tt med h\u00f6lje, Justerbar h\u00f6jd 40 cm, Samsung OM46B<\/td>\n<td> Svart<\/td>\n<\/tr>\n<tr>\n<td>  FS4922-5001-01<\/td>\n<td>  Golvbord glas portr\u00e4tt med h\u00f6lje, Justerbar h\u00f6jd 40 cm, LG UH + UM-serien<\/td>\n<td> Vit<\/td>\n<\/tr>\n<tr>\n<td>  FS4922-5001-02<\/td>\n<td>  Golvbord glas portr\u00e4tt med h\u00f6lje, Justerbar h\u00f6jd 40 cm, LG UH + UM-serien<\/td>\n<td> Svart<\/td>\n<\/tr>\n<tr>\n<td>  FS5012-5101-01<\/td>\n<td>  Golvbord glas portr\u00e4tt med h\u00f6lje, Justerbar h\u00f6jd 40 cm, Samsung QMC<\/td>\n<td> Vit<\/td>\n<\/tr>\n<tr>\n<td>  FS5012-5101-02<\/td>\n<td>  Golvbord glas portr\u00e4tt med h\u00f6lje, Justerbar h\u00f6jd 40 cm, Samsung QMC<\/td>\n<td> Svart<\/td>\n<\/tr>\n<tr>\n<td>  FS5512-5001-01<\/td>\n<td>  Golvbord glas portr\u00e4tt med h\u00f6lje, Samsung 55&#8243; OM\/QM\/QB\/QC\/QH serie<\/td>\n<td> Vit<\/td>\n<\/tr>\n<tr>\n<td>  FS5512-5001-02<\/td>\n<td>  Golvbord glas portr\u00e4tt med h\u00f6lje, Samsung 55&#8243; OM\/QM\/QB\/QC\/QH serie<\/td>\n<td> Svart<\/td>\n<\/tr>\n<tr>\n<td>FS5525-5001-01<\/td>\n<td>  Golvst\u00e5ende glasportr\u00e4tt med h\u00f6lje, LG 55 XS2\/XS4<\/td>\n<td> Vit<\/td>\n<\/tr>\n<tr>\n<td>  FS5525-5001-02<\/td>\n<td>  Golvst\u00e5ende glasportr\u00e4tt med h\u00f6lje, LG 55 XS2\/XS4<\/td>\n<td> Svart<\/td>\n<\/tr>\n<\/tbody>\n<\/table>\n","protected":false},"excerpt":{"rendered":"<p><strong>Skapa en exklusiv look<\/strong><\/p>\n<p>V\u00e5rt Floorstand Glass har utformats f\u00f6r att erbjuda olika casings-alternativ. Vi anv\u00e4nder ett tryckt glas p\u00e5 pelaren under displayen. Denna funktion ger en exklusiv k\u00e4nsla. Perfekt i offentliga milj\u00f6er och skyltf\u00f6nster. Endast portr\u00e4ttl\u00e4ge tillg\u00e4ngligt. Nu erbjuder vi \u00e4ven ett <a href=\"https:\/\/hi-nd.com\/product\/floorstand-glass-casing\/\">justerbart golvstativ<\/a>. Den justerbara h\u00f6jden \u00e4r 40 cm. <a href=\"https:\/\/hi-nd.com\/product\/floorstand-glass-casing\/\">L\u00e4s mer h\u00e4r<\/a>.<\/p>\n<ul>\n<li>Svarta och vita f\u00e4rger som standard<\/li>\n<li>Tryckt glas under display<\/li>\n<li>Hylla inuti pelaren f\u00f6r extern mediaplayer<\/li>\n<li>Tryckt logotyp i frontglaset som tillval<\/li>\n<li>Alternativ med polykarbonatskydd framf\u00f6r displayen<\/li>\n<\/ul>\n","protected":false},"featured_media":3917,"template":"","meta":[],"product_brand":[],"product_cat":[95,67],"product_tag":[],"class_list":{"0":"post-5830","1":"product","2":"type-product","3":"status-publish","4":"has-post-thumbnail","6":"product_cat-golvstallning","7":"product_cat-golv-sv","9":"first","10":"instock","11":"shipping-taxable","12":"product-type-simple"},"yoast_head":"<!-- This site is optimized with the Yoast SEO plugin v27.3 - https:\/\/yoast.com\/product\/yoast-seo-wordpress\/ -->\n<title>Floorstand Glass Exklusiv - HI-ND<\/title>\n<meta name=\"description\" content=\"HI-ND Floorstand Glass har utformats f\u00f6r att erbjuda olika casings-alternativ. Den passar perfekt i offentliga milj\u00f6er och skyltf\u00f6nster.\" \/>\n<meta name=\"robots\" content=\"index, follow, max-snippet:-1, max-image-preview:large, max-video-preview:-1\" \/>\n<link rel=\"canonical\" href=\"https:\/\/hi-nd.com\/sv\/produkt\/golvstall-glas-med-holje\/\" \/>\n<meta property=\"og:locale\" content=\"sv_SE\" \/>\n<meta property=\"og:type\" content=\"article\" \/>\n<meta property=\"og:title\" content=\"Floorstand Glass Exklusiv - HI-ND\" \/>\n<meta property=\"og:description\" content=\"HI-ND Floorstand Glass har utformats f\u00f6r att erbjuda olika casings-alternativ. Den passar perfekt i offentliga milj\u00f6er och skyltf\u00f6nster.\" \/>\n<meta property=\"og:url\" content=\"https:\/\/hi-nd.com\/sv\/produkt\/golvstall-glas-med-holje\/\" \/>\n<meta property=\"og:site_name\" content=\"HI-ND\" \/>\n<meta property=\"article:modified_time\" content=\"2024-04-17T09:52:42+00:00\" \/>\n<meta property=\"og:image\" content=\"https:\/\/hi-nd.com\/wp-content\/uploads\/2022\/01\/FS-glass-portrait-white-web.png\" \/>\n\t<meta property=\"og:image:width\" content=\"750\" \/>\n\t<meta property=\"og:image:height\" content=\"750\" \/>\n\t<meta property=\"og:image:type\" content=\"image\/png\" \/>\n<meta name=\"twitter:card\" content=\"summary_large_image\" \/>\n<meta name=\"twitter:label1\" content=\"Ber\u00e4knad l\u00e4stid\" \/>\n\t<meta name=\"twitter:data1\" content=\"1 minut\" \/>\n<script type=\"application\/ld+json\" class=\"yoast-schema-graph\">{\"@context\":\"https:\\\/\\\/schema.org\",\"@graph\":[{\"@type\":\"WebPage\",\"@id\":\"https:\\\/\\\/hi-nd.com\\\/sv\\\/produkt\\\/golvstall-glas-med-holje\\\/\",\"url\":\"https:\\\/\\\/hi-nd.com\\\/sv\\\/produkt\\\/golvstall-glas-med-holje\\\/\",\"name\":\"Floorstand Glass Exklusiv - HI-ND\",\"isPartOf\":{\"@id\":\"https:\\\/\\\/hi-nd.com\\\/#website\"},\"primaryImageOfPage\":{\"@id\":\"https:\\\/\\\/hi-nd.com\\\/sv\\\/produkt\\\/golvstall-glas-med-holje\\\/#primaryimage\"},\"image\":{\"@id\":\"https:\\\/\\\/hi-nd.com\\\/sv\\\/produkt\\\/golvstall-glas-med-holje\\\/#primaryimage\"},\"thumbnailUrl\":\"https:\\\/\\\/hi-nd.com\\\/wp-content\\\/uploads\\\/2022\\\/01\\\/FS-glass-portrait-white-web.png\",\"datePublished\":\"2022-01-20T16:09:52+00:00\",\"dateModified\":\"2024-04-17T09:52:42+00:00\",\"description\":\"HI-ND Floorstand Glass har utformats f\u00f6r att erbjuda olika casings-alternativ. Den passar perfekt i offentliga milj\u00f6er och skyltf\u00f6nster.\",\"breadcrumb\":{\"@id\":\"https:\\\/\\\/hi-nd.com\\\/sv\\\/produkt\\\/golvstall-glas-med-holje\\\/#breadcrumb\"},\"inLanguage\":\"sv-SE\",\"potentialAction\":[{\"@type\":\"ReadAction\",\"target\":[\"https:\\\/\\\/hi-nd.com\\\/sv\\\/produkt\\\/golvstall-glas-med-holje\\\/\"]}]},{\"@type\":\"ImageObject\",\"inLanguage\":\"sv-SE\",\"@id\":\"https:\\\/\\\/hi-nd.com\\\/sv\\\/produkt\\\/golvstall-glas-med-holje\\\/#primaryimage\",\"url\":\"https:\\\/\\\/hi-nd.com\\\/wp-content\\\/uploads\\\/2022\\\/01\\\/FS-glass-portrait-white-web.png\",\"contentUrl\":\"https:\\\/\\\/hi-nd.com\\\/wp-content\\\/uploads\\\/2022\\\/01\\\/FS-glass-portrait-white-web.png\",\"width\":750,\"height\":750},{\"@type\":\"BreadcrumbList\",\"@id\":\"https:\\\/\\\/hi-nd.com\\\/sv\\\/produkt\\\/golvstall-glas-med-holje\\\/#breadcrumb\",\"itemListElement\":[{\"@type\":\"ListItem\",\"position\":1,\"name\":\"Home\",\"item\":\"https:\\\/\\\/hi-nd.com\\\/sv\\\/\"},{\"@type\":\"ListItem\",\"position\":2,\"name\":\"Butik\",\"item\":\"https:\\\/\\\/hi-nd.com\\\/sv\\\/butik\\\/\"},{\"@type\":\"ListItem\",\"position\":3,\"name\":\"Floorstand Glass Exklusiv\"}]},{\"@type\":\"WebSite\",\"@id\":\"https:\\\/\\\/hi-nd.com\\\/#website\",\"url\":\"https:\\\/\\\/hi-nd.com\\\/\",\"name\":\"HI-ND\",\"description\":\"Mounting Solutions\",\"potentialAction\":[{\"@type\":\"SearchAction\",\"target\":{\"@type\":\"EntryPoint\",\"urlTemplate\":\"https:\\\/\\\/hi-nd.com\\\/?s={search_term_string}\"},\"query-input\":{\"@type\":\"PropertyValueSpecification\",\"valueRequired\":true,\"valueName\":\"search_term_string\"}}],\"inLanguage\":\"sv-SE\"}]}<\/script>\n<!-- \/ Yoast SEO plugin. -->","yoast_head_json":{"title":"Floorstand Glass Exklusiv - HI-ND","description":"HI-ND Floorstand Glass har utformats f\u00f6r att erbjuda olika casings-alternativ. Den passar perfekt i offentliga milj\u00f6er och skyltf\u00f6nster.","robots":{"index":"index","follow":"follow","max-snippet":"max-snippet:-1","max-image-preview":"max-image-preview:large","max-video-preview":"max-video-preview:-1"},"canonical":"https:\/\/hi-nd.com\/sv\/produkt\/golvstall-glas-med-holje\/","og_locale":"sv_SE","og_type":"article","og_title":"Floorstand Glass Exklusiv - HI-ND","og_description":"HI-ND Floorstand Glass har utformats f\u00f6r att erbjuda olika casings-alternativ. Den passar perfekt i offentliga milj\u00f6er och skyltf\u00f6nster.","og_url":"https:\/\/hi-nd.com\/sv\/produkt\/golvstall-glas-med-holje\/","og_site_name":"HI-ND","article_modified_time":"2024-04-17T09:52:42+00:00","og_image":[{"width":750,"height":750,"url":"https:\/\/hi-nd.com\/wp-content\/uploads\/2022\/01\/FS-glass-portrait-white-web.png","type":"image\/png"}],"twitter_card":"summary_large_image","twitter_misc":{"Ber\u00e4knad l\u00e4stid":"1 minut"},"schema":{"@context":"https:\/\/schema.org","@graph":[{"@type":"WebPage","@id":"https:\/\/hi-nd.com\/sv\/produkt\/golvstall-glas-med-holje\/","url":"https:\/\/hi-nd.com\/sv\/produkt\/golvstall-glas-med-holje\/","name":"Floorstand Glass Exklusiv - HI-ND","isPartOf":{"@id":"https:\/\/hi-nd.com\/#website"},"primaryImageOfPage":{"@id":"https:\/\/hi-nd.com\/sv\/produkt\/golvstall-glas-med-holje\/#primaryimage"},"image":{"@id":"https:\/\/hi-nd.com\/sv\/produkt\/golvstall-glas-med-holje\/#primaryimage"},"thumbnailUrl":"https:\/\/hi-nd.com\/wp-content\/uploads\/2022\/01\/FS-glass-portrait-white-web.png","datePublished":"2022-01-20T16:09:52+00:00","dateModified":"2024-04-17T09:52:42+00:00","description":"HI-ND Floorstand Glass har utformats f\u00f6r att erbjuda olika casings-alternativ. Den passar perfekt i offentliga milj\u00f6er och skyltf\u00f6nster.","breadcrumb":{"@id":"https:\/\/hi-nd.com\/sv\/produkt\/golvstall-glas-med-holje\/#breadcrumb"},"inLanguage":"sv-SE","potentialAction":[{"@type":"ReadAction","target":["https:\/\/hi-nd.com\/sv\/produkt\/golvstall-glas-med-holje\/"]}]},{"@type":"ImageObject","inLanguage":"sv-SE","@id":"https:\/\/hi-nd.com\/sv\/produkt\/golvstall-glas-med-holje\/#primaryimage","url":"https:\/\/hi-nd.com\/wp-content\/uploads\/2022\/01\/FS-glass-portrait-white-web.png","contentUrl":"https:\/\/hi-nd.com\/wp-content\/uploads\/2022\/01\/FS-glass-portrait-white-web.png","width":750,"height":750},{"@type":"BreadcrumbList","@id":"https:\/\/hi-nd.com\/sv\/produkt\/golvstall-glas-med-holje\/#breadcrumb","itemListElement":[{"@type":"ListItem","position":1,"name":"Home","item":"https:\/\/hi-nd.com\/sv\/"},{"@type":"ListItem","position":2,"name":"Butik","item":"https:\/\/hi-nd.com\/sv\/butik\/"},{"@type":"ListItem","position":3,"name":"Floorstand Glass Exklusiv"}]},{"@type":"WebSite","@id":"https:\/\/hi-nd.com\/#website","url":"https:\/\/hi-nd.com\/","name":"HI-ND","description":"Mounting Solutions","potentialAction":[{"@type":"SearchAction","target":{"@type":"EntryPoint","urlTemplate":"https:\/\/hi-nd.com\/?s={search_term_string}"},"query-input":{"@type":"PropertyValueSpecification","valueRequired":true,"valueName":"search_term_string"}}],"inLanguage":"sv-SE"}]}},"_links":{"self":[{"href":"https:\/\/hi-nd.com\/sv\/wp-json\/wp\/v2\/product\/5830","targetHints":{"allow":["GET"]}}],"collection":[{"href":"https:\/\/hi-nd.com\/sv\/wp-json\/wp\/v2\/product"}],"about":[{"href":"https:\/\/hi-nd.com\/sv\/wp-json\/wp\/v2\/types\/product"}],"wp:featuredmedia":[{"embeddable":true,"href":"https:\/\/hi-nd.com\/sv\/wp-json\/wp\/v2\/media\/3917"}],"wp:attachment":[{"href":"https:\/\/hi-nd.com\/sv\/wp-json\/wp\/v2\/media?parent=5830"}],"wp:term":[{"taxonomy":"product_brand","embeddable":true,"href":"https:\/\/hi-nd.com\/sv\/wp-json\/wp\/v2\/product_brand?post=5830"},{"taxonomy":"product_cat","embeddable":true,"href":"https:\/\/hi-nd.com\/sv\/wp-json\/wp\/v2\/product_cat?post=5830"},{"taxonomy":"product_tag","embeddable":true,"href":"https:\/\/hi-nd.com\/sv\/wp-json\/wp\/v2\/product_tag?post=5830"}],"curies":[{"name":"wp","href":"https:\/\/api.w.org\/{rel}","templated":true}]}}