{"id":5829,"date":"2022-02-09T12:56:20","date_gmt":"2022-02-09T11:56:20","guid":{"rendered":"https:\/\/hi-nd.com\/product\/vaggholje-13\/"},"modified":"2024-01-12T09:06:30","modified_gmt":"2024-01-12T08:06:30","slug":"vaggholje-13","status":"publish","type":"product","link":"https:\/\/hi-nd.com\/sv\/produkt\/vaggholje-13\/","title":{"rendered":"V\u00e4ggh\u00f6lje 13&#8243;"},"content":{"rendered":"<table style=\"height: 182px;\" width=\"687\">\n<tbody>\n<tr>\n<td width=\"129\"><strong>Artikelnummer<\/strong><\/td>\n<td width=\"366\"><strong>Beskrivning<\/strong><\/td>\n<td width=\"122\"><strong>F\u00e4rg<\/strong><\/td>\n<\/tr>\n<tr>\n<td>WC1312-5001-01<\/td>\n<td>V\u00e4ggh\u00f6lje 13&#8243;, Portr\u00e4tt\/Landskapsbild, Samsung QB13B<\/td>\n<td>Vit<\/td>\n<\/tr>\n<tr>\n<td>WC1312-5001-02<\/td>\n<td>V\u00e4ggh\u00f6lje 13&#8243;, Portr\u00e4tt\/Landskapsbild, Samsung QB13B<\/td>\n<td>Svart<\/td>\n<\/tr>\n<tr>\n<td>WC1312-5001-51<\/td>\n<td>Wall Casing 13&#8243;, Portrait\/Landscape, Samsung QB13B, h\u00e5rdbelagt plexiskydd med digitalt tryck<\/td>\n<td>Vit<\/td>\n<\/tr>\n<tr>\n<td>WC1312-5001-52<\/td>\n<td>Wall Casing 13&#8243;, Portrait\/Landscape, Samsung QB13B, h\u00e5rdbelagt plexiskydd med digitalt tryck<\/td>\n<td>Svart<\/td>\n<\/tr>\n<\/tbody>\n<\/table>\n","protected":false},"excerpt":{"rendered":"<p>Detta v\u00e4ggh\u00f6lje 13&#8243; \u00e4r utformat f\u00f6r Samsung QB13. Produkten kan anv\u00e4ndas i b\u00e5de st\u00e5ende och liggande l\u00e4ge. Som standard finns den i svart eller vitt. Vi erbjuder ocks\u00e5 kunderna m\u00f6jlighet att l\u00e4gga till ett tryckt h\u00e5rdbelagt plexiskydd framf\u00f6r sk\u00e4rmen. Detta ger din l\u00f6sning en exklusiv touch. En perfekt l\u00f6sning till exempel utanf\u00f6r hissar, konferensrum eller vid f\u00f6retagets receptioner. Produkten kan ocks\u00e5 anv\u00e4ndas tillsammans med HI-ND bordsmontering.<\/p>\n","protected":false},"featured_media":4280,"template":"","meta":[],"product_brand":[],"product_cat":[108,89],"product_tag":[],"class_list":{"0":"post-5829","1":"product","2":"type-product","3":"status-publish","4":"has-post-thumbnail","6":"product_cat-holje-sv","7":"product_cat-wall-sv","9":"first","10":"instock","11":"shipping-taxable","12":"product-type-simple"},"yoast_head":"<!-- This site is optimized with the Yoast SEO plugin v27.3 - https:\/\/yoast.com\/product\/yoast-seo-wordpress\/ -->\n<title>V\u00e4ggh\u00f6lje 13&quot; - HI-ND<\/title>\n<meta name=\"description\" content=\"Detta v\u00e4ggh\u00f6lje \u00e4r utformat f\u00f6r Samsung QB13. Produkten kan anv\u00e4ndas i b\u00e5de st\u00e5ende och liggande l\u00e4ge.\" \/>\n<meta name=\"robots\" content=\"index, follow, max-snippet:-1, max-image-preview:large, max-video-preview:-1\" \/>\n<link rel=\"canonical\" href=\"https:\/\/hi-nd.com\/sv\/produkt\/vaggholje-13\/\" \/>\n<meta property=\"og:locale\" content=\"sv_SE\" \/>\n<meta property=\"og:type\" content=\"article\" \/>\n<meta property=\"og:title\" content=\"V\u00e4ggh\u00f6lje 13&quot; - HI-ND\" \/>\n<meta property=\"og:description\" content=\"Detta v\u00e4ggh\u00f6lje \u00e4r utformat f\u00f6r Samsung QB13. Produkten kan anv\u00e4ndas i b\u00e5de st\u00e5ende och liggande l\u00e4ge.\" \/>\n<meta property=\"og:url\" content=\"https:\/\/hi-nd.com\/sv\/produkt\/vaggholje-13\/\" \/>\n<meta property=\"og:site_name\" content=\"HI-ND\" \/>\n<meta property=\"article:modified_time\" content=\"2024-01-12T08:06:30+00:00\" \/>\n<meta property=\"og:image\" content=\"https:\/\/hi-nd.com\/wp-content\/uploads\/2022\/02\/qb13-black-web.png\" \/>\n\t<meta property=\"og:image:width\" content=\"750\" \/>\n\t<meta property=\"og:image:height\" content=\"750\" \/>\n\t<meta property=\"og:image:type\" content=\"image\/png\" \/>\n<meta name=\"twitter:card\" content=\"summary_large_image\" \/>\n<script type=\"application\/ld+json\" class=\"yoast-schema-graph\">{\"@context\":\"https:\\\/\\\/schema.org\",\"@graph\":[{\"@type\":\"WebPage\",\"@id\":\"https:\\\/\\\/hi-nd.com\\\/sv\\\/produkt\\\/vaggholje-13\\\/\",\"url\":\"https:\\\/\\\/hi-nd.com\\\/sv\\\/produkt\\\/vaggholje-13\\\/\",\"name\":\"V\u00e4ggh\u00f6lje 13\\\" - HI-ND\",\"isPartOf\":{\"@id\":\"https:\\\/\\\/hi-nd.com\\\/#website\"},\"primaryImageOfPage\":{\"@id\":\"https:\\\/\\\/hi-nd.com\\\/sv\\\/produkt\\\/vaggholje-13\\\/#primaryimage\"},\"image\":{\"@id\":\"https:\\\/\\\/hi-nd.com\\\/sv\\\/produkt\\\/vaggholje-13\\\/#primaryimage\"},\"thumbnailUrl\":\"https:\\\/\\\/hi-nd.com\\\/wp-content\\\/uploads\\\/2022\\\/02\\\/qb13-black-web.png\",\"datePublished\":\"2022-02-09T11:56:20+00:00\",\"dateModified\":\"2024-01-12T08:06:30+00:00\",\"description\":\"Detta v\u00e4ggh\u00f6lje \u00e4r utformat f\u00f6r Samsung QB13. Produkten kan anv\u00e4ndas i b\u00e5de st\u00e5ende och liggande l\u00e4ge.\",\"breadcrumb\":{\"@id\":\"https:\\\/\\\/hi-nd.com\\\/sv\\\/produkt\\\/vaggholje-13\\\/#breadcrumb\"},\"inLanguage\":\"sv-SE\",\"potentialAction\":[{\"@type\":\"ReadAction\",\"target\":[\"https:\\\/\\\/hi-nd.com\\\/sv\\\/produkt\\\/vaggholje-13\\\/\"]}]},{\"@type\":\"ImageObject\",\"inLanguage\":\"sv-SE\",\"@id\":\"https:\\\/\\\/hi-nd.com\\\/sv\\\/produkt\\\/vaggholje-13\\\/#primaryimage\",\"url\":\"https:\\\/\\\/hi-nd.com\\\/wp-content\\\/uploads\\\/2022\\\/02\\\/qb13-black-web.png\",\"contentUrl\":\"https:\\\/\\\/hi-nd.com\\\/wp-content\\\/uploads\\\/2022\\\/02\\\/qb13-black-web.png\",\"width\":750,\"height\":750},{\"@type\":\"BreadcrumbList\",\"@id\":\"https:\\\/\\\/hi-nd.com\\\/sv\\\/produkt\\\/vaggholje-13\\\/#breadcrumb\",\"itemListElement\":[{\"@type\":\"ListItem\",\"position\":1,\"name\":\"Home\",\"item\":\"https:\\\/\\\/hi-nd.com\\\/sv\\\/\"},{\"@type\":\"ListItem\",\"position\":2,\"name\":\"Butik\",\"item\":\"https:\\\/\\\/hi-nd.com\\\/sv\\\/butik\\\/\"},{\"@type\":\"ListItem\",\"position\":3,\"name\":\"V\u00e4ggh\u00f6lje 13&#8243;\"}]},{\"@type\":\"WebSite\",\"@id\":\"https:\\\/\\\/hi-nd.com\\\/#website\",\"url\":\"https:\\\/\\\/hi-nd.com\\\/\",\"name\":\"HI-ND\",\"description\":\"Mounting Solutions\",\"potentialAction\":[{\"@type\":\"SearchAction\",\"target\":{\"@type\":\"EntryPoint\",\"urlTemplate\":\"https:\\\/\\\/hi-nd.com\\\/?s={search_term_string}\"},\"query-input\":{\"@type\":\"PropertyValueSpecification\",\"valueRequired\":true,\"valueName\":\"search_term_string\"}}],\"inLanguage\":\"sv-SE\"}]}<\/script>\n<!-- \/ Yoast SEO plugin. -->","yoast_head_json":{"title":"V\u00e4ggh\u00f6lje 13\" - HI-ND","description":"Detta v\u00e4ggh\u00f6lje \u00e4r utformat f\u00f6r Samsung QB13. Produkten kan anv\u00e4ndas i b\u00e5de st\u00e5ende och liggande l\u00e4ge.","robots":{"index":"index","follow":"follow","max-snippet":"max-snippet:-1","max-image-preview":"max-image-preview:large","max-video-preview":"max-video-preview:-1"},"canonical":"https:\/\/hi-nd.com\/sv\/produkt\/vaggholje-13\/","og_locale":"sv_SE","og_type":"article","og_title":"V\u00e4ggh\u00f6lje 13\" - HI-ND","og_description":"Detta v\u00e4ggh\u00f6lje \u00e4r utformat f\u00f6r Samsung QB13. Produkten kan anv\u00e4ndas i b\u00e5de st\u00e5ende och liggande l\u00e4ge.","og_url":"https:\/\/hi-nd.com\/sv\/produkt\/vaggholje-13\/","og_site_name":"HI-ND","article_modified_time":"2024-01-12T08:06:30+00:00","og_image":[{"width":750,"height":750,"url":"https:\/\/hi-nd.com\/wp-content\/uploads\/2022\/02\/qb13-black-web.png","type":"image\/png"}],"twitter_card":"summary_large_image","schema":{"@context":"https:\/\/schema.org","@graph":[{"@type":"WebPage","@id":"https:\/\/hi-nd.com\/sv\/produkt\/vaggholje-13\/","url":"https:\/\/hi-nd.com\/sv\/produkt\/vaggholje-13\/","name":"V\u00e4ggh\u00f6lje 13\" - HI-ND","isPartOf":{"@id":"https:\/\/hi-nd.com\/#website"},"primaryImageOfPage":{"@id":"https:\/\/hi-nd.com\/sv\/produkt\/vaggholje-13\/#primaryimage"},"image":{"@id":"https:\/\/hi-nd.com\/sv\/produkt\/vaggholje-13\/#primaryimage"},"thumbnailUrl":"https:\/\/hi-nd.com\/wp-content\/uploads\/2022\/02\/qb13-black-web.png","datePublished":"2022-02-09T11:56:20+00:00","dateModified":"2024-01-12T08:06:30+00:00","description":"Detta v\u00e4ggh\u00f6lje \u00e4r utformat f\u00f6r Samsung QB13. Produkten kan anv\u00e4ndas i b\u00e5de st\u00e5ende och liggande l\u00e4ge.","breadcrumb":{"@id":"https:\/\/hi-nd.com\/sv\/produkt\/vaggholje-13\/#breadcrumb"},"inLanguage":"sv-SE","potentialAction":[{"@type":"ReadAction","target":["https:\/\/hi-nd.com\/sv\/produkt\/vaggholje-13\/"]}]},{"@type":"ImageObject","inLanguage":"sv-SE","@id":"https:\/\/hi-nd.com\/sv\/produkt\/vaggholje-13\/#primaryimage","url":"https:\/\/hi-nd.com\/wp-content\/uploads\/2022\/02\/qb13-black-web.png","contentUrl":"https:\/\/hi-nd.com\/wp-content\/uploads\/2022\/02\/qb13-black-web.png","width":750,"height":750},{"@type":"BreadcrumbList","@id":"https:\/\/hi-nd.com\/sv\/produkt\/vaggholje-13\/#breadcrumb","itemListElement":[{"@type":"ListItem","position":1,"name":"Home","item":"https:\/\/hi-nd.com\/sv\/"},{"@type":"ListItem","position":2,"name":"Butik","item":"https:\/\/hi-nd.com\/sv\/butik\/"},{"@type":"ListItem","position":3,"name":"V\u00e4ggh\u00f6lje 13&#8243;"}]},{"@type":"WebSite","@id":"https:\/\/hi-nd.com\/#website","url":"https:\/\/hi-nd.com\/","name":"HI-ND","description":"Mounting Solutions","potentialAction":[{"@type":"SearchAction","target":{"@type":"EntryPoint","urlTemplate":"https:\/\/hi-nd.com\/?s={search_term_string}"},"query-input":{"@type":"PropertyValueSpecification","valueRequired":true,"valueName":"search_term_string"}}],"inLanguage":"sv-SE"}]}},"_links":{"self":[{"href":"https:\/\/hi-nd.com\/sv\/wp-json\/wp\/v2\/product\/5829","targetHints":{"allow":["GET"]}}],"collection":[{"href":"https:\/\/hi-nd.com\/sv\/wp-json\/wp\/v2\/product"}],"about":[{"href":"https:\/\/hi-nd.com\/sv\/wp-json\/wp\/v2\/types\/product"}],"wp:featuredmedia":[{"embeddable":true,"href":"https:\/\/hi-nd.com\/sv\/wp-json\/wp\/v2\/media\/4280"}],"wp:attachment":[{"href":"https:\/\/hi-nd.com\/sv\/wp-json\/wp\/v2\/media?parent=5829"}],"wp:term":[{"taxonomy":"product_brand","embeddable":true,"href":"https:\/\/hi-nd.com\/sv\/wp-json\/wp\/v2\/product_brand?post=5829"},{"taxonomy":"product_cat","embeddable":true,"href":"https:\/\/hi-nd.com\/sv\/wp-json\/wp\/v2\/product_cat?post=5829"},{"taxonomy":"product_tag","embeddable":true,"href":"https:\/\/hi-nd.com\/sv\/wp-json\/wp\/v2\/product_tag?post=5829"}],"curies":[{"name":"wp","href":"https:\/\/api.w.org\/{rel}","templated":true}]}}