{"id":5827,"date":"2022-01-22T20:22:13","date_gmt":"2022-01-22T19:22:13","guid":{"rendered":"https:\/\/hi-nd.com\/product\/tower\/"},"modified":"2024-02-22T21:20:19","modified_gmt":"2024-02-22T20:20:19","slug":"tower","status":"publish","type":"product","link":"https:\/\/hi-nd.com\/sv\/produkt\/tower\/","title":{"rendered":"Tower"},"content":{"rendered":"<table width=\"809\">\n<tbody>\n<tr>\n<td width=\"200\"><strong>Artikelnummer<\/strong><\/td>\n<td width=\"519\"><strong>Beskrivning<\/strong><\/td>\n<td width=\"175\"><strong>F\u00e4rg<\/strong><\/td>\n<\/tr>\n<tr>\n<td>TW5012-5001-01<\/td>\n<td>Tower 2&#215;50&#8243;, f\u00f6r Samsung QM50B, QMC<\/td>\n<td>Vit<\/td>\n<\/tr>\n<tr>\n<td>TW5012-5001-02<\/td>\n<td>Tower 2&#215;50&#8243;, f\u00f6r Samsung QM50B, QMC<\/td>\n<td>Svart<\/td>\n<\/tr>\n<\/tbody>\n<\/table>\n","protected":false},"excerpt":{"rendered":"<p style=\"font-weight: 400;\"><strong>Tower &#8211; f\u00f6r v\u00e4gvisning<\/strong><\/p>\n<p style=\"font-weight: 400;\">V\u00e5r inomhustotem, Tower, anv\u00e4nder tv\u00e5 displayer f\u00f6r dubbla budskap. Den vanligaste till\u00e4mpningen \u00e4r v\u00e4gvisning i k\u00f6pcentrum och offentliga platser. En polykarbonatskiva anv\u00e4nds f\u00f6r att skydda sk\u00e4rmen. Den \u00f6ppnas fr\u00e5n framsidan f\u00f6r installation och service av sk\u00e4rmar.<\/p>\n<ul>\n<li style=\"font-weight: 400;\">Displaystorlek 50&#8243;<\/li>\n<li style=\"font-weight: 400;\">Vit och svart \u00e4r standardf\u00e4rger<\/li>\n<li style=\"font-weight: 400;\">Unika f\u00e4rger kan best\u00e4llas<\/li>\n<li style=\"font-weight: 400;\">Skydd av polykarbonat<\/li>\n<\/ul>\n","protected":false},"featured_media":4244,"template":"","meta":[],"product_brand":[],"product_cat":[67,70],"product_tag":[],"class_list":{"0":"post-5827","1":"product","2":"type-product","3":"status-publish","4":"has-post-thumbnail","6":"product_cat-golv-sv","7":"product_cat-totem-sv","9":"first","10":"instock","11":"shipping-taxable","12":"product-type-simple"},"yoast_head":"<!-- This site is optimized with the Yoast SEO plugin v27.4 - https:\/\/yoast.com\/product\/yoast-seo-wordpress\/ -->\n<title>Tower - HI-ND<\/title>\n<meta name=\"description\" content=\"V\u00e5r inomhustotem, Tower, anv\u00e4nder tv\u00e5 displayer f\u00f6r dubbla budskap. Den vanligaste till\u00e4mpningen \u00e4r v\u00e4gvisning i k\u00f6pcentrum och offentliga platser.\" \/>\n<meta name=\"robots\" content=\"index, follow, max-snippet:-1, max-image-preview:large, max-video-preview:-1\" \/>\n<link rel=\"canonical\" href=\"https:\/\/hi-nd.com\/sv\/produkt\/tower\/\" \/>\n<meta property=\"og:locale\" content=\"sv_SE\" \/>\n<meta property=\"og:type\" content=\"article\" \/>\n<meta property=\"og:title\" content=\"Tower - HI-ND\" \/>\n<meta property=\"og:description\" content=\"V\u00e5r inomhustotem, Tower, anv\u00e4nder tv\u00e5 displayer f\u00f6r dubbla budskap. Den vanligaste till\u00e4mpningen \u00e4r v\u00e4gvisning i k\u00f6pcentrum och offentliga platser.\" \/>\n<meta property=\"og:url\" content=\"https:\/\/hi-nd.com\/sv\/produkt\/tower\/\" \/>\n<meta property=\"og:site_name\" content=\"HI-ND\" \/>\n<meta property=\"article:modified_time\" content=\"2024-02-22T20:20:19+00:00\" \/>\n<meta property=\"og:image\" content=\"https:\/\/hi-nd.com\/wp-content\/uploads\/2022\/01\/TW4312-5001-06.jpg\" \/>\n\t<meta property=\"og:image:width\" content=\"750\" \/>\n\t<meta property=\"og:image:height\" content=\"750\" \/>\n\t<meta property=\"og:image:type\" content=\"image\/jpeg\" \/>\n<meta name=\"twitter:card\" content=\"summary_large_image\" \/>\n<script type=\"application\/ld+json\" class=\"yoast-schema-graph\">{\"@context\":\"https:\\\/\\\/schema.org\",\"@graph\":[{\"@type\":\"WebPage\",\"@id\":\"https:\\\/\\\/hi-nd.com\\\/sv\\\/produkt\\\/tower\\\/\",\"url\":\"https:\\\/\\\/hi-nd.com\\\/sv\\\/produkt\\\/tower\\\/\",\"name\":\"Tower - HI-ND\",\"isPartOf\":{\"@id\":\"https:\\\/\\\/hi-nd.com\\\/#website\"},\"primaryImageOfPage\":{\"@id\":\"https:\\\/\\\/hi-nd.com\\\/sv\\\/produkt\\\/tower\\\/#primaryimage\"},\"image\":{\"@id\":\"https:\\\/\\\/hi-nd.com\\\/sv\\\/produkt\\\/tower\\\/#primaryimage\"},\"thumbnailUrl\":\"https:\\\/\\\/hi-nd.com\\\/wp-content\\\/uploads\\\/2022\\\/01\\\/TW4312-5001-06.jpg\",\"datePublished\":\"2022-01-22T19:22:13+00:00\",\"dateModified\":\"2024-02-22T20:20:19+00:00\",\"description\":\"V\u00e5r inomhustotem, Tower, anv\u00e4nder tv\u00e5 displayer f\u00f6r dubbla budskap. Den vanligaste till\u00e4mpningen \u00e4r v\u00e4gvisning i k\u00f6pcentrum och offentliga platser.\",\"breadcrumb\":{\"@id\":\"https:\\\/\\\/hi-nd.com\\\/sv\\\/produkt\\\/tower\\\/#breadcrumb\"},\"inLanguage\":\"sv-SE\",\"potentialAction\":[{\"@type\":\"ReadAction\",\"target\":[\"https:\\\/\\\/hi-nd.com\\\/sv\\\/produkt\\\/tower\\\/\"]}]},{\"@type\":\"ImageObject\",\"inLanguage\":\"sv-SE\",\"@id\":\"https:\\\/\\\/hi-nd.com\\\/sv\\\/produkt\\\/tower\\\/#primaryimage\",\"url\":\"https:\\\/\\\/hi-nd.com\\\/wp-content\\\/uploads\\\/2022\\\/01\\\/TW4312-5001-06.jpg\",\"contentUrl\":\"https:\\\/\\\/hi-nd.com\\\/wp-content\\\/uploads\\\/2022\\\/01\\\/TW4312-5001-06.jpg\",\"width\":750,\"height\":750},{\"@type\":\"BreadcrumbList\",\"@id\":\"https:\\\/\\\/hi-nd.com\\\/sv\\\/produkt\\\/tower\\\/#breadcrumb\",\"itemListElement\":[{\"@type\":\"ListItem\",\"position\":1,\"name\":\"Home\",\"item\":\"https:\\\/\\\/hi-nd.com\\\/sv\\\/\"},{\"@type\":\"ListItem\",\"position\":2,\"name\":\"Butik\",\"item\":\"https:\\\/\\\/hi-nd.com\\\/sv\\\/butik\\\/\"},{\"@type\":\"ListItem\",\"position\":3,\"name\":\"Tower\"}]},{\"@type\":\"WebSite\",\"@id\":\"https:\\\/\\\/hi-nd.com\\\/#website\",\"url\":\"https:\\\/\\\/hi-nd.com\\\/\",\"name\":\"HI-ND\",\"description\":\"Mounting Solutions\",\"potentialAction\":[{\"@type\":\"SearchAction\",\"target\":{\"@type\":\"EntryPoint\",\"urlTemplate\":\"https:\\\/\\\/hi-nd.com\\\/?s={search_term_string}\"},\"query-input\":{\"@type\":\"PropertyValueSpecification\",\"valueRequired\":true,\"valueName\":\"search_term_string\"}}],\"inLanguage\":\"sv-SE\"}]}<\/script>\n<!-- \/ Yoast SEO plugin. -->","yoast_head_json":{"title":"Tower - HI-ND","description":"V\u00e5r inomhustotem, Tower, anv\u00e4nder tv\u00e5 displayer f\u00f6r dubbla budskap. Den vanligaste till\u00e4mpningen \u00e4r v\u00e4gvisning i k\u00f6pcentrum och offentliga platser.","robots":{"index":"index","follow":"follow","max-snippet":"max-snippet:-1","max-image-preview":"max-image-preview:large","max-video-preview":"max-video-preview:-1"},"canonical":"https:\/\/hi-nd.com\/sv\/produkt\/tower\/","og_locale":"sv_SE","og_type":"article","og_title":"Tower - HI-ND","og_description":"V\u00e5r inomhustotem, Tower, anv\u00e4nder tv\u00e5 displayer f\u00f6r dubbla budskap. Den vanligaste till\u00e4mpningen \u00e4r v\u00e4gvisning i k\u00f6pcentrum och offentliga platser.","og_url":"https:\/\/hi-nd.com\/sv\/produkt\/tower\/","og_site_name":"HI-ND","article_modified_time":"2024-02-22T20:20:19+00:00","og_image":[{"width":750,"height":750,"url":"https:\/\/hi-nd.com\/wp-content\/uploads\/2022\/01\/TW4312-5001-06.jpg","type":"image\/jpeg"}],"twitter_card":"summary_large_image","schema":{"@context":"https:\/\/schema.org","@graph":[{"@type":"WebPage","@id":"https:\/\/hi-nd.com\/sv\/produkt\/tower\/","url":"https:\/\/hi-nd.com\/sv\/produkt\/tower\/","name":"Tower - HI-ND","isPartOf":{"@id":"https:\/\/hi-nd.com\/#website"},"primaryImageOfPage":{"@id":"https:\/\/hi-nd.com\/sv\/produkt\/tower\/#primaryimage"},"image":{"@id":"https:\/\/hi-nd.com\/sv\/produkt\/tower\/#primaryimage"},"thumbnailUrl":"https:\/\/hi-nd.com\/wp-content\/uploads\/2022\/01\/TW4312-5001-06.jpg","datePublished":"2022-01-22T19:22:13+00:00","dateModified":"2024-02-22T20:20:19+00:00","description":"V\u00e5r inomhustotem, Tower, anv\u00e4nder tv\u00e5 displayer f\u00f6r dubbla budskap. Den vanligaste till\u00e4mpningen \u00e4r v\u00e4gvisning i k\u00f6pcentrum och offentliga platser.","breadcrumb":{"@id":"https:\/\/hi-nd.com\/sv\/produkt\/tower\/#breadcrumb"},"inLanguage":"sv-SE","potentialAction":[{"@type":"ReadAction","target":["https:\/\/hi-nd.com\/sv\/produkt\/tower\/"]}]},{"@type":"ImageObject","inLanguage":"sv-SE","@id":"https:\/\/hi-nd.com\/sv\/produkt\/tower\/#primaryimage","url":"https:\/\/hi-nd.com\/wp-content\/uploads\/2022\/01\/TW4312-5001-06.jpg","contentUrl":"https:\/\/hi-nd.com\/wp-content\/uploads\/2022\/01\/TW4312-5001-06.jpg","width":750,"height":750},{"@type":"BreadcrumbList","@id":"https:\/\/hi-nd.com\/sv\/produkt\/tower\/#breadcrumb","itemListElement":[{"@type":"ListItem","position":1,"name":"Home","item":"https:\/\/hi-nd.com\/sv\/"},{"@type":"ListItem","position":2,"name":"Butik","item":"https:\/\/hi-nd.com\/sv\/butik\/"},{"@type":"ListItem","position":3,"name":"Tower"}]},{"@type":"WebSite","@id":"https:\/\/hi-nd.com\/#website","url":"https:\/\/hi-nd.com\/","name":"HI-ND","description":"Mounting Solutions","potentialAction":[{"@type":"SearchAction","target":{"@type":"EntryPoint","urlTemplate":"https:\/\/hi-nd.com\/?s={search_term_string}"},"query-input":{"@type":"PropertyValueSpecification","valueRequired":true,"valueName":"search_term_string"}}],"inLanguage":"sv-SE"}]}},"_links":{"self":[{"href":"https:\/\/hi-nd.com\/sv\/wp-json\/wp\/v2\/product\/5827","targetHints":{"allow":["GET"]}}],"collection":[{"href":"https:\/\/hi-nd.com\/sv\/wp-json\/wp\/v2\/product"}],"about":[{"href":"https:\/\/hi-nd.com\/sv\/wp-json\/wp\/v2\/types\/product"}],"wp:featuredmedia":[{"embeddable":true,"href":"https:\/\/hi-nd.com\/sv\/wp-json\/wp\/v2\/media\/4244"}],"wp:attachment":[{"href":"https:\/\/hi-nd.com\/sv\/wp-json\/wp\/v2\/media?parent=5827"}],"wp:term":[{"taxonomy":"product_brand","embeddable":true,"href":"https:\/\/hi-nd.com\/sv\/wp-json\/wp\/v2\/product_brand?post=5827"},{"taxonomy":"product_cat","embeddable":true,"href":"https:\/\/hi-nd.com\/sv\/wp-json\/wp\/v2\/product_cat?post=5827"},{"taxonomy":"product_tag","embeddable":true,"href":"https:\/\/hi-nd.com\/sv\/wp-json\/wp\/v2\/product_tag?post=5827"}],"curies":[{"name":"wp","href":"https:\/\/api.w.org\/{rel}","templated":true}]}}