{"id":5824,"date":"2022-02-03T16:52:40","date_gmt":"2022-02-03T15:52:40","guid":{"rendered":"https:\/\/hi-nd.com\/product\/standard-totem-barbart-alternativ\/"},"modified":"2025-09-10T14:43:41","modified_gmt":"2025-09-10T12:43:41","slug":"standard-totem-barbart-alternativ","status":"publish","type":"product","link":"https:\/\/hi-nd.com\/sv\/produkt\/standard-totem-barbart-alternativ\/","title":{"rendered":"Standard Totem (portabelt alternativ)"},"content":{"rendered":"<table style=\"height: 398px;\" width=\"694\">\n<tbody>\n<tr>\n<td width=\"103\">Artikelnummer<\/td>\n<td width=\"338\">Beskrivning<\/td>\n<td width=\"83\">F\u00e4rg<\/td>\n<\/tr>\n<tr>\n<td>FS2411-5001-01<\/td>\n<td>Standard Totem 24&#8243;, 3mm HC plexi, Samsung QM24C<\/td>\n<td>Vit<\/td>\n<\/tr>\n<tr>\n<td>FS2411-5001-02<\/td>\n<td>Standard Totem 24&#8243;, 3mm HC plexi, Samsung QM24C<\/td>\n<td>Svart<\/td>\n<\/tr>\n<tr>\n<td>FS3211-5001-01<\/td>\n<td>Standard Totem 32&#8243;, 3mm HC plexi, Samsung, QM32C<\/td>\n<td>Vit<\/td>\n<\/tr>\n<tr>\n<td>FS3211-5001-02<\/td>\n<td>Standard Totem 32&#8243;, 3mm HC plexi, Samsung QM32C<\/td>\n<td>Svart<\/td>\n<\/tr>\n<tr>\n<td>ST4300-5001-01<\/td>\n<td>Standard Totem 43&#8243;, 3mm HC plexi, Samsung QM43C \/ LG43UH5F<\/td>\n<td>Vit<\/td>\n<\/tr>\n<tr>\n<td>ST4300-5001-02<\/td>\n<td>Standard Totem 43&#8243;, 3mm HC plexi, Samsung QM43C \/ LG43UH5F<\/td>\n<td>Svart<\/td>\n<\/tr>\n<tr>\n<td>ST5012-5001-01<\/td>\n<td>Standard Totem 50&#8243;, 5mm HC plexi, Samsung QM50C<\/td>\n<td>Vit<\/td>\n<\/tr>\n<tr>\n<td>ST5012-5001-02<\/td>\n<td>Standard Totem 50&#8243;, 5mm HC plexi, Samsung QM50C<\/td>\n<td>Svart<\/td>\n<\/tr>\n<tr>\n<td>ST5500-6001-02<\/td>\n<td>Standard Totem 55&#8243;, 5mm HC plexi, Samsung QM55C<\/td>\n<td>Svart<\/td>\n<\/tr>\n<\/tbody>\n<\/table>\n","protected":false},"excerpt":{"rendered":"<p>V\u00e5r standardtotem finns i storlekarna 24&#8243;, 32&#8243;, 43&#8243;, 50&#8243; och 55&#8243;. Standard Totem levereras med ett h\u00e5rdbelagt plexiskydd med digitalt tryck. Luftventilationen har godk\u00e4nts av Samsung. Plats f\u00f6r router och dator p\u00e5 insidan. Access fr\u00e5n baksidan. Kontakta oss f\u00f6r att f\u00e5 mer information om utrymmet inuti<\/p>\n<p>Hjul kan l\u00e4ggas till f\u00f6r enskild totem 43&#8243;<\/p>\n<p><a href=\"https:\/\/hi-nd.com\/product\/wheels-for-mini-totem\">Mer information om hjulen hittar du h\u00e4r<\/a>.<\/p>\n<ul>\n<li>Storlekarna 24&#8243;, 32&#8243;, 43&#8243;, 50&#8243;, 55&#8243;<\/li>\n<li>Tillval med hjul f\u00f6r Standard Totem 43&#8243;<\/li>\n<li>H\u00e5rt belagd plexi med digitalt tryck<\/li>\n<li>Plats f\u00f6r router och dator<\/li>\n<li>Svart och vit som standardf\u00e4rger<\/li>\n<li>Andra f\u00e4rger p\u00e5 beg\u00e4ran<\/li>\n<li>Tryckt logotyp kan erbjudas<\/li>\n<\/ul>\n","protected":false},"featured_media":5069,"template":"","meta":[],"product_brand":[],"product_cat":[67,70],"product_tag":[],"class_list":{"0":"post-5824","1":"product","2":"type-product","3":"status-publish","4":"has-post-thumbnail","6":"product_cat-golv-sv","7":"product_cat-totem-sv","9":"first","10":"instock","11":"shipping-taxable","12":"product-type-simple"},"yoast_head":"<!-- This site is optimized with the Yoast SEO plugin v27.3 - https:\/\/yoast.com\/product\/yoast-seo-wordpress\/ -->\n<title>Standard Totem (portabelt alternativ) - HI-ND<\/title>\n<meta name=\"description\" content=\"Standard totem tillh\u00f6r v\u00e5r senaste serie av inomhusprodukter. Den finns i storlekarna 24, 32, 43 och 50\u2033. Printad logotyp kan l\u00e4ggas till.\" \/>\n<meta name=\"robots\" content=\"index, follow, max-snippet:-1, max-image-preview:large, max-video-preview:-1\" \/>\n<link rel=\"canonical\" href=\"https:\/\/hi-nd.com\/sv\/produkt\/standard-totem-barbart-alternativ\/\" \/>\n<meta property=\"og:locale\" content=\"sv_SE\" \/>\n<meta property=\"og:type\" content=\"article\" \/>\n<meta property=\"og:title\" content=\"Standard Totem (portabelt alternativ) - HI-ND\" \/>\n<meta property=\"og:description\" content=\"Standard totem tillh\u00f6r v\u00e5r senaste serie av inomhusprodukter. Den finns i storlekarna 24, 32, 43 och 50\u2033. Printad logotyp kan l\u00e4ggas till.\" \/>\n<meta property=\"og:url\" content=\"https:\/\/hi-nd.com\/sv\/produkt\/standard-totem-barbart-alternativ\/\" \/>\n<meta property=\"og:site_name\" content=\"HI-ND\" \/>\n<meta property=\"article:modified_time\" content=\"2025-09-10T12:43:41+00:00\" \/>\n<meta property=\"og:image\" content=\"https:\/\/hi-nd.com\/wp-content\/uploads\/2022\/02\/FS4311-16.jpg\" \/>\n\t<meta property=\"og:image:width\" content=\"750\" \/>\n\t<meta property=\"og:image:height\" content=\"750\" \/>\n\t<meta property=\"og:image:type\" content=\"image\/jpeg\" \/>\n<meta name=\"twitter:card\" content=\"summary_large_image\" \/>\n<meta name=\"twitter:label1\" content=\"Ber\u00e4knad l\u00e4stid\" \/>\n\t<meta name=\"twitter:data1\" content=\"1 minut\" \/>\n<script type=\"application\/ld+json\" class=\"yoast-schema-graph\">{\"@context\":\"https:\\\/\\\/schema.org\",\"@graph\":[{\"@type\":\"WebPage\",\"@id\":\"https:\\\/\\\/hi-nd.com\\\/sv\\\/produkt\\\/standard-totem-barbart-alternativ\\\/\",\"url\":\"https:\\\/\\\/hi-nd.com\\\/sv\\\/produkt\\\/standard-totem-barbart-alternativ\\\/\",\"name\":\"Standard Totem (portabelt alternativ) - HI-ND\",\"isPartOf\":{\"@id\":\"https:\\\/\\\/hi-nd.com\\\/#website\"},\"primaryImageOfPage\":{\"@id\":\"https:\\\/\\\/hi-nd.com\\\/sv\\\/produkt\\\/standard-totem-barbart-alternativ\\\/#primaryimage\"},\"image\":{\"@id\":\"https:\\\/\\\/hi-nd.com\\\/sv\\\/produkt\\\/standard-totem-barbart-alternativ\\\/#primaryimage\"},\"thumbnailUrl\":\"https:\\\/\\\/hi-nd.com\\\/wp-content\\\/uploads\\\/2022\\\/02\\\/FS4311-16.jpg\",\"datePublished\":\"2022-02-03T15:52:40+00:00\",\"dateModified\":\"2025-09-10T12:43:41+00:00\",\"description\":\"Standard totem tillh\u00f6r v\u00e5r senaste serie av inomhusprodukter. Den finns i storlekarna 24, 32, 43 och 50\u2033. Printad logotyp kan l\u00e4ggas till.\",\"breadcrumb\":{\"@id\":\"https:\\\/\\\/hi-nd.com\\\/sv\\\/produkt\\\/standard-totem-barbart-alternativ\\\/#breadcrumb\"},\"inLanguage\":\"sv-SE\",\"potentialAction\":[{\"@type\":\"ReadAction\",\"target\":[\"https:\\\/\\\/hi-nd.com\\\/sv\\\/produkt\\\/standard-totem-barbart-alternativ\\\/\"]}]},{\"@type\":\"ImageObject\",\"inLanguage\":\"sv-SE\",\"@id\":\"https:\\\/\\\/hi-nd.com\\\/sv\\\/produkt\\\/standard-totem-barbart-alternativ\\\/#primaryimage\",\"url\":\"https:\\\/\\\/hi-nd.com\\\/wp-content\\\/uploads\\\/2022\\\/02\\\/FS4311-16.jpg\",\"contentUrl\":\"https:\\\/\\\/hi-nd.com\\\/wp-content\\\/uploads\\\/2022\\\/02\\\/FS4311-16.jpg\",\"width\":750,\"height\":750},{\"@type\":\"BreadcrumbList\",\"@id\":\"https:\\\/\\\/hi-nd.com\\\/sv\\\/produkt\\\/standard-totem-barbart-alternativ\\\/#breadcrumb\",\"itemListElement\":[{\"@type\":\"ListItem\",\"position\":1,\"name\":\"Home\",\"item\":\"https:\\\/\\\/hi-nd.com\\\/sv\\\/\"},{\"@type\":\"ListItem\",\"position\":2,\"name\":\"Butik\",\"item\":\"https:\\\/\\\/hi-nd.com\\\/sv\\\/butik\\\/\"},{\"@type\":\"ListItem\",\"position\":3,\"name\":\"Standard Totem (portabelt alternativ)\"}]},{\"@type\":\"WebSite\",\"@id\":\"https:\\\/\\\/hi-nd.com\\\/#website\",\"url\":\"https:\\\/\\\/hi-nd.com\\\/\",\"name\":\"HI-ND\",\"description\":\"Mounting Solutions\",\"potentialAction\":[{\"@type\":\"SearchAction\",\"target\":{\"@type\":\"EntryPoint\",\"urlTemplate\":\"https:\\\/\\\/hi-nd.com\\\/?s={search_term_string}\"},\"query-input\":{\"@type\":\"PropertyValueSpecification\",\"valueRequired\":true,\"valueName\":\"search_term_string\"}}],\"inLanguage\":\"sv-SE\"}]}<\/script>\n<!-- \/ Yoast SEO plugin. -->","yoast_head_json":{"title":"Standard Totem (portabelt alternativ) - HI-ND","description":"Standard totem tillh\u00f6r v\u00e5r senaste serie av inomhusprodukter. Den finns i storlekarna 24, 32, 43 och 50\u2033. Printad logotyp kan l\u00e4ggas till.","robots":{"index":"index","follow":"follow","max-snippet":"max-snippet:-1","max-image-preview":"max-image-preview:large","max-video-preview":"max-video-preview:-1"},"canonical":"https:\/\/hi-nd.com\/sv\/produkt\/standard-totem-barbart-alternativ\/","og_locale":"sv_SE","og_type":"article","og_title":"Standard Totem (portabelt alternativ) - HI-ND","og_description":"Standard totem tillh\u00f6r v\u00e5r senaste serie av inomhusprodukter. Den finns i storlekarna 24, 32, 43 och 50\u2033. Printad logotyp kan l\u00e4ggas till.","og_url":"https:\/\/hi-nd.com\/sv\/produkt\/standard-totem-barbart-alternativ\/","og_site_name":"HI-ND","article_modified_time":"2025-09-10T12:43:41+00:00","og_image":[{"width":750,"height":750,"url":"https:\/\/hi-nd.com\/wp-content\/uploads\/2022\/02\/FS4311-16.jpg","type":"image\/jpeg"}],"twitter_card":"summary_large_image","twitter_misc":{"Ber\u00e4knad l\u00e4stid":"1 minut"},"schema":{"@context":"https:\/\/schema.org","@graph":[{"@type":"WebPage","@id":"https:\/\/hi-nd.com\/sv\/produkt\/standard-totem-barbart-alternativ\/","url":"https:\/\/hi-nd.com\/sv\/produkt\/standard-totem-barbart-alternativ\/","name":"Standard Totem (portabelt alternativ) - HI-ND","isPartOf":{"@id":"https:\/\/hi-nd.com\/#website"},"primaryImageOfPage":{"@id":"https:\/\/hi-nd.com\/sv\/produkt\/standard-totem-barbart-alternativ\/#primaryimage"},"image":{"@id":"https:\/\/hi-nd.com\/sv\/produkt\/standard-totem-barbart-alternativ\/#primaryimage"},"thumbnailUrl":"https:\/\/hi-nd.com\/wp-content\/uploads\/2022\/02\/FS4311-16.jpg","datePublished":"2022-02-03T15:52:40+00:00","dateModified":"2025-09-10T12:43:41+00:00","description":"Standard totem tillh\u00f6r v\u00e5r senaste serie av inomhusprodukter. Den finns i storlekarna 24, 32, 43 och 50\u2033. Printad logotyp kan l\u00e4ggas till.","breadcrumb":{"@id":"https:\/\/hi-nd.com\/sv\/produkt\/standard-totem-barbart-alternativ\/#breadcrumb"},"inLanguage":"sv-SE","potentialAction":[{"@type":"ReadAction","target":["https:\/\/hi-nd.com\/sv\/produkt\/standard-totem-barbart-alternativ\/"]}]},{"@type":"ImageObject","inLanguage":"sv-SE","@id":"https:\/\/hi-nd.com\/sv\/produkt\/standard-totem-barbart-alternativ\/#primaryimage","url":"https:\/\/hi-nd.com\/wp-content\/uploads\/2022\/02\/FS4311-16.jpg","contentUrl":"https:\/\/hi-nd.com\/wp-content\/uploads\/2022\/02\/FS4311-16.jpg","width":750,"height":750},{"@type":"BreadcrumbList","@id":"https:\/\/hi-nd.com\/sv\/produkt\/standard-totem-barbart-alternativ\/#breadcrumb","itemListElement":[{"@type":"ListItem","position":1,"name":"Home","item":"https:\/\/hi-nd.com\/sv\/"},{"@type":"ListItem","position":2,"name":"Butik","item":"https:\/\/hi-nd.com\/sv\/butik\/"},{"@type":"ListItem","position":3,"name":"Standard Totem (portabelt alternativ)"}]},{"@type":"WebSite","@id":"https:\/\/hi-nd.com\/#website","url":"https:\/\/hi-nd.com\/","name":"HI-ND","description":"Mounting Solutions","potentialAction":[{"@type":"SearchAction","target":{"@type":"EntryPoint","urlTemplate":"https:\/\/hi-nd.com\/?s={search_term_string}"},"query-input":{"@type":"PropertyValueSpecification","valueRequired":true,"valueName":"search_term_string"}}],"inLanguage":"sv-SE"}]}},"_links":{"self":[{"href":"https:\/\/hi-nd.com\/sv\/wp-json\/wp\/v2\/product\/5824","targetHints":{"allow":["GET"]}}],"collection":[{"href":"https:\/\/hi-nd.com\/sv\/wp-json\/wp\/v2\/product"}],"about":[{"href":"https:\/\/hi-nd.com\/sv\/wp-json\/wp\/v2\/types\/product"}],"wp:featuredmedia":[{"embeddable":true,"href":"https:\/\/hi-nd.com\/sv\/wp-json\/wp\/v2\/media\/5069"}],"wp:attachment":[{"href":"https:\/\/hi-nd.com\/sv\/wp-json\/wp\/v2\/media?parent=5824"}],"wp:term":[{"taxonomy":"product_brand","embeddable":true,"href":"https:\/\/hi-nd.com\/sv\/wp-json\/wp\/v2\/product_brand?post=5824"},{"taxonomy":"product_cat","embeddable":true,"href":"https:\/\/hi-nd.com\/sv\/wp-json\/wp\/v2\/product_cat?post=5824"},{"taxonomy":"product_tag","embeddable":true,"href":"https:\/\/hi-nd.com\/sv\/wp-json\/wp\/v2\/product_tag?post=5824"}],"curies":[{"name":"wp","href":"https:\/\/api.w.org\/{rel}","templated":true}]}}