{"id":5804,"date":"2021-11-18T21:30:40","date_gmt":"2021-11-18T20:30:40","guid":{"rendered":"https:\/\/hi-nd.com\/product\/holje-for-vagg-easy\/"},"modified":"2024-06-12T15:38:53","modified_gmt":"2024-06-12T13:38:53","slug":"holje-for-vagg-easy","status":"publish","type":"product","link":"https:\/\/hi-nd.com\/sv\/produkt\/holje-for-vagg-easy\/","title":{"rendered":"H\u00f6lje f\u00f6r v\u00e4gg EASY"},"content":{"rendered":"<table width=\"987\">\n<tbody>\n<tr>\n<td width=\"155\"> Artikelnummer<\/td>\n<td width=\"211\"> Beskrivning<\/td>\n<td width=\"66\"> F\u00e4rg<\/td>\n<td width=\"555\">  Kompatibla sk\u00e4rmar<\/td>\n<\/tr>\n<tr>\n<td>  WC1312-5001-01<\/td>\n<td>  V\u00e4ggh\u00f6lje 13&#8243;, portr\u00e4tt<\/td>\n<td> Vit<\/td>\n<td width=\"555\">  QB13B<\/td>\n<\/tr>\n<tr>\n<td>  WC2412-5001-01<\/td>\n<td>  V\u00e4ggh\u00f6lje 24&#8243;, portr\u00e4tt<\/td>\n<td> Vit<\/td>\n<td width=\"555\">  QB24B<\/td>\n<\/tr>\n<tr>\n<td>  WC3200-5001-01<\/td>\n<td>  V\u00e4ggh\u00f6lje 32&#8243;, portr\u00e4tt<\/td>\n<td> Vit<\/td>\n<td width=\"555\">  QM32B\/ LH32QMC<\/td>\n<\/tr>\n<tr>\n<td>  WC4300-5001-01<\/td>\n<td>  V\u00e4ggh\u00f6lje 43&#8243;, portr\u00e4tt<\/td>\n<td> Vit<\/td>\n<td width=\"555\">  LH43QMC\/ LG 43UH7J-H, 43UH5N-E, 43UM5N-H<\/td>\n<\/tr>\n<tr>\n<td>  WC4900-5001-01<\/td>\n<td>  V\u00e4ggh\u00f6lje 49&#8243;, portr\u00e4tt<\/td>\n<td> Vit<\/td>\n<td width=\"555\">  LG 49UH7J-H, 49UH5N-E, 49UM5N-H<\/td>\n<\/tr>\n<tr>\n<td>  WC5012-5101-01<\/td>\n<td>  V\u00e4ggh\u00f6lje 50&#8243;, Portr\u00e4tt<\/td>\n<td> Vit<\/td>\n<td width=\"555\">  LH50QMC<\/td>\n<\/tr>\n<tr>\n<td>  WC5500-5001-01<\/td>\n<td>  V\u00e4ggh\u00f6lje 55&#8243;, portr\u00e4tt<\/td>\n<td> Vit<\/td>\n<td width=\"555\">  LH55QMC\/ LG 55UH7J-H, 55UH5N-E, 55UM5N-H<\/td>\n<\/tr>\n<tr>\n<td>  WC6500-5001-01<\/td>\n<td>  V\u00e4ggh\u00f6lje 65&#8243;, portr\u00e4tt<\/td>\n<td> Vit<\/td>\n<td width=\"555\">  LH65QMC\/ LG 65UH7J-H, 65UH5N-E, 65UM5N-H<\/td>\n<\/tr>\n<tr>\n<td>  WC7500-5001-01<\/td>\n<td>  V\u00e4ggh\u00f6lje 75&#8243;, portr\u00e4tt<\/td>\n<td> Vit<\/td>\n<td width=\"555\">  QB75B\/QM75B\/QH75B\/QMC\/ LG 75UH5F<\/td>\n<\/tr>\n<tr>\n<td>  WC8512-5001-01<\/td>\n<td>  V\u00e4ggh\u00f6lje 85&#8243;, portr\u00e4tt<\/td>\n<td> Vit<\/td>\n<td>  LH85QMC<\/td>\n<\/tr>\n<tr>\n<td>  WC9812-5001-01<\/td>\n<td>  V\u00e4ggh\u00f6lje 98&#8243;, portr\u00e4tt<\/td>\n<td> Vit<\/td>\n<td>  QM98T-B\/ LG 98UH5J-H<\/td>\n<\/tr>\n<tr>\n<td>  WC1312-5001-02<\/td>\n<td>  V\u00e4ggh\u00f6lje 13&#8243;, portr\u00e4tt<\/td>\n<td> Svart<\/td>\n<td width=\"555\">  QB13B<\/td>\n<\/tr>\n<tr>\n<td>  WC2412-5001-02<\/td>\n<td>  V\u00e4ggh\u00f6lje 24&#8243;, portr\u00e4tt<\/td>\n<td> Svart<\/td>\n<td width=\"555\">  QB24B<\/td>\n<\/tr>\n<tr>\n<td>  WC3200-5001-02<\/td>\n<td>  V\u00e4ggh\u00f6lje 32&#8243;, portr\u00e4tt<\/td>\n<td> Svart<\/td>\n<td width=\"555\">  QM32B\/ LH32QMC<\/td>\n<\/tr>\n<tr>\n<td>  WC4300-5001-02<\/td>\n<td>  V\u00e4ggh\u00f6lje 43&#8243;, portr\u00e4tt<\/td>\n<td> Svart<\/td>\n<td width=\"555\">  LH43QMC\/ LG 43UH7J-H, 43UH5N-E, 43UM5N-H<\/td>\n<\/tr>\n<tr>\n<td>  WC4900-5001-02<\/td>\n<td>  V\u00e4ggh\u00f6lje 49&#8243;, portr\u00e4tt<\/td>\n<td> Svart<\/td>\n<td width=\"555\">  LG 49UH7J-H, 49UH5N-E, 49UM5N-H<\/td>\n<\/tr>\n<tr>\n<td>  WC5012-5101-02<\/td>\n<td>  V\u00e4ggh\u00f6lje 50&#8243;, Portr\u00e4tt<\/td>\n<td> Svart<\/td>\n<td width=\"555\">  LH50QMC<\/td>\n<\/tr>\n<tr>\n<td>  WC5500-5001-02<\/td>\n<td>  V\u00e4ggh\u00f6lje 55&#8243;, portr\u00e4tt<\/td>\n<td> Svart<\/td>\n<td width=\"555\">  LH55QMC\/ LG 55UH7J-H, 55UH5N-E, 55UM5N-H<\/td>\n<\/tr>\n<tr>\n<td>  WC6500-5001-02<\/td>\n<td>  V\u00e4ggh\u00f6lje 65&#8243;, portr\u00e4tt<\/td>\n<td> Svart<\/td>\n<td width=\"555\">  LH65QMC\/ LG 65UH7J-H, 65UH5N-E, 65UM5N-H<\/td>\n<\/tr>\n<tr>\n<td>  WC7500-5001-02<\/td>\n<td>  V\u00e4ggh\u00f6lje 75&#8243;, portr\u00e4tt<\/td>\n<td> Svart<\/td>\n<td width=\"555\">  QB75B\/QM75B\/QH75B\/QMC\/ LG 75UH5F<\/td>\n<\/tr>\n<tr>\n<td>  WC8512-5001-02<\/td>\n<td>  V\u00e4ggh\u00f6lje 85&#8243;, portr\u00e4tt<\/td>\n<td> Svart<\/td>\n<td width=\"555\">  LH85QMC<\/td>\n<\/tr>\n<tr>\n<td>  WC9812-5001-02<\/td>\n<td>  V\u00e4ggh\u00f6lje 98&#8243;, portr\u00e4tt<\/td>\n<td> Svart<\/td>\n<td width=\"555\">  QM98T-B\/ LG 98UH5J-H<\/td>\n<\/tr>\n<tr>\n<td>  WC3200-0101-01<\/td>\n<td>  V\u00e4ggh\u00f6lje 32&#8243;, Landskap<\/td>\n<td> Vit<\/td>\n<td width=\"555\">  QM32C\/ LG SM5J-B<\/td>\n<\/tr>\n<tr>\n<td>  WC3712-0101-01<\/td>\n<td>  V\u00e4ggh\u00f6lje 37&#8243;, liggande<\/td>\n<td> Vit<\/td>\n<td width=\"555\">  Samsung SH37C, LG37BH7N<\/td>\n<\/tr>\n<tr>\n<td>  WC4300-0101-01<\/td>\n<td>  V\u00e4ggh\u00f6lje 43&#8243;, Landskap<\/td>\n<td> Vit<\/td>\n<td width=\"555\">  QM43C\/ LG 43UH7J-H, 43UH5N-E, 43UM5N-H<\/td>\n<\/tr>\n<tr>\n<td>  WC4900-0101-01<\/td>\n<td>  V\u00e4ggh\u00f6lje 49&#8243;, Landskap<\/td>\n<td> Vit<\/td>\n<td width=\"555\">  LG 49UH7J-H, 49UH5N-E, 49UM5N-H<\/td>\n<\/tr>\n<tr>\n<td>  WC5012-0201-01<\/td>\n<td>  V\u00e4ggh\u00f6lje 50&#8243;, Landskap<\/td>\n<td> Vit<\/td>\n<td width=\"555\">  LH50QMC<\/td>\n<\/tr>\n<tr>\n<td>  WC5500-0101-01<\/td>\n<td>  V\u00e4ggh\u00f6lje 55&#8243;, liggande<\/td>\n<td> Vit<\/td>\n<td width=\"555\">  LH55QMC\/ LG 55UH7J-H, 55UH5N-E, 55UM5N-H<\/td>\n<\/tr>\n<tr>\n<td>  WC6500-0101-01<\/td>\n<td>  V\u00e4ggh\u00f6lje 65&#8243;, liggande<\/td>\n<td> Vit<\/td>\n<td width=\"555\">  LH65QMC\/ LG 65UH7J-H, 65UH5N-E, 65UM5N-H<\/td>\n<\/tr>\n<tr>\n<td>  WC7500-0101-01<\/td>\n<td>  V\u00e4ggh\u00f6lje 75&#8243;, liggande<\/td>\n<td> Vit<\/td>\n<td width=\"555\">  QB75B\/QM75B\/QH75B\/QMC\/ LG 75UH5F<\/td>\n<\/tr>\n<tr>\n<td>  WC8512-0101-01<\/td>\n<td>  V\u00e4ggh\u00f6lje 85&#8243;, Landskap<\/td>\n<td> Vit<\/td>\n<td width=\"555\">  LH85QMC\/ LG 85UH5F<\/td>\n<\/tr>\n<tr>\n<td>  WC9812-0101-01<\/td>\n<td>  V\u00e4ggh\u00f6lje 98&#8243;, Landskap<\/td>\n<td> Vit<\/td>\n<td width=\"555\">  QM98T-B\/ LG 98UH5J-H<\/td>\n<\/tr>\n<tr>\n<td>  WC3200-0101-02<\/td>\n<td>  V\u00e4ggh\u00f6lje 32&#8243;, Landskap<\/td>\n<td> Svart<\/td>\n<td width=\"555\">  LH32QMC\/ LG SM5J-B<\/td>\n<\/tr>\n<tr>\n<td>  WC3712-0101-02<\/td>\n<td>  V\u00e4ggh\u00f6lje 37&#8243;, liggande<\/td>\n<td> Svart<\/td>\n<td width=\"555\">  Samsung SH37C, LG37BH7N<\/td>\n<\/tr>\n<tr>\n<td>  WC4300-0101-02<\/td>\n<td>  V\u00e4ggh\u00f6lje 43&#8243;, Landskap<\/td>\n<td> Svart<\/td>\n<td width=\"555\">  LH43QMC\/ LG 43UH7J-H, 43UH5N-E, 43UM5N-H<\/td>\n<\/tr>\n<tr>\n<td>  WC4900-0101-02<\/td>\n<td>  V\u00e4ggh\u00f6lje 49&#8243;, Landskap<\/td>\n<td> Svart<\/td>\n<td width=\"555\">  LG 49UH7J-H, 49UH5N-E, 49UM5N-H<\/td>\n<\/tr>\n<tr>\n<td>  WC5012-0201-02<\/td>\n<td>  V\u00e4ggh\u00f6lje 50&#8243;, Landskap<\/td>\n<td> Svart<\/td>\n<td width=\"555\">  LH50QMC<\/td>\n<\/tr>\n<tr>\n<td>  WC5500-0101-02<\/td>\n<td>  V\u00e4ggh\u00f6lje 55&#8243;, liggande<\/td>\n<td> Svart<\/td>\n<td width=\"555\">  LH55QMC\/ LG 55UH7J-H, 55UH5N-E, 55UM5N-H<\/td>\n<\/tr>\n<tr>\n<td>  WC6500-0101-02<\/td>\n<td>  V\u00e4ggh\u00f6lje 65&#8243;, liggande<\/td>\n<td> Svart<\/td>\n<td width=\"555\">  LH65QMC\/ LG 65UH7J-H, 65UH5N-E, 65UM5N-H<\/td>\n<\/tr>\n<tr>\n<td>  WC7500-0101-02<\/td>\n<td>  V\u00e4ggh\u00f6lje 75&#8243;, liggande<\/td>\n<td> Svart<\/td>\n<td width=\"555\">  QB75B\/QM75B\/QH75B\/QMC\/ LG 75UH5F<\/td>\n<\/tr>\n<tr>\n<td>  WC8512-0101-02<\/td>\n<td>  V\u00e4ggh\u00f6lje 85&#8243;, Landskap<\/td>\n<td> Svart<\/td>\n<td width=\"555\">  LH85QMC\/ LG 85UH5F<\/td>\n<\/tr>\n<tr>\n<td>  WC9812-0101-02<\/td>\n<td>  V\u00e4ggh\u00f6lje 98&#8243;, Landskap<\/td>\n<td> Svart<\/td>\n<td width=\"555\">  QM98T-B\/ LG 98UH5J-H<\/td>\n<\/tr>\n<\/tbody>\n<\/table>\n","protected":false},"excerpt":{"rendered":"<p><strong>V\u00e4ggh\u00f6ljet EASY ger en enkel och elegant l\u00f6sning f\u00f6r installation i butiker.<\/strong><\/p>\n<p>HI-ND v\u00e4ggh\u00f6lje EASY \u00e4r utformat f\u00f6r att ge en professionell k\u00e4nsla av skyltning. Olika modeller i liggande och st\u00e5ende l\u00e4ge f\u00f6r att m\u00f6jligg\u00f6ra luftfl\u00f6de fr\u00e5n topp till botten eftersom endast sidorna \u00e4r helt t\u00e4ckta mot v\u00e4ggen. Det finns plats f\u00f6r str\u00f6mkontakter inuti. Finns i svart och vitt som standard, men anpassade f\u00e4rger och material som m\u00e4ssing och rostfritt st\u00e5l kan best\u00e4llas p\u00e5 beg\u00e4ran.<\/p>\n<ul>\n<li>Utformad f\u00f6r bildsk\u00e4rmar fr\u00e5n Samsung och LG<\/li>\n<li>Utrymme f\u00f6r stickkontakter<\/li>\n<li>Integrerat displayf\u00e4ste<\/li>\n<li>Finns i olika f\u00e4rger och material<\/li>\n<\/ul>\n","protected":false},"featured_media":6608,"template":"","meta":[],"product_brand":[],"product_cat":[108,89],"product_tag":[119],"class_list":{"0":"post-5804","1":"product","2":"type-product","3":"status-publish","4":"has-post-thumbnail","6":"product_cat-holje-sv","7":"product_cat-wall-sv","8":"product_tag-vaggskarm-sv","10":"first","11":"instock","12":"shipping-taxable","13":"product-type-simple"},"yoast_head":"<!-- This site is optimized with the Yoast SEO plugin v27.3 - https:\/\/yoast.com\/product\/yoast-seo-wordpress\/ -->\n<title>H\u00f6lje f\u00f6r v\u00e4gg EASY - HI-ND<\/title>\n<meta name=\"description\" content=\"V\u00e4ggh\u00f6ljet EASY erbjuder en elegant l\u00f6sning f\u00f6r detaljhandelsbutiker. V\u00e4ggh\u00f6ljet EASY \u00e4r utformat f\u00f6r att ge en k\u00e4nsla av professionell skyltning.\" \/>\n<meta name=\"robots\" content=\"index, follow, max-snippet:-1, max-image-preview:large, max-video-preview:-1\" \/>\n<link rel=\"canonical\" href=\"https:\/\/hi-nd.com\/sv\/produkt\/holje-for-vagg-easy\/\" \/>\n<meta property=\"og:locale\" content=\"sv_SE\" \/>\n<meta property=\"og:type\" content=\"article\" \/>\n<meta property=\"og:title\" content=\"H\u00f6lje f\u00f6r v\u00e4gg EASY - HI-ND\" \/>\n<meta property=\"og:description\" content=\"V\u00e4ggh\u00f6ljet EASY erbjuder en elegant l\u00f6sning f\u00f6r detaljhandelsbutiker. V\u00e4ggh\u00f6ljet EASY \u00e4r utformat f\u00f6r att ge en k\u00e4nsla av professionell skyltning.\" \/>\n<meta property=\"og:url\" content=\"https:\/\/hi-nd.com\/sv\/produkt\/holje-for-vagg-easy\/\" \/>\n<meta property=\"og:site_name\" content=\"HI-ND\" \/>\n<meta property=\"article:modified_time\" content=\"2024-06-12T13:38:53+00:00\" \/>\n<meta property=\"og:image\" content=\"https:\/\/hi-nd.com\/wp-content\/uploads\/2021\/11\/WC8512-5001-01-750x750-1.jpg\" \/>\n\t<meta property=\"og:image:width\" content=\"750\" \/>\n\t<meta property=\"og:image:height\" content=\"750\" \/>\n\t<meta property=\"og:image:type\" content=\"image\/jpeg\" \/>\n<meta name=\"twitter:card\" content=\"summary_large_image\" \/>\n<meta name=\"twitter:label1\" content=\"Ber\u00e4knad l\u00e4stid\" \/>\n\t<meta name=\"twitter:data1\" content=\"3 minuter\" \/>\n<script type=\"application\/ld+json\" class=\"yoast-schema-graph\">{\"@context\":\"https:\\\/\\\/schema.org\",\"@graph\":[{\"@type\":\"WebPage\",\"@id\":\"https:\\\/\\\/hi-nd.com\\\/sv\\\/produkt\\\/holje-for-vagg-easy\\\/\",\"url\":\"https:\\\/\\\/hi-nd.com\\\/sv\\\/produkt\\\/holje-for-vagg-easy\\\/\",\"name\":\"H\u00f6lje f\u00f6r v\u00e4gg EASY - HI-ND\",\"isPartOf\":{\"@id\":\"https:\\\/\\\/hi-nd.com\\\/#website\"},\"primaryImageOfPage\":{\"@id\":\"https:\\\/\\\/hi-nd.com\\\/sv\\\/produkt\\\/holje-for-vagg-easy\\\/#primaryimage\"},\"image\":{\"@id\":\"https:\\\/\\\/hi-nd.com\\\/sv\\\/produkt\\\/holje-for-vagg-easy\\\/#primaryimage\"},\"thumbnailUrl\":\"https:\\\/\\\/hi-nd.com\\\/wp-content\\\/uploads\\\/2021\\\/11\\\/WC8512-5001-01-750x750-1.jpg\",\"datePublished\":\"2021-11-18T20:30:40+00:00\",\"dateModified\":\"2024-06-12T13:38:53+00:00\",\"description\":\"V\u00e4ggh\u00f6ljet EASY erbjuder en elegant l\u00f6sning f\u00f6r detaljhandelsbutiker. V\u00e4ggh\u00f6ljet EASY \u00e4r utformat f\u00f6r att ge en k\u00e4nsla av professionell skyltning.\",\"breadcrumb\":{\"@id\":\"https:\\\/\\\/hi-nd.com\\\/sv\\\/produkt\\\/holje-for-vagg-easy\\\/#breadcrumb\"},\"inLanguage\":\"sv-SE\",\"potentialAction\":[{\"@type\":\"ReadAction\",\"target\":[\"https:\\\/\\\/hi-nd.com\\\/sv\\\/produkt\\\/holje-for-vagg-easy\\\/\"]}]},{\"@type\":\"ImageObject\",\"inLanguage\":\"sv-SE\",\"@id\":\"https:\\\/\\\/hi-nd.com\\\/sv\\\/produkt\\\/holje-for-vagg-easy\\\/#primaryimage\",\"url\":\"https:\\\/\\\/hi-nd.com\\\/wp-content\\\/uploads\\\/2021\\\/11\\\/WC8512-5001-01-750x750-1.jpg\",\"contentUrl\":\"https:\\\/\\\/hi-nd.com\\\/wp-content\\\/uploads\\\/2021\\\/11\\\/WC8512-5001-01-750x750-1.jpg\",\"width\":750,\"height\":750,\"caption\":\"V\u00e4ggh\u00f6lje\"},{\"@type\":\"BreadcrumbList\",\"@id\":\"https:\\\/\\\/hi-nd.com\\\/sv\\\/produkt\\\/holje-for-vagg-easy\\\/#breadcrumb\",\"itemListElement\":[{\"@type\":\"ListItem\",\"position\":1,\"name\":\"Home\",\"item\":\"https:\\\/\\\/hi-nd.com\\\/sv\\\/\"},{\"@type\":\"ListItem\",\"position\":2,\"name\":\"Butik\",\"item\":\"https:\\\/\\\/hi-nd.com\\\/sv\\\/butik\\\/\"},{\"@type\":\"ListItem\",\"position\":3,\"name\":\"H\u00f6lje f\u00f6r v\u00e4gg EASY\"}]},{\"@type\":\"WebSite\",\"@id\":\"https:\\\/\\\/hi-nd.com\\\/#website\",\"url\":\"https:\\\/\\\/hi-nd.com\\\/\",\"name\":\"HI-ND\",\"description\":\"Mounting Solutions\",\"potentialAction\":[{\"@type\":\"SearchAction\",\"target\":{\"@type\":\"EntryPoint\",\"urlTemplate\":\"https:\\\/\\\/hi-nd.com\\\/?s={search_term_string}\"},\"query-input\":{\"@type\":\"PropertyValueSpecification\",\"valueRequired\":true,\"valueName\":\"search_term_string\"}}],\"inLanguage\":\"sv-SE\"}]}<\/script>\n<!-- \/ Yoast SEO plugin. -->","yoast_head_json":{"title":"H\u00f6lje f\u00f6r v\u00e4gg EASY - HI-ND","description":"V\u00e4ggh\u00f6ljet EASY erbjuder en elegant l\u00f6sning f\u00f6r detaljhandelsbutiker. V\u00e4ggh\u00f6ljet EASY \u00e4r utformat f\u00f6r att ge en k\u00e4nsla av professionell skyltning.","robots":{"index":"index","follow":"follow","max-snippet":"max-snippet:-1","max-image-preview":"max-image-preview:large","max-video-preview":"max-video-preview:-1"},"canonical":"https:\/\/hi-nd.com\/sv\/produkt\/holje-for-vagg-easy\/","og_locale":"sv_SE","og_type":"article","og_title":"H\u00f6lje f\u00f6r v\u00e4gg EASY - HI-ND","og_description":"V\u00e4ggh\u00f6ljet EASY erbjuder en elegant l\u00f6sning f\u00f6r detaljhandelsbutiker. V\u00e4ggh\u00f6ljet EASY \u00e4r utformat f\u00f6r att ge en k\u00e4nsla av professionell skyltning.","og_url":"https:\/\/hi-nd.com\/sv\/produkt\/holje-for-vagg-easy\/","og_site_name":"HI-ND","article_modified_time":"2024-06-12T13:38:53+00:00","og_image":[{"width":750,"height":750,"url":"https:\/\/hi-nd.com\/wp-content\/uploads\/2021\/11\/WC8512-5001-01-750x750-1.jpg","type":"image\/jpeg"}],"twitter_card":"summary_large_image","twitter_misc":{"Ber\u00e4knad l\u00e4stid":"3 minuter"},"schema":{"@context":"https:\/\/schema.org","@graph":[{"@type":"WebPage","@id":"https:\/\/hi-nd.com\/sv\/produkt\/holje-for-vagg-easy\/","url":"https:\/\/hi-nd.com\/sv\/produkt\/holje-for-vagg-easy\/","name":"H\u00f6lje f\u00f6r v\u00e4gg EASY - HI-ND","isPartOf":{"@id":"https:\/\/hi-nd.com\/#website"},"primaryImageOfPage":{"@id":"https:\/\/hi-nd.com\/sv\/produkt\/holje-for-vagg-easy\/#primaryimage"},"image":{"@id":"https:\/\/hi-nd.com\/sv\/produkt\/holje-for-vagg-easy\/#primaryimage"},"thumbnailUrl":"https:\/\/hi-nd.com\/wp-content\/uploads\/2021\/11\/WC8512-5001-01-750x750-1.jpg","datePublished":"2021-11-18T20:30:40+00:00","dateModified":"2024-06-12T13:38:53+00:00","description":"V\u00e4ggh\u00f6ljet EASY erbjuder en elegant l\u00f6sning f\u00f6r detaljhandelsbutiker. V\u00e4ggh\u00f6ljet EASY \u00e4r utformat f\u00f6r att ge en k\u00e4nsla av professionell skyltning.","breadcrumb":{"@id":"https:\/\/hi-nd.com\/sv\/produkt\/holje-for-vagg-easy\/#breadcrumb"},"inLanguage":"sv-SE","potentialAction":[{"@type":"ReadAction","target":["https:\/\/hi-nd.com\/sv\/produkt\/holje-for-vagg-easy\/"]}]},{"@type":"ImageObject","inLanguage":"sv-SE","@id":"https:\/\/hi-nd.com\/sv\/produkt\/holje-for-vagg-easy\/#primaryimage","url":"https:\/\/hi-nd.com\/wp-content\/uploads\/2021\/11\/WC8512-5001-01-750x750-1.jpg","contentUrl":"https:\/\/hi-nd.com\/wp-content\/uploads\/2021\/11\/WC8512-5001-01-750x750-1.jpg","width":750,"height":750,"caption":"V\u00e4ggh\u00f6lje"},{"@type":"BreadcrumbList","@id":"https:\/\/hi-nd.com\/sv\/produkt\/holje-for-vagg-easy\/#breadcrumb","itemListElement":[{"@type":"ListItem","position":1,"name":"Home","item":"https:\/\/hi-nd.com\/sv\/"},{"@type":"ListItem","position":2,"name":"Butik","item":"https:\/\/hi-nd.com\/sv\/butik\/"},{"@type":"ListItem","position":3,"name":"H\u00f6lje f\u00f6r v\u00e4gg EASY"}]},{"@type":"WebSite","@id":"https:\/\/hi-nd.com\/#website","url":"https:\/\/hi-nd.com\/","name":"HI-ND","description":"Mounting Solutions","potentialAction":[{"@type":"SearchAction","target":{"@type":"EntryPoint","urlTemplate":"https:\/\/hi-nd.com\/?s={search_term_string}"},"query-input":{"@type":"PropertyValueSpecification","valueRequired":true,"valueName":"search_term_string"}}],"inLanguage":"sv-SE"}]}},"_links":{"self":[{"href":"https:\/\/hi-nd.com\/sv\/wp-json\/wp\/v2\/product\/5804","targetHints":{"allow":["GET"]}}],"collection":[{"href":"https:\/\/hi-nd.com\/sv\/wp-json\/wp\/v2\/product"}],"about":[{"href":"https:\/\/hi-nd.com\/sv\/wp-json\/wp\/v2\/types\/product"}],"wp:featuredmedia":[{"embeddable":true,"href":"https:\/\/hi-nd.com\/sv\/wp-json\/wp\/v2\/media\/6608"}],"wp:attachment":[{"href":"https:\/\/hi-nd.com\/sv\/wp-json\/wp\/v2\/media?parent=5804"}],"wp:term":[{"taxonomy":"product_brand","embeddable":true,"href":"https:\/\/hi-nd.com\/sv\/wp-json\/wp\/v2\/product_brand?post=5804"},{"taxonomy":"product_cat","embeddable":true,"href":"https:\/\/hi-nd.com\/sv\/wp-json\/wp\/v2\/product_cat?post=5804"},{"taxonomy":"product_tag","embeddable":true,"href":"https:\/\/hi-nd.com\/sv\/wp-json\/wp\/v2\/product_tag?post=5804"}],"curies":[{"name":"wp","href":"https:\/\/api.w.org\/{rel}","templated":true}]}}