{"id":5800,"date":"2022-01-20T16:19:24","date_gmt":"2022-01-20T15:19:24","guid":{"rendered":"https:\/\/hi-nd.com\/product\/takholje-for-samsung-och-lg\/"},"modified":"2024-06-20T15:00:04","modified_gmt":"2024-06-20T13:00:04","slug":"takholje-for-samsung-och-lg","status":"publish","type":"product","link":"https:\/\/hi-nd.com\/sv\/produkt\/takholje-for-samsung-och-lg\/","title":{"rendered":"Takh\u00f6lje f\u00f6r Samsung och LG"},"content":{"rendered":"<table style=\"height: 715px;\" width=\"850\">\n<tbody>\n<tr>\n<td width=\"110\"> Artikelnummer<\/td>\n<td width=\"600\"> Beskrivning<\/td>\n<td width=\"50\"> F\u00e4rg<\/td>\n<\/tr>\n<tr>\n<td>  CC3212-5001-01<\/td>\n<td>  Portr\u00e4tt av takh\u00f6lje f\u00f6r Samsung QM32C<\/td>\n<td> Vit<\/td>\n<\/tr>\n<tr>\n<td>  CC3212-5001-02<\/td>\n<td>  Portr\u00e4tt av takh\u00f6lje f\u00f6r Samsung QM32C<\/td>\n<td> Svart<\/td>\n<\/tr>\n<tr>\n<td>  CC3221-5001-01<\/td>\n<td>  Portr\u00e4tt av takh\u00f6lje f\u00f6r LG 32SM5JB<\/td>\n<td> Vit<\/td>\n<\/tr>\n<tr>\n<td>  CC3221-5001-02<\/td>\n<td>  Portr\u00e4tt av takh\u00f6lje f\u00f6r LG 32SM5JB<\/td>\n<td> Svart<\/td>\n<\/tr>\n<tr>\n<td>  CC4300-5001-01<\/td>\n<td>  Portr\u00e4ttformat takh\u00f6lje f\u00f6r Samsung QB43, QM43, QM43C, LG43UH<\/td>\n<td> Vit<\/td>\n<\/tr>\n<tr>\n<td>  CC4300-5001-02<\/td>\n<td>  Portr\u00e4ttformat takh\u00f6lje f\u00f6r Samsung QB43, QM43, QM43C, LG43UH<\/td>\n<td> Svart<\/td>\n<\/tr>\n<tr>\n<td>  CC4900-5001-01<\/td>\n<td>  Portr\u00e4tt av takh\u00f6lje f\u00f6r LG 49UH7J-H, 49UH5N-E, 49UM5N-H<\/td>\n<td> Vit<\/td>\n<\/tr>\n<tr>\n<td>  CC4900-5001-02<\/td>\n<td>  Portr\u00e4tt av takh\u00f6lje f\u00f6r LG 49UH7J-H, 49UH5N-E, 49UM5N-H<\/td>\n<td> Svart<\/td>\n<\/tr>\n<tr>\n<td>  CC5012-5101-01<\/td>\n<td>  Portr\u00e4tt av takh\u00f6lje f\u00f6r Samsung QM50C<\/td>\n<td> Vit<\/td>\n<\/tr>\n<tr>\n<td>  CC5012-5101-02<\/td>\n<td>  Portr\u00e4tt av takh\u00f6lje f\u00f6r Samsung QM50C<\/td>\n<td> Svart<\/td>\n<\/tr>\n<tr>\n<td>  CC5500-5001-01<\/td>\n<td>  Takh\u00f6lje portr\u00e4tt f\u00f6r Samsung QB55, QM55, QM55C, LG UH7J-H, UH5N-E, UM5N-H<\/td>\n<td> Vit<\/td>\n<\/tr>\n<tr>\n<td>  CC5500-5001-02<\/td>\n<td>  Takh\u00f6lje portr\u00e4tt f\u00f6r Samsung QB55, QM55, QM55C, LG UH7J-H, UH5N-E, UM5N-H<\/td>\n<td> Svart<\/td>\n<\/tr>\n<tr>\n<td>  CC6500-5001-01<\/td>\n<td>  Takh\u00f6lje portr\u00e4tt f\u00f6r Samsung QB65, QM65, QM65C, LG UH7J-H, UH5N-E, UM5N-H<\/td>\n<td> Vit<\/td>\n<\/tr>\n<tr>\n<td>  CC6500-5001-02<\/td>\n<td>  Takh\u00f6lje portr\u00e4tt f\u00f6r Samsung QB65, QM65, QM65C, LG UH7J-H, UH5N-E, UM5N-H<\/td>\n<td> Svart<\/td>\n<\/tr>\n<tr>\n<td>  CC3212-0101-01<\/td>\n<td>  Takh\u00f6lje liggande f\u00f6r Samsung QM32B, QM32C<\/td>\n<td> Vit<\/td>\n<\/tr>\n<tr>\n<td>  CC3212-0101-02<\/td>\n<td>  Takh\u00f6lje liggande f\u00f6r Samsung QM32B, QM32C<\/td>\n<td> Svart<\/td>\n<\/tr>\n<tr>\n<td>  CC4300-0101-01<\/td>\n<td>  Takh\u00f6lje liggande f\u00f6r Samsung QB43, QM43, QM43C, LG43UH<\/td>\n<td> Vit<\/td>\n<\/tr>\n<tr>\n<td>  CC4300-0101-02<\/td>\n<td>  Takh\u00f6lje liggande f\u00f6r Samsung QB43, QM43, QM43C, LG43UH<\/td>\n<td> Svart<\/td>\n<\/tr>\n<tr>\n<td>  CC4900-0101-01<\/td>\n<td>  Takh\u00f6lje liggande f\u00f6r LG 49UH7J-H, 49UH5N-E<\/td>\n<td> Vit<\/td>\n<\/tr>\n<tr>\n<td>  CC4900-0101-02<\/td>\n<td>  Takh\u00f6lje liggande f\u00f6r LG 49UH7J-H, 49UH5N-E<\/td>\n<td> Svart<\/td>\n<\/tr>\n<tr>\n<td>  CC5012-0201-01<\/td>\n<td>  Takh\u00f6lje landskap f\u00f6r Samsung QM50C<\/td>\n<td> Vit<\/td>\n<\/tr>\n<tr>\n<td>  CC5012-0201-02<\/td>\n<td>  Takh\u00f6lje landskap f\u00f6r Samsung QM50C<\/td>\n<td> Svart<\/td>\n<\/tr>\n<tr>\n<td>  CC5500-0101-01<\/td>\n<td>  Takh\u00f6lje liggande f\u00f6r Samsung QB55, QM55, QM55C, LG UH7J-H, UH5N-E<\/td>\n<td> Vit<\/td>\n<\/tr>\n<tr>\n<td>  CC5500-0101-02<\/td>\n<td>  Takh\u00f6lje liggande f\u00f6r Samsung QB55, QM55, QM55C, LG UH7J-H, UH5N-E<\/td>\n<td> Svart<\/td>\n<\/tr>\n<tr>\n<td>  CC6500-0101-01<\/td>\n<td>  Takh\u00f6lje liggande f\u00f6r Samsung QB65, QM65, QM65C, LG UH7J-H, UH5N-E<\/td>\n<td> Vit<\/td>\n<\/tr>\n<tr>\n<td>  CC6500-0101-02<\/td>\n<td>  Takh\u00f6lje liggande f\u00f6r Samsung QB65, QM65, QM65C, LG UH7J-H, UH5N-E<\/td>\n<td> Svart<\/td>\n<\/tr>\n<\/tbody>\n<\/table>\n","protected":false},"excerpt":{"rendered":"<p>Lys upp taket med v\u00e5rt takh\u00f6lje som \u00e4r utformat f\u00f6r information och reklam i skyltf\u00f6nster och offentliga utrymmen. Den har fasade kanter och en ren baksida. Inga synliga kablar och enkel att installera. Skapa din egen stil med olika f\u00e4rger p\u00e5 pulverlackeringen<\/p>\n<ul>\n<li>Toppmonterad l\u00f6sning<\/li>\n<li>Displaystorlekar: 32\u2033, 43\u2033, 49\u2033, 50\u2033, 55\u2033, 65&#8243;<\/li>\n<li>Takf\u00e4ste eller vajer kan anv\u00e4ndas (ing\u00e5r ej)<\/li>\n<li>Landskaps- och portr\u00e4ttversion<\/li>\n<li>Fasade kanter<\/li>\n<\/ul>\n","protected":false},"featured_media":9605,"template":"","meta":[],"product_brand":[],"product_cat":[97,96],"product_tag":[],"class_list":{"0":"post-5800","1":"product","2":"type-product","3":"status-publish","4":"has-post-thumbnail","6":"product_cat-holje","7":"product_cat-tak-sv","9":"first","10":"instock","11":"shipping-taxable","12":"product-type-simple"},"yoast_head":"<!-- This site is optimized with the Yoast SEO plugin v27.3 - https:\/\/yoast.com\/product\/yoast-seo-wordpress\/ -->\n<title>Takh\u00f6lje f\u00f6r Samsung och LG - HI-ND<\/title>\n<meta name=\"description\" content=\"Lys upp taket med v\u00e5rt takh\u00f6lje som \u00e4r utformat f\u00f6r information och reklam i skyltf\u00f6nster och offentliga utrymmen.\" \/>\n<meta name=\"robots\" content=\"index, follow, max-snippet:-1, max-image-preview:large, max-video-preview:-1\" \/>\n<link rel=\"canonical\" href=\"https:\/\/hi-nd.com\/sv\/produkt\/takholje-for-samsung-och-lg\/\" \/>\n<meta property=\"og:locale\" content=\"sv_SE\" \/>\n<meta property=\"og:type\" content=\"article\" \/>\n<meta property=\"og:title\" content=\"Takh\u00f6lje f\u00f6r Samsung och LG - HI-ND\" \/>\n<meta property=\"og:description\" content=\"Lys upp taket med v\u00e5rt takh\u00f6lje som \u00e4r utformat f\u00f6r information och reklam i skyltf\u00f6nster och offentliga utrymmen.\" \/>\n<meta property=\"og:url\" content=\"https:\/\/hi-nd.com\/sv\/produkt\/takholje-for-samsung-och-lg\/\" \/>\n<meta property=\"og:site_name\" content=\"HI-ND\" \/>\n<meta property=\"article:modified_time\" content=\"2024-06-20T13:00:04+00:00\" \/>\n<meta property=\"og:image\" content=\"https:\/\/hi-nd.com\/wp-content\/uploads\/2022\/01\/TOP-CASING_RENDERS_1.jpg\" \/>\n\t<meta property=\"og:image:width\" content=\"2000\" \/>\n\t<meta property=\"og:image:height\" content=\"2000\" \/>\n\t<meta property=\"og:image:type\" content=\"image\/jpeg\" \/>\n<meta name=\"twitter:card\" content=\"summary_large_image\" \/>\n<meta name=\"twitter:label1\" content=\"Ber\u00e4knad l\u00e4stid\" \/>\n\t<meta name=\"twitter:data1\" content=\"2 minuter\" \/>\n<script type=\"application\/ld+json\" class=\"yoast-schema-graph\">{\"@context\":\"https:\\\/\\\/schema.org\",\"@graph\":[{\"@type\":\"WebPage\",\"@id\":\"https:\\\/\\\/hi-nd.com\\\/sv\\\/produkt\\\/takholje-for-samsung-och-lg\\\/\",\"url\":\"https:\\\/\\\/hi-nd.com\\\/sv\\\/produkt\\\/takholje-for-samsung-och-lg\\\/\",\"name\":\"Takh\u00f6lje f\u00f6r Samsung och LG - HI-ND\",\"isPartOf\":{\"@id\":\"https:\\\/\\\/hi-nd.com\\\/#website\"},\"primaryImageOfPage\":{\"@id\":\"https:\\\/\\\/hi-nd.com\\\/sv\\\/produkt\\\/takholje-for-samsung-och-lg\\\/#primaryimage\"},\"image\":{\"@id\":\"https:\\\/\\\/hi-nd.com\\\/sv\\\/produkt\\\/takholje-for-samsung-och-lg\\\/#primaryimage\"},\"thumbnailUrl\":\"https:\\\/\\\/hi-nd.com\\\/wp-content\\\/uploads\\\/2022\\\/01\\\/TOP-CASING_RENDERS_1.jpg\",\"datePublished\":\"2022-01-20T15:19:24+00:00\",\"dateModified\":\"2024-06-20T13:00:04+00:00\",\"description\":\"Lys upp taket med v\u00e5rt takh\u00f6lje som \u00e4r utformat f\u00f6r information och reklam i skyltf\u00f6nster och offentliga utrymmen.\",\"breadcrumb\":{\"@id\":\"https:\\\/\\\/hi-nd.com\\\/sv\\\/produkt\\\/takholje-for-samsung-och-lg\\\/#breadcrumb\"},\"inLanguage\":\"sv-SE\",\"potentialAction\":[{\"@type\":\"ReadAction\",\"target\":[\"https:\\\/\\\/hi-nd.com\\\/sv\\\/produkt\\\/takholje-for-samsung-och-lg\\\/\"]}]},{\"@type\":\"ImageObject\",\"inLanguage\":\"sv-SE\",\"@id\":\"https:\\\/\\\/hi-nd.com\\\/sv\\\/produkt\\\/takholje-for-samsung-och-lg\\\/#primaryimage\",\"url\":\"https:\\\/\\\/hi-nd.com\\\/wp-content\\\/uploads\\\/2022\\\/01\\\/TOP-CASING_RENDERS_1.jpg\",\"contentUrl\":\"https:\\\/\\\/hi-nd.com\\\/wp-content\\\/uploads\\\/2022\\\/01\\\/TOP-CASING_RENDERS_1.jpg\",\"width\":2000,\"height\":2000,\"caption\":\"Top casing\"},{\"@type\":\"BreadcrumbList\",\"@id\":\"https:\\\/\\\/hi-nd.com\\\/sv\\\/produkt\\\/takholje-for-samsung-och-lg\\\/#breadcrumb\",\"itemListElement\":[{\"@type\":\"ListItem\",\"position\":1,\"name\":\"Home\",\"item\":\"https:\\\/\\\/hi-nd.com\\\/sv\\\/\"},{\"@type\":\"ListItem\",\"position\":2,\"name\":\"Butik\",\"item\":\"https:\\\/\\\/hi-nd.com\\\/sv\\\/butik\\\/\"},{\"@type\":\"ListItem\",\"position\":3,\"name\":\"Takh\u00f6lje f\u00f6r Samsung och LG\"}]},{\"@type\":\"WebSite\",\"@id\":\"https:\\\/\\\/hi-nd.com\\\/#website\",\"url\":\"https:\\\/\\\/hi-nd.com\\\/\",\"name\":\"HI-ND\",\"description\":\"Mounting Solutions\",\"potentialAction\":[{\"@type\":\"SearchAction\",\"target\":{\"@type\":\"EntryPoint\",\"urlTemplate\":\"https:\\\/\\\/hi-nd.com\\\/?s={search_term_string}\"},\"query-input\":{\"@type\":\"PropertyValueSpecification\",\"valueRequired\":true,\"valueName\":\"search_term_string\"}}],\"inLanguage\":\"sv-SE\"}]}<\/script>\n<!-- \/ Yoast SEO plugin. -->","yoast_head_json":{"title":"Takh\u00f6lje f\u00f6r Samsung och LG - HI-ND","description":"Lys upp taket med v\u00e5rt takh\u00f6lje som \u00e4r utformat f\u00f6r information och reklam i skyltf\u00f6nster och offentliga utrymmen.","robots":{"index":"index","follow":"follow","max-snippet":"max-snippet:-1","max-image-preview":"max-image-preview:large","max-video-preview":"max-video-preview:-1"},"canonical":"https:\/\/hi-nd.com\/sv\/produkt\/takholje-for-samsung-och-lg\/","og_locale":"sv_SE","og_type":"article","og_title":"Takh\u00f6lje f\u00f6r Samsung och LG - HI-ND","og_description":"Lys upp taket med v\u00e5rt takh\u00f6lje som \u00e4r utformat f\u00f6r information och reklam i skyltf\u00f6nster och offentliga utrymmen.","og_url":"https:\/\/hi-nd.com\/sv\/produkt\/takholje-for-samsung-och-lg\/","og_site_name":"HI-ND","article_modified_time":"2024-06-20T13:00:04+00:00","og_image":[{"width":2000,"height":2000,"url":"https:\/\/hi-nd.com\/wp-content\/uploads\/2022\/01\/TOP-CASING_RENDERS_1.jpg","type":"image\/jpeg"}],"twitter_card":"summary_large_image","twitter_misc":{"Ber\u00e4knad l\u00e4stid":"2 minuter"},"schema":{"@context":"https:\/\/schema.org","@graph":[{"@type":"WebPage","@id":"https:\/\/hi-nd.com\/sv\/produkt\/takholje-for-samsung-och-lg\/","url":"https:\/\/hi-nd.com\/sv\/produkt\/takholje-for-samsung-och-lg\/","name":"Takh\u00f6lje f\u00f6r Samsung och LG - HI-ND","isPartOf":{"@id":"https:\/\/hi-nd.com\/#website"},"primaryImageOfPage":{"@id":"https:\/\/hi-nd.com\/sv\/produkt\/takholje-for-samsung-och-lg\/#primaryimage"},"image":{"@id":"https:\/\/hi-nd.com\/sv\/produkt\/takholje-for-samsung-och-lg\/#primaryimage"},"thumbnailUrl":"https:\/\/hi-nd.com\/wp-content\/uploads\/2022\/01\/TOP-CASING_RENDERS_1.jpg","datePublished":"2022-01-20T15:19:24+00:00","dateModified":"2024-06-20T13:00:04+00:00","description":"Lys upp taket med v\u00e5rt takh\u00f6lje som \u00e4r utformat f\u00f6r information och reklam i skyltf\u00f6nster och offentliga utrymmen.","breadcrumb":{"@id":"https:\/\/hi-nd.com\/sv\/produkt\/takholje-for-samsung-och-lg\/#breadcrumb"},"inLanguage":"sv-SE","potentialAction":[{"@type":"ReadAction","target":["https:\/\/hi-nd.com\/sv\/produkt\/takholje-for-samsung-och-lg\/"]}]},{"@type":"ImageObject","inLanguage":"sv-SE","@id":"https:\/\/hi-nd.com\/sv\/produkt\/takholje-for-samsung-och-lg\/#primaryimage","url":"https:\/\/hi-nd.com\/wp-content\/uploads\/2022\/01\/TOP-CASING_RENDERS_1.jpg","contentUrl":"https:\/\/hi-nd.com\/wp-content\/uploads\/2022\/01\/TOP-CASING_RENDERS_1.jpg","width":2000,"height":2000,"caption":"Top casing"},{"@type":"BreadcrumbList","@id":"https:\/\/hi-nd.com\/sv\/produkt\/takholje-for-samsung-och-lg\/#breadcrumb","itemListElement":[{"@type":"ListItem","position":1,"name":"Home","item":"https:\/\/hi-nd.com\/sv\/"},{"@type":"ListItem","position":2,"name":"Butik","item":"https:\/\/hi-nd.com\/sv\/butik\/"},{"@type":"ListItem","position":3,"name":"Takh\u00f6lje f\u00f6r Samsung och LG"}]},{"@type":"WebSite","@id":"https:\/\/hi-nd.com\/#website","url":"https:\/\/hi-nd.com\/","name":"HI-ND","description":"Mounting Solutions","potentialAction":[{"@type":"SearchAction","target":{"@type":"EntryPoint","urlTemplate":"https:\/\/hi-nd.com\/?s={search_term_string}"},"query-input":{"@type":"PropertyValueSpecification","valueRequired":true,"valueName":"search_term_string"}}],"inLanguage":"sv-SE"}]}},"_links":{"self":[{"href":"https:\/\/hi-nd.com\/sv\/wp-json\/wp\/v2\/product\/5800","targetHints":{"allow":["GET"]}}],"collection":[{"href":"https:\/\/hi-nd.com\/sv\/wp-json\/wp\/v2\/product"}],"about":[{"href":"https:\/\/hi-nd.com\/sv\/wp-json\/wp\/v2\/types\/product"}],"wp:featuredmedia":[{"embeddable":true,"href":"https:\/\/hi-nd.com\/sv\/wp-json\/wp\/v2\/media\/9605"}],"wp:attachment":[{"href":"https:\/\/hi-nd.com\/sv\/wp-json\/wp\/v2\/media?parent=5800"}],"wp:term":[{"taxonomy":"product_brand","embeddable":true,"href":"https:\/\/hi-nd.com\/sv\/wp-json\/wp\/v2\/product_brand?post=5800"},{"taxonomy":"product_cat","embeddable":true,"href":"https:\/\/hi-nd.com\/sv\/wp-json\/wp\/v2\/product_cat?post=5800"},{"taxonomy":"product_tag","embeddable":true,"href":"https:\/\/hi-nd.com\/sv\/wp-json\/wp\/v2\/product_tag?post=5800"}],"curies":[{"name":"wp","href":"https:\/\/api.w.org\/{rel}","templated":true}]}}