{"id":5799,"date":"2021-11-22T19:07:48","date_gmt":"2021-11-22T18:07:48","guid":{"rendered":"https:\/\/hi-nd.com\/product\/universalmontering-pa-pelare\/"},"modified":"2024-05-27T15:09:49","modified_gmt":"2024-05-27T13:09:49","slug":"universalmontering-pa-pelare","status":"publish","type":"product","link":"https:\/\/hi-nd.com\/sv\/produkt\/universalmontering-pa-pelare\/","title":{"rendered":"Universalmontering p\u00e5 pelare"},"content":{"rendered":"<table style=\"font-size: 14.4px;\" width=\"753\">\n<tbody>\n<tr>\n<td width=\"125\">Artikelnummer<\/td>\n<td width=\"581\">Beskrivning<\/td>\n<td width=\"47\">F\u00e4rg<\/td>\n<\/tr>\n<tr>\n<td>PM2020-0102-01<\/td>\n<td>Universellt pelarf\u00e4ste &#8211; Upp till 38 cm i diameter<\/td>\n<td>Vit<\/td>\n<\/tr>\n<tr>\n<td>PM2020-0102-02<\/td>\n<td>Universellt pelarf\u00e4ste &#8211; Upp till 38 cm i diameter<\/td>\n<td>Svart<\/td>\n<\/tr>\n<\/tbody>\n<\/table>\n","protected":false},"excerpt":{"rendered":"<p>HI-ND pelarf\u00e4ste kan anv\u00e4ndas f\u00f6r alla cirkul\u00e4ra pelare. Den fungerar med VESA 200\u00d7200, 300\u00d7300. Sk\u00e4rmen kan lutas upp till 15 grader. Metallbandet levereras i olika f\u00e4rger och l\u00e4ngder f\u00f6r att passa alla storlekar av pelare.<\/p>\n<ul>\n<li>Utformad f\u00f6r 32\u2033 &#8211; 55\u2033 bildsk\u00e4rmar<\/li>\n<li>VESA 200\u00d7200, 300\u00d7300<\/li>\n<li>Lutning upp till 15 grader<\/li>\n<li>Universell l\u00f6sning f\u00f6r olika pelarstorlekar<\/li>\n<li>Levereras i svart eller vit f\u00e4rg<\/li>\n<\/ul>\n","protected":false},"featured_media":3878,"template":"","meta":[],"product_brand":[],"product_cat":[118],"product_tag":[],"class_list":{"0":"post-5799","1":"product","2":"type-product","3":"status-publish","4":"has-post-thumbnail","6":"product_cat-pelare","8":"first","9":"instock","10":"shipping-taxable","11":"product-type-simple"},"yoast_head":"<!-- This site is optimized with the Yoast SEO plugin v27.4 - https:\/\/yoast.com\/product\/yoast-seo-wordpress\/ -->\n<title>Universalmontering p\u00e5 pelare - HI-ND<\/title>\n<meta name=\"description\" content=\"HI-ND pelarf\u00e4ste kan anv\u00e4ndas f\u00f6r alla cirkul\u00e4ra pelare. Den fungerar med VESA 200\u00d7200, 300\u00d7300, 400\u00d7400. Den kan lutas upp till 15 grader.\" \/>\n<meta name=\"robots\" content=\"index, follow, max-snippet:-1, max-image-preview:large, max-video-preview:-1\" \/>\n<link rel=\"canonical\" href=\"https:\/\/hi-nd.com\/sv\/produkt\/universalmontering-pa-pelare\/\" \/>\n<meta property=\"og:locale\" content=\"sv_SE\" \/>\n<meta property=\"og:type\" content=\"article\" \/>\n<meta property=\"og:title\" content=\"Universalmontering p\u00e5 pelare - HI-ND\" \/>\n<meta property=\"og:description\" content=\"HI-ND pelarf\u00e4ste kan anv\u00e4ndas f\u00f6r alla cirkul\u00e4ra pelare. Den fungerar med VESA 200\u00d7200, 300\u00d7300, 400\u00d7400. Den kan lutas upp till 15 grader.\" \/>\n<meta property=\"og:url\" content=\"https:\/\/hi-nd.com\/sv\/produkt\/universalmontering-pa-pelare\/\" \/>\n<meta property=\"og:site_name\" content=\"HI-ND\" \/>\n<meta property=\"article:modified_time\" content=\"2024-05-27T13:09:49+00:00\" \/>\n<meta property=\"og:image\" content=\"https:\/\/hi-nd.com\/wp-content\/uploads\/2021\/11\/pillar-mount-web.png\" \/>\n\t<meta property=\"og:image:width\" content=\"750\" \/>\n\t<meta property=\"og:image:height\" content=\"750\" \/>\n\t<meta property=\"og:image:type\" content=\"image\/png\" \/>\n<meta name=\"twitter:card\" content=\"summary_large_image\" \/>\n<script type=\"application\/ld+json\" class=\"yoast-schema-graph\">{\"@context\":\"https:\\\/\\\/schema.org\",\"@graph\":[{\"@type\":\"WebPage\",\"@id\":\"https:\\\/\\\/hi-nd.com\\\/sv\\\/produkt\\\/universalmontering-pa-pelare\\\/\",\"url\":\"https:\\\/\\\/hi-nd.com\\\/sv\\\/produkt\\\/universalmontering-pa-pelare\\\/\",\"name\":\"Universalmontering p\u00e5 pelare - HI-ND\",\"isPartOf\":{\"@id\":\"https:\\\/\\\/hi-nd.com\\\/#website\"},\"primaryImageOfPage\":{\"@id\":\"https:\\\/\\\/hi-nd.com\\\/sv\\\/produkt\\\/universalmontering-pa-pelare\\\/#primaryimage\"},\"image\":{\"@id\":\"https:\\\/\\\/hi-nd.com\\\/sv\\\/produkt\\\/universalmontering-pa-pelare\\\/#primaryimage\"},\"thumbnailUrl\":\"https:\\\/\\\/hi-nd.com\\\/wp-content\\\/uploads\\\/2021\\\/11\\\/pillar-mount-web.png\",\"datePublished\":\"2021-11-22T18:07:48+00:00\",\"dateModified\":\"2024-05-27T13:09:49+00:00\",\"description\":\"HI-ND pelarf\u00e4ste kan anv\u00e4ndas f\u00f6r alla cirkul\u00e4ra pelare. Den fungerar med VESA 200\u00d7200, 300\u00d7300, 400\u00d7400. Den kan lutas upp till 15 grader.\",\"breadcrumb\":{\"@id\":\"https:\\\/\\\/hi-nd.com\\\/sv\\\/produkt\\\/universalmontering-pa-pelare\\\/#breadcrumb\"},\"inLanguage\":\"sv-SE\",\"potentialAction\":[{\"@type\":\"ReadAction\",\"target\":[\"https:\\\/\\\/hi-nd.com\\\/sv\\\/produkt\\\/universalmontering-pa-pelare\\\/\"]}]},{\"@type\":\"ImageObject\",\"inLanguage\":\"sv-SE\",\"@id\":\"https:\\\/\\\/hi-nd.com\\\/sv\\\/produkt\\\/universalmontering-pa-pelare\\\/#primaryimage\",\"url\":\"https:\\\/\\\/hi-nd.com\\\/wp-content\\\/uploads\\\/2021\\\/11\\\/pillar-mount-web.png\",\"contentUrl\":\"https:\\\/\\\/hi-nd.com\\\/wp-content\\\/uploads\\\/2021\\\/11\\\/pillar-mount-web.png\",\"width\":750,\"height\":750,\"caption\":\"Pillar Mount\"},{\"@type\":\"BreadcrumbList\",\"@id\":\"https:\\\/\\\/hi-nd.com\\\/sv\\\/produkt\\\/universalmontering-pa-pelare\\\/#breadcrumb\",\"itemListElement\":[{\"@type\":\"ListItem\",\"position\":1,\"name\":\"Home\",\"item\":\"https:\\\/\\\/hi-nd.com\\\/sv\\\/\"},{\"@type\":\"ListItem\",\"position\":2,\"name\":\"Butik\",\"item\":\"https:\\\/\\\/hi-nd.com\\\/sv\\\/butik\\\/\"},{\"@type\":\"ListItem\",\"position\":3,\"name\":\"Universalmontering p\u00e5 pelare\"}]},{\"@type\":\"WebSite\",\"@id\":\"https:\\\/\\\/hi-nd.com\\\/#website\",\"url\":\"https:\\\/\\\/hi-nd.com\\\/\",\"name\":\"HI-ND\",\"description\":\"Mounting Solutions\",\"potentialAction\":[{\"@type\":\"SearchAction\",\"target\":{\"@type\":\"EntryPoint\",\"urlTemplate\":\"https:\\\/\\\/hi-nd.com\\\/?s={search_term_string}\"},\"query-input\":{\"@type\":\"PropertyValueSpecification\",\"valueRequired\":true,\"valueName\":\"search_term_string\"}}],\"inLanguage\":\"sv-SE\"}]}<\/script>\n<!-- \/ Yoast SEO plugin. -->","yoast_head_json":{"title":"Universalmontering p\u00e5 pelare - HI-ND","description":"HI-ND pelarf\u00e4ste kan anv\u00e4ndas f\u00f6r alla cirkul\u00e4ra pelare. Den fungerar med VESA 200\u00d7200, 300\u00d7300, 400\u00d7400. Den kan lutas upp till 15 grader.","robots":{"index":"index","follow":"follow","max-snippet":"max-snippet:-1","max-image-preview":"max-image-preview:large","max-video-preview":"max-video-preview:-1"},"canonical":"https:\/\/hi-nd.com\/sv\/produkt\/universalmontering-pa-pelare\/","og_locale":"sv_SE","og_type":"article","og_title":"Universalmontering p\u00e5 pelare - HI-ND","og_description":"HI-ND pelarf\u00e4ste kan anv\u00e4ndas f\u00f6r alla cirkul\u00e4ra pelare. Den fungerar med VESA 200\u00d7200, 300\u00d7300, 400\u00d7400. Den kan lutas upp till 15 grader.","og_url":"https:\/\/hi-nd.com\/sv\/produkt\/universalmontering-pa-pelare\/","og_site_name":"HI-ND","article_modified_time":"2024-05-27T13:09:49+00:00","og_image":[{"width":750,"height":750,"url":"https:\/\/hi-nd.com\/wp-content\/uploads\/2021\/11\/pillar-mount-web.png","type":"image\/png"}],"twitter_card":"summary_large_image","schema":{"@context":"https:\/\/schema.org","@graph":[{"@type":"WebPage","@id":"https:\/\/hi-nd.com\/sv\/produkt\/universalmontering-pa-pelare\/","url":"https:\/\/hi-nd.com\/sv\/produkt\/universalmontering-pa-pelare\/","name":"Universalmontering p\u00e5 pelare - HI-ND","isPartOf":{"@id":"https:\/\/hi-nd.com\/#website"},"primaryImageOfPage":{"@id":"https:\/\/hi-nd.com\/sv\/produkt\/universalmontering-pa-pelare\/#primaryimage"},"image":{"@id":"https:\/\/hi-nd.com\/sv\/produkt\/universalmontering-pa-pelare\/#primaryimage"},"thumbnailUrl":"https:\/\/hi-nd.com\/wp-content\/uploads\/2021\/11\/pillar-mount-web.png","datePublished":"2021-11-22T18:07:48+00:00","dateModified":"2024-05-27T13:09:49+00:00","description":"HI-ND pelarf\u00e4ste kan anv\u00e4ndas f\u00f6r alla cirkul\u00e4ra pelare. Den fungerar med VESA 200\u00d7200, 300\u00d7300, 400\u00d7400. Den kan lutas upp till 15 grader.","breadcrumb":{"@id":"https:\/\/hi-nd.com\/sv\/produkt\/universalmontering-pa-pelare\/#breadcrumb"},"inLanguage":"sv-SE","potentialAction":[{"@type":"ReadAction","target":["https:\/\/hi-nd.com\/sv\/produkt\/universalmontering-pa-pelare\/"]}]},{"@type":"ImageObject","inLanguage":"sv-SE","@id":"https:\/\/hi-nd.com\/sv\/produkt\/universalmontering-pa-pelare\/#primaryimage","url":"https:\/\/hi-nd.com\/wp-content\/uploads\/2021\/11\/pillar-mount-web.png","contentUrl":"https:\/\/hi-nd.com\/wp-content\/uploads\/2021\/11\/pillar-mount-web.png","width":750,"height":750,"caption":"Pillar Mount"},{"@type":"BreadcrumbList","@id":"https:\/\/hi-nd.com\/sv\/produkt\/universalmontering-pa-pelare\/#breadcrumb","itemListElement":[{"@type":"ListItem","position":1,"name":"Home","item":"https:\/\/hi-nd.com\/sv\/"},{"@type":"ListItem","position":2,"name":"Butik","item":"https:\/\/hi-nd.com\/sv\/butik\/"},{"@type":"ListItem","position":3,"name":"Universalmontering p\u00e5 pelare"}]},{"@type":"WebSite","@id":"https:\/\/hi-nd.com\/#website","url":"https:\/\/hi-nd.com\/","name":"HI-ND","description":"Mounting Solutions","potentialAction":[{"@type":"SearchAction","target":{"@type":"EntryPoint","urlTemplate":"https:\/\/hi-nd.com\/?s={search_term_string}"},"query-input":{"@type":"PropertyValueSpecification","valueRequired":true,"valueName":"search_term_string"}}],"inLanguage":"sv-SE"}]}},"_links":{"self":[{"href":"https:\/\/hi-nd.com\/sv\/wp-json\/wp\/v2\/product\/5799","targetHints":{"allow":["GET"]}}],"collection":[{"href":"https:\/\/hi-nd.com\/sv\/wp-json\/wp\/v2\/product"}],"about":[{"href":"https:\/\/hi-nd.com\/sv\/wp-json\/wp\/v2\/types\/product"}],"wp:featuredmedia":[{"embeddable":true,"href":"https:\/\/hi-nd.com\/sv\/wp-json\/wp\/v2\/media\/3878"}],"wp:attachment":[{"href":"https:\/\/hi-nd.com\/sv\/wp-json\/wp\/v2\/media?parent=5799"}],"wp:term":[{"taxonomy":"product_brand","embeddable":true,"href":"https:\/\/hi-nd.com\/sv\/wp-json\/wp\/v2\/product_brand?post=5799"},{"taxonomy":"product_cat","embeddable":true,"href":"https:\/\/hi-nd.com\/sv\/wp-json\/wp\/v2\/product_cat?post=5799"},{"taxonomy":"product_tag","embeddable":true,"href":"https:\/\/hi-nd.com\/sv\/wp-json\/wp\/v2\/product_tag?post=5799"}],"curies":[{"name":"wp","href":"https:\/\/api.w.org\/{rel}","templated":true}]}}