{"id":5798,"date":"2022-01-20T17:02:46","date_gmt":"2022-01-20T16:02:46","guid":{"rendered":"https:\/\/hi-nd.com\/product\/golvstall-glas\/"},"modified":"2024-02-22T21:20:15","modified_gmt":"2024-02-22T20:20:15","slug":"golvstall-glas","status":"publish","type":"product","link":"https:\/\/hi-nd.com\/sv\/produkt\/golvstall-glas\/","title":{"rendered":"Golvst\u00e4ll Glas"},"content":{"rendered":"<table width=\"776\">\n<tbody>\n<tr>\n<td width=\"184\">Artikelnummer<\/td>\n<td width=\"465\">Beskrivning<\/td>\n<td width=\"127\">F\u00e4rg<\/td>\n<\/tr>\n<tr>\n<td>FS0000-5001-01<\/td>\n<td>Golvstativ standard, vit tryckt glasdekor, 49&#8243; &#8211; 65&#8243;<\/td>\n<td>Vit<\/td>\n<\/tr>\n<tr>\n<td>FS0000-5001-02<\/td>\n<td>Golvbord standard, svart tryckt glasdekor, 49&#8243; &#8211; 65&#8243;<\/td>\n<td>Svart<\/td>\n<\/tr>\n<\/tbody>\n<\/table>\n","protected":false},"excerpt":{"rendered":"<p><strong>Skapa en exklusiv look<\/strong><\/p>\n<p>V\u00e5r golvmonterade glasuniversal \u00e4r avsedd f\u00f6r sk\u00e4rmar i storlekarna 49\u2033 till 65\u2033. Vi anv\u00e4nder ett tryckt glas p\u00e5 pelaren under displayen. Denna funktion ger en exklusiv k\u00e4nsla. Den \u00e4r perfekt f\u00f6r konferensrum och kontorsmilj\u00f6er. Sk\u00e4rmarna kan anv\u00e4ndas i b\u00e5de liggande och st\u00e5ende l\u00e4ge. Vi rekommenderar att HI-ND frontlock l\u00e4ggs till n\u00e4r ett vitt golvst\u00e5ende glas universal anv\u00e4nds.<\/p>\n<ul>\n<li>Tryckt glas som pelarfront under displayen<\/li>\n<li>Hylla inuti pelaren f\u00f6r extern mediaplayer<\/li>\n<li>Tryckt logotyp i frontglaset som tillval<\/li>\n<li>VESA 200\u00d7200\/300\u00d7300\/400\u00d7400<\/li>\n<li>Svart och vit f\u00e4rg som standard<\/li>\n<li>Hylla inuti f\u00f6r mediaplayer<\/li>\n<li>M\u00f6jlighet att l\u00e4gga till HI-ND frontskydd<\/li>\n<\/ul>\n","protected":false},"featured_media":3902,"template":"","meta":[],"product_brand":[],"product_cat":[95,67],"product_tag":[],"class_list":{"0":"post-5798","1":"product","2":"type-product","3":"status-publish","4":"has-post-thumbnail","6":"product_cat-golvstallning","7":"product_cat-golv-sv","9":"first","10":"instock","11":"shipping-taxable","12":"product-type-simple"},"yoast_head":"<!-- This site is optimized with the Yoast SEO plugin v27.4 - https:\/\/yoast.com\/product\/yoast-seo-wordpress\/ -->\n<title>Golvst\u00e4ll Glas - HI-ND<\/title>\n<meta name=\"description\" content=\"HI-ND golvstativ glas universal \u00e4r designat f\u00f6r sk\u00e4rmar i storlekarna 49&quot; till 65\u2033. Vi anv\u00e4nder ett tryckt glas p\u00e5 pelaren under displayen.\" \/>\n<meta name=\"robots\" content=\"index, follow, max-snippet:-1, max-image-preview:large, max-video-preview:-1\" \/>\n<link rel=\"canonical\" href=\"https:\/\/hi-nd.com\/sv\/produkt\/golvstall-glas\/\" \/>\n<meta property=\"og:locale\" content=\"sv_SE\" \/>\n<meta property=\"og:type\" content=\"article\" \/>\n<meta property=\"og:title\" content=\"Golvst\u00e4ll Glas - HI-ND\" \/>\n<meta property=\"og:description\" content=\"HI-ND golvstativ glas universal \u00e4r designat f\u00f6r sk\u00e4rmar i storlekarna 49&quot; till 65\u2033. Vi anv\u00e4nder ett tryckt glas p\u00e5 pelaren under displayen.\" \/>\n<meta property=\"og:url\" content=\"https:\/\/hi-nd.com\/sv\/produkt\/golvstall-glas\/\" \/>\n<meta property=\"og:site_name\" content=\"HI-ND\" \/>\n<meta property=\"article:modified_time\" content=\"2024-02-22T20:20:15+00:00\" \/>\n<meta property=\"og:image\" content=\"https:\/\/hi-nd.com\/wp-content\/uploads\/2022\/01\/FS-glass-stativ.png\" \/>\n\t<meta property=\"og:image:width\" content=\"750\" \/>\n\t<meta property=\"og:image:height\" content=\"750\" \/>\n\t<meta property=\"og:image:type\" content=\"image\/png\" \/>\n<meta name=\"twitter:card\" content=\"summary_large_image\" \/>\n<script type=\"application\/ld+json\" class=\"yoast-schema-graph\">{\"@context\":\"https:\\\/\\\/schema.org\",\"@graph\":[{\"@type\":\"WebPage\",\"@id\":\"https:\\\/\\\/hi-nd.com\\\/sv\\\/produkt\\\/golvstall-glas\\\/\",\"url\":\"https:\\\/\\\/hi-nd.com\\\/sv\\\/produkt\\\/golvstall-glas\\\/\",\"name\":\"Golvst\u00e4ll Glas - HI-ND\",\"isPartOf\":{\"@id\":\"https:\\\/\\\/hi-nd.com\\\/es\\\/#website\"},\"primaryImageOfPage\":{\"@id\":\"https:\\\/\\\/hi-nd.com\\\/sv\\\/produkt\\\/golvstall-glas\\\/#primaryimage\"},\"image\":{\"@id\":\"https:\\\/\\\/hi-nd.com\\\/sv\\\/produkt\\\/golvstall-glas\\\/#primaryimage\"},\"thumbnailUrl\":\"https:\\\/\\\/hi-nd.com\\\/wp-content\\\/uploads\\\/2022\\\/01\\\/FS-glass-stativ.png\",\"datePublished\":\"2022-01-20T16:02:46+00:00\",\"dateModified\":\"2024-02-22T20:20:15+00:00\",\"description\":\"HI-ND golvstativ glas universal \u00e4r designat f\u00f6r sk\u00e4rmar i storlekarna 49\\\" till 65\u2033. Vi anv\u00e4nder ett tryckt glas p\u00e5 pelaren under displayen.\",\"breadcrumb\":{\"@id\":\"https:\\\/\\\/hi-nd.com\\\/sv\\\/produkt\\\/golvstall-glas\\\/#breadcrumb\"},\"inLanguage\":\"sv-SE\",\"potentialAction\":[{\"@type\":\"ReadAction\",\"target\":[\"https:\\\/\\\/hi-nd.com\\\/sv\\\/produkt\\\/golvstall-glas\\\/\"]}]},{\"@type\":\"ImageObject\",\"inLanguage\":\"sv-SE\",\"@id\":\"https:\\\/\\\/hi-nd.com\\\/sv\\\/produkt\\\/golvstall-glas\\\/#primaryimage\",\"url\":\"https:\\\/\\\/hi-nd.com\\\/wp-content\\\/uploads\\\/2022\\\/01\\\/FS-glass-stativ.png\",\"contentUrl\":\"https:\\\/\\\/hi-nd.com\\\/wp-content\\\/uploads\\\/2022\\\/01\\\/FS-glass-stativ.png\",\"width\":750,\"height\":750},{\"@type\":\"BreadcrumbList\",\"@id\":\"https:\\\/\\\/hi-nd.com\\\/sv\\\/produkt\\\/golvstall-glas\\\/#breadcrumb\",\"itemListElement\":[{\"@type\":\"ListItem\",\"position\":1,\"name\":\"Home\",\"item\":\"https:\\\/\\\/hi-nd.com\\\/sv\\\/\"},{\"@type\":\"ListItem\",\"position\":2,\"name\":\"Butik\",\"item\":\"https:\\\/\\\/hi-nd.com\\\/sv\\\/butik\\\/\"},{\"@type\":\"ListItem\",\"position\":3,\"name\":\"Golvst\u00e4ll Glas\"}]},{\"@type\":\"WebSite\",\"@id\":\"https:\\\/\\\/hi-nd.com\\\/es\\\/#website\",\"url\":\"https:\\\/\\\/hi-nd.com\\\/es\\\/\",\"name\":\"HI-ND\",\"description\":\"Mounting Solutions\",\"potentialAction\":[{\"@type\":\"SearchAction\",\"target\":{\"@type\":\"EntryPoint\",\"urlTemplate\":\"https:\\\/\\\/hi-nd.com\\\/es\\\/?s={search_term_string}\"},\"query-input\":{\"@type\":\"PropertyValueSpecification\",\"valueRequired\":true,\"valueName\":\"search_term_string\"}}],\"inLanguage\":\"sv-SE\"}]}<\/script>\n<!-- \/ Yoast SEO plugin. -->","yoast_head_json":{"title":"Golvst\u00e4ll Glas - HI-ND","description":"HI-ND golvstativ glas universal \u00e4r designat f\u00f6r sk\u00e4rmar i storlekarna 49\" till 65\u2033. Vi anv\u00e4nder ett tryckt glas p\u00e5 pelaren under displayen.","robots":{"index":"index","follow":"follow","max-snippet":"max-snippet:-1","max-image-preview":"max-image-preview:large","max-video-preview":"max-video-preview:-1"},"canonical":"https:\/\/hi-nd.com\/sv\/produkt\/golvstall-glas\/","og_locale":"sv_SE","og_type":"article","og_title":"Golvst\u00e4ll Glas - HI-ND","og_description":"HI-ND golvstativ glas universal \u00e4r designat f\u00f6r sk\u00e4rmar i storlekarna 49\" till 65\u2033. Vi anv\u00e4nder ett tryckt glas p\u00e5 pelaren under displayen.","og_url":"https:\/\/hi-nd.com\/sv\/produkt\/golvstall-glas\/","og_site_name":"HI-ND","article_modified_time":"2024-02-22T20:20:15+00:00","og_image":[{"width":750,"height":750,"url":"https:\/\/hi-nd.com\/wp-content\/uploads\/2022\/01\/FS-glass-stativ.png","type":"image\/png"}],"twitter_card":"summary_large_image","schema":{"@context":"https:\/\/schema.org","@graph":[{"@type":"WebPage","@id":"https:\/\/hi-nd.com\/sv\/produkt\/golvstall-glas\/","url":"https:\/\/hi-nd.com\/sv\/produkt\/golvstall-glas\/","name":"Golvst\u00e4ll Glas - HI-ND","isPartOf":{"@id":"https:\/\/hi-nd.com\/es\/#website"},"primaryImageOfPage":{"@id":"https:\/\/hi-nd.com\/sv\/produkt\/golvstall-glas\/#primaryimage"},"image":{"@id":"https:\/\/hi-nd.com\/sv\/produkt\/golvstall-glas\/#primaryimage"},"thumbnailUrl":"https:\/\/hi-nd.com\/wp-content\/uploads\/2022\/01\/FS-glass-stativ.png","datePublished":"2022-01-20T16:02:46+00:00","dateModified":"2024-02-22T20:20:15+00:00","description":"HI-ND golvstativ glas universal \u00e4r designat f\u00f6r sk\u00e4rmar i storlekarna 49\" till 65\u2033. Vi anv\u00e4nder ett tryckt glas p\u00e5 pelaren under displayen.","breadcrumb":{"@id":"https:\/\/hi-nd.com\/sv\/produkt\/golvstall-glas\/#breadcrumb"},"inLanguage":"sv-SE","potentialAction":[{"@type":"ReadAction","target":["https:\/\/hi-nd.com\/sv\/produkt\/golvstall-glas\/"]}]},{"@type":"ImageObject","inLanguage":"sv-SE","@id":"https:\/\/hi-nd.com\/sv\/produkt\/golvstall-glas\/#primaryimage","url":"https:\/\/hi-nd.com\/wp-content\/uploads\/2022\/01\/FS-glass-stativ.png","contentUrl":"https:\/\/hi-nd.com\/wp-content\/uploads\/2022\/01\/FS-glass-stativ.png","width":750,"height":750},{"@type":"BreadcrumbList","@id":"https:\/\/hi-nd.com\/sv\/produkt\/golvstall-glas\/#breadcrumb","itemListElement":[{"@type":"ListItem","position":1,"name":"Home","item":"https:\/\/hi-nd.com\/sv\/"},{"@type":"ListItem","position":2,"name":"Butik","item":"https:\/\/hi-nd.com\/sv\/butik\/"},{"@type":"ListItem","position":3,"name":"Golvst\u00e4ll Glas"}]},{"@type":"WebSite","@id":"https:\/\/hi-nd.com\/es\/#website","url":"https:\/\/hi-nd.com\/es\/","name":"HI-ND","description":"Mounting Solutions","potentialAction":[{"@type":"SearchAction","target":{"@type":"EntryPoint","urlTemplate":"https:\/\/hi-nd.com\/es\/?s={search_term_string}"},"query-input":{"@type":"PropertyValueSpecification","valueRequired":true,"valueName":"search_term_string"}}],"inLanguage":"sv-SE"}]}},"_links":{"self":[{"href":"https:\/\/hi-nd.com\/sv\/wp-json\/wp\/v2\/product\/5798","targetHints":{"allow":["GET"]}}],"collection":[{"href":"https:\/\/hi-nd.com\/sv\/wp-json\/wp\/v2\/product"}],"about":[{"href":"https:\/\/hi-nd.com\/sv\/wp-json\/wp\/v2\/types\/product"}],"wp:featuredmedia":[{"embeddable":true,"href":"https:\/\/hi-nd.com\/sv\/wp-json\/wp\/v2\/media\/3902"}],"wp:attachment":[{"href":"https:\/\/hi-nd.com\/sv\/wp-json\/wp\/v2\/media?parent=5798"}],"wp:term":[{"taxonomy":"product_brand","embeddable":true,"href":"https:\/\/hi-nd.com\/sv\/wp-json\/wp\/v2\/product_brand?post=5798"},{"taxonomy":"product_cat","embeddable":true,"href":"https:\/\/hi-nd.com\/sv\/wp-json\/wp\/v2\/product_cat?post=5798"},{"taxonomy":"product_tag","embeddable":true,"href":"https:\/\/hi-nd.com\/sv\/wp-json\/wp\/v2\/product_tag?post=5798"}],"curies":[{"name":"wp","href":"https:\/\/api.w.org\/{rel}","templated":true}]}}