{"id":5795,"date":"2022-01-20T16:44:11","date_gmt":"2022-01-20T15:44:11","guid":{"rendered":"https:\/\/hi-nd.com\/product\/takmonterad-led\/"},"modified":"2024-02-22T21:20:06","modified_gmt":"2024-02-22T20:20:06","slug":"takmonterad-led","status":"publish","type":"product","link":"https:\/\/hi-nd.com\/sv\/produkt\/takmonterad-led\/","title":{"rendered":"Takmonterad LED"},"content":{"rendered":"","protected":false},"excerpt":{"rendered":"<p>V\u00e5r takmonterade LED \u00e4r skapad f\u00f6r installation i skyltf\u00f6nster eller inuti k\u00f6pcentra. Den kan enkelt anpassas f\u00f6r olika LED-tillverkare. Vid installation mot tak anv\u00e4nds vajrar. Ett analogt tryck kan f\u00e4stas p\u00e5 insidan. Som tillval finns sidoskydd i metall eller tr\u00e4.<\/p>\n<ul>\n<li>Takmonterad LED i storlek t.ex. 1500&#215;2000 mm, 1250&#215;2000 mm, etc<\/li>\n<li>Wire-l\u00f6sning till taket<\/li>\n<li>Analogt tryck p\u00e5 insidan<\/li>\n<li>Valfria sidoskydd i metall eller tr\u00e4<\/li>\n<\/ul>\n","protected":false},"featured_media":3719,"template":"","meta":[],"product_brand":[],"product_cat":[116,115],"product_tag":[],"class_list":{"0":"post-5795","1":"product","2":"type-product","3":"status-publish","4":"has-post-thumbnail","6":"product_cat-tak","7":"product_cat-led-sv","9":"first","10":"instock","11":"shipping-taxable","12":"product-type-simple"},"yoast_head":"<!-- This site is optimized with the Yoast SEO plugin v27.3 - https:\/\/yoast.com\/product\/yoast-seo-wordpress\/ -->\n<title>Takmonterad LED - HI-ND<\/title>\n<meta name=\"description\" content=\"HI-ND takmonterad LED \u00e4r skapad f\u00f6r installation i skyltf\u00f6nster eller inuti k\u00f6pcentra. Den kan enkelt anpassas.\" \/>\n<meta name=\"robots\" content=\"index, follow, max-snippet:-1, max-image-preview:large, max-video-preview:-1\" \/>\n<link rel=\"canonical\" href=\"https:\/\/hi-nd.com\/sv\/produkt\/takmonterad-led\/\" \/>\n<meta property=\"og:locale\" content=\"sv_SE\" \/>\n<meta property=\"og:type\" content=\"article\" \/>\n<meta property=\"og:title\" content=\"Takmonterad LED - HI-ND\" \/>\n<meta property=\"og:description\" content=\"HI-ND takmonterad LED \u00e4r skapad f\u00f6r installation i skyltf\u00f6nster eller inuti k\u00f6pcentra. Den kan enkelt anpassas.\" \/>\n<meta property=\"og:url\" content=\"https:\/\/hi-nd.com\/sv\/produkt\/takmonterad-led\/\" \/>\n<meta property=\"og:site_name\" content=\"HI-ND\" \/>\n<meta property=\"article:modified_time\" content=\"2024-02-22T20:20:06+00:00\" \/>\n<meta property=\"og:image\" content=\"https:\/\/hi-nd.com\/wp-content\/uploads\/2022\/01\/LED-ceiling.png\" \/>\n\t<meta property=\"og:image:width\" content=\"750\" \/>\n\t<meta property=\"og:image:height\" content=\"750\" \/>\n\t<meta property=\"og:image:type\" content=\"image\/png\" \/>\n<meta name=\"twitter:card\" content=\"summary_large_image\" \/>\n<script type=\"application\/ld+json\" class=\"yoast-schema-graph\">{\"@context\":\"https:\\\/\\\/schema.org\",\"@graph\":[{\"@type\":\"WebPage\",\"@id\":\"https:\\\/\\\/hi-nd.com\\\/sv\\\/produkt\\\/takmonterad-led\\\/\",\"url\":\"https:\\\/\\\/hi-nd.com\\\/sv\\\/produkt\\\/takmonterad-led\\\/\",\"name\":\"Takmonterad LED - HI-ND\",\"isPartOf\":{\"@id\":\"https:\\\/\\\/hi-nd.com\\\/#website\"},\"primaryImageOfPage\":{\"@id\":\"https:\\\/\\\/hi-nd.com\\\/sv\\\/produkt\\\/takmonterad-led\\\/#primaryimage\"},\"image\":{\"@id\":\"https:\\\/\\\/hi-nd.com\\\/sv\\\/produkt\\\/takmonterad-led\\\/#primaryimage\"},\"thumbnailUrl\":\"https:\\\/\\\/hi-nd.com\\\/wp-content\\\/uploads\\\/2022\\\/01\\\/LED-ceiling.png\",\"datePublished\":\"2022-01-20T15:44:11+00:00\",\"dateModified\":\"2024-02-22T20:20:06+00:00\",\"description\":\"HI-ND takmonterad LED \u00e4r skapad f\u00f6r installation i skyltf\u00f6nster eller inuti k\u00f6pcentra. Den kan enkelt anpassas.\",\"breadcrumb\":{\"@id\":\"https:\\\/\\\/hi-nd.com\\\/sv\\\/produkt\\\/takmonterad-led\\\/#breadcrumb\"},\"inLanguage\":\"sv-SE\",\"potentialAction\":[{\"@type\":\"ReadAction\",\"target\":[\"https:\\\/\\\/hi-nd.com\\\/sv\\\/produkt\\\/takmonterad-led\\\/\"]}]},{\"@type\":\"ImageObject\",\"inLanguage\":\"sv-SE\",\"@id\":\"https:\\\/\\\/hi-nd.com\\\/sv\\\/produkt\\\/takmonterad-led\\\/#primaryimage\",\"url\":\"https:\\\/\\\/hi-nd.com\\\/wp-content\\\/uploads\\\/2022\\\/01\\\/LED-ceiling.png\",\"contentUrl\":\"https:\\\/\\\/hi-nd.com\\\/wp-content\\\/uploads\\\/2022\\\/01\\\/LED-ceiling.png\",\"width\":750,\"height\":750},{\"@type\":\"BreadcrumbList\",\"@id\":\"https:\\\/\\\/hi-nd.com\\\/sv\\\/produkt\\\/takmonterad-led\\\/#breadcrumb\",\"itemListElement\":[{\"@type\":\"ListItem\",\"position\":1,\"name\":\"Home\",\"item\":\"https:\\\/\\\/hi-nd.com\\\/sv\\\/\"},{\"@type\":\"ListItem\",\"position\":2,\"name\":\"Butik\",\"item\":\"https:\\\/\\\/hi-nd.com\\\/sv\\\/butik\\\/\"},{\"@type\":\"ListItem\",\"position\":3,\"name\":\"Takmonterad LED\"}]},{\"@type\":\"WebSite\",\"@id\":\"https:\\\/\\\/hi-nd.com\\\/#website\",\"url\":\"https:\\\/\\\/hi-nd.com\\\/\",\"name\":\"HI-ND\",\"description\":\"Mounting Solutions\",\"potentialAction\":[{\"@type\":\"SearchAction\",\"target\":{\"@type\":\"EntryPoint\",\"urlTemplate\":\"https:\\\/\\\/hi-nd.com\\\/?s={search_term_string}\"},\"query-input\":{\"@type\":\"PropertyValueSpecification\",\"valueRequired\":true,\"valueName\":\"search_term_string\"}}],\"inLanguage\":\"sv-SE\"}]}<\/script>\n<!-- \/ Yoast SEO plugin. -->","yoast_head_json":{"title":"Takmonterad LED - HI-ND","description":"HI-ND takmonterad LED \u00e4r skapad f\u00f6r installation i skyltf\u00f6nster eller inuti k\u00f6pcentra. Den kan enkelt anpassas.","robots":{"index":"index","follow":"follow","max-snippet":"max-snippet:-1","max-image-preview":"max-image-preview:large","max-video-preview":"max-video-preview:-1"},"canonical":"https:\/\/hi-nd.com\/sv\/produkt\/takmonterad-led\/","og_locale":"sv_SE","og_type":"article","og_title":"Takmonterad LED - HI-ND","og_description":"HI-ND takmonterad LED \u00e4r skapad f\u00f6r installation i skyltf\u00f6nster eller inuti k\u00f6pcentra. Den kan enkelt anpassas.","og_url":"https:\/\/hi-nd.com\/sv\/produkt\/takmonterad-led\/","og_site_name":"HI-ND","article_modified_time":"2024-02-22T20:20:06+00:00","og_image":[{"width":750,"height":750,"url":"https:\/\/hi-nd.com\/wp-content\/uploads\/2022\/01\/LED-ceiling.png","type":"image\/png"}],"twitter_card":"summary_large_image","schema":{"@context":"https:\/\/schema.org","@graph":[{"@type":"WebPage","@id":"https:\/\/hi-nd.com\/sv\/produkt\/takmonterad-led\/","url":"https:\/\/hi-nd.com\/sv\/produkt\/takmonterad-led\/","name":"Takmonterad LED - HI-ND","isPartOf":{"@id":"https:\/\/hi-nd.com\/#website"},"primaryImageOfPage":{"@id":"https:\/\/hi-nd.com\/sv\/produkt\/takmonterad-led\/#primaryimage"},"image":{"@id":"https:\/\/hi-nd.com\/sv\/produkt\/takmonterad-led\/#primaryimage"},"thumbnailUrl":"https:\/\/hi-nd.com\/wp-content\/uploads\/2022\/01\/LED-ceiling.png","datePublished":"2022-01-20T15:44:11+00:00","dateModified":"2024-02-22T20:20:06+00:00","description":"HI-ND takmonterad LED \u00e4r skapad f\u00f6r installation i skyltf\u00f6nster eller inuti k\u00f6pcentra. Den kan enkelt anpassas.","breadcrumb":{"@id":"https:\/\/hi-nd.com\/sv\/produkt\/takmonterad-led\/#breadcrumb"},"inLanguage":"sv-SE","potentialAction":[{"@type":"ReadAction","target":["https:\/\/hi-nd.com\/sv\/produkt\/takmonterad-led\/"]}]},{"@type":"ImageObject","inLanguage":"sv-SE","@id":"https:\/\/hi-nd.com\/sv\/produkt\/takmonterad-led\/#primaryimage","url":"https:\/\/hi-nd.com\/wp-content\/uploads\/2022\/01\/LED-ceiling.png","contentUrl":"https:\/\/hi-nd.com\/wp-content\/uploads\/2022\/01\/LED-ceiling.png","width":750,"height":750},{"@type":"BreadcrumbList","@id":"https:\/\/hi-nd.com\/sv\/produkt\/takmonterad-led\/#breadcrumb","itemListElement":[{"@type":"ListItem","position":1,"name":"Home","item":"https:\/\/hi-nd.com\/sv\/"},{"@type":"ListItem","position":2,"name":"Butik","item":"https:\/\/hi-nd.com\/sv\/butik\/"},{"@type":"ListItem","position":3,"name":"Takmonterad LED"}]},{"@type":"WebSite","@id":"https:\/\/hi-nd.com\/#website","url":"https:\/\/hi-nd.com\/","name":"HI-ND","description":"Mounting Solutions","potentialAction":[{"@type":"SearchAction","target":{"@type":"EntryPoint","urlTemplate":"https:\/\/hi-nd.com\/?s={search_term_string}"},"query-input":{"@type":"PropertyValueSpecification","valueRequired":true,"valueName":"search_term_string"}}],"inLanguage":"sv-SE"}]}},"_links":{"self":[{"href":"https:\/\/hi-nd.com\/sv\/wp-json\/wp\/v2\/product\/5795","targetHints":{"allow":["GET"]}}],"collection":[{"href":"https:\/\/hi-nd.com\/sv\/wp-json\/wp\/v2\/product"}],"about":[{"href":"https:\/\/hi-nd.com\/sv\/wp-json\/wp\/v2\/types\/product"}],"wp:featuredmedia":[{"embeddable":true,"href":"https:\/\/hi-nd.com\/sv\/wp-json\/wp\/v2\/media\/3719"}],"wp:attachment":[{"href":"https:\/\/hi-nd.com\/sv\/wp-json\/wp\/v2\/media?parent=5795"}],"wp:term":[{"taxonomy":"product_brand","embeddable":true,"href":"https:\/\/hi-nd.com\/sv\/wp-json\/wp\/v2\/product_brand?post=5795"},{"taxonomy":"product_cat","embeddable":true,"href":"https:\/\/hi-nd.com\/sv\/wp-json\/wp\/v2\/product_cat?post=5795"},{"taxonomy":"product_tag","embeddable":true,"href":"https:\/\/hi-nd.com\/sv\/wp-json\/wp\/v2\/product_tag?post=5795"}],"curies":[{"name":"wp","href":"https:\/\/api.w.org\/{rel}","templated":true}]}}