{"id":5792,"date":"2022-01-20T16:32:12","date_gmt":"2022-01-20T15:32:12","guid":{"rendered":"https:\/\/hi-nd.com\/product\/taklosning-samsung-omn-ds\/"},"modified":"2024-05-02T09:47:34","modified_gmt":"2024-05-02T07:47:34","slug":"taklosning-samsung-omn-ds","status":"publish","type":"product","link":"https:\/\/hi-nd.com\/sv\/produkt\/taklosning-samsung-omn-ds\/","title":{"rendered":"Takl\u00f6sning Samsung OMN-DS"},"content":{"rendered":"<table width=\"655\">\n<tbody>\n<tr>\n<td width=\"146\">Artikelnummer<\/td>\n<td width=\"384\">Beskrivning<\/td>\n<td width=\"125\">F\u00e4rg<\/td>\n<\/tr>\n<\/tbody>\n<\/table>\n<table width=\"655\">\n<tbody>\n<tr>\n<td width=\"146\">CC5519-5101-01<\/td>\n<td width=\"384\">Takh\u00f6lje, OM55N-DS, Portr\u00e4tt<\/td>\n<td width=\"125\">Vit<\/td>\n<\/tr>\n<tr>\n<td>CC5519-5001-02<\/td>\n<td>Takskena, OM55N-DS, Portr\u00e4tt<\/td>\n<td>Svart<\/td>\n<\/tr>\n<\/tbody>\n<\/table>\n","protected":false},"excerpt":{"rendered":"<p><strong>Takl\u00f6sning f\u00f6r Samsung OM55N-DS<\/strong><\/p>\n<p>Vi har tagit fram en kabell\u00f6sning f\u00f6r Samsung OM55N-DS. En monteringsplatta f\u00f6r taket ing\u00e5r f\u00f6r enkel installation i olika milj\u00f6er.<\/p>\n<ul>\n<li>Takl\u00f6sning f\u00f6r Samsung OM55N-DS<\/li>\n<li>Monteringsplatta f\u00f6r innertak<\/li>\n<\/ul>\n<p><b>Kabel ing\u00e5r<\/b>.<\/p>\n","protected":false},"featured_media":4934,"template":"","meta":[],"product_brand":[],"product_cat":[96,98],"product_tag":[],"class_list":{"0":"post-5792","1":"product","2":"type-product","3":"status-publish","4":"has-post-thumbnail","6":"product_cat-tak-sv","7":"product_cat-takmontering","9":"first","10":"instock","11":"shipping-taxable","12":"product-type-simple"},"yoast_head":"<!-- This site is optimized with the Yoast SEO plugin v27.3 - https:\/\/yoast.com\/product\/yoast-seo-wordpress\/ -->\n<title>Takl\u00f6sning Samsung OMN-DS - HI-ND<\/title>\n<meta name=\"description\" content=\"Vi har tagit fram en kabell\u00f6sning f\u00f6r Samsung OM55N-D. En monteringsplatta f\u00f6r taket ing\u00e5r f\u00f6r enkel installation.\" \/>\n<meta name=\"robots\" content=\"index, follow, max-snippet:-1, max-image-preview:large, max-video-preview:-1\" \/>\n<link rel=\"canonical\" href=\"https:\/\/hi-nd.com\/sv\/produkt\/taklosning-samsung-omn-ds\/\" \/>\n<meta property=\"og:locale\" content=\"sv_SE\" \/>\n<meta property=\"og:type\" content=\"article\" \/>\n<meta property=\"og:title\" content=\"Takl\u00f6sning Samsung OMN-DS - HI-ND\" \/>\n<meta property=\"og:description\" content=\"Vi har tagit fram en kabell\u00f6sning f\u00f6r Samsung OM55N-D. En monteringsplatta f\u00f6r taket ing\u00e5r f\u00f6r enkel installation.\" \/>\n<meta property=\"og:url\" content=\"https:\/\/hi-nd.com\/sv\/produkt\/taklosning-samsung-omn-ds\/\" \/>\n<meta property=\"og:site_name\" content=\"HI-ND\" \/>\n<meta property=\"article:modified_time\" content=\"2024-05-02T07:47:34+00:00\" \/>\n<meta property=\"og:image\" content=\"https:\/\/hi-nd.com\/wp-content\/uploads\/2022\/01\/CC5519-5201-06.jpg\" \/>\n\t<meta property=\"og:image:width\" content=\"1600\" \/>\n\t<meta property=\"og:image:height\" content=\"1600\" \/>\n\t<meta property=\"og:image:type\" content=\"image\/jpeg\" \/>\n<meta name=\"twitter:card\" content=\"summary_large_image\" \/>\n<script type=\"application\/ld+json\" class=\"yoast-schema-graph\">{\"@context\":\"https:\\\/\\\/schema.org\",\"@graph\":[{\"@type\":\"WebPage\",\"@id\":\"https:\\\/\\\/hi-nd.com\\\/sv\\\/produkt\\\/taklosning-samsung-omn-ds\\\/\",\"url\":\"https:\\\/\\\/hi-nd.com\\\/sv\\\/produkt\\\/taklosning-samsung-omn-ds\\\/\",\"name\":\"Takl\u00f6sning Samsung OMN-DS - HI-ND\",\"isPartOf\":{\"@id\":\"https:\\\/\\\/hi-nd.com\\\/#website\"},\"primaryImageOfPage\":{\"@id\":\"https:\\\/\\\/hi-nd.com\\\/sv\\\/produkt\\\/taklosning-samsung-omn-ds\\\/#primaryimage\"},\"image\":{\"@id\":\"https:\\\/\\\/hi-nd.com\\\/sv\\\/produkt\\\/taklosning-samsung-omn-ds\\\/#primaryimage\"},\"thumbnailUrl\":\"https:\\\/\\\/hi-nd.com\\\/wp-content\\\/uploads\\\/2022\\\/01\\\/CC5519-5201-06.jpg\",\"datePublished\":\"2022-01-20T15:32:12+00:00\",\"dateModified\":\"2024-05-02T07:47:34+00:00\",\"description\":\"Vi har tagit fram en kabell\u00f6sning f\u00f6r Samsung OM55N-D. En monteringsplatta f\u00f6r taket ing\u00e5r f\u00f6r enkel installation.\",\"breadcrumb\":{\"@id\":\"https:\\\/\\\/hi-nd.com\\\/sv\\\/produkt\\\/taklosning-samsung-omn-ds\\\/#breadcrumb\"},\"inLanguage\":\"sv-SE\",\"potentialAction\":[{\"@type\":\"ReadAction\",\"target\":[\"https:\\\/\\\/hi-nd.com\\\/sv\\\/produkt\\\/taklosning-samsung-omn-ds\\\/\"]}]},{\"@type\":\"ImageObject\",\"inLanguage\":\"sv-SE\",\"@id\":\"https:\\\/\\\/hi-nd.com\\\/sv\\\/produkt\\\/taklosning-samsung-omn-ds\\\/#primaryimage\",\"url\":\"https:\\\/\\\/hi-nd.com\\\/wp-content\\\/uploads\\\/2022\\\/01\\\/CC5519-5201-06.jpg\",\"contentUrl\":\"https:\\\/\\\/hi-nd.com\\\/wp-content\\\/uploads\\\/2022\\\/01\\\/CC5519-5201-06.jpg\",\"width\":1600,\"height\":1600,\"caption\":\"Takl\u00f6sning Samsung OMN-D\"},{\"@type\":\"BreadcrumbList\",\"@id\":\"https:\\\/\\\/hi-nd.com\\\/sv\\\/produkt\\\/taklosning-samsung-omn-ds\\\/#breadcrumb\",\"itemListElement\":[{\"@type\":\"ListItem\",\"position\":1,\"name\":\"Home\",\"item\":\"https:\\\/\\\/hi-nd.com\\\/sv\\\/\"},{\"@type\":\"ListItem\",\"position\":2,\"name\":\"Butik\",\"item\":\"https:\\\/\\\/hi-nd.com\\\/sv\\\/butik\\\/\"},{\"@type\":\"ListItem\",\"position\":3,\"name\":\"Takl\u00f6sning Samsung OMN-DS\"}]},{\"@type\":\"WebSite\",\"@id\":\"https:\\\/\\\/hi-nd.com\\\/#website\",\"url\":\"https:\\\/\\\/hi-nd.com\\\/\",\"name\":\"HI-ND\",\"description\":\"Mounting Solutions\",\"potentialAction\":[{\"@type\":\"SearchAction\",\"target\":{\"@type\":\"EntryPoint\",\"urlTemplate\":\"https:\\\/\\\/hi-nd.com\\\/?s={search_term_string}\"},\"query-input\":{\"@type\":\"PropertyValueSpecification\",\"valueRequired\":true,\"valueName\":\"search_term_string\"}}],\"inLanguage\":\"sv-SE\"}]}<\/script>\n<!-- \/ Yoast SEO plugin. -->","yoast_head_json":{"title":"Takl\u00f6sning Samsung OMN-DS - HI-ND","description":"Vi har tagit fram en kabell\u00f6sning f\u00f6r Samsung OM55N-D. En monteringsplatta f\u00f6r taket ing\u00e5r f\u00f6r enkel installation.","robots":{"index":"index","follow":"follow","max-snippet":"max-snippet:-1","max-image-preview":"max-image-preview:large","max-video-preview":"max-video-preview:-1"},"canonical":"https:\/\/hi-nd.com\/sv\/produkt\/taklosning-samsung-omn-ds\/","og_locale":"sv_SE","og_type":"article","og_title":"Takl\u00f6sning Samsung OMN-DS - HI-ND","og_description":"Vi har tagit fram en kabell\u00f6sning f\u00f6r Samsung OM55N-D. En monteringsplatta f\u00f6r taket ing\u00e5r f\u00f6r enkel installation.","og_url":"https:\/\/hi-nd.com\/sv\/produkt\/taklosning-samsung-omn-ds\/","og_site_name":"HI-ND","article_modified_time":"2024-05-02T07:47:34+00:00","og_image":[{"width":1600,"height":1600,"url":"https:\/\/hi-nd.com\/wp-content\/uploads\/2022\/01\/CC5519-5201-06.jpg","type":"image\/jpeg"}],"twitter_card":"summary_large_image","schema":{"@context":"https:\/\/schema.org","@graph":[{"@type":"WebPage","@id":"https:\/\/hi-nd.com\/sv\/produkt\/taklosning-samsung-omn-ds\/","url":"https:\/\/hi-nd.com\/sv\/produkt\/taklosning-samsung-omn-ds\/","name":"Takl\u00f6sning Samsung OMN-DS - HI-ND","isPartOf":{"@id":"https:\/\/hi-nd.com\/#website"},"primaryImageOfPage":{"@id":"https:\/\/hi-nd.com\/sv\/produkt\/taklosning-samsung-omn-ds\/#primaryimage"},"image":{"@id":"https:\/\/hi-nd.com\/sv\/produkt\/taklosning-samsung-omn-ds\/#primaryimage"},"thumbnailUrl":"https:\/\/hi-nd.com\/wp-content\/uploads\/2022\/01\/CC5519-5201-06.jpg","datePublished":"2022-01-20T15:32:12+00:00","dateModified":"2024-05-02T07:47:34+00:00","description":"Vi har tagit fram en kabell\u00f6sning f\u00f6r Samsung OM55N-D. En monteringsplatta f\u00f6r taket ing\u00e5r f\u00f6r enkel installation.","breadcrumb":{"@id":"https:\/\/hi-nd.com\/sv\/produkt\/taklosning-samsung-omn-ds\/#breadcrumb"},"inLanguage":"sv-SE","potentialAction":[{"@type":"ReadAction","target":["https:\/\/hi-nd.com\/sv\/produkt\/taklosning-samsung-omn-ds\/"]}]},{"@type":"ImageObject","inLanguage":"sv-SE","@id":"https:\/\/hi-nd.com\/sv\/produkt\/taklosning-samsung-omn-ds\/#primaryimage","url":"https:\/\/hi-nd.com\/wp-content\/uploads\/2022\/01\/CC5519-5201-06.jpg","contentUrl":"https:\/\/hi-nd.com\/wp-content\/uploads\/2022\/01\/CC5519-5201-06.jpg","width":1600,"height":1600,"caption":"Takl\u00f6sning Samsung OMN-D"},{"@type":"BreadcrumbList","@id":"https:\/\/hi-nd.com\/sv\/produkt\/taklosning-samsung-omn-ds\/#breadcrumb","itemListElement":[{"@type":"ListItem","position":1,"name":"Home","item":"https:\/\/hi-nd.com\/sv\/"},{"@type":"ListItem","position":2,"name":"Butik","item":"https:\/\/hi-nd.com\/sv\/butik\/"},{"@type":"ListItem","position":3,"name":"Takl\u00f6sning Samsung OMN-DS"}]},{"@type":"WebSite","@id":"https:\/\/hi-nd.com\/#website","url":"https:\/\/hi-nd.com\/","name":"HI-ND","description":"Mounting Solutions","potentialAction":[{"@type":"SearchAction","target":{"@type":"EntryPoint","urlTemplate":"https:\/\/hi-nd.com\/?s={search_term_string}"},"query-input":{"@type":"PropertyValueSpecification","valueRequired":true,"valueName":"search_term_string"}}],"inLanguage":"sv-SE"}]}},"_links":{"self":[{"href":"https:\/\/hi-nd.com\/sv\/wp-json\/wp\/v2\/product\/5792","targetHints":{"allow":["GET"]}}],"collection":[{"href":"https:\/\/hi-nd.com\/sv\/wp-json\/wp\/v2\/product"}],"about":[{"href":"https:\/\/hi-nd.com\/sv\/wp-json\/wp\/v2\/types\/product"}],"wp:featuredmedia":[{"embeddable":true,"href":"https:\/\/hi-nd.com\/sv\/wp-json\/wp\/v2\/media\/4934"}],"wp:attachment":[{"href":"https:\/\/hi-nd.com\/sv\/wp-json\/wp\/v2\/media?parent=5792"}],"wp:term":[{"taxonomy":"product_brand","embeddable":true,"href":"https:\/\/hi-nd.com\/sv\/wp-json\/wp\/v2\/product_brand?post=5792"},{"taxonomy":"product_cat","embeddable":true,"href":"https:\/\/hi-nd.com\/sv\/wp-json\/wp\/v2\/product_cat?post=5792"},{"taxonomy":"product_tag","embeddable":true,"href":"https:\/\/hi-nd.com\/sv\/wp-json\/wp\/v2\/product_tag?post=5792"}],"curies":[{"name":"wp","href":"https:\/\/api.w.org\/{rel}","templated":true}]}}