{"id":5789,"date":"2021-11-22T19:10:59","date_gmt":"2021-11-22T18:10:59","guid":{"rendered":"https:\/\/hi-nd.com\/product\/front-cover\/"},"modified":"2024-09-03T14:29:32","modified_gmt":"2024-09-03T12:29:32","slug":"front-cover","status":"publish","type":"product","link":"https:\/\/hi-nd.com\/sv\/produkt\/front-cover\/","title":{"rendered":"Front Cover"},"content":{"rendered":"<table width=\"988\">\n<tbody>\n<tr>\n<td width=\"133\"> Artikelnummer<\/td>\n<td width=\"550\"> Beskrivning<\/td>\n<td width=\"88\"> F\u00e4rg<\/td>\n<\/tr>\n<tr>\n<td> FC3212-0201-01<\/td>\n<td> Frontskydd 32&#8243; f\u00f6r Samsung QM32C, QB32C, QH32C<\/td>\n<td> Vit<\/td>\n<\/tr>\n<tr>\n<td> FC4300-0201-01<\/td>\n<td> Frontskydd 43&#8243; f\u00f6r Samsung QM43C\/LG UH7J-H\/ UH5N-E\/UM5N-H<\/td>\n<td> Vit<\/td>\n<\/tr>\n<tr>\n<td> FC5012-0201-01<\/td>\n<td> Frontskydd 50&#8243; f\u00f6r Samsung QM50C<\/td>\n<td> Vit<\/td>\n<\/tr>\n<tr>\n<td> FC5500-0201-01<\/td>\n<td> Frontskydd 55&#8243; f\u00f6r Samsung QM55C, QB55C, QH55C\/LG UH7J-H\/ UH5N-E\/UM5N-H<\/td>\n<td> Vit<\/td>\n<\/tr>\n<tr>\n<td> FC6512-0201-01<\/td>\n<td> Frontskydd 65&#8243; f\u00f6r Samsung QM65C\/QB65C\/QH65C<\/td>\n<td> Vit<\/td>\n<\/tr>\n<tr>\n<td> FC7512-0201-01<\/td>\n<td> Frontskydd 75&#8243; f\u00f6r Samsung QB75C\/QM75C\/QH75C<\/td>\n<td> Vit<\/td>\n<\/tr>\n<tr>\n<td> FC8512-0201-01<\/td>\n<td> Frontskydd 85&#8243; f\u00f6r Samsung QB85B-B\/QM85B-B<\/td>\n<td> Vit<\/td>\n<\/tr>\n<tr>\n<td> FC3212-0201-02<\/td>\n<td> Frontskydd 32&#8243; f\u00f6r Samsung QM32C, QB32C, QH32C<\/td>\n<td> Svart<\/td>\n<\/tr>\n<tr>\n<td> FC4300-0201-02<\/td>\n<td> Frontskydd 43&#8243; f\u00f6r Samsung QM43C\/LG UH7J-H\/ UH5N-E\/UM5N-H<\/td>\n<td> Svart<\/td>\n<\/tr>\n<tr>\n<td> FC5012-0201-02<\/td>\n<td> Frontskydd 50&#8243; f\u00f6r Samsung QM50C, QB50C, QH50C<\/td>\n<td> Svart<\/td>\n<\/tr>\n<tr>\n<td> FC5500-0201-02<\/td>\n<td> Frontskydd 55&#8243; f\u00f6r Samsung QM55C, QB55C, QH55C\/LG UH7J-H\/ UH5N-E\/UM5N-H<\/td>\n<td> Svart<\/td>\n<\/tr>\n<tr>\n<td> FC6512-0201-02<\/td>\n<td> Frontskydd 65&#8243; f\u00f6r Samsung QM65C\/QB65C\/QH65C<\/td>\n<td> Svart<\/td>\n<\/tr>\n<tr>\n<td> FC7512-0201-02<\/td>\n<td> Frontskydd 75&#8243; f\u00f6r Samsung QB75C\/QM75C\/QH75C<\/td>\n<td> Svart<\/td>\n<\/tr>\n<tr>\n<td> FC8512-0201-02<\/td>\n<td> Frontskydd 85&#8243; f\u00f6r Samsung QB85B-B\/QM85B-B<\/td>\n<td> Svart<\/td>\n<\/tr>\n<tr>\n<td> FC4925-0101-01<\/td>\n<td> Frontk\u00e5pa 49&#8243; f\u00f6r LG UH7J-H, UH5N-E, LG UM5N-H<\/td>\n<td> Vit<\/td>\n<\/tr>\n<tr>\n<td> FC4925-0101-02<\/td>\n<td> Frontk\u00e5pa 49&#8243; f\u00f6r LG UH7J-H, UH5N-E, LG UM5N-H<\/td>\n<td> Svart<\/td>\n<\/tr>\n<\/tbody>\n<\/table>\n","protected":false},"excerpt":{"rendered":"<p><strong>HI-ND Frontskydd f\u00f6r professionella sk\u00e4rmar<\/strong> Frontskyddet anv\u00e4nds i milj\u00f6er som menyer, butiker, konferensrum och lobbyer. V\u00e5ra egenutvecklade osynliga f\u00e4stelement g\u00f6r produkten mycket enkel att installera. Anv\u00e4nd dina kreativa id\u00e9er och v\u00e4lj en framsida med ditt eget val av material och f\u00e4rg.  <\/p>\n<div class=\"component-productdescription du-component\">\n<ul>\n<li>Samsung 32&#8243; &#8211; 85&#8243;<\/li>\n<li>LG UH &amp; UM 49&#8243;<\/li>\n<li>Vit och svart som standard<\/li>\n<li>Kan best\u00e4llas i andra material som rostfritt st\u00e5l och m\u00e4ssing<\/li>\n<li>Landskap\/Portr\u00e4tt<\/li>\n<li>Monteringsdesignen g\u00f6r produkten mycket enkel att installera<\/li>\n<\/ul>\n<\/div>\n","protected":false},"featured_media":9657,"template":"","meta":[],"product_brand":[],"product_cat":[111],"product_tag":[],"class_list":{"0":"post-5789","1":"product","2":"type-product","3":"status-publish","4":"has-post-thumbnail","6":"product_cat-front-cover","8":"first","9":"instock","10":"shipping-taxable","11":"product-type-simple"},"yoast_head":"<!-- This site is optimized with the Yoast SEO plugin v27.3 - https:\/\/yoast.com\/product\/yoast-seo-wordpress\/ -->\n<title>Front Cover - HI-ND<\/title>\n<meta name=\"description\" content=\"HI-ND frontskydd f\u00f6r professionella displayer anv\u00e4nds p\u00e5 marknader som menuboards, butiker, konferensrum och lobbys.\" \/>\n<meta name=\"robots\" content=\"index, follow, max-snippet:-1, max-image-preview:large, max-video-preview:-1\" \/>\n<link rel=\"canonical\" href=\"https:\/\/hi-nd.com\/sv\/produkt\/front-cover\/\" \/>\n<meta property=\"og:locale\" content=\"sv_SE\" \/>\n<meta property=\"og:type\" content=\"article\" \/>\n<meta property=\"og:title\" content=\"Front Cover - HI-ND\" \/>\n<meta property=\"og:description\" content=\"HI-ND frontskydd f\u00f6r professionella displayer anv\u00e4nds p\u00e5 marknader som menuboards, butiker, konferensrum och lobbys.\" \/>\n<meta property=\"og:url\" content=\"https:\/\/hi-nd.com\/sv\/produkt\/front-cover\/\" \/>\n<meta property=\"og:site_name\" content=\"HI-ND\" \/>\n<meta property=\"article:modified_time\" content=\"2024-09-03T12:29:32+00:00\" \/>\n<meta property=\"og:image\" content=\"https:\/\/hi-nd.com\/wp-content\/uploads\/2021\/11\/FC5012-0201-02-Portrait-TV-750x750-1.jpg\" \/>\n\t<meta property=\"og:image:width\" content=\"750\" \/>\n\t<meta property=\"og:image:height\" content=\"750\" \/>\n\t<meta property=\"og:image:type\" content=\"image\/jpeg\" \/>\n<meta name=\"twitter:card\" content=\"summary_large_image\" \/>\n<meta name=\"twitter:label1\" content=\"Ber\u00e4knad l\u00e4stid\" \/>\n\t<meta name=\"twitter:data1\" content=\"1 minut\" \/>\n<script type=\"application\/ld+json\" class=\"yoast-schema-graph\">{\"@context\":\"https:\\\/\\\/schema.org\",\"@graph\":[{\"@type\":\"WebPage\",\"@id\":\"https:\\\/\\\/hi-nd.com\\\/sv\\\/produkt\\\/front-cover\\\/\",\"url\":\"https:\\\/\\\/hi-nd.com\\\/sv\\\/produkt\\\/front-cover\\\/\",\"name\":\"Front Cover - HI-ND\",\"isPartOf\":{\"@id\":\"https:\\\/\\\/hi-nd.com\\\/#website\"},\"primaryImageOfPage\":{\"@id\":\"https:\\\/\\\/hi-nd.com\\\/sv\\\/produkt\\\/front-cover\\\/#primaryimage\"},\"image\":{\"@id\":\"https:\\\/\\\/hi-nd.com\\\/sv\\\/produkt\\\/front-cover\\\/#primaryimage\"},\"thumbnailUrl\":\"https:\\\/\\\/hi-nd.com\\\/wp-content\\\/uploads\\\/2021\\\/11\\\/FC5012-0201-02-Portrait-TV-750x750-1.jpg\",\"datePublished\":\"2021-11-22T18:10:59+00:00\",\"dateModified\":\"2024-09-03T12:29:32+00:00\",\"description\":\"HI-ND frontskydd f\u00f6r professionella displayer anv\u00e4nds p\u00e5 marknader som menuboards, butiker, konferensrum och lobbys.\",\"breadcrumb\":{\"@id\":\"https:\\\/\\\/hi-nd.com\\\/sv\\\/produkt\\\/front-cover\\\/#breadcrumb\"},\"inLanguage\":\"sv-SE\",\"potentialAction\":[{\"@type\":\"ReadAction\",\"target\":[\"https:\\\/\\\/hi-nd.com\\\/sv\\\/produkt\\\/front-cover\\\/\"]}]},{\"@type\":\"ImageObject\",\"inLanguage\":\"sv-SE\",\"@id\":\"https:\\\/\\\/hi-nd.com\\\/sv\\\/produkt\\\/front-cover\\\/#primaryimage\",\"url\":\"https:\\\/\\\/hi-nd.com\\\/wp-content\\\/uploads\\\/2021\\\/11\\\/FC5012-0201-02-Portrait-TV-750x750-1.jpg\",\"contentUrl\":\"https:\\\/\\\/hi-nd.com\\\/wp-content\\\/uploads\\\/2021\\\/11\\\/FC5012-0201-02-Portrait-TV-750x750-1.jpg\",\"width\":750,\"height\":750,\"caption\":\"Front cover white\"},{\"@type\":\"BreadcrumbList\",\"@id\":\"https:\\\/\\\/hi-nd.com\\\/sv\\\/produkt\\\/front-cover\\\/#breadcrumb\",\"itemListElement\":[{\"@type\":\"ListItem\",\"position\":1,\"name\":\"Home\",\"item\":\"https:\\\/\\\/hi-nd.com\\\/sv\\\/\"},{\"@type\":\"ListItem\",\"position\":2,\"name\":\"Butik\",\"item\":\"https:\\\/\\\/hi-nd.com\\\/sv\\\/butik\\\/\"},{\"@type\":\"ListItem\",\"position\":3,\"name\":\"Front Cover\"}]},{\"@type\":\"WebSite\",\"@id\":\"https:\\\/\\\/hi-nd.com\\\/#website\",\"url\":\"https:\\\/\\\/hi-nd.com\\\/\",\"name\":\"HI-ND\",\"description\":\"Mounting Solutions\",\"potentialAction\":[{\"@type\":\"SearchAction\",\"target\":{\"@type\":\"EntryPoint\",\"urlTemplate\":\"https:\\\/\\\/hi-nd.com\\\/?s={search_term_string}\"},\"query-input\":{\"@type\":\"PropertyValueSpecification\",\"valueRequired\":true,\"valueName\":\"search_term_string\"}}],\"inLanguage\":\"sv-SE\"}]}<\/script>\n<!-- \/ Yoast SEO plugin. -->","yoast_head_json":{"title":"Front Cover - HI-ND","description":"HI-ND frontskydd f\u00f6r professionella displayer anv\u00e4nds p\u00e5 marknader som menuboards, butiker, konferensrum och lobbys.","robots":{"index":"index","follow":"follow","max-snippet":"max-snippet:-1","max-image-preview":"max-image-preview:large","max-video-preview":"max-video-preview:-1"},"canonical":"https:\/\/hi-nd.com\/sv\/produkt\/front-cover\/","og_locale":"sv_SE","og_type":"article","og_title":"Front Cover - HI-ND","og_description":"HI-ND frontskydd f\u00f6r professionella displayer anv\u00e4nds p\u00e5 marknader som menuboards, butiker, konferensrum och lobbys.","og_url":"https:\/\/hi-nd.com\/sv\/produkt\/front-cover\/","og_site_name":"HI-ND","article_modified_time":"2024-09-03T12:29:32+00:00","og_image":[{"width":750,"height":750,"url":"https:\/\/hi-nd.com\/wp-content\/uploads\/2021\/11\/FC5012-0201-02-Portrait-TV-750x750-1.jpg","type":"image\/jpeg"}],"twitter_card":"summary_large_image","twitter_misc":{"Ber\u00e4knad l\u00e4stid":"1 minut"},"schema":{"@context":"https:\/\/schema.org","@graph":[{"@type":"WebPage","@id":"https:\/\/hi-nd.com\/sv\/produkt\/front-cover\/","url":"https:\/\/hi-nd.com\/sv\/produkt\/front-cover\/","name":"Front Cover - HI-ND","isPartOf":{"@id":"https:\/\/hi-nd.com\/#website"},"primaryImageOfPage":{"@id":"https:\/\/hi-nd.com\/sv\/produkt\/front-cover\/#primaryimage"},"image":{"@id":"https:\/\/hi-nd.com\/sv\/produkt\/front-cover\/#primaryimage"},"thumbnailUrl":"https:\/\/hi-nd.com\/wp-content\/uploads\/2021\/11\/FC5012-0201-02-Portrait-TV-750x750-1.jpg","datePublished":"2021-11-22T18:10:59+00:00","dateModified":"2024-09-03T12:29:32+00:00","description":"HI-ND frontskydd f\u00f6r professionella displayer anv\u00e4nds p\u00e5 marknader som menuboards, butiker, konferensrum och lobbys.","breadcrumb":{"@id":"https:\/\/hi-nd.com\/sv\/produkt\/front-cover\/#breadcrumb"},"inLanguage":"sv-SE","potentialAction":[{"@type":"ReadAction","target":["https:\/\/hi-nd.com\/sv\/produkt\/front-cover\/"]}]},{"@type":"ImageObject","inLanguage":"sv-SE","@id":"https:\/\/hi-nd.com\/sv\/produkt\/front-cover\/#primaryimage","url":"https:\/\/hi-nd.com\/wp-content\/uploads\/2021\/11\/FC5012-0201-02-Portrait-TV-750x750-1.jpg","contentUrl":"https:\/\/hi-nd.com\/wp-content\/uploads\/2021\/11\/FC5012-0201-02-Portrait-TV-750x750-1.jpg","width":750,"height":750,"caption":"Front cover white"},{"@type":"BreadcrumbList","@id":"https:\/\/hi-nd.com\/sv\/produkt\/front-cover\/#breadcrumb","itemListElement":[{"@type":"ListItem","position":1,"name":"Home","item":"https:\/\/hi-nd.com\/sv\/"},{"@type":"ListItem","position":2,"name":"Butik","item":"https:\/\/hi-nd.com\/sv\/butik\/"},{"@type":"ListItem","position":3,"name":"Front Cover"}]},{"@type":"WebSite","@id":"https:\/\/hi-nd.com\/#website","url":"https:\/\/hi-nd.com\/","name":"HI-ND","description":"Mounting Solutions","potentialAction":[{"@type":"SearchAction","target":{"@type":"EntryPoint","urlTemplate":"https:\/\/hi-nd.com\/?s={search_term_string}"},"query-input":{"@type":"PropertyValueSpecification","valueRequired":true,"valueName":"search_term_string"}}],"inLanguage":"sv-SE"}]}},"_links":{"self":[{"href":"https:\/\/hi-nd.com\/sv\/wp-json\/wp\/v2\/product\/5789","targetHints":{"allow":["GET"]}}],"collection":[{"href":"https:\/\/hi-nd.com\/sv\/wp-json\/wp\/v2\/product"}],"about":[{"href":"https:\/\/hi-nd.com\/sv\/wp-json\/wp\/v2\/types\/product"}],"wp:featuredmedia":[{"embeddable":true,"href":"https:\/\/hi-nd.com\/sv\/wp-json\/wp\/v2\/media\/9657"}],"wp:attachment":[{"href":"https:\/\/hi-nd.com\/sv\/wp-json\/wp\/v2\/media?parent=5789"}],"wp:term":[{"taxonomy":"product_brand","embeddable":true,"href":"https:\/\/hi-nd.com\/sv\/wp-json\/wp\/v2\/product_brand?post=5789"},{"taxonomy":"product_cat","embeddable":true,"href":"https:\/\/hi-nd.com\/sv\/wp-json\/wp\/v2\/product_cat?post=5789"},{"taxonomy":"product_tag","embeddable":true,"href":"https:\/\/hi-nd.com\/sv\/wp-json\/wp\/v2\/product_tag?post=5789"}],"curies":[{"name":"wp","href":"https:\/\/api.w.org\/{rel}","templated":true}]}}