{"id":5785,"date":"2021-11-22T18:22:51","date_gmt":"2021-11-22T17:22:51","guid":{"rendered":"https:\/\/hi-nd.com\/product\/vaggholje-protect\/"},"modified":"2024-02-22T21:19:49","modified_gmt":"2024-02-22T20:19:49","slug":"vaggholje-protect","status":"publish","type":"product","link":"https:\/\/hi-nd.com\/sv\/produkt\/vaggholje-protect\/","title":{"rendered":"V\u00e4ggh\u00f6lje PROTECT"},"content":{"rendered":"<p>&nbsp;<\/p>\n<table width=\"981\">\n<tbody>\n<tr>\n<td width=\"130\">Artikelnummer<\/td>\n<td width=\"344\">Beskrivning<\/td>\n<td width=\"79\">F\u00e4rg<\/td>\n<td width=\"428\">Kompatibla sk\u00e4rmar<\/td>\n<\/tr>\n<tr>\n<td>WC1312-5001-51<\/td>\n<td>V\u00e4ggh\u00f6lje 13&#8243;, portr\u00e4tt, polykarbonat<\/td>\n<td>Vit<\/td>\n<td width=\"428\">QM13B, QMC<\/td>\n<\/tr>\n<tr>\n<td>WC3200-5001-51<\/td>\n<td>V\u00e4ggh\u00f6lje 32&#8243;, portr\u00e4tt, polykarbonat<\/td>\n<td>Vit<\/td>\n<td width=\"428\">QM32B, QMC<\/td>\n<\/tr>\n<tr>\n<td>WC4300-5001-51<\/td>\n<td>V\u00e4ggh\u00f6lje 43&#8243;, portr\u00e4tt, polykarbonat<\/td>\n<td>Vit<\/td>\n<td width=\"428\">QB43B\/QM43B\/QMC\/QH43B\/LG43UH5F<\/td>\n<\/tr>\n<tr>\n<td>WC4900-5001-51<\/td>\n<td>V\u00e4ggh\u00f6lje 49&#8243;, portr\u00e4tt, polykarbonat<\/td>\n<td>Vit<\/td>\n<td width=\"428\">QB49B\/QM49B\/QMC\/LG49UH5F\/LG49UH7F\/LG49UH7F<\/td>\n<\/tr>\n<tr>\n<td>WC5012-5101-51<\/td>\n<td>V\u00e4ggh\u00f6lje 50&#8243;, portr\u00e4tt, polykarbonat<\/td>\n<td>Vit<\/td>\n<td width=\"428\">QMC<\/td>\n<\/tr>\n<tr>\n<td>WC5500-5001-51<\/td>\n<td>V\u00e4ggh\u00f6lje 55&#8243;, portr\u00e4tt, polykarbonat<\/td>\n<td>Vit<\/td>\n<td width=\"428\">QM55B\/QB55B\/QMC\/QH55B\/LG55UH5F\/LGUH7F<\/td>\n<\/tr>\n<tr>\n<td>WC6500-5001-51<\/td>\n<td>V\u00e4ggh\u00f6lje 65&#8243;, portr\u00e4tt, polykarbonat<\/td>\n<td>Vit<\/td>\n<td width=\"428\">QB65B\/QM65B\/QMC\/QH65B\/LG65UH5F\/LG65UH7F<\/td>\n<\/tr>\n<tr>\n<td>WC7500-5001-51<\/td>\n<td>V\u00e4ggh\u00f6lje 75&#8243;, portr\u00e4tt, polykarbonat<\/td>\n<td>Vit<\/td>\n<td width=\"428\">QB75B\/QM75B\/QH75B\/QMC\/LG75UH5F<\/td>\n<\/tr>\n<tr>\n<td>WC1312-5001-52<\/td>\n<td>V\u00e4ggh\u00f6lje 13&#8243;, portr\u00e4tt, polykarbonat<\/td>\n<td>Svart<\/td>\n<td width=\"428\">QM13B\/QMC<\/td>\n<\/tr>\n<tr>\n<td>WC3200-5001-52<\/td>\n<td>V\u00e4ggh\u00f6lje 32&#8243;, portr\u00e4tt, polykarbonat<\/td>\n<td>Svart<\/td>\n<td width=\"428\">QM32B\/QMC<\/td>\n<\/tr>\n<tr>\n<td>WC4300-5001-52<\/td>\n<td>V\u00e4ggh\u00f6lje 43&#8243;, portr\u00e4tt, polykarbonat<\/td>\n<td>Svart<\/td>\n<td width=\"428\">QB43B\/QM43B\/QMC\/QH43B\/LG43UH5F<\/td>\n<\/tr>\n<tr>\n<td>WC4900-5001-52<\/td>\n<td>V\u00e4ggh\u00f6lje 49&#8243;, portr\u00e4tt, polykarbonat<\/td>\n<td>Svart<\/td>\n<td width=\"428\">QB49B\/QM49B\/QMC\/LG49UH5F\/LG49UH7F\/LG49UH7F<\/td>\n<\/tr>\n<tr>\n<td>WC5012-5101-52<\/td>\n<td>V\u00e4ggh\u00f6lje 50&#8243;, portr\u00e4tt, polykarbonat<\/td>\n<td>Svart<\/td>\n<td width=\"428\">QMC<\/td>\n<\/tr>\n<tr>\n<td>WC5500-5001-52<\/td>\n<td>V\u00e4ggh\u00f6lje 55&#8243; portr\u00e4tt, polykarbonat<\/td>\n<td>Svart<\/td>\n<td width=\"428\">QM55B\/QB55B\/QMC\/QH55B\/LG55UH5F\/LGUH7F<\/td>\n<\/tr>\n<tr>\n<td>WC6500-5001-52<\/td>\n<td>V\u00e4ggh\u00f6lje 65&#8243;, portr\u00e4tt, polykarbonat<\/td>\n<td>Svart<\/td>\n<td width=\"428\">QB65B\/QM65B\/QMC\/QH65B\/LG65UH5F\/LG65UH7F<\/td>\n<\/tr>\n<tr>\n<td>WC7500-5001-52<\/td>\n<td>V\u00e4ggh\u00f6lje 75&#8243;, portr\u00e4tt, polykarbonat<\/td>\n<td>Svart<\/td>\n<td width=\"428\">QB75B\/QM75B\/QMC\/QH75B\/LG75UH5F<\/td>\n<\/tr>\n<tr>\n<td><\/td>\n<td><\/td>\n<td><\/td>\n<td width=\"428\"><\/td>\n<\/tr>\n<tr>\n<td>WC4300-0101-51<\/td>\n<td>V\u00e4ggh\u00f6lje 43&#8243;, liggande, polykarbonat<\/td>\n<td>Vit<\/td>\n<td width=\"428\">QB43B\/QM43B\/QMC\/QH43B\/LG43UH5F<\/td>\n<\/tr>\n<tr>\n<td>WC4900-0101-51<\/td>\n<td>V\u00e4ggh\u00f6lje 49&#8243;, liggande, polykarbonat<\/td>\n<td>Vit<\/td>\n<td width=\"428\">QB49B\/QM49B\/QMC\/LG49UH5F\/LG49UH7F\/LG49UH7F<\/td>\n<\/tr>\n<tr>\n<td>WC5012-0201-51<\/td>\n<td>V\u00e4ggh\u00f6lje 50&#8243;, landskap, polykarbonat<\/td>\n<td>Vit<\/td>\n<td width=\"428\">QMC<\/td>\n<\/tr>\n<tr>\n<td>WC5500-0101-51<\/td>\n<td>V\u00e4ggh\u00f6lje 55&#8243;, liggande, polykarbonat<\/td>\n<td>Vit<\/td>\n<td width=\"428\">QM55B\/QB55B\/QMC\/QH55B\/LG55UH5F\/LGUH7F<\/td>\n<\/tr>\n<tr>\n<td>WC6500-0101-51<\/td>\n<td>V\u00e4ggh\u00f6lje 65&#8243;, liggande, polykarbonat<\/td>\n<td>Vit<\/td>\n<td width=\"428\">QB65B\/QM65B\/QMC\/QH65B\/LG65UH5F\/LG65UH7F<\/td>\n<\/tr>\n<tr>\n<td>WC7500-0101-51<\/td>\n<td>V\u00e4ggh\u00f6lje, 75&#8243;, liggande, polykarbonat<\/td>\n<td>Vit<\/td>\n<td width=\"428\">QB75B\/QM75B\/QMC\/QH75B\/LG75UH5F<\/td>\n<\/tr>\n<tr>\n<td>WC4300-0101-52<\/td>\n<td>V\u00e4ggh\u00f6lje 43&#8243;, liggande, polykarbonat<\/td>\n<td>Svart<\/td>\n<td width=\"428\">QB43B\/QM43B\/QMC\/QH43B\/LG43UH5F<\/td>\n<\/tr>\n<tr>\n<td>WC4900-0101-52<\/td>\n<td>V\u00e4ggh\u00f6lje 49&#8243;, liggande, polykarbonat<\/td>\n<td>Svart<\/td>\n<td width=\"428\">QB49B\/QM49B\/QMC\/LG49UH5F\/LG49UH7F\/LG49UH7F<\/td>\n<\/tr>\n<tr>\n<td>WC5012-0201-52<\/td>\n<td>V\u00e4ggh\u00f6lje 50&#8243;, landskap, polykarbonat<\/td>\n<td>Svart<\/td>\n<td width=\"428\">QMC<\/td>\n<\/tr>\n<tr>\n<td>WC5500-0101-52<\/td>\n<td>V\u00e4ggh\u00f6lje 55&#8243;, liggande, polykarbonat<\/td>\n<td>Svart<\/td>\n<td width=\"428\">QM55B\/QB55B\/QMC\/QH55B\/LG55UH5F\/LGUH7F<\/td>\n<\/tr>\n<tr>\n<td>WC6500-0101-52<\/td>\n<td>V\u00e4ggh\u00f6lje 65&#8243;, liggande, polykarbonat<\/td>\n<td>Svart<\/td>\n<td width=\"428\">QB65B\/QM65B\/QMC\/QH65B\/LG65UH5F\/LG65UH7F<\/td>\n<\/tr>\n<tr>\n<td>WC7500-0101-52<\/td>\n<td>V\u00e4ggh\u00f6lje, 75&#8243;, liggande, polykarbonat<\/td>\n<td>Svart<\/td>\n<td width=\"428\">QB75B\/QM75B\/QMC\/QH75B\/LG75UH5F<\/td>\n<\/tr>\n<\/tbody>\n<\/table>\n<p>&nbsp;<\/p>\n","protected":false},"excerpt":{"rendered":"<p>Perfekt l\u00f6sning f\u00f6r v\u00e4gvisning i trapphus.<\/p>\n<p>V\u00e5rt v\u00e4ggh\u00f6lje PROTECT anv\u00e4nder polykarbonat f\u00f6r att skydda displayen. Olika modeller i liggande och st\u00e5ende l\u00e4ge f\u00f6r att m\u00f6jligg\u00f6ra luftfl\u00f6de fr\u00e5n topp till botten eftersom endast sidorna \u00e4r helt t\u00e4ckta mot v\u00e4ggen. Det finns tillr\u00e4ckligt med utrymme f\u00f6r dator och str\u00f6mkontakter inuti. Den finns i svart och vitt som standardf\u00e4rger. Anpassade f\u00e4rger och material som m\u00e4ssing och rostfritt st\u00e5l kan best\u00e4llas p\u00e5 beg\u00e4ran. Finns i storlekar fr\u00e5n 32\u2033 &#8211; 75\u2033.<\/p>\n<ul>\n<li>Skydd av polykarbonat<\/li>\n<li>Utformad f\u00f6r bildsk\u00e4rmar fr\u00e5n Samsung och LG<\/li>\n<li>Utrymme f\u00f6r stickkontakter<\/li>\n<li>Integrerat displayf\u00e4ste<\/li>\n<li>Finns i olika f\u00e4rger och material<\/li>\n<\/ul>\n","protected":false},"featured_media":3662,"template":"","meta":[],"product_brand":[],"product_cat":[108,89],"product_tag":[],"class_list":{"0":"post-5785","1":"product","2":"type-product","3":"status-publish","4":"has-post-thumbnail","6":"product_cat-holje-sv","7":"product_cat-wall-sv","9":"first","10":"instock","11":"shipping-taxable","12":"product-type-simple"},"yoast_head":"<!-- This site is optimized with the Yoast SEO plugin v27.3 - https:\/\/yoast.com\/product\/yoast-seo-wordpress\/ -->\n<title>V\u00e4ggh\u00f6lje PROTECT - HI-ND<\/title>\n<meta name=\"description\" content=\"V\u00e5rt v\u00e4ggh\u00f6lje PROTECT anv\u00e4nder polykarbonat f\u00f6r att skydda displayen. H\u00f6ljet \u00e4r utformat f\u00f6r b\u00e5de Samsung och LG. Det finns olika f\u00e4rger tillg\u00e4ngliga.\" \/>\n<meta name=\"robots\" content=\"index, follow, max-snippet:-1, max-image-preview:large, max-video-preview:-1\" \/>\n<link rel=\"canonical\" href=\"https:\/\/hi-nd.com\/sv\/produkt\/vaggholje-protect\/\" \/>\n<meta property=\"og:locale\" content=\"sv_SE\" \/>\n<meta property=\"og:type\" content=\"article\" \/>\n<meta property=\"og:title\" content=\"V\u00e4ggh\u00f6lje PROTECT - HI-ND\" \/>\n<meta property=\"og:description\" content=\"V\u00e5rt v\u00e4ggh\u00f6lje PROTECT anv\u00e4nder polykarbonat f\u00f6r att skydda displayen. H\u00f6ljet \u00e4r utformat f\u00f6r b\u00e5de Samsung och LG. Det finns olika f\u00e4rger tillg\u00e4ngliga.\" \/>\n<meta property=\"og:url\" content=\"https:\/\/hi-nd.com\/sv\/produkt\/vaggholje-protect\/\" \/>\n<meta property=\"og:site_name\" content=\"HI-ND\" \/>\n<meta property=\"article:modified_time\" content=\"2024-02-22T20:19:49+00:00\" \/>\n<meta property=\"og:image\" content=\"https:\/\/hi-nd.com\/wp-content\/uploads\/2021\/11\/protect-landscape-white-web.png\" \/>\n\t<meta property=\"og:image:width\" content=\"750\" \/>\n\t<meta property=\"og:image:height\" content=\"750\" \/>\n\t<meta property=\"og:image:type\" content=\"image\/png\" \/>\n<meta name=\"twitter:card\" content=\"summary_large_image\" \/>\n<meta name=\"twitter:label1\" content=\"Ber\u00e4knad l\u00e4stid\" \/>\n\t<meta name=\"twitter:data1\" content=\"3 minuter\" \/>\n<script type=\"application\/ld+json\" class=\"yoast-schema-graph\">{\"@context\":\"https:\\\/\\\/schema.org\",\"@graph\":[{\"@type\":\"WebPage\",\"@id\":\"https:\\\/\\\/hi-nd.com\\\/sv\\\/produkt\\\/vaggholje-protect\\\/\",\"url\":\"https:\\\/\\\/hi-nd.com\\\/sv\\\/produkt\\\/vaggholje-protect\\\/\",\"name\":\"V\u00e4ggh\u00f6lje PROTECT - HI-ND\",\"isPartOf\":{\"@id\":\"https:\\\/\\\/hi-nd.com\\\/#website\"},\"primaryImageOfPage\":{\"@id\":\"https:\\\/\\\/hi-nd.com\\\/sv\\\/produkt\\\/vaggholje-protect\\\/#primaryimage\"},\"image\":{\"@id\":\"https:\\\/\\\/hi-nd.com\\\/sv\\\/produkt\\\/vaggholje-protect\\\/#primaryimage\"},\"thumbnailUrl\":\"https:\\\/\\\/hi-nd.com\\\/wp-content\\\/uploads\\\/2021\\\/11\\\/protect-landscape-white-web.png\",\"datePublished\":\"2021-11-22T17:22:51+00:00\",\"dateModified\":\"2024-02-22T20:19:49+00:00\",\"description\":\"V\u00e5rt v\u00e4ggh\u00f6lje PROTECT anv\u00e4nder polykarbonat f\u00f6r att skydda displayen. H\u00f6ljet \u00e4r utformat f\u00f6r b\u00e5de Samsung och LG. Det finns olika f\u00e4rger tillg\u00e4ngliga.\",\"breadcrumb\":{\"@id\":\"https:\\\/\\\/hi-nd.com\\\/sv\\\/produkt\\\/vaggholje-protect\\\/#breadcrumb\"},\"inLanguage\":\"sv-SE\",\"potentialAction\":[{\"@type\":\"ReadAction\",\"target\":[\"https:\\\/\\\/hi-nd.com\\\/sv\\\/produkt\\\/vaggholje-protect\\\/\"]}]},{\"@type\":\"ImageObject\",\"inLanguage\":\"sv-SE\",\"@id\":\"https:\\\/\\\/hi-nd.com\\\/sv\\\/produkt\\\/vaggholje-protect\\\/#primaryimage\",\"url\":\"https:\\\/\\\/hi-nd.com\\\/wp-content\\\/uploads\\\/2021\\\/11\\\/protect-landscape-white-web.png\",\"contentUrl\":\"https:\\\/\\\/hi-nd.com\\\/wp-content\\\/uploads\\\/2021\\\/11\\\/protect-landscape-white-web.png\",\"width\":750,\"height\":750},{\"@type\":\"BreadcrumbList\",\"@id\":\"https:\\\/\\\/hi-nd.com\\\/sv\\\/produkt\\\/vaggholje-protect\\\/#breadcrumb\",\"itemListElement\":[{\"@type\":\"ListItem\",\"position\":1,\"name\":\"Home\",\"item\":\"https:\\\/\\\/hi-nd.com\\\/sv\\\/\"},{\"@type\":\"ListItem\",\"position\":2,\"name\":\"Butik\",\"item\":\"https:\\\/\\\/hi-nd.com\\\/sv\\\/butik\\\/\"},{\"@type\":\"ListItem\",\"position\":3,\"name\":\"V\u00e4ggh\u00f6lje PROTECT\"}]},{\"@type\":\"WebSite\",\"@id\":\"https:\\\/\\\/hi-nd.com\\\/#website\",\"url\":\"https:\\\/\\\/hi-nd.com\\\/\",\"name\":\"HI-ND\",\"description\":\"Mounting Solutions\",\"potentialAction\":[{\"@type\":\"SearchAction\",\"target\":{\"@type\":\"EntryPoint\",\"urlTemplate\":\"https:\\\/\\\/hi-nd.com\\\/?s={search_term_string}\"},\"query-input\":{\"@type\":\"PropertyValueSpecification\",\"valueRequired\":true,\"valueName\":\"search_term_string\"}}],\"inLanguage\":\"sv-SE\"}]}<\/script>\n<!-- \/ Yoast SEO plugin. -->","yoast_head_json":{"title":"V\u00e4ggh\u00f6lje PROTECT - HI-ND","description":"V\u00e5rt v\u00e4ggh\u00f6lje PROTECT anv\u00e4nder polykarbonat f\u00f6r att skydda displayen. H\u00f6ljet \u00e4r utformat f\u00f6r b\u00e5de Samsung och LG. Det finns olika f\u00e4rger tillg\u00e4ngliga.","robots":{"index":"index","follow":"follow","max-snippet":"max-snippet:-1","max-image-preview":"max-image-preview:large","max-video-preview":"max-video-preview:-1"},"canonical":"https:\/\/hi-nd.com\/sv\/produkt\/vaggholje-protect\/","og_locale":"sv_SE","og_type":"article","og_title":"V\u00e4ggh\u00f6lje PROTECT - HI-ND","og_description":"V\u00e5rt v\u00e4ggh\u00f6lje PROTECT anv\u00e4nder polykarbonat f\u00f6r att skydda displayen. H\u00f6ljet \u00e4r utformat f\u00f6r b\u00e5de Samsung och LG. Det finns olika f\u00e4rger tillg\u00e4ngliga.","og_url":"https:\/\/hi-nd.com\/sv\/produkt\/vaggholje-protect\/","og_site_name":"HI-ND","article_modified_time":"2024-02-22T20:19:49+00:00","og_image":[{"width":750,"height":750,"url":"https:\/\/hi-nd.com\/wp-content\/uploads\/2021\/11\/protect-landscape-white-web.png","type":"image\/png"}],"twitter_card":"summary_large_image","twitter_misc":{"Ber\u00e4knad l\u00e4stid":"3 minuter"},"schema":{"@context":"https:\/\/schema.org","@graph":[{"@type":"WebPage","@id":"https:\/\/hi-nd.com\/sv\/produkt\/vaggholje-protect\/","url":"https:\/\/hi-nd.com\/sv\/produkt\/vaggholje-protect\/","name":"V\u00e4ggh\u00f6lje PROTECT - HI-ND","isPartOf":{"@id":"https:\/\/hi-nd.com\/#website"},"primaryImageOfPage":{"@id":"https:\/\/hi-nd.com\/sv\/produkt\/vaggholje-protect\/#primaryimage"},"image":{"@id":"https:\/\/hi-nd.com\/sv\/produkt\/vaggholje-protect\/#primaryimage"},"thumbnailUrl":"https:\/\/hi-nd.com\/wp-content\/uploads\/2021\/11\/protect-landscape-white-web.png","datePublished":"2021-11-22T17:22:51+00:00","dateModified":"2024-02-22T20:19:49+00:00","description":"V\u00e5rt v\u00e4ggh\u00f6lje PROTECT anv\u00e4nder polykarbonat f\u00f6r att skydda displayen. H\u00f6ljet \u00e4r utformat f\u00f6r b\u00e5de Samsung och LG. Det finns olika f\u00e4rger tillg\u00e4ngliga.","breadcrumb":{"@id":"https:\/\/hi-nd.com\/sv\/produkt\/vaggholje-protect\/#breadcrumb"},"inLanguage":"sv-SE","potentialAction":[{"@type":"ReadAction","target":["https:\/\/hi-nd.com\/sv\/produkt\/vaggholje-protect\/"]}]},{"@type":"ImageObject","inLanguage":"sv-SE","@id":"https:\/\/hi-nd.com\/sv\/produkt\/vaggholje-protect\/#primaryimage","url":"https:\/\/hi-nd.com\/wp-content\/uploads\/2021\/11\/protect-landscape-white-web.png","contentUrl":"https:\/\/hi-nd.com\/wp-content\/uploads\/2021\/11\/protect-landscape-white-web.png","width":750,"height":750},{"@type":"BreadcrumbList","@id":"https:\/\/hi-nd.com\/sv\/produkt\/vaggholje-protect\/#breadcrumb","itemListElement":[{"@type":"ListItem","position":1,"name":"Home","item":"https:\/\/hi-nd.com\/sv\/"},{"@type":"ListItem","position":2,"name":"Butik","item":"https:\/\/hi-nd.com\/sv\/butik\/"},{"@type":"ListItem","position":3,"name":"V\u00e4ggh\u00f6lje PROTECT"}]},{"@type":"WebSite","@id":"https:\/\/hi-nd.com\/#website","url":"https:\/\/hi-nd.com\/","name":"HI-ND","description":"Mounting Solutions","potentialAction":[{"@type":"SearchAction","target":{"@type":"EntryPoint","urlTemplate":"https:\/\/hi-nd.com\/?s={search_term_string}"},"query-input":{"@type":"PropertyValueSpecification","valueRequired":true,"valueName":"search_term_string"}}],"inLanguage":"sv-SE"}]}},"_links":{"self":[{"href":"https:\/\/hi-nd.com\/sv\/wp-json\/wp\/v2\/product\/5785","targetHints":{"allow":["GET"]}}],"collection":[{"href":"https:\/\/hi-nd.com\/sv\/wp-json\/wp\/v2\/product"}],"about":[{"href":"https:\/\/hi-nd.com\/sv\/wp-json\/wp\/v2\/types\/product"}],"wp:featuredmedia":[{"embeddable":true,"href":"https:\/\/hi-nd.com\/sv\/wp-json\/wp\/v2\/media\/3662"}],"wp:attachment":[{"href":"https:\/\/hi-nd.com\/sv\/wp-json\/wp\/v2\/media?parent=5785"}],"wp:term":[{"taxonomy":"product_brand","embeddable":true,"href":"https:\/\/hi-nd.com\/sv\/wp-json\/wp\/v2\/product_brand?post=5785"},{"taxonomy":"product_cat","embeddable":true,"href":"https:\/\/hi-nd.com\/sv\/wp-json\/wp\/v2\/product_cat?post=5785"},{"taxonomy":"product_tag","embeddable":true,"href":"https:\/\/hi-nd.com\/sv\/wp-json\/wp\/v2\/product_tag?post=5785"}],"curies":[{"name":"wp","href":"https:\/\/api.w.org\/{rel}","templated":true}]}}