{"id":5775,"date":"2022-01-20T16:57:09","date_gmt":"2022-01-20T15:57:09","guid":{"rendered":"https:\/\/hi-nd.com\/product\/golvstake-glas-43\/"},"modified":"2024-03-28T12:44:56","modified_gmt":"2024-03-28T11:44:56","slug":"golvstake-glas-43","status":"publish","type":"product","link":"https:\/\/hi-nd.com\/sv\/produkt\/golvstake-glas-43\/","title":{"rendered":"NEW Justerbart golvstativ Glas"},"content":{"rendered":"<table style=\"height: 124px;\" width=\"950\">\n<tbody>\n<tr>\n<td width=\"130\">Artikelnummer<\/td>\n<td width=\"700\">Beskrivning<\/td>\n<td width=\"60\">F\u00e4rg<\/td>\n<\/tr>\n<tr>\n<td>FS4300-5001-01<\/td>\n<td>Golvbord med h\u00f6lje 43&#8243;, justerbar h\u00f6jd 40 cm, LH43QMC\/ LG 43UH7J-H, 43UH5N-E, 43UM5N-H<\/td>\n<td>Vit<\/td>\n<\/tr>\n<tr>\n<td>FS4300-5001-02<\/td>\n<td>Golvbord med h\u00f6lje 43&#8243;, justerbar h\u00f6jd 40 cm, LH43QMC\/ LG 43UH7J-H, 43UH5N-E, 43UM5N-H<\/td>\n<td>Svart<\/td>\n<\/tr>\n<tr>\n<td>FS4615-5001-01<\/td>\n<td>Golvbord med h\u00f6lje 46&#8243;, Adj h\u00f6jd 40 cm, OM46B<\/td>\n<td>Vit<\/td>\n<\/tr>\n<tr>\n<td>FS4615-5001-02<\/td>\n<td>Golvbord med h\u00f6lje 46&#8243;, Adj h\u00f6jd 40 cm, OM46B<\/td>\n<td>Svart<\/td>\n<\/tr>\n<tr>\n<td>FS4922-5001-01<\/td>\n<td>Golvbord med h\u00f6lje 49&#8243;, Adj h\u00f6jd 40 cm, LG 49UH7J-H, 49UH5N-E, 49UM5N-H<\/td>\n<td>Vit<\/td>\n<\/tr>\n<tr>\n<td>FS4922-5001-02<\/td>\n<td>Golvbord med h\u00f6lje 49&#8243;, Inst\u00e4llningsh\u00f6jd 40 cm, LG 49UH7J-H, 49UH5N-E, 49UM5N-H<\/td>\n<td>Svart<\/td>\n<\/tr>\n<tr>\n<td>FS5012-5101-01<\/td>\n<td>Golvbord med h\u00f6lje 50&#8243;, adj h\u00f6jd 40 cm, LH50QMC<\/td>\n<td>Vit<\/td>\n<\/tr>\n<tr>\n<td>FS5012-5101-02<\/td>\n<td>Golvbord med h\u00f6lje 50&#8243;, adj h\u00f6jd 40 cm, LH50QMC<\/td>\n<td>Svart<\/td>\n<\/tr>\n<\/tbody>\n<\/table>\n","protected":false},"excerpt":{"rendered":"<p>V\u00e5rt nya uppdaterade HI-ND golvst\u00e4ll har en justerbar h\u00f6jd som m\u00f6jligg\u00f6r justeringar p\u00e5 40 cm. Fj\u00e4drarna g\u00f6r det mycket enkelt att justera stativets h\u00f6jd \u00e4ven n\u00e4r sk\u00e4rmen \u00e4r installerad. Den \u00e4r konstruerad f\u00f6r att anv\u00e4ndas med 43\u2033, 46&#8243;, 49&#8243; och 50\u2033 bildsk\u00e4rmar. Kablar, dator- och eluttag kan d\u00f6ljas i pelaren. Den \u00e4r perfekt f\u00f6r butiksentr\u00e9er med begr\u00e4nsat utrymme.<\/p>\n<ul>\n<li>Svart och vit f\u00e4rg som standard<\/li>\n<li>Justerbar h\u00f6jd p\u00e5 40 cm<\/li>\n<li>Utrymme inuti pelaren f\u00f6r externt mediaplayer<\/li>\n<li>H\u00f6ljen finns tillg\u00e4ngliga f\u00f6r nedanst\u00e5ende displayer<\/li>\n<li>Samsung QMC, OM46B<\/li>\n<li>LG UH7J-H, UH5N-E, LG UM5N-H<\/li>\n<\/ul>\n","protected":false},"featured_media":7015,"template":"","meta":[],"product_brand":[],"product_cat":[95,67],"product_tag":[],"class_list":{"0":"post-5775","1":"product","2":"type-product","3":"status-publish","4":"has-post-thumbnail","6":"product_cat-golvstallning","7":"product_cat-golv-sv","9":"first","10":"instock","11":"shipping-taxable","12":"product-type-simple"},"yoast_head":"<!-- This site is optimized with the Yoast SEO plugin v27.4 - https:\/\/yoast.com\/product\/yoast-seo-wordpress\/ -->\n<title>NEW Justerbart golvstativ Glas - HI-ND<\/title>\n<meta name=\"description\" content=\"HI-ND golvstativ 43 \u00e4r utformat f\u00f6r att anv\u00e4ndas med 32\u2033 och 43\u2033 bildsk\u00e4rmar. Den \u00e4r perfekt f\u00f6r butiksentr\u00e9er med begr\u00e4nsat utrymme.\" \/>\n<meta name=\"robots\" content=\"index, follow, max-snippet:-1, max-image-preview:large, max-video-preview:-1\" \/>\n<link rel=\"canonical\" href=\"https:\/\/hi-nd.com\/sv\/produkt\/golvstake-glas-43\/\" \/>\n<meta property=\"og:locale\" content=\"sv_SE\" \/>\n<meta property=\"og:type\" content=\"article\" \/>\n<meta property=\"og:title\" content=\"NEW Justerbart golvstativ Glas - HI-ND\" \/>\n<meta property=\"og:description\" content=\"HI-ND golvstativ 43 \u00e4r utformat f\u00f6r att anv\u00e4ndas med 32\u2033 och 43\u2033 bildsk\u00e4rmar. Den \u00e4r perfekt f\u00f6r butiksentr\u00e9er med begr\u00e4nsat utrymme.\" \/>\n<meta property=\"og:url\" content=\"https:\/\/hi-nd.com\/sv\/produkt\/golvstake-glas-43\/\" \/>\n<meta property=\"og:site_name\" content=\"HI-ND\" \/>\n<meta property=\"article:modified_time\" content=\"2024-03-28T11:44:56+00:00\" \/>\n<meta property=\"og:image\" content=\"https:\/\/hi-nd.com\/wp-content\/uploads\/2022\/01\/FS-dual-pic1-750x750-1.jpg\" \/>\n\t<meta property=\"og:image:width\" content=\"750\" \/>\n\t<meta property=\"og:image:height\" content=\"750\" \/>\n\t<meta property=\"og:image:type\" content=\"image\/jpeg\" \/>\n<meta name=\"twitter:card\" content=\"summary_large_image\" \/>\n<meta name=\"twitter:label1\" content=\"Ber\u00e4knad l\u00e4stid\" \/>\n\t<meta name=\"twitter:data1\" content=\"1 minut\" \/>\n<script type=\"application\/ld+json\" class=\"yoast-schema-graph\">{\"@context\":\"https:\\\/\\\/schema.org\",\"@graph\":[{\"@type\":\"WebPage\",\"@id\":\"https:\\\/\\\/hi-nd.com\\\/sv\\\/produkt\\\/golvstake-glas-43\\\/\",\"url\":\"https:\\\/\\\/hi-nd.com\\\/sv\\\/produkt\\\/golvstake-glas-43\\\/\",\"name\":\"NEW Justerbart golvstativ Glas - HI-ND\",\"isPartOf\":{\"@id\":\"https:\\\/\\\/hi-nd.com\\\/#website\"},\"primaryImageOfPage\":{\"@id\":\"https:\\\/\\\/hi-nd.com\\\/sv\\\/produkt\\\/golvstake-glas-43\\\/#primaryimage\"},\"image\":{\"@id\":\"https:\\\/\\\/hi-nd.com\\\/sv\\\/produkt\\\/golvstake-glas-43\\\/#primaryimage\"},\"thumbnailUrl\":\"https:\\\/\\\/hi-nd.com\\\/wp-content\\\/uploads\\\/2022\\\/01\\\/FS-dual-pic1-750x750-1.jpg\",\"datePublished\":\"2022-01-20T15:57:09+00:00\",\"dateModified\":\"2024-03-28T11:44:56+00:00\",\"description\":\"HI-ND golvstativ 43 \u00e4r utformat f\u00f6r att anv\u00e4ndas med 32\u2033 och 43\u2033 bildsk\u00e4rmar. Den \u00e4r perfekt f\u00f6r butiksentr\u00e9er med begr\u00e4nsat utrymme.\",\"breadcrumb\":{\"@id\":\"https:\\\/\\\/hi-nd.com\\\/sv\\\/produkt\\\/golvstake-glas-43\\\/#breadcrumb\"},\"inLanguage\":\"sv-SE\",\"potentialAction\":[{\"@type\":\"ReadAction\",\"target\":[\"https:\\\/\\\/hi-nd.com\\\/sv\\\/produkt\\\/golvstake-glas-43\\\/\"]}]},{\"@type\":\"ImageObject\",\"inLanguage\":\"sv-SE\",\"@id\":\"https:\\\/\\\/hi-nd.com\\\/sv\\\/produkt\\\/golvstake-glas-43\\\/#primaryimage\",\"url\":\"https:\\\/\\\/hi-nd.com\\\/wp-content\\\/uploads\\\/2022\\\/01\\\/FS-dual-pic1-750x750-1.jpg\",\"contentUrl\":\"https:\\\/\\\/hi-nd.com\\\/wp-content\\\/uploads\\\/2022\\\/01\\\/FS-dual-pic1-750x750-1.jpg\",\"width\":750,\"height\":750,\"caption\":\"Adjustable floorstand glass\"},{\"@type\":\"BreadcrumbList\",\"@id\":\"https:\\\/\\\/hi-nd.com\\\/sv\\\/produkt\\\/golvstake-glas-43\\\/#breadcrumb\",\"itemListElement\":[{\"@type\":\"ListItem\",\"position\":1,\"name\":\"Home\",\"item\":\"https:\\\/\\\/hi-nd.com\\\/sv\\\/\"},{\"@type\":\"ListItem\",\"position\":2,\"name\":\"Butik\",\"item\":\"https:\\\/\\\/hi-nd.com\\\/sv\\\/butik\\\/\"},{\"@type\":\"ListItem\",\"position\":3,\"name\":\"NEW Justerbart golvstativ Glas\"}]},{\"@type\":\"WebSite\",\"@id\":\"https:\\\/\\\/hi-nd.com\\\/#website\",\"url\":\"https:\\\/\\\/hi-nd.com\\\/\",\"name\":\"HI-ND\",\"description\":\"Mounting Solutions\",\"potentialAction\":[{\"@type\":\"SearchAction\",\"target\":{\"@type\":\"EntryPoint\",\"urlTemplate\":\"https:\\\/\\\/hi-nd.com\\\/?s={search_term_string}\"},\"query-input\":{\"@type\":\"PropertyValueSpecification\",\"valueRequired\":true,\"valueName\":\"search_term_string\"}}],\"inLanguage\":\"sv-SE\"}]}<\/script>\n<!-- \/ Yoast SEO plugin. -->","yoast_head_json":{"title":"NEW Justerbart golvstativ Glas - HI-ND","description":"HI-ND golvstativ 43 \u00e4r utformat f\u00f6r att anv\u00e4ndas med 32\u2033 och 43\u2033 bildsk\u00e4rmar. Den \u00e4r perfekt f\u00f6r butiksentr\u00e9er med begr\u00e4nsat utrymme.","robots":{"index":"index","follow":"follow","max-snippet":"max-snippet:-1","max-image-preview":"max-image-preview:large","max-video-preview":"max-video-preview:-1"},"canonical":"https:\/\/hi-nd.com\/sv\/produkt\/golvstake-glas-43\/","og_locale":"sv_SE","og_type":"article","og_title":"NEW Justerbart golvstativ Glas - HI-ND","og_description":"HI-ND golvstativ 43 \u00e4r utformat f\u00f6r att anv\u00e4ndas med 32\u2033 och 43\u2033 bildsk\u00e4rmar. Den \u00e4r perfekt f\u00f6r butiksentr\u00e9er med begr\u00e4nsat utrymme.","og_url":"https:\/\/hi-nd.com\/sv\/produkt\/golvstake-glas-43\/","og_site_name":"HI-ND","article_modified_time":"2024-03-28T11:44:56+00:00","og_image":[{"width":750,"height":750,"url":"https:\/\/hi-nd.com\/wp-content\/uploads\/2022\/01\/FS-dual-pic1-750x750-1.jpg","type":"image\/jpeg"}],"twitter_card":"summary_large_image","twitter_misc":{"Ber\u00e4knad l\u00e4stid":"1 minut"},"schema":{"@context":"https:\/\/schema.org","@graph":[{"@type":"WebPage","@id":"https:\/\/hi-nd.com\/sv\/produkt\/golvstake-glas-43\/","url":"https:\/\/hi-nd.com\/sv\/produkt\/golvstake-glas-43\/","name":"NEW Justerbart golvstativ Glas - HI-ND","isPartOf":{"@id":"https:\/\/hi-nd.com\/#website"},"primaryImageOfPage":{"@id":"https:\/\/hi-nd.com\/sv\/produkt\/golvstake-glas-43\/#primaryimage"},"image":{"@id":"https:\/\/hi-nd.com\/sv\/produkt\/golvstake-glas-43\/#primaryimage"},"thumbnailUrl":"https:\/\/hi-nd.com\/wp-content\/uploads\/2022\/01\/FS-dual-pic1-750x750-1.jpg","datePublished":"2022-01-20T15:57:09+00:00","dateModified":"2024-03-28T11:44:56+00:00","description":"HI-ND golvstativ 43 \u00e4r utformat f\u00f6r att anv\u00e4ndas med 32\u2033 och 43\u2033 bildsk\u00e4rmar. Den \u00e4r perfekt f\u00f6r butiksentr\u00e9er med begr\u00e4nsat utrymme.","breadcrumb":{"@id":"https:\/\/hi-nd.com\/sv\/produkt\/golvstake-glas-43\/#breadcrumb"},"inLanguage":"sv-SE","potentialAction":[{"@type":"ReadAction","target":["https:\/\/hi-nd.com\/sv\/produkt\/golvstake-glas-43\/"]}]},{"@type":"ImageObject","inLanguage":"sv-SE","@id":"https:\/\/hi-nd.com\/sv\/produkt\/golvstake-glas-43\/#primaryimage","url":"https:\/\/hi-nd.com\/wp-content\/uploads\/2022\/01\/FS-dual-pic1-750x750-1.jpg","contentUrl":"https:\/\/hi-nd.com\/wp-content\/uploads\/2022\/01\/FS-dual-pic1-750x750-1.jpg","width":750,"height":750,"caption":"Adjustable floorstand glass"},{"@type":"BreadcrumbList","@id":"https:\/\/hi-nd.com\/sv\/produkt\/golvstake-glas-43\/#breadcrumb","itemListElement":[{"@type":"ListItem","position":1,"name":"Home","item":"https:\/\/hi-nd.com\/sv\/"},{"@type":"ListItem","position":2,"name":"Butik","item":"https:\/\/hi-nd.com\/sv\/butik\/"},{"@type":"ListItem","position":3,"name":"NEW Justerbart golvstativ Glas"}]},{"@type":"WebSite","@id":"https:\/\/hi-nd.com\/#website","url":"https:\/\/hi-nd.com\/","name":"HI-ND","description":"Mounting Solutions","potentialAction":[{"@type":"SearchAction","target":{"@type":"EntryPoint","urlTemplate":"https:\/\/hi-nd.com\/?s={search_term_string}"},"query-input":{"@type":"PropertyValueSpecification","valueRequired":true,"valueName":"search_term_string"}}],"inLanguage":"sv-SE"}]}},"_links":{"self":[{"href":"https:\/\/hi-nd.com\/sv\/wp-json\/wp\/v2\/product\/5775","targetHints":{"allow":["GET"]}}],"collection":[{"href":"https:\/\/hi-nd.com\/sv\/wp-json\/wp\/v2\/product"}],"about":[{"href":"https:\/\/hi-nd.com\/sv\/wp-json\/wp\/v2\/types\/product"}],"wp:featuredmedia":[{"embeddable":true,"href":"https:\/\/hi-nd.com\/sv\/wp-json\/wp\/v2\/media\/7015"}],"wp:attachment":[{"href":"https:\/\/hi-nd.com\/sv\/wp-json\/wp\/v2\/media?parent=5775"}],"wp:term":[{"taxonomy":"product_brand","embeddable":true,"href":"https:\/\/hi-nd.com\/sv\/wp-json\/wp\/v2\/product_brand?post=5775"},{"taxonomy":"product_cat","embeddable":true,"href":"https:\/\/hi-nd.com\/sv\/wp-json\/wp\/v2\/product_cat?post=5775"},{"taxonomy":"product_tag","embeddable":true,"href":"https:\/\/hi-nd.com\/sv\/wp-json\/wp\/v2\/product_tag?post=5775"}],"curies":[{"name":"wp","href":"https:\/\/api.w.org\/{rel}","templated":true}]}}