{"id":5774,"date":"2022-01-20T16:27:23","date_gmt":"2022-01-20T15:27:23","guid":{"rendered":"https:\/\/hi-nd.com\/product\/takmontering-for-takholje\/"},"modified":"2024-06-17T15:49:04","modified_gmt":"2024-06-17T13:49:04","slug":"takmontering-for-takholje","status":"publish","type":"product","link":"https:\/\/hi-nd.com\/sv\/produkt\/takmontering-for-takholje\/","title":{"rendered":"Takmontering f\u00f6r takh\u00f6lje"},"content":{"rendered":"<table style=\"height: 303px;\" width=\"648\">\n<tbody>\n<tr>\n<td width=\"149\">Artikelnummer<\/td>\n<td width=\"391\">Beskrivning<\/td>\n<td width=\"127\">F\u00e4rg<\/td>\n<\/tr>\n<tr>\n<td>CM3500-0101-01P<\/td>\n<td>Takmontering och teleskopr\u00f6r, 40-60cm<\/td>\n<td>Vit<\/td>\n<\/tr>\n<tr>\n<td>CM6500-0101-01P<\/td>\n<td>Takf\u00e4ste och teleskopr\u00f6r, 65-110cm<\/td>\n<td>Vit<\/td>\n<\/tr>\n<tr>\n<td>CM3500-0101-02P<\/td>\n<td>Takmontering och teleskopr\u00f6r, 40-60cm<\/td>\n<td>Svart<\/td>\n<\/tr>\n<tr>\n<td>CM6500-0101-02P<\/td>\n<td>Takf\u00e4ste och teleskopr\u00f6r, 65-110cm<\/td>\n<td>Svart<\/td>\n<\/tr>\n<tr>\n<td>CM1100-0101<\/td>\n<td>Kontakt f\u00f6r takmontering, direkt anslutning till taket<\/td>\n<td>Gr\u00e5<\/td>\n<\/tr>\n<tr>\n<td>CM5500-0101-01<\/td>\n<td>F\u00f6rl\u00e4ngningsr\u00f6r, 55cm<\/td>\n<td>Vit<\/td>\n<\/tr>\n<tr>\n<td>CM9900-0101-01<\/td>\n<td>F\u00f6rl\u00e4ngningsr\u00f6r, 99cm<\/td>\n<td>Vit<\/td>\n<\/tr>\n<tr>\n<td>CM5500-0101-02<\/td>\n<td>F\u00f6rl\u00e4ngningsr\u00f6r, 55cm<\/td>\n<td>Svart<\/td>\n<\/tr>\n<tr>\n<td>CM9900-0101-02<\/td>\n<td>F\u00f6rl\u00e4ngningsr\u00f6r, 99cm<\/td>\n<td>Svart<\/td>\n<\/tr>\n<\/tbody>\n<\/table>\n<p>&nbsp;<\/p>\n","protected":false},"excerpt":{"rendered":"<p>Alla v\u00e5ra takinfattningar \u00e4r utformade f\u00f6r att anv\u00e4ndas med v\u00e5ra specialtillverkade teleskopr\u00f6r eller teleskopvajrar. Teleskopr\u00f6ret \u00e4r justerbart och displayerna kan vridas i olika riktningar. Teleskopet \u00e4r utformat med ett \u00f6ppningsbart l\u00e5s f\u00f6r att g\u00f6ra det enkelt att hantera kablar.<\/p>\n<ul>\n<li>\u00d6ppningsbart l\u00e5s f\u00f6r kabelhantering<\/li>\n<li>Svart och vit f\u00e4rg som standard. Anpassade f\u00e4rger tillg\u00e4ngliga<\/li>\n<li><span style=\"font-size: 14.4px;\">St\u00e5ltr\u00e5d och s\u00e4kerhetsl\u00e5s<\/span><\/li>\n<li><span style=\"font-size: 14.4px;\">Alternativ med vita och svarta kabelstrumpor  <\/span><\/li>\n<\/ul>\n","protected":false},"featured_media":9662,"template":"","meta":[],"product_brand":[],"product_cat":[96,98],"product_tag":[],"class_list":{"0":"post-5774","1":"product","2":"type-product","3":"status-publish","4":"has-post-thumbnail","6":"product_cat-tak-sv","7":"product_cat-takmontering","9":"first","10":"instock","11":"shipping-taxable","12":"product-type-simple"},"yoast_head":"<!-- This site is optimized with the Yoast SEO plugin v27.4 - https:\/\/yoast.com\/product\/yoast-seo-wordpress\/ -->\n<title>Takmontering f\u00f6r takh\u00f6lje - HI-ND<\/title>\n<meta name=\"description\" content=\"V\u00e5ra takh\u00f6ljen \u00e4r utformade f\u00f6r att anv\u00e4ndas med v\u00e5ra specialtillverkade teleskopr\u00f6r eller teleskopvajrar. Teleskopr\u00f6ret \u00e4r justerbart.\" \/>\n<meta name=\"robots\" content=\"index, follow, max-snippet:-1, max-image-preview:large, max-video-preview:-1\" \/>\n<link rel=\"canonical\" href=\"https:\/\/hi-nd.com\/sv\/produkt\/takmontering-for-takholje\/\" \/>\n<meta property=\"og:locale\" content=\"sv_SE\" \/>\n<meta property=\"og:type\" content=\"article\" \/>\n<meta property=\"og:title\" content=\"Takmontering f\u00f6r takh\u00f6lje - HI-ND\" \/>\n<meta property=\"og:description\" content=\"V\u00e5ra takh\u00f6ljen \u00e4r utformade f\u00f6r att anv\u00e4ndas med v\u00e5ra specialtillverkade teleskopr\u00f6r eller teleskopvajrar. Teleskopr\u00f6ret \u00e4r justerbart.\" \/>\n<meta property=\"og:url\" content=\"https:\/\/hi-nd.com\/sv\/produkt\/takmontering-for-takholje\/\" \/>\n<meta property=\"og:site_name\" content=\"HI-ND\" \/>\n<meta property=\"article:modified_time\" content=\"2024-06-17T13:49:04+00:00\" \/>\n<meta property=\"og:image\" content=\"https:\/\/hi-nd.com\/wp-content\/uploads\/2022\/01\/CM5000-5001-1_03-750x750-1.jpg\" \/>\n\t<meta property=\"og:image:width\" content=\"750\" \/>\n\t<meta property=\"og:image:height\" content=\"750\" \/>\n\t<meta property=\"og:image:type\" content=\"image\/jpeg\" \/>\n<meta name=\"twitter:card\" content=\"summary_large_image\" \/>\n<script type=\"application\/ld+json\" class=\"yoast-schema-graph\">{\"@context\":\"https:\\\/\\\/schema.org\",\"@graph\":[{\"@type\":\"WebPage\",\"@id\":\"https:\\\/\\\/hi-nd.com\\\/sv\\\/produkt\\\/takmontering-for-takholje\\\/\",\"url\":\"https:\\\/\\\/hi-nd.com\\\/sv\\\/produkt\\\/takmontering-for-takholje\\\/\",\"name\":\"Takmontering f\u00f6r takh\u00f6lje - HI-ND\",\"isPartOf\":{\"@id\":\"https:\\\/\\\/hi-nd.com\\\/es\\\/#website\"},\"primaryImageOfPage\":{\"@id\":\"https:\\\/\\\/hi-nd.com\\\/sv\\\/produkt\\\/takmontering-for-takholje\\\/#primaryimage\"},\"image\":{\"@id\":\"https:\\\/\\\/hi-nd.com\\\/sv\\\/produkt\\\/takmontering-for-takholje\\\/#primaryimage\"},\"thumbnailUrl\":\"https:\\\/\\\/hi-nd.com\\\/wp-content\\\/uploads\\\/2022\\\/01\\\/CM5000-5001-1_03-750x750-1.jpg\",\"datePublished\":\"2022-01-20T15:27:23+00:00\",\"dateModified\":\"2024-06-17T13:49:04+00:00\",\"description\":\"V\u00e5ra takh\u00f6ljen \u00e4r utformade f\u00f6r att anv\u00e4ndas med v\u00e5ra specialtillverkade teleskopr\u00f6r eller teleskopvajrar. Teleskopr\u00f6ret \u00e4r justerbart.\",\"breadcrumb\":{\"@id\":\"https:\\\/\\\/hi-nd.com\\\/sv\\\/produkt\\\/takmontering-for-takholje\\\/#breadcrumb\"},\"inLanguage\":\"sv-SE\",\"potentialAction\":[{\"@type\":\"ReadAction\",\"target\":[\"https:\\\/\\\/hi-nd.com\\\/sv\\\/produkt\\\/takmontering-for-takholje\\\/\"]}]},{\"@type\":\"ImageObject\",\"inLanguage\":\"sv-SE\",\"@id\":\"https:\\\/\\\/hi-nd.com\\\/sv\\\/produkt\\\/takmontering-for-takholje\\\/#primaryimage\",\"url\":\"https:\\\/\\\/hi-nd.com\\\/wp-content\\\/uploads\\\/2022\\\/01\\\/CM5000-5001-1_03-750x750-1.jpg\",\"contentUrl\":\"https:\\\/\\\/hi-nd.com\\\/wp-content\\\/uploads\\\/2022\\\/01\\\/CM5000-5001-1_03-750x750-1.jpg\",\"width\":750,\"height\":750,\"caption\":\"Top mounted ceiling mount\"},{\"@type\":\"BreadcrumbList\",\"@id\":\"https:\\\/\\\/hi-nd.com\\\/sv\\\/produkt\\\/takmontering-for-takholje\\\/#breadcrumb\",\"itemListElement\":[{\"@type\":\"ListItem\",\"position\":1,\"name\":\"Home\",\"item\":\"https:\\\/\\\/hi-nd.com\\\/sv\\\/\"},{\"@type\":\"ListItem\",\"position\":2,\"name\":\"Butik\",\"item\":\"https:\\\/\\\/hi-nd.com\\\/sv\\\/butik\\\/\"},{\"@type\":\"ListItem\",\"position\":3,\"name\":\"Takmontering f\u00f6r takh\u00f6lje\"}]},{\"@type\":\"WebSite\",\"@id\":\"https:\\\/\\\/hi-nd.com\\\/es\\\/#website\",\"url\":\"https:\\\/\\\/hi-nd.com\\\/es\\\/\",\"name\":\"HI-ND\",\"description\":\"Mounting Solutions\",\"potentialAction\":[{\"@type\":\"SearchAction\",\"target\":{\"@type\":\"EntryPoint\",\"urlTemplate\":\"https:\\\/\\\/hi-nd.com\\\/es\\\/?s={search_term_string}\"},\"query-input\":{\"@type\":\"PropertyValueSpecification\",\"valueRequired\":true,\"valueName\":\"search_term_string\"}}],\"inLanguage\":\"sv-SE\"}]}<\/script>\n<!-- \/ Yoast SEO plugin. -->","yoast_head_json":{"title":"Takmontering f\u00f6r takh\u00f6lje - HI-ND","description":"V\u00e5ra takh\u00f6ljen \u00e4r utformade f\u00f6r att anv\u00e4ndas med v\u00e5ra specialtillverkade teleskopr\u00f6r eller teleskopvajrar. Teleskopr\u00f6ret \u00e4r justerbart.","robots":{"index":"index","follow":"follow","max-snippet":"max-snippet:-1","max-image-preview":"max-image-preview:large","max-video-preview":"max-video-preview:-1"},"canonical":"https:\/\/hi-nd.com\/sv\/produkt\/takmontering-for-takholje\/","og_locale":"sv_SE","og_type":"article","og_title":"Takmontering f\u00f6r takh\u00f6lje - HI-ND","og_description":"V\u00e5ra takh\u00f6ljen \u00e4r utformade f\u00f6r att anv\u00e4ndas med v\u00e5ra specialtillverkade teleskopr\u00f6r eller teleskopvajrar. Teleskopr\u00f6ret \u00e4r justerbart.","og_url":"https:\/\/hi-nd.com\/sv\/produkt\/takmontering-for-takholje\/","og_site_name":"HI-ND","article_modified_time":"2024-06-17T13:49:04+00:00","og_image":[{"width":750,"height":750,"url":"https:\/\/hi-nd.com\/wp-content\/uploads\/2022\/01\/CM5000-5001-1_03-750x750-1.jpg","type":"image\/jpeg"}],"twitter_card":"summary_large_image","schema":{"@context":"https:\/\/schema.org","@graph":[{"@type":"WebPage","@id":"https:\/\/hi-nd.com\/sv\/produkt\/takmontering-for-takholje\/","url":"https:\/\/hi-nd.com\/sv\/produkt\/takmontering-for-takholje\/","name":"Takmontering f\u00f6r takh\u00f6lje - HI-ND","isPartOf":{"@id":"https:\/\/hi-nd.com\/es\/#website"},"primaryImageOfPage":{"@id":"https:\/\/hi-nd.com\/sv\/produkt\/takmontering-for-takholje\/#primaryimage"},"image":{"@id":"https:\/\/hi-nd.com\/sv\/produkt\/takmontering-for-takholje\/#primaryimage"},"thumbnailUrl":"https:\/\/hi-nd.com\/wp-content\/uploads\/2022\/01\/CM5000-5001-1_03-750x750-1.jpg","datePublished":"2022-01-20T15:27:23+00:00","dateModified":"2024-06-17T13:49:04+00:00","description":"V\u00e5ra takh\u00f6ljen \u00e4r utformade f\u00f6r att anv\u00e4ndas med v\u00e5ra specialtillverkade teleskopr\u00f6r eller teleskopvajrar. Teleskopr\u00f6ret \u00e4r justerbart.","breadcrumb":{"@id":"https:\/\/hi-nd.com\/sv\/produkt\/takmontering-for-takholje\/#breadcrumb"},"inLanguage":"sv-SE","potentialAction":[{"@type":"ReadAction","target":["https:\/\/hi-nd.com\/sv\/produkt\/takmontering-for-takholje\/"]}]},{"@type":"ImageObject","inLanguage":"sv-SE","@id":"https:\/\/hi-nd.com\/sv\/produkt\/takmontering-for-takholje\/#primaryimage","url":"https:\/\/hi-nd.com\/wp-content\/uploads\/2022\/01\/CM5000-5001-1_03-750x750-1.jpg","contentUrl":"https:\/\/hi-nd.com\/wp-content\/uploads\/2022\/01\/CM5000-5001-1_03-750x750-1.jpg","width":750,"height":750,"caption":"Top mounted ceiling mount"},{"@type":"BreadcrumbList","@id":"https:\/\/hi-nd.com\/sv\/produkt\/takmontering-for-takholje\/#breadcrumb","itemListElement":[{"@type":"ListItem","position":1,"name":"Home","item":"https:\/\/hi-nd.com\/sv\/"},{"@type":"ListItem","position":2,"name":"Butik","item":"https:\/\/hi-nd.com\/sv\/butik\/"},{"@type":"ListItem","position":3,"name":"Takmontering f\u00f6r takh\u00f6lje"}]},{"@type":"WebSite","@id":"https:\/\/hi-nd.com\/es\/#website","url":"https:\/\/hi-nd.com\/es\/","name":"HI-ND","description":"Mounting Solutions","potentialAction":[{"@type":"SearchAction","target":{"@type":"EntryPoint","urlTemplate":"https:\/\/hi-nd.com\/es\/?s={search_term_string}"},"query-input":{"@type":"PropertyValueSpecification","valueRequired":true,"valueName":"search_term_string"}}],"inLanguage":"sv-SE"}]}},"_links":{"self":[{"href":"https:\/\/hi-nd.com\/sv\/wp-json\/wp\/v2\/product\/5774","targetHints":{"allow":["GET"]}}],"collection":[{"href":"https:\/\/hi-nd.com\/sv\/wp-json\/wp\/v2\/product"}],"about":[{"href":"https:\/\/hi-nd.com\/sv\/wp-json\/wp\/v2\/types\/product"}],"wp:featuredmedia":[{"embeddable":true,"href":"https:\/\/hi-nd.com\/sv\/wp-json\/wp\/v2\/media\/9662"}],"wp:attachment":[{"href":"https:\/\/hi-nd.com\/sv\/wp-json\/wp\/v2\/media?parent=5774"}],"wp:term":[{"taxonomy":"product_brand","embeddable":true,"href":"https:\/\/hi-nd.com\/sv\/wp-json\/wp\/v2\/product_brand?post=5774"},{"taxonomy":"product_cat","embeddable":true,"href":"https:\/\/hi-nd.com\/sv\/wp-json\/wp\/v2\/product_cat?post=5774"},{"taxonomy":"product_tag","embeddable":true,"href":"https:\/\/hi-nd.com\/sv\/wp-json\/wp\/v2\/product_tag?post=5774"}],"curies":[{"name":"wp","href":"https:\/\/api.w.org\/{rel}","templated":true}]}}