{"id":5771,"date":"2021-10-25T16:36:00","date_gmt":"2021-10-25T14:36:00","guid":{"rendered":"https:\/\/hi-nd.com\/product\/tak-fonster\/"},"modified":"2024-03-26T11:35:12","modified_gmt":"2024-03-26T10:35:12","slug":"tak-fonster","status":"publish","type":"product","link":"https:\/\/hi-nd.com\/sv\/produkt\/tak-fonster\/","title":{"rendered":"Tak F\u00f6nster"},"content":{"rendered":"<p><strong>Klicka p\u00e5 l\u00e4nkarna nedan f\u00f6r att se bilder p\u00e5 varje specifik modell <\/strong><\/p>\n<table style=\"height: 333px;\" width=\"773\">\n<tbody>\n<tr>\n<td width=\"150\"><em>Artikelnummer<\/em><\/td>\n<td width=\"230  \"><em>Beskrivning<\/em><\/td>\n<td width=\"330  \"><em>Kompatibla sk\u00e4rmar<\/em><\/td>\n<td width=\"73\"><em>F\u00e4rg<\/em><\/td>\n<\/tr>\n<tr>\n<td><a href=\"https:\/\/hi-nd.com\/product\/ceiling-casing-window75\">CC7515-6101-01<\/a><\/td>\n<td><a href=\"https:\/\/hi-nd.com\/product\/ceiling-casing-window75\">Ceiling Casing 75&#8243;, portr\u00e4tt<\/a><\/td>\n<td><a href=\"https:\/\/hi-nd.com\/product\/ceiling-casing-window75\">Samsung QM75B, QM75B<\/a><\/td>\n<td><a href=\"https:\/\/hi-nd.com\/product\/ceiling-casing-window75\">Vit<\/a><\/td>\n<\/tr>\n<tr>\n<td><a href=\"https:\/\/hi-nd.com\/product\/ceiling-casing-window75\">CC7515-6101-02<\/a><\/td>\n<td><a href=\"https:\/\/hi-nd.com\/product\/ceiling-casing-window75\">Ceiling Casing 75&#8243;, portr\u00e4tt<\/a><\/td>\n<td><a href=\"https:\/\/hi-nd.com\/product\/ceiling-casing-window75\">Samsung QM75B, QM75B<\/a><\/td>\n<td><a href=\"https:\/\/hi-nd.com\/product\/ceiling-casing-window75\">Svart<\/a><\/td>\n<\/tr>\n<tr>\n<td><a href=\"https:\/\/hi-nd.com\/product\/ceiling-casing-window75\">CC7515-6001-01<\/a><\/td>\n<td><a href=\"https:\/\/hi-nd.com\/product\/ceiling-casing-window75\">Ceiling Casing 75&#8243;, portr\u00e4tt<\/a><\/td>\n<td><a href=\"https:\/\/hi-nd.com\/product\/ceiling-casing-window75\">Samsung OM75A<\/a><\/td>\n<td><a href=\"https:\/\/hi-nd.com\/product\/ceiling-casing-window75\">Vit<\/a><\/td>\n<\/tr>\n<tr>\n<td><a href=\"https:\/\/hi-nd.com\/product\/ceiling-casing-window75\">CC7515-6001-02<\/a><\/td>\n<td><a href=\"https:\/\/hi-nd.com\/product\/ceiling-casing-window75\">Ceiling Casing 75&#8243;, portr\u00e4tt<\/a><\/td>\n<td><a href=\"https:\/\/hi-nd.com\/product\/ceiling-casing-window75\">Samsung OM75A<\/a><\/td>\n<td><a href=\"https:\/\/hi-nd.com\/product\/ceiling-casing-window75\">Svart<\/a><\/td>\n<\/tr>\n<tr>\n<td><a href=\"https:\/\/hi-nd.com\/product\/ceiling-casing-window55\">CC5550-5001-01<\/a><\/td>\n<td><a href=\"https:\/\/hi-nd.com\/product\/ceiling-casing-window55\">Ceiling Casing 55&#8243;, portr\u00e4tt<\/a><\/td>\n<td><a href=\"https:\/\/hi-nd.com\/product\/ceiling-casing-window55\">Samsung OM55N-S<\/a><\/td>\n<td><a href=\"https:\/\/hi-nd.com\/product\/ceiling-casing-window55\">Vit<\/a><\/td>\n<\/tr>\n<tr>\n<td><a href=\"https:\/\/hi-nd.com\/product\/ceiling-casing-window55\">CC5550-5001-02<\/a><\/td>\n<td><a href=\"https:\/\/hi-nd.com\/product\/ceiling-casing-window55\">Ceiling Casing 55&#8243;, portr\u00e4tt<\/a><\/td>\n<td><a href=\"https:\/\/hi-nd.com\/product\/ceiling-casing-window55\">Samsung OM55N-S<\/a><\/td>\n<td><a href=\"https:\/\/hi-nd.com\/product\/ceiling-casing-window55\">Svart<\/a><\/td>\n<\/tr>\n<tr>\n<td><a href=\"https:\/\/hi-nd.com\/product\/ceiling-casing-window-55-landscape\/\">CC5550-0101-01<\/a><\/td>\n<td><a href=\"https:\/\/hi-nd.com\/product\/ceiling-casing-window-55-landscape\/\">Ceiling Casing 55, landskap<\/a><\/td>\n<td><a href=\"https:\/\/hi-nd.com\/product\/ceiling-casing-window-55-landscape\/\">Samsung OM55N-S<\/a><\/td>\n<td><a href=\"https:\/\/hi-nd.com\/product\/ceiling-casing-window-55-landscape\/\">Vit<\/a><\/td>\n<\/tr>\n<tr>\n<td><a href=\"https:\/\/hi-nd.com\/product\/ceiling-casing-window-55-landscape\/\">CC5550-0101-02<\/a><\/td>\n<td><a href=\"https:\/\/hi-nd.com\/product\/ceiling-casing-window-55-landscape\/\">Ceiling Casing 55, landskap<\/a><\/td>\n<td><a href=\"https:\/\/hi-nd.com\/product\/ceiling-casing-window-55-landscape\/\">Samsung OM55N-S<\/a><\/td>\n<td><a href=\"https:\/\/hi-nd.com\/product\/ceiling-casing-window-55-landscape\/\">Svart<\/a><\/td>\n<\/tr>\n<tr>\n<td><a href=\"https:\/\/hi-nd.com\/product\/ceiling-casing-window-55-lg\">CC5525-5001-01<\/a><\/td>\n<td><a href=\"https:\/\/hi-nd.com\/product\/ceiling-casing-window-55-lg\">Takh\u00f6lje 55 f\u00f6r LG, st\u00e5ende<\/a><\/td>\n<td><a href=\"https:\/\/hi-nd.com\/product\/ceiling-casing-window-55-lg\">LG55XS4J-B, LG55XS2E-B<\/a><\/td>\n<td><a href=\"https:\/\/hi-nd.com\/product\/ceiling-casing-window-55-lg\">Vit<\/a><\/td>\n<\/tr>\n<tr>\n<td><a href=\"https:\/\/hi-nd.com\/product\/ceiling-casing-window-55-lg\">CC5525-5001-02<\/a><\/td>\n<td><a href=\"https:\/\/hi-nd.com\/product\/ceiling-casing-window-55-lg\">Takh\u00f6lje 55 f\u00f6r LG, st\u00e5ende<\/a><\/td>\n<td><a href=\"https:\/\/hi-nd.com\/product\/ceiling-casing-window-55-lg\">LG55XS4J-B, LG55XS2E-B<\/a><\/td>\n<td><a href=\"https:\/\/hi-nd.com\/product\/ceiling-casing-window-55-lg\">Svart<\/a><\/td>\n<\/tr>\n<tr>\n<td><a href=\"https:\/\/hi-nd.com\/product\/ceiling-casing-window-49\">CC4925-5001-01<\/a><\/td>\n<td><a href=\"https:\/\/hi-nd.com\/product\/ceiling-casing-window-49\">Ceiling Casing 49 f\u00f6r LG, portr\u00e4tt<\/a><\/td>\n<td><a href=\"https:\/\/hi-nd.com\/product\/ceiling-casing-window-49\">LG49XS4J-B, LG49XS2E-B<\/a><\/td>\n<td><a href=\"https:\/\/hi-nd.com\/product\/ceiling-casing-window-49\">Vit<\/a><\/td>\n<\/tr>\n<tr>\n<td><a href=\"https:\/\/hi-nd.com\/product\/ceiling-casing-window-49\">CC4925-5001-02<\/a><\/td>\n<td><a href=\"https:\/\/hi-nd.com\/product\/ceiling-casing-window-49\">Ceiling Casing 49 f\u00f6r LG, portr\u00e4tt<\/a><\/td>\n<td><a href=\"https:\/\/hi-nd.com\/product\/ceiling-casing-window-49\">LG49XS4J-B, LG49XS2E-B<\/a><\/td>\n<td><a href=\"https:\/\/hi-nd.com\/product\/ceiling-casing-window-49\">Svart<\/a><\/td>\n<\/tr>\n<tr>\n<td><a href=\"https:\/\/hi-nd.com\/product\/ceiling-casing-window55\/\">CC4615-5101-01<\/a><\/td>\n<td><a href=\"https:\/\/hi-nd.com\/product\/ceiling-casing-window55\/\">Ceiling Casing 46, portr\u00e4tt<\/a><\/td>\n<td><a href=\"https:\/\/hi-nd.com\/product\/ceiling-casing-window55\/\">Samsung OM46B<\/a><\/td>\n<td><a href=\"https:\/\/hi-nd.com\/product\/ceiling-casing-window55\/\">Vit<\/a><\/td>\n<\/tr>\n<tr>\n<td><a href=\"https:\/\/hi-nd.com\/product\/ceiling-casing-window55\/\">CC4615-5101-02<\/a><\/td>\n<td><a href=\"https:\/\/hi-nd.com\/product\/ceiling-casing-window55\/\">Ceiling Casing 46, portr\u00e4tt<\/a><\/td>\n<td><a href=\"https:\/\/hi-nd.com\/product\/ceiling-casing-window55\/\">Samsung OM46B<\/a><\/td>\n<td><a href=\"https:\/\/hi-nd.com\/product\/ceiling-casing-window55\/\">Svart<\/a><\/td>\n<\/tr>\n<\/tbody>\n<\/table>\n","protected":false},"excerpt":{"rendered":"<p><strong>H\u00f6lje f\u00f6r sk\u00e4rmar med h\u00f6g ljusstyrka<\/strong><\/p>\n<p>HI-ND takf\u00f6nster \u00e4r utformat f\u00f6r att anv\u00e4ndas f\u00f6r sk\u00e4rmar med h\u00f6g ljusstyrka. Installation av sk\u00e4rmar och service\u00e5tkomst g\u00f6rs fr\u00e5n baksidan f\u00f6r att s\u00e4kerst\u00e4lla att sk\u00e4rmarna kan installeras n\u00e4ra ett f\u00f6nster. Alla produkter har godk\u00e4nts av Samsung och LG f\u00f6r installation i skyltf\u00f6nster.<\/p>\n<ul>\n<li>Svart och vit f\u00e4rg som standard<\/li>\n<li>Alla kablar \u00e4r dolda<\/li>\n<li>Service\u00e5tkomst fr\u00e5n baksidan<\/li>\n<li>Tr\u00e5d eller teleskop<\/li>\n<\/ul>\n","protected":false},"featured_media":3767,"template":"","meta":[],"product_brand":[],"product_cat":[97,96],"product_tag":[99],"class_list":{"0":"post-5771","1":"product","2":"type-product","3":"status-publish","4":"has-post-thumbnail","6":"product_cat-holje","7":"product_cat-tak-sv","8":"product_tag-takholje-samsung-hog-ljusstyrka","10":"first","11":"instock","12":"shipping-taxable","13":"product-type-simple"},"yoast_head":"<!-- This site is optimized with the Yoast SEO plugin v27.3 - https:\/\/yoast.com\/product\/yoast-seo-wordpress\/ -->\n<title>Tak F\u00f6nster - HI-ND<\/title>\n<meta name=\"description\" content=\"HI-ND takf\u00f6nster \u00e4r utformat f\u00f6r att anv\u00e4ndas f\u00f6r sk\u00e4rmar med h\u00f6g ljusstyrka. Alla produkter har godk\u00e4nts av Samsung och LG.\" \/>\n<meta name=\"robots\" content=\"index, follow, max-snippet:-1, max-image-preview:large, max-video-preview:-1\" \/>\n<link rel=\"canonical\" href=\"https:\/\/hi-nd.com\/sv\/produkt\/tak-fonster\/\" \/>\n<meta property=\"og:locale\" content=\"sv_SE\" \/>\n<meta property=\"og:type\" content=\"article\" \/>\n<meta property=\"og:title\" content=\"Tak F\u00f6nster - HI-ND\" \/>\n<meta property=\"og:description\" content=\"HI-ND takf\u00f6nster \u00e4r utformat f\u00f6r att anv\u00e4ndas f\u00f6r sk\u00e4rmar med h\u00f6g ljusstyrka. Alla produkter har godk\u00e4nts av Samsung och LG.\" \/>\n<meta property=\"og:url\" content=\"https:\/\/hi-nd.com\/sv\/produkt\/tak-fonster\/\" \/>\n<meta property=\"og:site_name\" content=\"HI-ND\" \/>\n<meta property=\"article:modified_time\" content=\"2024-03-26T10:35:12+00:00\" \/>\n<meta property=\"og:image\" content=\"https:\/\/hi-nd.com\/wp-content\/uploads\/2022\/01\/LG-high-brightness-black-web.png\" \/>\n\t<meta property=\"og:image:width\" content=\"750\" \/>\n\t<meta property=\"og:image:height\" content=\"750\" \/>\n\t<meta property=\"og:image:type\" content=\"image\/png\" \/>\n<meta name=\"twitter:card\" content=\"summary_large_image\" \/>\n<meta name=\"twitter:label1\" content=\"Ber\u00e4knad l\u00e4stid\" \/>\n\t<meta name=\"twitter:data1\" content=\"1 minut\" \/>\n<script type=\"application\/ld+json\" class=\"yoast-schema-graph\">{\"@context\":\"https:\\\/\\\/schema.org\",\"@graph\":[{\"@type\":\"WebPage\",\"@id\":\"https:\\\/\\\/hi-nd.com\\\/sv\\\/produkt\\\/tak-fonster\\\/\",\"url\":\"https:\\\/\\\/hi-nd.com\\\/sv\\\/produkt\\\/tak-fonster\\\/\",\"name\":\"Tak F\u00f6nster - HI-ND\",\"isPartOf\":{\"@id\":\"https:\\\/\\\/hi-nd.com\\\/#website\"},\"primaryImageOfPage\":{\"@id\":\"https:\\\/\\\/hi-nd.com\\\/sv\\\/produkt\\\/tak-fonster\\\/#primaryimage\"},\"image\":{\"@id\":\"https:\\\/\\\/hi-nd.com\\\/sv\\\/produkt\\\/tak-fonster\\\/#primaryimage\"},\"thumbnailUrl\":\"https:\\\/\\\/hi-nd.com\\\/wp-content\\\/uploads\\\/2022\\\/01\\\/LG-high-brightness-black-web.png\",\"datePublished\":\"2021-10-25T14:36:00+00:00\",\"dateModified\":\"2024-03-26T10:35:12+00:00\",\"description\":\"HI-ND takf\u00f6nster \u00e4r utformat f\u00f6r att anv\u00e4ndas f\u00f6r sk\u00e4rmar med h\u00f6g ljusstyrka. Alla produkter har godk\u00e4nts av Samsung och LG.\",\"breadcrumb\":{\"@id\":\"https:\\\/\\\/hi-nd.com\\\/sv\\\/produkt\\\/tak-fonster\\\/#breadcrumb\"},\"inLanguage\":\"sv-SE\",\"potentialAction\":[{\"@type\":\"ReadAction\",\"target\":[\"https:\\\/\\\/hi-nd.com\\\/sv\\\/produkt\\\/tak-fonster\\\/\"]}]},{\"@type\":\"ImageObject\",\"inLanguage\":\"sv-SE\",\"@id\":\"https:\\\/\\\/hi-nd.com\\\/sv\\\/produkt\\\/tak-fonster\\\/#primaryimage\",\"url\":\"https:\\\/\\\/hi-nd.com\\\/wp-content\\\/uploads\\\/2022\\\/01\\\/LG-high-brightness-black-web.png\",\"contentUrl\":\"https:\\\/\\\/hi-nd.com\\\/wp-content\\\/uploads\\\/2022\\\/01\\\/LG-high-brightness-black-web.png\",\"width\":750,\"height\":750},{\"@type\":\"BreadcrumbList\",\"@id\":\"https:\\\/\\\/hi-nd.com\\\/sv\\\/produkt\\\/tak-fonster\\\/#breadcrumb\",\"itemListElement\":[{\"@type\":\"ListItem\",\"position\":1,\"name\":\"Home\",\"item\":\"https:\\\/\\\/hi-nd.com\\\/sv\\\/\"},{\"@type\":\"ListItem\",\"position\":2,\"name\":\"Butik\",\"item\":\"https:\\\/\\\/hi-nd.com\\\/sv\\\/butik\\\/\"},{\"@type\":\"ListItem\",\"position\":3,\"name\":\"Tak F\u00f6nster\"}]},{\"@type\":\"WebSite\",\"@id\":\"https:\\\/\\\/hi-nd.com\\\/#website\",\"url\":\"https:\\\/\\\/hi-nd.com\\\/\",\"name\":\"HI-ND\",\"description\":\"Mounting Solutions\",\"potentialAction\":[{\"@type\":\"SearchAction\",\"target\":{\"@type\":\"EntryPoint\",\"urlTemplate\":\"https:\\\/\\\/hi-nd.com\\\/?s={search_term_string}\"},\"query-input\":{\"@type\":\"PropertyValueSpecification\",\"valueRequired\":true,\"valueName\":\"search_term_string\"}}],\"inLanguage\":\"sv-SE\"}]}<\/script>\n<!-- \/ Yoast SEO plugin. -->","yoast_head_json":{"title":"Tak F\u00f6nster - HI-ND","description":"HI-ND takf\u00f6nster \u00e4r utformat f\u00f6r att anv\u00e4ndas f\u00f6r sk\u00e4rmar med h\u00f6g ljusstyrka. Alla produkter har godk\u00e4nts av Samsung och LG.","robots":{"index":"index","follow":"follow","max-snippet":"max-snippet:-1","max-image-preview":"max-image-preview:large","max-video-preview":"max-video-preview:-1"},"canonical":"https:\/\/hi-nd.com\/sv\/produkt\/tak-fonster\/","og_locale":"sv_SE","og_type":"article","og_title":"Tak F\u00f6nster - HI-ND","og_description":"HI-ND takf\u00f6nster \u00e4r utformat f\u00f6r att anv\u00e4ndas f\u00f6r sk\u00e4rmar med h\u00f6g ljusstyrka. Alla produkter har godk\u00e4nts av Samsung och LG.","og_url":"https:\/\/hi-nd.com\/sv\/produkt\/tak-fonster\/","og_site_name":"HI-ND","article_modified_time":"2024-03-26T10:35:12+00:00","og_image":[{"width":750,"height":750,"url":"https:\/\/hi-nd.com\/wp-content\/uploads\/2022\/01\/LG-high-brightness-black-web.png","type":"image\/png"}],"twitter_card":"summary_large_image","twitter_misc":{"Ber\u00e4knad l\u00e4stid":"1 minut"},"schema":{"@context":"https:\/\/schema.org","@graph":[{"@type":"WebPage","@id":"https:\/\/hi-nd.com\/sv\/produkt\/tak-fonster\/","url":"https:\/\/hi-nd.com\/sv\/produkt\/tak-fonster\/","name":"Tak F\u00f6nster - HI-ND","isPartOf":{"@id":"https:\/\/hi-nd.com\/#website"},"primaryImageOfPage":{"@id":"https:\/\/hi-nd.com\/sv\/produkt\/tak-fonster\/#primaryimage"},"image":{"@id":"https:\/\/hi-nd.com\/sv\/produkt\/tak-fonster\/#primaryimage"},"thumbnailUrl":"https:\/\/hi-nd.com\/wp-content\/uploads\/2022\/01\/LG-high-brightness-black-web.png","datePublished":"2021-10-25T14:36:00+00:00","dateModified":"2024-03-26T10:35:12+00:00","description":"HI-ND takf\u00f6nster \u00e4r utformat f\u00f6r att anv\u00e4ndas f\u00f6r sk\u00e4rmar med h\u00f6g ljusstyrka. Alla produkter har godk\u00e4nts av Samsung och LG.","breadcrumb":{"@id":"https:\/\/hi-nd.com\/sv\/produkt\/tak-fonster\/#breadcrumb"},"inLanguage":"sv-SE","potentialAction":[{"@type":"ReadAction","target":["https:\/\/hi-nd.com\/sv\/produkt\/tak-fonster\/"]}]},{"@type":"ImageObject","inLanguage":"sv-SE","@id":"https:\/\/hi-nd.com\/sv\/produkt\/tak-fonster\/#primaryimage","url":"https:\/\/hi-nd.com\/wp-content\/uploads\/2022\/01\/LG-high-brightness-black-web.png","contentUrl":"https:\/\/hi-nd.com\/wp-content\/uploads\/2022\/01\/LG-high-brightness-black-web.png","width":750,"height":750},{"@type":"BreadcrumbList","@id":"https:\/\/hi-nd.com\/sv\/produkt\/tak-fonster\/#breadcrumb","itemListElement":[{"@type":"ListItem","position":1,"name":"Home","item":"https:\/\/hi-nd.com\/sv\/"},{"@type":"ListItem","position":2,"name":"Butik","item":"https:\/\/hi-nd.com\/sv\/butik\/"},{"@type":"ListItem","position":3,"name":"Tak F\u00f6nster"}]},{"@type":"WebSite","@id":"https:\/\/hi-nd.com\/#website","url":"https:\/\/hi-nd.com\/","name":"HI-ND","description":"Mounting Solutions","potentialAction":[{"@type":"SearchAction","target":{"@type":"EntryPoint","urlTemplate":"https:\/\/hi-nd.com\/?s={search_term_string}"},"query-input":{"@type":"PropertyValueSpecification","valueRequired":true,"valueName":"search_term_string"}}],"inLanguage":"sv-SE"}]}},"_links":{"self":[{"href":"https:\/\/hi-nd.com\/sv\/wp-json\/wp\/v2\/product\/5771","targetHints":{"allow":["GET"]}}],"collection":[{"href":"https:\/\/hi-nd.com\/sv\/wp-json\/wp\/v2\/product"}],"about":[{"href":"https:\/\/hi-nd.com\/sv\/wp-json\/wp\/v2\/types\/product"}],"wp:featuredmedia":[{"embeddable":true,"href":"https:\/\/hi-nd.com\/sv\/wp-json\/wp\/v2\/media\/3767"}],"wp:attachment":[{"href":"https:\/\/hi-nd.com\/sv\/wp-json\/wp\/v2\/media?parent=5771"}],"wp:term":[{"taxonomy":"product_brand","embeddable":true,"href":"https:\/\/hi-nd.com\/sv\/wp-json\/wp\/v2\/product_brand?post=5771"},{"taxonomy":"product_cat","embeddable":true,"href":"https:\/\/hi-nd.com\/sv\/wp-json\/wp\/v2\/product_cat?post=5771"},{"taxonomy":"product_tag","embeddable":true,"href":"https:\/\/hi-nd.com\/sv\/wp-json\/wp\/v2\/product_tag?post=5771"}],"curies":[{"name":"wp","href":"https:\/\/api.w.org\/{rel}","templated":true}]}}