{"id":5770,"date":"2021-11-22T19:04:43","date_gmt":"2021-11-22T18:04:43","guid":{"rendered":"https:\/\/hi-nd.com\/product\/vaggmontering-liten\/"},"modified":"2021-11-22T19:04:43","modified_gmt":"2021-11-22T18:04:43","slug":"vaggmontering-liten","status":"publish","type":"product","link":"https:\/\/hi-nd.com\/sv\/produkt\/vaggmontering-liten\/","title":{"rendered":"V\u00e4ggmontering Liten"},"content":{"rendered":"<table width=\"654\">\n<tbody>\n<tr>\n<td width=\"125\">Delnummer<\/td>\n<td width=\"529\">Beskrivning<\/td>\n<\/tr>\n<tr>\n<td>C-WM01-02<\/td>\n<td>V\u00e4ggf\u00e4ste Liten, VESA 50&#215;50, 75&#215;75, 100&#215;100, 13-27&#8243;, 15mm tjocklek<\/td>\n<\/tr>\n<\/tbody>\n<\/table>\n","protected":false},"excerpt":{"rendered":"<p>HI-ND v\u00e4ggf\u00e4ste small \u00e4r utformat f\u00f6r att monitorer ska kunna placeras bara 15 mm fr\u00e5n v\u00e4ggen. Konstruktionen med tv\u00e5 delar g\u00f6r installationen enkel. Den st\u00f6der de flesta 13&#8221;-27&#8221;-bildsk\u00e4rmar upp till 30 kg. Styrkan har testats f\u00f6r minst tre g\u00e5nger den angivna lastkapaciteten.<\/p>\n<ul>\n<li>VESA-kompatibel med 50\u00d750, 75\u00d775 och 100\u00d7100.<\/li>\n<li>Smal version 15 mm<\/li>\n<li>Dimension: 15x140x120mm<\/li>\n<li>Max vikt: 30Kg<\/li>\n<li>Sk\u00e4rmstorlekar: 13\u2033 &#8211; 27\u2033<\/li>\n<\/ul>\n","protected":false},"featured_media":3710,"template":"","meta":[],"product_brand":[],"product_cat":[89,90],"product_tag":[],"class_list":{"0":"post-5770","1":"product","2":"type-product","3":"status-publish","4":"has-post-thumbnail","6":"product_cat-wall-sv","7":"product_cat-vaggmontering","9":"first","10":"instock","11":"shipping-taxable","12":"product-type-simple"},"yoast_head":"<!-- This site is optimized with the Yoast SEO plugin v27.3 - https:\/\/yoast.com\/product\/yoast-seo-wordpress\/ -->\n<title>V\u00e4ggmontering Liten - HI-ND<\/title>\n<meta name=\"description\" content=\"HI-ND Wall mount small \u00e4r utformad f\u00f6r att monitorer ska kunna placeras bara 15 mm fr\u00e5n v\u00e4ggen. Konstruktionen med tv\u00e5 delar g\u00f6r installationen enkel.\" \/>\n<meta name=\"robots\" content=\"index, follow, max-snippet:-1, max-image-preview:large, max-video-preview:-1\" \/>\n<link rel=\"canonical\" href=\"https:\/\/hi-nd.com\/sv\/produkt\/vaggmontering-liten\/\" \/>\n<meta property=\"og:locale\" content=\"sv_SE\" \/>\n<meta property=\"og:type\" content=\"article\" \/>\n<meta property=\"og:title\" content=\"V\u00e4ggmontering Liten - HI-ND\" \/>\n<meta property=\"og:description\" content=\"HI-ND Wall mount small \u00e4r utformad f\u00f6r att monitorer ska kunna placeras bara 15 mm fr\u00e5n v\u00e4ggen. Konstruktionen med tv\u00e5 delar g\u00f6r installationen enkel.\" \/>\n<meta property=\"og:url\" content=\"https:\/\/hi-nd.com\/sv\/produkt\/vaggmontering-liten\/\" \/>\n<meta property=\"og:site_name\" content=\"HI-ND\" \/>\n<meta property=\"og:image\" content=\"https:\/\/hi-nd.com\/wp-content\/uploads\/2021\/11\/Wall-mount-small-web.png\" \/>\n\t<meta property=\"og:image:width\" content=\"750\" \/>\n\t<meta property=\"og:image:height\" content=\"750\" \/>\n\t<meta property=\"og:image:type\" content=\"image\/png\" \/>\n<meta name=\"twitter:card\" content=\"summary_large_image\" \/>\n<script type=\"application\/ld+json\" class=\"yoast-schema-graph\">{\"@context\":\"https:\\\/\\\/schema.org\",\"@graph\":[{\"@type\":\"WebPage\",\"@id\":\"https:\\\/\\\/hi-nd.com\\\/sv\\\/produkt\\\/vaggmontering-liten\\\/\",\"url\":\"https:\\\/\\\/hi-nd.com\\\/sv\\\/produkt\\\/vaggmontering-liten\\\/\",\"name\":\"V\u00e4ggmontering Liten - HI-ND\",\"isPartOf\":{\"@id\":\"https:\\\/\\\/hi-nd.com\\\/#website\"},\"primaryImageOfPage\":{\"@id\":\"https:\\\/\\\/hi-nd.com\\\/sv\\\/produkt\\\/vaggmontering-liten\\\/#primaryimage\"},\"image\":{\"@id\":\"https:\\\/\\\/hi-nd.com\\\/sv\\\/produkt\\\/vaggmontering-liten\\\/#primaryimage\"},\"thumbnailUrl\":\"https:\\\/\\\/hi-nd.com\\\/wp-content\\\/uploads\\\/2021\\\/11\\\/Wall-mount-small-web.png\",\"datePublished\":\"2021-11-22T18:04:43+00:00\",\"description\":\"HI-ND Wall mount small \u00e4r utformad f\u00f6r att monitorer ska kunna placeras bara 15 mm fr\u00e5n v\u00e4ggen. Konstruktionen med tv\u00e5 delar g\u00f6r installationen enkel.\",\"breadcrumb\":{\"@id\":\"https:\\\/\\\/hi-nd.com\\\/sv\\\/produkt\\\/vaggmontering-liten\\\/#breadcrumb\"},\"inLanguage\":\"sv-SE\",\"potentialAction\":[{\"@type\":\"ReadAction\",\"target\":[\"https:\\\/\\\/hi-nd.com\\\/sv\\\/produkt\\\/vaggmontering-liten\\\/\"]}]},{\"@type\":\"ImageObject\",\"inLanguage\":\"sv-SE\",\"@id\":\"https:\\\/\\\/hi-nd.com\\\/sv\\\/produkt\\\/vaggmontering-liten\\\/#primaryimage\",\"url\":\"https:\\\/\\\/hi-nd.com\\\/wp-content\\\/uploads\\\/2021\\\/11\\\/Wall-mount-small-web.png\",\"contentUrl\":\"https:\\\/\\\/hi-nd.com\\\/wp-content\\\/uploads\\\/2021\\\/11\\\/Wall-mount-small-web.png\",\"width\":750,\"height\":750},{\"@type\":\"BreadcrumbList\",\"@id\":\"https:\\\/\\\/hi-nd.com\\\/sv\\\/produkt\\\/vaggmontering-liten\\\/#breadcrumb\",\"itemListElement\":[{\"@type\":\"ListItem\",\"position\":1,\"name\":\"Home\",\"item\":\"https:\\\/\\\/hi-nd.com\\\/sv\\\/\"},{\"@type\":\"ListItem\",\"position\":2,\"name\":\"Butik\",\"item\":\"https:\\\/\\\/hi-nd.com\\\/sv\\\/butik\\\/\"},{\"@type\":\"ListItem\",\"position\":3,\"name\":\"V\u00e4ggmontering Liten\"}]},{\"@type\":\"WebSite\",\"@id\":\"https:\\\/\\\/hi-nd.com\\\/#website\",\"url\":\"https:\\\/\\\/hi-nd.com\\\/\",\"name\":\"HI-ND\",\"description\":\"Mounting Solutions\",\"potentialAction\":[{\"@type\":\"SearchAction\",\"target\":{\"@type\":\"EntryPoint\",\"urlTemplate\":\"https:\\\/\\\/hi-nd.com\\\/?s={search_term_string}\"},\"query-input\":{\"@type\":\"PropertyValueSpecification\",\"valueRequired\":true,\"valueName\":\"search_term_string\"}}],\"inLanguage\":\"sv-SE\"}]}<\/script>\n<!-- \/ Yoast SEO plugin. -->","yoast_head_json":{"title":"V\u00e4ggmontering Liten - HI-ND","description":"HI-ND Wall mount small \u00e4r utformad f\u00f6r att monitorer ska kunna placeras bara 15 mm fr\u00e5n v\u00e4ggen. Konstruktionen med tv\u00e5 delar g\u00f6r installationen enkel.","robots":{"index":"index","follow":"follow","max-snippet":"max-snippet:-1","max-image-preview":"max-image-preview:large","max-video-preview":"max-video-preview:-1"},"canonical":"https:\/\/hi-nd.com\/sv\/produkt\/vaggmontering-liten\/","og_locale":"sv_SE","og_type":"article","og_title":"V\u00e4ggmontering Liten - HI-ND","og_description":"HI-ND Wall mount small \u00e4r utformad f\u00f6r att monitorer ska kunna placeras bara 15 mm fr\u00e5n v\u00e4ggen. Konstruktionen med tv\u00e5 delar g\u00f6r installationen enkel.","og_url":"https:\/\/hi-nd.com\/sv\/produkt\/vaggmontering-liten\/","og_site_name":"HI-ND","og_image":[{"width":750,"height":750,"url":"https:\/\/hi-nd.com\/wp-content\/uploads\/2021\/11\/Wall-mount-small-web.png","type":"image\/png"}],"twitter_card":"summary_large_image","schema":{"@context":"https:\/\/schema.org","@graph":[{"@type":"WebPage","@id":"https:\/\/hi-nd.com\/sv\/produkt\/vaggmontering-liten\/","url":"https:\/\/hi-nd.com\/sv\/produkt\/vaggmontering-liten\/","name":"V\u00e4ggmontering Liten - HI-ND","isPartOf":{"@id":"https:\/\/hi-nd.com\/#website"},"primaryImageOfPage":{"@id":"https:\/\/hi-nd.com\/sv\/produkt\/vaggmontering-liten\/#primaryimage"},"image":{"@id":"https:\/\/hi-nd.com\/sv\/produkt\/vaggmontering-liten\/#primaryimage"},"thumbnailUrl":"https:\/\/hi-nd.com\/wp-content\/uploads\/2021\/11\/Wall-mount-small-web.png","datePublished":"2021-11-22T18:04:43+00:00","description":"HI-ND Wall mount small \u00e4r utformad f\u00f6r att monitorer ska kunna placeras bara 15 mm fr\u00e5n v\u00e4ggen. Konstruktionen med tv\u00e5 delar g\u00f6r installationen enkel.","breadcrumb":{"@id":"https:\/\/hi-nd.com\/sv\/produkt\/vaggmontering-liten\/#breadcrumb"},"inLanguage":"sv-SE","potentialAction":[{"@type":"ReadAction","target":["https:\/\/hi-nd.com\/sv\/produkt\/vaggmontering-liten\/"]}]},{"@type":"ImageObject","inLanguage":"sv-SE","@id":"https:\/\/hi-nd.com\/sv\/produkt\/vaggmontering-liten\/#primaryimage","url":"https:\/\/hi-nd.com\/wp-content\/uploads\/2021\/11\/Wall-mount-small-web.png","contentUrl":"https:\/\/hi-nd.com\/wp-content\/uploads\/2021\/11\/Wall-mount-small-web.png","width":750,"height":750},{"@type":"BreadcrumbList","@id":"https:\/\/hi-nd.com\/sv\/produkt\/vaggmontering-liten\/#breadcrumb","itemListElement":[{"@type":"ListItem","position":1,"name":"Home","item":"https:\/\/hi-nd.com\/sv\/"},{"@type":"ListItem","position":2,"name":"Butik","item":"https:\/\/hi-nd.com\/sv\/butik\/"},{"@type":"ListItem","position":3,"name":"V\u00e4ggmontering Liten"}]},{"@type":"WebSite","@id":"https:\/\/hi-nd.com\/#website","url":"https:\/\/hi-nd.com\/","name":"HI-ND","description":"Mounting Solutions","potentialAction":[{"@type":"SearchAction","target":{"@type":"EntryPoint","urlTemplate":"https:\/\/hi-nd.com\/?s={search_term_string}"},"query-input":{"@type":"PropertyValueSpecification","valueRequired":true,"valueName":"search_term_string"}}],"inLanguage":"sv-SE"}]}},"_links":{"self":[{"href":"https:\/\/hi-nd.com\/sv\/wp-json\/wp\/v2\/product\/5770","targetHints":{"allow":["GET"]}}],"collection":[{"href":"https:\/\/hi-nd.com\/sv\/wp-json\/wp\/v2\/product"}],"about":[{"href":"https:\/\/hi-nd.com\/sv\/wp-json\/wp\/v2\/types\/product"}],"wp:featuredmedia":[{"embeddable":true,"href":"https:\/\/hi-nd.com\/sv\/wp-json\/wp\/v2\/media\/3710"}],"wp:attachment":[{"href":"https:\/\/hi-nd.com\/sv\/wp-json\/wp\/v2\/media?parent=5770"}],"wp:term":[{"taxonomy":"product_brand","embeddable":true,"href":"https:\/\/hi-nd.com\/sv\/wp-json\/wp\/v2\/product_brand?post=5770"},{"taxonomy":"product_cat","embeddable":true,"href":"https:\/\/hi-nd.com\/sv\/wp-json\/wp\/v2\/product_cat?post=5770"},{"taxonomy":"product_tag","embeddable":true,"href":"https:\/\/hi-nd.com\/sv\/wp-json\/wp\/v2\/product_tag?post=5770"}],"curies":[{"name":"wp","href":"https:\/\/api.w.org\/{rel}","templated":true}]}}