{"id":5762,"date":"2021-10-25T16:24:15","date_gmt":"2021-10-25T14:24:15","guid":{"rendered":"https:\/\/hi-nd.com\/product\/enkel-totem-exklusiv\/"},"modified":"2026-01-28T09:35:42","modified_gmt":"2026-01-28T08:35:42","slug":"enkel-totem-exklusiv","status":"publish","type":"product","link":"https:\/\/hi-nd.com\/sv\/produkt\/enkel-totem-exklusiv\/","title":{"rendered":"Singeltotem Exklusiv"},"content":{"rendered":"<p>&nbsp;<\/p>\n<p>&nbsp;<\/p>\n<table width=\"800\">\n<tbody>\n<tr>\n<td width=\"150\">Artikelnummer<\/td>\n<td width=\"600\"> Beskrivning<\/td>\n<td width=\"85\"> F\u00e4rg<\/td>\n<\/tr>\n<tr>\n<td>ST5500-5001-Tr\u00e4<\/td>\n<td>  Enkel totem Exclusive 55&#8243;, LG &amp; Samsung, Portr\u00e4tt, Svart chassi, Svart glas, Tr\u00e4dekor<\/td>\n<td>  Svart\/Tr\u00e4<\/td>\n<\/tr>\n<tr>\n<td>ST5500-5001-01<\/td>\n<td> Singeltotem Exklusiv 55&#8243;, LG &amp; Samsung, Portr\u00e4tt, Vit chassi, Vitt glas<\/td>\n<td> Vit<\/td>\n<\/tr>\n<tr>\n<td>ST5500-5001-02<\/td>\n<td> Singeltotem Exklusiv 55&#8243;, LG &amp; Samsung, Portr\u00e4tt, Svart chassi, Svart glas<\/td>\n<td> Svart<\/td>\n<\/tr>\n<tr>\n<td>ST5500-5001-100<\/td>\n<td> Singeltotem Exklusiv 55&#8243;, stor fotplatta, LG &amp; Samsung, Portr\u00e4tt, svart chassi, svart glas<\/td>\n<td> Svart<\/td>\n<\/tr>\n<\/tbody>\n<\/table>\n","protected":false},"excerpt":{"rendered":"<p><strong>Designa ditt eget totem  <\/strong><\/p>\n<p>V\u00e5r Singelotem Exklusiv inomhus \u00e4r utformad f\u00f6r att ge kunderna frihet att designa en totem med sitt eget unika utseende. Perfekt f\u00f6r lobbyer, restauranger, butiker och offentliga utrymmen. Exclusive Totem kan anpassas med belyst logotyp f\u00f6r att \u00e5terspegla kundens varum\u00e4rkesimage. Standardf\u00e4rgen \u00e4r svart men den kan best\u00e4llas i olika f\u00e4rger. Fotplattan m\u00e5ste anslutas (st\u00f6rre fotplatta finns utan krav p\u00e5 anslutning).<\/p>\n<ul>\n<li>Displaystorlek 55&#8243;<\/li>\n<li>Designad f\u00f6r Samsung QM55B, QM55C och LG55UH5F<\/li>\n<li>Front\u00e5tkomst<\/li>\n<li>Plats f\u00f6r dator och router p\u00e5 insidan<\/li>\n<li>6 mm h\u00e4rdat glas i fronten<\/li>\n<li>Anpassade alternativ\n<ul>\n<li>Stor fotplatta som tillval, stickpropp kr\u00e4vs ej<\/li>\n<li><em>Dekorativa sidor i tr\u00e4<\/em><\/li>\n<li><em>Tr\u00e4lucka under displayen<\/em><\/li>\n<li><em>Glaslucka under displayen  <\/em><\/li>\n<li><em>Tryckt logotyp p\u00e5 glaset<\/em><\/li>\n<li><em>Olika pulverlackeringar<\/em><\/li>\n<\/ul>\n<\/li>\n<\/ul>\n","protected":false},"featured_media":3965,"template":"","meta":[],"product_brand":[],"product_cat":[67,70],"product_tag":[73],"class_list":{"0":"post-5762","1":"product","2":"type-product","3":"status-publish","4":"has-post-thumbnail","6":"product_cat-golv-sv","7":"product_cat-totem-sv","8":"product_tag-digital-skyltning-pa-golv","10":"first","11":"instock","12":"shipping-taxable","13":"product-type-simple"},"yoast_head":"<!-- This site is optimized with the Yoast SEO plugin v27.4 - https:\/\/yoast.com\/product\/yoast-seo-wordpress\/ -->\n<title>Singeltotem Exklusiv - HI-ND<\/title>\n<meta name=\"description\" content=\"HI-ND singel totem Exklusiv f\u00f6r inomhusbruk \u00e4r utformad f\u00f6r att ge kunderna frihet att utforma en totem med ett unikt utseende. Finns i olika f\u00e4rger.\" \/>\n<meta name=\"robots\" content=\"index, follow, max-snippet:-1, max-image-preview:large, max-video-preview:-1\" \/>\n<link rel=\"canonical\" href=\"https:\/\/hi-nd.com\/product\/single-totem-exclusive\/\" \/>\n<meta property=\"og:locale\" content=\"sv_SE\" \/>\n<meta property=\"og:type\" content=\"article\" \/>\n<meta property=\"og:title\" content=\"Singeltotem Exklusiv - HI-ND\" \/>\n<meta property=\"og:description\" content=\"HI-ND singel totem Exklusiv f\u00f6r inomhusbruk \u00e4r utformad f\u00f6r att ge kunderna frihet att utforma en totem med ett unikt utseende. Finns i olika f\u00e4rger.\" \/>\n<meta property=\"og:url\" content=\"https:\/\/hi-nd.com\/product\/single-totem-exclusive\/\" \/>\n<meta property=\"og:site_name\" content=\"HI-ND\" \/>\n<meta property=\"article:modified_time\" content=\"2026-01-28T08:35:42+00:00\" \/>\n<meta property=\"og:image\" content=\"https:\/\/hi-nd.com\/wp-content\/uploads\/2022\/01\/single-web.png\" \/>\n\t<meta property=\"og:image:width\" content=\"750\" \/>\n\t<meta property=\"og:image:height\" content=\"750\" \/>\n\t<meta property=\"og:image:type\" content=\"image\/png\" \/>\n<meta name=\"twitter:card\" content=\"summary_large_image\" \/>\n<script type=\"application\/ld+json\" class=\"yoast-schema-graph\">{\"@context\":\"https:\\\/\\\/schema.org\",\"@graph\":[{\"@type\":\"WebPage\",\"@id\":\"https:\\\/\\\/hi-nd.com\\\/product\\\/single-totem-exclusive\\\/\",\"url\":\"https:\\\/\\\/hi-nd.com\\\/product\\\/single-totem-exclusive\\\/\",\"name\":\"Singeltotem Exklusiv - HI-ND\",\"isPartOf\":{\"@id\":\"https:\\\/\\\/hi-nd.com\\\/es\\\/#website\"},\"primaryImageOfPage\":{\"@id\":\"https:\\\/\\\/hi-nd.com\\\/product\\\/single-totem-exclusive\\\/#primaryimage\"},\"image\":{\"@id\":\"https:\\\/\\\/hi-nd.com\\\/product\\\/single-totem-exclusive\\\/#primaryimage\"},\"thumbnailUrl\":\"https:\\\/\\\/hi-nd.com\\\/wp-content\\\/uploads\\\/2022\\\/01\\\/single-web.png\",\"datePublished\":\"2021-10-25T14:24:15+00:00\",\"dateModified\":\"2026-01-28T08:35:42+00:00\",\"description\":\"HI-ND singel totem Exklusiv f\u00f6r inomhusbruk \u00e4r utformad f\u00f6r att ge kunderna frihet att utforma en totem med ett unikt utseende. Finns i olika f\u00e4rger.\",\"breadcrumb\":{\"@id\":\"https:\\\/\\\/hi-nd.com\\\/product\\\/single-totem-exclusive\\\/#breadcrumb\"},\"inLanguage\":\"sv-SE\",\"potentialAction\":[{\"@type\":\"ReadAction\",\"target\":[\"https:\\\/\\\/hi-nd.com\\\/product\\\/single-totem-exclusive\\\/\"]}]},{\"@type\":\"ImageObject\",\"inLanguage\":\"sv-SE\",\"@id\":\"https:\\\/\\\/hi-nd.com\\\/product\\\/single-totem-exclusive\\\/#primaryimage\",\"url\":\"https:\\\/\\\/hi-nd.com\\\/wp-content\\\/uploads\\\/2022\\\/01\\\/single-web.png\",\"contentUrl\":\"https:\\\/\\\/hi-nd.com\\\/wp-content\\\/uploads\\\/2022\\\/01\\\/single-web.png\",\"width\":750,\"height\":750},{\"@type\":\"BreadcrumbList\",\"@id\":\"https:\\\/\\\/hi-nd.com\\\/product\\\/single-totem-exclusive\\\/#breadcrumb\",\"itemListElement\":[{\"@type\":\"ListItem\",\"position\":1,\"name\":\"Home\",\"item\":\"https:\\\/\\\/hi-nd.com\\\/sv\\\/\"},{\"@type\":\"ListItem\",\"position\":2,\"name\":\"Butik\",\"item\":\"https:\\\/\\\/hi-nd.com\\\/sv\\\/butik\\\/\"},{\"@type\":\"ListItem\",\"position\":3,\"name\":\"Singeltotem Exklusiv\"}]},{\"@type\":\"WebSite\",\"@id\":\"https:\\\/\\\/hi-nd.com\\\/es\\\/#website\",\"url\":\"https:\\\/\\\/hi-nd.com\\\/es\\\/\",\"name\":\"HI-ND\",\"description\":\"Mounting Solutions\",\"potentialAction\":[{\"@type\":\"SearchAction\",\"target\":{\"@type\":\"EntryPoint\",\"urlTemplate\":\"https:\\\/\\\/hi-nd.com\\\/es\\\/?s={search_term_string}\"},\"query-input\":{\"@type\":\"PropertyValueSpecification\",\"valueRequired\":true,\"valueName\":\"search_term_string\"}}],\"inLanguage\":\"sv-SE\"}]}<\/script>\n<!-- \/ Yoast SEO plugin. -->","yoast_head_json":{"title":"Singeltotem Exklusiv - HI-ND","description":"HI-ND singel totem Exklusiv f\u00f6r inomhusbruk \u00e4r utformad f\u00f6r att ge kunderna frihet att utforma en totem med ett unikt utseende. Finns i olika f\u00e4rger.","robots":{"index":"index","follow":"follow","max-snippet":"max-snippet:-1","max-image-preview":"max-image-preview:large","max-video-preview":"max-video-preview:-1"},"canonical":"https:\/\/hi-nd.com\/product\/single-totem-exclusive\/","og_locale":"sv_SE","og_type":"article","og_title":"Singeltotem Exklusiv - HI-ND","og_description":"HI-ND singel totem Exklusiv f\u00f6r inomhusbruk \u00e4r utformad f\u00f6r att ge kunderna frihet att utforma en totem med ett unikt utseende. Finns i olika f\u00e4rger.","og_url":"https:\/\/hi-nd.com\/product\/single-totem-exclusive\/","og_site_name":"HI-ND","article_modified_time":"2026-01-28T08:35:42+00:00","og_image":[{"width":750,"height":750,"url":"https:\/\/hi-nd.com\/wp-content\/uploads\/2022\/01\/single-web.png","type":"image\/png"}],"twitter_card":"summary_large_image","schema":{"@context":"https:\/\/schema.org","@graph":[{"@type":"WebPage","@id":"https:\/\/hi-nd.com\/product\/single-totem-exclusive\/","url":"https:\/\/hi-nd.com\/product\/single-totem-exclusive\/","name":"Singeltotem Exklusiv - HI-ND","isPartOf":{"@id":"https:\/\/hi-nd.com\/es\/#website"},"primaryImageOfPage":{"@id":"https:\/\/hi-nd.com\/product\/single-totem-exclusive\/#primaryimage"},"image":{"@id":"https:\/\/hi-nd.com\/product\/single-totem-exclusive\/#primaryimage"},"thumbnailUrl":"https:\/\/hi-nd.com\/wp-content\/uploads\/2022\/01\/single-web.png","datePublished":"2021-10-25T14:24:15+00:00","dateModified":"2026-01-28T08:35:42+00:00","description":"HI-ND singel totem Exklusiv f\u00f6r inomhusbruk \u00e4r utformad f\u00f6r att ge kunderna frihet att utforma en totem med ett unikt utseende. Finns i olika f\u00e4rger.","breadcrumb":{"@id":"https:\/\/hi-nd.com\/product\/single-totem-exclusive\/#breadcrumb"},"inLanguage":"sv-SE","potentialAction":[{"@type":"ReadAction","target":["https:\/\/hi-nd.com\/product\/single-totem-exclusive\/"]}]},{"@type":"ImageObject","inLanguage":"sv-SE","@id":"https:\/\/hi-nd.com\/product\/single-totem-exclusive\/#primaryimage","url":"https:\/\/hi-nd.com\/wp-content\/uploads\/2022\/01\/single-web.png","contentUrl":"https:\/\/hi-nd.com\/wp-content\/uploads\/2022\/01\/single-web.png","width":750,"height":750},{"@type":"BreadcrumbList","@id":"https:\/\/hi-nd.com\/product\/single-totem-exclusive\/#breadcrumb","itemListElement":[{"@type":"ListItem","position":1,"name":"Home","item":"https:\/\/hi-nd.com\/sv\/"},{"@type":"ListItem","position":2,"name":"Butik","item":"https:\/\/hi-nd.com\/sv\/butik\/"},{"@type":"ListItem","position":3,"name":"Singeltotem Exklusiv"}]},{"@type":"WebSite","@id":"https:\/\/hi-nd.com\/es\/#website","url":"https:\/\/hi-nd.com\/es\/","name":"HI-ND","description":"Mounting Solutions","potentialAction":[{"@type":"SearchAction","target":{"@type":"EntryPoint","urlTemplate":"https:\/\/hi-nd.com\/es\/?s={search_term_string}"},"query-input":{"@type":"PropertyValueSpecification","valueRequired":true,"valueName":"search_term_string"}}],"inLanguage":"sv-SE"}]}},"_links":{"self":[{"href":"https:\/\/hi-nd.com\/sv\/wp-json\/wp\/v2\/product\/5762","targetHints":{"allow":["GET"]}}],"collection":[{"href":"https:\/\/hi-nd.com\/sv\/wp-json\/wp\/v2\/product"}],"about":[{"href":"https:\/\/hi-nd.com\/sv\/wp-json\/wp\/v2\/types\/product"}],"wp:featuredmedia":[{"embeddable":true,"href":"https:\/\/hi-nd.com\/sv\/wp-json\/wp\/v2\/media\/3965"}],"wp:attachment":[{"href":"https:\/\/hi-nd.com\/sv\/wp-json\/wp\/v2\/media?parent=5762"}],"wp:term":[{"taxonomy":"product_brand","embeddable":true,"href":"https:\/\/hi-nd.com\/sv\/wp-json\/wp\/v2\/product_brand?post=5762"},{"taxonomy":"product_cat","embeddable":true,"href":"https:\/\/hi-nd.com\/sv\/wp-json\/wp\/v2\/product_cat?post=5762"},{"taxonomy":"product_tag","embeddable":true,"href":"https:\/\/hi-nd.com\/sv\/wp-json\/wp\/v2\/product_tag?post=5762"}],"curies":[{"name":"wp","href":"https:\/\/api.w.org\/{rel}","templated":true}]}}