{"id":5760,"date":"2021-10-25T16:30:21","date_gmt":"2021-10-25T14:30:21","guid":{"rendered":"https:\/\/hi-nd.com\/product\/vaggholje-for-utomhusbruk-for-samsung\/"},"modified":"2024-03-27T13:19:24","modified_gmt":"2024-03-27T12:19:24","slug":"vaggholje-for-utomhusbruk-for-samsung","status":"publish","type":"product","link":"https:\/\/hi-nd.com\/sv\/produkt\/vaggholje-for-utomhusbruk-for-samsung\/","title":{"rendered":"V\u00e4ggh\u00f6lje f\u00f6r utomhusbruk f\u00f6r Samsung"},"content":{"rendered":"<p>&nbsp;<\/p>\n<table width=\"779\">\n<tbody>\n<tr>\n<td width=\"243\">Artikelnummer<\/td>\n<td width=\"489\">Beskrivning<\/td>\n<td width=\"47\">F\u00e4rg<\/td>\n<\/tr>\n<tr>\n<td>OW4616-1001-01<\/td>\n<td>H\u00f6lje f\u00f6r utomhusv\u00e4gg, 46&#8243;, Landskap\/Portr\u00e4tt<\/td>\n<td>Vit<\/td>\n<\/tr>\n<tr>\n<td>OW4616-1001-02<\/td>\n<td>H\u00f6lje f\u00f6r utomhusv\u00e4gg, 46&#8243;, Landskap\/Portr\u00e4tt<\/td>\n<td>Svart<\/td>\n<\/tr>\n<tr>\n<td>OW5516-1001-01<\/td>\n<td>V\u00e4ggh\u00f6lje f\u00f6r utomhusbruk, OH55A-S, Landskap\/Portr\u00e4tt<\/td>\n<td>Vit<\/td>\n<\/tr>\n<tr>\n<td>OW5516-1001-02<\/td>\n<td>V\u00e4ggh\u00f6lje f\u00f6r utomhusbruk, OH55A-S, Landskap\/Portr\u00e4tt<\/td>\n<td>Svart<\/td>\n<\/tr>\n<tr>\n<td>WC7516-5001-02<\/td>\n<td>H\u00f6lje f\u00f6r utomhusv\u00e4gg, Samsung 75&#8243;, Portr\u00e4tt<\/td>\n<td>Svart<\/td>\n<\/tr>\n<\/tbody>\n<\/table>\n<p>&nbsp;<\/p>\n","protected":false},"excerpt":{"rendered":"<p>HI-ND Outdoor Wall Casing \u00e4r perfekt f\u00f6r marknadsf\u00f6ring och information utomhus. Den \u00e4r konstruerad f\u00f6r alla v\u00e4derf\u00f6rh\u00e5llanden. Designen \u00e4r smidig utan synliga kablar f\u00f6r montering p\u00e5 v\u00e4gg.<\/p>\n<ul>\n<li>Den st\u00f6der b\u00e5de st\u00e5ende och liggande l\u00e4ge.<\/li>\n<li>Det \u00e4r inte m\u00f6jligt att montera tv\u00e5 v\u00e4ggh\u00f6ljen n\u00e4rmare \u00e4n 10 cm fr\u00e5n varandra<\/li>\n<\/ul>\n","protected":false},"featured_media":3734,"template":"","meta":[],"product_brand":[],"product_cat":[69],"product_tag":[72],"class_list":{"0":"post-5760","1":"product","2":"type-product","3":"status-publish","4":"has-post-thumbnail","6":"product_cat-outdoor-sv","7":"product_tag-vaggbekladnad-for-utomhusbruk-samsung-oh55f","9":"first","10":"instock","11":"shipping-taxable","12":"product-type-simple"},"yoast_head":"<!-- This site is optimized with the Yoast SEO plugin v27.3 - https:\/\/yoast.com\/product\/yoast-seo-wordpress\/ -->\n<title>V\u00e4ggh\u00f6lje f\u00f6r utomhusbruk f\u00f6r Samsung - HI-ND<\/title>\n<meta name=\"description\" content=\"HI-ND Outdoor Wall Casing \u00e4r perfekt f\u00f6r marknadsf\u00f6ring och information utomhus. Den \u00e4r konstruerad f\u00f6r alla v\u00e4derf\u00f6rh\u00e5llanden.\" \/>\n<meta name=\"robots\" content=\"index, follow, max-snippet:-1, max-image-preview:large, max-video-preview:-1\" \/>\n<link rel=\"canonical\" href=\"https:\/\/hi-nd.com\/sv\/produkt\/vaggholje-for-utomhusbruk-for-samsung\/\" \/>\n<meta property=\"og:locale\" content=\"sv_SE\" \/>\n<meta property=\"og:type\" content=\"article\" \/>\n<meta property=\"og:title\" content=\"V\u00e4ggh\u00f6lje f\u00f6r utomhusbruk f\u00f6r Samsung - HI-ND\" \/>\n<meta property=\"og:description\" content=\"HI-ND Outdoor Wall Casing \u00e4r perfekt f\u00f6r marknadsf\u00f6ring och information utomhus. Den \u00e4r konstruerad f\u00f6r alla v\u00e4derf\u00f6rh\u00e5llanden.\" \/>\n<meta property=\"og:url\" content=\"https:\/\/hi-nd.com\/sv\/produkt\/vaggholje-for-utomhusbruk-for-samsung\/\" \/>\n<meta property=\"og:site_name\" content=\"HI-ND\" \/>\n<meta property=\"article:modified_time\" content=\"2024-03-27T12:19:24+00:00\" \/>\n<meta property=\"og:image\" content=\"https:\/\/hi-nd.com\/wp-content\/uploads\/2021\/10\/outdoor-samsung-white-web.png\" \/>\n\t<meta property=\"og:image:width\" content=\"750\" \/>\n\t<meta property=\"og:image:height\" content=\"750\" \/>\n\t<meta property=\"og:image:type\" content=\"image\/png\" \/>\n<meta name=\"twitter:card\" content=\"summary_large_image\" \/>\n<script type=\"application\/ld+json\" class=\"yoast-schema-graph\">{\"@context\":\"https:\\\/\\\/schema.org\",\"@graph\":[{\"@type\":\"WebPage\",\"@id\":\"https:\\\/\\\/hi-nd.com\\\/sv\\\/produkt\\\/vaggholje-for-utomhusbruk-for-samsung\\\/\",\"url\":\"https:\\\/\\\/hi-nd.com\\\/sv\\\/produkt\\\/vaggholje-for-utomhusbruk-for-samsung\\\/\",\"name\":\"V\u00e4ggh\u00f6lje f\u00f6r utomhusbruk f\u00f6r Samsung - HI-ND\",\"isPartOf\":{\"@id\":\"https:\\\/\\\/hi-nd.com\\\/#website\"},\"primaryImageOfPage\":{\"@id\":\"https:\\\/\\\/hi-nd.com\\\/sv\\\/produkt\\\/vaggholje-for-utomhusbruk-for-samsung\\\/#primaryimage\"},\"image\":{\"@id\":\"https:\\\/\\\/hi-nd.com\\\/sv\\\/produkt\\\/vaggholje-for-utomhusbruk-for-samsung\\\/#primaryimage\"},\"thumbnailUrl\":\"https:\\\/\\\/hi-nd.com\\\/wp-content\\\/uploads\\\/2021\\\/10\\\/outdoor-samsung-white-web.png\",\"datePublished\":\"2021-10-25T14:30:21+00:00\",\"dateModified\":\"2024-03-27T12:19:24+00:00\",\"description\":\"HI-ND Outdoor Wall Casing \u00e4r perfekt f\u00f6r marknadsf\u00f6ring och information utomhus. Den \u00e4r konstruerad f\u00f6r alla v\u00e4derf\u00f6rh\u00e5llanden.\",\"breadcrumb\":{\"@id\":\"https:\\\/\\\/hi-nd.com\\\/sv\\\/produkt\\\/vaggholje-for-utomhusbruk-for-samsung\\\/#breadcrumb\"},\"inLanguage\":\"sv-SE\",\"potentialAction\":[{\"@type\":\"ReadAction\",\"target\":[\"https:\\\/\\\/hi-nd.com\\\/sv\\\/produkt\\\/vaggholje-for-utomhusbruk-for-samsung\\\/\"]}]},{\"@type\":\"ImageObject\",\"inLanguage\":\"sv-SE\",\"@id\":\"https:\\\/\\\/hi-nd.com\\\/sv\\\/produkt\\\/vaggholje-for-utomhusbruk-for-samsung\\\/#primaryimage\",\"url\":\"https:\\\/\\\/hi-nd.com\\\/wp-content\\\/uploads\\\/2021\\\/10\\\/outdoor-samsung-white-web.png\",\"contentUrl\":\"https:\\\/\\\/hi-nd.com\\\/wp-content\\\/uploads\\\/2021\\\/10\\\/outdoor-samsung-white-web.png\",\"width\":750,\"height\":750},{\"@type\":\"BreadcrumbList\",\"@id\":\"https:\\\/\\\/hi-nd.com\\\/sv\\\/produkt\\\/vaggholje-for-utomhusbruk-for-samsung\\\/#breadcrumb\",\"itemListElement\":[{\"@type\":\"ListItem\",\"position\":1,\"name\":\"Home\",\"item\":\"https:\\\/\\\/hi-nd.com\\\/sv\\\/\"},{\"@type\":\"ListItem\",\"position\":2,\"name\":\"Butik\",\"item\":\"https:\\\/\\\/hi-nd.com\\\/sv\\\/butik\\\/\"},{\"@type\":\"ListItem\",\"position\":3,\"name\":\"V\u00e4ggh\u00f6lje f\u00f6r utomhusbruk f\u00f6r Samsung\"}]},{\"@type\":\"WebSite\",\"@id\":\"https:\\\/\\\/hi-nd.com\\\/#website\",\"url\":\"https:\\\/\\\/hi-nd.com\\\/\",\"name\":\"HI-ND\",\"description\":\"Mounting Solutions\",\"potentialAction\":[{\"@type\":\"SearchAction\",\"target\":{\"@type\":\"EntryPoint\",\"urlTemplate\":\"https:\\\/\\\/hi-nd.com\\\/?s={search_term_string}\"},\"query-input\":{\"@type\":\"PropertyValueSpecification\",\"valueRequired\":true,\"valueName\":\"search_term_string\"}}],\"inLanguage\":\"sv-SE\"}]}<\/script>\n<!-- \/ Yoast SEO plugin. -->","yoast_head_json":{"title":"V\u00e4ggh\u00f6lje f\u00f6r utomhusbruk f\u00f6r Samsung - HI-ND","description":"HI-ND Outdoor Wall Casing \u00e4r perfekt f\u00f6r marknadsf\u00f6ring och information utomhus. Den \u00e4r konstruerad f\u00f6r alla v\u00e4derf\u00f6rh\u00e5llanden.","robots":{"index":"index","follow":"follow","max-snippet":"max-snippet:-1","max-image-preview":"max-image-preview:large","max-video-preview":"max-video-preview:-1"},"canonical":"https:\/\/hi-nd.com\/sv\/produkt\/vaggholje-for-utomhusbruk-for-samsung\/","og_locale":"sv_SE","og_type":"article","og_title":"V\u00e4ggh\u00f6lje f\u00f6r utomhusbruk f\u00f6r Samsung - HI-ND","og_description":"HI-ND Outdoor Wall Casing \u00e4r perfekt f\u00f6r marknadsf\u00f6ring och information utomhus. Den \u00e4r konstruerad f\u00f6r alla v\u00e4derf\u00f6rh\u00e5llanden.","og_url":"https:\/\/hi-nd.com\/sv\/produkt\/vaggholje-for-utomhusbruk-for-samsung\/","og_site_name":"HI-ND","article_modified_time":"2024-03-27T12:19:24+00:00","og_image":[{"width":750,"height":750,"url":"https:\/\/hi-nd.com\/wp-content\/uploads\/2021\/10\/outdoor-samsung-white-web.png","type":"image\/png"}],"twitter_card":"summary_large_image","schema":{"@context":"https:\/\/schema.org","@graph":[{"@type":"WebPage","@id":"https:\/\/hi-nd.com\/sv\/produkt\/vaggholje-for-utomhusbruk-for-samsung\/","url":"https:\/\/hi-nd.com\/sv\/produkt\/vaggholje-for-utomhusbruk-for-samsung\/","name":"V\u00e4ggh\u00f6lje f\u00f6r utomhusbruk f\u00f6r Samsung - HI-ND","isPartOf":{"@id":"https:\/\/hi-nd.com\/#website"},"primaryImageOfPage":{"@id":"https:\/\/hi-nd.com\/sv\/produkt\/vaggholje-for-utomhusbruk-for-samsung\/#primaryimage"},"image":{"@id":"https:\/\/hi-nd.com\/sv\/produkt\/vaggholje-for-utomhusbruk-for-samsung\/#primaryimage"},"thumbnailUrl":"https:\/\/hi-nd.com\/wp-content\/uploads\/2021\/10\/outdoor-samsung-white-web.png","datePublished":"2021-10-25T14:30:21+00:00","dateModified":"2024-03-27T12:19:24+00:00","description":"HI-ND Outdoor Wall Casing \u00e4r perfekt f\u00f6r marknadsf\u00f6ring och information utomhus. Den \u00e4r konstruerad f\u00f6r alla v\u00e4derf\u00f6rh\u00e5llanden.","breadcrumb":{"@id":"https:\/\/hi-nd.com\/sv\/produkt\/vaggholje-for-utomhusbruk-for-samsung\/#breadcrumb"},"inLanguage":"sv-SE","potentialAction":[{"@type":"ReadAction","target":["https:\/\/hi-nd.com\/sv\/produkt\/vaggholje-for-utomhusbruk-for-samsung\/"]}]},{"@type":"ImageObject","inLanguage":"sv-SE","@id":"https:\/\/hi-nd.com\/sv\/produkt\/vaggholje-for-utomhusbruk-for-samsung\/#primaryimage","url":"https:\/\/hi-nd.com\/wp-content\/uploads\/2021\/10\/outdoor-samsung-white-web.png","contentUrl":"https:\/\/hi-nd.com\/wp-content\/uploads\/2021\/10\/outdoor-samsung-white-web.png","width":750,"height":750},{"@type":"BreadcrumbList","@id":"https:\/\/hi-nd.com\/sv\/produkt\/vaggholje-for-utomhusbruk-for-samsung\/#breadcrumb","itemListElement":[{"@type":"ListItem","position":1,"name":"Home","item":"https:\/\/hi-nd.com\/sv\/"},{"@type":"ListItem","position":2,"name":"Butik","item":"https:\/\/hi-nd.com\/sv\/butik\/"},{"@type":"ListItem","position":3,"name":"V\u00e4ggh\u00f6lje f\u00f6r utomhusbruk f\u00f6r Samsung"}]},{"@type":"WebSite","@id":"https:\/\/hi-nd.com\/#website","url":"https:\/\/hi-nd.com\/","name":"HI-ND","description":"Mounting Solutions","potentialAction":[{"@type":"SearchAction","target":{"@type":"EntryPoint","urlTemplate":"https:\/\/hi-nd.com\/?s={search_term_string}"},"query-input":{"@type":"PropertyValueSpecification","valueRequired":true,"valueName":"search_term_string"}}],"inLanguage":"sv-SE"}]}},"_links":{"self":[{"href":"https:\/\/hi-nd.com\/sv\/wp-json\/wp\/v2\/product\/5760","targetHints":{"allow":["GET"]}}],"collection":[{"href":"https:\/\/hi-nd.com\/sv\/wp-json\/wp\/v2\/product"}],"about":[{"href":"https:\/\/hi-nd.com\/sv\/wp-json\/wp\/v2\/types\/product"}],"wp:featuredmedia":[{"embeddable":true,"href":"https:\/\/hi-nd.com\/sv\/wp-json\/wp\/v2\/media\/3734"}],"wp:attachment":[{"href":"https:\/\/hi-nd.com\/sv\/wp-json\/wp\/v2\/media?parent=5760"}],"wp:term":[{"taxonomy":"product_brand","embeddable":true,"href":"https:\/\/hi-nd.com\/sv\/wp-json\/wp\/v2\/product_brand?post=5760"},{"taxonomy":"product_cat","embeddable":true,"href":"https:\/\/hi-nd.com\/sv\/wp-json\/wp\/v2\/product_cat?post=5760"},{"taxonomy":"product_tag","embeddable":true,"href":"https:\/\/hi-nd.com\/sv\/wp-json\/wp\/v2\/product_tag?post=5760"}],"curies":[{"name":"wp","href":"https:\/\/api.w.org\/{rel}","templated":true}]}}