{"id":7225,"date":"2024-05-28T09:54:31","date_gmt":"2024-05-28T07:54:31","guid":{"rendered":"https:\/\/hi-nd.com\/auto-draft\/"},"modified":"2024-10-28T11:23:24","modified_gmt":"2024-10-28T10:23:24","slug":"auto-draft","status":"publish","type":"page","link":"https:\/\/hi-nd.com\/sv\/auto-draft\/","title":{"rendered":"Loggor p\u00e5 produkter"},"content":{"rendered":"\n\t<div id=\"gap-1911330047\" class=\"gap-element clearfix\" style=\"display:block; height:auto;\">\n\t\t\n<style>\n#gap-1911330047 {\n  padding-top: 30px;\n}\n<\/style>\n\t<\/div>\n\t\n\n<div class=\"container section-title-container\" ><h1 class=\"section-title section-title-center\"><b aria-hidden=\"true\"><\/b><span class=\"section-title-main\" >Loggor p\u00e5 produkter<\/span><b aria-hidden=\"true\"><\/b><\/h1><\/div>\n\n<div class=\"row\"  id=\"row-719381140\">\n\n\n\t<div id=\"col-1313959785\" class=\"col small-12 large-12\"  >\n\t\t\t\t<div class=\"col-inner\"  >\n\t\t\t\n\t\t\t\n\n<p style=\"text-align: center;\">Att skapa en unik strategi f\u00f6r varum\u00e4rket \u00e4r av stor betydelse. P\u00e5 de flesta av v\u00e5ra produkter kan du addera dina loggor p\u00e5 produkterna. De skapas p\u00e5 olika s\u00e4tt beroende p\u00e5 material, layout och \u00f6nskat resultat. <\/p>\n\n\t\t<\/div>\n\t\t\t\t\t<\/div>\n\n\t\n\n<\/div>\n\t<div id=\"gap-890949987\" class=\"gap-element clearfix\" style=\"display:block; height:auto;\">\n\t\t\n<style>\n#gap-890949987 {\n  padding-top: 30px;\n}\n<\/style>\n\t<\/div>\n\t\n\n<div class=\"row\"  id=\"row-1716739524\">\n\n\n\t<div id=\"col-2111467143\" class=\"col medium-4 small-12 large-4\"  >\n\t\t\t\t<div class=\"col-inner\"  >\n\t\t\t\n\t\t\t\n\n<p style=\"text-align: center;\"><strong>Screentryckta loggor<\/strong><\/p>\n<p>Screentryckta loggor p\u00e5 produkter f\u00f6r digital skyltning \u00f6kar varum\u00e4rkets synlighet och igenk\u00e4nning. Tekniken ger livfulla f\u00e4rger och h\u00e5llbara m\u00f6nster som g\u00f6r att logotyperna sticker ut i omr\u00e5den med mycket trafik. Screentryck \u00e4r en tryckteknik d\u00e4r ett n\u00e4t anv\u00e4nds f\u00f6r att \u00f6verf\u00f6ra bl\u00e4ck till ett substrat, utom i omr\u00e5den som g\u00f6rs ogenomtr\u00e4ngliga f\u00f6r bl\u00e4cket med en blockerande stencil. Den anv\u00e4nds f\u00f6r att skapa h\u00f6gkvalitativa tryck p\u00e5 olika ytor.   <\/p>\n\n\t\t<\/div>\n\t\t\t\t\t<\/div>\n\n\t\n\n\t<div id=\"col-2120950758\" class=\"col medium-4 small-12 large-4\"  >\n\t\t\t\t<div class=\"col-inner\"  >\n\t\t\t\n\t\t\t\n\n\t<div class=\"box has-hover   has-hover box-text-bottom\" >\n\n\t\t<div class=\"box-image\" >\n\t\t\t<a href=\"https:\/\/hi-nd.com\/wp-content\/uploads\/2023\/12\/NK-750x750-1.jpg\" >\t\t\t<div class=\"\" >\n\t\t\t\t<img loading=\"lazy\" decoding=\"async\" width=\"750\" height=\"750\" src=\"https:\/\/hi-nd.com\/wp-content\/uploads\/2023\/12\/NK-750x750-1.jpg\" class=\"attachment- size-\" alt=\"Wall Casing\" srcset=\"https:\/\/hi-nd.com\/wp-content\/uploads\/2023\/12\/NK-750x750-1.jpg 750w, https:\/\/hi-nd.com\/wp-content\/uploads\/2023\/12\/NK-750x750-1-300x300.jpg 300w, https:\/\/hi-nd.com\/wp-content\/uploads\/2023\/12\/NK-750x750-1-150x150.jpg 150w, https:\/\/hi-nd.com\/wp-content\/uploads\/2023\/12\/NK-750x750-1-100x100.jpg 100w\" sizes=\"auto, (max-width: 750px) 100vw, 750px\" \/>\t\t\t\t\t\t\t\t\t\t\t<\/div>\n\t\t\t<\/a>\t\t<\/div>\n\n\t\t<div class=\"box-text text-center\" >\n\t\t\t<div class=\"box-text-inner\">\n\t\t\t\t\n\n<h5>NK svart logga<\/h5>\n\n\t\t\t<\/div>\n\t\t<\/div>\n\t<\/div>\n\t\n\n\t\t<\/div>\n\t\t\t\t\t<\/div>\n\n\t\n\n\t<div id=\"col-2138681883\" class=\"col medium-4 small-12 large-4\"  >\n\t\t\t\t<div class=\"col-inner\"  >\n\t\t\t\n\t\t\t\n\n\t<div class=\"box has-hover   has-hover box-text-bottom\" >\n\n\t\t<div class=\"box-image\" >\n\t\t\t<a href=\"https:\/\/hi-nd.com\/wp-content\/uploads\/2024\/05\/IMG_9829-750x750-1.jpg\" >\t\t\t<div class=\"\" >\n\t\t\t\t<img loading=\"lazy\" decoding=\"async\" width=\"750\" height=\"750\" src=\"https:\/\/hi-nd.com\/wp-content\/uploads\/2024\/05\/IMG_9829-750x750-1.jpg\" class=\"attachment- size-\" alt=\"Screen print\" srcset=\"https:\/\/hi-nd.com\/wp-content\/uploads\/2024\/05\/IMG_9829-750x750-1.jpg 750w, https:\/\/hi-nd.com\/wp-content\/uploads\/2024\/05\/IMG_9829-750x750-1-300x300.jpg 300w, https:\/\/hi-nd.com\/wp-content\/uploads\/2024\/05\/IMG_9829-750x750-1-150x150.jpg 150w, https:\/\/hi-nd.com\/wp-content\/uploads\/2024\/05\/IMG_9829-750x750-1-100x100.jpg 100w\" sizes=\"auto, (max-width: 750px) 100vw, 750px\" \/>\t\t\t\t\t\t\t\t\t\t\t<\/div>\n\t\t\t<\/a>\t\t<\/div>\n\n\t\t<div class=\"box-text text-center\" >\n\t\t\t<div class=\"box-text-inner\">\n\t\t\t\t\n\n<h5>Jureskogs vita logga<\/h5>\n\n\t\t\t<\/div>\n\t\t<\/div>\n\t<\/div>\n\t\n\n\t\t<\/div>\n\t\t\t\t\t<\/div>\n\n\t\n\n<\/div>\n<div class=\"row\"  id=\"row-1766754884\">\n\n\n\t<div id=\"col-125324743\" class=\"col medium-4 small-12 large-4\"  >\n\t\t\t\t<div class=\"col-inner\"  >\n\t\t\t\n\t\t\t\n\n<p style=\"text-align: center;\"><strong>Tryckta loggor (ej belysta)<\/strong><\/p>\n<p>Tryckta loggor p\u00e5 digital skyltnings-produkter ger en tydlig och levande varum\u00e4rkesprofilering som sticker ut i olika milj\u00f6er. Detta tillv\u00e4gag\u00e5ngss\u00e4tt s\u00e4kerst\u00e4ller att logotyperna \u00e4r l\u00e4tta att k\u00e4nna igen, vilket st\u00e4rker varum\u00e4rkesidentiteten. Genom att integrera tryckta element med digitala sk\u00e4rmar skapar f\u00f6retag sammanh\u00e4ngande visuella upplevelser som engagerar publiken p\u00e5 ett effektivt s\u00e4tt och g\u00f6r ett best\u00e5ende intryck i b\u00e5de h\u00f6gtrafikerade och avslappnade milj\u00f6er.  <\/p>\n\n\t\t<\/div>\n\t\t\t\t\t<\/div>\n\n\t\n\n\t<div id=\"col-2002245295\" class=\"col medium-4 small-12 large-4\"  >\n\t\t\t\t<div class=\"col-inner\"  >\n\t\t\t\n\t\t\t\n\n\t<div class=\"box has-hover   has-hover box-text-bottom\" >\n\n\t\t<div class=\"box-image\" >\n\t\t\t<a href=\"https:\/\/hi-nd.com\/wp-content\/uploads\/2024\/09\/cyber-media-logga-print-750x750-1.png\" >\t\t\t<div class=\"\" >\n\t\t\t\t<img loading=\"lazy\" decoding=\"async\" width=\"750\" height=\"750\" src=\"https:\/\/hi-nd.com\/wp-content\/uploads\/2024\/09\/cyber-media-logga-print-750x750-1.png\" class=\"attachment- size-\" alt=\"cyber media printed logo\" srcset=\"https:\/\/hi-nd.com\/wp-content\/uploads\/2024\/09\/cyber-media-logga-print-750x750-1.png 750w, https:\/\/hi-nd.com\/wp-content\/uploads\/2024\/09\/cyber-media-logga-print-750x750-1-300x300.png 300w, https:\/\/hi-nd.com\/wp-content\/uploads\/2024\/09\/cyber-media-logga-print-750x750-1-150x150.png 150w, https:\/\/hi-nd.com\/wp-content\/uploads\/2024\/09\/cyber-media-logga-print-750x750-1-100x100.png 100w\" sizes=\"auto, (max-width: 750px) 100vw, 750px\" \/>\t\t\t\t\t\t\t\t\t\t\t<\/div>\n\t\t\t<\/a>\t\t<\/div>\n\n\t\t<div class=\"box-text text-center\" >\n\t\t\t<div class=\"box-text-inner\">\n\t\t\t\t\n\n<h5>Cyber Media printad logga<\/h5>\n\n\t\t\t<\/div>\n\t\t<\/div>\n\t<\/div>\n\t\n\n\t\t<\/div>\n\t\t\t\t\t<\/div>\n\n\t\n\n\t<div id=\"col-763333640\" class=\"col medium-4 small-12 large-4\"  >\n\t\t\t\t<div class=\"col-inner\"  >\n\t\t\t\n\t\t\t\n\n\n\t\t<\/div>\n\t\t\t\t\t<\/div>\n\n\t\n\n<\/div>\n<div class=\"row\"  id=\"row-1791535951\">\n\n\n\t<div id=\"col-1533295354\" class=\"col medium-4 small-12 large-4\"  >\n\t\t\t\t<div class=\"col-inner\"  >\n\t\t\t\n\t\t\t\n\n<p style=\"text-align: center;\"><strong>Upplysta loggor<\/strong><\/p>\n<p>Upplysta loggor p\u00e5 digitala skyltprodukter ger en sl\u00e5ende visuell effekt och f\u00f6rb\u00e4ttrar varum\u00e4rkets synlighet b\u00e5de dag och natt. Deras livfulla sken drar till sig uppm\u00e4rksamhet och g\u00f6r dem idealiska f\u00f6r skyltf\u00f6nster och evenemang. Genom att kombinera belysning med digital teknik kan f\u00f6retag skapa minnesv\u00e4rda intryck som effektivt f\u00f6rst\u00e4rker varum\u00e4rkesidentiteten och engagerar kunderna i alla milj\u00f6er. En belyst logga med f\u00f6rb\u00e4ttrade ljuseffekter \u00e4r ett enkelt s\u00e4tt att f\u00e5 produkten att f\u00e5 ett mer exklusivt utseende. En belyst logga har f\u00f6rm\u00e5gan att f\u00e5nga uppm\u00e4rksamhet, f\u00f6rb\u00e4ttra synligheten och l\u00e4mna ett best\u00e5ende intryck p\u00e5 publiken.    <\/p>\n\n\t\t<\/div>\n\t\t\t\t\t<\/div>\n\n\t\n\n\t<div id=\"col-1827520161\" class=\"col medium-4 small-12 large-4\"  >\n\t\t\t\t<div class=\"col-inner\"  >\n\t\t\t\n\t\t\t\n\n\t<div class=\"box has-hover   has-hover box-text-bottom\" >\n\n\t\t<div class=\"box-image\" >\n\t\t\t<a href=\"https:\/\/hi-nd.com\/wp-content\/uploads\/2024\/09\/MG_8859-dualiso.png\" >\t\t\t<div class=\"\" >\n\t\t\t\t<img loading=\"lazy\" decoding=\"async\" width=\"750\" height=\"750\" src=\"https:\/\/hi-nd.com\/wp-content\/uploads\/2024\/09\/MG_8859-dualiso.png\" class=\"attachment- size-\" alt=\"Illuminated ocean logo\" srcset=\"https:\/\/hi-nd.com\/wp-content\/uploads\/2024\/09\/MG_8859-dualiso.png 750w, https:\/\/hi-nd.com\/wp-content\/uploads\/2024\/09\/MG_8859-dualiso-300x300.png 300w, https:\/\/hi-nd.com\/wp-content\/uploads\/2024\/09\/MG_8859-dualiso-150x150.png 150w, https:\/\/hi-nd.com\/wp-content\/uploads\/2024\/09\/MG_8859-dualiso-100x100.png 100w\" sizes=\"auto, (max-width: 750px) 100vw, 750px\" \/>\t\t\t\t\t\t\t\t\t\t\t<\/div>\n\t\t\t<\/a>\t\t<\/div>\n\n\t\t<div class=\"box-text text-center\" >\n\t\t\t<div class=\"box-text-inner\">\n\t\t\t\t\n\n<h5>Ocean-logga (belyst)<\/h5>\n\n\t\t\t<\/div>\n\t\t<\/div>\n\t<\/div>\n\t\n\n\t\t<\/div>\n\t\t\t\t\t<\/div>\n\n\t\n\n\t<div id=\"col-1769996338\" class=\"col medium-4 small-12 large-4\"  >\n\t\t\t\t<div class=\"col-inner\"  >\n\t\t\t\n\t\t\t\n\n\t<div class=\"box has-hover   has-hover box-text-bottom\" >\n\n\t\t<div class=\"box-image\" >\n\t\t\t<a href=\"https:\/\/hi-nd.com\/wp-content\/uploads\/2024\/09\/MG_8794-dualiso.png\" >\t\t\t<div class=\"\" >\n\t\t\t\t<img loading=\"lazy\" decoding=\"async\" width=\"750\" height=\"750\" src=\"https:\/\/hi-nd.com\/wp-content\/uploads\/2024\/09\/MG_8794-dualiso.png\" class=\"attachment- size-\" alt=\"Illuminated ocean logo\" srcset=\"https:\/\/hi-nd.com\/wp-content\/uploads\/2024\/09\/MG_8794-dualiso.png 750w, https:\/\/hi-nd.com\/wp-content\/uploads\/2024\/09\/MG_8794-dualiso-300x300.png 300w, https:\/\/hi-nd.com\/wp-content\/uploads\/2024\/09\/MG_8794-dualiso-150x150.png 150w, https:\/\/hi-nd.com\/wp-content\/uploads\/2024\/09\/MG_8794-dualiso-100x100.png 100w\" sizes=\"auto, (max-width: 750px) 100vw, 750px\" \/>\t\t\t\t\t\t\t\t\t\t\t<\/div>\n\t\t\t<\/a>\t\t<\/div>\n\n\t\t<div class=\"box-text text-center\" >\n\t\t\t<div class=\"box-text-inner\">\n\t\t\t\t\n\n\n\t\t\t<\/div>\n\t\t<\/div>\n\t<\/div>\n\t\n\n\t\t<\/div>\n\t\t\t\t\t<\/div>\n\n\t\n\n<\/div>\n<div class=\"row\"  id=\"row-1611521279\">\n\n\n\t<div id=\"col-806633243\" class=\"col medium-4 small-12 large-4\"  >\n\t\t\t\t<div class=\"col-inner\"  >\n\t\t\t\n\t\t\t\n\n<p style=\"text-align: center;\"><strong>Plastbokst\u00e4ver\/loggor\/Belyst alternativ<\/strong><\/p>\n<ol>\n<li>Plastbokst\u00e4ver\/loggor \u00e4r n\u00e5got som anv\u00e4nds f\u00f6r att skapa en mer unik look av din logga f\u00f6r att ge en snygg 3D effekt.<\/li>\n<li>De unika plastbokst\u00e4verna\/loggan med en adderad belyst effekt.<\/li>\n<\/ol>\n\n\t\t<\/div>\n\t\t\t\t\t<\/div>\n\n\t\n\n\t<div id=\"col-933134000\" class=\"col medium-4 small-12 large-4\"  >\n\t\t\t\t<div class=\"col-inner\"  >\n\t\t\t\n\t\t\t\n\n\t<div class=\"box has-hover   has-hover box-text-bottom\" >\n\n\t\t<div class=\"box-image\" >\n\t\t\t<a href=\"https:\/\/hi-nd.com\/wp-content\/uploads\/2024\/09\/SKHLM-plastlogga.png\" >\t\t\t<div class=\"\" >\n\t\t\t\t<img loading=\"lazy\" decoding=\"async\" width=\"750\" height=\"750\" src=\"https:\/\/hi-nd.com\/wp-content\/uploads\/2024\/09\/SKHLM-plastlogga.png\" class=\"attachment- size-\" alt=\"SKHLM plastic logo\" srcset=\"https:\/\/hi-nd.com\/wp-content\/uploads\/2024\/09\/SKHLM-plastlogga.png 750w, https:\/\/hi-nd.com\/wp-content\/uploads\/2024\/09\/SKHLM-plastlogga-300x300.png 300w, https:\/\/hi-nd.com\/wp-content\/uploads\/2024\/09\/SKHLM-plastlogga-150x150.png 150w, https:\/\/hi-nd.com\/wp-content\/uploads\/2024\/09\/SKHLM-plastlogga-100x100.png 100w\" sizes=\"auto, (max-width: 750px) 100vw, 750px\" \/>\t\t\t\t\t\t\t\t\t\t\t<\/div>\n\t\t\t<\/a>\t\t<\/div>\n\n\t\t<div class=\"box-text text-center\" >\n\t\t\t<div class=\"box-text-inner\">\n\t\t\t\t\n\n<h4>SKHLM plast-logga<\/h4>\n\n\t\t\t<\/div>\n\t\t<\/div>\n\t<\/div>\n\t\n\n\t\t<\/div>\n\t\t\t\t\t<\/div>\n\n\t\n\n\t<div id=\"col-1715896886\" class=\"col medium-4 small-12 large-4\"  >\n\t\t\t\t<div class=\"col-inner\"  >\n\t\t\t\n\t\t\t\n\n\t<div class=\"box has-hover   has-hover box-text-bottom\" >\n\n\t\t<div class=\"box-image\" >\n\t\t\t<a href=\"https:\/\/hi-nd.com\/wp-content\/uploads\/2024\/10\/IMG_1440-SKHLM-750x750-1.png\" >\t\t\t<div class=\"\" >\n\t\t\t\t<img loading=\"lazy\" decoding=\"async\" width=\"750\" height=\"750\" src=\"https:\/\/hi-nd.com\/wp-content\/uploads\/2024\/10\/IMG_1440-SKHLM-750x750-1.png\" class=\"attachment- size-\" alt=\"SKHLM laser-cut letters\" srcset=\"https:\/\/hi-nd.com\/wp-content\/uploads\/2024\/10\/IMG_1440-SKHLM-750x750-1.png 750w, https:\/\/hi-nd.com\/wp-content\/uploads\/2024\/10\/IMG_1440-SKHLM-750x750-1-300x300.png 300w, https:\/\/hi-nd.com\/wp-content\/uploads\/2024\/10\/IMG_1440-SKHLM-750x750-1-150x150.png 150w, https:\/\/hi-nd.com\/wp-content\/uploads\/2024\/10\/IMG_1440-SKHLM-750x750-1-100x100.png 100w\" sizes=\"auto, (max-width: 750px) 100vw, 750px\" \/>\t\t\t\t\t\t\t\t\t\t\t<\/div>\n\t\t\t<\/a>\t\t<\/div>\n\n\t\t<div class=\"box-text text-center\" >\n\t\t\t<div class=\"box-text-inner\">\n\t\t\t\t\n\n<h4>SKHLM<\/h4>\n\n\t\t\t<\/div>\n\t\t<\/div>\n\t<\/div>\n\t\n\n\t\t<\/div>\n\t\t\t\t\t<\/div>\n\n\t\n\n<\/div>\n<div class=\"row\"  id=\"row-56988486\">\n\n\n\t<div id=\"col-1815457171\" class=\"col medium-4 small-12 large-4\"  >\n\t\t\t\t<div class=\"col-inner\"  >\n\t\t\t\n\t\t\t\n\n<p style=\"text-align: center;\"><strong>Laserskurna bokst\u00e4ver<\/strong><\/p>\n<p>Laserskurna bokst\u00e4ver \u00e4r ett utm\u00e4rkt alternativ f\u00f6r att l\u00e4gga till p\u00e5 redan befintliga produkter d\u00e4r andra logga-alternativ inte \u00e4r ett alternativ. Detta ger ocks\u00e5 en 3D-visuell men ett mycket rent utseende. Du kan best\u00e4lla de laserskurna bokst\u00e4verna i olika f\u00e4rger, vilket g\u00f6r produkten mer unik.  <\/p>\n\n\t\t<\/div>\n\t\t\t\t\t<\/div>\n\n\t\n\n\t<div id=\"col-1891758405\" class=\"col medium-4 small-12 large-4\"  >\n\t\t\t\t<div class=\"col-inner\"  >\n\t\t\t\n\t\t\t\n\n\t<div class=\"box has-hover   has-hover box-text-bottom\" >\n\n\t\t<div class=\"box-image\" >\n\t\t\t<a href=\"https:\/\/hi-nd.com\/wp-content\/uploads\/2024\/06\/logga-grassfish-750x750-1.jpg\" >\t\t\t<div class=\"\" >\n\t\t\t\t<img loading=\"lazy\" decoding=\"async\" width=\"750\" height=\"750\" src=\"https:\/\/hi-nd.com\/wp-content\/uploads\/2024\/06\/logga-grassfish-750x750-1.jpg\" class=\"attachment- size-\" alt=\"Laser-cut letters\" srcset=\"https:\/\/hi-nd.com\/wp-content\/uploads\/2024\/06\/logga-grassfish-750x750-1.jpg 750w, https:\/\/hi-nd.com\/wp-content\/uploads\/2024\/06\/logga-grassfish-750x750-1-300x300.jpg 300w, https:\/\/hi-nd.com\/wp-content\/uploads\/2024\/06\/logga-grassfish-750x750-1-150x150.jpg 150w, https:\/\/hi-nd.com\/wp-content\/uploads\/2024\/06\/logga-grassfish-750x750-1-100x100.jpg 100w\" sizes=\"auto, (max-width: 750px) 100vw, 750px\" \/>\t\t\t\t\t\t\t\t\t\t\t<\/div>\n\t\t\t<\/a>\t\t<\/div>\n\n\t\t<div class=\"box-text text-center\" >\n\t\t\t<div class=\"box-text-inner\">\n\t\t\t\t\n\n<h4>Grassfish laserskurna bokst\u00e4ver<\/h4>\n\n\t\t\t<\/div>\n\t\t<\/div>\n\t<\/div>\n\t\n\n\t\t<\/div>\n\t\t\t\t\t<\/div>\n\n\t\n\n\t<div id=\"col-1854117534\" class=\"col medium-4 small-12 large-4\"  >\n\t\t\t\t<div class=\"col-inner\"  >\n\t\t\t\n\t\t\t\n\n\n\t\t<\/div>\n\t\t\t\t\t<\/div>\n\n\t\n\n<\/div>\n<div class=\"row\"  id=\"row-1139317675\">\n\n\n\t<div id=\"col-588036277\" class=\"col small-12 large-12\"  >\n\t\t\t\t<div class=\"col-inner\"  >\n\t\t\t\n\t\t\t\n\n<p style=\"text-align: center;\"><a href=\"https:\/\/hi-nd.com\/sv\/produkter\/\">H\u00e4r hittar du alla v\u00e5ra produkter<\/a><\/p>\n\n\t\t<\/div>\n\t\t\t\t\t<\/div>\n\n\t\n\n<\/div>\n\n","protected":false},"excerpt":{"rendered":"","protected":false},"author":5,"featured_media":0,"parent":0,"menu_order":0,"comment_status":"closed","ping_status":"closed","template":"","meta":{"footnotes":""},"class_list":["post-7225","page","type-page","status-publish","hentry"],"yoast_head":"<!-- This site is optimized with the Yoast SEO plugin v27.4 - https:\/\/yoast.com\/product\/yoast-seo-wordpress\/ -->\n<title>Loggor p\u00e5 produkter - HI-ND<\/title>\n<meta name=\"description\" content=\"Du kan ocks\u00e5 addera dina loggor p\u00e5 produkterna f\u00f6r att skapa en unik touch. Det finns olika s\u00e4tt att skapa dessa loggor.\" \/>\n<meta name=\"robots\" content=\"index, follow, max-snippet:-1, max-image-preview:large, max-video-preview:-1\" \/>\n<link rel=\"canonical\" href=\"https:\/\/hi-nd.com\/sv\/auto-draft\/\" \/>\n<meta property=\"og:locale\" content=\"sv_SE\" \/>\n<meta property=\"og:type\" content=\"article\" \/>\n<meta property=\"og:title\" content=\"Loggor p\u00e5 produkter - HI-ND\" \/>\n<meta property=\"og:description\" content=\"Du kan ocks\u00e5 addera dina loggor p\u00e5 produkterna f\u00f6r att skapa en unik touch. Det finns olika s\u00e4tt att skapa dessa loggor.\" \/>\n<meta property=\"og:url\" content=\"https:\/\/hi-nd.com\/sv\/auto-draft\/\" \/>\n<meta property=\"og:site_name\" content=\"HI-ND\" \/>\n<meta property=\"article:modified_time\" content=\"2024-10-28T10:23:24+00:00\" \/>\n<meta name=\"twitter:card\" content=\"summary_large_image\" \/>\n<meta name=\"twitter:label1\" content=\"Ber\u00e4knad l\u00e4stid\" \/>\n\t<meta name=\"twitter:data1\" content=\"4 minuter\" \/>\n<script type=\"application\/ld+json\" class=\"yoast-schema-graph\">{\"@context\":\"https:\\\/\\\/schema.org\",\"@graph\":[{\"@type\":\"WebPage\",\"@id\":\"https:\\\/\\\/hi-nd.com\\\/sv\\\/auto-draft\\\/\",\"url\":\"https:\\\/\\\/hi-nd.com\\\/sv\\\/auto-draft\\\/\",\"name\":\"Loggor p\u00e5 produkter - HI-ND\",\"isPartOf\":{\"@id\":\"https:\\\/\\\/hi-nd.com\\\/es\\\/#website\"},\"datePublished\":\"2024-05-28T07:54:31+00:00\",\"dateModified\":\"2024-10-28T10:23:24+00:00\",\"description\":\"Du kan ocks\u00e5 addera dina loggor p\u00e5 produkterna f\u00f6r att skapa en unik touch. Det finns olika s\u00e4tt att skapa dessa loggor.\",\"breadcrumb\":{\"@id\":\"https:\\\/\\\/hi-nd.com\\\/sv\\\/auto-draft\\\/#breadcrumb\"},\"inLanguage\":\"sv-SE\",\"potentialAction\":[{\"@type\":\"ReadAction\",\"target\":[\"https:\\\/\\\/hi-nd.com\\\/sv\\\/auto-draft\\\/\"]}]},{\"@type\":\"BreadcrumbList\",\"@id\":\"https:\\\/\\\/hi-nd.com\\\/sv\\\/auto-draft\\\/#breadcrumb\",\"itemListElement\":[{\"@type\":\"ListItem\",\"position\":1,\"name\":\"Home\",\"item\":\"https:\\\/\\\/hi-nd.com\\\/sv\\\/\"},{\"@type\":\"ListItem\",\"position\":2,\"name\":\"Loggor p\u00e5 produkter\"}]},{\"@type\":\"WebSite\",\"@id\":\"https:\\\/\\\/hi-nd.com\\\/es\\\/#website\",\"url\":\"https:\\\/\\\/hi-nd.com\\\/es\\\/\",\"name\":\"HI-ND\",\"description\":\"Mounting Solutions\",\"potentialAction\":[{\"@type\":\"SearchAction\",\"target\":{\"@type\":\"EntryPoint\",\"urlTemplate\":\"https:\\\/\\\/hi-nd.com\\\/es\\\/?s={search_term_string}\"},\"query-input\":{\"@type\":\"PropertyValueSpecification\",\"valueRequired\":true,\"valueName\":\"search_term_string\"}}],\"inLanguage\":\"sv-SE\"}]}<\/script>\n<!-- \/ Yoast SEO plugin. -->","yoast_head_json":{"title":"Loggor p\u00e5 produkter - HI-ND","description":"Du kan ocks\u00e5 addera dina loggor p\u00e5 produkterna f\u00f6r att skapa en unik touch. Det finns olika s\u00e4tt att skapa dessa loggor.","robots":{"index":"index","follow":"follow","max-snippet":"max-snippet:-1","max-image-preview":"max-image-preview:large","max-video-preview":"max-video-preview:-1"},"canonical":"https:\/\/hi-nd.com\/sv\/auto-draft\/","og_locale":"sv_SE","og_type":"article","og_title":"Loggor p\u00e5 produkter - HI-ND","og_description":"Du kan ocks\u00e5 addera dina loggor p\u00e5 produkterna f\u00f6r att skapa en unik touch. Det finns olika s\u00e4tt att skapa dessa loggor.","og_url":"https:\/\/hi-nd.com\/sv\/auto-draft\/","og_site_name":"HI-ND","article_modified_time":"2024-10-28T10:23:24+00:00","twitter_card":"summary_large_image","twitter_misc":{"Ber\u00e4knad l\u00e4stid":"4 minuter"},"schema":{"@context":"https:\/\/schema.org","@graph":[{"@type":"WebPage","@id":"https:\/\/hi-nd.com\/sv\/auto-draft\/","url":"https:\/\/hi-nd.com\/sv\/auto-draft\/","name":"Loggor p\u00e5 produkter - HI-ND","isPartOf":{"@id":"https:\/\/hi-nd.com\/es\/#website"},"datePublished":"2024-05-28T07:54:31+00:00","dateModified":"2024-10-28T10:23:24+00:00","description":"Du kan ocks\u00e5 addera dina loggor p\u00e5 produkterna f\u00f6r att skapa en unik touch. Det finns olika s\u00e4tt att skapa dessa loggor.","breadcrumb":{"@id":"https:\/\/hi-nd.com\/sv\/auto-draft\/#breadcrumb"},"inLanguage":"sv-SE","potentialAction":[{"@type":"ReadAction","target":["https:\/\/hi-nd.com\/sv\/auto-draft\/"]}]},{"@type":"BreadcrumbList","@id":"https:\/\/hi-nd.com\/sv\/auto-draft\/#breadcrumb","itemListElement":[{"@type":"ListItem","position":1,"name":"Home","item":"https:\/\/hi-nd.com\/sv\/"},{"@type":"ListItem","position":2,"name":"Loggor p\u00e5 produkter"}]},{"@type":"WebSite","@id":"https:\/\/hi-nd.com\/es\/#website","url":"https:\/\/hi-nd.com\/es\/","name":"HI-ND","description":"Mounting Solutions","potentialAction":[{"@type":"SearchAction","target":{"@type":"EntryPoint","urlTemplate":"https:\/\/hi-nd.com\/es\/?s={search_term_string}"},"query-input":{"@type":"PropertyValueSpecification","valueRequired":true,"valueName":"search_term_string"}}],"inLanguage":"sv-SE"}]}},"_links":{"self":[{"href":"https:\/\/hi-nd.com\/sv\/wp-json\/wp\/v2\/pages\/7225","targetHints":{"allow":["GET"]}}],"collection":[{"href":"https:\/\/hi-nd.com\/sv\/wp-json\/wp\/v2\/pages"}],"about":[{"href":"https:\/\/hi-nd.com\/sv\/wp-json\/wp\/v2\/types\/page"}],"author":[{"embeddable":true,"href":"https:\/\/hi-nd.com\/sv\/wp-json\/wp\/v2\/users\/5"}],"replies":[{"embeddable":true,"href":"https:\/\/hi-nd.com\/sv\/wp-json\/wp\/v2\/comments?post=7225"}],"version-history":[{"count":12,"href":"https:\/\/hi-nd.com\/sv\/wp-json\/wp\/v2\/pages\/7225\/revisions"}],"predecessor-version":[{"id":7858,"href":"https:\/\/hi-nd.com\/sv\/wp-json\/wp\/v2\/pages\/7225\/revisions\/7858"}],"wp:attachment":[{"href":"https:\/\/hi-nd.com\/sv\/wp-json\/wp\/v2\/media?parent=7225"}],"curies":[{"name":"wp","href":"https:\/\/api.w.org\/{rel}","templated":true}]}}