{"id":6869,"date":"2024-03-11T11:13:37","date_gmt":"2024-03-11T10:13:37","guid":{"rendered":"https:\/\/hi-nd.com\/6869-2\/"},"modified":"2024-10-17T14:54:45","modified_gmt":"2024-10-17T12:54:45","slug":"6869-2","status":"publish","type":"page","link":"https:\/\/hi-nd.com\/sv\/6869-2\/","title":{"rendered":"Uppf\u00f6randekod"},"content":{"rendered":"\n\n\t<section class=\"section\" id=\"section_2043107062\">\n\t\t<div class=\"section-bg fill\" >\n\t\t\t\t\t\t\t\t\t<div class=\"section-bg-overlay absolute fill\"><\/div>\n\t\t\t\n\t<div class=\"is-border\"\n\t\tstyle=\"border-width:0px 0px 0px 0px;margin:0px 0px 0px 0px;\">\n\t<\/div>\n\n\t\t<\/div>\n\n\t\t\n\n\t\t<div class=\"section-content relative\">\n\t\t\t\n\n\t<div id=\"gap-1859073564\" class=\"gap-element clearfix\" style=\"display:block; height:auto;\">\n\t\t\n<style>\n#gap-1859073564 {\n  padding-top: 30px;\n}\n<\/style>\n\t<\/div>\n\t\n\n<div class=\"container section-title-container\" ><h2 class=\"section-title section-title-center\"><b aria-hidden=\"true\"><\/b><span class=\"section-title-main\" >Uppf\u00f6randekod<\/span><b aria-hidden=\"true\"><\/b><\/h2><\/div>\n\n<div class=\"row\"  id=\"row-711182690\">\n\n\n\t<div id=\"col-1292374324\" class=\"col medium-8 small-12 large-8\"  >\n\t\t\t\t<div class=\"col-inner\"  >\n\t\t\t\n\t\t\t\n\n\t<div class=\"img has-hover x md-x lg-x y md-y lg-y\" id=\"image_1342017224\">\n\t\t<a class=\"\" href=\"https:\/\/hi-nd.com\/wp-content\/uploads\/2024\/03\/Code-of-Conduct-website.pdf\" >\t\t\t\t\t\t<div class=\"img-inner dark\" >\n\t\t\t<img loading=\"lazy\" decoding=\"async\" width=\"750\" height=\"750\" src=\"https:\/\/hi-nd.com\/wp-content\/uploads\/2024\/03\/environment-skog-code-of-conduct-750x750-1.jpg\" class=\"attachment-large size-large\" alt=\"Code of Conduct\" srcset=\"https:\/\/hi-nd.com\/wp-content\/uploads\/2024\/03\/environment-skog-code-of-conduct-750x750-1.jpg 750w, https:\/\/hi-nd.com\/wp-content\/uploads\/2024\/03\/environment-skog-code-of-conduct-750x750-1-300x300.jpg 300w, https:\/\/hi-nd.com\/wp-content\/uploads\/2024\/03\/environment-skog-code-of-conduct-750x750-1-150x150.jpg 150w, https:\/\/hi-nd.com\/wp-content\/uploads\/2024\/03\/environment-skog-code-of-conduct-750x750-1-100x100.jpg 100w\" sizes=\"auto, (max-width: 750px) 100vw, 750px\" \/>\t\t\t\t\t\t\n\t\t\t\t\t<\/div>\n\t\t\t\t\t\t<\/a>\t\t\n<style>\n#image_1342017224 {\n  width: 78%;\n}\n<\/style>\n\t<\/div>\n\t\n\n\n\t\t<\/div>\n\t\t\t\t\t<\/div>\n\n\t\n\n\t<div id=\"col-1247718683\" class=\"col medium-4 small-12 large-4\"  >\n\t\t\t\t<div class=\"col-inner\"  >\n\t\t\t\n\t\t\t\n\n\t<div id=\"text-2775570580\" class=\"text\">\n\t\t\n\n<h3 style=\"text-align: center;\">Uppf\u00f6randekod<\/h3>\n<p>Uppf\u00f6randekoden inneh\u00e5ller de etiska riktlinjerna f\u00f6r hur vi agerar inom HI-ND. HI-ND:s m\u00e5l \u00e4r att skapa v\u00e4rde f\u00f6r v\u00e5ra intressenter och att g\u00f6ra detta p\u00e5 ett socialt, ekonomiskt och milj\u00f6m\u00e4ssigt ansvarsfullt s\u00e4tt. F\u00f6r att uppn\u00e5 detta kr\u00e4vs starka finansiella resultat, h\u00e4nsyn till milj\u00f6 och klimat samt ett socialt engagemang.<\/p>\n<p><a href=\"https:\/\/hi-nd.com\/wp-content\/uploads\/2024\/03\/Code-of-Conduct-website.pdf\">Du kan l\u00e4sa v\u00e5r uppf\u00f6randekod h\u00e4r.<\/a><\/p>\n\t\t\n<style>\n#text-2775570580 {\n  text-align: center;\n}\n<\/style>\n\t<\/div>\n\t\n\n\t\t<\/div>\n\t\t\t\t\n<style>\n#col-1247718683 > .col-inner {\n  margin: 150px 0px 0px 0px;\n}\n<\/style>\n\t<\/div>\n\n\t\n\n<\/div>\n\n\t\t<\/div>\n\n\t\t\n<style>\n#section_2043107062 {\n  padding-top: 0px;\n  padding-bottom: 0px;\n  background-color: rgb(247, 247, 247);\n}\n#section_2043107062 .section-bg-overlay {\n  background-color: rgba(255, 255, 255, 0.85);\n}\n<\/style>\n\t<\/section>\n\t\n\n","protected":false},"excerpt":{"rendered":"","protected":false},"author":5,"featured_media":0,"parent":0,"menu_order":0,"comment_status":"closed","ping_status":"closed","template":"","meta":{"footnotes":""},"class_list":["post-6869","page","type-page","status-publish","hentry"],"yoast_head":"<!-- This site is optimized with the Yoast SEO plugin v27.3 - https:\/\/yoast.com\/product\/yoast-seo-wordpress\/ -->\n<title>Uppf\u00f6randekod - HI-ND<\/title>\n<meta name=\"description\" content=\"Uppf\u00f6randekoden inneh\u00e5ller de etiska riktlinjerna f\u00f6r hur vi agerar inom HI-ND. HI-ND:s m\u00e5l \u00e4r att skapa v\u00e4rde f\u00f6r v\u00e5ra intressenter.\" \/>\n<meta name=\"robots\" content=\"index, follow, max-snippet:-1, max-image-preview:large, max-video-preview:-1\" \/>\n<link rel=\"canonical\" href=\"https:\/\/hi-nd.com\/sv\/6869-2\/\" \/>\n<meta property=\"og:locale\" content=\"sv_SE\" \/>\n<meta property=\"og:type\" content=\"article\" \/>\n<meta property=\"og:title\" content=\"Uppf\u00f6randekod - HI-ND\" \/>\n<meta property=\"og:description\" content=\"Uppf\u00f6randekoden inneh\u00e5ller de etiska riktlinjerna f\u00f6r hur vi agerar inom HI-ND. HI-ND:s m\u00e5l \u00e4r att skapa v\u00e4rde f\u00f6r v\u00e5ra intressenter.\" \/>\n<meta property=\"og:url\" content=\"https:\/\/hi-nd.com\/sv\/6869-2\/\" \/>\n<meta property=\"og:site_name\" content=\"HI-ND\" \/>\n<meta property=\"article:modified_time\" content=\"2024-10-17T12:54:45+00:00\" \/>\n<meta name=\"twitter:card\" content=\"summary_large_image\" \/>\n<meta name=\"twitter:label1\" content=\"Ber\u00e4knad l\u00e4stid\" \/>\n\t<meta name=\"twitter:data1\" content=\"1 minut\" \/>\n<script type=\"application\/ld+json\" class=\"yoast-schema-graph\">{\"@context\":\"https:\\\/\\\/schema.org\",\"@graph\":[{\"@type\":\"WebPage\",\"@id\":\"https:\\\/\\\/hi-nd.com\\\/sv\\\/6869-2\\\/\",\"url\":\"https:\\\/\\\/hi-nd.com\\\/sv\\\/6869-2\\\/\",\"name\":\"Uppf\u00f6randekod - HI-ND\",\"isPartOf\":{\"@id\":\"https:\\\/\\\/hi-nd.com\\\/#website\"},\"datePublished\":\"2024-03-11T10:13:37+00:00\",\"dateModified\":\"2024-10-17T12:54:45+00:00\",\"description\":\"Uppf\u00f6randekoden inneh\u00e5ller de etiska riktlinjerna f\u00f6r hur vi agerar inom HI-ND. HI-ND:s m\u00e5l \u00e4r att skapa v\u00e4rde f\u00f6r v\u00e5ra intressenter.\",\"breadcrumb\":{\"@id\":\"https:\\\/\\\/hi-nd.com\\\/sv\\\/6869-2\\\/#breadcrumb\"},\"inLanguage\":\"sv-SE\",\"potentialAction\":[{\"@type\":\"ReadAction\",\"target\":[\"https:\\\/\\\/hi-nd.com\\\/sv\\\/6869-2\\\/\"]}]},{\"@type\":\"BreadcrumbList\",\"@id\":\"https:\\\/\\\/hi-nd.com\\\/sv\\\/6869-2\\\/#breadcrumb\",\"itemListElement\":[{\"@type\":\"ListItem\",\"position\":1,\"name\":\"Home\",\"item\":\"https:\\\/\\\/hi-nd.com\\\/sv\\\/\"},{\"@type\":\"ListItem\",\"position\":2,\"name\":\"Uppf\u00f6randekod\"}]},{\"@type\":\"WebSite\",\"@id\":\"https:\\\/\\\/hi-nd.com\\\/#website\",\"url\":\"https:\\\/\\\/hi-nd.com\\\/\",\"name\":\"HI-ND\",\"description\":\"Mounting Solutions\",\"potentialAction\":[{\"@type\":\"SearchAction\",\"target\":{\"@type\":\"EntryPoint\",\"urlTemplate\":\"https:\\\/\\\/hi-nd.com\\\/?s={search_term_string}\"},\"query-input\":{\"@type\":\"PropertyValueSpecification\",\"valueRequired\":true,\"valueName\":\"search_term_string\"}}],\"inLanguage\":\"sv-SE\"}]}<\/script>\n<!-- \/ Yoast SEO plugin. -->","yoast_head_json":{"title":"Uppf\u00f6randekod - HI-ND","description":"Uppf\u00f6randekoden inneh\u00e5ller de etiska riktlinjerna f\u00f6r hur vi agerar inom HI-ND. HI-ND:s m\u00e5l \u00e4r att skapa v\u00e4rde f\u00f6r v\u00e5ra intressenter.","robots":{"index":"index","follow":"follow","max-snippet":"max-snippet:-1","max-image-preview":"max-image-preview:large","max-video-preview":"max-video-preview:-1"},"canonical":"https:\/\/hi-nd.com\/sv\/6869-2\/","og_locale":"sv_SE","og_type":"article","og_title":"Uppf\u00f6randekod - HI-ND","og_description":"Uppf\u00f6randekoden inneh\u00e5ller de etiska riktlinjerna f\u00f6r hur vi agerar inom HI-ND. HI-ND:s m\u00e5l \u00e4r att skapa v\u00e4rde f\u00f6r v\u00e5ra intressenter.","og_url":"https:\/\/hi-nd.com\/sv\/6869-2\/","og_site_name":"HI-ND","article_modified_time":"2024-10-17T12:54:45+00:00","twitter_card":"summary_large_image","twitter_misc":{"Ber\u00e4knad l\u00e4stid":"1 minut"},"schema":{"@context":"https:\/\/schema.org","@graph":[{"@type":"WebPage","@id":"https:\/\/hi-nd.com\/sv\/6869-2\/","url":"https:\/\/hi-nd.com\/sv\/6869-2\/","name":"Uppf\u00f6randekod - HI-ND","isPartOf":{"@id":"https:\/\/hi-nd.com\/#website"},"datePublished":"2024-03-11T10:13:37+00:00","dateModified":"2024-10-17T12:54:45+00:00","description":"Uppf\u00f6randekoden inneh\u00e5ller de etiska riktlinjerna f\u00f6r hur vi agerar inom HI-ND. HI-ND:s m\u00e5l \u00e4r att skapa v\u00e4rde f\u00f6r v\u00e5ra intressenter.","breadcrumb":{"@id":"https:\/\/hi-nd.com\/sv\/6869-2\/#breadcrumb"},"inLanguage":"sv-SE","potentialAction":[{"@type":"ReadAction","target":["https:\/\/hi-nd.com\/sv\/6869-2\/"]}]},{"@type":"BreadcrumbList","@id":"https:\/\/hi-nd.com\/sv\/6869-2\/#breadcrumb","itemListElement":[{"@type":"ListItem","position":1,"name":"Home","item":"https:\/\/hi-nd.com\/sv\/"},{"@type":"ListItem","position":2,"name":"Uppf\u00f6randekod"}]},{"@type":"WebSite","@id":"https:\/\/hi-nd.com\/#website","url":"https:\/\/hi-nd.com\/","name":"HI-ND","description":"Mounting Solutions","potentialAction":[{"@type":"SearchAction","target":{"@type":"EntryPoint","urlTemplate":"https:\/\/hi-nd.com\/?s={search_term_string}"},"query-input":{"@type":"PropertyValueSpecification","valueRequired":true,"valueName":"search_term_string"}}],"inLanguage":"sv-SE"}]}},"_links":{"self":[{"href":"https:\/\/hi-nd.com\/sv\/wp-json\/wp\/v2\/pages\/6869","targetHints":{"allow":["GET"]}}],"collection":[{"href":"https:\/\/hi-nd.com\/sv\/wp-json\/wp\/v2\/pages"}],"about":[{"href":"https:\/\/hi-nd.com\/sv\/wp-json\/wp\/v2\/types\/page"}],"author":[{"embeddable":true,"href":"https:\/\/hi-nd.com\/sv\/wp-json\/wp\/v2\/users\/5"}],"replies":[{"embeddable":true,"href":"https:\/\/hi-nd.com\/sv\/wp-json\/wp\/v2\/comments?post=6869"}],"version-history":[{"count":8,"href":"https:\/\/hi-nd.com\/sv\/wp-json\/wp\/v2\/pages\/6869\/revisions"}],"predecessor-version":[{"id":7723,"href":"https:\/\/hi-nd.com\/sv\/wp-json\/wp\/v2\/pages\/6869\/revisions\/7723"}],"wp:attachment":[{"href":"https:\/\/hi-nd.com\/sv\/wp-json\/wp\/v2\/media?parent=6869"}],"curies":[{"name":"wp","href":"https:\/\/api.w.org\/{rel}","templated":true}]}}